



{"id":285,"date":"2015-10-07T09:13:53","date_gmt":"2015-10-07T07:13:53","guid":{"rendered":"http:\/\/www.4h.se\/mall\/?page_id=285"},"modified":"2025-09-08T09:02:25","modified_gmt":"2025-09-08T07:02:25","slug":"bli-medlem","status":"publish","type":"page","link":"https:\/\/www.4h.se\/eolshall\/bli-medlem\/","title":{"rendered":"Bli medlem"},"content":{"rendered":"<div class=\"wpb-content-wrapper\"><p>[vc_row][vc_column][vc_column_text css=&#8221;&#8221;]<\/p>\n<h1 style=\"text-align: left\">Bli medlem i 4H och Eolsh\u00e4lls 4H-klubb<\/h1>\n<p>[\/vc_column_text][\/vc_column][\/vc_row][vc_row][vc_column css=&#8221;.vc_custom_1736187152651{padding-top: 35px !important;}&#8221;][vc_single_image image=&#8221;1164&#8243; img_size=&#8221;300&#215;300&#8243; style=&#8221;vc_box_circle_2&#8243; css=&#8221;&#8221;][\/vc_column][\/vc_row][vc_row][vc_column css=&#8221;.vc_custom_1736187123652{padding-top: 20px !important;}&#8221;][vc_column_text css=&#8221;&#8221;]Som medlem i 4H \u00e4r du v\u00e4lkommen att delta p\u00e5 organisationens alla arrangemang.<\/p>\n<p>Du omfattas ocks\u00e5 av en kollektiv olycksfallsf\u00f6rs\u00e4kring som g\u00e4ller p\u00e5 4H:s samtliga aktiviteter.<\/p>\n<p>V\u00e5r m\u00e5lgrupp f\u00f6r verksamheten \u00e4r barn och unga 6-25 \u00e5r, men alla \u00e4r v\u00e4lkomna som medlemmar!<\/p>\n<p>&nbsp;<\/p>\n<h4><span style=\"color: #000000;\">Priser<\/span><\/h4>\n<p>Barn\/ungdom under 26 \u00e5r 320kr<\/p>\n<p>Vuxen \u00f6ver 26 \u00e5r 450kr<\/p>\n<p>Medlemskapet g\u00e4ller hela \u00e5ret.<\/p>\n<div id=\"embedded-root\"><\/div>\n<p><script>   (function () {     window.ANTRIBE_EMBED = {       organizationSlug: '4h',     };   })(); <\/script> <script src=\"https:\/\/antribe.com\/embed\/app.js\"><\/script>[\/vc_column_text][\/vc_column][\/vc_row]<\/p>\n<\/div>","protected":false},"excerpt":{"rendered":"<p>[vc_row][vc_column][vc_column_text css=&#8221;&#8221;] Bli medlem i 4H och Eolsh\u00e4lls 4H-klubb [\/vc_column_text][\/vc_column][\/vc_row][vc_row][vc_column css=&#8221;.vc_custom_1736187152651{padding-top: 35px !important;}&#8221;][vc_single_image image=&#8221;1164&#8243; img_size=&#8221;300&#215;300&#8243; style=&#8221;vc_box_circle_2&#8243; css=&#8221;&#8221;][\/vc_column][\/vc_row][vc_row][vc_column css=&#8221;.vc_custom_1736187123652{padding-top: 20px !important;}&#8221;][vc_column_text css=&#8221;&#8221;]Som medlem i 4H \u00e4r du v\u00e4lkommen att delta p\u00e5 organisationens alla arrangemang. Du omfattas ocks\u00e5 av en kollektiv olycksfallsf\u00f6rs\u00e4kring som g\u00e4ller p\u00e5 4H:s samtliga aktiviteter. V\u00e5r m\u00e5lgrupp f\u00f6r verksamheten \u00e4r barn och unga 6-25&nbsp; <a href=\"https:\/\/www.4h.se\/eolshall\/bli-medlem\/\">&hellip; Read more <i class=\"glyphicon glyphicon-arrow-right\"><\/i><\/a><\/p>\n","protected":false},"author":1,"featured_media":0,"parent":0,"menu_order":155,"comment_status":"closed","ping_status":"closed","template":"","meta":{"footnotes":""},"class_list":["post-285","page","type-page","status-publish","hentry"],"yoast_head":"<!-- This site is optimized with the Yoast SEO plugin v27.4 - https:\/\/yoast.com\/product\/yoast-seo-wordpress\/ -->\n<title>Bli medlem - Eolsh\u00e4lls 4H-g\u00e5rd<\/title>\n<meta name=\"robots\" content=\"index, follow, max-snippet:-1, max-image-preview:large, max-video-preview:-1\" \/>\n<link rel=\"canonical\" href=\"https:\/\/www.4h.se\/eolshall\/bli-medlem\/\" \/>\n<meta property=\"og:locale\" content=\"sv_SE\" \/>\n<meta property=\"og:type\" content=\"article\" \/>\n<meta property=\"og:title\" content=\"Bli medlem - Eolsh\u00e4lls 4H-g\u00e5rd\" \/>\n<meta property=\"og:description\" content=\"[vc_row][vc_column][vc_column_text css=&#8221;&#8221;] Bli medlem i 4H och Eolsh\u00e4lls 4H-klubb [\/vc_column_text][\/vc_column][\/vc_row][vc_row][vc_column css=&#8221;.vc_custom_1736187152651{padding-top: 35px !important;}&#8221;][vc_single_image image=&#8221;1164&#8243; img_size=&#8221;300&#215;300&#8243; style=&#8221;vc_box_circle_2&#8243; css=&#8221;&#8221;][\/vc_column][\/vc_row][vc_row][vc_column css=&#8221;.vc_custom_1736187123652{padding-top: 20px !important;}&#8221;][vc_column_text css=&#8221;&#8221;]Som medlem i 4H \u00e4r du v\u00e4lkommen att delta p\u00e5 organisationens alla arrangemang. Du omfattas ocks\u00e5 av en kollektiv olycksfallsf\u00f6rs\u00e4kring som g\u00e4ller p\u00e5 4H:s samtliga aktiviteter. V\u00e5r m\u00e5lgrupp f\u00f6r verksamheten \u00e4r barn och unga 6-25&nbsp; &hellip; Read more\" \/>\n<meta property=\"og:url\" content=\"https:\/\/www.4h.se\/eolshall\/bli-medlem\/\" \/>\n<meta property=\"og:site_name\" content=\"Eolsh\u00e4lls 4H-g\u00e5rd\" \/>\n<meta property=\"article:modified_time\" content=\"2025-09-08T07:02:25+00:00\" \/>\n<meta name=\"twitter:card\" content=\"summary_large_image\" \/>\n<meta name=\"twitter:label1\" content=\"Ber\u00e4knad l\u00e4stid\" \/>\n\t<meta name=\"twitter:data1\" content=\"1 minut\" \/>\n<script type=\"application\/ld+json\" class=\"yoast-schema-graph\">{\"@context\":\"https:\\\/\\\/schema.org\",\"@graph\":[{\"@type\":\"WebPage\",\"@id\":\"https:\\\/\\\/www.4h.se\\\/eolshall\\\/bli-medlem\\\/\",\"url\":\"https:\\\/\\\/www.4h.se\\\/eolshall\\\/bli-medlem\\\/\",\"name\":\"Bli medlem - Eolsh\u00e4lls 4H-g\u00e5rd\",\"isPartOf\":{\"@id\":\"https:\\\/\\\/www.4h.se\\\/eolshall\\\/#website\"},\"datePublished\":\"2015-10-07T07:13:53+00:00\",\"dateModified\":\"2025-09-08T07:02:25+00:00\",\"breadcrumb\":{\"@id\":\"https:\\\/\\\/www.4h.se\\\/eolshall\\\/bli-medlem\\\/#breadcrumb\"},\"inLanguage\":\"sv-SE\",\"potentialAction\":[{\"@type\":\"ReadAction\",\"target\":[\"https:\\\/\\\/www.4h.se\\\/eolshall\\\/bli-medlem\\\/\"]}]},{\"@type\":\"BreadcrumbList\",\"@id\":\"https:\\\/\\\/www.4h.se\\\/eolshall\\\/bli-medlem\\\/#breadcrumb\",\"itemListElement\":[{\"@type\":\"ListItem\",\"position\":1,\"name\":\"Hem\",\"item\":\"https:\\\/\\\/www.4h.se\\\/eolshall\\\/\"},{\"@type\":\"ListItem\",\"position\":2,\"name\":\"Bli medlem\"}]},{\"@type\":\"WebSite\",\"@id\":\"https:\\\/\\\/www.4h.se\\\/eolshall\\\/#website\",\"url\":\"https:\\\/\\\/www.4h.se\\\/eolshall\\\/\",\"name\":\"Eolsh\u00e4lls 4H-g\u00e5rd\",\"description\":\"\",\"potentialAction\":[{\"@type\":\"SearchAction\",\"target\":{\"@type\":\"EntryPoint\",\"urlTemplate\":\"https:\\\/\\\/www.4h.se\\\/eolshall\\\/?s={search_term_string}\"},\"query-input\":{\"@type\":\"PropertyValueSpecification\",\"valueRequired\":true,\"valueName\":\"search_term_string\"}}],\"inLanguage\":\"sv-SE\"}]}<\/script>\n<!-- \/ Yoast SEO plugin. -->","yoast_head_json":{"title":"Bli medlem - Eolsh\u00e4lls 4H-g\u00e5rd","robots":{"index":"index","follow":"follow","max-snippet":"max-snippet:-1","max-image-preview":"max-image-preview:large","max-video-preview":"max-video-preview:-1"},"canonical":"https:\/\/www.4h.se\/eolshall\/bli-medlem\/","og_locale":"sv_SE","og_type":"article","og_title":"Bli medlem - Eolsh\u00e4lls 4H-g\u00e5rd","og_description":"[vc_row][vc_column][vc_column_text css=&#8221;&#8221;] Bli medlem i 4H och Eolsh\u00e4lls 4H-klubb [\/vc_column_text][\/vc_column][\/vc_row][vc_row][vc_column css=&#8221;.vc_custom_1736187152651{padding-top: 35px !important;}&#8221;][vc_single_image image=&#8221;1164&#8243; img_size=&#8221;300&#215;300&#8243; style=&#8221;vc_box_circle_2&#8243; css=&#8221;&#8221;][\/vc_column][\/vc_row][vc_row][vc_column css=&#8221;.vc_custom_1736187123652{padding-top: 20px !important;}&#8221;][vc_column_text css=&#8221;&#8221;]Som medlem i 4H \u00e4r du v\u00e4lkommen att delta p\u00e5 organisationens alla arrangemang. Du omfattas ocks\u00e5 av en kollektiv olycksfallsf\u00f6rs\u00e4kring som g\u00e4ller p\u00e5 4H:s samtliga aktiviteter. V\u00e5r m\u00e5lgrupp f\u00f6r verksamheten \u00e4r barn och unga 6-25&nbsp; &hellip; Read more","og_url":"https:\/\/www.4h.se\/eolshall\/bli-medlem\/","og_site_name":"Eolsh\u00e4lls 4H-g\u00e5rd","article_modified_time":"2025-09-08T07:02:25+00:00","twitter_card":"summary_large_image","twitter_misc":{"Ber\u00e4knad l\u00e4stid":"1 minut"},"schema":{"@context":"https:\/\/schema.org","@graph":[{"@type":"WebPage","@id":"https:\/\/www.4h.se\/eolshall\/bli-medlem\/","url":"https:\/\/www.4h.se\/eolshall\/bli-medlem\/","name":"Bli medlem - Eolsh\u00e4lls 4H-g\u00e5rd","isPartOf":{"@id":"https:\/\/www.4h.se\/eolshall\/#website"},"datePublished":"2015-10-07T07:13:53+00:00","dateModified":"2025-09-08T07:02:25+00:00","breadcrumb":{"@id":"https:\/\/www.4h.se\/eolshall\/bli-medlem\/#breadcrumb"},"inLanguage":"sv-SE","potentialAction":[{"@type":"ReadAction","target":["https:\/\/www.4h.se\/eolshall\/bli-medlem\/"]}]},{"@type":"BreadcrumbList","@id":"https:\/\/www.4h.se\/eolshall\/bli-medlem\/#breadcrumb","itemListElement":[{"@type":"ListItem","position":1,"name":"Hem","item":"https:\/\/www.4h.se\/eolshall\/"},{"@type":"ListItem","position":2,"name":"Bli medlem"}]},{"@type":"WebSite","@id":"https:\/\/www.4h.se\/eolshall\/#website","url":"https:\/\/www.4h.se\/eolshall\/","name":"Eolsh\u00e4lls 4H-g\u00e5rd","description":"","potentialAction":[{"@type":"SearchAction","target":{"@type":"EntryPoint","urlTemplate":"https:\/\/www.4h.se\/eolshall\/?s={search_term_string}"},"query-input":{"@type":"PropertyValueSpecification","valueRequired":true,"valueName":"search_term_string"}}],"inLanguage":"sv-SE"}]}},"_links":{"self":[{"href":"https:\/\/www.4h.se\/eolshall\/wp-json\/wp\/v2\/pages\/285","targetHints":{"allow":["GET"]}}],"collection":[{"href":"https:\/\/www.4h.se\/eolshall\/wp-json\/wp\/v2\/pages"}],"about":[{"href":"https:\/\/www.4h.se\/eolshall\/wp-json\/wp\/v2\/types\/page"}],"author":[{"embeddable":true,"href":"https:\/\/www.4h.se\/eolshall\/wp-json\/wp\/v2\/users\/1"}],"replies":[{"embeddable":true,"href":"https:\/\/www.4h.se\/eolshall\/wp-json\/wp\/v2\/comments?post=285"}],"version-history":[{"count":0,"href":"https:\/\/www.4h.se\/eolshall\/wp-json\/wp\/v2\/pages\/285\/revisions"}],"wp:attachment":[{"href":"https:\/\/www.4h.se\/eolshall\/wp-json\/wp\/v2\/media?parent=285"}],"curies":[{"name":"wp","href":"https:\/\/api.w.org\/{rel}","templated":true}]}}