



{"id":1507,"date":"2025-03-12T14:26:52","date_gmt":"2025-03-12T13:26:52","guid":{"rendered":"https:\/\/www.4h.se\/eolshall\/?page_id=1507"},"modified":"2025-04-02T16:35:11","modified_gmt":"2025-04-02T14:35:11","slug":"varmarknad","status":"publish","type":"page","link":"https:\/\/www.4h.se\/eolshall\/varmarknad\/","title":{"rendered":"V\u00e5rmarknad"},"content":{"rendered":"<div class=\"wpb-content-wrapper\"><p>[vc_row][vc_column][vc_single_image image=&#8221;1509&#8243; img_size=&#8221;full&#8221; css=&#8221;&#8221;][\/vc_column][\/vc_row][vc_row][vc_column][vc_column_text css=&#8221;&#8221;]<\/p>\n<h1>V\u00e5rmarknad<\/h1>\n<p>&nbsp;<\/p>\n<p>Vi omfamnar den nya \u00e5rstiden med:<\/p>\n<ul>\n<li>Caf\u00e9<\/li>\n<li>Grill<\/li>\n<li>Marknad<\/li>\n<li>Workshops i tr\u00e4dg\u00e5rd och hantverk<\/li>\n<li>Klapphage<\/li>\n<\/ul>\n<p>&nbsp;<\/p>\n<h4>h\u00e5lltider<\/h4>\n<p>12:00 Grillen \u00e4r t\u00e4nd<\/p>\n<p>12:00-13:00 Klapphage<\/p>\n<p>13:00-13:30 P\u00e5 uppt\u00e4cktsf\u00e4rd i tr\u00e4dg\u00e5rden f\u00f6r barn 3-6 \u00e5r och deras vuxna<\/p>\n<p>13:45-14:15 Tr\u00e4dg\u00e5rds-workshop f\u00f6r vuxna<\/p>\n<p>14:00-15:00 Klapphage<\/p>\n<p>14:00-15:00 Hantverks-workshop<\/p>\n<p>&nbsp;<\/p>\n<h4>P\u00e5 uppt\u00e4cktsf\u00e4rd i tr\u00e4dg\u00e5rden (barn 3-6 \u00e5r):<\/h4>\n<div class=\"x_elementToProof\">Vad h\u00e5ller maskarna p\u00e5 med? Vem \u00e4r det som surrar? Kom och gr\u00e4v i jorden, spana in i insektshotellet och s\u00e5 n\u00e5gra fr\u00f6n.<\/div>\n<div><a href=\"https:\/\/www.4h.se\/eolshall\/tradgard\">L\u00e4s mer om v\u00e5ra tr\u00e4dg\u00e5rdskurser<\/a><\/div>\n<div class=\"x_elementToProof\"><\/div>\n<h4 class=\"x_elementToProof\">Kompostering och t\u00e4ckodling (vuxna):<\/h4>\n<div class=\"x_elementToProof\">Hur fungerar egentligen en kompost? Hur g\u00f6r jag f\u00f6r att den ska fungera s\u00e5 bra som m\u00f6jligt? F\u00f6rdelar (och nackdelar) med t\u00e4ckodling. Kom och f\u00e5 lite tips och inspiration.<\/div>\n<p><a href=\"https:\/\/www.4h.se\/eolshall\/tradgard\">L\u00e4s mer om v\u00e5ra tr\u00e4dg\u00e5rdskurser<\/a><\/p>\n<p>&nbsp;<\/p>\n<h4>N\u00e4r?<\/h4>\n<p>27 april kl 12-16<\/p>\n<p>&nbsp;<\/p>\n<h4>Var?<\/h4>\n<p>Eolsh\u00e4llsv\u00e4gen 10<\/p>\n<p>Parkering p\u00e5 ridbanan<\/p>\n<p>&nbsp;<\/p>\n<h3>Varmt v\u00e4lkomna!<\/h3>\n<p>[\/vc_column_text][\/vc_column][\/vc_row]<\/p>\n<\/div>","protected":false},"excerpt":{"rendered":"<p>[vc_row][vc_column][vc_single_image image=&#8221;1509&#8243; img_size=&#8221;full&#8221; css=&#8221;&#8221;][\/vc_column][\/vc_row][vc_row][vc_column][vc_column_text css=&#8221;&#8221;] V\u00e5rmarknad &nbsp; Vi omfamnar den nya \u00e5rstiden med: Caf\u00e9 Grill Marknad Workshops i tr\u00e4dg\u00e5rd och hantverk Klapphage &nbsp; h\u00e5lltider 12:00 Grillen \u00e4r t\u00e4nd 12:00-13:00 Klapphage 13:00-13:30 P\u00e5 uppt\u00e4cktsf\u00e4rd i tr\u00e4dg\u00e5rden f\u00f6r barn 3-6 \u00e5r och deras vuxna 13:45-14:15 Tr\u00e4dg\u00e5rds-workshop f\u00f6r vuxna 14:00-15:00 Klapphage 14:00-15:00 Hantverks-workshop &nbsp; P\u00e5 uppt\u00e4cktsf\u00e4rd i tr\u00e4dg\u00e5rden&nbsp; <a href=\"https:\/\/www.4h.se\/eolshall\/varmarknad\/\">&hellip; Read more <i class=\"glyphicon glyphicon-arrow-right\"><\/i><\/a><\/p>\n","protected":false},"author":162,"featured_media":0,"parent":0,"menu_order":0,"comment_status":"closed","ping_status":"closed","template":"","meta":{"_acf_changed":false,"footnotes":""},"class_list":["post-1507","page","type-page","status-publish","hentry"],"acf":[],"yoast_head":"<!-- This site is optimized with the Yoast SEO plugin v27.5 - https:\/\/yoast.com\/product\/yoast-seo-wordpress\/ -->\n<title>V\u00e5rmarknad - Eolsh\u00e4lls 4H-g\u00e5rd<\/title>\n<meta name=\"description\" content=\"marknad h\u00e4gersten 4h klappa djur aktiviteter barn tr\u00e4dg\u00e5rd odling axelsberg m\u00e4larh\u00f6jden 4h-g\u00e5rd stockholm stall bondg\u00e5rd grill caf\u00e9 g\u00e5rd\" \/>\n<meta name=\"robots\" content=\"index, follow, max-snippet:-1, max-image-preview:large, max-video-preview:-1\" \/>\n<link rel=\"canonical\" href=\"https:\/\/www.4h.se\/eolshall\/varmarknad\/\" \/>\n<meta property=\"og:locale\" content=\"sv_SE\" \/>\n<meta property=\"og:type\" content=\"article\" \/>\n<meta property=\"og:title\" content=\"V\u00e5rmarknad - Eolsh\u00e4lls 4H-g\u00e5rd\" \/>\n<meta property=\"og:description\" content=\"marknad h\u00e4gersten 4h klappa djur aktiviteter barn tr\u00e4dg\u00e5rd odling axelsberg m\u00e4larh\u00f6jden 4h-g\u00e5rd stockholm stall bondg\u00e5rd grill caf\u00e9 g\u00e5rd\" \/>\n<meta property=\"og:url\" content=\"https:\/\/www.4h.se\/eolshall\/varmarknad\/\" \/>\n<meta property=\"og:site_name\" content=\"Eolsh\u00e4lls 4H-g\u00e5rd\" \/>\n<meta property=\"article:modified_time\" content=\"2025-04-02T14:35:11+00:00\" \/>\n<meta name=\"twitter:card\" content=\"summary_large_image\" \/>\n<script type=\"application\/ld+json\" class=\"yoast-schema-graph\">{\"@context\":\"https:\\\/\\\/schema.org\",\"@graph\":[{\"@type\":\"WebPage\",\"@id\":\"https:\\\/\\\/www.4h.se\\\/eolshall\\\/varmarknad\\\/\",\"url\":\"https:\\\/\\\/www.4h.se\\\/eolshall\\\/varmarknad\\\/\",\"name\":\"V\u00e5rmarknad - Eolsh\u00e4lls 4H-g\u00e5rd\",\"isPartOf\":{\"@id\":\"https:\\\/\\\/www.4h.se\\\/eolshall\\\/#website\"},\"datePublished\":\"2025-03-12T13:26:52+00:00\",\"dateModified\":\"2025-04-02T14:35:11+00:00\",\"description\":\"marknad h\u00e4gersten 4h klappa djur aktiviteter barn tr\u00e4dg\u00e5rd odling axelsberg m\u00e4larh\u00f6jden 4h-g\u00e5rd stockholm stall bondg\u00e5rd grill caf\u00e9 g\u00e5rd\",\"breadcrumb\":{\"@id\":\"https:\\\/\\\/www.4h.se\\\/eolshall\\\/varmarknad\\\/#breadcrumb\"},\"inLanguage\":\"sv-SE\",\"potentialAction\":[{\"@type\":\"ReadAction\",\"target\":[\"https:\\\/\\\/www.4h.se\\\/eolshall\\\/varmarknad\\\/\"]}]},{\"@type\":\"BreadcrumbList\",\"@id\":\"https:\\\/\\\/www.4h.se\\\/eolshall\\\/varmarknad\\\/#breadcrumb\",\"itemListElement\":[{\"@type\":\"ListItem\",\"position\":1,\"name\":\"Hem\",\"item\":\"https:\\\/\\\/www.4h.se\\\/eolshall\\\/\"},{\"@type\":\"ListItem\",\"position\":2,\"name\":\"V\u00e5rmarknad\"}]},{\"@type\":\"WebSite\",\"@id\":\"https:\\\/\\\/www.4h.se\\\/eolshall\\\/#website\",\"url\":\"https:\\\/\\\/www.4h.se\\\/eolshall\\\/\",\"name\":\"Eolsh\u00e4lls 4H-g\u00e5rd\",\"description\":\"\",\"potentialAction\":[{\"@type\":\"SearchAction\",\"target\":{\"@type\":\"EntryPoint\",\"urlTemplate\":\"https:\\\/\\\/www.4h.se\\\/eolshall\\\/?s={search_term_string}\"},\"query-input\":{\"@type\":\"PropertyValueSpecification\",\"valueRequired\":true,\"valueName\":\"search_term_string\"}}],\"inLanguage\":\"sv-SE\"}]}<\/script>\n<!-- \/ Yoast SEO plugin. -->","yoast_head_json":{"title":"V\u00e5rmarknad - Eolsh\u00e4lls 4H-g\u00e5rd","description":"marknad h\u00e4gersten 4h klappa djur aktiviteter barn tr\u00e4dg\u00e5rd odling axelsberg m\u00e4larh\u00f6jden 4h-g\u00e5rd stockholm stall bondg\u00e5rd grill caf\u00e9 g\u00e5rd","robots":{"index":"index","follow":"follow","max-snippet":"max-snippet:-1","max-image-preview":"max-image-preview:large","max-video-preview":"max-video-preview:-1"},"canonical":"https:\/\/www.4h.se\/eolshall\/varmarknad\/","og_locale":"sv_SE","og_type":"article","og_title":"V\u00e5rmarknad - Eolsh\u00e4lls 4H-g\u00e5rd","og_description":"marknad h\u00e4gersten 4h klappa djur aktiviteter barn tr\u00e4dg\u00e5rd odling axelsberg m\u00e4larh\u00f6jden 4h-g\u00e5rd stockholm stall bondg\u00e5rd grill caf\u00e9 g\u00e5rd","og_url":"https:\/\/www.4h.se\/eolshall\/varmarknad\/","og_site_name":"Eolsh\u00e4lls 4H-g\u00e5rd","article_modified_time":"2025-04-02T14:35:11+00:00","twitter_card":"summary_large_image","schema":{"@context":"https:\/\/schema.org","@graph":[{"@type":"WebPage","@id":"https:\/\/www.4h.se\/eolshall\/varmarknad\/","url":"https:\/\/www.4h.se\/eolshall\/varmarknad\/","name":"V\u00e5rmarknad - Eolsh\u00e4lls 4H-g\u00e5rd","isPartOf":{"@id":"https:\/\/www.4h.se\/eolshall\/#website"},"datePublished":"2025-03-12T13:26:52+00:00","dateModified":"2025-04-02T14:35:11+00:00","description":"marknad h\u00e4gersten 4h klappa djur aktiviteter barn tr\u00e4dg\u00e5rd odling axelsberg m\u00e4larh\u00f6jden 4h-g\u00e5rd stockholm stall bondg\u00e5rd grill caf\u00e9 g\u00e5rd","breadcrumb":{"@id":"https:\/\/www.4h.se\/eolshall\/varmarknad\/#breadcrumb"},"inLanguage":"sv-SE","potentialAction":[{"@type":"ReadAction","target":["https:\/\/www.4h.se\/eolshall\/varmarknad\/"]}]},{"@type":"BreadcrumbList","@id":"https:\/\/www.4h.se\/eolshall\/varmarknad\/#breadcrumb","itemListElement":[{"@type":"ListItem","position":1,"name":"Hem","item":"https:\/\/www.4h.se\/eolshall\/"},{"@type":"ListItem","position":2,"name":"V\u00e5rmarknad"}]},{"@type":"WebSite","@id":"https:\/\/www.4h.se\/eolshall\/#website","url":"https:\/\/www.4h.se\/eolshall\/","name":"Eolsh\u00e4lls 4H-g\u00e5rd","description":"","potentialAction":[{"@type":"SearchAction","target":{"@type":"EntryPoint","urlTemplate":"https:\/\/www.4h.se\/eolshall\/?s={search_term_string}"},"query-input":{"@type":"PropertyValueSpecification","valueRequired":true,"valueName":"search_term_string"}}],"inLanguage":"sv-SE"}]}},"_links":{"self":[{"href":"https:\/\/www.4h.se\/eolshall\/wp-json\/wp\/v2\/pages\/1507","targetHints":{"allow":["GET"]}}],"collection":[{"href":"https:\/\/www.4h.se\/eolshall\/wp-json\/wp\/v2\/pages"}],"about":[{"href":"https:\/\/www.4h.se\/eolshall\/wp-json\/wp\/v2\/types\/page"}],"author":[{"embeddable":true,"href":"https:\/\/www.4h.se\/eolshall\/wp-json\/wp\/v2\/users\/162"}],"replies":[{"embeddable":true,"href":"https:\/\/www.4h.se\/eolshall\/wp-json\/wp\/v2\/comments?post=1507"}],"version-history":[{"count":0,"href":"https:\/\/www.4h.se\/eolshall\/wp-json\/wp\/v2\/pages\/1507\/revisions"}],"wp:attachment":[{"href":"https:\/\/www.4h.se\/eolshall\/wp-json\/wp\/v2\/media?parent=1507"}],"curies":[{"name":"wp","href":"https:\/\/api.w.org\/{rel}","templated":true}]}}