



{"id":1470,"date":"2024-10-29T17:00:15","date_gmt":"2024-10-29T16:00:15","guid":{"rendered":"https:\/\/www.4h.se\/eolshall\/?page_id=1470"},"modified":"2025-02-03T21:27:40","modified_gmt":"2025-02-03T20:27:40","slug":"krav-for-inackorderingar","status":"publish","type":"page","link":"https:\/\/www.4h.se\/eolshall\/krav-for-inackorderingar\/","title":{"rendered":"Krav f\u00f6r inackorderingar"},"content":{"rendered":"<div class=\"wpb-content-wrapper\"><p>[vc_row][vc_column][vc_column_text css=&#8221;&#8221;]<\/p>\n<h1>Krav vid inackordering av kanin p\u00e5 Eolsh\u00e4lls 4H-g\u00e5rd<\/h1>\n<p>Dessa krav \u00e4r till f\u00f6r att vi som g\u00e5rd inte ska ha sjuka eller vanv\u00e5rdade kaniner i v\u00e5r verksamhet. Vi m\u00e5ste h\u00e5lla en h\u00f6g standard f\u00f6r djurh\u00e4lsa.<\/p>\n<p>Din kanin kommer att g\u00e5s igenom vid l\u00e4mning. Du kommer d\u00e5 f\u00e5 reda p\u00e5 det du kan komma att debiteras f\u00f6r.<\/p>\n<ul>\n<li>Din kanin f\u00e5r inte ha f\u00f6r l\u00e5nga klor. Om du \u00f6nskar kloklippning kryssar du i rutan p\u00e5 formul\u00e4ret f\u00f6r viktig information n\u00e4r du l\u00e4mnar din kanin. Om du inte har valt kloklippning och din kanin har f\u00f6r l\u00e5nga klor kommer klorna att klippas och du kommer bli debiterad f\u00f6r det. Kloklippning kostar 60kr. Om din kanin stannar l\u00e4nge kan kaninens klor komma att beh\u00f6vas klippas flera g\u00e5nger baserat p\u00e5 hur fort klorna v\u00e4xer.<\/li>\n<li>\u00c4r din kanin l\u00e5ngh\u00e5rig m\u00e5ste den komma till g\u00e5rden rakad.<\/li>\n<li>F\u00e4ller kaninen mycket p\u00e4ls och \u00e4r i behov av borstning m\u00e5ste du meddela detta. Om kaninen kommer utan att ha meddelat detta kommer vi att utf\u00f6ra p\u00e4lsv\u00e5rd s\u00e5som borstning och klippning av tovor.\n<ul>\n<li>Om din kanin kommer v\u00e4lsk\u00f6tt utan tovor och \u00e4r endast i behov av borstning kostar det 100 kr\/borstning. Om din kanin \u00e4r i behov av bortklippning av tovor tar vi 300kr i grundavgift d\u00e4refter 100kr per p\u00e5b\u00f6rjad 10 minuters period<\/li>\n<\/ul>\n<\/li>\n<li>Din kanin m\u00e5ste vara vaccinerad mot kaninpest och kaningulsot.<\/li>\n<li>Om du tar med din egen bur ska den f\u00f6lja Jordbruksverkets krav f\u00f6r hur stor en kaninbur f\u00e5r vara. Dessa \u00e4r m\u00e5tten:<\/li>\n<\/ul>\n<table>\n<tbody>\n<tr>\n<td width=\"126\">Kaninens vikt<\/td>\n<td width=\"126\">Minsta till\u00e5tna yta<\/td>\n<td width=\"126\">Minsta h\u00f6jd<\/td>\n<td width=\"126\">Minsta m\u00e5tt p\u00e5 kortaste sidan<\/td>\n<\/tr>\n<tr>\n<td width=\"126\">Upp till 2 kg<\/td>\n<td width=\"126\">0,5m\u00b2<\/td>\n<td width=\"126\">0,5m<\/td>\n<td width=\"126\">0,5m<\/td>\n<\/tr>\n<tr>\n<td width=\"126\">2kg upp till 3,5kg<\/td>\n<td width=\"126\">0,7 m\u00b2<\/td>\n<td width=\"126\">0,6m<\/td>\n<td width=\"126\">0,6m<\/td>\n<\/tr>\n<tr>\n<td width=\"126\">3,4kg upp till 4,5 kg<\/td>\n<td width=\"126\">0,8m\u00b2<\/td>\n<td width=\"126\">0,8m<\/td>\n<td width=\"126\">0,7m<\/td>\n<\/tr>\n<tr>\n<td width=\"126\">4,5kg upp till 6kg<\/td>\n<td width=\"126\">0,9m\u00b2<\/td>\n<td width=\"126\">0,8m<\/td>\n<td width=\"126\">0,7m<\/td>\n<\/tr>\n<tr>\n<td width=\"126\">\n<p>\u00d6ver 6kg<\/p>\n<p>&nbsp;<\/td>\n<td width=\"126\">1,0m\u00b2<\/td>\n<td width=\"126\">0,9m<\/td>\n<td width=\"126\">0,8m<\/td>\n<\/tr>\n<\/tbody>\n<\/table>\n<p>Om din bur inte h\u00e5ller dessa krav kommer du beh\u00f6va anv\u00e4nda en av v\u00e5ra. Om vi inte har n\u00e5gra burar lediga kan du nekas din plats.<\/p>\n<h2>information om kloklippning och p\u00e4lsv\u00e5rd fr\u00e5n <a href=\"https:\/\/www.smadjurschansen.se\/inspiration\/\">Sm\u00e5djurschansens hemsida<\/a><\/h2>\n<p>&#8221;M\u00e4nniskan har under \u00e5ren avlat fram kaniner med m\u00e5nga olika typer av p\u00e4lslag. Med detta medf\u00f6r \u00e4ven en h\u00f6g andel kaniner som lider av detta. M\u00e5nga m\u00e4nniskor vet inte hur man p\u00e5 b\u00e4sta s\u00e4tt tar hand om exempelvis en teddyp\u00e4lsad kanin. Det \u00e4r oerh\u00f6rt vanligt att l\u00e5ngp\u00e4lsade kaniner ser v\u00e4lv\u00e5rdade ut och att deras \u00e4gare tror att de gjort ett bra jobb med att borsta kaninen. N\u00e4r man sedan k\u00e4nner igenom kaninen ordentligt, framf\u00f6r allt vid rumpan, kan man ofta k\u00e4nna stora kakor av tovor. Att klippa bort tovor p\u00e5 en kanin \u00e4r vanskligt eftersom de har v\u00e4ldigt elastisk och tunn hud och man riskerar att klippa dem i huden. Man b\u00f6r d\u00e4rf\u00f6r raka bort tovor p\u00e5 kaniner. \u00d6verlag s\u00e5 b\u00f6r man h\u00e5lla l\u00e5ngh\u00e5riga kaniner kortklippta f\u00f6r att f\u00f6rs\u00e4kra sig om att de inte bildar sm\u00e4rtsamma tovor.<\/p>\n<p>Kaniner kan \u00e4ven drabbas av fukteksem, \u00e4ven kallat \u201chot spots\u201d. Ett vanligt st\u00e4lle p\u00e5 kroppen d\u00e4r fukteksem utvecklas \u00e4r under hakan eller p\u00e5 sidorna vid munnen. Detta beror ofta p\u00e5 att vissa kaniner doppar munnen\/hakan i vattensk\u00e5len n\u00e4r de dricker och att de s\u00e5ledes \u00e4r konstant bl\u00f6ta. Det f\u00f6rsta man b\u00f6r g\u00f6ra i detta fall \u00e4r att raka bort p\u00e4lsen p\u00e5 och kring omr\u00e5det, man kan \u00e4ven tv\u00e4tta f\u00f6rsiktigt med klorhexidin och d\u00e4refter sm\u00f6rja med medicinsk honung. Blir det inte b\u00e4ttre inom kort b\u00f6r veterin\u00e4r kontaktas.<\/p>\n<p>Hur ofta man b\u00f6r klippa en kanins klor varierar fr\u00e5n individ till individ, precis som hos m\u00e4nniskor. En tumregel p\u00e5 normalp\u00e4lsade kaniner \u00e4r att klon inte ska sticka ut ur p\u00e4lsen p\u00e5 f\u00f6tterna.&#8221;[\/vc_column_text][\/vc_column][\/vc_row]<\/p>\n<\/div>","protected":false},"excerpt":{"rendered":"<p>[vc_row][vc_column][vc_column_text css=&#8221;&#8221;] Krav vid inackordering av kanin p\u00e5 Eolsh\u00e4lls 4H-g\u00e5rd Dessa krav \u00e4r till f\u00f6r att vi som g\u00e5rd inte ska ha sjuka eller vanv\u00e5rdade kaniner i v\u00e5r verksamhet. Vi m\u00e5ste h\u00e5lla en h\u00f6g standard f\u00f6r djurh\u00e4lsa. Din kanin kommer att g\u00e5s igenom vid l\u00e4mning. Du kommer d\u00e5 f\u00e5 reda p\u00e5 det du kan komma&nbsp; <a href=\"https:\/\/www.4h.se\/eolshall\/krav-for-inackorderingar\/\">&hellip; Read more <i class=\"glyphicon glyphicon-arrow-right\"><\/i><\/a><\/p>\n","protected":false},"author":162,"featured_media":0,"parent":0,"menu_order":79,"comment_status":"closed","ping_status":"closed","template":"","meta":{"_acf_changed":false,"footnotes":""},"class_list":["post-1470","page","type-page","status-publish","hentry"],"acf":[],"yoast_head":"<!-- This site is optimized with the Yoast SEO plugin v27.5 - https:\/\/yoast.com\/product\/yoast-seo-wordpress\/ -->\n<title>Krav f\u00f6r inackorderingar - Eolsh\u00e4lls 4H-g\u00e5rd<\/title>\n<meta name=\"robots\" content=\"index, follow, max-snippet:-1, max-image-preview:large, max-video-preview:-1\" \/>\n<link rel=\"canonical\" href=\"https:\/\/www.4h.se\/eolshall\/krav-for-inackorderingar\/\" \/>\n<meta property=\"og:locale\" content=\"sv_SE\" \/>\n<meta property=\"og:type\" content=\"article\" \/>\n<meta property=\"og:title\" content=\"Krav f\u00f6r inackorderingar - Eolsh\u00e4lls 4H-g\u00e5rd\" \/>\n<meta property=\"og:description\" content=\"[vc_row][vc_column][vc_column_text css=&#8221;&#8221;] Krav vid inackordering av kanin p\u00e5 Eolsh\u00e4lls 4H-g\u00e5rd Dessa krav \u00e4r till f\u00f6r att vi som g\u00e5rd inte ska ha sjuka eller vanv\u00e5rdade kaniner i v\u00e5r verksamhet. Vi m\u00e5ste h\u00e5lla en h\u00f6g standard f\u00f6r djurh\u00e4lsa. Din kanin kommer att g\u00e5s igenom vid l\u00e4mning. Du kommer d\u00e5 f\u00e5 reda p\u00e5 det du kan komma&nbsp; &hellip; Read more\" \/>\n<meta property=\"og:url\" content=\"https:\/\/www.4h.se\/eolshall\/krav-for-inackorderingar\/\" \/>\n<meta property=\"og:site_name\" content=\"Eolsh\u00e4lls 4H-g\u00e5rd\" \/>\n<meta property=\"article:modified_time\" content=\"2025-02-03T20:27:40+00:00\" \/>\n<meta name=\"twitter:card\" content=\"summary_large_image\" \/>\n<script type=\"application\/ld+json\" class=\"yoast-schema-graph\">{\"@context\":\"https:\\\/\\\/schema.org\",\"@graph\":[{\"@type\":\"WebPage\",\"@id\":\"https:\\\/\\\/www.4h.se\\\/eolshall\\\/krav-for-inackorderingar\\\/\",\"url\":\"https:\\\/\\\/www.4h.se\\\/eolshall\\\/krav-for-inackorderingar\\\/\",\"name\":\"Krav f\u00f6r inackorderingar - Eolsh\u00e4lls 4H-g\u00e5rd\",\"isPartOf\":{\"@id\":\"https:\\\/\\\/www.4h.se\\\/eolshall\\\/#website\"},\"datePublished\":\"2024-10-29T16:00:15+00:00\",\"dateModified\":\"2025-02-03T20:27:40+00:00\",\"breadcrumb\":{\"@id\":\"https:\\\/\\\/www.4h.se\\\/eolshall\\\/krav-for-inackorderingar\\\/#breadcrumb\"},\"inLanguage\":\"sv-SE\",\"potentialAction\":[{\"@type\":\"ReadAction\",\"target\":[\"https:\\\/\\\/www.4h.se\\\/eolshall\\\/krav-for-inackorderingar\\\/\"]}]},{\"@type\":\"BreadcrumbList\",\"@id\":\"https:\\\/\\\/www.4h.se\\\/eolshall\\\/krav-for-inackorderingar\\\/#breadcrumb\",\"itemListElement\":[{\"@type\":\"ListItem\",\"position\":1,\"name\":\"Hem\",\"item\":\"https:\\\/\\\/www.4h.se\\\/eolshall\\\/\"},{\"@type\":\"ListItem\",\"position\":2,\"name\":\"Krav f\u00f6r inackorderingar\"}]},{\"@type\":\"WebSite\",\"@id\":\"https:\\\/\\\/www.4h.se\\\/eolshall\\\/#website\",\"url\":\"https:\\\/\\\/www.4h.se\\\/eolshall\\\/\",\"name\":\"Eolsh\u00e4lls 4H-g\u00e5rd\",\"description\":\"\",\"potentialAction\":[{\"@type\":\"SearchAction\",\"target\":{\"@type\":\"EntryPoint\",\"urlTemplate\":\"https:\\\/\\\/www.4h.se\\\/eolshall\\\/?s={search_term_string}\"},\"query-input\":{\"@type\":\"PropertyValueSpecification\",\"valueRequired\":true,\"valueName\":\"search_term_string\"}}],\"inLanguage\":\"sv-SE\"}]}<\/script>\n<!-- \/ Yoast SEO plugin. -->","yoast_head_json":{"title":"Krav f\u00f6r inackorderingar - Eolsh\u00e4lls 4H-g\u00e5rd","robots":{"index":"index","follow":"follow","max-snippet":"max-snippet:-1","max-image-preview":"max-image-preview:large","max-video-preview":"max-video-preview:-1"},"canonical":"https:\/\/www.4h.se\/eolshall\/krav-for-inackorderingar\/","og_locale":"sv_SE","og_type":"article","og_title":"Krav f\u00f6r inackorderingar - Eolsh\u00e4lls 4H-g\u00e5rd","og_description":"[vc_row][vc_column][vc_column_text css=&#8221;&#8221;] Krav vid inackordering av kanin p\u00e5 Eolsh\u00e4lls 4H-g\u00e5rd Dessa krav \u00e4r till f\u00f6r att vi som g\u00e5rd inte ska ha sjuka eller vanv\u00e5rdade kaniner i v\u00e5r verksamhet. Vi m\u00e5ste h\u00e5lla en h\u00f6g standard f\u00f6r djurh\u00e4lsa. Din kanin kommer att g\u00e5s igenom vid l\u00e4mning. Du kommer d\u00e5 f\u00e5 reda p\u00e5 det du kan komma&nbsp; &hellip; Read more","og_url":"https:\/\/www.4h.se\/eolshall\/krav-for-inackorderingar\/","og_site_name":"Eolsh\u00e4lls 4H-g\u00e5rd","article_modified_time":"2025-02-03T20:27:40+00:00","twitter_card":"summary_large_image","schema":{"@context":"https:\/\/schema.org","@graph":[{"@type":"WebPage","@id":"https:\/\/www.4h.se\/eolshall\/krav-for-inackorderingar\/","url":"https:\/\/www.4h.se\/eolshall\/krav-for-inackorderingar\/","name":"Krav f\u00f6r inackorderingar - Eolsh\u00e4lls 4H-g\u00e5rd","isPartOf":{"@id":"https:\/\/www.4h.se\/eolshall\/#website"},"datePublished":"2024-10-29T16:00:15+00:00","dateModified":"2025-02-03T20:27:40+00:00","breadcrumb":{"@id":"https:\/\/www.4h.se\/eolshall\/krav-for-inackorderingar\/#breadcrumb"},"inLanguage":"sv-SE","potentialAction":[{"@type":"ReadAction","target":["https:\/\/www.4h.se\/eolshall\/krav-for-inackorderingar\/"]}]},{"@type":"BreadcrumbList","@id":"https:\/\/www.4h.se\/eolshall\/krav-for-inackorderingar\/#breadcrumb","itemListElement":[{"@type":"ListItem","position":1,"name":"Hem","item":"https:\/\/www.4h.se\/eolshall\/"},{"@type":"ListItem","position":2,"name":"Krav f\u00f6r inackorderingar"}]},{"@type":"WebSite","@id":"https:\/\/www.4h.se\/eolshall\/#website","url":"https:\/\/www.4h.se\/eolshall\/","name":"Eolsh\u00e4lls 4H-g\u00e5rd","description":"","potentialAction":[{"@type":"SearchAction","target":{"@type":"EntryPoint","urlTemplate":"https:\/\/www.4h.se\/eolshall\/?s={search_term_string}"},"query-input":{"@type":"PropertyValueSpecification","valueRequired":true,"valueName":"search_term_string"}}],"inLanguage":"sv-SE"}]}},"_links":{"self":[{"href":"https:\/\/www.4h.se\/eolshall\/wp-json\/wp\/v2\/pages\/1470","targetHints":{"allow":["GET"]}}],"collection":[{"href":"https:\/\/www.4h.se\/eolshall\/wp-json\/wp\/v2\/pages"}],"about":[{"href":"https:\/\/www.4h.se\/eolshall\/wp-json\/wp\/v2\/types\/page"}],"author":[{"embeddable":true,"href":"https:\/\/www.4h.se\/eolshall\/wp-json\/wp\/v2\/users\/162"}],"replies":[{"embeddable":true,"href":"https:\/\/www.4h.se\/eolshall\/wp-json\/wp\/v2\/comments?post=1470"}],"version-history":[{"count":0,"href":"https:\/\/www.4h.se\/eolshall\/wp-json\/wp\/v2\/pages\/1470\/revisions"}],"wp:attachment":[{"href":"https:\/\/www.4h.se\/eolshall\/wp-json\/wp\/v2\/media?parent=1470"}],"curies":[{"name":"wp","href":"https:\/\/api.w.org\/{rel}","templated":true}]}}