



{"id":1352,"date":"2024-02-02T15:52:16","date_gmt":"2024-02-02T14:52:16","guid":{"rendered":"https:\/\/www.4h.se\/eolshall\/?page_id=1352"},"modified":"2025-02-03T21:27:40","modified_gmt":"2025-02-03T20:27:40","slug":"kalas-lattlast","status":"publish","type":"page","link":"https:\/\/www.4h.se\/eolshall\/kalas-lattlast\/","title":{"rendered":"Kalas &#8211; l\u00e4ttl\u00e4st"},"content":{"rendered":"<div class=\"wpb-content-wrapper\"><p>[vc_row][vc_column][vc_column_text css=&#8221;&#8221;]<\/p>\n<h1><span style=\"text-decoration: underline\"><b>V\u00e4lkommen att <a href=\"https:\/\/www.4h.se\/eolshall\/kalas\/\">boka kalas<\/a> p\u00e5 Eolsh\u00e4lls 4H g\u00e5rd!<\/b><\/span><\/h1>\n<p>Vi erbjuder kalas p\u00e5 g\u00e5rden. Det finns kalas med djur<\/p>\n<p>och kalas med h\u00e4star.<\/p>\n<p>Kalasen \u00e4r p\u00e5 l\u00f6rdagar, s\u00f6ndagar<\/p>\n<p>och p\u00e5 helgdagar klockan 10-12 eller klockan 13:30-15:30.<\/p>\n<p>Det g\u00e5r att ha fiskdamm.<\/p>\n<p>Det finns 24 sittplatser i kalasrummet.<\/p>\n<p>Du m\u00e5ste boka fika f\u00f6r f\u00f6r\u00e4ldrar i formul\u00e4ret.<\/p>\n<p>Det \u00e4r inte till\u00e5tet att ta med eget fika p\u00e5 kalas.<\/p>\n<p>Om det blir mycket skr\u00e4p m\u00e5ste du ta med dig det.<\/p>\n<p>Du ansvarar f\u00f6r barnen under kalaset.<\/p>\n<p>Eolsh\u00e4lls personal leder aktiviteterna.<\/p>\n<p>Kalaset \u00e4r f\u00f6r barn som \u00e4r minst 4 \u00e5r.<\/p>\n<p>&nbsp;<\/p>\n<h3><b>Kalaset med djur i 2 timmar<\/b><\/h3>\n<ul>\n<li style=\"font-weight: 400\"><span style=\"font-weight: 400\">Vi samlas i stallet och h\u00e4lsar alla v\u00e4lkomna.<\/span><\/li>\n<li style=\"font-weight: 400\"><span style=\"font-weight: 400\">Rundvandring och efter\u00e5t tr\u00e4ffar barnen djuren.<\/span><\/li>\n<li style=\"font-weight: 400\"><span style=\"font-weight: 400\">Lek eller en aktivitet med djuren.<\/span><\/li>\n<li style=\"font-weight: 400\"><span style=\"font-weight: 400\">Alla tv\u00e4ttar h\u00e4nderna.<\/span><\/li>\n<li style=\"font-weight: 400\"><span style=\"font-weight: 400\">Barnen samlas och fikar.<\/span><\/li>\n<\/ul>\n<p>&nbsp;<\/p>\n<h3><b>Kalas utan personal i 2 timmar<\/b><\/h3>\n<p><span style=\"font-weight: 400\">Inga aktiviteter med djur ing\u00e5r n\u00e4r man har eget kalas,<\/span><\/p>\n<p><span style=\"font-weight: 400\">men djuren \u00e4r i sina hagar.<\/span><\/p>\n<p><span style=\"font-weight: 400\">Det finns duk, porslin, k\u00f6k, vattenkokare, kyl,<\/span><\/p>\n<p><span style=\"font-weight: 400\">frys, toalett och kaffebryggare.<\/span><\/p>\n<p><span style=\"font-weight: 400\">Du m\u00e5ste ta med eget kaffe och te.<\/span><\/p>\n<p><span style=\"font-weight: 400\">Det finns vattenkokare, kyl, frys och toalett<\/span><\/p>\n<p><span style=\"font-weight: 400\">N\u00e4r du bokar p\u00e5 egen hand m\u00e5ste du st\u00e4lla tillbaka allt,<\/span><\/p>\n<p><span style=\"font-weight: 400\">st\u00e4da och ta med skr\u00e4p. Du m\u00e5ste betala om n\u00e5got g\u00e5r s\u00f6nder.<\/span><\/p>\n<p>&nbsp;<\/p>\n<p><span style=\"font-weight: 400\">Du kan v\u00e4lja tre aktiviteter.<\/span><\/p>\n<p><span style=\"font-weight: 400\">Du m\u00e5ste st\u00e4lla tillbaka sakerna efter kalaset.<\/span><\/p>\n<p><span style=\"font-weight: 400\">Det finns olika aktiviteter att v\u00e4lja p\u00e5.\u00a0<\/span><\/p>\n<p>&nbsp;<\/p>\n<h2><span style=\"text-decoration: underline\"><strong>AKTIVITETER<\/strong><\/span><\/h2>\n<h4>Hoppning med k\u00e4pph\u00e4st<\/h4>\n<p><span style=\"font-weight: 400\">Vi bygger en bana att hoppa p\u00e5. <\/span><span style=\"font-weight: 400\">Det g\u00e5r ocks\u00e5 att rida<\/span><span style=\"font-weight: 400\">\u00a0med piruetter och galopp.<\/span><\/p>\n<p><span style=\"font-weight: 400\">Vi \u00e4r p\u00e5 ridbanan.<\/span><\/p>\n<p>&nbsp;<\/p>\n<h4>Skattjakt<\/h4>\n<p><span style=\"font-weight: 400\">Det \u00e4r bra att ha skattjakt i slutet av kalaset.<\/span><\/p>\n<p><span style=\"font-weight: 400\">Det g\u00e5r att k\u00f6pa godisp\u00e5sar p\u00e5 g\u00e5rden eller ta med egna.<\/span><\/p>\n<p><span style=\"font-weight: 400\">Vi \u00e4r p\u00e5 g\u00e5rden.<\/span><\/p>\n<p>&nbsp;<\/p>\n<h4>Fiskdamm<\/h4>\n<p><span style=\"font-weight: 400\">Det \u00e4r bra att ha i slutet av kalaset.<\/span><\/p>\n<p><span style=\"font-weight: 400\">Det g\u00e5r att k\u00f6pa godisp\u00e5sar p\u00e5 g\u00e5rden eller ta med egna.<\/span><\/p>\n<p><span style=\"font-weight: 400\">Skottk\u00e4rreslalom<\/span><\/p>\n<p><span style=\"font-weight: 400\">En aktivitet som \u00e4r rolig f\u00f6r b\u00e5de \u00e4ldre och yngre och barn.<\/span><\/p>\n<p><span style=\"font-weight: 400\">Vi \u00e4r p\u00e5 ridbanan.<\/span><\/p>\n<p>&nbsp;<\/p>\n<h4>3-kamp<\/h4>\n<p><span style=\"font-weight: 400\">En utmaning med bondg\u00e5rdstema.<\/span><\/p>\n<p><span style=\"font-weight: 400\">Vi \u00e4r p\u00e5 g\u00e5rden.<\/span><\/p>\n<p>&nbsp;<\/p>\n<h2><span style=\"text-decoration: underline\"><b>H\u00e4r kan du se hur mycket kalas kostar<\/b><\/span><\/h2>\n<p>Kalas med h\u00e4st eller djur f\u00f6r upp till 10 barn kostar 2700 kronor<\/p>\n<p>F\u00f6r fler \u00e4n 10 barn kostar det 190 kronor f\u00f6r varje extra barn<\/p>\n<p><span style=\"font-weight: 400\">Glass, bullar, saft och dekoration ing\u00e5r i priset.<\/span><\/p>\n<p><span style=\"font-weight: 400\">Vi har personal som serverar och st\u00e4dar efter kalaset.<\/span><\/p>\n<p>&nbsp;<\/p>\n<p>Kalas utomhus p\u00e5 baksidan kostar 1600kr<\/p>\n<p>Kalas inomhus i kalasrummet kostar 2000kr<\/p>\n<p>Ta med eget fika[\/vc_column_text][\/vc_column][\/vc_row]<\/p>\n<\/div>","protected":false},"excerpt":{"rendered":"<p>[vc_row][vc_column][vc_column_text css=&#8221;&#8221;] V\u00e4lkommen att boka kalas p\u00e5 Eolsh\u00e4lls 4H g\u00e5rd! Vi erbjuder kalas p\u00e5 g\u00e5rden. Det finns kalas med djur och kalas med h\u00e4star. Kalasen \u00e4r p\u00e5 l\u00f6rdagar, s\u00f6ndagar och p\u00e5 helgdagar klockan 10-12 eller klockan 13:30-15:30. Det g\u00e5r att ha fiskdamm. Det finns 24 sittplatser i kalasrummet. Du m\u00e5ste boka fika f\u00f6r f\u00f6r\u00e4ldrar i&nbsp; <a href=\"https:\/\/www.4h.se\/eolshall\/kalas-lattlast\/\">&hellip; Read more <i class=\"glyphicon glyphicon-arrow-right\"><\/i><\/a><\/p>\n","protected":false},"author":162,"featured_media":0,"parent":0,"menu_order":64,"comment_status":"closed","ping_status":"closed","template":"","meta":{"footnotes":""},"class_list":["post-1352","page","type-page","status-publish","hentry"],"yoast_head":"<!-- This site is optimized with the Yoast SEO plugin v27.4 - https:\/\/yoast.com\/product\/yoast-seo-wordpress\/ -->\n<title>Kalas - l\u00e4ttl\u00e4st - Eolsh\u00e4lls 4H-g\u00e5rd<\/title>\n<meta name=\"robots\" content=\"index, follow, max-snippet:-1, max-image-preview:large, max-video-preview:-1\" \/>\n<link rel=\"canonical\" href=\"https:\/\/www.4h.se\/eolshall\/kalas-lattlast\/\" \/>\n<meta property=\"og:locale\" content=\"sv_SE\" \/>\n<meta property=\"og:type\" content=\"article\" \/>\n<meta property=\"og:title\" content=\"Kalas - l\u00e4ttl\u00e4st - Eolsh\u00e4lls 4H-g\u00e5rd\" \/>\n<meta property=\"og:description\" content=\"[vc_row][vc_column][vc_column_text css=&#8221;&#8221;] V\u00e4lkommen att boka kalas p\u00e5 Eolsh\u00e4lls 4H g\u00e5rd! Vi erbjuder kalas p\u00e5 g\u00e5rden. Det finns kalas med djur och kalas med h\u00e4star. Kalasen \u00e4r p\u00e5 l\u00f6rdagar, s\u00f6ndagar och p\u00e5 helgdagar klockan 10-12 eller klockan 13:30-15:30. Det g\u00e5r att ha fiskdamm. Det finns 24 sittplatser i kalasrummet. Du m\u00e5ste boka fika f\u00f6r f\u00f6r\u00e4ldrar i&nbsp; &hellip; Read more\" \/>\n<meta property=\"og:url\" content=\"https:\/\/www.4h.se\/eolshall\/kalas-lattlast\/\" \/>\n<meta property=\"og:site_name\" content=\"Eolsh\u00e4lls 4H-g\u00e5rd\" \/>\n<meta property=\"article:modified_time\" content=\"2025-02-03T20:27:40+00:00\" \/>\n<meta name=\"twitter:card\" content=\"summary_large_image\" \/>\n<script type=\"application\/ld+json\" class=\"yoast-schema-graph\">{\"@context\":\"https:\\\/\\\/schema.org\",\"@graph\":[{\"@type\":\"WebPage\",\"@id\":\"https:\\\/\\\/www.4h.se\\\/eolshall\\\/kalas-lattlast\\\/\",\"url\":\"https:\\\/\\\/www.4h.se\\\/eolshall\\\/kalas-lattlast\\\/\",\"name\":\"Kalas - l\u00e4ttl\u00e4st - Eolsh\u00e4lls 4H-g\u00e5rd\",\"isPartOf\":{\"@id\":\"https:\\\/\\\/www.4h.se\\\/eolshall\\\/#website\"},\"datePublished\":\"2024-02-02T14:52:16+00:00\",\"dateModified\":\"2025-02-03T20:27:40+00:00\",\"breadcrumb\":{\"@id\":\"https:\\\/\\\/www.4h.se\\\/eolshall\\\/kalas-lattlast\\\/#breadcrumb\"},\"inLanguage\":\"sv-SE\",\"potentialAction\":[{\"@type\":\"ReadAction\",\"target\":[\"https:\\\/\\\/www.4h.se\\\/eolshall\\\/kalas-lattlast\\\/\"]}]},{\"@type\":\"BreadcrumbList\",\"@id\":\"https:\\\/\\\/www.4h.se\\\/eolshall\\\/kalas-lattlast\\\/#breadcrumb\",\"itemListElement\":[{\"@type\":\"ListItem\",\"position\":1,\"name\":\"Hem\",\"item\":\"https:\\\/\\\/www.4h.se\\\/eolshall\\\/\"},{\"@type\":\"ListItem\",\"position\":2,\"name\":\"Kalas &#8211; l\u00e4ttl\u00e4st\"}]},{\"@type\":\"WebSite\",\"@id\":\"https:\\\/\\\/www.4h.se\\\/eolshall\\\/#website\",\"url\":\"https:\\\/\\\/www.4h.se\\\/eolshall\\\/\",\"name\":\"Eolsh\u00e4lls 4H-g\u00e5rd\",\"description\":\"\",\"potentialAction\":[{\"@type\":\"SearchAction\",\"target\":{\"@type\":\"EntryPoint\",\"urlTemplate\":\"https:\\\/\\\/www.4h.se\\\/eolshall\\\/?s={search_term_string}\"},\"query-input\":{\"@type\":\"PropertyValueSpecification\",\"valueRequired\":true,\"valueName\":\"search_term_string\"}}],\"inLanguage\":\"sv-SE\"}]}<\/script>\n<!-- \/ Yoast SEO plugin. -->","yoast_head_json":{"title":"Kalas - l\u00e4ttl\u00e4st - Eolsh\u00e4lls 4H-g\u00e5rd","robots":{"index":"index","follow":"follow","max-snippet":"max-snippet:-1","max-image-preview":"max-image-preview:large","max-video-preview":"max-video-preview:-1"},"canonical":"https:\/\/www.4h.se\/eolshall\/kalas-lattlast\/","og_locale":"sv_SE","og_type":"article","og_title":"Kalas - l\u00e4ttl\u00e4st - Eolsh\u00e4lls 4H-g\u00e5rd","og_description":"[vc_row][vc_column][vc_column_text css=&#8221;&#8221;] V\u00e4lkommen att boka kalas p\u00e5 Eolsh\u00e4lls 4H g\u00e5rd! Vi erbjuder kalas p\u00e5 g\u00e5rden. Det finns kalas med djur och kalas med h\u00e4star. Kalasen \u00e4r p\u00e5 l\u00f6rdagar, s\u00f6ndagar och p\u00e5 helgdagar klockan 10-12 eller klockan 13:30-15:30. Det g\u00e5r att ha fiskdamm. Det finns 24 sittplatser i kalasrummet. Du m\u00e5ste boka fika f\u00f6r f\u00f6r\u00e4ldrar i&nbsp; &hellip; Read more","og_url":"https:\/\/www.4h.se\/eolshall\/kalas-lattlast\/","og_site_name":"Eolsh\u00e4lls 4H-g\u00e5rd","article_modified_time":"2025-02-03T20:27:40+00:00","twitter_card":"summary_large_image","schema":{"@context":"https:\/\/schema.org","@graph":[{"@type":"WebPage","@id":"https:\/\/www.4h.se\/eolshall\/kalas-lattlast\/","url":"https:\/\/www.4h.se\/eolshall\/kalas-lattlast\/","name":"Kalas - l\u00e4ttl\u00e4st - Eolsh\u00e4lls 4H-g\u00e5rd","isPartOf":{"@id":"https:\/\/www.4h.se\/eolshall\/#website"},"datePublished":"2024-02-02T14:52:16+00:00","dateModified":"2025-02-03T20:27:40+00:00","breadcrumb":{"@id":"https:\/\/www.4h.se\/eolshall\/kalas-lattlast\/#breadcrumb"},"inLanguage":"sv-SE","potentialAction":[{"@type":"ReadAction","target":["https:\/\/www.4h.se\/eolshall\/kalas-lattlast\/"]}]},{"@type":"BreadcrumbList","@id":"https:\/\/www.4h.se\/eolshall\/kalas-lattlast\/#breadcrumb","itemListElement":[{"@type":"ListItem","position":1,"name":"Hem","item":"https:\/\/www.4h.se\/eolshall\/"},{"@type":"ListItem","position":2,"name":"Kalas &#8211; l\u00e4ttl\u00e4st"}]},{"@type":"WebSite","@id":"https:\/\/www.4h.se\/eolshall\/#website","url":"https:\/\/www.4h.se\/eolshall\/","name":"Eolsh\u00e4lls 4H-g\u00e5rd","description":"","potentialAction":[{"@type":"SearchAction","target":{"@type":"EntryPoint","urlTemplate":"https:\/\/www.4h.se\/eolshall\/?s={search_term_string}"},"query-input":{"@type":"PropertyValueSpecification","valueRequired":true,"valueName":"search_term_string"}}],"inLanguage":"sv-SE"}]}},"_links":{"self":[{"href":"https:\/\/www.4h.se\/eolshall\/wp-json\/wp\/v2\/pages\/1352","targetHints":{"allow":["GET"]}}],"collection":[{"href":"https:\/\/www.4h.se\/eolshall\/wp-json\/wp\/v2\/pages"}],"about":[{"href":"https:\/\/www.4h.se\/eolshall\/wp-json\/wp\/v2\/types\/page"}],"author":[{"embeddable":true,"href":"https:\/\/www.4h.se\/eolshall\/wp-json\/wp\/v2\/users\/162"}],"replies":[{"embeddable":true,"href":"https:\/\/www.4h.se\/eolshall\/wp-json\/wp\/v2\/comments?post=1352"}],"version-history":[{"count":0,"href":"https:\/\/www.4h.se\/eolshall\/wp-json\/wp\/v2\/pages\/1352\/revisions"}],"wp:attachment":[{"href":"https:\/\/www.4h.se\/eolshall\/wp-json\/wp\/v2\/media?parent=1352"}],"curies":[{"name":"wp","href":"https:\/\/api.w.org\/{rel}","templated":true}]}}