



{"id":1351,"date":"2024-02-02T15:51:55","date_gmt":"2024-02-02T14:51:55","guid":{"rendered":"https:\/\/www.4h.se\/eolshall\/?page_id=1351"},"modified":"2025-02-03T21:27:42","modified_gmt":"2025-02-03T20:27:42","slug":"aktiviteter-lattlast","status":"publish","type":"page","link":"https:\/\/www.4h.se\/eolshall\/aktiviteter-lattlast\/","title":{"rendered":"Aktiviteter &#8211; l\u00e4ttl\u00e4st"},"content":{"rendered":"<div class=\"wpb-content-wrapper\"><p>[vc_row][vc_column][vc_column_text css=&#8221;&#8221;]<\/p>\n<h1><span style=\"text-decoration: underline\"><strong>Aktiviteter p\u00e5 Eolsh\u00e4lls 4H-g\u00e5rd<\/strong><\/span><\/h1>\n<p>&nbsp;<\/p>\n<p><span style=\"font-weight: 400\">Det finns m\u00e5nga olika aktiviteter p\u00e5 Eolsh\u00e4lls.<\/span><\/p>\n<p><span style=\"font-weight: 400\">Vi har <a href=\"https:\/\/www.4h.se\/eolshall\/kursoversikt\">kurser<\/a> f\u00f6r barn och vuxna.<\/span><\/p>\n<p><span style=\"font-weight: 400\">Vi har <a href=\"https:\/\/www.4h.se\/eolshall\/halvtimmesridning\/\">ridning<\/a> p\u00e5 g\u00e5rden.\u00a0<\/span><\/p>\n<p><span style=\"font-weight: 400\">Det finns <a href=\"https:\/\/www.4h.se\/eolshall\/halvtimmesridning\/\">ridning i 30 minuter<\/a>, <a href=\"https:\/\/www.4h.se\/eolshall\/fritidsridning\/\">ridning i en timme<\/a> och <a href=\"https:\/\/www.4h.se\/eolshall\/ponnyvarv\/\">ponnyvarv.<\/a><\/span><\/p>\n<p><span style=\"font-weight: 400\">Vi har ocks\u00e5 <a href=\"https:\/\/www.4h.se\/eolshall\/daglager\/\">l\u00e4ger<\/a> p\u00e5 alla skollov.<\/span><\/p>\n<p><span style=\"font-weight: 400\">V\u00e5ra l\u00e4ger \u00e4r p\u00e5 dagtid, mellan klockan 09:00-16:00.<\/span><\/p>\n<p><span style=\"font-weight: 400\">Vi har <a href=\"https:\/\/www.4h.se\/eolshall\/kurser-funktion\/\">kurser<\/a>, <a href=\"https:\/\/www.4h.se\/eolshall\/daglager\/\">l\u00e4ger<\/a> och <a href=\"https:\/\/www.4h.se\/eolshall\/funktionsridning\/\">ridning<\/a> f\u00f6r dig som har en funktionsneds\u00e4ttning<\/span><\/p>\n<p><span style=\"font-weight: 400\">\u00a0och beh\u00f6ver extra st\u00f6d.<\/span><\/p>\n<p><span style=\"font-weight: 400\">Du m\u00e5ste vara <a href=\"https:\/\/www.4h.se\/eolshall\/bli-medlem\/\">medlem<\/a> hos oss f\u00f6r att vara med p\u00e5 kurser och l\u00e4ger.<\/span><\/p>\n<p><span style=\"font-weight: 400\">Du kan bli medlem hos oss och boka alla v\u00e5ra aktiviteter p\u00e5 <a href=\"https:\/\/www.antribe.com\/org\/4h\/eolshalls-4h\/event\">antribe<\/a>.<\/span>[\/vc_column_text][\/vc_column][\/vc_row]<\/p>\n<\/div>","protected":false},"excerpt":{"rendered":"<p>[vc_row][vc_column][vc_column_text css=&#8221;&#8221;] Aktiviteter p\u00e5 Eolsh\u00e4lls 4H-g\u00e5rd &nbsp; Det finns m\u00e5nga olika aktiviteter p\u00e5 Eolsh\u00e4lls. Vi har kurser f\u00f6r barn och vuxna. Vi har ridning p\u00e5 g\u00e5rden.\u00a0 Det finns ridning i 30 minuter, ridning i en timme och ponnyvarv. Vi har ocks\u00e5 l\u00e4ger p\u00e5 alla skollov. V\u00e5ra l\u00e4ger \u00e4r p\u00e5 dagtid, mellan klockan 09:00-16:00. Vi har&nbsp; <a href=\"https:\/\/www.4h.se\/eolshall\/aktiviteter-lattlast\/\">&hellip; Read more <i class=\"glyphicon glyphicon-arrow-right\"><\/i><\/a><\/p>\n","protected":false},"author":162,"featured_media":0,"parent":0,"menu_order":177,"comment_status":"closed","ping_status":"closed","template":"","meta":{"footnotes":""},"class_list":["post-1351","page","type-page","status-publish","hentry"],"yoast_head":"<!-- This site is optimized with the Yoast SEO plugin v27.4 - https:\/\/yoast.com\/product\/yoast-seo-wordpress\/ -->\n<title>Aktiviteter - l\u00e4ttl\u00e4st - Eolsh\u00e4lls 4H-g\u00e5rd<\/title>\n<meta name=\"robots\" content=\"index, follow, max-snippet:-1, max-image-preview:large, max-video-preview:-1\" \/>\n<link rel=\"canonical\" href=\"https:\/\/www.4h.se\/eolshall\/aktiviteter-lattlast\/\" \/>\n<meta property=\"og:locale\" content=\"sv_SE\" \/>\n<meta property=\"og:type\" content=\"article\" \/>\n<meta property=\"og:title\" content=\"Aktiviteter - l\u00e4ttl\u00e4st - Eolsh\u00e4lls 4H-g\u00e5rd\" \/>\n<meta property=\"og:description\" content=\"[vc_row][vc_column][vc_column_text css=&#8221;&#8221;] Aktiviteter p\u00e5 Eolsh\u00e4lls 4H-g\u00e5rd &nbsp; Det finns m\u00e5nga olika aktiviteter p\u00e5 Eolsh\u00e4lls. Vi har kurser f\u00f6r barn och vuxna. Vi har ridning p\u00e5 g\u00e5rden.\u00a0 Det finns ridning i 30 minuter, ridning i en timme och ponnyvarv. Vi har ocks\u00e5 l\u00e4ger p\u00e5 alla skollov. V\u00e5ra l\u00e4ger \u00e4r p\u00e5 dagtid, mellan klockan 09:00-16:00. Vi har&nbsp; &hellip; Read more\" \/>\n<meta property=\"og:url\" content=\"https:\/\/www.4h.se\/eolshall\/aktiviteter-lattlast\/\" \/>\n<meta property=\"og:site_name\" content=\"Eolsh\u00e4lls 4H-g\u00e5rd\" \/>\n<meta property=\"article:modified_time\" content=\"2025-02-03T20:27:42+00:00\" \/>\n<meta name=\"twitter:card\" content=\"summary_large_image\" \/>\n<script type=\"application\/ld+json\" class=\"yoast-schema-graph\">{\"@context\":\"https:\\\/\\\/schema.org\",\"@graph\":[{\"@type\":\"WebPage\",\"@id\":\"https:\\\/\\\/www.4h.se\\\/eolshall\\\/aktiviteter-lattlast\\\/\",\"url\":\"https:\\\/\\\/www.4h.se\\\/eolshall\\\/aktiviteter-lattlast\\\/\",\"name\":\"Aktiviteter - l\u00e4ttl\u00e4st - Eolsh\u00e4lls 4H-g\u00e5rd\",\"isPartOf\":{\"@id\":\"https:\\\/\\\/www.4h.se\\\/eolshall\\\/#website\"},\"datePublished\":\"2024-02-02T14:51:55+00:00\",\"dateModified\":\"2025-02-03T20:27:42+00:00\",\"breadcrumb\":{\"@id\":\"https:\\\/\\\/www.4h.se\\\/eolshall\\\/aktiviteter-lattlast\\\/#breadcrumb\"},\"inLanguage\":\"sv-SE\",\"potentialAction\":[{\"@type\":\"ReadAction\",\"target\":[\"https:\\\/\\\/www.4h.se\\\/eolshall\\\/aktiviteter-lattlast\\\/\"]}]},{\"@type\":\"BreadcrumbList\",\"@id\":\"https:\\\/\\\/www.4h.se\\\/eolshall\\\/aktiviteter-lattlast\\\/#breadcrumb\",\"itemListElement\":[{\"@type\":\"ListItem\",\"position\":1,\"name\":\"Hem\",\"item\":\"https:\\\/\\\/www.4h.se\\\/eolshall\\\/\"},{\"@type\":\"ListItem\",\"position\":2,\"name\":\"Aktiviteter &#8211; l\u00e4ttl\u00e4st\"}]},{\"@type\":\"WebSite\",\"@id\":\"https:\\\/\\\/www.4h.se\\\/eolshall\\\/#website\",\"url\":\"https:\\\/\\\/www.4h.se\\\/eolshall\\\/\",\"name\":\"Eolsh\u00e4lls 4H-g\u00e5rd\",\"description\":\"\",\"potentialAction\":[{\"@type\":\"SearchAction\",\"target\":{\"@type\":\"EntryPoint\",\"urlTemplate\":\"https:\\\/\\\/www.4h.se\\\/eolshall\\\/?s={search_term_string}\"},\"query-input\":{\"@type\":\"PropertyValueSpecification\",\"valueRequired\":true,\"valueName\":\"search_term_string\"}}],\"inLanguage\":\"sv-SE\"}]}<\/script>\n<!-- \/ Yoast SEO plugin. -->","yoast_head_json":{"title":"Aktiviteter - l\u00e4ttl\u00e4st - Eolsh\u00e4lls 4H-g\u00e5rd","robots":{"index":"index","follow":"follow","max-snippet":"max-snippet:-1","max-image-preview":"max-image-preview:large","max-video-preview":"max-video-preview:-1"},"canonical":"https:\/\/www.4h.se\/eolshall\/aktiviteter-lattlast\/","og_locale":"sv_SE","og_type":"article","og_title":"Aktiviteter - l\u00e4ttl\u00e4st - Eolsh\u00e4lls 4H-g\u00e5rd","og_description":"[vc_row][vc_column][vc_column_text css=&#8221;&#8221;] Aktiviteter p\u00e5 Eolsh\u00e4lls 4H-g\u00e5rd &nbsp; Det finns m\u00e5nga olika aktiviteter p\u00e5 Eolsh\u00e4lls. Vi har kurser f\u00f6r barn och vuxna. Vi har ridning p\u00e5 g\u00e5rden.\u00a0 Det finns ridning i 30 minuter, ridning i en timme och ponnyvarv. Vi har ocks\u00e5 l\u00e4ger p\u00e5 alla skollov. V\u00e5ra l\u00e4ger \u00e4r p\u00e5 dagtid, mellan klockan 09:00-16:00. Vi har&nbsp; &hellip; Read more","og_url":"https:\/\/www.4h.se\/eolshall\/aktiviteter-lattlast\/","og_site_name":"Eolsh\u00e4lls 4H-g\u00e5rd","article_modified_time":"2025-02-03T20:27:42+00:00","twitter_card":"summary_large_image","schema":{"@context":"https:\/\/schema.org","@graph":[{"@type":"WebPage","@id":"https:\/\/www.4h.se\/eolshall\/aktiviteter-lattlast\/","url":"https:\/\/www.4h.se\/eolshall\/aktiviteter-lattlast\/","name":"Aktiviteter - l\u00e4ttl\u00e4st - Eolsh\u00e4lls 4H-g\u00e5rd","isPartOf":{"@id":"https:\/\/www.4h.se\/eolshall\/#website"},"datePublished":"2024-02-02T14:51:55+00:00","dateModified":"2025-02-03T20:27:42+00:00","breadcrumb":{"@id":"https:\/\/www.4h.se\/eolshall\/aktiviteter-lattlast\/#breadcrumb"},"inLanguage":"sv-SE","potentialAction":[{"@type":"ReadAction","target":["https:\/\/www.4h.se\/eolshall\/aktiviteter-lattlast\/"]}]},{"@type":"BreadcrumbList","@id":"https:\/\/www.4h.se\/eolshall\/aktiviteter-lattlast\/#breadcrumb","itemListElement":[{"@type":"ListItem","position":1,"name":"Hem","item":"https:\/\/www.4h.se\/eolshall\/"},{"@type":"ListItem","position":2,"name":"Aktiviteter &#8211; l\u00e4ttl\u00e4st"}]},{"@type":"WebSite","@id":"https:\/\/www.4h.se\/eolshall\/#website","url":"https:\/\/www.4h.se\/eolshall\/","name":"Eolsh\u00e4lls 4H-g\u00e5rd","description":"","potentialAction":[{"@type":"SearchAction","target":{"@type":"EntryPoint","urlTemplate":"https:\/\/www.4h.se\/eolshall\/?s={search_term_string}"},"query-input":{"@type":"PropertyValueSpecification","valueRequired":true,"valueName":"search_term_string"}}],"inLanguage":"sv-SE"}]}},"_links":{"self":[{"href":"https:\/\/www.4h.se\/eolshall\/wp-json\/wp\/v2\/pages\/1351","targetHints":{"allow":["GET"]}}],"collection":[{"href":"https:\/\/www.4h.se\/eolshall\/wp-json\/wp\/v2\/pages"}],"about":[{"href":"https:\/\/www.4h.se\/eolshall\/wp-json\/wp\/v2\/types\/page"}],"author":[{"embeddable":true,"href":"https:\/\/www.4h.se\/eolshall\/wp-json\/wp\/v2\/users\/162"}],"replies":[{"embeddable":true,"href":"https:\/\/www.4h.se\/eolshall\/wp-json\/wp\/v2\/comments?post=1351"}],"version-history":[{"count":0,"href":"https:\/\/www.4h.se\/eolshall\/wp-json\/wp\/v2\/pages\/1351\/revisions"}],"wp:attachment":[{"href":"https:\/\/www.4h.se\/eolshall\/wp-json\/wp\/v2\/media?parent=1351"}],"curies":[{"name":"wp","href":"https:\/\/api.w.org\/{rel}","templated":true}]}}