



{"id":1349,"date":"2024-02-02T15:49:57","date_gmt":"2024-02-02T14:49:57","guid":{"rendered":"https:\/\/www.4h.se\/eolshall\/?page_id=1349"},"modified":"2025-02-03T21:27:41","modified_gmt":"2025-02-03T20:27:41","slug":"vara-djur-lattlast","status":"publish","type":"page","link":"https:\/\/www.4h.se\/eolshall\/vara-djur-lattlast\/","title":{"rendered":"V\u00e5ra djur &#8211; l\u00e4ttl\u00e4st"},"content":{"rendered":"<div class=\"wpb-content-wrapper\"><p>[vc_row][vc_column][vc_column_text css=&#8221;&#8221;]<\/p>\n<h1><span style=\"text-decoration: underline\">V\u00e5ra djur<\/span><\/h1>\n<p><span style=\"font-weight: 400\">V\u00e5ra djur \u00e4r lantraser.<\/span><\/p>\n<p><span style=\"font-weight: 400\">En lantras \u00e4r mindre avlad \u00e4n andra raser.<\/span><\/p>\n<p><span style=\"font-weight: 400\">En lantras \u00e4r anpassad till sin naturliga milj\u00f6.<\/span><\/p>\n<p><span style=\"font-weight: 400\">M\u00e5nga andra raser avlas fram under kort tid<\/span><\/p>\n<p><span style=\"font-weight: 400\">f\u00f6r att kunna anv\u00e4ndas av m\u00e4nniskor.<\/span><\/p>\n<p><span style=\"font-weight: 400\">P\u00e5 Eolsh\u00e4lls 4H-g\u00e5rd har vi olika lantraser.<\/span><\/p>\n<p><span style=\"font-weight: 400\">Vi har raserna fj\u00e4lln\u00e4ra ko,<\/span><\/p>\n<p><span style=\"font-weight: 400\">\u00d6l\u00e4ndska dv\u00e4rgh\u00f6ns och V\u00e4rml\u00e4ndska skogsf\u00e5r.\u00a0<\/span><\/p>\n<p><span style=\"font-weight: 400\">Vi avlar p\u00e5 v\u00e5ra djur f\u00f6r att bevara lantraserna.<\/span><\/p>\n<p><span style=\"font-weight: 400\">V\u00e5ra djur f\u00e5r inte f\u00e5 ungar med andra raser.<\/span><\/p>\n<p><span style=\"font-weight: 400\">Vi vill bevara v\u00e5ra djurs speciella egenskaper.<\/span>[\/vc_column_text][\/vc_column][\/vc_row]<\/p>\n<\/div>","protected":false},"excerpt":{"rendered":"<p>[vc_row][vc_column][vc_column_text css=&#8221;&#8221;] V\u00e5ra djur V\u00e5ra djur \u00e4r lantraser. En lantras \u00e4r mindre avlad \u00e4n andra raser. En lantras \u00e4r anpassad till sin naturliga milj\u00f6. M\u00e5nga andra raser avlas fram under kort tid f\u00f6r att kunna anv\u00e4ndas av m\u00e4nniskor. P\u00e5 Eolsh\u00e4lls 4H-g\u00e5rd har vi olika lantraser. Vi har raserna fj\u00e4lln\u00e4ra ko, \u00d6l\u00e4ndska dv\u00e4rgh\u00f6ns och V\u00e4rml\u00e4ndska skogsf\u00e5r.\u00a0&nbsp; <a href=\"https:\/\/www.4h.se\/eolshall\/vara-djur-lattlast\/\">&hellip; Read more <i class=\"glyphicon glyphicon-arrow-right\"><\/i><\/a><\/p>\n","protected":false},"author":162,"featured_media":0,"parent":0,"menu_order":131,"comment_status":"closed","ping_status":"closed","template":"","meta":{"footnotes":""},"class_list":["post-1349","page","type-page","status-publish","hentry"],"yoast_head":"<!-- This site is optimized with the Yoast SEO plugin v27.4 - https:\/\/yoast.com\/product\/yoast-seo-wordpress\/ -->\n<title>V\u00e5ra djur - l\u00e4ttl\u00e4st - Eolsh\u00e4lls 4H-g\u00e5rd<\/title>\n<meta name=\"robots\" content=\"index, follow, max-snippet:-1, max-image-preview:large, max-video-preview:-1\" \/>\n<link rel=\"canonical\" href=\"https:\/\/www.4h.se\/eolshall\/vara-djur-lattlast\/\" \/>\n<meta property=\"og:locale\" content=\"sv_SE\" \/>\n<meta property=\"og:type\" content=\"article\" \/>\n<meta property=\"og:title\" content=\"V\u00e5ra djur - l\u00e4ttl\u00e4st - Eolsh\u00e4lls 4H-g\u00e5rd\" \/>\n<meta property=\"og:description\" content=\"[vc_row][vc_column][vc_column_text css=&#8221;&#8221;] V\u00e5ra djur V\u00e5ra djur \u00e4r lantraser. En lantras \u00e4r mindre avlad \u00e4n andra raser. En lantras \u00e4r anpassad till sin naturliga milj\u00f6. M\u00e5nga andra raser avlas fram under kort tid f\u00f6r att kunna anv\u00e4ndas av m\u00e4nniskor. P\u00e5 Eolsh\u00e4lls 4H-g\u00e5rd har vi olika lantraser. Vi har raserna fj\u00e4lln\u00e4ra ko, \u00d6l\u00e4ndska dv\u00e4rgh\u00f6ns och V\u00e4rml\u00e4ndska skogsf\u00e5r.\u00a0&nbsp; &hellip; Read more\" \/>\n<meta property=\"og:url\" content=\"https:\/\/www.4h.se\/eolshall\/vara-djur-lattlast\/\" \/>\n<meta property=\"og:site_name\" content=\"Eolsh\u00e4lls 4H-g\u00e5rd\" \/>\n<meta property=\"article:modified_time\" content=\"2025-02-03T20:27:41+00:00\" \/>\n<meta name=\"twitter:card\" content=\"summary_large_image\" \/>\n<script type=\"application\/ld+json\" class=\"yoast-schema-graph\">{\"@context\":\"https:\\\/\\\/schema.org\",\"@graph\":[{\"@type\":\"WebPage\",\"@id\":\"https:\\\/\\\/www.4h.se\\\/eolshall\\\/vara-djur-lattlast\\\/\",\"url\":\"https:\\\/\\\/www.4h.se\\\/eolshall\\\/vara-djur-lattlast\\\/\",\"name\":\"V\u00e5ra djur - l\u00e4ttl\u00e4st - Eolsh\u00e4lls 4H-g\u00e5rd\",\"isPartOf\":{\"@id\":\"https:\\\/\\\/www.4h.se\\\/eolshall\\\/#website\"},\"datePublished\":\"2024-02-02T14:49:57+00:00\",\"dateModified\":\"2025-02-03T20:27:41+00:00\",\"breadcrumb\":{\"@id\":\"https:\\\/\\\/www.4h.se\\\/eolshall\\\/vara-djur-lattlast\\\/#breadcrumb\"},\"inLanguage\":\"sv-SE\",\"potentialAction\":[{\"@type\":\"ReadAction\",\"target\":[\"https:\\\/\\\/www.4h.se\\\/eolshall\\\/vara-djur-lattlast\\\/\"]}]},{\"@type\":\"BreadcrumbList\",\"@id\":\"https:\\\/\\\/www.4h.se\\\/eolshall\\\/vara-djur-lattlast\\\/#breadcrumb\",\"itemListElement\":[{\"@type\":\"ListItem\",\"position\":1,\"name\":\"Hem\",\"item\":\"https:\\\/\\\/www.4h.se\\\/eolshall\\\/\"},{\"@type\":\"ListItem\",\"position\":2,\"name\":\"V\u00e5ra djur &#8211; l\u00e4ttl\u00e4st\"}]},{\"@type\":\"WebSite\",\"@id\":\"https:\\\/\\\/www.4h.se\\\/eolshall\\\/#website\",\"url\":\"https:\\\/\\\/www.4h.se\\\/eolshall\\\/\",\"name\":\"Eolsh\u00e4lls 4H-g\u00e5rd\",\"description\":\"\",\"potentialAction\":[{\"@type\":\"SearchAction\",\"target\":{\"@type\":\"EntryPoint\",\"urlTemplate\":\"https:\\\/\\\/www.4h.se\\\/eolshall\\\/?s={search_term_string}\"},\"query-input\":{\"@type\":\"PropertyValueSpecification\",\"valueRequired\":true,\"valueName\":\"search_term_string\"}}],\"inLanguage\":\"sv-SE\"}]}<\/script>\n<!-- \/ Yoast SEO plugin. -->","yoast_head_json":{"title":"V\u00e5ra djur - l\u00e4ttl\u00e4st - Eolsh\u00e4lls 4H-g\u00e5rd","robots":{"index":"index","follow":"follow","max-snippet":"max-snippet:-1","max-image-preview":"max-image-preview:large","max-video-preview":"max-video-preview:-1"},"canonical":"https:\/\/www.4h.se\/eolshall\/vara-djur-lattlast\/","og_locale":"sv_SE","og_type":"article","og_title":"V\u00e5ra djur - l\u00e4ttl\u00e4st - Eolsh\u00e4lls 4H-g\u00e5rd","og_description":"[vc_row][vc_column][vc_column_text css=&#8221;&#8221;] V\u00e5ra djur V\u00e5ra djur \u00e4r lantraser. En lantras \u00e4r mindre avlad \u00e4n andra raser. En lantras \u00e4r anpassad till sin naturliga milj\u00f6. M\u00e5nga andra raser avlas fram under kort tid f\u00f6r att kunna anv\u00e4ndas av m\u00e4nniskor. P\u00e5 Eolsh\u00e4lls 4H-g\u00e5rd har vi olika lantraser. Vi har raserna fj\u00e4lln\u00e4ra ko, \u00d6l\u00e4ndska dv\u00e4rgh\u00f6ns och V\u00e4rml\u00e4ndska skogsf\u00e5r.\u00a0&nbsp; &hellip; Read more","og_url":"https:\/\/www.4h.se\/eolshall\/vara-djur-lattlast\/","og_site_name":"Eolsh\u00e4lls 4H-g\u00e5rd","article_modified_time":"2025-02-03T20:27:41+00:00","twitter_card":"summary_large_image","schema":{"@context":"https:\/\/schema.org","@graph":[{"@type":"WebPage","@id":"https:\/\/www.4h.se\/eolshall\/vara-djur-lattlast\/","url":"https:\/\/www.4h.se\/eolshall\/vara-djur-lattlast\/","name":"V\u00e5ra djur - l\u00e4ttl\u00e4st - Eolsh\u00e4lls 4H-g\u00e5rd","isPartOf":{"@id":"https:\/\/www.4h.se\/eolshall\/#website"},"datePublished":"2024-02-02T14:49:57+00:00","dateModified":"2025-02-03T20:27:41+00:00","breadcrumb":{"@id":"https:\/\/www.4h.se\/eolshall\/vara-djur-lattlast\/#breadcrumb"},"inLanguage":"sv-SE","potentialAction":[{"@type":"ReadAction","target":["https:\/\/www.4h.se\/eolshall\/vara-djur-lattlast\/"]}]},{"@type":"BreadcrumbList","@id":"https:\/\/www.4h.se\/eolshall\/vara-djur-lattlast\/#breadcrumb","itemListElement":[{"@type":"ListItem","position":1,"name":"Hem","item":"https:\/\/www.4h.se\/eolshall\/"},{"@type":"ListItem","position":2,"name":"V\u00e5ra djur &#8211; l\u00e4ttl\u00e4st"}]},{"@type":"WebSite","@id":"https:\/\/www.4h.se\/eolshall\/#website","url":"https:\/\/www.4h.se\/eolshall\/","name":"Eolsh\u00e4lls 4H-g\u00e5rd","description":"","potentialAction":[{"@type":"SearchAction","target":{"@type":"EntryPoint","urlTemplate":"https:\/\/www.4h.se\/eolshall\/?s={search_term_string}"},"query-input":{"@type":"PropertyValueSpecification","valueRequired":true,"valueName":"search_term_string"}}],"inLanguage":"sv-SE"}]}},"_links":{"self":[{"href":"https:\/\/www.4h.se\/eolshall\/wp-json\/wp\/v2\/pages\/1349","targetHints":{"allow":["GET"]}}],"collection":[{"href":"https:\/\/www.4h.se\/eolshall\/wp-json\/wp\/v2\/pages"}],"about":[{"href":"https:\/\/www.4h.se\/eolshall\/wp-json\/wp\/v2\/types\/page"}],"author":[{"embeddable":true,"href":"https:\/\/www.4h.se\/eolshall\/wp-json\/wp\/v2\/users\/162"}],"replies":[{"embeddable":true,"href":"https:\/\/www.4h.se\/eolshall\/wp-json\/wp\/v2\/comments?post=1349"}],"version-history":[{"count":0,"href":"https:\/\/www.4h.se\/eolshall\/wp-json\/wp\/v2\/pages\/1349\/revisions"}],"wp:attachment":[{"href":"https:\/\/www.4h.se\/eolshall\/wp-json\/wp\/v2\/media?parent=1349"}],"curies":[{"name":"wp","href":"https:\/\/api.w.org\/{rel}","templated":true}]}}