



{"id":1347,"date":"2024-02-02T15:48:19","date_gmt":"2024-02-02T14:48:19","guid":{"rendered":"https:\/\/www.4h.se\/eolshall\/?page_id=1347"},"modified":"2025-02-03T21:27:40","modified_gmt":"2025-02-03T20:27:40","slug":"hitta-hit-lattlast","status":"publish","type":"page","link":"https:\/\/www.4h.se\/eolshall\/hitta-hit-lattlast\/","title":{"rendered":"Hitta hit &#8211; l\u00e4ttl\u00e4st"},"content":{"rendered":"<div class=\"wpb-content-wrapper\"><p>[vc_row][vc_column][vc_column_text css=&#8221;&#8221;]<\/p>\n<h1><span style=\"text-decoration: underline\">Hitta hit<\/span><\/h1>\n<p>N\u00e4r du k\u00f6r bil till oss m\u00e5ste du parkera ovanf\u00f6r backen.<\/p>\n<p>Bara f\u00e4rdtj\u00e4nst och leveranser f\u00e5r k\u00f6ra ner till g\u00e5rden.<\/p>\n<p>Om du ska \u00e5ka kommunalt till oss<\/p>\n<p>ska du \u00e5ka till Axelsbergs tunnelbanestation.<\/p>\n<p>Sen g\u00e5r du ut till v\u00e4nster utanf\u00f6r ing\u00e5ngen<\/p>\n<p>och g\u00e5r genom centrum.<\/p>\n<p>N\u00e4r du kommer till H\u00e4gerstens all\u00e9<\/p>\n<p>g\u00e5r du till v\u00e4nster.<\/p>\n<p>G\u00e5 p\u00e5 H\u00e4gerstens All\u00e9<\/p>\n<p>tills du kommer till Eolsh\u00e4llsv\u00e4gen.<\/p>\n<p>Det finns en backe vid slutet av Eolsh\u00e4llsv\u00e4gen.<\/p>\n<p>G\u00e5 ner f\u00f6r den.<\/p>\n<p>G\u00e5 till h\u00f6ger n\u00e4r du har g\u00e5tt ner f\u00f6r backen.<\/p>\n<p>&nbsp;<\/p>\n<p>&nbsp;<\/p>\n<h1>\u00d6ppettider<\/h1>\n<p>Djuren finns att se i hagarna alla dagar kl.09:00-16:00<\/p>\n<p>&nbsp;<\/p>\n<h1>Kontakt<\/h1>\n<h4>Telefonnummer:<\/h4>\n<p>0760225221<\/p>\n<p>&nbsp;<\/p>\n<h4>E-postadress:<\/h4>\n<p><a href=\"mailto:eolshall@4h.se\">eolshall@4h.se<\/a><\/p>\n<p>&nbsp;<\/p>\n<h4>Adress:<\/h4>\n<p>Eolsh\u00e4llsv\u00e4gen 10<\/p>\n<p>12937 H\u00e4gersten[\/vc_column_text][\/vc_column][\/vc_row]<\/p>\n<\/div>","protected":false},"excerpt":{"rendered":"<p>[vc_row][vc_column][vc_column_text css=&#8221;&#8221;] Hitta hit N\u00e4r du k\u00f6r bil till oss m\u00e5ste du parkera ovanf\u00f6r backen. Bara f\u00e4rdtj\u00e4nst och leveranser f\u00e5r k\u00f6ra ner till g\u00e5rden. Om du ska \u00e5ka kommunalt till oss ska du \u00e5ka till Axelsbergs tunnelbanestation. Sen g\u00e5r du ut till v\u00e4nster utanf\u00f6r ing\u00e5ngen och g\u00e5r genom centrum. N\u00e4r du kommer till H\u00e4gerstens all\u00e9&nbsp; <a href=\"https:\/\/www.4h.se\/eolshall\/hitta-hit-lattlast\/\">&hellip; Read more <i class=\"glyphicon glyphicon-arrow-right\"><\/i><\/a><\/p>\n","protected":false},"author":162,"featured_media":0,"parent":0,"menu_order":56,"comment_status":"closed","ping_status":"closed","template":"","meta":{"footnotes":""},"class_list":["post-1347","page","type-page","status-publish","hentry"],"yoast_head":"<!-- This site is optimized with the Yoast SEO plugin v27.4 - https:\/\/yoast.com\/product\/yoast-seo-wordpress\/ -->\n<title>Hitta hit - l\u00e4ttl\u00e4st - Eolsh\u00e4lls 4H-g\u00e5rd<\/title>\n<meta name=\"robots\" content=\"index, follow, max-snippet:-1, max-image-preview:large, max-video-preview:-1\" \/>\n<link rel=\"canonical\" href=\"https:\/\/www.4h.se\/eolshall\/hitta-hit-lattlast\/\" \/>\n<meta property=\"og:locale\" content=\"sv_SE\" \/>\n<meta property=\"og:type\" content=\"article\" \/>\n<meta property=\"og:title\" content=\"Hitta hit - l\u00e4ttl\u00e4st - Eolsh\u00e4lls 4H-g\u00e5rd\" \/>\n<meta property=\"og:description\" content=\"[vc_row][vc_column][vc_column_text css=&#8221;&#8221;] Hitta hit N\u00e4r du k\u00f6r bil till oss m\u00e5ste du parkera ovanf\u00f6r backen. Bara f\u00e4rdtj\u00e4nst och leveranser f\u00e5r k\u00f6ra ner till g\u00e5rden. Om du ska \u00e5ka kommunalt till oss ska du \u00e5ka till Axelsbergs tunnelbanestation. Sen g\u00e5r du ut till v\u00e4nster utanf\u00f6r ing\u00e5ngen och g\u00e5r genom centrum. N\u00e4r du kommer till H\u00e4gerstens all\u00e9&nbsp; &hellip; Read more\" \/>\n<meta property=\"og:url\" content=\"https:\/\/www.4h.se\/eolshall\/hitta-hit-lattlast\/\" \/>\n<meta property=\"og:site_name\" content=\"Eolsh\u00e4lls 4H-g\u00e5rd\" \/>\n<meta property=\"article:modified_time\" content=\"2025-02-03T20:27:40+00:00\" \/>\n<meta name=\"twitter:card\" content=\"summary_large_image\" \/>\n<script type=\"application\/ld+json\" class=\"yoast-schema-graph\">{\"@context\":\"https:\\\/\\\/schema.org\",\"@graph\":[{\"@type\":\"WebPage\",\"@id\":\"https:\\\/\\\/www.4h.se\\\/eolshall\\\/hitta-hit-lattlast\\\/\",\"url\":\"https:\\\/\\\/www.4h.se\\\/eolshall\\\/hitta-hit-lattlast\\\/\",\"name\":\"Hitta hit - l\u00e4ttl\u00e4st - Eolsh\u00e4lls 4H-g\u00e5rd\",\"isPartOf\":{\"@id\":\"https:\\\/\\\/www.4h.se\\\/eolshall\\\/#website\"},\"datePublished\":\"2024-02-02T14:48:19+00:00\",\"dateModified\":\"2025-02-03T20:27:40+00:00\",\"breadcrumb\":{\"@id\":\"https:\\\/\\\/www.4h.se\\\/eolshall\\\/hitta-hit-lattlast\\\/#breadcrumb\"},\"inLanguage\":\"sv-SE\",\"potentialAction\":[{\"@type\":\"ReadAction\",\"target\":[\"https:\\\/\\\/www.4h.se\\\/eolshall\\\/hitta-hit-lattlast\\\/\"]}]},{\"@type\":\"BreadcrumbList\",\"@id\":\"https:\\\/\\\/www.4h.se\\\/eolshall\\\/hitta-hit-lattlast\\\/#breadcrumb\",\"itemListElement\":[{\"@type\":\"ListItem\",\"position\":1,\"name\":\"Hem\",\"item\":\"https:\\\/\\\/www.4h.se\\\/eolshall\\\/\"},{\"@type\":\"ListItem\",\"position\":2,\"name\":\"Hitta hit &#8211; l\u00e4ttl\u00e4st\"}]},{\"@type\":\"WebSite\",\"@id\":\"https:\\\/\\\/www.4h.se\\\/eolshall\\\/#website\",\"url\":\"https:\\\/\\\/www.4h.se\\\/eolshall\\\/\",\"name\":\"Eolsh\u00e4lls 4H-g\u00e5rd\",\"description\":\"\",\"potentialAction\":[{\"@type\":\"SearchAction\",\"target\":{\"@type\":\"EntryPoint\",\"urlTemplate\":\"https:\\\/\\\/www.4h.se\\\/eolshall\\\/?s={search_term_string}\"},\"query-input\":{\"@type\":\"PropertyValueSpecification\",\"valueRequired\":true,\"valueName\":\"search_term_string\"}}],\"inLanguage\":\"sv-SE\"}]}<\/script>\n<!-- \/ Yoast SEO plugin. -->","yoast_head_json":{"title":"Hitta hit - l\u00e4ttl\u00e4st - Eolsh\u00e4lls 4H-g\u00e5rd","robots":{"index":"index","follow":"follow","max-snippet":"max-snippet:-1","max-image-preview":"max-image-preview:large","max-video-preview":"max-video-preview:-1"},"canonical":"https:\/\/www.4h.se\/eolshall\/hitta-hit-lattlast\/","og_locale":"sv_SE","og_type":"article","og_title":"Hitta hit - l\u00e4ttl\u00e4st - Eolsh\u00e4lls 4H-g\u00e5rd","og_description":"[vc_row][vc_column][vc_column_text css=&#8221;&#8221;] Hitta hit N\u00e4r du k\u00f6r bil till oss m\u00e5ste du parkera ovanf\u00f6r backen. Bara f\u00e4rdtj\u00e4nst och leveranser f\u00e5r k\u00f6ra ner till g\u00e5rden. Om du ska \u00e5ka kommunalt till oss ska du \u00e5ka till Axelsbergs tunnelbanestation. Sen g\u00e5r du ut till v\u00e4nster utanf\u00f6r ing\u00e5ngen och g\u00e5r genom centrum. N\u00e4r du kommer till H\u00e4gerstens all\u00e9&nbsp; &hellip; Read more","og_url":"https:\/\/www.4h.se\/eolshall\/hitta-hit-lattlast\/","og_site_name":"Eolsh\u00e4lls 4H-g\u00e5rd","article_modified_time":"2025-02-03T20:27:40+00:00","twitter_card":"summary_large_image","schema":{"@context":"https:\/\/schema.org","@graph":[{"@type":"WebPage","@id":"https:\/\/www.4h.se\/eolshall\/hitta-hit-lattlast\/","url":"https:\/\/www.4h.se\/eolshall\/hitta-hit-lattlast\/","name":"Hitta hit - l\u00e4ttl\u00e4st - Eolsh\u00e4lls 4H-g\u00e5rd","isPartOf":{"@id":"https:\/\/www.4h.se\/eolshall\/#website"},"datePublished":"2024-02-02T14:48:19+00:00","dateModified":"2025-02-03T20:27:40+00:00","breadcrumb":{"@id":"https:\/\/www.4h.se\/eolshall\/hitta-hit-lattlast\/#breadcrumb"},"inLanguage":"sv-SE","potentialAction":[{"@type":"ReadAction","target":["https:\/\/www.4h.se\/eolshall\/hitta-hit-lattlast\/"]}]},{"@type":"BreadcrumbList","@id":"https:\/\/www.4h.se\/eolshall\/hitta-hit-lattlast\/#breadcrumb","itemListElement":[{"@type":"ListItem","position":1,"name":"Hem","item":"https:\/\/www.4h.se\/eolshall\/"},{"@type":"ListItem","position":2,"name":"Hitta hit &#8211; l\u00e4ttl\u00e4st"}]},{"@type":"WebSite","@id":"https:\/\/www.4h.se\/eolshall\/#website","url":"https:\/\/www.4h.se\/eolshall\/","name":"Eolsh\u00e4lls 4H-g\u00e5rd","description":"","potentialAction":[{"@type":"SearchAction","target":{"@type":"EntryPoint","urlTemplate":"https:\/\/www.4h.se\/eolshall\/?s={search_term_string}"},"query-input":{"@type":"PropertyValueSpecification","valueRequired":true,"valueName":"search_term_string"}}],"inLanguage":"sv-SE"}]}},"_links":{"self":[{"href":"https:\/\/www.4h.se\/eolshall\/wp-json\/wp\/v2\/pages\/1347","targetHints":{"allow":["GET"]}}],"collection":[{"href":"https:\/\/www.4h.se\/eolshall\/wp-json\/wp\/v2\/pages"}],"about":[{"href":"https:\/\/www.4h.se\/eolshall\/wp-json\/wp\/v2\/types\/page"}],"author":[{"embeddable":true,"href":"https:\/\/www.4h.se\/eolshall\/wp-json\/wp\/v2\/users\/162"}],"replies":[{"embeddable":true,"href":"https:\/\/www.4h.se\/eolshall\/wp-json\/wp\/v2\/comments?post=1347"}],"version-history":[{"count":0,"href":"https:\/\/www.4h.se\/eolshall\/wp-json\/wp\/v2\/pages\/1347\/revisions"}],"wp:attachment":[{"href":"https:\/\/www.4h.se\/eolshall\/wp-json\/wp\/v2\/media?parent=1347"}],"curies":[{"name":"wp","href":"https:\/\/api.w.org\/{rel}","templated":true}]}}