



{"id":1345,"date":"2024-02-02T15:44:08","date_gmt":"2024-02-02T14:44:08","guid":{"rendered":"https:\/\/www.4h.se\/eolshall\/?page_id=1345"},"modified":"2025-02-03T21:27:40","modified_gmt":"2025-02-03T20:27:40","slug":"om-4h-lattlast","status":"publish","type":"page","link":"https:\/\/www.4h.se\/eolshall\/om-4h-lattlast\/","title":{"rendered":"Om 4H &#8211; l\u00e4ttl\u00e4st"},"content":{"rendered":"<div class=\"wpb-content-wrapper\"><p>[vc_row][vc_column][vc_column_text css=&#8221;&#8221;]<\/p>\n<h1>Om\u00a04H<\/h1>\n<p>&nbsp;<\/p>\n<p>4H \u00e4r en verksamhet f\u00f6r barn och unga<\/p>\n<p>I 4H ska alla barn och unga f\u00e5 utvecklas och m\u00e5 bra.<\/p>\n<p>Vi vill att alla ska f\u00e5 l\u00e4ra sig<\/p>\n<p>om ansvar och respekt.<\/p>\n<p>&nbsp;<\/p>\n<h2>4H i praktiken<\/h2>\n<p>&nbsp;<\/p>\n<p>Alla har ansvar f\u00f6r v\u00e4rlden och samh\u00e4llet.<\/p>\n<p>Du m\u00e5ste ha kunskap f\u00f6r att kunna ta ansvar,<\/p>\n<p>f\u00f6r\u00e4ndra och utveckla v\u00e4rlden.<\/p>\n<p>&nbsp;<\/p>\n<p>Hos 4H f\u00e5r du kunskap.<\/p>\n<p>Hos 4H l\u00e4r du dig saker genom att g\u00f6ra saker.<\/p>\n<p>Hos 4H ska du v\u00e5ga fr\u00e5ga,<\/p>\n<p>v\u00e5ga tycka och v\u00e5ga s\u00e4ga ifr\u00e5n.<\/p>\n<p>Vi vill att alla v\u00e5ra medlemmar ska utvecklas och<\/p>\n<p>vara med och best\u00e4mma.<\/p>\n<p>&nbsp;<\/p>\n<p>4H hj\u00e4lper barn och unga att vara med och<\/p>\n<p>best\u00e4mma \u00f6ver sin fritid.<\/p>\n<p>Vi tycker att det \u00e4r bra att vara med i<\/p>\n<p>en styrelse f\u00f6r en f\u00f6rening.<\/p>\n<p>\u00c4r du med i en styrelse l\u00e4r du dig mycket.<\/p>\n<p>&nbsp;<\/p>\n<p>Alla f\u00e5r vara med i 4H.<\/p>\n<p>Vi arbetar med respekt och empati.<\/p>\n<p>Vi arbetar f\u00f6r att alla ska m\u00e5 bra.<\/p>\n<p>Det \u00e4r viktigt f\u00f6r oss.<\/p>\n<p>&nbsp;<\/p>\n<p>&nbsp;<\/p>\n<h2>4H:s pedagogik och motto<\/h2>\n<p>&nbsp;<\/p>\n<p>V\u00e5rt motto \u00e4r \u201cL\u00e4ra genom att g\u00f6ra\u201d.<\/p>\n<p>V\u00e5rt motto \u00e4r viktigt f\u00f6r oss.<\/p>\n<p>Det hj\u00e4lper barn och ungdomar<\/p>\n<p>att v\u00e5ga prova nya saker.<\/p>\n<p>Det g\u00f6r det ocks\u00e5 l\u00e4tt och roligt att l\u00e4ra sig.<\/p>\n<p>Vi \u00e4r stolta \u00f6ver v\u00e5rt motto.<\/p>\n<p>Barn och ungas tro p\u00e5 sig sj\u00e4lva<\/p>\n<p>blir starkare om de f\u00e5r g\u00f6ra saker<\/p>\n<p>och de kan utvecklas mer.<\/p>\n<p><p>&nbsp;<\/p>\n<h2>4H betyder huvud, Hj\u00e4rta, Hand och h\u00e4lsa.<\/h2>\n<ul>\n<li><strong>Huvudets H<\/strong> betyder att du m\u00e5ste ha kunskap<br \/>\nf\u00f6r att kunna ta ansvar.<\/li>\n<li><strong>Hj\u00e4rtats H<\/strong> betyder att du ska visa k\u00e4rlek,<br \/>\nmedk\u00e4nsla och respekt.<\/li>\n<li><strong>Handens H<\/strong> betyder att du g\u00f6r det du har l\u00e4rt dig.<\/li>\n<li><strong>H\u00e4lsans H<\/strong> betyder att du m\u00e5r bra n\u00e4r du f\u00e5r utvecklas.<\/li>\n<\/ul>\n<p>&nbsp;<\/p>\n<p>Hos 4H vill vi att du som \u00e4r ungdom ska vara med<\/p>\n<p>och leda aktiviteter f\u00f6r barnen.<\/p>\n<p>Det \u00e4r ett bra s\u00e4tt f\u00f6r dig utvecklas<\/p>\n<p>och att l\u00e4ra dig att ta ansvar.[\/vc_column_text][\/vc_column][\/vc_row]<\/p>\n<\/div>","protected":false},"excerpt":{"rendered":"<p>[vc_row][vc_column][vc_column_text css=&#8221;&#8221;] Om\u00a04H &nbsp; 4H \u00e4r en verksamhet f\u00f6r barn och unga I 4H ska alla barn och unga f\u00e5 utvecklas och m\u00e5 bra. Vi vill att alla ska f\u00e5 l\u00e4ra sig om ansvar och respekt. &nbsp; 4H i praktiken &nbsp; Alla har ansvar f\u00f6r v\u00e4rlden och samh\u00e4llet. Du m\u00e5ste ha kunskap f\u00f6r att kunna&nbsp; <a href=\"https:\/\/www.4h.se\/eolshall\/om-4h-lattlast\/\">&hellip; Read more <i class=\"glyphicon glyphicon-arrow-right\"><\/i><\/a><\/p>\n","protected":false},"author":162,"featured_media":0,"parent":0,"menu_order":98,"comment_status":"closed","ping_status":"closed","template":"","meta":{"footnotes":""},"class_list":["post-1345","page","type-page","status-publish","hentry"],"yoast_head":"<!-- This site is optimized with the Yoast SEO plugin v27.4 - https:\/\/yoast.com\/product\/yoast-seo-wordpress\/ -->\n<title>Om 4H - l\u00e4ttl\u00e4st - Eolsh\u00e4lls 4H-g\u00e5rd<\/title>\n<meta name=\"robots\" content=\"index, follow, max-snippet:-1, max-image-preview:large, max-video-preview:-1\" \/>\n<link rel=\"canonical\" href=\"https:\/\/www.4h.se\/eolshall\/om-4h-lattlast\/\" \/>\n<meta property=\"og:locale\" content=\"sv_SE\" \/>\n<meta property=\"og:type\" content=\"article\" \/>\n<meta property=\"og:title\" content=\"Om 4H - l\u00e4ttl\u00e4st - Eolsh\u00e4lls 4H-g\u00e5rd\" \/>\n<meta property=\"og:description\" content=\"[vc_row][vc_column][vc_column_text css=&#8221;&#8221;] Om\u00a04H &nbsp; 4H \u00e4r en verksamhet f\u00f6r barn och unga I 4H ska alla barn och unga f\u00e5 utvecklas och m\u00e5 bra. Vi vill att alla ska f\u00e5 l\u00e4ra sig om ansvar och respekt. &nbsp; 4H i praktiken &nbsp; Alla har ansvar f\u00f6r v\u00e4rlden och samh\u00e4llet. Du m\u00e5ste ha kunskap f\u00f6r att kunna&nbsp; &hellip; Read more\" \/>\n<meta property=\"og:url\" content=\"https:\/\/www.4h.se\/eolshall\/om-4h-lattlast\/\" \/>\n<meta property=\"og:site_name\" content=\"Eolsh\u00e4lls 4H-g\u00e5rd\" \/>\n<meta property=\"article:modified_time\" content=\"2025-02-03T20:27:40+00:00\" \/>\n<meta name=\"twitter:card\" content=\"summary_large_image\" \/>\n<script type=\"application\/ld+json\" class=\"yoast-schema-graph\">{\"@context\":\"https:\\\/\\\/schema.org\",\"@graph\":[{\"@type\":\"WebPage\",\"@id\":\"https:\\\/\\\/www.4h.se\\\/eolshall\\\/om-4h-lattlast\\\/\",\"url\":\"https:\\\/\\\/www.4h.se\\\/eolshall\\\/om-4h-lattlast\\\/\",\"name\":\"Om 4H - l\u00e4ttl\u00e4st - Eolsh\u00e4lls 4H-g\u00e5rd\",\"isPartOf\":{\"@id\":\"https:\\\/\\\/www.4h.se\\\/eolshall\\\/#website\"},\"datePublished\":\"2024-02-02T14:44:08+00:00\",\"dateModified\":\"2025-02-03T20:27:40+00:00\",\"breadcrumb\":{\"@id\":\"https:\\\/\\\/www.4h.se\\\/eolshall\\\/om-4h-lattlast\\\/#breadcrumb\"},\"inLanguage\":\"sv-SE\",\"potentialAction\":[{\"@type\":\"ReadAction\",\"target\":[\"https:\\\/\\\/www.4h.se\\\/eolshall\\\/om-4h-lattlast\\\/\"]}]},{\"@type\":\"BreadcrumbList\",\"@id\":\"https:\\\/\\\/www.4h.se\\\/eolshall\\\/om-4h-lattlast\\\/#breadcrumb\",\"itemListElement\":[{\"@type\":\"ListItem\",\"position\":1,\"name\":\"Hem\",\"item\":\"https:\\\/\\\/www.4h.se\\\/eolshall\\\/\"},{\"@type\":\"ListItem\",\"position\":2,\"name\":\"Om 4H &#8211; l\u00e4ttl\u00e4st\"}]},{\"@type\":\"WebSite\",\"@id\":\"https:\\\/\\\/www.4h.se\\\/eolshall\\\/#website\",\"url\":\"https:\\\/\\\/www.4h.se\\\/eolshall\\\/\",\"name\":\"Eolsh\u00e4lls 4H-g\u00e5rd\",\"description\":\"\",\"potentialAction\":[{\"@type\":\"SearchAction\",\"target\":{\"@type\":\"EntryPoint\",\"urlTemplate\":\"https:\\\/\\\/www.4h.se\\\/eolshall\\\/?s={search_term_string}\"},\"query-input\":{\"@type\":\"PropertyValueSpecification\",\"valueRequired\":true,\"valueName\":\"search_term_string\"}}],\"inLanguage\":\"sv-SE\"}]}<\/script>\n<!-- \/ Yoast SEO plugin. -->","yoast_head_json":{"title":"Om 4H - l\u00e4ttl\u00e4st - Eolsh\u00e4lls 4H-g\u00e5rd","robots":{"index":"index","follow":"follow","max-snippet":"max-snippet:-1","max-image-preview":"max-image-preview:large","max-video-preview":"max-video-preview:-1"},"canonical":"https:\/\/www.4h.se\/eolshall\/om-4h-lattlast\/","og_locale":"sv_SE","og_type":"article","og_title":"Om 4H - l\u00e4ttl\u00e4st - Eolsh\u00e4lls 4H-g\u00e5rd","og_description":"[vc_row][vc_column][vc_column_text css=&#8221;&#8221;] Om\u00a04H &nbsp; 4H \u00e4r en verksamhet f\u00f6r barn och unga I 4H ska alla barn och unga f\u00e5 utvecklas och m\u00e5 bra. Vi vill att alla ska f\u00e5 l\u00e4ra sig om ansvar och respekt. &nbsp; 4H i praktiken &nbsp; Alla har ansvar f\u00f6r v\u00e4rlden och samh\u00e4llet. Du m\u00e5ste ha kunskap f\u00f6r att kunna&nbsp; &hellip; Read more","og_url":"https:\/\/www.4h.se\/eolshall\/om-4h-lattlast\/","og_site_name":"Eolsh\u00e4lls 4H-g\u00e5rd","article_modified_time":"2025-02-03T20:27:40+00:00","twitter_card":"summary_large_image","schema":{"@context":"https:\/\/schema.org","@graph":[{"@type":"WebPage","@id":"https:\/\/www.4h.se\/eolshall\/om-4h-lattlast\/","url":"https:\/\/www.4h.se\/eolshall\/om-4h-lattlast\/","name":"Om 4H - l\u00e4ttl\u00e4st - Eolsh\u00e4lls 4H-g\u00e5rd","isPartOf":{"@id":"https:\/\/www.4h.se\/eolshall\/#website"},"datePublished":"2024-02-02T14:44:08+00:00","dateModified":"2025-02-03T20:27:40+00:00","breadcrumb":{"@id":"https:\/\/www.4h.se\/eolshall\/om-4h-lattlast\/#breadcrumb"},"inLanguage":"sv-SE","potentialAction":[{"@type":"ReadAction","target":["https:\/\/www.4h.se\/eolshall\/om-4h-lattlast\/"]}]},{"@type":"BreadcrumbList","@id":"https:\/\/www.4h.se\/eolshall\/om-4h-lattlast\/#breadcrumb","itemListElement":[{"@type":"ListItem","position":1,"name":"Hem","item":"https:\/\/www.4h.se\/eolshall\/"},{"@type":"ListItem","position":2,"name":"Om 4H &#8211; l\u00e4ttl\u00e4st"}]},{"@type":"WebSite","@id":"https:\/\/www.4h.se\/eolshall\/#website","url":"https:\/\/www.4h.se\/eolshall\/","name":"Eolsh\u00e4lls 4H-g\u00e5rd","description":"","potentialAction":[{"@type":"SearchAction","target":{"@type":"EntryPoint","urlTemplate":"https:\/\/www.4h.se\/eolshall\/?s={search_term_string}"},"query-input":{"@type":"PropertyValueSpecification","valueRequired":true,"valueName":"search_term_string"}}],"inLanguage":"sv-SE"}]}},"_links":{"self":[{"href":"https:\/\/www.4h.se\/eolshall\/wp-json\/wp\/v2\/pages\/1345","targetHints":{"allow":["GET"]}}],"collection":[{"href":"https:\/\/www.4h.se\/eolshall\/wp-json\/wp\/v2\/pages"}],"about":[{"href":"https:\/\/www.4h.se\/eolshall\/wp-json\/wp\/v2\/types\/page"}],"author":[{"embeddable":true,"href":"https:\/\/www.4h.se\/eolshall\/wp-json\/wp\/v2\/users\/162"}],"replies":[{"embeddable":true,"href":"https:\/\/www.4h.se\/eolshall\/wp-json\/wp\/v2\/comments?post=1345"}],"version-history":[{"count":0,"href":"https:\/\/www.4h.se\/eolshall\/wp-json\/wp\/v2\/pages\/1345\/revisions"}],"wp:attachment":[{"href":"https:\/\/www.4h.se\/eolshall\/wp-json\/wp\/v2\/media?parent=1345"}],"curies":[{"name":"wp","href":"https:\/\/api.w.org\/{rel}","templated":true}]}}