



{"id":1294,"date":"2023-11-08T13:29:51","date_gmt":"2023-11-08T12:29:51","guid":{"rendered":"https:\/\/www.4h.se\/eolshall\/?page_id=1294"},"modified":"2025-02-03T21:27:41","modified_gmt":"2025-02-03T20:27:41","slug":"alder-8-10-ar","status":"publish","type":"page","link":"https:\/\/www.4h.se\/eolshall\/alder-8-10-ar\/","title":{"rendered":"\u00c5lder 8-10 \u00e5r"},"content":{"rendered":"<div class=\"wpb-content-wrapper\"><p>[vc_row][vc_column width=&#8221;1\/2&#8243;][vc_column_text css=&#8221;&#8221;]<\/p>\n<h4>\u00c5lder 8-10 \u00e5r<\/h4>\n<h4>Djursk\u00f6tarkurs onsdagar v.4<\/h4>\n<h5><strong>Kursdatum:<\/strong><\/h5>\n<h5><strong>Tid:<\/strong> Kl. 16:00 &#8211; 17:00<\/h5>\n<h5><strong>\u00c5lder:<\/strong> 8-10 \u00e5r<\/h5>\n<h5><strong>Kursavgift: <\/strong>1700kr<\/h5>\n<h5><strong>Medlemsavgift:<\/strong> 300kr<\/h5>\n<p>&nbsp;<\/p>\n<p>P\u00e5 onsdagar har vi djursk\u00f6tarkurs f\u00f6r barn 8-10 \u00e5r som vill l\u00e4ra sig om g\u00e5rdens djur. Barnen f\u00e5r kunskap om v\u00e5ra djur genom b\u00e5de teori och praktik.<\/p>\n<p>P\u00e5 g\u00e5rden har vi h\u00e4star, kor, f\u00e5r, kaniner, h\u00f6ns och katter. Vi fokuserar p\u00e5 gemenskap och respekt f\u00f6r varje individ, l\u00e4r ut om 4H, hantverk och foder.<\/p>\n<p>Kursen kan man g\u00e5 flera g\u00e5nger, det finns s\u00e5 mycket att l\u00e4ra sig!<\/p>\n<p>Terminen \u00e4r 15 g\u00e5nger<\/p>\n<p>&nbsp;<\/p>\n<h5><\/h5>\n<p>&nbsp;<\/p>\n<h4><a href=\"https:\/\/www.antribe.com\/org\/4h\/eolshalls-4h\/event\/hastskotarkurs24\">H\u00e4stsk\u00f6tarkurs I<\/a><\/h4>\n<h5><strong>Kursdatum:\u00a0<\/strong><\/h5>\n<h5><strong>Tid:<\/strong> 17:00 &#8211; 18:00<\/h5>\n<h5><strong>\u00c5lder:<\/strong> fr\u00e5n 7 \u00e5r<\/h5>\n<h5><strong>Antal deltagare:<\/strong> 8st<\/h5>\n<h5><strong>Kursavgift:650kr<\/strong><\/h5>\n<h5><strong>Medlemsavgift:<\/strong> 300kr<\/h5>\n<p>P\u00e5 h\u00e4stsk\u00f6tarkursen f\u00e5r deltagarna l\u00e4ra sig om s\u00e4kerhet i stall, hur man ryktar, prova p\u00e5 att sadla och tr\u00e4nsa. Vi l\u00e4r oss ocks\u00e5 om f\u00e4rger och tecken.<\/p>\n<p>Varje g\u00e5ng pysslar vi om h\u00e4starna.<\/p>\n<h4><a href=\"https:\/\/www.antribe.com\/org\/4h\/eolshalls-4h\/event\/kaninskotarkurs-onsdagar-start-v10-eolshalls-4h-gard-1-1\"><strong>kaninsk\u00f6tarkurs start v.35<\/strong><\/a><\/h4>\n<h5><strong>Kursdatum: <\/strong>30\/8, 6\/9, 13\/9, 20\/9 och 27\/9<\/h5>\n<h5><strong>\u00c5lder:<\/strong> Fr\u00e5n 7 \u00e5r<\/h5>\n<h5><strong>Kursavgift:<\/strong> 650kr<\/h5>\n<h5><strong>Medlemsavgift:<\/strong> 300kr<\/h5>\n<p>&nbsp;<\/p>\n<p>Funderar du p\u00e5 att skaffa kanin?<\/p>\n<p>D\u00e5 kan det vara en bra id\u00e9 att g\u00e5 en kurs i kaninsk\u00f6tsel f\u00f6rst. Kaniner beh\u00f6ver motion, r\u00e4tt utfodring och utrymme f\u00f6r att m\u00e5 bra.<\/p>\n<p>P\u00e5 kaninkursen l\u00e4r du dig om hur du tar hand om kaniner p\u00e5 b\u00e4sta s\u00e4tt.<\/p>\n<p>&nbsp;<\/p>\n<h4><a href=\"https:\/\/www.antribe.com\/org\/4h\/eolshalls-4h\/event\/kaninhoppningskurs-eolshalls-4h-gard-1-1\">Kaninhoppning start v.40<\/a><\/h4>\n<h5><strong>Kursdatum: 4\/10, 11\/10, 18\/10 och 25\/10<\/strong><\/h5>\n<h5><strong>\u00c5lder:<\/strong> 7-14 \u00e5r<\/h5>\n<h5><strong>Kursavgift: 560kr<\/strong><\/h5>\n<h5><strong>Medlemsavgift: <\/strong>300kr<\/h5>\n<p>Kursen \u00e4r till f\u00f6r dig med ett intresse f\u00f6r kaninhoppning! I den h\u00e4r kusen f\u00e5r man l\u00e4ra sig grunder om hur man hoppar,<\/p>\n<p>hoppteknik, hur man l\u00e4r en kanin att hoppa och en bra kaninhantering.<\/p>\n<p>Vi hoppar med g\u00e5rden kaniner och det \u00e4r ej till\u00e5tet att ta med egen kanin.<\/p>\n<h4><a href=\"https:\/\/www.antribe.com\/org\/4h\/eolshalls-4h\/event\/ponnyklubben-fran-11-ar-eolshalls-4h-gard-1-1-2-1-1-1-5\">Prova p\u00e5 voltige<\/a><\/h4>\n<h5><strong>Kursdatum:<\/strong> 28\/8, 4\/9, 11\/9, 18\/9 och 25\/9<\/h5>\n<h5><strong>tid: 17.00-18.00<\/strong><\/h5>\n<h5><strong>\u00c5lder:<\/strong> fr\u00e5n 7 \u00e5r<\/h5>\n<h5><strong>Kursavgift: 650<\/strong>\u00a0kr<\/h5>\n<h5><strong>Medlemsavgift: <\/strong>300kr<\/h5>\n<p>Vi provar p\u00e5 de mest grundl\u00e4ggande \u00f6vningarna med fokus p\u00e5 balans och r\u00f6rlighet. Uppv\u00e4rmning ing\u00e5r i passet och vi \u00f6var b\u00e5de fr\u00e5n mark och p\u00e5 h\u00e4stryggen. Alla \u00f6vningar sker i skritt.<\/p>\n<h4><a href=\"https:\/\/www.antribe.com\/org\/4h\/eolshalls-4h\/event\/ponnyklubben-fran-11-ar-eolshalls-4h-gard-1-1-2-1-1-1-5-1\">Bondg\u00e5rdsatelj\u00e9n<\/a><\/h4>\n<h5><strong>Kursdatum: 13\/11, 20\/11, 27\/11, 4\/12 och 11\/12<\/strong><\/h5>\n<h5><strong>tid: 17.00-18.30<\/strong><\/h5>\n<h5><strong>\u00c5lder:<\/strong> fr\u00e5n 7 \u00e5r<\/h5>\n<h5><strong>Kursavgift: 650<\/strong>\u00a0kr<\/h5>\n<h5><strong>Medlemsavgift: <\/strong>300kr<\/h5>\n<p>En skapande kurs d\u00e4r vi l\u00e5ter kreativiteten fl\u00f6da! Med djuren som utg\u00e5ngspunkt tecknar och m\u00e5lar vi. Vi fokuserar p\u00e5 att det ska vara roligt och l\u00e4ra k\u00e4nna materialen vi arbetar med.<br \/>\nAtelj\u00e9n \u00e4r utrustad med bordsstafflier och ritplattor. Material ing\u00e5r i kursavgiften.[\/vc_column_text][\/vc_column][vc_column width=&#8221;1\/2&#8243;][vc_column_text css=&#8221;.vc_custom_1716210278771{background-color: #ffffff !important;}&#8221;]<\/p>\n<h4><span style=\"color: #000000\">Information <\/span>anm\u00e4lan och bokning<\/h4>\n<p>&nbsp;<\/p>\n<h5>H\u00f6stens kurser sl\u00e4pps f\u00f6rsta veckan i juni<\/h5>\n<h5>Anm\u00e4l dig via medlemssystemet Antribe.\u00a0<b>Klicka p\u00e5 kursen f\u00f6r att komma till anm\u00e4lan.<\/b><\/h5>\n<h5>F\u00f6r att g\u00e5 kursen beh\u00f6ver deltagaren vara medlem vid kursstart. Medlemskap skapas vid anm\u00e4lan.<\/h5>\n<p>Observera att anm\u00e4lan ska g\u00f6ras i kursdeltagarens namn och personnummer.<\/p>\n<h5>I m\u00e5n av plats g\u00e5r det att b\u00f6rja en p\u00e5g\u00e5ende kurs. Avgiften dras d\u00e5 av f\u00f6r missade tillf\u00e4llen.<\/h5>\n<h5>Vid f\u00e4rre \u00e4n fem anm\u00e4lda deltagare tv\u00e5 veckor innan kursstart kan kursen st\u00e4llas in.<\/h5>\n<h5>Alla bokningar sker med reservation f\u00f6r \u00e4ndringar.<\/h5>\n<p>Fakturan \u00e4r en bekr\u00e4ftelse p\u00e5 att du har f\u00e5tt plats p\u00e5 kursen.<\/p>\n<p>Om du inte l\u00e4ngre vill ha platsen, v\u00e4nligen avboka genom att skicka e-post till eolshall@4h.se\u00a0<b>senast tv\u00e5 veckor innan kursstart.<\/b><\/p>\n<p>Vi tar ut en avbokningsavgift p\u00e5 50kr.[\/vc_column_text][\/vc_column][\/vc_row]<\/p>\n<\/div>","protected":false},"excerpt":{"rendered":"<p>[vc_row][vc_column width=&#8221;1\/2&#8243;][vc_column_text css=&#8221;&#8221;] \u00c5lder 8-10 \u00e5r Djursk\u00f6tarkurs onsdagar v.4 Kursdatum: Tid: Kl. 16:00 &#8211; 17:00 \u00c5lder: 8-10 \u00e5r Kursavgift: 1700kr Medlemsavgift: 300kr &nbsp; P\u00e5 onsdagar har vi djursk\u00f6tarkurs f\u00f6r barn 8-10 \u00e5r som vill l\u00e4ra sig om g\u00e5rdens djur. Barnen f\u00e5r kunskap om v\u00e5ra djur genom b\u00e5de teori och praktik. P\u00e5 g\u00e5rden har vi h\u00e4star,&nbsp; <a href=\"https:\/\/www.4h.se\/eolshall\/alder-8-10-ar\/\">&hellip; Read more <i class=\"glyphicon glyphicon-arrow-right\"><\/i><\/a><\/p>\n","protected":false},"author":162,"featured_media":0,"parent":0,"menu_order":147,"comment_status":"closed","ping_status":"closed","template":"","meta":{"footnotes":""},"class_list":["post-1294","page","type-page","status-publish","hentry"],"yoast_head":"<!-- This site is optimized with the Yoast SEO plugin v27.4 - https:\/\/yoast.com\/product\/yoast-seo-wordpress\/ -->\n<title>\u00c5lder 8-10 \u00e5r - Eolsh\u00e4lls 4H-g\u00e5rd<\/title>\n<meta name=\"robots\" content=\"index, follow, max-snippet:-1, max-image-preview:large, max-video-preview:-1\" \/>\n<link rel=\"canonical\" href=\"https:\/\/www.4h.se\/eolshall\/alder-8-10-ar\/\" \/>\n<meta property=\"og:locale\" content=\"sv_SE\" \/>\n<meta property=\"og:type\" content=\"article\" \/>\n<meta property=\"og:title\" content=\"\u00c5lder 8-10 \u00e5r - Eolsh\u00e4lls 4H-g\u00e5rd\" \/>\n<meta property=\"og:description\" content=\"[vc_row][vc_column width=&#8221;1\/2&#8243;][vc_column_text css=&#8221;&#8221;] \u00c5lder 8-10 \u00e5r Djursk\u00f6tarkurs onsdagar v.4 Kursdatum: Tid: Kl. 16:00 &#8211; 17:00 \u00c5lder: 8-10 \u00e5r Kursavgift: 1700kr Medlemsavgift: 300kr &nbsp; P\u00e5 onsdagar har vi djursk\u00f6tarkurs f\u00f6r barn 8-10 \u00e5r som vill l\u00e4ra sig om g\u00e5rdens djur. Barnen f\u00e5r kunskap om v\u00e5ra djur genom b\u00e5de teori och praktik. P\u00e5 g\u00e5rden har vi h\u00e4star,&nbsp; &hellip; Read more\" \/>\n<meta property=\"og:url\" content=\"https:\/\/www.4h.se\/eolshall\/alder-8-10-ar\/\" \/>\n<meta property=\"og:site_name\" content=\"Eolsh\u00e4lls 4H-g\u00e5rd\" \/>\n<meta property=\"article:modified_time\" content=\"2025-02-03T20:27:41+00:00\" \/>\n<meta name=\"twitter:card\" content=\"summary_large_image\" \/>\n<script type=\"application\/ld+json\" class=\"yoast-schema-graph\">{\"@context\":\"https:\\\/\\\/schema.org\",\"@graph\":[{\"@type\":\"WebPage\",\"@id\":\"https:\\\/\\\/www.4h.se\\\/eolshall\\\/alder-8-10-ar\\\/\",\"url\":\"https:\\\/\\\/www.4h.se\\\/eolshall\\\/alder-8-10-ar\\\/\",\"name\":\"\u00c5lder 8-10 \u00e5r - Eolsh\u00e4lls 4H-g\u00e5rd\",\"isPartOf\":{\"@id\":\"https:\\\/\\\/www.4h.se\\\/eolshall\\\/#website\"},\"datePublished\":\"2023-11-08T12:29:51+00:00\",\"dateModified\":\"2025-02-03T20:27:41+00:00\",\"breadcrumb\":{\"@id\":\"https:\\\/\\\/www.4h.se\\\/eolshall\\\/alder-8-10-ar\\\/#breadcrumb\"},\"inLanguage\":\"sv-SE\",\"potentialAction\":[{\"@type\":\"ReadAction\",\"target\":[\"https:\\\/\\\/www.4h.se\\\/eolshall\\\/alder-8-10-ar\\\/\"]}]},{\"@type\":\"BreadcrumbList\",\"@id\":\"https:\\\/\\\/www.4h.se\\\/eolshall\\\/alder-8-10-ar\\\/#breadcrumb\",\"itemListElement\":[{\"@type\":\"ListItem\",\"position\":1,\"name\":\"Hem\",\"item\":\"https:\\\/\\\/www.4h.se\\\/eolshall\\\/\"},{\"@type\":\"ListItem\",\"position\":2,\"name\":\"\u00c5lder 8-10 \u00e5r\"}]},{\"@type\":\"WebSite\",\"@id\":\"https:\\\/\\\/www.4h.se\\\/eolshall\\\/#website\",\"url\":\"https:\\\/\\\/www.4h.se\\\/eolshall\\\/\",\"name\":\"Eolsh\u00e4lls 4H-g\u00e5rd\",\"description\":\"\",\"potentialAction\":[{\"@type\":\"SearchAction\",\"target\":{\"@type\":\"EntryPoint\",\"urlTemplate\":\"https:\\\/\\\/www.4h.se\\\/eolshall\\\/?s={search_term_string}\"},\"query-input\":{\"@type\":\"PropertyValueSpecification\",\"valueRequired\":true,\"valueName\":\"search_term_string\"}}],\"inLanguage\":\"sv-SE\"}]}<\/script>\n<!-- \/ Yoast SEO plugin. -->","yoast_head_json":{"title":"\u00c5lder 8-10 \u00e5r - Eolsh\u00e4lls 4H-g\u00e5rd","robots":{"index":"index","follow":"follow","max-snippet":"max-snippet:-1","max-image-preview":"max-image-preview:large","max-video-preview":"max-video-preview:-1"},"canonical":"https:\/\/www.4h.se\/eolshall\/alder-8-10-ar\/","og_locale":"sv_SE","og_type":"article","og_title":"\u00c5lder 8-10 \u00e5r - Eolsh\u00e4lls 4H-g\u00e5rd","og_description":"[vc_row][vc_column width=&#8221;1\/2&#8243;][vc_column_text css=&#8221;&#8221;] \u00c5lder 8-10 \u00e5r Djursk\u00f6tarkurs onsdagar v.4 Kursdatum: Tid: Kl. 16:00 &#8211; 17:00 \u00c5lder: 8-10 \u00e5r Kursavgift: 1700kr Medlemsavgift: 300kr &nbsp; P\u00e5 onsdagar har vi djursk\u00f6tarkurs f\u00f6r barn 8-10 \u00e5r som vill l\u00e4ra sig om g\u00e5rdens djur. Barnen f\u00e5r kunskap om v\u00e5ra djur genom b\u00e5de teori och praktik. P\u00e5 g\u00e5rden har vi h\u00e4star,&nbsp; &hellip; Read more","og_url":"https:\/\/www.4h.se\/eolshall\/alder-8-10-ar\/","og_site_name":"Eolsh\u00e4lls 4H-g\u00e5rd","article_modified_time":"2025-02-03T20:27:41+00:00","twitter_card":"summary_large_image","schema":{"@context":"https:\/\/schema.org","@graph":[{"@type":"WebPage","@id":"https:\/\/www.4h.se\/eolshall\/alder-8-10-ar\/","url":"https:\/\/www.4h.se\/eolshall\/alder-8-10-ar\/","name":"\u00c5lder 8-10 \u00e5r - Eolsh\u00e4lls 4H-g\u00e5rd","isPartOf":{"@id":"https:\/\/www.4h.se\/eolshall\/#website"},"datePublished":"2023-11-08T12:29:51+00:00","dateModified":"2025-02-03T20:27:41+00:00","breadcrumb":{"@id":"https:\/\/www.4h.se\/eolshall\/alder-8-10-ar\/#breadcrumb"},"inLanguage":"sv-SE","potentialAction":[{"@type":"ReadAction","target":["https:\/\/www.4h.se\/eolshall\/alder-8-10-ar\/"]}]},{"@type":"BreadcrumbList","@id":"https:\/\/www.4h.se\/eolshall\/alder-8-10-ar\/#breadcrumb","itemListElement":[{"@type":"ListItem","position":1,"name":"Hem","item":"https:\/\/www.4h.se\/eolshall\/"},{"@type":"ListItem","position":2,"name":"\u00c5lder 8-10 \u00e5r"}]},{"@type":"WebSite","@id":"https:\/\/www.4h.se\/eolshall\/#website","url":"https:\/\/www.4h.se\/eolshall\/","name":"Eolsh\u00e4lls 4H-g\u00e5rd","description":"","potentialAction":[{"@type":"SearchAction","target":{"@type":"EntryPoint","urlTemplate":"https:\/\/www.4h.se\/eolshall\/?s={search_term_string}"},"query-input":{"@type":"PropertyValueSpecification","valueRequired":true,"valueName":"search_term_string"}}],"inLanguage":"sv-SE"}]}},"_links":{"self":[{"href":"https:\/\/www.4h.se\/eolshall\/wp-json\/wp\/v2\/pages\/1294","targetHints":{"allow":["GET"]}}],"collection":[{"href":"https:\/\/www.4h.se\/eolshall\/wp-json\/wp\/v2\/pages"}],"about":[{"href":"https:\/\/www.4h.se\/eolshall\/wp-json\/wp\/v2\/types\/page"}],"author":[{"embeddable":true,"href":"https:\/\/www.4h.se\/eolshall\/wp-json\/wp\/v2\/users\/162"}],"replies":[{"embeddable":true,"href":"https:\/\/www.4h.se\/eolshall\/wp-json\/wp\/v2\/comments?post=1294"}],"version-history":[{"count":0,"href":"https:\/\/www.4h.se\/eolshall\/wp-json\/wp\/v2\/pages\/1294\/revisions"}],"wp:attachment":[{"href":"https:\/\/www.4h.se\/eolshall\/wp-json\/wp\/v2\/media?parent=1294"}],"curies":[{"name":"wp","href":"https:\/\/api.w.org\/{rel}","templated":true}]}}