



{"id":1293,"date":"2023-11-08T13:29:16","date_gmt":"2023-11-08T12:29:16","guid":{"rendered":"https:\/\/www.4h.se\/eolshall\/?page_id=1293"},"modified":"2025-12-28T13:10:41","modified_gmt":"2025-12-28T12:10:41","slug":"alder-11-14-ar","status":"publish","type":"page","link":"https:\/\/www.4h.se\/eolshall\/alder-11-14-ar\/","title":{"rendered":"\u00c5lder 11-14 \u00e5r"},"content":{"rendered":"<div class=\"wpb-content-wrapper\"><p>[vc_row][vc_column width=&#8221;1\/2&#8243;][vc_column_text css=&#8221;&#8221;]<\/p>\n<h1>bli miniledare<\/h1>\n<p>(G\u00e4ller \u00e5ret du fyller 11 \u00e5r)<\/p>\n<h4>Miniledarutbildning<\/h4>\n<h5>\u00c5lder: fr\u00e5n 11 \u00e5r<\/h5>\n<h5>Kursavgift: 1200kr<\/h5>\n<h5>Medlemsavgift: se aktuell avgift i fliken <a href=\"https:\/\/www.4h.se\/eolshall\/bli-medlem\/\">bli medlem<\/a><\/h5>\n<p>Vill du bli mer aktiv inom 4H?<\/p>\n<p>Fr\u00e5n det \u00e5ret du fyller 11 \u00e5r kan du som medlem utbilda dig till miniledare p\u00e5 Eolsh\u00e4lls 4H-g\u00e5rd.<\/p>\n<p>F\u00f6r att g\u00e5 kursen beh\u00f6ver du ha g\u00e5tt en djursk\u00f6tarkurs, en kaninsk\u00f6tarkurs och en h\u00e4stsk\u00f6tarkurs.<\/p>\n<p>Kurs m\u00e4rkt med *ML <span style=\"color: #339966;\"><span style=\"color: #000000;\">g\u00e4ller som en f\u00f6rberedelsekurs, men deltagaren beh\u00f6ver allts\u00e5 g\u00e5 en av varje tema, djur, h\u00e4st och kanin.<\/span><\/span><\/p>\n<p>Det g\u00e5r ocks\u00e5 bra att g\u00e5 H\u00e4st- eller Kaninsk\u00f6tarkursen samma termin som Miniledarutbildningen.<\/p>\n<p>&nbsp;<\/p>\n<p>Vad f\u00f6rv\u00e4ntar vi oss av dig som ledare?<\/p>\n<p>Ledare p\u00e5 Eolsh\u00e4lls 4H \u00e4r med och hj\u00e4lper till p\u00e5 kurser och p\u00e5 l\u00e4ger. Vi har l\u00e4ger alla lov och kurser de flesta veckodagar.<\/p>\n<p>Som ledare \u00e4r du med och v\u00e4ljer vilken kurs du vill vara ledare p\u00e5. Ledaren samlar p\u00e5 s\u00e5 s\u00e4tt po\u00e4ng som anv\u00e4nds till aktiviteter som vi ordnar tillsammans.<\/p>\n<p>Som ledare \u00e4r du en f\u00f6rebild f\u00f6r barnen, hj\u00e4lper barnen och tr\u00e4nar p\u00e5 att leda en grupp och f\u00f6rmedla kunskap.<\/p>\n<p>Vi har alltid en personal med som h\u00e5ller i gruppen. Vi anpassar ledarens ansvar och uppgifter i gruppen efter \u00e5lder och erfarenhet.<\/p>\n<p>Vi vill att alla ledare ska f\u00e5 m\u00f6jlighet att v\u00e4xa och utvecklas hos oss.<\/p>\n<p>Som ledare \u00e4r du med och v\u00e4ljer vilka aktiviteter som ska erbjudas f\u00f6r ledarna. Det kan vara \u00f6vernattning, t\u00e5rtbakart\u00e4vling,<\/p>\n<p>programridning eller annat skoj. Ledarna \u00e4r alltid v\u00e4lkomna till g\u00e5rden, studiedagar, helger eller efter skolan p\u00e5 vardagarna.<\/p>\n<p>Hos oss kan ledarna h\u00e5lla i egna projekt, baka, tr\u00e4ffa kompisar och sk\u00f6ta om djuren. Personal \u00e4r alltid p\u00e5 plats.<\/p>\n<p>N\u00e4r du fyller 14 \u00e5r kan du bli juniorledare.<\/p>\n<h1>djursk\u00f6tarkurser<\/h1>\n<p>ML*<\/p>\n<h4>Djursk\u00f6tarkurs torsdag 10-14 \u00e5r, V.4<\/h4>\n<h5>Kursdatum: Start v.4<\/h5>\n<h5>Tid: 17:15-18:15<\/h5>\n<h5>\u00c5lder: 10-14<\/h5>\n<h5>Kursavgift: 1200kr<\/h5>\n<h5>Medlemsavgift: se aktuell avgift i fliken <a href=\"https:\/\/www.4h.se\/eolshall\/bli-medlem\/\">bli medlem<\/a><\/h5>\n<p>P\u00e5 fredagar har vi djursk\u00f6tarkurs f\u00f6r barn\/ungdomar 10-14 \u00e5r som vill l\u00e4ra sig om g\u00e5rdens djur! Barnen f\u00e5r b\u00e5de genom teori och praktik kunskaper om v\u00e5ra djur.<\/p>\n<p>P\u00e5 g\u00e5rden har vi h\u00e4star, kor, f\u00e5r, kaniner, h\u00f6ns och katter.<\/p>\n<p>Vi fokuserar p\u00e5 gemenskap och respekt f\u00f6r varje individ, l\u00e4r ut om 4H och sk\u00f6tsel av v\u00e5ra djur.<\/p>\n<p>Kursen kan man g\u00e5 flera g\u00e5nger, det finns s\u00e5 mycket att l\u00e4ra sig!<\/p>\n<p>Terminen \u00e4r 10 g\u00e5nger, Ej kurs 2\/4 och 9\/4<\/p>\n<p>&nbsp;<\/p>\n<h1>h\u00e4stsk\u00f6tarkurser<\/h1>\n<p>ML*<\/p>\n<h4>H\u00e4stsk\u00f6tarkurs I onsdag start v.4<\/h4>\n<h5>Kursdatum:<\/h5>\n<h5>Tid: 17:15 &#8211; 18:15<\/h5>\n<h5>\u00c5lder: fr\u00e5n 7 \u00e5r<\/h5>\n<h5>Antal deltagare:<\/h5>\n<h5>Kursavgift:700kr<\/h5>\n<h5>Medlemsavgift: se aktuell avgift i fliken <a href=\"https:\/\/www.4h.se\/eolshall\/bli-medlem\/\">bli medlem<\/a><\/h5>\n<p>P\u00e5 h\u00e4stsk\u00f6tarkursen f\u00e5r deltagarna l\u00e4ra sig om s\u00e4kerhet i stall, hur man ryktar, prova p\u00e5 att sadla och tr\u00e4nsa. Vi l\u00e4r oss ocks\u00e5 om f\u00e4rger och tecken.<\/p>\n<p>Varje g\u00e5ng pysslar vi om h\u00e4starna.<\/p>\n<p>&nbsp;<\/p>\n<h1>kaninssk\u00f6tarkurser<\/h1>\n<p>ML*<\/p>\n<h4>kaninsk\u00f6tarkurs start v.<\/h4>\n<h5>Kursdatum:<\/h5>\n<h5>\u00c5lder: Fr\u00e5n 7 \u00e5r<\/h5>\n<h5>Kursavgift: 700kr<\/h5>\n<h5>Medlemsavgift: se aktuell avgift i fliken <a href=\"https:\/\/www.4h.se\/eolshall\/bli-medlem\/\">bli medlem<\/a><\/h5>\n<p>Funderar du p\u00e5 att skaffa kanin?<\/p>\n<p>D\u00e5 kan det vara en bra id\u00e9 att g\u00e5 en kurs i kaninsk\u00f6tsel f\u00f6rst. Kaniner beh\u00f6ver motion, r\u00e4tt utfodring och utrymme f\u00f6r att m\u00e5 bra. P\u00e5 kaninkursen l\u00e4r du dig om hur du tar hand om kaniner p\u00e5 b\u00e4sta s\u00e4tt.<\/p>\n<h4><\/h4>\n<h1>Ridning<\/h1>\n<h4>H\u00e4stis m\u00e5ndagar v.<\/h4>\n<h5>Kursdatum:<\/h5>\n<h4>H\u00e4stis m\u00e5ndagar v,<\/h4>\n<h5>Kursdatum:<\/h5>\n<h5>Tid: 17:15 &#8211; 18:45<\/h5>\n<h5>\u00c5lder: fr\u00e5n 7 \u00e5r<\/h5>\n<h5>Antal deltagare: 4st<\/h5>\n<h5>Kursavgift:<\/h5>\n<h5>Medlemsavgift: se aktuell avgift i fliken <a href=\"https:\/\/www.4h.se\/eolshall\/bli-medlem\/\">bli medlem<\/a><\/h5>\n<p>&nbsp;<\/p>\n<h4>H\u00e4stis tisdagar v.<\/h4>\n<h5>Kursdatum:<\/h5>\n<h5>Tid: 17:15 &#8211; 18:45<\/h5>\n<h5>\u00c5lder: fr\u00e5n 7 \u00e5r<\/h5>\n<h5>Antal deltagare: 4st<\/h5>\n<h5>Kursavgift:<\/h5>\n<h5>Medlemsavgift: se aktuell avgift i fliken <a href=\"https:\/\/www.4h.se\/eolshall\/bli-medlem\/\">bli medlem<\/a><\/h5>\n<h1>kaninkurser<\/h1>\n<h4>Kaninhoppning V<\/h4>\n<h5>Kursdatum:<\/h5>\n<h5>Tid: 17.15-18.15<\/h5>\n<h5>\u00c5lder: fr\u00e5n 7 \u00e5r<\/h5>\n<h5>Kursavgift: 700&nbsp;kr<\/h5>\n<h5>Medlemsavgift: se aktuell avgift i fliken <a href=\"https:\/\/www.4h.se\/eolshall\/bli-medlem\/\">bli medlem<\/a><\/h5>\n<p>Kursen \u00e4r till f\u00f6r dig med ett intresse f\u00f6r kaninhoppning! Du l\u00e4r dig grunder om hur man hoppar, hoppteknik, hur man l\u00e4r en kanin att hoppa och en bra kaninhantering. Vi hoppar med g\u00e5rden kaniner och det \u00e4r ej till\u00e5tet att ta med egen kanin.<\/p>\n<h1>kan komma senare&#8230;<\/h1>\n<h4>prova p\u00e5 voltige<\/h4>\n<h5>Kursdatum: Ingen kurs f\u00f6r tillf\u00e4llet<\/h5>\n<h5>tid:<\/h5>\n<h5>\u00c5lder: fr\u00e5n 7 \u00e5r<\/h5>\n<h5>Kursavgift:<\/h5>\n<h5>Medlemsavgift: se aktuell avgift i fliken <a href=\"https:\/\/www.4h.se\/eolshall\/bli-medlem\/\">bli medlem<\/a><\/h5>\n<p>Vi provar p\u00e5 de mest grundl\u00e4ggande \u00f6vningarna med fokus p\u00e5 balans och r\u00f6rlighet. Uppv\u00e4rmning ing\u00e5r i passet och vi \u00f6var b\u00e5de fr\u00e5n mark och p\u00e5 h\u00e4stryggen. Alla \u00f6vningar sker i skritt.<\/p>\n<p>&nbsp;<\/p>\n<h4>bondg\u00e5rdsatelj\u00e9n<\/h4>\n<h5>Kursdatum: h\u00f6st 2024<\/h5>\n<h5>tid:<\/h5>\n<h5>\u00c5lder: fr\u00e5n 7 \u00e5r<\/h5>\n<h5>Kursavgift:<\/h5>\n<h5>Medlemsavgift: se aktuell avgift i fliken <a href=\"https:\/\/www.4h.se\/eolshall\/bli-medlem\/\">bli medlem<\/a><\/h5>\n<p>En skapande kurs d\u00e4r vi l\u00e5ter kreativiteten fl\u00f6da! Med djuren som utg\u00e5ngspunkt tecknar och m\u00e5lar vi. Vi fokuserar p\u00e5 att det ska vara roligt och l\u00e4ra k\u00e4nna materialen vi arbetar med.<br \/>\nAtelj\u00e9n \u00e4r utrustad med bordsstafflier och ritplattor. Material ing\u00e5r i kursavgiften.<\/p>\n<p>&nbsp;<\/p>\n<p>&nbsp;[\/vc_column_text][\/vc_column][vc_column width=&#8221;1\/2&#8243;][vc_column_text css=&#8221;&#8221;]<\/p>\n<h3><span style=\"font-weight: 400;color: #000000\">Information anm\u00e4lan och bokning<\/span><\/h3>\n<p>Anm\u00e4l dig via medlemssystemet <a href=\"https:\/\/www.antribe.com\/org\/4h\/eolshalls-4h\/event\">Antribe<\/a>. Klicka p\u00e5 kursen f\u00f6r att komma till anm\u00e4lan.<\/p>\n<p>F\u00f6r att g\u00e5 kursen beh\u00f6ver deltagaren vara medlem vid kursstart. Medlemskap skapas vid anm\u00e4lan.<\/p>\n<p>Observera att anm\u00e4lan ska g\u00f6ras i kursdeltagarens namn och personnummer.<\/p>\n<p>I m\u00e5n av plats g\u00e5r det att b\u00f6rja en p\u00e5g\u00e5ende kurs. Avgiften dras d\u00e5 av f\u00f6r missade tillf\u00e4llen.<\/p>\n<p>Vid f\u00e4rre \u00e4n fem anm\u00e4lda deltagare tv\u00e5 veckor innan kursstart kan kursen st\u00e4llas in.<\/p>\n<p>Alla bokningar sker med reservation f\u00f6r \u00e4ndringar.<\/p>\n<p>Fakturan \u00e4r en bekr\u00e4ftelse p\u00e5 att du har f\u00e5tt plats p\u00e5 kursen.<\/p>\n<p>Om du inte l\u00e4ngre vill ha platsen, v\u00e4nligen avboka genom att skicka e-post till eolshall@4h.se senast tv\u00e5 veckor innan kursstart.<\/p>\n<p>Vi tar ut en avbokningsavgift p\u00e5 50kr.[\/vc_column_text][\/vc_column][\/vc_row]<\/p>\n<\/div>","protected":false},"excerpt":{"rendered":"<p>[vc_row][vc_column width=&#8221;1\/2&#8243;][vc_column_text css=&#8221;&#8221;] bli miniledare (G\u00e4ller \u00e5ret du fyller 11 \u00e5r) Miniledarutbildning \u00c5lder: fr\u00e5n 11 \u00e5r Kursavgift: 1200kr Medlemsavgift: se aktuell avgift i fliken bli medlem Vill du bli mer aktiv inom 4H? Fr\u00e5n det \u00e5ret du fyller 11 \u00e5r kan du som medlem utbilda dig till miniledare p\u00e5 Eolsh\u00e4lls 4H-g\u00e5rd. F\u00f6r att g\u00e5 kursen&nbsp; <a href=\"https:\/\/www.4h.se\/eolshall\/alder-11-14-ar\/\">&hellip; Read more <i class=\"glyphicon glyphicon-arrow-right\"><\/i><\/a><\/p>\n","protected":false},"author":162,"featured_media":0,"parent":0,"menu_order":140,"comment_status":"closed","ping_status":"closed","template":"","meta":{"footnotes":""},"class_list":["post-1293","page","type-page","status-publish","hentry"],"yoast_head":"<!-- This site is optimized with the Yoast SEO plugin v27.4 - https:\/\/yoast.com\/product\/yoast-seo-wordpress\/ -->\n<title>\u00c5lder 11-14 \u00e5r - Eolsh\u00e4lls 4H-g\u00e5rd<\/title>\n<meta name=\"robots\" content=\"index, follow, max-snippet:-1, max-image-preview:large, max-video-preview:-1\" \/>\n<link rel=\"canonical\" href=\"https:\/\/www.4h.se\/eolshall\/alder-11-14-ar\/\" \/>\n<meta property=\"og:locale\" content=\"sv_SE\" \/>\n<meta property=\"og:type\" content=\"article\" \/>\n<meta property=\"og:title\" content=\"\u00c5lder 11-14 \u00e5r - Eolsh\u00e4lls 4H-g\u00e5rd\" \/>\n<meta property=\"og:description\" content=\"[vc_row][vc_column width=&#8221;1\/2&#8243;][vc_column_text css=&#8221;&#8221;] bli miniledare (G\u00e4ller \u00e5ret du fyller 11 \u00e5r) Miniledarutbildning \u00c5lder: fr\u00e5n 11 \u00e5r Kursavgift: 1200kr Medlemsavgift: se aktuell avgift i fliken bli medlem Vill du bli mer aktiv inom 4H? Fr\u00e5n det \u00e5ret du fyller 11 \u00e5r kan du som medlem utbilda dig till miniledare p\u00e5 Eolsh\u00e4lls 4H-g\u00e5rd. F\u00f6r att g\u00e5 kursen&nbsp; &hellip; Read more\" \/>\n<meta property=\"og:url\" content=\"https:\/\/www.4h.se\/eolshall\/alder-11-14-ar\/\" \/>\n<meta property=\"og:site_name\" content=\"Eolsh\u00e4lls 4H-g\u00e5rd\" \/>\n<meta property=\"article:modified_time\" content=\"2025-12-28T12:10:41+00:00\" \/>\n<meta name=\"twitter:card\" content=\"summary_large_image\" \/>\n<script type=\"application\/ld+json\" class=\"yoast-schema-graph\">{\"@context\":\"https:\\\/\\\/schema.org\",\"@graph\":[{\"@type\":\"WebPage\",\"@id\":\"https:\\\/\\\/www.4h.se\\\/eolshall\\\/alder-11-14-ar\\\/\",\"url\":\"https:\\\/\\\/www.4h.se\\\/eolshall\\\/alder-11-14-ar\\\/\",\"name\":\"\u00c5lder 11-14 \u00e5r - Eolsh\u00e4lls 4H-g\u00e5rd\",\"isPartOf\":{\"@id\":\"https:\\\/\\\/www.4h.se\\\/eolshall\\\/#website\"},\"datePublished\":\"2023-11-08T12:29:16+00:00\",\"dateModified\":\"2025-12-28T12:10:41+00:00\",\"breadcrumb\":{\"@id\":\"https:\\\/\\\/www.4h.se\\\/eolshall\\\/alder-11-14-ar\\\/#breadcrumb\"},\"inLanguage\":\"sv-SE\",\"potentialAction\":[{\"@type\":\"ReadAction\",\"target\":[\"https:\\\/\\\/www.4h.se\\\/eolshall\\\/alder-11-14-ar\\\/\"]}]},{\"@type\":\"BreadcrumbList\",\"@id\":\"https:\\\/\\\/www.4h.se\\\/eolshall\\\/alder-11-14-ar\\\/#breadcrumb\",\"itemListElement\":[{\"@type\":\"ListItem\",\"position\":1,\"name\":\"Hem\",\"item\":\"https:\\\/\\\/www.4h.se\\\/eolshall\\\/\"},{\"@type\":\"ListItem\",\"position\":2,\"name\":\"\u00c5lder 11-14 \u00e5r\"}]},{\"@type\":\"WebSite\",\"@id\":\"https:\\\/\\\/www.4h.se\\\/eolshall\\\/#website\",\"url\":\"https:\\\/\\\/www.4h.se\\\/eolshall\\\/\",\"name\":\"Eolsh\u00e4lls 4H-g\u00e5rd\",\"description\":\"\",\"potentialAction\":[{\"@type\":\"SearchAction\",\"target\":{\"@type\":\"EntryPoint\",\"urlTemplate\":\"https:\\\/\\\/www.4h.se\\\/eolshall\\\/?s={search_term_string}\"},\"query-input\":{\"@type\":\"PropertyValueSpecification\",\"valueRequired\":true,\"valueName\":\"search_term_string\"}}],\"inLanguage\":\"sv-SE\"}]}<\/script>\n<!-- \/ Yoast SEO plugin. -->","yoast_head_json":{"title":"\u00c5lder 11-14 \u00e5r - Eolsh\u00e4lls 4H-g\u00e5rd","robots":{"index":"index","follow":"follow","max-snippet":"max-snippet:-1","max-image-preview":"max-image-preview:large","max-video-preview":"max-video-preview:-1"},"canonical":"https:\/\/www.4h.se\/eolshall\/alder-11-14-ar\/","og_locale":"sv_SE","og_type":"article","og_title":"\u00c5lder 11-14 \u00e5r - Eolsh\u00e4lls 4H-g\u00e5rd","og_description":"[vc_row][vc_column width=&#8221;1\/2&#8243;][vc_column_text css=&#8221;&#8221;] bli miniledare (G\u00e4ller \u00e5ret du fyller 11 \u00e5r) Miniledarutbildning \u00c5lder: fr\u00e5n 11 \u00e5r Kursavgift: 1200kr Medlemsavgift: se aktuell avgift i fliken bli medlem Vill du bli mer aktiv inom 4H? Fr\u00e5n det \u00e5ret du fyller 11 \u00e5r kan du som medlem utbilda dig till miniledare p\u00e5 Eolsh\u00e4lls 4H-g\u00e5rd. F\u00f6r att g\u00e5 kursen&nbsp; &hellip; Read more","og_url":"https:\/\/www.4h.se\/eolshall\/alder-11-14-ar\/","og_site_name":"Eolsh\u00e4lls 4H-g\u00e5rd","article_modified_time":"2025-12-28T12:10:41+00:00","twitter_card":"summary_large_image","schema":{"@context":"https:\/\/schema.org","@graph":[{"@type":"WebPage","@id":"https:\/\/www.4h.se\/eolshall\/alder-11-14-ar\/","url":"https:\/\/www.4h.se\/eolshall\/alder-11-14-ar\/","name":"\u00c5lder 11-14 \u00e5r - Eolsh\u00e4lls 4H-g\u00e5rd","isPartOf":{"@id":"https:\/\/www.4h.se\/eolshall\/#website"},"datePublished":"2023-11-08T12:29:16+00:00","dateModified":"2025-12-28T12:10:41+00:00","breadcrumb":{"@id":"https:\/\/www.4h.se\/eolshall\/alder-11-14-ar\/#breadcrumb"},"inLanguage":"sv-SE","potentialAction":[{"@type":"ReadAction","target":["https:\/\/www.4h.se\/eolshall\/alder-11-14-ar\/"]}]},{"@type":"BreadcrumbList","@id":"https:\/\/www.4h.se\/eolshall\/alder-11-14-ar\/#breadcrumb","itemListElement":[{"@type":"ListItem","position":1,"name":"Hem","item":"https:\/\/www.4h.se\/eolshall\/"},{"@type":"ListItem","position":2,"name":"\u00c5lder 11-14 \u00e5r"}]},{"@type":"WebSite","@id":"https:\/\/www.4h.se\/eolshall\/#website","url":"https:\/\/www.4h.se\/eolshall\/","name":"Eolsh\u00e4lls 4H-g\u00e5rd","description":"","potentialAction":[{"@type":"SearchAction","target":{"@type":"EntryPoint","urlTemplate":"https:\/\/www.4h.se\/eolshall\/?s={search_term_string}"},"query-input":{"@type":"PropertyValueSpecification","valueRequired":true,"valueName":"search_term_string"}}],"inLanguage":"sv-SE"}]}},"_links":{"self":[{"href":"https:\/\/www.4h.se\/eolshall\/wp-json\/wp\/v2\/pages\/1293","targetHints":{"allow":["GET"]}}],"collection":[{"href":"https:\/\/www.4h.se\/eolshall\/wp-json\/wp\/v2\/pages"}],"about":[{"href":"https:\/\/www.4h.se\/eolshall\/wp-json\/wp\/v2\/types\/page"}],"author":[{"embeddable":true,"href":"https:\/\/www.4h.se\/eolshall\/wp-json\/wp\/v2\/users\/162"}],"replies":[{"embeddable":true,"href":"https:\/\/www.4h.se\/eolshall\/wp-json\/wp\/v2\/comments?post=1293"}],"version-history":[{"count":0,"href":"https:\/\/www.4h.se\/eolshall\/wp-json\/wp\/v2\/pages\/1293\/revisions"}],"wp:attachment":[{"href":"https:\/\/www.4h.se\/eolshall\/wp-json\/wp\/v2\/media?parent=1293"}],"curies":[{"name":"wp","href":"https:\/\/api.w.org\/{rel}","templated":true}]}}