



{"id":1182,"date":"2022-06-01T09:28:44","date_gmt":"2022-06-01T07:28:44","guid":{"rendered":"http:\/\/www.4h.se\/eolshall\/?page_id=1182"},"modified":"2025-02-03T21:27:41","modified_gmt":"2025-02-03T20:27:41","slug":"pa-upptacktsfard-i-tradgarden","status":"publish","type":"page","link":"https:\/\/www.4h.se\/eolshall\/pa-upptacktsfard-i-tradgarden\/","title":{"rendered":"P\u00e5 uppt\u00e4cktsf\u00e4rd i tr\u00e4dg\u00e5rden"},"content":{"rendered":"<div class=\"wpb-content-wrapper\"><p>[vc_row][vc_column][vc_column_text]<strong>P\u00e5 uppt\u00e4cktsf\u00e4rd i tr\u00e4dg\u00e5rden<\/strong><\/p>\n<p class=\"x_MsoNormal x_ContentPasted0\"><i>Vad \u00e4r det som kryper? Vem bygger fluffiga bon i buskarna? Hur funkar ett fr\u00f6? \u00a0<\/i><\/p>\n<p class=\"x_MsoNormal x_ContentPasted0\"><i>Detta och mycket annat f\u00e5r du reda p\u00e5 om du h\u00e4nger med i &#8221;P\u00e5 uppt\u00e4cktsf\u00e4rd i tr\u00e4dg\u00e5rden\u201d. Vi s\u00e5r fr\u00f6n och planterar, gr\u00e4ver i jorden och kollar vilka som bor d\u00e4r och vad de g\u00f6r, hj\u00e4lper insekter med bost\u00e4der, tar reda p\u00e5 hur djuren kan hj\u00e4lpa oss i tr\u00e4dg\u00e5rden och mycket mer. \u00a0<\/i><\/p>\n<p class=\"x_MsoNormal x_ContentPasted0\"><i>M\u00e5nga trivsamma aktiviteter f\u00f6r dig och ditt barn utlovas.<\/i><\/p>\n<p class=\"x_MsoNormal x_ContentPasted0\"><i><img loading=\"lazy\" decoding=\"async\" class=\"alignnone  wp-image-1258\" src=\"https:\/\/www.4h.se\/eolshall\/wp-content\/uploads\/sites\/112\/2023\/03\/IMG_1337-rotated.jpg\" alt=\"\" width=\"469\" height=\"469\" srcset=\"https:\/\/www.4h.se\/eolshall\/wp-content\/uploads\/sites\/112\/2023\/03\/IMG_1337-rotated.jpg 640w, https:\/\/www.4h.se\/eolshall\/wp-content\/uploads\/sites\/112\/2023\/03\/IMG_1337-300x300.jpg 300w, https:\/\/www.4h.se\/eolshall\/wp-content\/uploads\/sites\/112\/2023\/03\/IMG_1337-150x150.jpg 150w\" sizes=\"auto, (max-width: 469px) 100vw, 469px\" \/>\u00a0<\/i><\/p>\n<p>&nbsp;[\/vc_column_text][\/vc_column][\/vc_row]<\/p>\n<\/div>","protected":false},"excerpt":{"rendered":"<p>[vc_row][vc_column][vc_column_text]P\u00e5 uppt\u00e4cktsf\u00e4rd i tr\u00e4dg\u00e5rden Vad \u00e4r det som kryper? Vem bygger fluffiga bon i buskarna? Hur funkar ett fr\u00f6? \u00a0 Detta och mycket annat f\u00e5r du reda p\u00e5 om du h\u00e4nger med i &#8221;P\u00e5 uppt\u00e4cktsf\u00e4rd i tr\u00e4dg\u00e5rden\u201d. Vi s\u00e5r fr\u00f6n och planterar, gr\u00e4ver i jorden och kollar vilka som bor d\u00e4r och vad de g\u00f6r,&nbsp; <a href=\"https:\/\/www.4h.se\/eolshall\/pa-upptacktsfard-i-tradgarden\/\">&hellip; Read more <i class=\"glyphicon glyphicon-arrow-right\"><\/i><\/a><\/p>\n","protected":false},"author":162,"featured_media":0,"parent":0,"menu_order":104,"comment_status":"closed","ping_status":"closed","template":"","meta":{"footnotes":""},"class_list":["post-1182","page","type-page","status-publish","hentry"],"yoast_head":"<!-- This site is optimized with the Yoast SEO plugin v27.4 - https:\/\/yoast.com\/product\/yoast-seo-wordpress\/ -->\n<title>P\u00e5 uppt\u00e4cktsf\u00e4rd i tr\u00e4dg\u00e5rden - Eolsh\u00e4lls 4H-g\u00e5rd<\/title>\n<meta name=\"robots\" content=\"index, follow, max-snippet:-1, max-image-preview:large, max-video-preview:-1\" \/>\n<link rel=\"canonical\" href=\"https:\/\/www.4h.se\/eolshall\/pa-upptacktsfard-i-tradgarden\/\" \/>\n<meta property=\"og:locale\" content=\"sv_SE\" \/>\n<meta property=\"og:type\" content=\"article\" \/>\n<meta property=\"og:title\" content=\"P\u00e5 uppt\u00e4cktsf\u00e4rd i tr\u00e4dg\u00e5rden - Eolsh\u00e4lls 4H-g\u00e5rd\" \/>\n<meta property=\"og:description\" content=\"[vc_row][vc_column][vc_column_text]P\u00e5 uppt\u00e4cktsf\u00e4rd i tr\u00e4dg\u00e5rden Vad \u00e4r det som kryper? Vem bygger fluffiga bon i buskarna? Hur funkar ett fr\u00f6? \u00a0 Detta och mycket annat f\u00e5r du reda p\u00e5 om du h\u00e4nger med i &#8221;P\u00e5 uppt\u00e4cktsf\u00e4rd i tr\u00e4dg\u00e5rden\u201d. Vi s\u00e5r fr\u00f6n och planterar, gr\u00e4ver i jorden och kollar vilka som bor d\u00e4r och vad de g\u00f6r,&nbsp; &hellip; Read more\" \/>\n<meta property=\"og:url\" content=\"https:\/\/www.4h.se\/eolshall\/pa-upptacktsfard-i-tradgarden\/\" \/>\n<meta property=\"og:site_name\" content=\"Eolsh\u00e4lls 4H-g\u00e5rd\" \/>\n<meta property=\"article:modified_time\" content=\"2025-02-03T20:27:41+00:00\" \/>\n<meta property=\"og:image\" content=\"https:\/\/www.4h.se\/eolshall\/wp-content\/uploads\/sites\/112\/2023\/03\/IMG_1337-rotated.jpg\" \/>\n<meta name=\"twitter:card\" content=\"summary_large_image\" \/>\n<meta name=\"twitter:label1\" content=\"Ber\u00e4knad l\u00e4stid\" \/>\n\t<meta name=\"twitter:data1\" content=\"1 minut\" \/>\n<script type=\"application\/ld+json\" class=\"yoast-schema-graph\">{\"@context\":\"https:\\\/\\\/schema.org\",\"@graph\":[{\"@type\":\"WebPage\",\"@id\":\"https:\\\/\\\/www.4h.se\\\/eolshall\\\/pa-upptacktsfard-i-tradgarden\\\/\",\"url\":\"https:\\\/\\\/www.4h.se\\\/eolshall\\\/pa-upptacktsfard-i-tradgarden\\\/\",\"name\":\"P\u00e5 uppt\u00e4cktsf\u00e4rd i tr\u00e4dg\u00e5rden - Eolsh\u00e4lls 4H-g\u00e5rd\",\"isPartOf\":{\"@id\":\"https:\\\/\\\/www.4h.se\\\/eolshall\\\/#website\"},\"primaryImageOfPage\":{\"@id\":\"https:\\\/\\\/www.4h.se\\\/eolshall\\\/pa-upptacktsfard-i-tradgarden\\\/#primaryimage\"},\"image\":{\"@id\":\"https:\\\/\\\/www.4h.se\\\/eolshall\\\/pa-upptacktsfard-i-tradgarden\\\/#primaryimage\"},\"thumbnailUrl\":\"https:\\\/\\\/www.4h.se\\\/eolshall\\\/wp-content\\\/uploads\\\/sites\\\/112\\\/2023\\\/03\\\/IMG_1337-rotated.jpg\",\"datePublished\":\"2022-06-01T07:28:44+00:00\",\"dateModified\":\"2025-02-03T20:27:41+00:00\",\"breadcrumb\":{\"@id\":\"https:\\\/\\\/www.4h.se\\\/eolshall\\\/pa-upptacktsfard-i-tradgarden\\\/#breadcrumb\"},\"inLanguage\":\"sv-SE\",\"potentialAction\":[{\"@type\":\"ReadAction\",\"target\":[\"https:\\\/\\\/www.4h.se\\\/eolshall\\\/pa-upptacktsfard-i-tradgarden\\\/\"]}]},{\"@type\":\"ImageObject\",\"inLanguage\":\"sv-SE\",\"@id\":\"https:\\\/\\\/www.4h.se\\\/eolshall\\\/pa-upptacktsfard-i-tradgarden\\\/#primaryimage\",\"url\":\"https:\\\/\\\/www.4h.se\\\/eolshall\\\/wp-content\\\/uploads\\\/sites\\\/112\\\/2023\\\/03\\\/IMG_1337-rotated.jpg\",\"contentUrl\":\"https:\\\/\\\/www.4h.se\\\/eolshall\\\/wp-content\\\/uploads\\\/sites\\\/112\\\/2023\\\/03\\\/IMG_1337-rotated.jpg\",\"width\":640,\"height\":640},{\"@type\":\"BreadcrumbList\",\"@id\":\"https:\\\/\\\/www.4h.se\\\/eolshall\\\/pa-upptacktsfard-i-tradgarden\\\/#breadcrumb\",\"itemListElement\":[{\"@type\":\"ListItem\",\"position\":1,\"name\":\"Hem\",\"item\":\"https:\\\/\\\/www.4h.se\\\/eolshall\\\/\"},{\"@type\":\"ListItem\",\"position\":2,\"name\":\"P\u00e5 uppt\u00e4cktsf\u00e4rd i tr\u00e4dg\u00e5rden\"}]},{\"@type\":\"WebSite\",\"@id\":\"https:\\\/\\\/www.4h.se\\\/eolshall\\\/#website\",\"url\":\"https:\\\/\\\/www.4h.se\\\/eolshall\\\/\",\"name\":\"Eolsh\u00e4lls 4H-g\u00e5rd\",\"description\":\"\",\"potentialAction\":[{\"@type\":\"SearchAction\",\"target\":{\"@type\":\"EntryPoint\",\"urlTemplate\":\"https:\\\/\\\/www.4h.se\\\/eolshall\\\/?s={search_term_string}\"},\"query-input\":{\"@type\":\"PropertyValueSpecification\",\"valueRequired\":true,\"valueName\":\"search_term_string\"}}],\"inLanguage\":\"sv-SE\"}]}<\/script>\n<!-- \/ Yoast SEO plugin. -->","yoast_head_json":{"title":"P\u00e5 uppt\u00e4cktsf\u00e4rd i tr\u00e4dg\u00e5rden - Eolsh\u00e4lls 4H-g\u00e5rd","robots":{"index":"index","follow":"follow","max-snippet":"max-snippet:-1","max-image-preview":"max-image-preview:large","max-video-preview":"max-video-preview:-1"},"canonical":"https:\/\/www.4h.se\/eolshall\/pa-upptacktsfard-i-tradgarden\/","og_locale":"sv_SE","og_type":"article","og_title":"P\u00e5 uppt\u00e4cktsf\u00e4rd i tr\u00e4dg\u00e5rden - Eolsh\u00e4lls 4H-g\u00e5rd","og_description":"[vc_row][vc_column][vc_column_text]P\u00e5 uppt\u00e4cktsf\u00e4rd i tr\u00e4dg\u00e5rden Vad \u00e4r det som kryper? Vem bygger fluffiga bon i buskarna? Hur funkar ett fr\u00f6? \u00a0 Detta och mycket annat f\u00e5r du reda p\u00e5 om du h\u00e4nger med i &#8221;P\u00e5 uppt\u00e4cktsf\u00e4rd i tr\u00e4dg\u00e5rden\u201d. Vi s\u00e5r fr\u00f6n och planterar, gr\u00e4ver i jorden och kollar vilka som bor d\u00e4r och vad de g\u00f6r,&nbsp; &hellip; Read more","og_url":"https:\/\/www.4h.se\/eolshall\/pa-upptacktsfard-i-tradgarden\/","og_site_name":"Eolsh\u00e4lls 4H-g\u00e5rd","article_modified_time":"2025-02-03T20:27:41+00:00","og_image":[{"url":"https:\/\/www.4h.se\/eolshall\/wp-content\/uploads\/sites\/112\/2023\/03\/IMG_1337-rotated.jpg","type":"","width":"","height":""}],"twitter_card":"summary_large_image","twitter_misc":{"Ber\u00e4knad l\u00e4stid":"1 minut"},"schema":{"@context":"https:\/\/schema.org","@graph":[{"@type":"WebPage","@id":"https:\/\/www.4h.se\/eolshall\/pa-upptacktsfard-i-tradgarden\/","url":"https:\/\/www.4h.se\/eolshall\/pa-upptacktsfard-i-tradgarden\/","name":"P\u00e5 uppt\u00e4cktsf\u00e4rd i tr\u00e4dg\u00e5rden - Eolsh\u00e4lls 4H-g\u00e5rd","isPartOf":{"@id":"https:\/\/www.4h.se\/eolshall\/#website"},"primaryImageOfPage":{"@id":"https:\/\/www.4h.se\/eolshall\/pa-upptacktsfard-i-tradgarden\/#primaryimage"},"image":{"@id":"https:\/\/www.4h.se\/eolshall\/pa-upptacktsfard-i-tradgarden\/#primaryimage"},"thumbnailUrl":"https:\/\/www.4h.se\/eolshall\/wp-content\/uploads\/sites\/112\/2023\/03\/IMG_1337-rotated.jpg","datePublished":"2022-06-01T07:28:44+00:00","dateModified":"2025-02-03T20:27:41+00:00","breadcrumb":{"@id":"https:\/\/www.4h.se\/eolshall\/pa-upptacktsfard-i-tradgarden\/#breadcrumb"},"inLanguage":"sv-SE","potentialAction":[{"@type":"ReadAction","target":["https:\/\/www.4h.se\/eolshall\/pa-upptacktsfard-i-tradgarden\/"]}]},{"@type":"ImageObject","inLanguage":"sv-SE","@id":"https:\/\/www.4h.se\/eolshall\/pa-upptacktsfard-i-tradgarden\/#primaryimage","url":"https:\/\/www.4h.se\/eolshall\/wp-content\/uploads\/sites\/112\/2023\/03\/IMG_1337-rotated.jpg","contentUrl":"https:\/\/www.4h.se\/eolshall\/wp-content\/uploads\/sites\/112\/2023\/03\/IMG_1337-rotated.jpg","width":640,"height":640},{"@type":"BreadcrumbList","@id":"https:\/\/www.4h.se\/eolshall\/pa-upptacktsfard-i-tradgarden\/#breadcrumb","itemListElement":[{"@type":"ListItem","position":1,"name":"Hem","item":"https:\/\/www.4h.se\/eolshall\/"},{"@type":"ListItem","position":2,"name":"P\u00e5 uppt\u00e4cktsf\u00e4rd i tr\u00e4dg\u00e5rden"}]},{"@type":"WebSite","@id":"https:\/\/www.4h.se\/eolshall\/#website","url":"https:\/\/www.4h.se\/eolshall\/","name":"Eolsh\u00e4lls 4H-g\u00e5rd","description":"","potentialAction":[{"@type":"SearchAction","target":{"@type":"EntryPoint","urlTemplate":"https:\/\/www.4h.se\/eolshall\/?s={search_term_string}"},"query-input":{"@type":"PropertyValueSpecification","valueRequired":true,"valueName":"search_term_string"}}],"inLanguage":"sv-SE"}]}},"_links":{"self":[{"href":"https:\/\/www.4h.se\/eolshall\/wp-json\/wp\/v2\/pages\/1182","targetHints":{"allow":["GET"]}}],"collection":[{"href":"https:\/\/www.4h.se\/eolshall\/wp-json\/wp\/v2\/pages"}],"about":[{"href":"https:\/\/www.4h.se\/eolshall\/wp-json\/wp\/v2\/types\/page"}],"author":[{"embeddable":true,"href":"https:\/\/www.4h.se\/eolshall\/wp-json\/wp\/v2\/users\/162"}],"replies":[{"embeddable":true,"href":"https:\/\/www.4h.se\/eolshall\/wp-json\/wp\/v2\/comments?post=1182"}],"version-history":[{"count":0,"href":"https:\/\/www.4h.se\/eolshall\/wp-json\/wp\/v2\/pages\/1182\/revisions"}],"wp:attachment":[{"href":"https:\/\/www.4h.se\/eolshall\/wp-json\/wp\/v2\/media?parent=1182"}],"curies":[{"name":"wp","href":"https:\/\/api.w.org\/{rel}","templated":true}]}}