



{"id":39,"date":"2014-12-09T20:10:35","date_gmt":"2014-12-09T19:10:35","guid":{"rendered":"http:\/\/www.4h.se\/rix16\/?page_id=39"},"modified":"2021-02-23T19:01:46","modified_gmt":"2021-02-23T18:01:46","slug":"hem","status":"publish","type":"page","link":"https:\/\/www.4h.se\/endre\/","title":{"rendered":"Startsida"},"content":{"rendered":"<div class=\"wpb-content-wrapper\"><p>[vc_row][vc_column width=&#8221;2\/3&#8243;][vc_column_text]<\/p>\n<h1>V\u00e4lkommen till\u00a0*klubbnamn* 4H-klubbs\/g\u00e5rds nya hemsida!<\/h1>\n<p>[\/vc_column_text][vc_column_text]Tjofl\u00f6jt!<\/p>\n<p>Hej, h\u00e4r \u00e4r eran nya sida! Nu \u00e4r det dags f\u00f6r n\u00e5gra enkla inst\u00e4llningar f\u00f6r eran\u00a0klubbs\u00a0sida att st\u00e4lla in f\u00f6rst.<\/p>\n<p>B\u00f6rja med att trycka p\u00e5 redigera inneh\u00e5ll \u00f6verst p\u00e5 sidan f\u00f6r att \u00e4ndra till eran klubbs namn p\u00e5 f\u00f6rstasidan. V\u00e4lj sedan om klubb eller g\u00e5rd ska st\u00e5 kvar.<\/p>\n<p>St\u00e4ll in eran adress genom att klicka l\u00e4ngst ner p\u00e5 sidan genom att trycka p\u00e5 &#8221;\u00c4ndra bes\u00f6ksadress&#8221;. D\u00e5 kommer ni in i era &#8221;4H-inst\u00e4llningar&#8221; klicka genom de \u00f6vriga flikarna ocks\u00e5:<\/p>\n<ul>\n<li>Huvudinst\u00e4llningar: d\u00e4r v\u00e4ljer ni att publicera hela hemsidan n\u00e4r ni \u00e4r f\u00e4rdiga med f\u00f6rsta versionen. Om ni har en sida sedan\u00a0tidigare kan ni innan ni \u00e4r f\u00e4rdiga med den nya sidan h\u00e4nvisa till den gamla hemsidan genom att fylla i den gamla sidans adress. Denna h\u00e4nvisningen f\u00f6rsvinner automatiskt n\u00e4r ni publicerar den nya sidan.<\/li>\n<li>Bes\u00f6ksadress: St\u00e4ll in den bes\u00f6ksadress som ska visas i sidfoten.<\/li>\n<li>Adress: St\u00e4ll in den postadress klubben har. Om det \u00e4r samma som bes\u00f6ksadressen s\u00e5 skriver du samma adress.<\/li>\n<li>Kontaktuppgifter: H\u00e4r skriver du klubbens namn t.ex. &#8221;Stockholm\u00a04H-klubb&#8221; eller &#8221;G\u00f6teborg\u00a04H-g\u00e5rd&#8221;. Du kan \u00e4ven ange ett telefonnummer som ocks\u00e5 syns i sidfoten. Och kontrollera att mailadressen \u00e4r r\u00e4tt.<\/li>\n<\/ul>\n<p>&nbsp;[\/vc_column_text][vc_row_inner][vc_column_inner width=&#8221;1\/2&#8243;][vc_column_text]Se till att kolla \u00f6ver menyerna s\u00e5 att du har r\u00e4tt information d\u00e4r. Klicka p\u00e5 &#8221;\u00c4ndra meny&#8221; p\u00e5 de st\u00e4llen de visas. Kolla framf\u00f6r allt \u00f6ver huvudmenyn.<\/p>\n<p>I den \u00f6vre sidfoten finns en rubrik som heter &#8221;Meny&#8221;, detta \u00e4r en exempel-meny som man kan v\u00e4lja att l\u00e4gg in egen information p\u00e5 eller ta bort. F\u00f6r att ta bort menyn g\u00e5r du in och bockar ur &#8221;Sidfot meny 4&#8221; och sparar sedan menyn genom att trycka p\u00e5 &#8221;Spara meny&#8221;, d\u00e5 finns menyn kvar i systemet men den syns inte p\u00e5 hemsidan. Detta \u00e4r ett bra\u00a0metod om man vill f\u00f6rbereda en meny men inte anv\u00e4nda sig av den riktigt \u00e4n, eller v\u00e4xla meny beroende p\u00e5 vilka evenemang som \u00e4r p\u00e5 g\u00e5ng eller om hemsidan ska se olika ut beroende p\u00e5 vilken \u00e5rstid.[\/vc_column_text][\/vc_column_inner][vc_column_inner width=&#8221;1\/2&#8243;][vc_column_text]Se till att redigera f\u00e4rdigt sidorna eller ta bort dom ur menyn innan du publicerar. En of\u00e4rdig sida ser alltid tr\u00e5kig ut f\u00f6r bes\u00f6karen. G\u00f6r hellre en sida med lite information till en b\u00f6rjan och fyll sedan p\u00e5 allt eftersom. D\u00e5 blir det inte s\u00e5 mycket att g\u00f6ra f\u00f6rsta g\u00e5ngen du redigerar hemsidan.<\/p>\n<p>G\u00e5 in p\u00e5 <a href=\"http:\/\/www.4h.se\/utbildning\">www.4h.se\/utbildning<\/a> f\u00f6r att titta p\u00e5 n\u00e5gra videos om hur du hanterar hemsidan. Och till sist, gl\u00f6m inte att ta bort den h\u00e4r hj\u00e4lptexten =)<\/p>\n<p>Lyckat till!![\/vc_column_text][\/vc_column_inner][\/vc_row_inner][\/vc_column][vc_column width=&#8221;1\/3&#8243;][vc_wp_posts number=&#8221;5&#8243;][vc_column_text]<div id=\"calendar-4h\" class=\"widget widget_4h_calendar\"><script type=\"text\/javascript\">var ajaxurl = \"https:\/\/www.4h.se\/endre\/wp-admin\/admin-ajax.php\";<\/script><div id=\"calendar_div\"><!-- mainCalender() saknas --><\/div><\/div>[\/vc_column_text][\/vc_column][\/vc_row]<\/p>\n<\/div>","protected":false},"excerpt":{"rendered":"<p>[vc_row][vc_column width=&#8221;2\/3&#8243;][vc_column_text] V\u00e4lkommen till\u00a0*klubbnamn* 4H-klubbs\/g\u00e5rds nya hemsida! [\/vc_column_text][vc_column_text]Tjofl\u00f6jt! Hej, h\u00e4r \u00e4r eran nya sida! Nu \u00e4r det dags f\u00f6r n\u00e5gra enkla inst\u00e4llningar f\u00f6r eran\u00a0klubbs\u00a0sida att st\u00e4lla in f\u00f6rst. B\u00f6rja med att trycka p\u00e5 redigera inneh\u00e5ll \u00f6verst p\u00e5 sidan f\u00f6r att \u00e4ndra till eran klubbs namn p\u00e5 f\u00f6rstasidan. V\u00e4lj sedan om klubb eller g\u00e5rd ska st\u00e5&nbsp; <a href=\"https:\/\/www.4h.se\/endre\/\">&hellip; Read more <i class=\"glyphicon glyphicon-arrow-right\"><\/i><\/a><\/p>\n","protected":false},"author":1,"featured_media":0,"parent":0,"menu_order":10,"comment_status":"closed","ping_status":"closed","template":"","meta":{"_acf_changed":false,"footnotes":""},"class_list":["post-39","page","type-page","status-publish","hentry"],"acf":[],"yoast_head":"<!-- This site is optimized with the Yoast SEO plugin v27.5 - https:\/\/yoast.com\/product\/yoast-seo-wordpress\/ -->\n<title>Startsida - Endre 4H-klubb<\/title>\n<meta name=\"robots\" content=\"index, follow, max-snippet:-1, max-image-preview:large, max-video-preview:-1\" \/>\n<link rel=\"canonical\" href=\"https:\/\/www.4h.se\/endre\/\" \/>\n<meta property=\"og:locale\" content=\"sv_SE\" \/>\n<meta property=\"og:type\" content=\"article\" \/>\n<meta property=\"og:title\" content=\"Startsida - Endre 4H-klubb\" \/>\n<meta property=\"og:description\" content=\"[vc_row][vc_column width=&#8221;2\/3&#8243;][vc_column_text] V\u00e4lkommen till\u00a0*klubbnamn* 4H-klubbs\/g\u00e5rds nya hemsida! [\/vc_column_text][vc_column_text]Tjofl\u00f6jt! Hej, h\u00e4r \u00e4r eran nya sida! Nu \u00e4r det dags f\u00f6r n\u00e5gra enkla inst\u00e4llningar f\u00f6r eran\u00a0klubbs\u00a0sida att st\u00e4lla in f\u00f6rst. B\u00f6rja med att trycka p\u00e5 redigera inneh\u00e5ll \u00f6verst p\u00e5 sidan f\u00f6r att \u00e4ndra till eran klubbs namn p\u00e5 f\u00f6rstasidan. V\u00e4lj sedan om klubb eller g\u00e5rd ska st\u00e5&nbsp; &hellip; Read more\" \/>\n<meta property=\"og:url\" content=\"https:\/\/www.4h.se\/endre\/\" \/>\n<meta property=\"og:site_name\" content=\"Endre 4H-klubb\" \/>\n<meta property=\"article:modified_time\" content=\"2021-02-23T18:01:46+00:00\" \/>\n<meta name=\"twitter:card\" content=\"summary_large_image\" \/>\n<meta name=\"twitter:label1\" content=\"Ber\u00e4knad l\u00e4stid\" \/>\n\t<meta name=\"twitter:data1\" content=\"3 minuter\" \/>\n<script type=\"application\/ld+json\" class=\"yoast-schema-graph\">{\"@context\":\"https:\\\/\\\/schema.org\",\"@graph\":[{\"@type\":\"WebPage\",\"@id\":\"https:\\\/\\\/www.4h.se\\\/endre\\\/\",\"url\":\"https:\\\/\\\/www.4h.se\\\/endre\\\/\",\"name\":\"Startsida - Endre 4H-klubb\",\"isPartOf\":{\"@id\":\"https:\\\/\\\/www.4h.se\\\/endre\\\/#website\"},\"datePublished\":\"2014-12-09T19:10:35+00:00\",\"dateModified\":\"2021-02-23T18:01:46+00:00\",\"breadcrumb\":{\"@id\":\"https:\\\/\\\/www.4h.se\\\/endre\\\/#breadcrumb\"},\"inLanguage\":\"sv-SE\",\"potentialAction\":[{\"@type\":\"ReadAction\",\"target\":[\"https:\\\/\\\/www.4h.se\\\/endre\\\/\"]}]},{\"@type\":\"BreadcrumbList\",\"@id\":\"https:\\\/\\\/www.4h.se\\\/endre\\\/#breadcrumb\",\"itemListElement\":[{\"@type\":\"ListItem\",\"position\":1,\"name\":\"Hem\",\"item\":\"https:\\\/\\\/www.4h.se\\\/endre\\\/\"},{\"@type\":\"ListItem\",\"position\":2,\"name\":\"Startsida\"}]},{\"@type\":\"WebSite\",\"@id\":\"https:\\\/\\\/www.4h.se\\\/endre\\\/#website\",\"url\":\"https:\\\/\\\/www.4h.se\\\/endre\\\/\",\"name\":\"Endre 4H-klubb\",\"description\":\"\",\"potentialAction\":[{\"@type\":\"SearchAction\",\"target\":{\"@type\":\"EntryPoint\",\"urlTemplate\":\"https:\\\/\\\/www.4h.se\\\/endre\\\/?s={search_term_string}\"},\"query-input\":{\"@type\":\"PropertyValueSpecification\",\"valueRequired\":true,\"valueName\":\"search_term_string\"}}],\"inLanguage\":\"sv-SE\"}]}<\/script>\n<!-- \/ Yoast SEO plugin. -->","yoast_head_json":{"title":"Startsida - Endre 4H-klubb","robots":{"index":"index","follow":"follow","max-snippet":"max-snippet:-1","max-image-preview":"max-image-preview:large","max-video-preview":"max-video-preview:-1"},"canonical":"https:\/\/www.4h.se\/endre\/","og_locale":"sv_SE","og_type":"article","og_title":"Startsida - Endre 4H-klubb","og_description":"[vc_row][vc_column width=&#8221;2\/3&#8243;][vc_column_text] V\u00e4lkommen till\u00a0*klubbnamn* 4H-klubbs\/g\u00e5rds nya hemsida! [\/vc_column_text][vc_column_text]Tjofl\u00f6jt! Hej, h\u00e4r \u00e4r eran nya sida! Nu \u00e4r det dags f\u00f6r n\u00e5gra enkla inst\u00e4llningar f\u00f6r eran\u00a0klubbs\u00a0sida att st\u00e4lla in f\u00f6rst. B\u00f6rja med att trycka p\u00e5 redigera inneh\u00e5ll \u00f6verst p\u00e5 sidan f\u00f6r att \u00e4ndra till eran klubbs namn p\u00e5 f\u00f6rstasidan. V\u00e4lj sedan om klubb eller g\u00e5rd ska st\u00e5&nbsp; &hellip; Read more","og_url":"https:\/\/www.4h.se\/endre\/","og_site_name":"Endre 4H-klubb","article_modified_time":"2021-02-23T18:01:46+00:00","twitter_card":"summary_large_image","twitter_misc":{"Ber\u00e4knad l\u00e4stid":"3 minuter"},"schema":{"@context":"https:\/\/schema.org","@graph":[{"@type":"WebPage","@id":"https:\/\/www.4h.se\/endre\/","url":"https:\/\/www.4h.se\/endre\/","name":"Startsida - Endre 4H-klubb","isPartOf":{"@id":"https:\/\/www.4h.se\/endre\/#website"},"datePublished":"2014-12-09T19:10:35+00:00","dateModified":"2021-02-23T18:01:46+00:00","breadcrumb":{"@id":"https:\/\/www.4h.se\/endre\/#breadcrumb"},"inLanguage":"sv-SE","potentialAction":[{"@type":"ReadAction","target":["https:\/\/www.4h.se\/endre\/"]}]},{"@type":"BreadcrumbList","@id":"https:\/\/www.4h.se\/endre\/#breadcrumb","itemListElement":[{"@type":"ListItem","position":1,"name":"Hem","item":"https:\/\/www.4h.se\/endre\/"},{"@type":"ListItem","position":2,"name":"Startsida"}]},{"@type":"WebSite","@id":"https:\/\/www.4h.se\/endre\/#website","url":"https:\/\/www.4h.se\/endre\/","name":"Endre 4H-klubb","description":"","potentialAction":[{"@type":"SearchAction","target":{"@type":"EntryPoint","urlTemplate":"https:\/\/www.4h.se\/endre\/?s={search_term_string}"},"query-input":{"@type":"PropertyValueSpecification","valueRequired":true,"valueName":"search_term_string"}}],"inLanguage":"sv-SE"}]}},"_links":{"self":[{"href":"https:\/\/www.4h.se\/endre\/wp-json\/wp\/v2\/pages\/39","targetHints":{"allow":["GET"]}}],"collection":[{"href":"https:\/\/www.4h.se\/endre\/wp-json\/wp\/v2\/pages"}],"about":[{"href":"https:\/\/www.4h.se\/endre\/wp-json\/wp\/v2\/types\/page"}],"author":[{"embeddable":true,"href":"https:\/\/www.4h.se\/endre\/wp-json\/wp\/v2\/users\/1"}],"replies":[{"embeddable":true,"href":"https:\/\/www.4h.se\/endre\/wp-json\/wp\/v2\/comments?post=39"}],"version-history":[{"count":0,"href":"https:\/\/www.4h.se\/endre\/wp-json\/wp\/v2\/pages\/39\/revisions"}],"wp:attachment":[{"href":"https:\/\/www.4h.se\/endre\/wp-json\/wp\/v2\/media?parent=39"}],"curies":[{"name":"wp","href":"https:\/\/api.w.org\/{rel}","templated":true}]}}