



{"id":988,"date":"2026-01-30T09:01:53","date_gmt":"2026-01-30T08:01:53","guid":{"rendered":"https:\/\/www.4h.se\/bjorklundshage\/?page_id=988"},"modified":"2026-04-09T11:37:41","modified_gmt":"2026-04-09T09:37:41","slug":"vanliga-fragor","status":"publish","type":"page","link":"https:\/\/www.4h.se\/bjorklundshage\/vanliga-fragor\/","title":{"rendered":"Vanliga fr\u00e5gor"},"content":{"rendered":"<div class=\"wpb-content-wrapper\"><p>[vc_row][vc_column][vc_column_text css=&#8221;.vc_custom_1769760853510{border-top-width: 6px !important;border-right-width: 6px !important;border-bottom-width: 6px !important;border-left-width: 6px !important;padding-top: 5px !important;padding-right: 15px !important;padding-bottom: 15px !important;padding-left: 15px !important;border-left-style: double !important;border-right-style: double !important;border-top-style: double !important;border-bottom-style: double !important;border-radius: 4px !important;border-color: #00693F !important;}&#8221;]<\/p>\n<h2 style=\"text-align: center;\">H\u00e4r samlar vi vanliga fr\u00e5gor om v\u00e5r verksamhet och bokningar.<br \/>\nKlicka p\u00e5 en fr\u00e5ga f\u00f6r att \u00f6ppna svaret.<br \/>\nHittar du inte din fr\u00e5ga h\u00e4r \u00e4r du varmt v\u00e4lkommen att skicka ett mejl till&nbsp;<a href=\"mailto:bjorklundshage@4h.se\" target=\"_blank\" rel=\"noopener\">bjorklundshage@4h.se<\/a><\/h2>\n<p>[\/vc_column_text][\/vc_column][\/vc_row][vc_row][vc_column width=&#8221;1\/2&#8243;][vc_column_text css=&#8221;&#8221;]<\/p>\n<h3>Fr\u00e5gor om kaninhotellet<\/h3>\n<p>[\/vc_column_text][vc_toggle title=&#8221;Vad menas med en bokningsfr\u00e5ga?&#8221; css=&#8221;&#8221;]<\/p>\n<p data-start=\"280\" data-end=\"464\">En bokningsf\u00f6rfr\u00e5gan inneb\u00e4r att du skickar in \u00f6nskat datum f\u00f6r vistelsen. Eftersom vi beh\u00f6ver kontrollera att det finns plats under hela perioden kan bokningen inte genomf\u00f6ras direkt.<\/p>\n<p data-start=\"466\" data-end=\"791\">N\u00e4r du skickar in bokningsf\u00f6rfr\u00e5gan godk\u00e4nner du v\u00e5ra regler och avbokningsvillkor. Om det finns plats hela den \u00f6nskade perioden genomf\u00f6rs bokningen automatiskt och du f\u00e5r en bokningsbekr\u00e4ftelse samt faktura via mejl. Om det inte finns plats f\u00f6r hela perioden \u00e5terkommer vi med information om vilka datum som \u00e4r tillg\u00e4ngliga.<\/p>\n<p>[\/vc_toggle][vc_toggle title=&#8221;Hur stora \u00e4r burarna?&#8221; css=&#8221;&#8221;]En enkelbur \u00e4r 0,75kvm och en dubbelbur \u00e4r 1,5 kvm.<br \/>\nDe flesta av v\u00e5ra burar har en lucka i mellanv\u00e4ggen som vi kan \u00f6ppna\/l\u00e5sa beroende p\u00e5 om det ska vara en enkel eller en dubbelbur.<\/p>\n<p>2 marsvin kan bo tillsammans i en enkelbur.<\/p>\n<p>Kaniner m\u00e5ste ha minst 1 bur\/kanin (2 kaniner beh\u00f6ver alltid en dubbelbur).<\/p>\n<p>Alla burar har upphopp\/g\u00f6mst\u00e4lle.[\/vc_toggle][vc_toggle title=&#8221;Vad kostar det att bo i hotellet?&#8221; css=&#8221;&#8221;]<\/p>\n<p data-start=\"844\" data-end=\"867\">Priserna \u00e4r f\u00f6ljande:<\/p>\n<ul data-start=\"868\" data-end=\"1110\">\n<li data-start=\"868\" data-end=\"891\">\n<p data-start=\"870\" data-end=\"891\">Startavgift: 250 kr<\/p>\n<\/li>\n<li data-start=\"892\" data-end=\"938\">\n<p data-start=\"894\" data-end=\"938\">Dygnsavgift: 65 kr\/bur (per p\u00e5b\u00f6rjat dygn)<\/p>\n<\/li>\n<li data-start=\"939\" data-end=\"1110\">\n<p data-start=\"941\" data-end=\"1110\">Dubbelbur f\u00f6r tv\u00e5 kaniner: 130 kr\/dygn (endast en startavgift)<br data-start=\"1003\" data-end=\"1006\">Det finns m\u00f6jlighet att l\u00e4gga till kloklippning mot extra kostnad<\/p>\n<\/li>\n<\/ul>\n<p>[\/vc_toggle][vc_toggle title=&#8221;Vilka tider kan vi h\u00e4mta och l\u00e4mna?&#8221; css=&#8221;&#8221;]Man kan endast h\u00e4mta och l\u00e4mna p\u00e5 avtalad tid. Vi har m\u00e5nga aktiviteter p\u00e5 g\u00e5rden och personalen \u00e4r ofta uppbokad med grupper, l\u00e4ger, kalas och guidningar. P\u00e5 helger har vi \u00e4ven ofta volont\u00e4rer som tar hand om v\u00e5ra djur s\u00e5 d\u00e5 \u00e4r endast personal p\u00e5 plats i hotellet under en kortare tid p\u00e5 dagen.[\/vc_toggle][vc_toggle title=&#8221;N\u00e4r beh\u00f6ver jag boka en dubbelbur?&#8221; css=&#8221;&#8221;]Om du har tv\u00e5 kaniner som bor tillsammans ska de alltid ha en dubbelbur.<\/p>\n<p>En ensam kanin eller tv\u00e5 marsvin som ska bo i hotellet i mer \u00e4n 14 dagar beh\u00f6ver en dubbelbur f\u00f6r att m\u00e5 bra och kunna r\u00f6ra sig ordentligt.[\/vc_toggle][\/vc_column][vc_column width=&#8221;1\/2&#8243;][vc_column_text css=&#8221;&#8221;]<\/p>\n<h3>Fr\u00e5gor om l\u00e4ger<\/h3>\n<p>[\/vc_column_text][vc_toggle title=&#8221;Varf\u00f6r fick jag tv\u00e5 fakturor?&#8221; css=&#8221;&#8221;]F\u00f6r att g\u00e5 p\u00e5 v\u00e5ra l\u00e4ger kr\u00e4vs det att man \u00e4r medlem.<br \/>\nF\u00f6r icke medlemmar skapas det automatiskt en medlemsfaktura vid l\u00e4geranm\u00e4lan.<br \/>\nDenna faktura m\u00e5ste vara betald innan l\u00e4gerstart.<br \/>\nV\u00e5r riksorganisation hanterar alla medlemskap, fr\u00e5gor om ditt medlemskap kan skickas till&nbsp;<a href=\"mailto:info@4h.se\" target=\"_blank\" rel=\"noopener\">info@4h.se<\/a>[\/vc_toggle][vc_toggle title=&#8221;Vad \u00e4r det f\u00f6r avbokningsegler och betalning f\u00f6r l\u00e4ger?&#8221; css=&#8221;&#8221;]<\/p>\n<div><b data-olk-copy-source=\"MessageBody\">Anm\u00e4lan och betalning<\/b><\/div>\n<ul data-start=\"273\" data-end=\"583\">\n<li>\n<div role=\"presentation\">Anm\u00e4lan till l\u00e4ger \u00e4r&nbsp;<b>bindande<\/b>.<\/div>\n<\/li>\n<li>\n<div role=\"presentation\">L\u00e4geravgiften ska betalas enligt&nbsp;<b>fakturans instruktioner och f\u00f6rfallodatum<\/b>.<\/div>\n<\/li>\n<li>\n<div role=\"presentation\">Vi prickar av betalningar manuellt, s\u00e5 det \u00e4r viktigt att betalningsuppgifterna f\u00f6ljs korrekt.<\/div>\n<\/li>\n<li>\n<div role=\"presentation\">Fakturan skickas via Antribe och kan ibland hamna i skr\u00e4pposten \u2013 kontrollera den noggrant.<\/div>\n<\/li>\n<\/ul>\n<div><b>Avbokning<\/b><\/div>\n<ul data-start=\"599\" data-end=\"1245\">\n<li>\n<div role=\"presentation\"><b>Avbokning tidigare \u00e4n 30 dagar f\u00f6re l\u00e4gerstart:<\/b><br \/>\nFull \u00e5terbetalning av l\u00e4geravgiften, exklusive administrationsavgift p\u00e5 30 kr.<br \/>\n<i>L\u00e4karintyg kr\u00e4vs inte.<\/i><\/div>\n<\/li>\n<li>\n<div role=\"presentation\"><b>Avbokning 30\u201314 dagar f\u00f6re l\u00e4gerstart:<\/b><br \/>\n50 % av l\u00e4geravgiften \u00e5terbetalas. Administrationsavgiften p\u00e5 30 kr \u00e5terbetalas ej.<\/div>\n<\/li>\n<li>\n<div role=\"presentation\"><b>Avbokning senare \u00e4n 14 dagar f\u00f6re l\u00e4gerstart:<\/b><br \/>\nHela l\u00e4geravgiften debiteras och ingen \u00e5terbetalning sker.<\/div>\n<\/li>\n<li>\n<div role=\"presentation\"><b>Sjukdom eller skada:<\/b><br \/>\nVid avbokning&nbsp;<b>senare \u00e4n 30 dagar f\u00f6re l\u00e4gerstart<\/b>&nbsp;kan full \u00e5terbetalning av l\u00e4geravgiften ske&nbsp;<b>endast mot uppvisande av giltigt l\u00e4karintyg<\/b>.<br \/>\nAdministrationsavgiften p\u00e5 30 kr \u00e5terbetalas ej.<\/div>\n<\/li>\n<\/ul>\n<div><b>Medlemskap<\/b><\/div>\n<ul data-start=\"1262\" data-end=\"1624\">\n<li>\n<div role=\"presentation\"><b>Medlemskap \u00e4r obligatoriskt<\/b>&nbsp;f\u00f6r att delta i l\u00e4ger.<\/div>\n<\/li>\n<li>\n<div role=\"presentation\">Om deltagaren inte redan \u00e4r medlem skapas automatiskt en&nbsp;<b>separat medlemsfaktura<\/b>&nbsp;i samband med l\u00e4geranm\u00e4lan.<\/div>\n<\/li>\n<li>\n<div role=\"presentation\">Medlemsavgiften hanteras av riksorganisationen och&nbsp;<b>kan inte \u00e5terbetalas av oss<\/b>, oavsett avbokningsorsak.<\/div>\n<\/li>\n<li>\n<div role=\"presentation\">Fr\u00e5gor om medlemskap eller medlemsavgift h\u00e4nvisas till&nbsp;<b>riksorganisationen<\/b>.<\/div>\n<\/li>\n<\/ul>\n<div><b>Viktigt att notera<\/b><\/div>\n<ul data-start=\"1649\" data-end=\"1763\">\n<li>\n<div role=\"presentation\"><b>B\u00e5de l\u00e4gerfaktura och medlemsfaktura ska betalas enligt respektive fakturas instruktioner och f\u00f6rfallodatum.<\/b><\/div>\n<\/li>\n<\/ul>\n<p>[\/vc_toggle][vc_toggle title=&#8221;Hur anm\u00e4ler jag mig till l\u00e4ger om jag redan \u00e4r medlem?&#8221;]<\/p>\n<div>G\u00f6r s\u00e5 h\u00e4r:<\/div>\n<div>1. Logga in<\/div>\n<div>2. V\u00e4lj uppt\u00e4ck organisationer<\/div>\n<div>3. V\u00e4lj 4H i Sverige<\/div>\n<div>4. V\u00e4lj klubbar<\/div>\n<div>5. V\u00e4lj 4H i Stockholm<\/div>\n<div>6. V\u00e4lj Bj\u00f6rklunds Hage 4H<\/div>\n<div>7. V\u00e4lj evenemang<\/div>\n<div>8. Skrolla ner till r\u00e4tt l\u00e4ger.<\/div>\n<p>[\/vc_toggle][vc_toggle title=&#8221;Det st\u00e5r endast v\u00e4ntelista \u00e4r l\u00e4gret fullt?&#8221; css=&#8221;&#8221;]Om det p\u00e5 antrbies anm\u00e4lningssida f\u00f6r ett l\u00e4ger st\u00e5r &#8221;endast v\u00e4ntelista&#8221; s\u00e5 \u00e4r l\u00e4gret fullbokat.<br \/>\nDet g\u00e5r bra att st\u00e4lla sig p\u00e5 v\u00e4ntelistan. Det \u00e4r sv\u00e5rt att s\u00e4ga om man kommer f\u00e5 plats. Vissa veckor blir det n\u00e5gra avhopp medan andra inte blir det. Tidigare \u00e5r har det varit ganska f\u00e5 avhopp.[\/vc_toggle][vc_toggle title=&#8221;Hur vet jag om mitt barn f\u00e5tt en plats p\u00e5 l\u00e4gret?&#8221; css=&#8221;&#8221;]Om du f\u00e5tt en faktura f\u00f6r l\u00e4gret har er anm\u00e4lan g\u00e5tt igenom. Betala fakturan enligt betalningsinsturktionerna och ni har en garanterad plats p\u00e5 l\u00e4gret.[\/vc_toggle][vc_toggle title=&#8221;Min faktura st\u00e5r som obetald varf\u00f6r?&#8221; css=&#8221;&#8221;]Vi m\u00e5ste manuellt markera alla fakturor som betalda, v\u00e4nta n\u00e5gra arbetsdagar efter att ni betalat innan ni kontaktar oss.<br \/>\nDubbelkolla \u00e4ven din egen betalning att ni skrivit r\u00e4tt OCR nummer.<br \/>\nN\u00e4r er betalning \u00e4r inkommen till oss och vi sett den f\u00e5r ni ett mejl fr\u00e5n antribe att betalningen \u00e4r genomf\u00f6rd.[\/vc_toggle][vc_toggle title=&#8221;Vi anm\u00e4lde oss till fel l\u00e4ger kan ni byta?&#8221; css=&#8221;&#8221;]Vi kan tyv\u00e4rr inte byta l\u00e4ger i systemet. Ni f\u00e5r g\u00f6ra en ny anm\u00e4lan till den l\u00e4gergrupp ni \u00f6nskar delta p\u00e5 och sedan kan vi hj\u00e4lpa er ta bort den felaktiga anm\u00e4lan.[\/vc_toggle][vc_toggle title=&#8221;Mitt barn \u00e4r 6 \u00e5r kan hen delta p\u00e5 l\u00e4ger fr\u00e5n 7 \u00e5r?&#8221; css=&#8221;&#8221;]Vi erbjuder l\u00e4ger fr\u00e5n olika \u00e5ldrar, vi har \u00e5ldersspann p\u00e5 l\u00e4gret f\u00f6r att barnen ska vara i ungef\u00e4r samma \u00e5lder och f\u00f6r att aktiviteterna passar den \u00e5ldern.<\/p>\n<p>F\u00f6r barn 6 \u00e5r har vi minil\u00e4ger (5-6 \u00e5r) och mellanl\u00e4ger (6 \u00e5r) s\u00e5 ert barn \u00e4r varmt v\u00e4lkommen p\u00e5 ett l\u00e4ger f\u00f6r sin \u00e5ldersgrupp.[\/vc_toggle][\/vc_column][\/vc_row][vc_row][vc_column width=&#8221;1\/2&#8243;][vc_column_text css=&#8221;&#8221;]<\/p>\n<h3>Fr\u00e5gor om grupper<\/h3>\n<p>[\/vc_column_text][vc_toggle title=&#8221;Mitt barn fyller 4 i h\u00f6st kan vi g\u00e5 mini 4H under v\u00e5ren?&#8221; css=&#8221;&#8221;]Tyv\u00e4rr m\u00e5ste barnet fyllt 4 \u00e5r innan kursstar (eller under kursen) f\u00f6r att g\u00e5. Fyller man \u00e5r p\u00e5 h\u00f6sten \u00e4r man varmt v\u00e4lkommen p\u00e5 kurs d\u00e5.[\/vc_toggle][\/vc_column][vc_column width=&#8221;1\/2&#8243;][vc_column_text css=&#8221;&#8221;]<\/p>\n<h3>Fr\u00e5gor om caf\u00e9et<\/h3>\n<p>[\/vc_column_text][vc_toggle title=&#8221;Kan man sitta inne?&#8221; css=&#8221;&#8221;]Vi har tyv\u00e4rr inga sittplatser inne.[\/vc_toggle][vc_toggle title=&#8221;\u00c4r caf\u00e9et \u00f6ppet \u00e5ret runt?&#8221; css=&#8221;&#8221;]Caf\u00e9et \u00e4r \u00f6ppet helger fr\u00e5n april-september. Vardagar under sommaren (st\u00e4ngt v.29 och 30).[\/vc_toggle][\/vc_column][\/vc_row][vc_row][vc_column width=&#8221;1\/2&#8243;][vc_column_text css=&#8221;&#8221;]<\/p>\n<h3>Fr\u00e5gor om att bes\u00f6ka parken<\/h3>\n<p>[\/vc_column_text][vc_toggle title=&#8221;Kan man grilla hos er?&#8221; css=&#8221;&#8221;]Ja i parken finns det 2 st allm\u00e4nna grillar. Dessa sk\u00f6ter man helt sj\u00e4lv och samsas med andra bes\u00f6kare.[\/vc_toggle][vc_toggle title=&#8221;Finns det toaletter?&#8221; css=&#8221;&#8221;]Det finns toaletter \u00f6ppna varje dag kl 9-16:30.[\/vc_toggle][vc_toggle title=&#8221;Kostar det n\u00e5got att bes\u00f6ka er?&#8221; css=&#8221;&#8221;]Det \u00e4r gratis att bes\u00f6ka lekparken och 4H-g\u00e5rden. Vill man tr\u00e4ffa djuren p\u00e5 n\u00e4ra h\u00e5ll kan man boka ett studiebes\u00f6k eller delta i v\u00e5ra grupper och l\u00e4ger.[\/vc_toggle][\/vc_column][vc_column width=&#8221;1\/2&#8243;][vc_column_text css=&#8221;&#8221;]<\/p>\n<h3>Fr\u00e5gor om kalas<\/h3>\n<p>[\/vc_column_text][vc_toggle title=&#8221;Kan man hyra lokalen?&#8221; css=&#8221;&#8221;]Tyv\u00e4rr inte.<br \/>\nVi erbjuder endast v\u00e5ra f\u00e4rdiga djurkalas.[\/vc_toggle][vc_toggle title=&#8221;Vart h\u00e5lls djurkalasen?&#8221; css=&#8221;&#8221;]Alla kalas h\u00e5lls ute i v\u00e5rt verksamhetst\u00e4lt som \u00e4r n\u00e4ra djuren och dekorerat f\u00f6r kalas[\/vc_toggle][vc_toggle title=&#8221;Har ni kalas \u00e5ret runt?&#8221; css=&#8221;&#8221;]Vi erbjuder kalas fr\u00e5n slutet av mars till slutet p\u00e5 maj samt under september.<br \/>\nAlla tillg\u00e4ngliga datum f\u00f6r kalas finns p\u00e5 <a href=\"https:\/\/www.4h.se\/bjorklundshage\/kalasbokning-2\/\">kalas sidan&nbsp;<\/a>[\/vc_toggle][vc_toggle title=&#8221;Ett datum vi vill ha kalas finns inte p\u00e5 bokningssidan kan vi boka p\u00e5 annat s\u00e4tt?&#8221; css=&#8221;&#8221;]Alla tillg\u00e4ngliga tider finns p\u00e5 boka.se<br \/>\nFinns inte det \u00f6nskade datumet d\u00e4r s\u00e5 \u00e4r det antingen redan bokat eller s\u00e5 erbjuds inte kalas den dagen av olika anledningar.<br \/>\nDet g\u00e5r inte att boka djurkalas p\u00e5 annat s\u00e4tt \u00e4n via boka.se[\/vc_toggle][\/vc_column][\/vc_row][vc_row][vc_column width=&#8221;1\/2&#8243;][vc_column_text css=&#8221;&#8221;]<\/p>\n<h3>Fr\u00e5gor om studiebes\u00f6k<\/h3>\n<p>[\/vc_column_text][vc_toggle title=&#8221;F\u00e5r v\u00e5r skola leka i parken?&#8221; css=&#8221;&#8221;]Ni \u00e4r varmt v\u00e4lkomna att leka i lekparken och titta p\u00e5 djuren.<br \/>\nHa alltid en pedagog n\u00e4ra barnen n\u00e4r dem \u00e4r runt djuren.[\/vc_toggle][\/vc_column][vc_column width=&#8221;1\/2&#8243;][vc_column_text]<\/p>\n<h3>Fr\u00e5gor om djuren<\/h3>\n<p>[\/vc_column_text][vc_toggle title=&#8221;Kan man se marsvinen?&#8221;]V\u00e5ra marsvin \u00e4r tyv\u00e4rr inte p\u00e5 offentlig visning.<br \/>\nMan kan g\u00e4rna boka ett studiebes\u00f6k eller delta i v\u00e5ra grupper och l\u00e4ger s\u00e5 f\u00e5r man tr\u00e4ffa marsvinen.[\/vc_toggle][vc_toggle title=&#8221;F\u00e5r man mata djuren?&#8221; css=&#8221;&#8221;]Nej det f\u00e5r man inte.<br \/>\nDjuren blir l\u00e4tt sjuka \u00e4ven av gr\u00e4s utanf\u00f6r hagen.<br \/>\nUtanf\u00f6r hagen g\u00e5r vilda djur, hundar, katter och m\u00e4nniskor, alla kan de f\u00f6ra med sig smittor p\u00e5 sina skor och f\u00f6tter. Om v\u00e5ra djur blir matade av gr\u00e4s eller annat utanf\u00f6r hagen kan smittan komma in till djuren och de bli sjuka.[\/vc_toggle][vc_toggle title=&#8221;N\u00e4r \u00e4r djuren ute?&#8221; css=&#8221;&#8221;]Djuren erbjuds att g\u00e5 ut i sina hagar 365 dagar om \u00e5ret mellan kl 9-16.<br \/>\nUnder sommaren \u00e4r de ute lite l\u00e4ngre i hagarna, f\u00e5ren kan g\u00e5 ute till senast kl 22.<br \/>\nUnder vintern eller kalla dagar kan djuren g\u00e5 in lite tidigare.<\/p>\n<p>Om det \u00e4r varm\/regnar\/kallt kan djuren v\u00e4lja att vara inne i sitt hus i hagen och d\u00e5 vara lite sv\u00e5rare att se.[\/vc_toggle][\/vc_column][\/vc_row][vc_row][vc_column width=&#8221;1\/2&#8243;][vc_column_text css=&#8221;&#8221;]<\/p>\n<h3>Fr\u00e5gor om event<\/h3>\n<p>[\/vc_column_text][vc_toggle title=&#8221;Jag har inte f\u00e5tt mina biljetter hur g\u00f6r jag?&#8221; css=&#8221;&#8221;]Vi k\u00f6per in biljetttj\u00e4nsten av easytic.se kontakta deras kundtj\u00e4nst i god tid innan eventet f\u00f6r att f\u00e5 hj\u00e4lp.<\/p>\n<p>Biljetterna ska automatiskt skickas till den angivna mejladressen direkt efter k\u00f6pet.[\/vc_toggle][vc_toggle title=&#8221;Varf\u00f6r kr\u00e4vs medlemskap f\u00f6r att s\u00e4lja p\u00e5 loppisen?&#8221; css=&#8221;&#8221;]Vi \u00e4r en ideell f\u00f6rening och arrangerar de flesta av v\u00e5ra aktiviteter f\u00f6r v\u00e5ra medlemmar.<br \/>\nMedlemskap kr\u00e4vs d\u00e4rf\u00f6r f\u00f6r att delta p\u00e5 flertalet av v\u00e5ra aktiviteter.<\/p>\n<p>Det \u00e4r \u00e4ven medlemsavgiften samt de bidrag vi f\u00e5r baserat p\u00e5 antalet medlemmar som hj\u00e4lper v\u00e5r f\u00f6rening att \u00f6verleva. Varje medlemskap \u00e4r en viktig inkomst f\u00f6r f\u00f6reningen. Det r\u00e4cker med att en person \u00e4r medlem (g\u00e4rna ditt barn d\u00e5 det \u00e4r billigare medlemskap om man \u00e4r under 26 \u00e5r)[\/vc_toggle][vc_toggle title=&#8221;Kan jag byta tid p\u00e5 min biljett?&#8221; css=&#8221;&#8221;]Alla biljettfr\u00e5gor h\u00e4nvisar vi till easytic.se d\u00e5 det \u00e4r dem som hanterar biljetterna, vi kan inte byta tid p\u00e5 n\u00e5gons biljett det m\u00e5ste dem hj\u00e4lpa er med.[\/vc_toggle][\/vc_column][vc_column width=&#8221;1\/2&#8243;][\/vc_column][\/vc_row]<\/p>\n<\/div>","protected":false},"excerpt":{"rendered":"<p>[vc_row][vc_column][vc_column_text css=&#8221;.vc_custom_1769760853510{border-top-width: 6px !important;border-right-width: 6px !important;border-bottom-width: 6px !important;border-left-width: 6px !important;padding-top: 5px !important;padding-right: 15px !important;padding-bottom: 15px !important;padding-left: 15px !important;border-left-style: double !important;border-right-style: double !important;border-top-style: double !important;border-bottom-style: double !important;border-radius: 4px !important;border-color: #00693F !important;}&#8221;] H\u00e4r samlar vi vanliga fr\u00e5gor om v\u00e5r verksamhet och bokningar. Klicka p\u00e5 en fr\u00e5ga f\u00f6r att \u00f6ppna svaret. Hittar du inte din fr\u00e5ga h\u00e4r \u00e4r&nbsp; <a href=\"https:\/\/www.4h.se\/bjorklundshage\/vanliga-fragor\/\">&hellip; Read more <i class=\"glyphicon glyphicon-arrow-right\"><\/i><\/a><\/p>\n","protected":false},"author":124,"featured_media":0,"parent":0,"menu_order":0,"comment_status":"closed","ping_status":"closed","template":"","meta":{"footnotes":""},"class_list":["post-988","page","type-page","status-publish","hentry"],"yoast_head":"<!-- This site is optimized with the Yoast SEO plugin v27.4 - https:\/\/yoast.com\/product\/yoast-seo-wordpress\/ -->\n<title>Vanliga fr\u00e5gor - Bj\u00f6rklunds Hage 4H-g\u00e5rd<\/title>\n<meta name=\"robots\" content=\"index, follow, max-snippet:-1, max-image-preview:large, max-video-preview:-1\" \/>\n<link rel=\"canonical\" href=\"https:\/\/www.4h.se\/bjorklundshage\/vanliga-fragor\/\" \/>\n<meta property=\"og:locale\" content=\"sv_SE\" \/>\n<meta property=\"og:type\" content=\"article\" \/>\n<meta property=\"og:title\" content=\"Vanliga fr\u00e5gor - Bj\u00f6rklunds Hage 4H-g\u00e5rd\" \/>\n<meta property=\"og:description\" content=\"[vc_row][vc_column][vc_column_text css=&#8221;.vc_custom_1769760853510{border-top-width: 6px !important;border-right-width: 6px !important;border-bottom-width: 6px !important;border-left-width: 6px !important;padding-top: 5px !important;padding-right: 15px !important;padding-bottom: 15px !important;padding-left: 15px !important;border-left-style: double !important;border-right-style: double !important;border-top-style: double !important;border-bottom-style: double !important;border-radius: 4px !important;border-color: #00693F !important;}&#8221;] H\u00e4r samlar vi vanliga fr\u00e5gor om v\u00e5r verksamhet och bokningar. Klicka p\u00e5 en fr\u00e5ga f\u00f6r att \u00f6ppna svaret. Hittar du inte din fr\u00e5ga h\u00e4r \u00e4r&nbsp; &hellip; Read more\" \/>\n<meta property=\"og:url\" content=\"https:\/\/www.4h.se\/bjorklundshage\/vanliga-fragor\/\" \/>\n<meta property=\"og:site_name\" content=\"Bj\u00f6rklunds Hage 4H-g\u00e5rd\" \/>\n<meta property=\"article:modified_time\" content=\"2026-04-09T09:37:41+00:00\" \/>\n<meta name=\"twitter:card\" content=\"summary_large_image\" \/>\n<script type=\"application\/ld+json\" class=\"yoast-schema-graph\">{\"@context\":\"https:\\\/\\\/schema.org\",\"@graph\":[{\"@type\":\"WebPage\",\"@id\":\"https:\\\/\\\/www.4h.se\\\/bjorklundshage\\\/vanliga-fragor\\\/\",\"url\":\"https:\\\/\\\/www.4h.se\\\/bjorklundshage\\\/vanliga-fragor\\\/\",\"name\":\"Vanliga fr\u00e5gor - Bj\u00f6rklunds Hage 4H-g\u00e5rd\",\"isPartOf\":{\"@id\":\"https:\\\/\\\/www.4h.se\\\/bjorklundshage\\\/#website\"},\"datePublished\":\"2026-01-30T08:01:53+00:00\",\"dateModified\":\"2026-04-09T09:37:41+00:00\",\"breadcrumb\":{\"@id\":\"https:\\\/\\\/www.4h.se\\\/bjorklundshage\\\/vanliga-fragor\\\/#breadcrumb\"},\"inLanguage\":\"sv-SE\",\"potentialAction\":[{\"@type\":\"ReadAction\",\"target\":[\"https:\\\/\\\/www.4h.se\\\/bjorklundshage\\\/vanliga-fragor\\\/\"]}]},{\"@type\":\"BreadcrumbList\",\"@id\":\"https:\\\/\\\/www.4h.se\\\/bjorklundshage\\\/vanliga-fragor\\\/#breadcrumb\",\"itemListElement\":[{\"@type\":\"ListItem\",\"position\":1,\"name\":\"Hem\",\"item\":\"https:\\\/\\\/www.4h.se\\\/bjorklundshage\\\/\"},{\"@type\":\"ListItem\",\"position\":2,\"name\":\"Vanliga fr\u00e5gor\"}]},{\"@type\":\"WebSite\",\"@id\":\"https:\\\/\\\/www.4h.se\\\/bjorklundshage\\\/#website\",\"url\":\"https:\\\/\\\/www.4h.se\\\/bjorklundshage\\\/\",\"name\":\"Bj\u00f6rklunds Hage 4H-g\u00e5rd\",\"description\":\"\",\"potentialAction\":[{\"@type\":\"SearchAction\",\"target\":{\"@type\":\"EntryPoint\",\"urlTemplate\":\"https:\\\/\\\/www.4h.se\\\/bjorklundshage\\\/?s={search_term_string}\"},\"query-input\":{\"@type\":\"PropertyValueSpecification\",\"valueRequired\":true,\"valueName\":\"search_term_string\"}}],\"inLanguage\":\"sv-SE\"}]}<\/script>\n<!-- \/ Yoast SEO plugin. -->","yoast_head_json":{"title":"Vanliga fr\u00e5gor - Bj\u00f6rklunds Hage 4H-g\u00e5rd","robots":{"index":"index","follow":"follow","max-snippet":"max-snippet:-1","max-image-preview":"max-image-preview:large","max-video-preview":"max-video-preview:-1"},"canonical":"https:\/\/www.4h.se\/bjorklundshage\/vanliga-fragor\/","og_locale":"sv_SE","og_type":"article","og_title":"Vanliga fr\u00e5gor - Bj\u00f6rklunds Hage 4H-g\u00e5rd","og_description":"[vc_row][vc_column][vc_column_text css=&#8221;.vc_custom_1769760853510{border-top-width: 6px !important;border-right-width: 6px !important;border-bottom-width: 6px !important;border-left-width: 6px !important;padding-top: 5px !important;padding-right: 15px !important;padding-bottom: 15px !important;padding-left: 15px !important;border-left-style: double !important;border-right-style: double !important;border-top-style: double !important;border-bottom-style: double !important;border-radius: 4px !important;border-color: #00693F !important;}&#8221;] H\u00e4r samlar vi vanliga fr\u00e5gor om v\u00e5r verksamhet och bokningar. Klicka p\u00e5 en fr\u00e5ga f\u00f6r att \u00f6ppna svaret. Hittar du inte din fr\u00e5ga h\u00e4r \u00e4r&nbsp; &hellip; Read more","og_url":"https:\/\/www.4h.se\/bjorklundshage\/vanliga-fragor\/","og_site_name":"Bj\u00f6rklunds Hage 4H-g\u00e5rd","article_modified_time":"2026-04-09T09:37:41+00:00","twitter_card":"summary_large_image","schema":{"@context":"https:\/\/schema.org","@graph":[{"@type":"WebPage","@id":"https:\/\/www.4h.se\/bjorklundshage\/vanliga-fragor\/","url":"https:\/\/www.4h.se\/bjorklundshage\/vanliga-fragor\/","name":"Vanliga fr\u00e5gor - Bj\u00f6rklunds Hage 4H-g\u00e5rd","isPartOf":{"@id":"https:\/\/www.4h.se\/bjorklundshage\/#website"},"datePublished":"2026-01-30T08:01:53+00:00","dateModified":"2026-04-09T09:37:41+00:00","breadcrumb":{"@id":"https:\/\/www.4h.se\/bjorklundshage\/vanliga-fragor\/#breadcrumb"},"inLanguage":"sv-SE","potentialAction":[{"@type":"ReadAction","target":["https:\/\/www.4h.se\/bjorklundshage\/vanliga-fragor\/"]}]},{"@type":"BreadcrumbList","@id":"https:\/\/www.4h.se\/bjorklundshage\/vanliga-fragor\/#breadcrumb","itemListElement":[{"@type":"ListItem","position":1,"name":"Hem","item":"https:\/\/www.4h.se\/bjorklundshage\/"},{"@type":"ListItem","position":2,"name":"Vanliga fr\u00e5gor"}]},{"@type":"WebSite","@id":"https:\/\/www.4h.se\/bjorklundshage\/#website","url":"https:\/\/www.4h.se\/bjorklundshage\/","name":"Bj\u00f6rklunds Hage 4H-g\u00e5rd","description":"","potentialAction":[{"@type":"SearchAction","target":{"@type":"EntryPoint","urlTemplate":"https:\/\/www.4h.se\/bjorklundshage\/?s={search_term_string}"},"query-input":{"@type":"PropertyValueSpecification","valueRequired":true,"valueName":"search_term_string"}}],"inLanguage":"sv-SE"}]}},"_links":{"self":[{"href":"https:\/\/www.4h.se\/bjorklundshage\/wp-json\/wp\/v2\/pages\/988","targetHints":{"allow":["GET"]}}],"collection":[{"href":"https:\/\/www.4h.se\/bjorklundshage\/wp-json\/wp\/v2\/pages"}],"about":[{"href":"https:\/\/www.4h.se\/bjorklundshage\/wp-json\/wp\/v2\/types\/page"}],"author":[{"embeddable":true,"href":"https:\/\/www.4h.se\/bjorklundshage\/wp-json\/wp\/v2\/users\/124"}],"replies":[{"embeddable":true,"href":"https:\/\/www.4h.se\/bjorklundshage\/wp-json\/wp\/v2\/comments?post=988"}],"version-history":[{"count":0,"href":"https:\/\/www.4h.se\/bjorklundshage\/wp-json\/wp\/v2\/pages\/988\/revisions"}],"wp:attachment":[{"href":"https:\/\/www.4h.se\/bjorklundshage\/wp-json\/wp\/v2\/media?parent=988"}],"curies":[{"name":"wp","href":"https:\/\/api.w.org\/{rel}","templated":true}]}}