



{"id":899,"date":"2023-03-18T17:12:53","date_gmt":"2023-03-18T16:12:53","guid":{"rendered":"https:\/\/www.4h.se\/bjorklundshage\/?page_id=899"},"modified":"2026-04-09T11:17:43","modified_gmt":"2026-04-09T09:17:43","slug":"kaninhotell","status":"publish","type":"page","link":"https:\/\/www.4h.se\/bjorklundshage\/kaninhotell\/","title":{"rendered":"Kaninhotell"},"content":{"rendered":"<div class=\"wpb-content-wrapper\"><p>[vc_row][vc_column][vc_column_text css=&#8221;.vc_custom_1736421058925{border-top-width: 6px !important;border-right-width: 6px !important;border-bottom-width: 6px !important;border-left-width: 6px !important;padding-top: 5px !important;padding-right: 15px !important;padding-bottom: 15px !important;padding-left: 15px !important;border-radius: 5px !important;border-color: #006340 !important;}&#8221;]<\/p>\n<h1 style=\"text-align: center;\"><span style=\"color: #006340;\">V\u00e4lkommen till v\u00e5rt kaninhotell<\/span><\/h1>\n<p>[\/vc_column_text][\/vc_column][\/vc_row][vc_row][vc_column width=&#8221;1\/2&#8243;][vc_column_text css=&#8221;&#8221;]<strong>Kaninhotell p\u00e5 Bj\u00f6rklunds Hage 4H \u2013 En trygg plats f\u00f6r dina sm\u00e5 v\u00e4nner n\u00e4r familjen \u00e4r bortrest!<\/strong><\/p>\n<p>Ska ni p\u00e5 semester, men kaninerna eller marsvinen f\u00e5r stanna hemma? L\u00e5t dem bo p\u00e5 v\u00e5rt kaninhotell medan ni \u00e4r iv\u00e4g \u2013 vi tar hand om dem som om de vore v\u00e5ra egna!<\/p>\n<p><strong>Pris:<\/strong><\/p>\n<ul>\n<li><strong>Startavgift:<\/strong> 250 kr<\/li>\n<li><strong>Dygnsavgift:<\/strong> 65 kr\/bur (p\u00e5b\u00f6rjat dygn)<\/li>\n<li>Om ni har <strong>tv\u00e5 kaniner<\/strong> som bor tillsammans i en dubbelbur blir det 130 kr\/dygn (endast en startavgift).<\/li>\n<li><strong>Kloklippning<\/strong> kan l\u00e4ggas till f\u00f6r 100 kr\/djur<br \/>\n(det g\u00e5r \u00e4ven bra att boka endast kloklippning utan hotellvistelse, kontakat personalen via mejl s\u00e5 bokar vi en tid ni kan komma och f\u00e5 hj\u00e4lp med kloklippningen)<\/li>\n<\/ul>\n<p><strong>Vad ing\u00e5r i inackorderingskostnaden?<\/strong><\/p>\n<ul>\n<li>H\u00f6, sp\u00e5n och gnagpinnar<\/li>\n<li>Daglig tillsyn och utfodring (morgon och kv\u00e4ll)<\/li>\n<li>Friskt vatten tv\u00e5 g\u00e5nger om dagen<\/li>\n<li>Regelbunden st\u00e4dning av burarna<\/li>\n<\/ul>\n<p>Vi har olika storlekar p\u00e5 burar, och vi erbjuder \u00e4ven <strong>dubbelburar<\/strong> f\u00f6r kaniner som bor tillsammans. I m\u00e5n av plats kan vi ordna detta f\u00f6r ensamma kaniner. En enkelbur \u00e4r 0,75 kvm, en dubbelbur \u00e4r 1,5 kvm. Alla burar har upphopp\/g\u00f6mst\u00e4lle och f\u00f6ljer l\u00e4nstyrelsens riktlinjer f\u00f6r hotellburar.<\/p>\n<p><strong>Viktigt att t\u00e4nka p\u00e5:<\/strong> Kaniner har k\u00e4nsliga magar, s\u00e5 om ni ger dem n\u00e5got annat foder \u00e4n v\u00e5rt, v\u00e4nligen ta med ert eget foder under vistelsen, tydligt m\u00e4rkt, f\u00f6r att undvika magproblem.<\/p>\n<p><strong>Varf\u00f6r v\u00e4lja v\u00e5rt kaninhotell?<\/strong> Vi f\u00f6ljer alla djurskyddslagar och ser till att djuren f\u00e5r den b\u00e4sta m\u00f6jliga omsorg under sin vistelse. Ingen obeh\u00f6rig personal till\u00e5ts i kaninhotellet, s\u00e5 ni kan k\u00e4nna er trygga med att era sm\u00e5 v\u00e4nner \u00e4r i s\u00e4kra h\u00e4nder.<\/p>\n<p><strong>Boka g\u00e4rna plats f\u00f6r din kanin eller marsvin hos oss!<\/strong> Vi ser fram emot att ge dem ett tryggt och bekv\u00e4mt hem medan ni \u00e4r p\u00e5 \u00e4ventyr.<\/p>\n<p><strong>Alla djur som ska vara p\u00e5 hotellet i mer \u00e4n 14 dagar beh\u00f6ver en dubbelbur \u00e4ven marsvin och ensamma kaniner.<\/strong><\/p>\n<p>Har du fr\u00e5gor om hotellet?<br \/>\nKolla g\u00e4rna in v\u00e5r sida med <a href=\"https:\/\/www.4h.se\/bjorklundshage\/vanliga-fragor\/\">vanliga fr\u00e5gor<\/a>[\/vc_column_text][vc_message message_box_style=&#8221;solid&#8221; message_box_color=&#8221;pink&#8221; css=&#8221;&#8221;]Nu tar vi emot bokningsfr\u00e5gor med ankomst under 2026. Varmt v\u00e4lkomna att skicka in er bokningsfr\u00e5ga.<\/p>\n<p>V\u00e5rt hotell \u00e4r uppv\u00e4rmt, utekaniner rekommenderas inte bo i hotellet under kalla perioder.[\/vc_message][vc_message css=&#8221;&#8221;]P\u00e5 grund av evenemang p\u00e5 g\u00e5rden tar vi inte emot\/l\u00e4mnar hem n\u00e5gra hotellg\u00e4ster den 3\/4 samt 31\/10.<br \/>\nDet g\u00e5r bra att komma antingen dagen innan eller efter.[\/vc_message][\/vc_column][vc_column width=&#8221;1\/2&#8243;][vc_single_image image=&#8221;900&#8243; img_size=&#8221;medium&#8221; alignment=&#8221;center&#8221; style=&#8221;vc_box_rounded&#8221;][vc_row_inner][vc_column_inner][vc_column_text css=&#8221;.vc_custom_1771158751264{border-top-width: 6px !important;border-right-width: 6px !important;border-bottom-width: 6px !important;border-left-width: 6px !important;padding-top: 5px !important;padding-right: 15px !important;padding-bottom: 15px !important;padding-left: 15px !important;border-left-style: double !important;border-right-style: double !important;border-top-style: double !important;border-bottom-style: double !important;border-radius: 2px !important;border-color: #006340 !important;}&#8221;]FYLL I FORMUL\u00c4RET NEDAN F\u00d6R ATT SKICKA IN EN BOKNINGSF\u00d6RFR\u00c5GAN.<br data-start=\"478\" data-end=\"481\">OBSERVERA ATT BOKNINGSF\u00d6RFR\u00c5GAN \u00c4R VILLKORAD. VID INSKICK GODK\u00c4NNS V\u00c5RA VILLKOR OCH AVBOKNINGSREGLER. OM PLATS FINNS GENOMF\u00d6RS BOKNINGEN AUTOMATISKT.<\/p>\n<p><strong>Vill du avbryta din bokningsfr\u00e5ga skickas ett mejl till g\u00e5rden <a href=\"mailto:bjorklundshage@4h.se\">bjorklundshage@4h.se<\/a> ! om bokningsfr\u00e5gan ej abrutits och kaninen bokats in (om det finns plats bokas man in automatiskt) s\u00e5 g\u00e4ller hotellets avbokningsregler. Ni godk\u00e4nner avbokningsreglerna i bokningsfr\u00e5gan, detta godk\u00e4nnande \u00e4r bindande.<\/strong><\/p>\n<p>\ud83d\udc8c <strong>Bokning och bekr\u00e4ftelse:<\/strong><br \/>\nOm det finns plats hela perioden du \u00f6nskar bokar vi in dig och skickar en bekr\u00e4ftelse via mejl tillsammans med fakturan.<\/p>\n<p>Om det inte finns plats f\u00f6r hela perioden \u00e5terkommer vi med de datum som \u00e4r tillg\u00e4ngliga. \ud83d\ude0a<\/p>\n<p>Innan f\u00f6rfr\u00e5gan skickas in ska du l\u00e4sa igenom infromationen om hotellet som finns H\u00e4r:<br \/>\n<a href=\"https:\/\/www.4h.se\/bjorklundshage\/wp-content\/uploads\/sites\/99\/2025\/01\/Kaninhotell-information-1.pdf\" target=\"_blank\" rel=\"noopener\">Kaninhotell information<\/a><\/p>\n<p><a href=\"https:\/\/www.4h.se\/bjorklundshage\/wp-content\/uploads\/sites\/99\/2025\/01\/Information-about-the-rabbithotel.pdf\" target=\"_blank\" rel=\"noopener\">Information about the rabbithotel<\/a>[\/vc_column_text][\/vc_column_inner][\/vc_row_inner][vc_column_text css=&#8221;.vc_custom_1681127090947{border-top-width: 6px !important;border-right-width: 6px !important;border-bottom-width: 6px !important;border-left-width: 6px !important;padding-top: 5px !important;padding-right: 15px !important;padding-bottom: 15px !important;padding-left: 15px !important;border-left-color: #006340 !important;border-left-style: dotted !important;border-right-color: #006340 !important;border-right-style: dotted !important;border-top-color: #006340 !important;border-top-style: dotted !important;border-bottom-color: #006340 !important;border-bottom-style: dotted !important;border-radius: 2px !important;}&#8221;]<span class=\"TextRun SCXW106603710 BCX0\" lang=\"SV-SE\" xml:lang=\"SV-SE\" data-contrast=\"none\"><span class=\"NormalTextRun SCXW106603710 BCX0\">Avbokning skall ske <\/span><span class=\"NormalTextRun SCXW106603710 BCX0\">senast <\/span><span class=\"NormalTextRun SCXW106603710 BCX0\">30<\/span><span class=\"NormalTextRun SCXW106603710 BCX0\">\u00a0dagar innan f\u00f6r \u00e5terbetalning<\/span><span class=\"NormalTextRun SCXW106603710 BCX0\">. Vid avbokning<\/span><span class=\"NormalTextRun SCXW106603710 BCX0\"> mellan <\/span><span class=\"NormalTextRun ContextualSpellingAndGrammarErrorV2Themed SCXW106603710 BCX0\">30-14<\/span><span class=\"NormalTextRun SCXW106603710 BCX0\"> dagar innan ankomst debiteras halva avgiften och vid avbokning<\/span><span class=\"NormalTextRun SCXW106603710 BCX0\"> senare \u00e4n <\/span><span class=\"NormalTextRun SCXW106603710 BCX0\">14<\/span><span class=\"NormalTextRun SCXW106603710 BCX0\">\u00a0dagar<\/span><span class=\"NormalTextRun SCXW106603710 BCX0\"> debiteras hela avgiften.<\/span><\/span><span class=\"EOP SCXW106603710 BCX0\" data-ccp-props=\"{&quot;201341983&quot;:0,&quot;335559739&quot;:160,&quot;335559740&quot;:259}\">\u00a0<\/span>[\/vc_column_text][vc_message message_box_color=&#8221;purple&#8221; icon_type=&#8221;openiconic&#8221; icon_openiconic=&#8221;vc-oi vc-oi-heart&#8221;]<\/p>\n<blockquote><p>Stort tack till Beijer byggmaterial Bromma som sponsrat oss med virke till att bygga kaninhotellet.<\/p><\/blockquote>\n<p>[\/vc_message][\/vc_column][\/vc_row][vc_row][vc_column][vc_separator color=&#8221;green&#8221; style=&#8221;shadow&#8221; border_width=&#8221;4&#8243;][\/vc_column][\/vc_row][vc_row][vc_column width=&#8221;1\/2&#8243;][vc_column_text css=&#8221;&#8221;]H\u00e4r skickar du in en bokningsf\u00f6rfr\u00e5gan p\u00e5 kaninhotell.<\/p>\n<p><iframe loading=\"lazy\" width=\"640px\" height=\"480px\" src=\"https:\/\/forms.office.com\/Pages\/ResponsePage.aspx?id=WrUO31mIjUOWyAlkRq2nBBJbvkzdcylKoBZaBwd_rsVUQlQ0WVQ2MTcwSjlRODZWQTFBVDVXODROSi4u&amp;embed=true\" frameborder=\"0\" marginwidth=\"0\" marginheight=\"0\" style=\"border: none; max-width:100%; max-height:100vh\" allowfullscreen=\"\" webkitallowfullscreen=\"\" mozallowfullscreen=\"\" msallowfullscreen=\"\"> <\/iframe>[\/vc_column_text][\/vc_column][vc_column width=&#8221;1\/2&#8243;][vc_column_text css=&#8221;&#8221;]H\u00e4r skickar du in en bokningsf\u00f6rfr\u00e5gan f\u00f6r marsvinshotell<\/p>\n<p><iframe loading=\"lazy\" width=\"640px\" height=\"480px\" src=\"https:\/\/forms.office.com\/Pages\/ResponsePage.aspx?id=WrUO31mIjUOWyAlkRq2nBBJbvkzdcylKoBZaBwd_rsVUNVJRT0Y4TkhJQVBZQlpUOUhRRTVGRDZTQS4u&amp;embed=true\" frameborder=\"0\" marginwidth=\"0\" marginheight=\"0\" style=\"border: none; max-width:100%; max-height:100vh\" allowfullscreen=\"\" webkitallowfullscreen=\"\" mozallowfullscreen=\"\" msallowfullscreen=\"\"> <\/iframe>[\/vc_column_text][\/vc_column][\/vc_row]<\/p>\n<\/div>","protected":false},"excerpt":{"rendered":"<p>[vc_row][vc_column][vc_column_text css=&#8221;.vc_custom_1736421058925{border-top-width: 6px !important;border-right-width: 6px !important;border-bottom-width: 6px !important;border-left-width: 6px !important;padding-top: 5px !important;padding-right: 15px !important;padding-bottom: 15px !important;padding-left: 15px !important;border-radius: 5px !important;border-color: #006340 !important;}&#8221;] V\u00e4lkommen till v\u00e5rt kaninhotell [\/vc_column_text][\/vc_column][\/vc_row][vc_row][vc_column width=&#8221;1\/2&#8243;][vc_column_text css=&#8221;&#8221;]Kaninhotell p\u00e5 Bj\u00f6rklunds Hage 4H \u2013 En trygg plats f\u00f6r dina sm\u00e5 v\u00e4nner n\u00e4r familjen \u00e4r bortrest! Ska ni p\u00e5 semester, men kaninerna eller marsvinen f\u00e5r stanna&nbsp; <a href=\"https:\/\/www.4h.se\/bjorklundshage\/kaninhotell\/\">&hellip; Read more <i class=\"glyphicon glyphicon-arrow-right\"><\/i><\/a><\/p>\n","protected":false},"author":124,"featured_media":0,"parent":0,"menu_order":0,"comment_status":"closed","ping_status":"closed","template":"","meta":{"_acf_changed":false,"footnotes":""},"class_list":["post-899","page","type-page","status-publish","hentry"],"acf":[],"yoast_head":"<!-- This site is optimized with the Yoast SEO plugin v27.5 - https:\/\/yoast.com\/product\/yoast-seo-wordpress\/ -->\n<title>Kaninhotell - Bj\u00f6rklunds Hage 4H-g\u00e5rd<\/title>\n<meta name=\"robots\" content=\"index, follow, max-snippet:-1, max-image-preview:large, max-video-preview:-1\" \/>\n<link rel=\"canonical\" href=\"https:\/\/www.4h.se\/bjorklundshage\/kaninhotell\/\" \/>\n<meta property=\"og:locale\" content=\"sv_SE\" \/>\n<meta property=\"og:type\" content=\"article\" \/>\n<meta property=\"og:title\" content=\"Kaninhotell - Bj\u00f6rklunds Hage 4H-g\u00e5rd\" \/>\n<meta property=\"og:description\" content=\"[vc_row][vc_column][vc_column_text css=&#8221;.vc_custom_1736421058925{border-top-width: 6px !important;border-right-width: 6px !important;border-bottom-width: 6px !important;border-left-width: 6px !important;padding-top: 5px !important;padding-right: 15px !important;padding-bottom: 15px !important;padding-left: 15px !important;border-radius: 5px !important;border-color: #006340 !important;}&#8221;] V\u00e4lkommen till v\u00e5rt kaninhotell [\/vc_column_text][\/vc_column][\/vc_row][vc_row][vc_column width=&#8221;1\/2&#8243;][vc_column_text css=&#8221;&#8221;]Kaninhotell p\u00e5 Bj\u00f6rklunds Hage 4H \u2013 En trygg plats f\u00f6r dina sm\u00e5 v\u00e4nner n\u00e4r familjen \u00e4r bortrest! Ska ni p\u00e5 semester, men kaninerna eller marsvinen f\u00e5r stanna&nbsp; &hellip; Read more\" \/>\n<meta property=\"og:url\" content=\"https:\/\/www.4h.se\/bjorklundshage\/kaninhotell\/\" \/>\n<meta property=\"og:site_name\" content=\"Bj\u00f6rklunds Hage 4H-g\u00e5rd\" \/>\n<meta property=\"article:modified_time\" content=\"2026-04-09T09:17:43+00:00\" \/>\n<meta name=\"twitter:card\" content=\"summary_large_image\" \/>\n<meta name=\"twitter:label1\" content=\"Ber\u00e4knad l\u00e4stid\" \/>\n\t<meta name=\"twitter:data1\" content=\"5 minuter\" \/>\n<script type=\"application\/ld+json\" class=\"yoast-schema-graph\">{\"@context\":\"https:\\\/\\\/schema.org\",\"@graph\":[{\"@type\":\"WebPage\",\"@id\":\"https:\\\/\\\/www.4h.se\\\/bjorklundshage\\\/kaninhotell\\\/\",\"url\":\"https:\\\/\\\/www.4h.se\\\/bjorklundshage\\\/kaninhotell\\\/\",\"name\":\"Kaninhotell - Bj\u00f6rklunds Hage 4H-g\u00e5rd\",\"isPartOf\":{\"@id\":\"https:\\\/\\\/www.4h.se\\\/bjorklundshage\\\/#website\"},\"datePublished\":\"2023-03-18T16:12:53+00:00\",\"dateModified\":\"2026-04-09T09:17:43+00:00\",\"breadcrumb\":{\"@id\":\"https:\\\/\\\/www.4h.se\\\/bjorklundshage\\\/kaninhotell\\\/#breadcrumb\"},\"inLanguage\":\"sv-SE\",\"potentialAction\":[{\"@type\":\"ReadAction\",\"target\":[\"https:\\\/\\\/www.4h.se\\\/bjorklundshage\\\/kaninhotell\\\/\"]}]},{\"@type\":\"BreadcrumbList\",\"@id\":\"https:\\\/\\\/www.4h.se\\\/bjorklundshage\\\/kaninhotell\\\/#breadcrumb\",\"itemListElement\":[{\"@type\":\"ListItem\",\"position\":1,\"name\":\"Hem\",\"item\":\"https:\\\/\\\/www.4h.se\\\/bjorklundshage\\\/\"},{\"@type\":\"ListItem\",\"position\":2,\"name\":\"Kaninhotell\"}]},{\"@type\":\"WebSite\",\"@id\":\"https:\\\/\\\/www.4h.se\\\/bjorklundshage\\\/#website\",\"url\":\"https:\\\/\\\/www.4h.se\\\/bjorklundshage\\\/\",\"name\":\"Bj\u00f6rklunds Hage 4H-g\u00e5rd\",\"description\":\"\",\"potentialAction\":[{\"@type\":\"SearchAction\",\"target\":{\"@type\":\"EntryPoint\",\"urlTemplate\":\"https:\\\/\\\/www.4h.se\\\/bjorklundshage\\\/?s={search_term_string}\"},\"query-input\":{\"@type\":\"PropertyValueSpecification\",\"valueRequired\":true,\"valueName\":\"search_term_string\"}}],\"inLanguage\":\"sv-SE\"}]}<\/script>\n<!-- \/ Yoast SEO plugin. -->","yoast_head_json":{"title":"Kaninhotell - Bj\u00f6rklunds Hage 4H-g\u00e5rd","robots":{"index":"index","follow":"follow","max-snippet":"max-snippet:-1","max-image-preview":"max-image-preview:large","max-video-preview":"max-video-preview:-1"},"canonical":"https:\/\/www.4h.se\/bjorklundshage\/kaninhotell\/","og_locale":"sv_SE","og_type":"article","og_title":"Kaninhotell - Bj\u00f6rklunds Hage 4H-g\u00e5rd","og_description":"[vc_row][vc_column][vc_column_text css=&#8221;.vc_custom_1736421058925{border-top-width: 6px !important;border-right-width: 6px !important;border-bottom-width: 6px !important;border-left-width: 6px !important;padding-top: 5px !important;padding-right: 15px !important;padding-bottom: 15px !important;padding-left: 15px !important;border-radius: 5px !important;border-color: #006340 !important;}&#8221;] V\u00e4lkommen till v\u00e5rt kaninhotell [\/vc_column_text][\/vc_column][\/vc_row][vc_row][vc_column width=&#8221;1\/2&#8243;][vc_column_text css=&#8221;&#8221;]Kaninhotell p\u00e5 Bj\u00f6rklunds Hage 4H \u2013 En trygg plats f\u00f6r dina sm\u00e5 v\u00e4nner n\u00e4r familjen \u00e4r bortrest! Ska ni p\u00e5 semester, men kaninerna eller marsvinen f\u00e5r stanna&nbsp; &hellip; Read more","og_url":"https:\/\/www.4h.se\/bjorklundshage\/kaninhotell\/","og_site_name":"Bj\u00f6rklunds Hage 4H-g\u00e5rd","article_modified_time":"2026-04-09T09:17:43+00:00","twitter_card":"summary_large_image","twitter_misc":{"Ber\u00e4knad l\u00e4stid":"5 minuter"},"schema":{"@context":"https:\/\/schema.org","@graph":[{"@type":"WebPage","@id":"https:\/\/www.4h.se\/bjorklundshage\/kaninhotell\/","url":"https:\/\/www.4h.se\/bjorklundshage\/kaninhotell\/","name":"Kaninhotell - Bj\u00f6rklunds Hage 4H-g\u00e5rd","isPartOf":{"@id":"https:\/\/www.4h.se\/bjorklundshage\/#website"},"datePublished":"2023-03-18T16:12:53+00:00","dateModified":"2026-04-09T09:17:43+00:00","breadcrumb":{"@id":"https:\/\/www.4h.se\/bjorklundshage\/kaninhotell\/#breadcrumb"},"inLanguage":"sv-SE","potentialAction":[{"@type":"ReadAction","target":["https:\/\/www.4h.se\/bjorklundshage\/kaninhotell\/"]}]},{"@type":"BreadcrumbList","@id":"https:\/\/www.4h.se\/bjorklundshage\/kaninhotell\/#breadcrumb","itemListElement":[{"@type":"ListItem","position":1,"name":"Hem","item":"https:\/\/www.4h.se\/bjorklundshage\/"},{"@type":"ListItem","position":2,"name":"Kaninhotell"}]},{"@type":"WebSite","@id":"https:\/\/www.4h.se\/bjorklundshage\/#website","url":"https:\/\/www.4h.se\/bjorklundshage\/","name":"Bj\u00f6rklunds Hage 4H-g\u00e5rd","description":"","potentialAction":[{"@type":"SearchAction","target":{"@type":"EntryPoint","urlTemplate":"https:\/\/www.4h.se\/bjorklundshage\/?s={search_term_string}"},"query-input":{"@type":"PropertyValueSpecification","valueRequired":true,"valueName":"search_term_string"}}],"inLanguage":"sv-SE"}]}},"_links":{"self":[{"href":"https:\/\/www.4h.se\/bjorklundshage\/wp-json\/wp\/v2\/pages\/899","targetHints":{"allow":["GET"]}}],"collection":[{"href":"https:\/\/www.4h.se\/bjorklundshage\/wp-json\/wp\/v2\/pages"}],"about":[{"href":"https:\/\/www.4h.se\/bjorklundshage\/wp-json\/wp\/v2\/types\/page"}],"author":[{"embeddable":true,"href":"https:\/\/www.4h.se\/bjorklundshage\/wp-json\/wp\/v2\/users\/124"}],"replies":[{"embeddable":true,"href":"https:\/\/www.4h.se\/bjorklundshage\/wp-json\/wp\/v2\/comments?post=899"}],"version-history":[{"count":0,"href":"https:\/\/www.4h.se\/bjorklundshage\/wp-json\/wp\/v2\/pages\/899\/revisions"}],"wp:attachment":[{"href":"https:\/\/www.4h.se\/bjorklundshage\/wp-json\/wp\/v2\/media?parent=899"}],"curies":[{"name":"wp","href":"https:\/\/api.w.org\/{rel}","templated":true}]}}