



{"id":821,"date":"2022-09-15T13:19:44","date_gmt":"2022-09-15T11:19:44","guid":{"rendered":"https:\/\/www.4h.se\/bjorklundshage\/?page_id=821"},"modified":"2026-04-30T12:27:27","modified_gmt":"2026-04-30T10:27:27","slug":"test","status":"publish","type":"page","link":"https:\/\/www.4h.se\/bjorklundshage\/test\/","title":{"rendered":"Event"},"content":{"rendered":"<div class=\"wpb-content-wrapper\"><p>[vc_row][vc_column width=&#8221;1\/4&#8243;][vc_single_image image=&#8221;882&#8243; img_size=&#8221;large&#8221; add_caption=&#8221;yes&#8221; alignment=&#8221;center&#8221; style=&#8221;vc_box_circle_2&#8243; css=&#8221;&#8221;][vc_btn title=&#8221;Medlem boka din loppisplats h\u00e4r&#8221; style=&#8221;3d&#8221; color=&#8221;vista-blue&#8221; size=&#8221;lg&#8221; css=&#8221;.vc_custom_1777544842486{border-top-width: 6px !important;border-right-width: 6px !important;border-bottom-width: 6px !important;border-left-width: 6px !important;padding-top: 5px !important;padding-right: 15px !important;padding-bottom: 15px !important;padding-left: 15px !important;border-left-style: double !important;border-right-style: double !important;border-top-style: double !important;border-bottom-style: double !important;border-radius: 4px !important;border-color: #ED88F6 !important;}&#8221; link=&#8221;url:https%3A%2F%2Fantribe.com%2Forg%2F4h%2Fbjorklunds-hage-4h%2Fevent%2Fmedlemsloppis-2|title:Antribe|target:_blank&#8221;][vc_message message_box_color=&#8221;turquoise&#8221; css=&#8221;&#8221;]Nya rutiner f\u00f6r att k\u00f6pa biljetter.<br \/>\nP\u00e5sk\u00e4gg och entr\u00e9biljetter s\u00e4ljs separat.<\/p>\n<h3 data-start=\"554\" data-end=\"573\">\ud83d\udcdd S\u00e5 bokar ni:<\/h3>\n<ol data-start=\"574\" data-end=\"734\">\n<li data-start=\"574\" data-end=\"648\">\n<p data-start=\"577\" data-end=\"648\">Boka entr\u00e9biljetter till alla barn och vuxna som ska delta i eventet.<\/p>\n<\/li>\n<li data-start=\"649\" data-end=\"734\">\n<p data-start=\"652\" data-end=\"734\">L\u00e4gg till s\u00e5 m\u00e5nga \u00e4ggbiljetter som ni vill k\u00f6pa p\u00e5sk\u00e4gg (ett \u00e4gg per \u00e4ggbiljett).<\/p>\n<\/li>\n<\/ol>\n<p>[\/vc_message][vc_gallery interval=&#8221;3&#8243; images=&#8221;991,994,993,992&#8243; img_size=&#8221;medium&#8221;][\/vc_column][vc_column width=&#8221;1\/2&#8243;][vc_column_text css=&#8221;.vc_custom_1776779593784{border-top-width: 6px !important;border-right-width: 6px !important;border-bottom-width: 6px !important;border-left-width: 6px !important;padding-top: 5px !important;padding-right: 15px !important;padding-bottom: 15px !important;padding-left: 15px !important;border-left-style: double !important;border-right-style: double !important;border-top-style: double !important;border-bottom-style: double !important;border-color: #557E37 !important;}&#8221;]<\/p>\n<h1 style=\"text-align: center;\"><span style=\"color: #006340;\">Event 2026<\/span><\/h1>\n<p style=\"text-align: center;\">N\u00e5gon m\u00e5nad innan eventen hittar ni anm\u00e4lan h\u00e4r.<br \/>\n23 maj &#8211; Loppis<br \/>\n19 september &#8211; Nationella 4H-dagen<br \/>\n31 oktober &#8211; Halloween<br \/>\n6 december &#8211; Julmys[\/vc_column_text][vc_column_text css=&#8221;.vc_custom_1776779864094{border-top-width: 6px !important;border-right-width: 6px !important;border-bottom-width: 6px !important;border-left-width: 6px !important;padding-top: 5px !important;padding-right: 15px !important;padding-bottom: 15px !important;padding-left: 15px !important;border-left-style: outset !important;border-right-style: outset !important;border-top-style: outset !important;border-bottom-style: outset !important;border-radius: 4px !important;border-color: #00693F !important;}&#8221;]<img loading=\"lazy\" decoding=\"async\" class=\"wp-image-997 aligncenter\" src=\"https:\/\/www.4h.se\/bjorklundshage\/wp-content\/uploads\/sites\/99\/2026\/04\/Medlemsloppis-212x300.jpg\" alt=\"\" width=\"542\" height=\"767\" srcset=\"https:\/\/www.4h.se\/bjorklundshage\/wp-content\/uploads\/sites\/99\/2026\/04\/Medlemsloppis-212x300.jpg 212w, https:\/\/www.4h.se\/bjorklundshage\/wp-content\/uploads\/sites\/99\/2026\/04\/Medlemsloppis-724x1024.jpg 724w, https:\/\/www.4h.se\/bjorklundshage\/wp-content\/uploads\/sites\/99\/2026\/04\/Medlemsloppis-106x150.jpg 106w, https:\/\/www.4h.se\/bjorklundshage\/wp-content\/uploads\/sites\/99\/2026\/04\/Medlemsloppis-768x1086.jpg 768w, https:\/\/www.4h.se\/bjorklundshage\/wp-content\/uploads\/sites\/99\/2026\/04\/Medlemsloppis-1086x1536.jpg 1086w, https:\/\/www.4h.se\/bjorklundshage\/wp-content\/uploads\/sites\/99\/2026\/04\/Medlemsloppis.jpg 1414w\" sizes=\"auto, (max-width: 542px) 100vw, 542px\" \/><\/p>\n<p><img loading=\"lazy\" decoding=\"async\" class=\"wp-image-998 aligncenter\" src=\"https:\/\/www.4h.se\/bjorklundshage\/wp-content\/uploads\/sites\/99\/2026\/04\/Bli-medlem-212x300.jpg\" alt=\"\" width=\"548\" height=\"775\" srcset=\"https:\/\/www.4h.se\/bjorklundshage\/wp-content\/uploads\/sites\/99\/2026\/04\/Bli-medlem-212x300.jpg 212w, https:\/\/www.4h.se\/bjorklundshage\/wp-content\/uploads\/sites\/99\/2026\/04\/Bli-medlem-724x1024.jpg 724w, https:\/\/www.4h.se\/bjorklundshage\/wp-content\/uploads\/sites\/99\/2026\/04\/Bli-medlem-106x150.jpg 106w, https:\/\/www.4h.se\/bjorklundshage\/wp-content\/uploads\/sites\/99\/2026\/04\/Bli-medlem-768x1086.jpg 768w, https:\/\/www.4h.se\/bjorklundshage\/wp-content\/uploads\/sites\/99\/2026\/04\/Bli-medlem-1086x1536.jpg 1086w, https:\/\/www.4h.se\/bjorklundshage\/wp-content\/uploads\/sites\/99\/2026\/04\/Bli-medlem.jpg 1414w\" sizes=\"auto, (max-width: 548px) 100vw, 548px\" \/>[\/vc_column_text][\/vc_column][vc_column width=&#8221;1\/4&#8243;][vc_single_image image=&#8221;875&#8243; img_size=&#8221;large&#8221; add_caption=&#8221;yes&#8221; alignment=&#8221;center&#8221; style=&#8221;vc_box_circle_2&#8243; css=&#8221;&#8221;][vc_message]<\/p>\n<h3>K\u00f6per du biljetter till halloween\/p\u00e5skevent samma dag som eventet \u00e4r beh\u00f6ver du g\u00e5 till p\u00e5g\u00e5ende evenemang p\u00e5 easytics hemsida f\u00f6r att hitta v\u00e5ra event.<\/h3>\n<p>[\/vc_message][\/vc_column][\/vc_row][vc_row][vc_column][vc_column_text css=&#8221;.vc_custom_1737911259333{border-top-width: 6px !important;border-right-width: 6px !important;border-bottom-width: 6px !important;border-left-width: 6px !important;padding-top: 5px !important;padding-right: 15px !important;padding-bottom: 15px !important;padding-left: 15px !important;background-color: #ffffff !important;border-left-style: dotted !important;border-right-style: dotted !important;border-top-style: dotted !important;border-bottom-style: dotted !important;border-color: #81d742 !important;}&#8221;]<\/p>\n<h2 style=\"text-align: center;\"><span style=\"color: #006340;\">\u00c5rskalender<\/span><\/h2>\n<p>\ud83c\udf89 <strong>Sp\u00e4nnande event hela \u00e5ret p\u00e5 Bj\u00f6rklunds Hage 4H!<\/strong> \ud83c\udf89<\/p>\n<p>Vi har massor av roliga aktiviteter som ni inte vill missa! H\u00e5ll utkik p\u00e5 hemsidan och v\u00e5ra sociala medier f\u00f6r anm\u00e4lan \u2013 det h\u00e4r vill ni vara med p\u00e5!<\/p>\n<p>\ud83c\udf37 <strong>April: P\u00e5skevent<\/strong><br \/>\nKom och fira p\u00e5sken med oss! M\u00f6t p\u00e5skharen, kycklingarna och h\u00e4xorna, och f\u00f6lj med p\u00e5 en \u00e4ventyrlig uppt\u00e4cktsf\u00e4rd genom p\u00e5skskogen. Vem vet vad ni hittar p\u00e5 v\u00e4gen&#8230;? \ud83d\udc23\ud83d\udc30<\/p>\n<p>\ud83c\udf89 <strong>September: Nationella 4H-dagen<\/strong><br \/>\nFira tillsammans med oss och hela Sveriges 4H! En dag fylld med aktiviteter f\u00f6r de sm\u00e5, grilldoft i luften och massor av h\u00e4rlig gemenskap. \ud83c\udf2d\ud83c\udf88<\/p>\n<p>\ud83d\udc7b <strong>Oktober: Halloween<\/strong><br \/>\nVill du testa din modighet? Kom p\u00e5 v\u00e5r l\u00e4skigaste promenad genom parken d\u00e4r sp\u00f6ken och andra kusliga figurer lurar bakom varje h\u00f6rn. V\u00e5gar du hitta till kyrkog\u00e5rden? \ud83d\udd78\ufe0f\ud83d\udd77\ufe0f<\/p>\n<p>\ud83c\udf85 <strong>December: Julmys<\/strong><br \/>\nJulst\u00e4mningen \u00e4r h\u00e4r! Tomten kommer p\u00e5 bes\u00f6k och alla barn f\u00e5r l\u00e4mna sina \u00f6nskelistor. Njut av hembakat adventsfika i v\u00e5rt mysiga caf\u00e9. \ud83c\udf84\u2728<\/p>\n<p>Missa inte dessa magiska upplevelser![\/vc_column_text][vc_row_inner][vc_column_inner width=&#8221;1\/2&#8243;][vc_gallery interval=&#8221;5&#8243; images=&#8221;876,877,878,879,880,881,882,883&#8243; img_size=&#8221;600 x 600&#8243; title=&#8221;P\u00e5sk 2022&#8243;][\/vc_column_inner][vc_column_inner width=&#8221;1\/2&#8243;][vc_gallery type=&#8221;flexslider_slide&#8221; interval=&#8221;5&#8243; images=&#8221;875,874,873,872,871&#8243; img_size=&#8221;600 x 600&#8243; title=&#8221;Halloween 2022 Foto: Alma Bengtsson&#8221;][\/vc_column_inner][\/vc_row_inner][\/vc_column][\/vc_row][vc_row][vc_column width=&#8221;1\/3&#8243;][\/vc_column][vc_column width=&#8221;1\/3&#8243;][\/vc_column][vc_column width=&#8221;1\/3&#8243;][vc_column_text]<\/p>\n<h2><strong>Film fr\u00e5n Halloween 2022<\/strong><\/h2>\n<p><a href=\"https:\/\/youtu.be\/TeL-1ku5J1Y\">https:\/\/youtu.be\/TeL-1ku5J1Y<\/a><\/p>\n<p>Foto\/Film: Alma Bengtsson[\/vc_column_text][vc_column_text][\/vc_column_text][\/vc_column][\/vc_row]<\/p>\n<\/div>","protected":false},"excerpt":{"rendered":"<p>[vc_row][vc_column width=&#8221;1\/4&#8243;][vc_single_image image=&#8221;882&#8243; img_size=&#8221;large&#8221; add_caption=&#8221;yes&#8221; alignment=&#8221;center&#8221; style=&#8221;vc_box_circle_2&#8243; css=&#8221;&#8221;][vc_btn title=&#8221;Medlem boka din loppisplats h\u00e4r&#8221; style=&#8221;3d&#8221; color=&#8221;vista-blue&#8221; size=&#8221;lg&#8221; css=&#8221;.vc_custom_1777544842486{border-top-width: 6px !important;border-right-width: 6px !important;border-bottom-width: 6px !important;border-left-width: 6px !important;padding-top: 5px !important;padding-right: 15px !important;padding-bottom: 15px !important;padding-left: 15px !important;border-left-style: double !important;border-right-style: double !important;border-top-style: double !important;border-bottom-style: double !important;border-radius: 4px !important;border-color: #ED88F6 !important;}&#8221; link=&#8221;url:https%3A%2F%2Fantribe.com%2Forg%2F4h%2Fbjorklunds-hage-4h%2Fevent%2Fmedlemsloppis-2|title:Antribe|target:_blank&#8221;][vc_message message_box_color=&#8221;turquoise&#8221; css=&#8221;&#8221;]Nya rutiner f\u00f6r att k\u00f6pa biljetter. P\u00e5sk\u00e4gg och&nbsp; <a href=\"https:\/\/www.4h.se\/bjorklundshage\/test\/\">&hellip; Read more <i class=\"glyphicon glyphicon-arrow-right\"><\/i><\/a><\/p>\n","protected":false},"author":124,"featured_media":0,"parent":0,"menu_order":0,"comment_status":"closed","ping_status":"closed","template":"","meta":{"_acf_changed":false,"footnotes":""},"class_list":["post-821","page","type-page","status-publish","hentry"],"acf":[],"yoast_head":"<!-- This site is optimized with the Yoast SEO plugin v27.5 - https:\/\/yoast.com\/product\/yoast-seo-wordpress\/ -->\n<title>Event - Bj\u00f6rklunds Hage 4H-g\u00e5rd<\/title>\n<meta name=\"robots\" content=\"index, follow, max-snippet:-1, max-image-preview:large, max-video-preview:-1\" \/>\n<link rel=\"canonical\" href=\"https:\/\/www.4h.se\/bjorklundshage\/test\/\" \/>\n<meta property=\"og:locale\" content=\"sv_SE\" \/>\n<meta property=\"og:type\" content=\"article\" \/>\n<meta property=\"og:title\" content=\"Event - Bj\u00f6rklunds Hage 4H-g\u00e5rd\" \/>\n<meta property=\"og:description\" content=\"[vc_row][vc_column width=&#8221;1\/4&#8243;][vc_single_image image=&#8221;882&#8243; img_size=&#8221;large&#8221; add_caption=&#8221;yes&#8221; alignment=&#8221;center&#8221; style=&#8221;vc_box_circle_2&#8243; css=&#8221;&#8221;][vc_btn title=&#8221;Medlem boka din loppisplats h\u00e4r&#8221; style=&#8221;3d&#8221; color=&#8221;vista-blue&#8221; size=&#8221;lg&#8221; css=&#8221;.vc_custom_1777544842486{border-top-width: 6px !important;border-right-width: 6px !important;border-bottom-width: 6px !important;border-left-width: 6px !important;padding-top: 5px !important;padding-right: 15px !important;padding-bottom: 15px !important;padding-left: 15px !important;border-left-style: double !important;border-right-style: double !important;border-top-style: double !important;border-bottom-style: double !important;border-radius: 4px !important;border-color: #ED88F6 !important;}&#8221; link=&#8221;url:https%3A%2F%2Fantribe.com%2Forg%2F4h%2Fbjorklunds-hage-4h%2Fevent%2Fmedlemsloppis-2|title:Antribe|target:_blank&#8221;][vc_message message_box_color=&#8221;turquoise&#8221; css=&#8221;&#8221;]Nya rutiner f\u00f6r att k\u00f6pa biljetter. P\u00e5sk\u00e4gg och&nbsp; &hellip; Read more\" \/>\n<meta property=\"og:url\" content=\"https:\/\/www.4h.se\/bjorklundshage\/test\/\" \/>\n<meta property=\"og:site_name\" content=\"Bj\u00f6rklunds Hage 4H-g\u00e5rd\" \/>\n<meta property=\"article:modified_time\" content=\"2026-04-30T10:27:27+00:00\" \/>\n<meta property=\"og:image\" content=\"https:\/\/www.4h.se\/bjorklundshage\/wp-content\/uploads\/sites\/99\/2026\/04\/Medlemsloppis.jpg\" \/>\n\t<meta property=\"og:image:width\" content=\"1414\" \/>\n\t<meta property=\"og:image:height\" content=\"2000\" \/>\n\t<meta property=\"og:image:type\" content=\"image\/jpeg\" \/>\n<meta name=\"twitter:card\" content=\"summary_large_image\" \/>\n<meta name=\"twitter:label1\" content=\"Ber\u00e4knad l\u00e4stid\" \/>\n\t<meta name=\"twitter:data1\" content=\"3 minuter\" \/>\n<script type=\"application\/ld+json\" class=\"yoast-schema-graph\">{\"@context\":\"https:\\\/\\\/schema.org\",\"@graph\":[{\"@type\":\"WebPage\",\"@id\":\"https:\\\/\\\/www.4h.se\\\/bjorklundshage\\\/test\\\/\",\"url\":\"https:\\\/\\\/www.4h.se\\\/bjorklundshage\\\/test\\\/\",\"name\":\"Event - Bj\u00f6rklunds Hage 4H-g\u00e5rd\",\"isPartOf\":{\"@id\":\"https:\\\/\\\/www.4h.se\\\/bjorklundshage\\\/#website\"},\"primaryImageOfPage\":{\"@id\":\"https:\\\/\\\/www.4h.se\\\/bjorklundshage\\\/test\\\/#primaryimage\"},\"image\":{\"@id\":\"https:\\\/\\\/www.4h.se\\\/bjorklundshage\\\/test\\\/#primaryimage\"},\"thumbnailUrl\":\"https:\\\/\\\/www.4h.se\\\/bjorklundshage\\\/wp-content\\\/uploads\\\/sites\\\/99\\\/2026\\\/04\\\/Medlemsloppis-212x300.jpg\",\"datePublished\":\"2022-09-15T11:19:44+00:00\",\"dateModified\":\"2026-04-30T10:27:27+00:00\",\"breadcrumb\":{\"@id\":\"https:\\\/\\\/www.4h.se\\\/bjorklundshage\\\/test\\\/#breadcrumb\"},\"inLanguage\":\"sv-SE\",\"potentialAction\":[{\"@type\":\"ReadAction\",\"target\":[\"https:\\\/\\\/www.4h.se\\\/bjorklundshage\\\/test\\\/\"]}]},{\"@type\":\"ImageObject\",\"inLanguage\":\"sv-SE\",\"@id\":\"https:\\\/\\\/www.4h.se\\\/bjorklundshage\\\/test\\\/#primaryimage\",\"url\":\"https:\\\/\\\/www.4h.se\\\/bjorklundshage\\\/wp-content\\\/uploads\\\/sites\\\/99\\\/2026\\\/04\\\/Medlemsloppis.jpg\",\"contentUrl\":\"https:\\\/\\\/www.4h.se\\\/bjorklundshage\\\/wp-content\\\/uploads\\\/sites\\\/99\\\/2026\\\/04\\\/Medlemsloppis.jpg\",\"width\":1414,\"height\":2000},{\"@type\":\"BreadcrumbList\",\"@id\":\"https:\\\/\\\/www.4h.se\\\/bjorklundshage\\\/test\\\/#breadcrumb\",\"itemListElement\":[{\"@type\":\"ListItem\",\"position\":1,\"name\":\"Hem\",\"item\":\"https:\\\/\\\/www.4h.se\\\/bjorklundshage\\\/\"},{\"@type\":\"ListItem\",\"position\":2,\"name\":\"Event\"}]},{\"@type\":\"WebSite\",\"@id\":\"https:\\\/\\\/www.4h.se\\\/bjorklundshage\\\/#website\",\"url\":\"https:\\\/\\\/www.4h.se\\\/bjorklundshage\\\/\",\"name\":\"Bj\u00f6rklunds Hage 4H-g\u00e5rd\",\"description\":\"\",\"potentialAction\":[{\"@type\":\"SearchAction\",\"target\":{\"@type\":\"EntryPoint\",\"urlTemplate\":\"https:\\\/\\\/www.4h.se\\\/bjorklundshage\\\/?s={search_term_string}\"},\"query-input\":{\"@type\":\"PropertyValueSpecification\",\"valueRequired\":true,\"valueName\":\"search_term_string\"}}],\"inLanguage\":\"sv-SE\"}]}<\/script>\n<!-- \/ Yoast SEO plugin. -->","yoast_head_json":{"title":"Event - Bj\u00f6rklunds Hage 4H-g\u00e5rd","robots":{"index":"index","follow":"follow","max-snippet":"max-snippet:-1","max-image-preview":"max-image-preview:large","max-video-preview":"max-video-preview:-1"},"canonical":"https:\/\/www.4h.se\/bjorklundshage\/test\/","og_locale":"sv_SE","og_type":"article","og_title":"Event - Bj\u00f6rklunds Hage 4H-g\u00e5rd","og_description":"[vc_row][vc_column width=&#8221;1\/4&#8243;][vc_single_image image=&#8221;882&#8243; img_size=&#8221;large&#8221; add_caption=&#8221;yes&#8221; alignment=&#8221;center&#8221; style=&#8221;vc_box_circle_2&#8243; css=&#8221;&#8221;][vc_btn title=&#8221;Medlem boka din loppisplats h\u00e4r&#8221; style=&#8221;3d&#8221; color=&#8221;vista-blue&#8221; size=&#8221;lg&#8221; css=&#8221;.vc_custom_1777544842486{border-top-width: 6px !important;border-right-width: 6px !important;border-bottom-width: 6px !important;border-left-width: 6px !important;padding-top: 5px !important;padding-right: 15px !important;padding-bottom: 15px !important;padding-left: 15px !important;border-left-style: double !important;border-right-style: double !important;border-top-style: double !important;border-bottom-style: double !important;border-radius: 4px !important;border-color: #ED88F6 !important;}&#8221; link=&#8221;url:https%3A%2F%2Fantribe.com%2Forg%2F4h%2Fbjorklunds-hage-4h%2Fevent%2Fmedlemsloppis-2|title:Antribe|target:_blank&#8221;][vc_message message_box_color=&#8221;turquoise&#8221; css=&#8221;&#8221;]Nya rutiner f\u00f6r att k\u00f6pa biljetter. P\u00e5sk\u00e4gg och&nbsp; &hellip; Read more","og_url":"https:\/\/www.4h.se\/bjorklundshage\/test\/","og_site_name":"Bj\u00f6rklunds Hage 4H-g\u00e5rd","article_modified_time":"2026-04-30T10:27:27+00:00","og_image":[{"width":1414,"height":2000,"url":"https:\/\/www.4h.se\/bjorklundshage\/wp-content\/uploads\/sites\/99\/2026\/04\/Medlemsloppis.jpg","type":"image\/jpeg"}],"twitter_card":"summary_large_image","twitter_misc":{"Ber\u00e4knad l\u00e4stid":"3 minuter"},"schema":{"@context":"https:\/\/schema.org","@graph":[{"@type":"WebPage","@id":"https:\/\/www.4h.se\/bjorklundshage\/test\/","url":"https:\/\/www.4h.se\/bjorklundshage\/test\/","name":"Event - Bj\u00f6rklunds Hage 4H-g\u00e5rd","isPartOf":{"@id":"https:\/\/www.4h.se\/bjorklundshage\/#website"},"primaryImageOfPage":{"@id":"https:\/\/www.4h.se\/bjorklundshage\/test\/#primaryimage"},"image":{"@id":"https:\/\/www.4h.se\/bjorklundshage\/test\/#primaryimage"},"thumbnailUrl":"https:\/\/www.4h.se\/bjorklundshage\/wp-content\/uploads\/sites\/99\/2026\/04\/Medlemsloppis-212x300.jpg","datePublished":"2022-09-15T11:19:44+00:00","dateModified":"2026-04-30T10:27:27+00:00","breadcrumb":{"@id":"https:\/\/www.4h.se\/bjorklundshage\/test\/#breadcrumb"},"inLanguage":"sv-SE","potentialAction":[{"@type":"ReadAction","target":["https:\/\/www.4h.se\/bjorklundshage\/test\/"]}]},{"@type":"ImageObject","inLanguage":"sv-SE","@id":"https:\/\/www.4h.se\/bjorklundshage\/test\/#primaryimage","url":"https:\/\/www.4h.se\/bjorklundshage\/wp-content\/uploads\/sites\/99\/2026\/04\/Medlemsloppis.jpg","contentUrl":"https:\/\/www.4h.se\/bjorklundshage\/wp-content\/uploads\/sites\/99\/2026\/04\/Medlemsloppis.jpg","width":1414,"height":2000},{"@type":"BreadcrumbList","@id":"https:\/\/www.4h.se\/bjorklundshage\/test\/#breadcrumb","itemListElement":[{"@type":"ListItem","position":1,"name":"Hem","item":"https:\/\/www.4h.se\/bjorklundshage\/"},{"@type":"ListItem","position":2,"name":"Event"}]},{"@type":"WebSite","@id":"https:\/\/www.4h.se\/bjorklundshage\/#website","url":"https:\/\/www.4h.se\/bjorklundshage\/","name":"Bj\u00f6rklunds Hage 4H-g\u00e5rd","description":"","potentialAction":[{"@type":"SearchAction","target":{"@type":"EntryPoint","urlTemplate":"https:\/\/www.4h.se\/bjorklundshage\/?s={search_term_string}"},"query-input":{"@type":"PropertyValueSpecification","valueRequired":true,"valueName":"search_term_string"}}],"inLanguage":"sv-SE"}]}},"_links":{"self":[{"href":"https:\/\/www.4h.se\/bjorklundshage\/wp-json\/wp\/v2\/pages\/821","targetHints":{"allow":["GET"]}}],"collection":[{"href":"https:\/\/www.4h.se\/bjorklundshage\/wp-json\/wp\/v2\/pages"}],"about":[{"href":"https:\/\/www.4h.se\/bjorklundshage\/wp-json\/wp\/v2\/types\/page"}],"author":[{"embeddable":true,"href":"https:\/\/www.4h.se\/bjorklundshage\/wp-json\/wp\/v2\/users\/124"}],"replies":[{"embeddable":true,"href":"https:\/\/www.4h.se\/bjorklundshage\/wp-json\/wp\/v2\/comments?post=821"}],"version-history":[{"count":0,"href":"https:\/\/www.4h.se\/bjorklundshage\/wp-json\/wp\/v2\/pages\/821\/revisions"}],"wp:attachment":[{"href":"https:\/\/www.4h.se\/bjorklundshage\/wp-json\/wp\/v2\/media?parent=821"}],"curies":[{"name":"wp","href":"https:\/\/api.w.org\/{rel}","templated":true}]}}