



{"id":772,"date":"2022-07-17T10:46:21","date_gmt":"2022-07-17T08:46:21","guid":{"rendered":"https:\/\/www.4h.se\/bjorklundshage\/?page_id=772"},"modified":"2026-04-21T15:51:47","modified_gmt":"2026-04-21T13:51:47","slug":"bli-medlem","status":"publish","type":"page","link":"https:\/\/www.4h.se\/bjorklundshage\/bli-medlem\/","title":{"rendered":"Bli medlem"},"content":{"rendered":"<div class=\"wpb-content-wrapper\"><p>[vc_row][vc_column][vc_column_text]<\/p>\n<h1 style=\"text-align: center\"><span style=\"color: #006340\">Bli medlem hos oss!<\/span><\/h1>\n<p>[\/vc_column_text][\/vc_column][\/vc_row][vc_row][vc_column width=&#8221;1\/4&#8243;][vc_single_image image=&#8221;811&#8243; img_size=&#8221;full&#8221; add_caption=&#8221;yes&#8221;][vc_single_image image=&#8221;814&#8243; img_size=&#8221;full&#8221; add_caption=&#8221;yes&#8221; alignment=&#8221;center&#8221;][\/vc_column][vc_column width=&#8221;1\/2&#8243;][vc_column_text css=&#8221;&#8221;]<\/p>\n<p style=\"text-align: center;\">Bli medlem i Bj\u00f6rklunds Hage 4H och f\u00e5 massor av h\u00e4rliga f\u00f6rdelar! Delta i v\u00e5ra roliga aktiviteter, st\u00f6tta g\u00e5rden och v\u00e5ra fina djur, och f\u00e5 ett medlemskap som \u00e4ven skyddar med olycksfallsf\u00f6rs\u00e4kring. Dessutom f\u00e5r du rabatter p\u00e5 h\u00f6 och familjeguidningar. Kom och var en del av v\u00e5r 4H-familj!<\/p>\n<p>[\/vc_column_text][vc_column_text css=&#8221;&#8221;]<\/p>\n<h4><strong><span style=\"color: #006340;\">Priser<\/span><\/strong><\/h4>\n<p>Medlemsavgift:<\/p>\n<ul>\n<li>Barn och ungdomar under 26 \u00e5r: 370 kr\/\u00e5r<\/li>\n<li>26 \u00e5r eller \u00e4ldre: 405 kr\/\u00e5r<\/li>\n<\/ul>\n<p>Som medlem f\u00e5r du delta i alla g\u00e5rdens aktiviteter och vara med och p\u00e5verka verksamheten! Alla medlemmar bjuds in till v\u00e5rt \u00e5rsm\u00f6te d\u00e4r du f\u00e5r r\u00f6sta p\u00e5 f\u00f6rslag och v\u00e4lja styrelse \u2013 det \u00e4r du som hj\u00e4lper till att forma framtiden f\u00f6r g\u00e5rden!<\/p>\n<p>Som medlem blir du inbjuden att ha ett bord p\u00e5 den \u00e5rliga medlemsloppisen.<\/p>\n<p><a href=\"https:\/\/www.antribe.com\/org\/4h\/bjorklunds-hage-4h\/bli-medlem\">Bli medlem h\u00e4r!<\/a><\/p>\n<h4 style=\"text-align: center;\"><span style=\"color: #006340;\">V\u00e4lkommen!<\/span><\/h4>\n<p>[\/vc_column_text][\/vc_column][vc_column width=&#8221;1\/4&#8243;][vc_single_image image=&#8221;813&#8243; img_size=&#8221;full&#8221; add_caption=&#8221;yes&#8221;][vc_single_image image=&#8221;779&#8243; img_size=&#8221;full&#8221; add_caption=&#8221;yes&#8221; alignment=&#8221;center&#8221;][\/vc_column][\/vc_row]<\/p>\n<\/div>","protected":false},"excerpt":{"rendered":"<p>[vc_row][vc_column][vc_column_text] Bli medlem hos oss! [\/vc_column_text][\/vc_column][\/vc_row][vc_row][vc_column width=&#8221;1\/4&#8243;][vc_single_image image=&#8221;811&#8243; img_size=&#8221;full&#8221; add_caption=&#8221;yes&#8221;][vc_single_image image=&#8221;814&#8243; img_size=&#8221;full&#8221; add_caption=&#8221;yes&#8221; alignment=&#8221;center&#8221;][\/vc_column][vc_column width=&#8221;1\/2&#8243;][vc_column_text css=&#8221;&#8221;] Bli medlem i Bj\u00f6rklunds Hage 4H och f\u00e5 massor av h\u00e4rliga f\u00f6rdelar! Delta i v\u00e5ra roliga aktiviteter, st\u00f6tta g\u00e5rden och v\u00e5ra fina djur, och f\u00e5 ett medlemskap som \u00e4ven skyddar med olycksfallsf\u00f6rs\u00e4kring. Dessutom f\u00e5r du rabatter p\u00e5 h\u00f6 och&nbsp; <a href=\"https:\/\/www.4h.se\/bjorklundshage\/bli-medlem\/\">&hellip; Read more <i class=\"glyphicon glyphicon-arrow-right\"><\/i><\/a><\/p>\n","protected":false},"author":124,"featured_media":0,"parent":0,"menu_order":0,"comment_status":"closed","ping_status":"closed","template":"","meta":{"_acf_changed":false,"footnotes":""},"class_list":["post-772","page","type-page","status-publish","hentry"],"acf":[],"yoast_head":"<!-- This site is optimized with the Yoast SEO plugin v27.5 - https:\/\/yoast.com\/product\/yoast-seo-wordpress\/ -->\n<title>Bli medlem - Bj\u00f6rklunds Hage 4H-g\u00e5rd<\/title>\n<meta name=\"robots\" content=\"index, follow, max-snippet:-1, max-image-preview:large, max-video-preview:-1\" \/>\n<link rel=\"canonical\" href=\"https:\/\/www.4h.se\/bjorklundshage\/bli-medlem\/\" \/>\n<meta property=\"og:locale\" content=\"sv_SE\" \/>\n<meta property=\"og:type\" content=\"article\" \/>\n<meta property=\"og:title\" content=\"Bli medlem - Bj\u00f6rklunds Hage 4H-g\u00e5rd\" \/>\n<meta property=\"og:description\" content=\"[vc_row][vc_column][vc_column_text] Bli medlem hos oss! [\/vc_column_text][\/vc_column][\/vc_row][vc_row][vc_column width=&#8221;1\/4&#8243;][vc_single_image image=&#8221;811&#8243; img_size=&#8221;full&#8221; add_caption=&#8221;yes&#8221;][vc_single_image image=&#8221;814&#8243; img_size=&#8221;full&#8221; add_caption=&#8221;yes&#8221; alignment=&#8221;center&#8221;][\/vc_column][vc_column width=&#8221;1\/2&#8243;][vc_column_text css=&#8221;&#8221;] Bli medlem i Bj\u00f6rklunds Hage 4H och f\u00e5 massor av h\u00e4rliga f\u00f6rdelar! Delta i v\u00e5ra roliga aktiviteter, st\u00f6tta g\u00e5rden och v\u00e5ra fina djur, och f\u00e5 ett medlemskap som \u00e4ven skyddar med olycksfallsf\u00f6rs\u00e4kring. Dessutom f\u00e5r du rabatter p\u00e5 h\u00f6 och&nbsp; &hellip; Read more\" \/>\n<meta property=\"og:url\" content=\"https:\/\/www.4h.se\/bjorklundshage\/bli-medlem\/\" \/>\n<meta property=\"og:site_name\" content=\"Bj\u00f6rklunds Hage 4H-g\u00e5rd\" \/>\n<meta property=\"article:modified_time\" content=\"2026-04-21T13:51:47+00:00\" \/>\n<meta name=\"twitter:card\" content=\"summary_large_image\" \/>\n<meta name=\"twitter:label1\" content=\"Ber\u00e4knad l\u00e4stid\" \/>\n\t<meta name=\"twitter:data1\" content=\"1 minut\" \/>\n<script type=\"application\/ld+json\" class=\"yoast-schema-graph\">{\"@context\":\"https:\\\/\\\/schema.org\",\"@graph\":[{\"@type\":\"WebPage\",\"@id\":\"https:\\\/\\\/www.4h.se\\\/bjorklundshage\\\/bli-medlem\\\/\",\"url\":\"https:\\\/\\\/www.4h.se\\\/bjorklundshage\\\/bli-medlem\\\/\",\"name\":\"Bli medlem - Bj\u00f6rklunds Hage 4H-g\u00e5rd\",\"isPartOf\":{\"@id\":\"https:\\\/\\\/www.4h.se\\\/bjorklundshage\\\/#website\"},\"datePublished\":\"2022-07-17T08:46:21+00:00\",\"dateModified\":\"2026-04-21T13:51:47+00:00\",\"breadcrumb\":{\"@id\":\"https:\\\/\\\/www.4h.se\\\/bjorklundshage\\\/bli-medlem\\\/#breadcrumb\"},\"inLanguage\":\"sv-SE\",\"potentialAction\":[{\"@type\":\"ReadAction\",\"target\":[\"https:\\\/\\\/www.4h.se\\\/bjorklundshage\\\/bli-medlem\\\/\"]}]},{\"@type\":\"BreadcrumbList\",\"@id\":\"https:\\\/\\\/www.4h.se\\\/bjorklundshage\\\/bli-medlem\\\/#breadcrumb\",\"itemListElement\":[{\"@type\":\"ListItem\",\"position\":1,\"name\":\"Hem\",\"item\":\"https:\\\/\\\/www.4h.se\\\/bjorklundshage\\\/\"},{\"@type\":\"ListItem\",\"position\":2,\"name\":\"Bli medlem\"}]},{\"@type\":\"WebSite\",\"@id\":\"https:\\\/\\\/www.4h.se\\\/bjorklundshage\\\/#website\",\"url\":\"https:\\\/\\\/www.4h.se\\\/bjorklundshage\\\/\",\"name\":\"Bj\u00f6rklunds Hage 4H-g\u00e5rd\",\"description\":\"\",\"potentialAction\":[{\"@type\":\"SearchAction\",\"target\":{\"@type\":\"EntryPoint\",\"urlTemplate\":\"https:\\\/\\\/www.4h.se\\\/bjorklundshage\\\/?s={search_term_string}\"},\"query-input\":{\"@type\":\"PropertyValueSpecification\",\"valueRequired\":true,\"valueName\":\"search_term_string\"}}],\"inLanguage\":\"sv-SE\"}]}<\/script>\n<!-- \/ Yoast SEO plugin. -->","yoast_head_json":{"title":"Bli medlem - Bj\u00f6rklunds Hage 4H-g\u00e5rd","robots":{"index":"index","follow":"follow","max-snippet":"max-snippet:-1","max-image-preview":"max-image-preview:large","max-video-preview":"max-video-preview:-1"},"canonical":"https:\/\/www.4h.se\/bjorklundshage\/bli-medlem\/","og_locale":"sv_SE","og_type":"article","og_title":"Bli medlem - Bj\u00f6rklunds Hage 4H-g\u00e5rd","og_description":"[vc_row][vc_column][vc_column_text] Bli medlem hos oss! [\/vc_column_text][\/vc_column][\/vc_row][vc_row][vc_column width=&#8221;1\/4&#8243;][vc_single_image image=&#8221;811&#8243; img_size=&#8221;full&#8221; add_caption=&#8221;yes&#8221;][vc_single_image image=&#8221;814&#8243; img_size=&#8221;full&#8221; add_caption=&#8221;yes&#8221; alignment=&#8221;center&#8221;][\/vc_column][vc_column width=&#8221;1\/2&#8243;][vc_column_text css=&#8221;&#8221;] Bli medlem i Bj\u00f6rklunds Hage 4H och f\u00e5 massor av h\u00e4rliga f\u00f6rdelar! Delta i v\u00e5ra roliga aktiviteter, st\u00f6tta g\u00e5rden och v\u00e5ra fina djur, och f\u00e5 ett medlemskap som \u00e4ven skyddar med olycksfallsf\u00f6rs\u00e4kring. Dessutom f\u00e5r du rabatter p\u00e5 h\u00f6 och&nbsp; &hellip; Read more","og_url":"https:\/\/www.4h.se\/bjorklundshage\/bli-medlem\/","og_site_name":"Bj\u00f6rklunds Hage 4H-g\u00e5rd","article_modified_time":"2026-04-21T13:51:47+00:00","twitter_card":"summary_large_image","twitter_misc":{"Ber\u00e4knad l\u00e4stid":"1 minut"},"schema":{"@context":"https:\/\/schema.org","@graph":[{"@type":"WebPage","@id":"https:\/\/www.4h.se\/bjorklundshage\/bli-medlem\/","url":"https:\/\/www.4h.se\/bjorklundshage\/bli-medlem\/","name":"Bli medlem - Bj\u00f6rklunds Hage 4H-g\u00e5rd","isPartOf":{"@id":"https:\/\/www.4h.se\/bjorklundshage\/#website"},"datePublished":"2022-07-17T08:46:21+00:00","dateModified":"2026-04-21T13:51:47+00:00","breadcrumb":{"@id":"https:\/\/www.4h.se\/bjorklundshage\/bli-medlem\/#breadcrumb"},"inLanguage":"sv-SE","potentialAction":[{"@type":"ReadAction","target":["https:\/\/www.4h.se\/bjorklundshage\/bli-medlem\/"]}]},{"@type":"BreadcrumbList","@id":"https:\/\/www.4h.se\/bjorklundshage\/bli-medlem\/#breadcrumb","itemListElement":[{"@type":"ListItem","position":1,"name":"Hem","item":"https:\/\/www.4h.se\/bjorklundshage\/"},{"@type":"ListItem","position":2,"name":"Bli medlem"}]},{"@type":"WebSite","@id":"https:\/\/www.4h.se\/bjorklundshage\/#website","url":"https:\/\/www.4h.se\/bjorklundshage\/","name":"Bj\u00f6rklunds Hage 4H-g\u00e5rd","description":"","potentialAction":[{"@type":"SearchAction","target":{"@type":"EntryPoint","urlTemplate":"https:\/\/www.4h.se\/bjorklundshage\/?s={search_term_string}"},"query-input":{"@type":"PropertyValueSpecification","valueRequired":true,"valueName":"search_term_string"}}],"inLanguage":"sv-SE"}]}},"_links":{"self":[{"href":"https:\/\/www.4h.se\/bjorklundshage\/wp-json\/wp\/v2\/pages\/772","targetHints":{"allow":["GET"]}}],"collection":[{"href":"https:\/\/www.4h.se\/bjorklundshage\/wp-json\/wp\/v2\/pages"}],"about":[{"href":"https:\/\/www.4h.se\/bjorklundshage\/wp-json\/wp\/v2\/types\/page"}],"author":[{"embeddable":true,"href":"https:\/\/www.4h.se\/bjorklundshage\/wp-json\/wp\/v2\/users\/124"}],"replies":[{"embeddable":true,"href":"https:\/\/www.4h.se\/bjorklundshage\/wp-json\/wp\/v2\/comments?post=772"}],"version-history":[{"count":0,"href":"https:\/\/www.4h.se\/bjorklundshage\/wp-json\/wp\/v2\/pages\/772\/revisions"}],"wp:attachment":[{"href":"https:\/\/www.4h.se\/bjorklundshage\/wp-json\/wp\/v2\/media?parent=772"}],"curies":[{"name":"wp","href":"https:\/\/api.w.org\/{rel}","templated":true}]}}