



{"id":733,"date":"2021-08-26T18:36:10","date_gmt":"2021-08-26T16:36:10","guid":{"rendered":"https:\/\/www.4h.se\/bjorklundshage\/?page_id=733"},"modified":"2026-03-04T09:23:24","modified_gmt":"2026-03-04T08:23:24","slug":"kalasbokning-2","status":"publish","type":"page","link":"https:\/\/www.4h.se\/bjorklundshage\/kalasbokning-2\/","title":{"rendered":"Kalas"},"content":{"rendered":"<div class=\"wpb-content-wrapper\"><p>[vc_row][vc_column width=&#8221;1\/3&#8243;][vc_column_text css=&#8221;.vc_custom_1769762782993{border-top-width: 6px !important;border-right-width: 6px !important;border-bottom-width: 6px !important;border-left-width: 6px !important;padding-top: 5px !important;padding-right: 15px !important;padding-bottom: 15px !important;padding-left: 15px !important;border-left-style: solid !important;border-right-style: solid !important;border-top-style: solid !important;border-bottom-style: solid !important;border-color: #00693F !important;}&#8221;]Har du fr\u00e5gor?<br \/>\nBes\u00f6k g\u00e4rna v\u00e5r sida med <a href=\"https:\/\/www.4h.se\/bjorklundshage\/vanliga-fragor\/\">vanliga fr\u00e5gor<\/a>[\/vc_column_text][\/vc_column][vc_column width=&#8221;1\/3&#8243;][vc_column_text css=&#8221;&#8221;]<\/p>\n<h1 style=\"text-align: center;\"><span style=\"color: #006040;\">Ha kalas hos oss<\/span><\/h1>\n<h5 style=\"text-align: center;\">Hos oss kan ni ha barnkalas<\/h5>\n<h5 style=\"text-align: center;\">Vi erbjuder kalaskonceptet Djurkalas l\u00e4s mer nedan<\/h5>\n<p>[\/vc_column_text][\/vc_column][vc_column width=&#8221;1\/3&#8243;][\/vc_column][\/vc_row][vc_row][vc_column width=&#8221;1\/3&#8243;][vc_column_text css=&#8221;.vc_custom_1739779948522{border-top-width: 6px !important;border-right-width: 6px !important;border-bottom-width: 6px !important;border-left-width: 6px !important;padding-top: 5px !important;padding-right: 15px !important;padding-bottom: 15px !important;padding-left: 15px !important;border-left-style: dotted !important;border-right-style: dotted !important;border-top-style: dotted !important;border-bottom-style: dotted !important;border-radius: 4px !important;border-color: #006340 !important;}&#8221;]<script>\n\tvar _bws = _bws || [];\n\t_bws['d'] = 'a';\n\t_bws['k'] = 'Bjorklundshage4h';\n\t_bws['widgetUrl'] = 'https:\/\/widget.boka.se\/';\n\t(function() {\n\t\tvar bw = document.createElement('script');\n\t\tbw.async = true; bw.type = 'text\/javascript';\n\t\tbw.src = 'https:\/\/widget.boka.se\/widget.min.js';\n\t\tvar bs = document.getElementsByTagName('script')[0];\n\t\tbs.parentNode.insertBefore(bw, bs);\n\t})();\n<\/script><\/p>\n<h2><span style=\"color: #006340;\">F\u00f6r att boka Djurkalas, anv\u00e4nd Boka.se (pop-up flik till h\u00f6ger p\u00e5 sidan)<\/span><\/h2>\n<p>Eller f\u00f6lj denna l\u00e4nk: <a href=\"https:\/\/boka.se\/Bjorklundshage4h\">https:\/\/boka.se\/Bjorklundshage4h<\/a>[\/vc_column_text][vc_message]F\u00f6r att vi ska kunna planera, bemanna och f\u00f6rbereda ert kalas p\u00e5 b\u00e4sta s\u00e4tt m\u00e5ste alla bokningar g\u00f6ras senast 3 veckor f\u00f6re kalaset.<\/p>\n<p>Alla bokningar g\u00f6rs via boka.se[\/vc_message][\/vc_column][vc_column width=&#8221;1\/3&#8243;][vc_column_text css=&#8221;&#8221;]<\/p>\n<h4 style=\"text-align: center;\"><span style=\"color: #006340;\">Djurkalas<\/span><\/h4>\n<p style=\"text-align: center;\">\ud83c\udf89\ud83d\udc3e Djurkalas p\u00e5 Bj\u00f6rklunds Hage 4H \u2013 En of\u00f6rgl\u00f6mlig upplevelse f\u00f6r ditt barn och deras v\u00e4nner! \ud83d\udc10\ud83c\udf89<\/p>\n<p style=\"text-align: center;\">Fira kalaset mitt bland v\u00e5ra h\u00e4rliga djur! \ud83d\udc11\ud83e\udd73 Under 2 timmar f\u00e5r barnen en guidad tur bland djuren, en mysig plats f\u00f6r fika. Vi fixar st\u00e4dning och hj\u00e4lper till s\u00e5 att ni kan njuta av dagen.<\/p>\n<p style=\"text-align: center;\">\ud83d\udd52 Tid: 11-13 eller 14-16<br \/>\n\ud83d\udcb0 Pris: 2000 kr (0-10 barn) + 150 kr f\u00f6r varje extra barn (max 20 barn)<\/p>\n<p style=\"text-align: center;\"><strong>V\u00e5r kalas h\u00e5lls i verksamhetst\u00e4ltet p\u00e5 g\u00e5rden<br \/>\nDjurkalas kan bokas i m\u00e5naderna mars, april, maj och september<\/strong><\/p>\n<p style=\"text-align: center;\">Boka ditt Djurkalas via boka.se \u2013 vi ser fram emot att fira med dig! \ud83c\udf82\ud83d\udc34<\/p>\n<p style=\"text-align: center;\"><a href=\"https:\/\/www.4h.se\/bjorklundshage\/wp-content\/uploads\/sites\/99\/2026\/01\/Tillagg.pdf\" target=\"_blank\" rel=\"noopener\">M\u00f6jliga till\u00e4gg till ditt Djurkalas<\/a><\/p>\n<p style=\"text-align: center;\"><a href=\"https:\/\/www.4h.se\/bjorklundshage\/wp-content\/uploads\/sites\/99\/2026\/01\/Information-och-regler-att-lasa-fore-bokning.pdf\" target=\"_blank\" rel=\"noopener\">Information och regler att l\u00e4sa f\u00f6re bokning<\/a><\/p>\n<p>[\/vc_column_text][\/vc_column][vc_column width=&#8221;1\/3&#8243;][vc_column_text css=&#8221;&#8221;]<\/p>\n<h2 style=\"text-align: center;\"><span style=\"color: #006340;\">Endast lokal<\/span><\/h2>\n<h2 style=\"text-align: center;\">Vi hyr tyv\u00e4rr inte ut lokalen f\u00f6r privata kalas eller klassfester.<\/h2>\n<p>&nbsp;[\/vc_column_text][\/vc_column][\/vc_row][vc_row][vc_column][vc_separator color=&#8221;green&#8221; style=&#8221;shadow&#8221;][vc_column_text css=&#8221;&#8221;]<b>Betalningsinformation<\/b><\/p>\n<p>Kostnaden betalas via betall\u00e4nk som skickas via boka.se efter att vi godk\u00e4nt er bokning.<\/p>\n<p>&nbsp;<\/p>\n<p><b>Bokningen \u00e4r bindande, vid bokning f\u00e5r du ett mail med bekr\u00e4ftelse p\u00e5 tid och datum.<\/b><\/p>\n<p>Avbokning m\u00e5ste ske 21 dagar innan bokad tid annars debiteras ni 750 kronor.<\/p>\n<p>Sker avbokning senare \u00e4n 7 dagar innan s\u00e5 debiteras hela summan. Alla bokningar och avbokningar sker via Boka.se[\/vc_column_text][\/vc_column][\/vc_row][vc_row][vc_column][vc_separator color=&#8221;green&#8221; style=&#8221;shadow&#8221;][\/vc_column][\/vc_row][vc_row][vc_column width=&#8221;1\/2&#8243;][\/vc_column][vc_column width=&#8221;1\/2&#8243;][\/vc_column][\/vc_row]<\/p>\n<\/div>","protected":false},"excerpt":{"rendered":"<p>[vc_row][vc_column width=&#8221;1\/3&#8243;][vc_column_text css=&#8221;.vc_custom_1769762782993{border-top-width: 6px !important;border-right-width: 6px !important;border-bottom-width: 6px !important;border-left-width: 6px !important;padding-top: 5px !important;padding-right: 15px !important;padding-bottom: 15px !important;padding-left: 15px !important;border-left-style: solid !important;border-right-style: solid !important;border-top-style: solid !important;border-bottom-style: solid !important;border-color: #00693F !important;}&#8221;]Har du fr\u00e5gor? Bes\u00f6k g\u00e4rna v\u00e5r sida med vanliga fr\u00e5gor[\/vc_column_text][\/vc_column][vc_column width=&#8221;1\/3&#8243;][vc_column_text css=&#8221;&#8221;] Ha kalas hos oss Hos oss kan ni ha barnkalas Vi erbjuder kalaskonceptet Djurkalas l\u00e4s&nbsp; <a href=\"https:\/\/www.4h.se\/bjorklundshage\/kalasbokning-2\/\">&hellip; Read more <i class=\"glyphicon glyphicon-arrow-right\"><\/i><\/a><\/p>\n","protected":false},"author":137,"featured_media":0,"parent":0,"menu_order":0,"comment_status":"closed","ping_status":"closed","template":"","meta":{"_acf_changed":false,"footnotes":""},"class_list":["post-733","page","type-page","status-publish","hentry"],"acf":[],"yoast_head":"<!-- This site is optimized with the Yoast SEO plugin v27.5 - https:\/\/yoast.com\/product\/yoast-seo-wordpress\/ -->\n<title>Kalas - Bj\u00f6rklunds Hage 4H-g\u00e5rd<\/title>\n<meta name=\"robots\" content=\"index, follow, max-snippet:-1, max-image-preview:large, max-video-preview:-1\" \/>\n<link rel=\"canonical\" href=\"https:\/\/www.4h.se\/bjorklundshage\/kalasbokning-2\/\" \/>\n<meta property=\"og:locale\" content=\"sv_SE\" \/>\n<meta property=\"og:type\" content=\"article\" \/>\n<meta property=\"og:title\" content=\"Kalas - Bj\u00f6rklunds Hage 4H-g\u00e5rd\" \/>\n<meta property=\"og:description\" content=\"[vc_row][vc_column width=&#8221;1\/3&#8243;][vc_column_text css=&#8221;.vc_custom_1769762782993{border-top-width: 6px !important;border-right-width: 6px !important;border-bottom-width: 6px !important;border-left-width: 6px !important;padding-top: 5px !important;padding-right: 15px !important;padding-bottom: 15px !important;padding-left: 15px !important;border-left-style: solid !important;border-right-style: solid !important;border-top-style: solid !important;border-bottom-style: solid !important;border-color: #00693F !important;}&#8221;]Har du fr\u00e5gor? Bes\u00f6k g\u00e4rna v\u00e5r sida med vanliga fr\u00e5gor[\/vc_column_text][\/vc_column][vc_column width=&#8221;1\/3&#8243;][vc_column_text css=&#8221;&#8221;] Ha kalas hos oss Hos oss kan ni ha barnkalas Vi erbjuder kalaskonceptet Djurkalas l\u00e4s&nbsp; &hellip; Read more\" \/>\n<meta property=\"og:url\" content=\"https:\/\/www.4h.se\/bjorklundshage\/kalasbokning-2\/\" \/>\n<meta property=\"og:site_name\" content=\"Bj\u00f6rklunds Hage 4H-g\u00e5rd\" \/>\n<meta property=\"article:modified_time\" content=\"2026-03-04T08:23:24+00:00\" \/>\n<meta name=\"twitter:card\" content=\"summary_large_image\" \/>\n<script type=\"application\/ld+json\" class=\"yoast-schema-graph\">{\"@context\":\"https:\\\/\\\/schema.org\",\"@graph\":[{\"@type\":\"WebPage\",\"@id\":\"https:\\\/\\\/www.4h.se\\\/bjorklundshage\\\/kalasbokning-2\\\/\",\"url\":\"https:\\\/\\\/www.4h.se\\\/bjorklundshage\\\/kalasbokning-2\\\/\",\"name\":\"Kalas - Bj\u00f6rklunds Hage 4H-g\u00e5rd\",\"isPartOf\":{\"@id\":\"https:\\\/\\\/www.4h.se\\\/bjorklundshage\\\/#website\"},\"datePublished\":\"2021-08-26T16:36:10+00:00\",\"dateModified\":\"2026-03-04T08:23:24+00:00\",\"breadcrumb\":{\"@id\":\"https:\\\/\\\/www.4h.se\\\/bjorklundshage\\\/kalasbokning-2\\\/#breadcrumb\"},\"inLanguage\":\"sv-SE\",\"potentialAction\":[{\"@type\":\"ReadAction\",\"target\":[\"https:\\\/\\\/www.4h.se\\\/bjorklundshage\\\/kalasbokning-2\\\/\"]}]},{\"@type\":\"BreadcrumbList\",\"@id\":\"https:\\\/\\\/www.4h.se\\\/bjorklundshage\\\/kalasbokning-2\\\/#breadcrumb\",\"itemListElement\":[{\"@type\":\"ListItem\",\"position\":1,\"name\":\"Hem\",\"item\":\"https:\\\/\\\/www.4h.se\\\/bjorklundshage\\\/\"},{\"@type\":\"ListItem\",\"position\":2,\"name\":\"Kalas\"}]},{\"@type\":\"WebSite\",\"@id\":\"https:\\\/\\\/www.4h.se\\\/bjorklundshage\\\/#website\",\"url\":\"https:\\\/\\\/www.4h.se\\\/bjorklundshage\\\/\",\"name\":\"Bj\u00f6rklunds Hage 4H-g\u00e5rd\",\"description\":\"\",\"potentialAction\":[{\"@type\":\"SearchAction\",\"target\":{\"@type\":\"EntryPoint\",\"urlTemplate\":\"https:\\\/\\\/www.4h.se\\\/bjorklundshage\\\/?s={search_term_string}\"},\"query-input\":{\"@type\":\"PropertyValueSpecification\",\"valueRequired\":true,\"valueName\":\"search_term_string\"}}],\"inLanguage\":\"sv-SE\"}]}<\/script>\n<!-- \/ Yoast SEO plugin. -->","yoast_head_json":{"title":"Kalas - Bj\u00f6rklunds Hage 4H-g\u00e5rd","robots":{"index":"index","follow":"follow","max-snippet":"max-snippet:-1","max-image-preview":"max-image-preview:large","max-video-preview":"max-video-preview:-1"},"canonical":"https:\/\/www.4h.se\/bjorklundshage\/kalasbokning-2\/","og_locale":"sv_SE","og_type":"article","og_title":"Kalas - Bj\u00f6rklunds Hage 4H-g\u00e5rd","og_description":"[vc_row][vc_column width=&#8221;1\/3&#8243;][vc_column_text css=&#8221;.vc_custom_1769762782993{border-top-width: 6px !important;border-right-width: 6px !important;border-bottom-width: 6px !important;border-left-width: 6px !important;padding-top: 5px !important;padding-right: 15px !important;padding-bottom: 15px !important;padding-left: 15px !important;border-left-style: solid !important;border-right-style: solid !important;border-top-style: solid !important;border-bottom-style: solid !important;border-color: #00693F !important;}&#8221;]Har du fr\u00e5gor? Bes\u00f6k g\u00e4rna v\u00e5r sida med vanliga fr\u00e5gor[\/vc_column_text][\/vc_column][vc_column width=&#8221;1\/3&#8243;][vc_column_text css=&#8221;&#8221;] Ha kalas hos oss Hos oss kan ni ha barnkalas Vi erbjuder kalaskonceptet Djurkalas l\u00e4s&nbsp; &hellip; Read more","og_url":"https:\/\/www.4h.se\/bjorklundshage\/kalasbokning-2\/","og_site_name":"Bj\u00f6rklunds Hage 4H-g\u00e5rd","article_modified_time":"2026-03-04T08:23:24+00:00","twitter_card":"summary_large_image","schema":{"@context":"https:\/\/schema.org","@graph":[{"@type":"WebPage","@id":"https:\/\/www.4h.se\/bjorklundshage\/kalasbokning-2\/","url":"https:\/\/www.4h.se\/bjorklundshage\/kalasbokning-2\/","name":"Kalas - Bj\u00f6rklunds Hage 4H-g\u00e5rd","isPartOf":{"@id":"https:\/\/www.4h.se\/bjorklundshage\/#website"},"datePublished":"2021-08-26T16:36:10+00:00","dateModified":"2026-03-04T08:23:24+00:00","breadcrumb":{"@id":"https:\/\/www.4h.se\/bjorklundshage\/kalasbokning-2\/#breadcrumb"},"inLanguage":"sv-SE","potentialAction":[{"@type":"ReadAction","target":["https:\/\/www.4h.se\/bjorklundshage\/kalasbokning-2\/"]}]},{"@type":"BreadcrumbList","@id":"https:\/\/www.4h.se\/bjorklundshage\/kalasbokning-2\/#breadcrumb","itemListElement":[{"@type":"ListItem","position":1,"name":"Hem","item":"https:\/\/www.4h.se\/bjorklundshage\/"},{"@type":"ListItem","position":2,"name":"Kalas"}]},{"@type":"WebSite","@id":"https:\/\/www.4h.se\/bjorklundshage\/#website","url":"https:\/\/www.4h.se\/bjorklundshage\/","name":"Bj\u00f6rklunds Hage 4H-g\u00e5rd","description":"","potentialAction":[{"@type":"SearchAction","target":{"@type":"EntryPoint","urlTemplate":"https:\/\/www.4h.se\/bjorklundshage\/?s={search_term_string}"},"query-input":{"@type":"PropertyValueSpecification","valueRequired":true,"valueName":"search_term_string"}}],"inLanguage":"sv-SE"}]}},"_links":{"self":[{"href":"https:\/\/www.4h.se\/bjorklundshage\/wp-json\/wp\/v2\/pages\/733","targetHints":{"allow":["GET"]}}],"collection":[{"href":"https:\/\/www.4h.se\/bjorklundshage\/wp-json\/wp\/v2\/pages"}],"about":[{"href":"https:\/\/www.4h.se\/bjorklundshage\/wp-json\/wp\/v2\/types\/page"}],"author":[{"embeddable":true,"href":"https:\/\/www.4h.se\/bjorklundshage\/wp-json\/wp\/v2\/users\/137"}],"replies":[{"embeddable":true,"href":"https:\/\/www.4h.se\/bjorklundshage\/wp-json\/wp\/v2\/comments?post=733"}],"version-history":[{"count":0,"href":"https:\/\/www.4h.se\/bjorklundshage\/wp-json\/wp\/v2\/pages\/733\/revisions"}],"wp:attachment":[{"href":"https:\/\/www.4h.se\/bjorklundshage\/wp-json\/wp\/v2\/media?parent=733"}],"curies":[{"name":"wp","href":"https:\/\/api.w.org\/{rel}","templated":true}]}}