



{"id":701,"date":"2021-06-30T14:39:21","date_gmt":"2021-06-30T12:39:21","guid":{"rendered":"https:\/\/www.4h.se\/bjorklundshage\/?page_id=701"},"modified":"2022-09-19T22:41:50","modified_gmt":"2022-09-19T20:41:50","slug":"bin","status":"publish","type":"page","link":"https:\/\/www.4h.se\/bjorklundshage\/bin\/","title":{"rendered":"Bin"},"content":{"rendered":"<div class=\"wpb-content-wrapper\"><p>[vc_row][vc_column width=&#8221;1\/4&#8243;][vc_single_image image=&#8221;800&#8243; img_size=&#8221;medium&#8221; alignment=&#8221;center&#8221; style=&#8221;vc_box_circle_2&#8243;][\/vc_column][vc_column width=&#8221;1\/2&#8243;][vc_column_text]<\/p>\n<h1 style=\"text-align: center\"><span style=\"color: #006340\">Bina<\/span><\/h1>\n<p style=\"text-align: center\">P\u00e5 Bj\u00f6rklunds hage har vi tre bikupor. Dessa \u00e4r placerade i f\u00e5rens vinterhagen uppe p\u00e5 fornkullen. Du kan se dem fr\u00e5n parkv\u00e4gen.<\/p>\n<p>[\/vc_column_text][\/vc_column][vc_column width=&#8221;1\/4&#8243;][vc_single_image image=&#8221;799&#8243; img_size=&#8221;full&#8221; alignment=&#8221;center&#8221; style=&#8221;vc_box_circle_2&#8243;][\/vc_column][\/vc_row][vc_row][vc_column width=&#8221;1\/3&#8243;][vc_column_text]<\/p>\n<h4 style=\"text-align: center\"><span style=\"color: #006340\">Bikupan<\/span><\/h4>\n<p style=\"text-align: center\">Bikupa kallas bostaden som biodlaren ger sina bisamh\u00e4llen.\u00a0I naturen lever honungsbin oftast i ih\u00e5liga tr\u00e4d d\u00e4r de bygger vaxkakor, och d\u00e4r klimatet till\u00e5ter l\u00e5ter de \u00e4ven bivaxkakorna h\u00e4nga fritt ibland.<\/p>\n<p style=\"text-align: center\">I den moderna bikupan hittar vi ramar, som biodlaren lagt ett lager bivax i. Detta f\u00f6r visa bina hur dem ska bygga cellerna de samlar f\u00f6da och l\u00e4gger \u00e4gg i. Ramarna s\u00e4tts in i olika v\u00e5ningar f\u00f6r att underl\u00e4tta n\u00e4r biodlaren samlar in honungen, och f\u00f6r att slippa ta s\u00f6nder det bina byggt. Tack vare bikupornas v\u00e5ningar kan biodlaren erbjuda mer utrymme om bina beh\u00f6ver det vid h\u00f6gs\u00e4song, och kan hj\u00e4lpa bina \u00f6verleva under den kalla vintern.<\/p>\n<p>[\/vc_column_text][\/vc_column][vc_column width=&#8221;1\/3&#8243;][vc_column_text]<\/p>\n<h4 style=\"text-align: center\"><span style=\"color: #006340\">Bikupan inv\u00e5nare<\/span><\/h4>\n<p style=\"text-align: center\">Bikupan styrs av ett enda bi; bidrottningen. Hon lever d\u00e4r tillsammans med uppemot 80 000 bin, varav bara i snitt 1 000 av dessa \u00e4r dr\u00f6nare (killar). Det \u00e4r tjejbina som samlar honung, tar hand om larverna, passar upp p\u00e5 drottningen, st\u00e4dar och egentligen alla uppgifter som finns i en bikupa. Idag vet forskarna inte riktigt vad dr\u00f6narna g\u00f6r ut\u00f6ver att n\u00e5gra f\u00e5 f\u00e5r para sig med en drottning.<\/p>\n<p>[\/vc_column_text][\/vc_column][vc_column width=&#8221;1\/3&#8243;][vc_column_text]<\/p>\n<h4 style=\"text-align: center\"><span style=\"color: #006340\">Historia<\/span><\/h4>\n<p style=\"text-align: center\">I b\u00f6rjan av biodlingens historia bedrevs den uppe i tr\u00e4d d\u00e4r honungen sedan samlades in av biodlaren. D\u00e5 det \u00e4r riskabelt och kr\u00e5ngligt att kl\u00e4ttra i tr\u00e4d utvecklades senare bikupor tillverkade av tr\u00e4stockar, lera eller halm. Bikupan utvecklades vidare till att inneh\u00e5lla ramar f\u00f6r att v\u00e4lja hur bina skulle placera sitt vax. Honungsbin i Sverige \u00e4r idag lite som husdjur eftersom biodlare f\u00f6rser dem med husrum i form av bikupor.<\/p>\n<p>[\/vc_column_text][\/vc_column][\/vc_row][vc_row][vc_column width=&#8221;1\/3&#8243;][vc_single_image image=&#8221;831&#8243; img_size=&#8221;276 \u00d7 490&#8243; alignment=&#8221;right&#8221; onclick=&#8221;link_image&#8221;][vc_single_image image=&#8221;830&#8243; img_size=&#8221;276 \u00d7 490&#8243; alignment=&#8221;right&#8221; onclick=&#8221;link_image&#8221; css=&#8221;.vc_custom_1663620004151{margin-right: 0px !important;border-right-width: 0px !important;padding-right: 0px !important;border-radius: 2px !important;}&#8221;][\/vc_column][vc_column width=&#8221;1\/3&#8243;][vc_single_image image=&#8221;829&#8243; img_size=&#8221;276 \u00d7 490&#8243; alignment=&#8221;center&#8221; onclick=&#8221;link_image&#8221;][vc_single_image image=&#8221;826&#8243; img_size=&#8221;276 \u00d7 490&#8243; add_caption=&#8221;yes&#8221; alignment=&#8221;center&#8221; onclick=&#8221;link_image&#8221;][\/vc_column][vc_column width=&#8221;1\/3&#8243;][vc_single_image image=&#8221;827&#8243; img_size=&#8221;276 \u00d7 490&#8243; onclick=&#8221;link_image&#8221;][vc_single_image image=&#8221;828&#8243; img_size=&#8221;276 \u00d7 490&#8243; onclick=&#8221;link_image&#8221;][\/vc_column][\/vc_row]<\/p>\n<\/div>","protected":false},"excerpt":{"rendered":"<p>[vc_row][vc_column width=&#8221;1\/4&#8243;][vc_single_image image=&#8221;800&#8243; img_size=&#8221;medium&#8221; alignment=&#8221;center&#8221; style=&#8221;vc_box_circle_2&#8243;][\/vc_column][vc_column width=&#8221;1\/2&#8243;][vc_column_text] Bina P\u00e5 Bj\u00f6rklunds hage har vi tre bikupor. Dessa \u00e4r placerade i f\u00e5rens vinterhagen uppe p\u00e5 fornkullen. Du kan se dem fr\u00e5n parkv\u00e4gen. [\/vc_column_text][\/vc_column][vc_column width=&#8221;1\/4&#8243;][vc_single_image image=&#8221;799&#8243; img_size=&#8221;full&#8221; alignment=&#8221;center&#8221; style=&#8221;vc_box_circle_2&#8243;][\/vc_column][\/vc_row][vc_row][vc_column width=&#8221;1\/3&#8243;][vc_column_text] Bikupan Bikupa kallas bostaden som biodlaren ger sina bisamh\u00e4llen.\u00a0I naturen lever honungsbin oftast i ih\u00e5liga tr\u00e4d d\u00e4r de&nbsp; <a href=\"https:\/\/www.4h.se\/bjorklundshage\/bin\/\">&hellip; Read more <i class=\"glyphicon glyphicon-arrow-right\"><\/i><\/a><\/p>\n","protected":false},"author":137,"featured_media":0,"parent":0,"menu_order":0,"comment_status":"closed","ping_status":"closed","template":"","meta":{"_acf_changed":false,"footnotes":""},"class_list":["post-701","page","type-page","status-publish","hentry"],"acf":[],"yoast_head":"<!-- This site is optimized with the Yoast SEO plugin v27.5 - https:\/\/yoast.com\/product\/yoast-seo-wordpress\/ -->\n<title>Bin - Bj\u00f6rklunds Hage 4H-g\u00e5rd<\/title>\n<meta name=\"robots\" content=\"index, follow, max-snippet:-1, max-image-preview:large, max-video-preview:-1\" \/>\n<link rel=\"canonical\" href=\"https:\/\/www.4h.se\/bjorklundshage\/bin\/\" \/>\n<meta property=\"og:locale\" content=\"sv_SE\" \/>\n<meta property=\"og:type\" content=\"article\" \/>\n<meta property=\"og:title\" content=\"Bin - Bj\u00f6rklunds Hage 4H-g\u00e5rd\" \/>\n<meta property=\"og:description\" content=\"[vc_row][vc_column width=&#8221;1\/4&#8243;][vc_single_image image=&#8221;800&#8243; img_size=&#8221;medium&#8221; alignment=&#8221;center&#8221; style=&#8221;vc_box_circle_2&#8243;][\/vc_column][vc_column width=&#8221;1\/2&#8243;][vc_column_text] Bina P\u00e5 Bj\u00f6rklunds hage har vi tre bikupor. Dessa \u00e4r placerade i f\u00e5rens vinterhagen uppe p\u00e5 fornkullen. Du kan se dem fr\u00e5n parkv\u00e4gen. [\/vc_column_text][\/vc_column][vc_column width=&#8221;1\/4&#8243;][vc_single_image image=&#8221;799&#8243; img_size=&#8221;full&#8221; alignment=&#8221;center&#8221; style=&#8221;vc_box_circle_2&#8243;][\/vc_column][\/vc_row][vc_row][vc_column width=&#8221;1\/3&#8243;][vc_column_text] Bikupan Bikupa kallas bostaden som biodlaren ger sina bisamh\u00e4llen.\u00a0I naturen lever honungsbin oftast i ih\u00e5liga tr\u00e4d d\u00e4r de&nbsp; &hellip; Read more\" \/>\n<meta property=\"og:url\" content=\"https:\/\/www.4h.se\/bjorklundshage\/bin\/\" \/>\n<meta property=\"og:site_name\" content=\"Bj\u00f6rklunds Hage 4H-g\u00e5rd\" \/>\n<meta property=\"article:modified_time\" content=\"2022-09-19T20:41:50+00:00\" \/>\n<meta name=\"twitter:card\" content=\"summary_large_image\" \/>\n<meta name=\"twitter:label1\" content=\"Ber\u00e4knad l\u00e4stid\" \/>\n\t<meta name=\"twitter:data1\" content=\"3 minuter\" \/>\n<script type=\"application\/ld+json\" class=\"yoast-schema-graph\">{\"@context\":\"https:\\\/\\\/schema.org\",\"@graph\":[{\"@type\":\"WebPage\",\"@id\":\"https:\\\/\\\/www.4h.se\\\/bjorklundshage\\\/bin\\\/\",\"url\":\"https:\\\/\\\/www.4h.se\\\/bjorklundshage\\\/bin\\\/\",\"name\":\"Bin - Bj\u00f6rklunds Hage 4H-g\u00e5rd\",\"isPartOf\":{\"@id\":\"https:\\\/\\\/www.4h.se\\\/bjorklundshage\\\/#website\"},\"datePublished\":\"2021-06-30T12:39:21+00:00\",\"dateModified\":\"2022-09-19T20:41:50+00:00\",\"breadcrumb\":{\"@id\":\"https:\\\/\\\/www.4h.se\\\/bjorklundshage\\\/bin\\\/#breadcrumb\"},\"inLanguage\":\"sv-SE\",\"potentialAction\":[{\"@type\":\"ReadAction\",\"target\":[\"https:\\\/\\\/www.4h.se\\\/bjorklundshage\\\/bin\\\/\"]}]},{\"@type\":\"BreadcrumbList\",\"@id\":\"https:\\\/\\\/www.4h.se\\\/bjorklundshage\\\/bin\\\/#breadcrumb\",\"itemListElement\":[{\"@type\":\"ListItem\",\"position\":1,\"name\":\"Hem\",\"item\":\"https:\\\/\\\/www.4h.se\\\/bjorklundshage\\\/\"},{\"@type\":\"ListItem\",\"position\":2,\"name\":\"Bin\"}]},{\"@type\":\"WebSite\",\"@id\":\"https:\\\/\\\/www.4h.se\\\/bjorklundshage\\\/#website\",\"url\":\"https:\\\/\\\/www.4h.se\\\/bjorklundshage\\\/\",\"name\":\"Bj\u00f6rklunds Hage 4H-g\u00e5rd\",\"description\":\"\",\"potentialAction\":[{\"@type\":\"SearchAction\",\"target\":{\"@type\":\"EntryPoint\",\"urlTemplate\":\"https:\\\/\\\/www.4h.se\\\/bjorklundshage\\\/?s={search_term_string}\"},\"query-input\":{\"@type\":\"PropertyValueSpecification\",\"valueRequired\":true,\"valueName\":\"search_term_string\"}}],\"inLanguage\":\"sv-SE\"}]}<\/script>\n<!-- \/ Yoast SEO plugin. -->","yoast_head_json":{"title":"Bin - Bj\u00f6rklunds Hage 4H-g\u00e5rd","robots":{"index":"index","follow":"follow","max-snippet":"max-snippet:-1","max-image-preview":"max-image-preview:large","max-video-preview":"max-video-preview:-1"},"canonical":"https:\/\/www.4h.se\/bjorklundshage\/bin\/","og_locale":"sv_SE","og_type":"article","og_title":"Bin - Bj\u00f6rklunds Hage 4H-g\u00e5rd","og_description":"[vc_row][vc_column width=&#8221;1\/4&#8243;][vc_single_image image=&#8221;800&#8243; img_size=&#8221;medium&#8221; alignment=&#8221;center&#8221; style=&#8221;vc_box_circle_2&#8243;][\/vc_column][vc_column width=&#8221;1\/2&#8243;][vc_column_text] Bina P\u00e5 Bj\u00f6rklunds hage har vi tre bikupor. Dessa \u00e4r placerade i f\u00e5rens vinterhagen uppe p\u00e5 fornkullen. Du kan se dem fr\u00e5n parkv\u00e4gen. [\/vc_column_text][\/vc_column][vc_column width=&#8221;1\/4&#8243;][vc_single_image image=&#8221;799&#8243; img_size=&#8221;full&#8221; alignment=&#8221;center&#8221; style=&#8221;vc_box_circle_2&#8243;][\/vc_column][\/vc_row][vc_row][vc_column width=&#8221;1\/3&#8243;][vc_column_text] Bikupan Bikupa kallas bostaden som biodlaren ger sina bisamh\u00e4llen.\u00a0I naturen lever honungsbin oftast i ih\u00e5liga tr\u00e4d d\u00e4r de&nbsp; &hellip; Read more","og_url":"https:\/\/www.4h.se\/bjorklundshage\/bin\/","og_site_name":"Bj\u00f6rklunds Hage 4H-g\u00e5rd","article_modified_time":"2022-09-19T20:41:50+00:00","twitter_card":"summary_large_image","twitter_misc":{"Ber\u00e4knad l\u00e4stid":"3 minuter"},"schema":{"@context":"https:\/\/schema.org","@graph":[{"@type":"WebPage","@id":"https:\/\/www.4h.se\/bjorklundshage\/bin\/","url":"https:\/\/www.4h.se\/bjorklundshage\/bin\/","name":"Bin - Bj\u00f6rklunds Hage 4H-g\u00e5rd","isPartOf":{"@id":"https:\/\/www.4h.se\/bjorklundshage\/#website"},"datePublished":"2021-06-30T12:39:21+00:00","dateModified":"2022-09-19T20:41:50+00:00","breadcrumb":{"@id":"https:\/\/www.4h.se\/bjorklundshage\/bin\/#breadcrumb"},"inLanguage":"sv-SE","potentialAction":[{"@type":"ReadAction","target":["https:\/\/www.4h.se\/bjorklundshage\/bin\/"]}]},{"@type":"BreadcrumbList","@id":"https:\/\/www.4h.se\/bjorklundshage\/bin\/#breadcrumb","itemListElement":[{"@type":"ListItem","position":1,"name":"Hem","item":"https:\/\/www.4h.se\/bjorklundshage\/"},{"@type":"ListItem","position":2,"name":"Bin"}]},{"@type":"WebSite","@id":"https:\/\/www.4h.se\/bjorklundshage\/#website","url":"https:\/\/www.4h.se\/bjorklundshage\/","name":"Bj\u00f6rklunds Hage 4H-g\u00e5rd","description":"","potentialAction":[{"@type":"SearchAction","target":{"@type":"EntryPoint","urlTemplate":"https:\/\/www.4h.se\/bjorklundshage\/?s={search_term_string}"},"query-input":{"@type":"PropertyValueSpecification","valueRequired":true,"valueName":"search_term_string"}}],"inLanguage":"sv-SE"}]}},"_links":{"self":[{"href":"https:\/\/www.4h.se\/bjorklundshage\/wp-json\/wp\/v2\/pages\/701","targetHints":{"allow":["GET"]}}],"collection":[{"href":"https:\/\/www.4h.se\/bjorklundshage\/wp-json\/wp\/v2\/pages"}],"about":[{"href":"https:\/\/www.4h.se\/bjorklundshage\/wp-json\/wp\/v2\/types\/page"}],"author":[{"embeddable":true,"href":"https:\/\/www.4h.se\/bjorklundshage\/wp-json\/wp\/v2\/users\/137"}],"replies":[{"embeddable":true,"href":"https:\/\/www.4h.se\/bjorklundshage\/wp-json\/wp\/v2\/comments?post=701"}],"version-history":[{"count":0,"href":"https:\/\/www.4h.se\/bjorklundshage\/wp-json\/wp\/v2\/pages\/701\/revisions"}],"wp:attachment":[{"href":"https:\/\/www.4h.se\/bjorklundshage\/wp-json\/wp\/v2\/media?parent=701"}],"curies":[{"name":"wp","href":"https:\/\/api.w.org\/{rel}","templated":true}]}}