



{"id":693,"date":"2021-06-29T16:07:55","date_gmt":"2021-06-29T14:07:55","guid":{"rendered":"https:\/\/www.4h.se\/bjorklundshage\/?page_id=693"},"modified":"2023-08-06T20:37:09","modified_gmt":"2023-08-06T18:37:09","slug":"gardsbutik","status":"publish","type":"page","link":"https:\/\/www.4h.se\/bjorklundshage\/gardsbutik\/","title":{"rendered":"G\u00e5rdsbutik"},"content":{"rendered":"<div class=\"wpb-content-wrapper\"><p>[vc_row][vc_column width=&#8221;1\/4&#8243;][\/vc_column][vc_column width=&#8221;1\/2&#8243;][vc_column_text]<\/p>\n<h1 style=\"text-align: center\"><span style=\"color: #006340\">V\u00e5r\u00a0g\u00e5rdsbutik<\/span><\/h1>\n<p style=\"text-align: center\">H\u00e4r finner ni lite blandat fr\u00e5n\u00a0bland annat v\u00e5ra djur, men ocks\u00e5 exempelvis h\u00f6 och sp\u00e5n. Pengarna fr\u00e5n v\u00e5r 4H-shop g\u00e5r oavkortat till djuren och v\u00e5r verksamhet.<\/p>\n<p style=\"text-align: center\"><strong>Kontakt oss p\u00e5<\/strong>: <a href=\"mailto:bjorklundshage@4h.se\">bjorklundshage@4h.se<\/a><\/p>\n<p>[\/vc_column_text][\/vc_column][vc_column width=&#8221;1\/4&#8243;][\/vc_column][\/vc_row][vc_row][vc_column width=&#8221;1\/3&#8243;][vc_single_image image=&#8221;763&#8243; img_size=&#8221;300 x 300&#8243; alignment=&#8221;center&#8221; style=&#8221;vc_box_rounded&#8221; title=&#8221;Hemmagjord fl\u00e4dersaft&#8221;][vc_column_text]<span style=\"color: #000000\">Fl\u00e4dersaften \u00e4r gjord p\u00e5\u00a0fl\u00e4d<\/span>er som v\u00e4xer i parken runt v\u00e5r g\u00e5rd. Den \u00e4r plockad och saftad av v\u00e5r personal p\u00e5 g\u00e5rden. Varmt v\u00e4lkomna!<\/p>\n<p><strong>Pris<\/strong>: 50 kronor\/flaska<\/p>\n<p><strong>K\u00f6pes<\/strong>: I v\u00e5rt caf\u00e9[\/vc_column_text][\/vc_column][vc_column width=&#8221;1\/3&#8243;][vc_single_image image=&#8221;704&#8243; img_size=&#8221;300 x 300&#8243; alignment=&#8221;center&#8221; style=&#8221;vc_box_rounded&#8221; title=&#8221;G\u00e5rds\u00e4gg&#8221;][vc_column_text]\u00c4gg fr\u00e5n v\u00e5ra \u00f6l\u00e4ndska dv\u00e4rgh\u00f6ns. Just nu s\u00e4ljer vi inte \u00e4gg p\u00e5 g\u00e5rden.[\/vc_column_text][\/vc_column][vc_column width=&#8221;1\/3&#8243;][vc_single_image image=&#8221;705&#8243; img_size=&#8221;300 x 300&#8243; alignment=&#8221;center&#8221; style=&#8221;vc_box_rounded&#8221; title=&#8221;Honung&#8221;][vc_column_text]Obehandlad honung fr\u00e5n v\u00e5r big\u00e5rd i f\u00e5rens vinterhage. Flytande honung finns under sommaren och tidig h\u00f6st och fast honung under hela \u00e5ret.<\/p>\n<p><strong>Pris<\/strong>: 130 kronor\/500 gram<\/p>\n<p><strong>K\u00f6pes<\/strong>: I v\u00e5r caf\u00e9.[\/vc_column_text][\/vc_column][\/vc_row][vc_row][vc_column width=&#8221;1\/3&#8243;][vc_single_image image=&#8221;709&#8243; img_size=&#8221;300 x 300&#8243; alignment=&#8221;center&#8221; style=&#8221;vc_box_rounded&#8221; title=&#8221;Foder och str\u00f6&#8221;][vc_row_inner][vc_column_inner width=&#8221;1\/2&#8243;][vc_column_text]<strong>Halm:<\/strong><\/p>\n<p>Ej f\u00f6rs\u00e4ljning just nu<\/p>\n<p><strong>H\u00f6:<br \/>\n<\/strong>Ej f\u00f6rs\u00e4ljning just nu<\/p>\n<p><strong>Sp\u00e5n:<\/strong><\/p>\n<p>Ej f\u00f6rs\u00e4ljning just nu<\/p>\n<p><strong>Pellets:<\/strong><\/p>\n<p>30 kr\/kg<\/p>\n<p><strong>K\u00f6pes:<\/strong><\/p>\n<p>Vi finns p\u00e5 g\u00e5rden p\u00e5 vardagar 9-16, eller s\u00e5 h\u00f6r ni av er via mail:\u00a0<a href=\"mailto:bjorklundshage@4h.se\">bjorklundshage@4h.se<\/a>[\/vc_column_text][\/vc_column_inner][vc_column_inner width=&#8221;1\/2&#8243;][\/vc_column_inner][\/vc_row_inner][\/vc_column][vc_column width=&#8221;1\/3&#8243;][\/vc_column][vc_column width=&#8221;1\/3&#8243;][\/vc_column][\/vc_row]<\/p>\n<\/div>","protected":false},"excerpt":{"rendered":"<p>[vc_row][vc_column width=&#8221;1\/4&#8243;][\/vc_column][vc_column width=&#8221;1\/2&#8243;][vc_column_text] V\u00e5r\u00a0g\u00e5rdsbutik H\u00e4r finner ni lite blandat fr\u00e5n\u00a0bland annat v\u00e5ra djur, men ocks\u00e5 exempelvis h\u00f6 och sp\u00e5n. Pengarna fr\u00e5n v\u00e5r 4H-shop g\u00e5r oavkortat till djuren och v\u00e5r verksamhet. Kontakt oss p\u00e5: bjorklundshage@4h.se [\/vc_column_text][\/vc_column][vc_column width=&#8221;1\/4&#8243;][\/vc_column][\/vc_row][vc_row][vc_column width=&#8221;1\/3&#8243;][vc_single_image image=&#8221;763&#8243; img_size=&#8221;300 x 300&#8243; alignment=&#8221;center&#8221; style=&#8221;vc_box_rounded&#8221; title=&#8221;Hemmagjord fl\u00e4dersaft&#8221;][vc_column_text]Fl\u00e4dersaften \u00e4r gjord p\u00e5\u00a0fl\u00e4der som v\u00e4xer i parken runt v\u00e5r g\u00e5rd.&nbsp; <a href=\"https:\/\/www.4h.se\/bjorklundshage\/gardsbutik\/\">&hellip; Read more <i class=\"glyphicon glyphicon-arrow-right\"><\/i><\/a><\/p>\n","protected":false},"author":137,"featured_media":0,"parent":0,"menu_order":0,"comment_status":"closed","ping_status":"closed","template":"","meta":{"_acf_changed":false,"footnotes":""},"class_list":["post-693","page","type-page","status-publish","hentry"],"acf":[],"yoast_head":"<!-- This site is optimized with the Yoast SEO plugin v27.5 - https:\/\/yoast.com\/product\/yoast-seo-wordpress\/ -->\n<title>G\u00e5rdsbutik - Bj\u00f6rklunds Hage 4H-g\u00e5rd<\/title>\n<meta name=\"robots\" content=\"index, follow, max-snippet:-1, max-image-preview:large, max-video-preview:-1\" \/>\n<link rel=\"canonical\" href=\"https:\/\/www.4h.se\/bjorklundshage\/gardsbutik\/\" \/>\n<meta property=\"og:locale\" content=\"sv_SE\" \/>\n<meta property=\"og:type\" content=\"article\" \/>\n<meta property=\"og:title\" content=\"G\u00e5rdsbutik - Bj\u00f6rklunds Hage 4H-g\u00e5rd\" \/>\n<meta property=\"og:description\" content=\"[vc_row][vc_column width=&#8221;1\/4&#8243;][\/vc_column][vc_column width=&#8221;1\/2&#8243;][vc_column_text] V\u00e5r\u00a0g\u00e5rdsbutik H\u00e4r finner ni lite blandat fr\u00e5n\u00a0bland annat v\u00e5ra djur, men ocks\u00e5 exempelvis h\u00f6 och sp\u00e5n. Pengarna fr\u00e5n v\u00e5r 4H-shop g\u00e5r oavkortat till djuren och v\u00e5r verksamhet. Kontakt oss p\u00e5: bjorklundshage@4h.se [\/vc_column_text][\/vc_column][vc_column width=&#8221;1\/4&#8243;][\/vc_column][\/vc_row][vc_row][vc_column width=&#8221;1\/3&#8243;][vc_single_image image=&#8221;763&#8243; img_size=&#8221;300 x 300&#8243; alignment=&#8221;center&#8221; style=&#8221;vc_box_rounded&#8221; title=&#8221;Hemmagjord fl\u00e4dersaft&#8221;][vc_column_text]Fl\u00e4dersaften \u00e4r gjord p\u00e5\u00a0fl\u00e4der som v\u00e4xer i parken runt v\u00e5r g\u00e5rd.&nbsp; &hellip; Read more\" \/>\n<meta property=\"og:url\" content=\"https:\/\/www.4h.se\/bjorklundshage\/gardsbutik\/\" \/>\n<meta property=\"og:site_name\" content=\"Bj\u00f6rklunds Hage 4H-g\u00e5rd\" \/>\n<meta property=\"article:modified_time\" content=\"2023-08-06T18:37:09+00:00\" \/>\n<meta name=\"twitter:card\" content=\"summary_large_image\" \/>\n<meta name=\"twitter:label1\" content=\"Ber\u00e4knad l\u00e4stid\" \/>\n\t<meta name=\"twitter:data1\" content=\"2 minuter\" \/>\n<script type=\"application\/ld+json\" class=\"yoast-schema-graph\">{\"@context\":\"https:\\\/\\\/schema.org\",\"@graph\":[{\"@type\":\"WebPage\",\"@id\":\"https:\\\/\\\/www.4h.se\\\/bjorklundshage\\\/gardsbutik\\\/\",\"url\":\"https:\\\/\\\/www.4h.se\\\/bjorklundshage\\\/gardsbutik\\\/\",\"name\":\"G\u00e5rdsbutik - Bj\u00f6rklunds Hage 4H-g\u00e5rd\",\"isPartOf\":{\"@id\":\"https:\\\/\\\/www.4h.se\\\/bjorklundshage\\\/#website\"},\"datePublished\":\"2021-06-29T14:07:55+00:00\",\"dateModified\":\"2023-08-06T18:37:09+00:00\",\"breadcrumb\":{\"@id\":\"https:\\\/\\\/www.4h.se\\\/bjorklundshage\\\/gardsbutik\\\/#breadcrumb\"},\"inLanguage\":\"sv-SE\",\"potentialAction\":[{\"@type\":\"ReadAction\",\"target\":[\"https:\\\/\\\/www.4h.se\\\/bjorklundshage\\\/gardsbutik\\\/\"]}]},{\"@type\":\"BreadcrumbList\",\"@id\":\"https:\\\/\\\/www.4h.se\\\/bjorklundshage\\\/gardsbutik\\\/#breadcrumb\",\"itemListElement\":[{\"@type\":\"ListItem\",\"position\":1,\"name\":\"Hem\",\"item\":\"https:\\\/\\\/www.4h.se\\\/bjorklundshage\\\/\"},{\"@type\":\"ListItem\",\"position\":2,\"name\":\"G\u00e5rdsbutik\"}]},{\"@type\":\"WebSite\",\"@id\":\"https:\\\/\\\/www.4h.se\\\/bjorklundshage\\\/#website\",\"url\":\"https:\\\/\\\/www.4h.se\\\/bjorklundshage\\\/\",\"name\":\"Bj\u00f6rklunds Hage 4H-g\u00e5rd\",\"description\":\"\",\"potentialAction\":[{\"@type\":\"SearchAction\",\"target\":{\"@type\":\"EntryPoint\",\"urlTemplate\":\"https:\\\/\\\/www.4h.se\\\/bjorklundshage\\\/?s={search_term_string}\"},\"query-input\":{\"@type\":\"PropertyValueSpecification\",\"valueRequired\":true,\"valueName\":\"search_term_string\"}}],\"inLanguage\":\"sv-SE\"}]}<\/script>\n<!-- \/ Yoast SEO plugin. -->","yoast_head_json":{"title":"G\u00e5rdsbutik - Bj\u00f6rklunds Hage 4H-g\u00e5rd","robots":{"index":"index","follow":"follow","max-snippet":"max-snippet:-1","max-image-preview":"max-image-preview:large","max-video-preview":"max-video-preview:-1"},"canonical":"https:\/\/www.4h.se\/bjorklundshage\/gardsbutik\/","og_locale":"sv_SE","og_type":"article","og_title":"G\u00e5rdsbutik - Bj\u00f6rklunds Hage 4H-g\u00e5rd","og_description":"[vc_row][vc_column width=&#8221;1\/4&#8243;][\/vc_column][vc_column width=&#8221;1\/2&#8243;][vc_column_text] V\u00e5r\u00a0g\u00e5rdsbutik H\u00e4r finner ni lite blandat fr\u00e5n\u00a0bland annat v\u00e5ra djur, men ocks\u00e5 exempelvis h\u00f6 och sp\u00e5n. Pengarna fr\u00e5n v\u00e5r 4H-shop g\u00e5r oavkortat till djuren och v\u00e5r verksamhet. Kontakt oss p\u00e5: bjorklundshage@4h.se [\/vc_column_text][\/vc_column][vc_column width=&#8221;1\/4&#8243;][\/vc_column][\/vc_row][vc_row][vc_column width=&#8221;1\/3&#8243;][vc_single_image image=&#8221;763&#8243; img_size=&#8221;300 x 300&#8243; alignment=&#8221;center&#8221; style=&#8221;vc_box_rounded&#8221; title=&#8221;Hemmagjord fl\u00e4dersaft&#8221;][vc_column_text]Fl\u00e4dersaften \u00e4r gjord p\u00e5\u00a0fl\u00e4der som v\u00e4xer i parken runt v\u00e5r g\u00e5rd.&nbsp; &hellip; Read more","og_url":"https:\/\/www.4h.se\/bjorklundshage\/gardsbutik\/","og_site_name":"Bj\u00f6rklunds Hage 4H-g\u00e5rd","article_modified_time":"2023-08-06T18:37:09+00:00","twitter_card":"summary_large_image","twitter_misc":{"Ber\u00e4knad l\u00e4stid":"2 minuter"},"schema":{"@context":"https:\/\/schema.org","@graph":[{"@type":"WebPage","@id":"https:\/\/www.4h.se\/bjorklundshage\/gardsbutik\/","url":"https:\/\/www.4h.se\/bjorklundshage\/gardsbutik\/","name":"G\u00e5rdsbutik - Bj\u00f6rklunds Hage 4H-g\u00e5rd","isPartOf":{"@id":"https:\/\/www.4h.se\/bjorklundshage\/#website"},"datePublished":"2021-06-29T14:07:55+00:00","dateModified":"2023-08-06T18:37:09+00:00","breadcrumb":{"@id":"https:\/\/www.4h.se\/bjorklundshage\/gardsbutik\/#breadcrumb"},"inLanguage":"sv-SE","potentialAction":[{"@type":"ReadAction","target":["https:\/\/www.4h.se\/bjorklundshage\/gardsbutik\/"]}]},{"@type":"BreadcrumbList","@id":"https:\/\/www.4h.se\/bjorklundshage\/gardsbutik\/#breadcrumb","itemListElement":[{"@type":"ListItem","position":1,"name":"Hem","item":"https:\/\/www.4h.se\/bjorklundshage\/"},{"@type":"ListItem","position":2,"name":"G\u00e5rdsbutik"}]},{"@type":"WebSite","@id":"https:\/\/www.4h.se\/bjorklundshage\/#website","url":"https:\/\/www.4h.se\/bjorklundshage\/","name":"Bj\u00f6rklunds Hage 4H-g\u00e5rd","description":"","potentialAction":[{"@type":"SearchAction","target":{"@type":"EntryPoint","urlTemplate":"https:\/\/www.4h.se\/bjorklundshage\/?s={search_term_string}"},"query-input":{"@type":"PropertyValueSpecification","valueRequired":true,"valueName":"search_term_string"}}],"inLanguage":"sv-SE"}]}},"_links":{"self":[{"href":"https:\/\/www.4h.se\/bjorklundshage\/wp-json\/wp\/v2\/pages\/693","targetHints":{"allow":["GET"]}}],"collection":[{"href":"https:\/\/www.4h.se\/bjorklundshage\/wp-json\/wp\/v2\/pages"}],"about":[{"href":"https:\/\/www.4h.se\/bjorklundshage\/wp-json\/wp\/v2\/types\/page"}],"author":[{"embeddable":true,"href":"https:\/\/www.4h.se\/bjorklundshage\/wp-json\/wp\/v2\/users\/137"}],"replies":[{"embeddable":true,"href":"https:\/\/www.4h.se\/bjorklundshage\/wp-json\/wp\/v2\/comments?post=693"}],"version-history":[{"count":0,"href":"https:\/\/www.4h.se\/bjorklundshage\/wp-json\/wp\/v2\/pages\/693\/revisions"}],"wp:attachment":[{"href":"https:\/\/www.4h.se\/bjorklundshage\/wp-json\/wp\/v2\/media?parent=693"}],"curies":[{"name":"wp","href":"https:\/\/api.w.org\/{rel}","templated":true}]}}