



{"id":494,"date":"2018-06-02T13:20:56","date_gmt":"2018-06-02T11:20:56","guid":{"rendered":"http:\/\/www.4h.se\/bjorklundshage\/?page_id=494"},"modified":"2025-09-12T19:34:36","modified_gmt":"2025-09-12T17:34:36","slug":"helgskotare","status":"publish","type":"page","link":"https:\/\/www.4h.se\/bjorklundshage\/helgskotare\/","title":{"rendered":"Helgsk\u00f6tare"},"content":{"rendered":"<div class=\"wpb-content-wrapper\"><p>[vc_row][vc_column width=&#8221;1\/6&#8243;][vc_empty_space][vc_empty_space][vc_single_image image=&#8221;782&#8243; img_size=&#8221;full&#8221; style=&#8221;vc_box_circle_2&#8243;][\/vc_column][vc_column width=&#8221;2\/3&#8243;][vc_column_text css=&#8221;&#8221;]<\/p>\n<h1 style=\"text-align: center;\"><span style=\"color: #006340;\">Att vara Volont\u00e4r hos oss<\/span><\/h1>\n<p>[\/vc_column_text][vc_column_text css=&#8221;&#8221;]<\/p>\n<p style=\"text-align: center;\">Att vara volont\u00e4r hos oss inneb\u00e4r att du \u00e4r p\u00e5 g\u00e5rden p\u00e5 helgerna och hj\u00e4lper oss att ta hand om djuren. F\u00f6r att bli volont\u00e4r beh\u00f6ver du g\u00e5 v\u00e5r helgsk\u00f6tarkurs. D\u00e4r l\u00e4r du dig v\u00e5ra rutiner, hur man ska vara runt djuren och hur just v\u00e5ra djur \u00e4r. Du tr\u00e4ffar andra volont\u00e4rer och oss i personalen och f\u00e5r vara en del av 4H. Helgsk\u00f6tarkurserna h\u00e5ller vi n\u00e5gra g\u00e5nger per \u00e5r och du \u00e4r varmt v\u00e4lkommen att maila oss om du \u00e4r intresserad av att veta mer.<\/p>\n<p style=\"text-align: center;\"><strong>Mail<\/strong>: <a href=\"mailto:bjorklundshage@4h.se\">bjorklundshage@4h.se<\/a><\/p>\n<p>[\/vc_column_text][\/vc_column][vc_column width=&#8221;1\/6&#8243;][vc_empty_space][vc_empty_space][vc_single_image image=&#8221;690&#8243; img_size=&#8221;full&#8221; style=&#8221;vc_box_circle_2&#8243;][\/vc_column][\/vc_row][vc_row][vc_column width=&#8221;2\/3&#8243;][vc_column_text css=&#8221;&#8221;]<\/p>\n<h4 style=\"text-align: center;\"><span style=\"color: #006340;\">Volont\u00e4ren Elina ber\u00e4ttar<\/span><\/h4>\n<p style=\"text-align: center;\">En ber\u00e4ttelse fr\u00e5n Elina som med sin familj har tagit hand om djuren p\u00e5 g\u00e5rden&nbsp;under helger och h\u00f6gtider i flera \u00e5r.&nbsp;Hon har \u00e4ven suttit med i styrelsen f\u00f6r g\u00e5rden under flera \u00e5r och varit med och hj\u00e4lp till p\u00e5 g\u00e5rdsevenemang.<\/p>\n<p>[\/vc_column_text][\/vc_column][vc_column width=&#8221;1\/3&#8243;][\/vc_column][\/vc_row][vc_row][vc_column width=&#8221;3\/4&#8243; css=&#8221;.vc_custom_1685478508280{border-top-width: 5px !important;border-right-width: 5px !important;border-bottom-width: 5px !important;border-left-width: 5px !important;padding-top: 5px !important;background-color: #ffffff !important;border-left-color: #006340 !important;border-left-style: double !important;border-right-color: #006340 !important;border-right-style: double !important;border-top-color: #006340 !important;border-top-style: double !important;border-bottom-color: #006340 !important;border-bottom-style: double !important;border-radius: 4px !important;}&#8221;][vc_column_text css=&#8221;.vc_custom_1757698471398{margin-top: 5px !important;background-color: rgba(255,255,255,0.01) !important;*background-color: rgb(255,255,255) !important;}&#8221;]<\/p>\n<h3 style=\"text-align: left;\">Hej,<\/h3>\n<p style=\"text-align: left;\">Jag och min familj (man och tv\u00e5 barn) blev volont\u00e4rer f\u00f6r 10 \u00e5r sedan. Barnen var d\u00e5 8 m\u00e5nader och 2,5 \u00e5r gamla. I b\u00f6rjan hade vi hj\u00e4lp av mina f\u00f6r\u00e4ldrar f\u00f6r att \u00f6verhuvudtaget f\u00e5 n\u00e5got gjort med djuren. Nu har barnen hunnit bli r\u00e4tt stora och de \u00e4r g\u00e4rna med och hj\u00e4lper till med djuren men ibland lockar lekparken och kaf\u00e9et mer. D\u00e5 f\u00e5r en av oss vuxna g\u00e5 med barnen medan den andra forts\u00e4tter med djuren.<\/p>\n<p style=\"text-align: left;\"><strong>Tidigare djurvana<\/strong><\/p>\n<p style=\"text-align: left;\">B\u00e5de jag och min man hade mycket djurvana sedan tidigare i och med att jag \u00e4r husdjursagronom och han veterin\u00e4r uppvuxen p\u00e5 en g\u00e5rd. Det \u00e4r dock inget krav att man har djurvana utan det r\u00e4cker med att man \u00e4r intresserad av att l\u00e4ra sig och f\u00f6rst\u00e5r att det \u00e4r ett ansvar man tar p\u00e5 sig.<\/p>\n<p style=\"text-align: left;\"><strong>Introduktion och passbokning<\/strong><\/p>\n<p style=\"text-align: left;\">Vi b\u00f6rjade helgsk\u00f6teriet med att vara med under tv\u00e5 introduktionspass. Under ett f\u00f6rmiddags- och ett eftermiddags\u00adpass gick vi med en erfaren volont\u00e4r f\u00f6r att l\u00e4ra oss alla rutiner och arbetsuppgifter. D\u00e4refter kunde vi b\u00f6rja boka in oss p\u00e5 egna pass. Bokningen g\u00f6r man via en app och man v\u00e4ljer sj\u00e4lv hur m\u00e5nga pass man vill ha. Vi brukar dock sikta p\u00e5 att ta ungef\u00e4r tv\u00e5 pass per m\u00e5nad.<\/p>\n<p style=\"text-align: left;\"><strong>F\u00f6rmiddags- och eftermiddagspass<\/strong><\/p>\n<p style=\"text-align: left;\">Man har antingen f\u00f6rmiddags- eller eftermiddagspass. Har man f\u00f6rmiddagspass sl\u00e4pper man ut djuren, ger dem frukost och lunch samt mockar rent i boxar och burar. Har man eftermiddagspass tar man in djuren och ger dem kv\u00e4llsmat. I alla pass ing\u00e5r \u00e4ven att h\u00e5lla rent och fint och se till s\u00e5 att djuren m\u00e5r bra. Man f\u00e5r g\u00e4rna passa p\u00e5 att gosa med djuren ocks\u00e5. Under passen anv\u00e4nder man en checklista d\u00e4r alla arbetsuppgifter som ska genomf\u00f6ras finns med. Eventuella fr\u00e5gor st\u00e4ller man enkelt i v\u00e5r helgsk\u00f6tarchat, eller om det \u00e4r n\u00e5got mer akut kan man kontakta g\u00e5rdens journummer.<\/p>\n<p style=\"text-align: left;\"><strong>Styrelsen <\/strong><\/p>\n<p style=\"text-align: left;\">Eftersom jag ville engagera mig lite mer i g\u00e5rdens verksamhet valde jag att g\u00e5 med i styrelsen. F\u00f6rst som ledamot och sedan som sekreterare. Som styrelsemedlem \u00e4r jag med och best\u00e4mmer vad som ska h\u00e4nda p\u00e5 g\u00e5rden, anordnar g\u00e5rdsfester m.m.<\/p>\n<p style=\"text-align: left;\">B\u00e5de min man och jag uppskattar verkligen v\u00e5r helgsyssels\u00e4ttning. Vi har inga egna husdjur men som helgsk\u00f6tare f\u00e5r vi \u00e4nd\u00e5 sk\u00f6ta och umg\u00e5s med djur. Vi ser det \u00e4ven som en f\u00f6rm\u00e5n att kunna l\u00e5ta v\u00e5ra barn f\u00e5 v\u00e4xa upp tillsammans med alla dessa h\u00e4rliga djur!<\/p>\n<h4 style=\"text-align: left;\">H\u00e4lsningar,<\/h4>\n<h4 style=\"text-align: left;\">Elina med familj<\/h4>\n<p>[\/vc_column_text][\/vc_column][vc_column width=&#8221;1\/4&#8243;][vc_single_image image=&#8221;560&#8243; img_size=&#8221;full&#8221;][vc_single_image image=&#8221;562&#8243; img_size=&#8221;full&#8221;][vc_single_image image=&#8221;561&#8243; img_size=&#8221;full&#8221;][\/vc_column][\/vc_row]<\/p>\n<\/div>","protected":false},"excerpt":{"rendered":"<p>[vc_row][vc_column width=&#8221;1\/6&#8243;][vc_empty_space][vc_empty_space][vc_single_image image=&#8221;782&#8243; img_size=&#8221;full&#8221; style=&#8221;vc_box_circle_2&#8243;][\/vc_column][vc_column width=&#8221;2\/3&#8243;][vc_column_text css=&#8221;&#8221;] Att vara Volont\u00e4r hos oss [\/vc_column_text][vc_column_text css=&#8221;&#8221;] Att vara volont\u00e4r hos oss inneb\u00e4r att du \u00e4r p\u00e5 g\u00e5rden p\u00e5 helgerna och hj\u00e4lper oss att ta hand om djuren. F\u00f6r att bli volont\u00e4r beh\u00f6ver du g\u00e5 v\u00e5r helgsk\u00f6tarkurs. D\u00e4r l\u00e4r du dig v\u00e5ra rutiner, hur man ska vara runt&nbsp; <a href=\"https:\/\/www.4h.se\/bjorklundshage\/helgskotare\/\">&hellip; Read more <i class=\"glyphicon glyphicon-arrow-right\"><\/i><\/a><\/p>\n","protected":false},"author":124,"featured_media":0,"parent":0,"menu_order":0,"comment_status":"closed","ping_status":"closed","template":"","meta":{"_acf_changed":false,"footnotes":""},"class_list":["post-494","page","type-page","status-publish","hentry"],"acf":[],"yoast_head":"<!-- This site is optimized with the Yoast SEO plugin v27.5 - https:\/\/yoast.com\/product\/yoast-seo-wordpress\/ -->\n<title>Helgsk\u00f6tare - Bj\u00f6rklunds Hage 4H-g\u00e5rd<\/title>\n<meta name=\"robots\" content=\"index, follow, max-snippet:-1, max-image-preview:large, max-video-preview:-1\" \/>\n<link rel=\"canonical\" href=\"https:\/\/www.4h.se\/bjorklundshage\/helgskotare\/\" \/>\n<meta property=\"og:locale\" content=\"sv_SE\" \/>\n<meta property=\"og:type\" content=\"article\" \/>\n<meta property=\"og:title\" content=\"Helgsk\u00f6tare - Bj\u00f6rklunds Hage 4H-g\u00e5rd\" \/>\n<meta property=\"og:description\" content=\"[vc_row][vc_column width=&#8221;1\/6&#8243;][vc_empty_space][vc_empty_space][vc_single_image image=&#8221;782&#8243; img_size=&#8221;full&#8221; style=&#8221;vc_box_circle_2&#8243;][\/vc_column][vc_column width=&#8221;2\/3&#8243;][vc_column_text css=&#8221;&#8221;] Att vara Volont\u00e4r hos oss [\/vc_column_text][vc_column_text css=&#8221;&#8221;] Att vara volont\u00e4r hos oss inneb\u00e4r att du \u00e4r p\u00e5 g\u00e5rden p\u00e5 helgerna och hj\u00e4lper oss att ta hand om djuren. F\u00f6r att bli volont\u00e4r beh\u00f6ver du g\u00e5 v\u00e5r helgsk\u00f6tarkurs. D\u00e4r l\u00e4r du dig v\u00e5ra rutiner, hur man ska vara runt&nbsp; &hellip; Read more\" \/>\n<meta property=\"og:url\" content=\"https:\/\/www.4h.se\/bjorklundshage\/helgskotare\/\" \/>\n<meta property=\"og:site_name\" content=\"Bj\u00f6rklunds Hage 4H-g\u00e5rd\" \/>\n<meta property=\"article:modified_time\" content=\"2025-09-12T17:34:36+00:00\" \/>\n<meta name=\"twitter:card\" content=\"summary_large_image\" \/>\n<meta name=\"twitter:label1\" content=\"Ber\u00e4knad l\u00e4stid\" \/>\n\t<meta name=\"twitter:data1\" content=\"4 minuter\" \/>\n<script type=\"application\/ld+json\" class=\"yoast-schema-graph\">{\"@context\":\"https:\\\/\\\/schema.org\",\"@graph\":[{\"@type\":\"WebPage\",\"@id\":\"https:\\\/\\\/www.4h.se\\\/bjorklundshage\\\/helgskotare\\\/\",\"url\":\"https:\\\/\\\/www.4h.se\\\/bjorklundshage\\\/helgskotare\\\/\",\"name\":\"Helgsk\u00f6tare - Bj\u00f6rklunds Hage 4H-g\u00e5rd\",\"isPartOf\":{\"@id\":\"https:\\\/\\\/www.4h.se\\\/bjorklundshage\\\/#website\"},\"datePublished\":\"2018-06-02T11:20:56+00:00\",\"dateModified\":\"2025-09-12T17:34:36+00:00\",\"breadcrumb\":{\"@id\":\"https:\\\/\\\/www.4h.se\\\/bjorklundshage\\\/helgskotare\\\/#breadcrumb\"},\"inLanguage\":\"sv-SE\",\"potentialAction\":[{\"@type\":\"ReadAction\",\"target\":[\"https:\\\/\\\/www.4h.se\\\/bjorklundshage\\\/helgskotare\\\/\"]}]},{\"@type\":\"BreadcrumbList\",\"@id\":\"https:\\\/\\\/www.4h.se\\\/bjorklundshage\\\/helgskotare\\\/#breadcrumb\",\"itemListElement\":[{\"@type\":\"ListItem\",\"position\":1,\"name\":\"Hem\",\"item\":\"https:\\\/\\\/www.4h.se\\\/bjorklundshage\\\/\"},{\"@type\":\"ListItem\",\"position\":2,\"name\":\"Helgsk\u00f6tare\"}]},{\"@type\":\"WebSite\",\"@id\":\"https:\\\/\\\/www.4h.se\\\/bjorklundshage\\\/#website\",\"url\":\"https:\\\/\\\/www.4h.se\\\/bjorklundshage\\\/\",\"name\":\"Bj\u00f6rklunds Hage 4H-g\u00e5rd\",\"description\":\"\",\"potentialAction\":[{\"@type\":\"SearchAction\",\"target\":{\"@type\":\"EntryPoint\",\"urlTemplate\":\"https:\\\/\\\/www.4h.se\\\/bjorklundshage\\\/?s={search_term_string}\"},\"query-input\":{\"@type\":\"PropertyValueSpecification\",\"valueRequired\":true,\"valueName\":\"search_term_string\"}}],\"inLanguage\":\"sv-SE\"}]}<\/script>\n<!-- \/ Yoast SEO plugin. -->","yoast_head_json":{"title":"Helgsk\u00f6tare - Bj\u00f6rklunds Hage 4H-g\u00e5rd","robots":{"index":"index","follow":"follow","max-snippet":"max-snippet:-1","max-image-preview":"max-image-preview:large","max-video-preview":"max-video-preview:-1"},"canonical":"https:\/\/www.4h.se\/bjorklundshage\/helgskotare\/","og_locale":"sv_SE","og_type":"article","og_title":"Helgsk\u00f6tare - Bj\u00f6rklunds Hage 4H-g\u00e5rd","og_description":"[vc_row][vc_column width=&#8221;1\/6&#8243;][vc_empty_space][vc_empty_space][vc_single_image image=&#8221;782&#8243; img_size=&#8221;full&#8221; style=&#8221;vc_box_circle_2&#8243;][\/vc_column][vc_column width=&#8221;2\/3&#8243;][vc_column_text css=&#8221;&#8221;] Att vara Volont\u00e4r hos oss [\/vc_column_text][vc_column_text css=&#8221;&#8221;] Att vara volont\u00e4r hos oss inneb\u00e4r att du \u00e4r p\u00e5 g\u00e5rden p\u00e5 helgerna och hj\u00e4lper oss att ta hand om djuren. F\u00f6r att bli volont\u00e4r beh\u00f6ver du g\u00e5 v\u00e5r helgsk\u00f6tarkurs. D\u00e4r l\u00e4r du dig v\u00e5ra rutiner, hur man ska vara runt&nbsp; &hellip; Read more","og_url":"https:\/\/www.4h.se\/bjorklundshage\/helgskotare\/","og_site_name":"Bj\u00f6rklunds Hage 4H-g\u00e5rd","article_modified_time":"2025-09-12T17:34:36+00:00","twitter_card":"summary_large_image","twitter_misc":{"Ber\u00e4knad l\u00e4stid":"4 minuter"},"schema":{"@context":"https:\/\/schema.org","@graph":[{"@type":"WebPage","@id":"https:\/\/www.4h.se\/bjorklundshage\/helgskotare\/","url":"https:\/\/www.4h.se\/bjorklundshage\/helgskotare\/","name":"Helgsk\u00f6tare - Bj\u00f6rklunds Hage 4H-g\u00e5rd","isPartOf":{"@id":"https:\/\/www.4h.se\/bjorklundshage\/#website"},"datePublished":"2018-06-02T11:20:56+00:00","dateModified":"2025-09-12T17:34:36+00:00","breadcrumb":{"@id":"https:\/\/www.4h.se\/bjorklundshage\/helgskotare\/#breadcrumb"},"inLanguage":"sv-SE","potentialAction":[{"@type":"ReadAction","target":["https:\/\/www.4h.se\/bjorklundshage\/helgskotare\/"]}]},{"@type":"BreadcrumbList","@id":"https:\/\/www.4h.se\/bjorklundshage\/helgskotare\/#breadcrumb","itemListElement":[{"@type":"ListItem","position":1,"name":"Hem","item":"https:\/\/www.4h.se\/bjorklundshage\/"},{"@type":"ListItem","position":2,"name":"Helgsk\u00f6tare"}]},{"@type":"WebSite","@id":"https:\/\/www.4h.se\/bjorklundshage\/#website","url":"https:\/\/www.4h.se\/bjorklundshage\/","name":"Bj\u00f6rklunds Hage 4H-g\u00e5rd","description":"","potentialAction":[{"@type":"SearchAction","target":{"@type":"EntryPoint","urlTemplate":"https:\/\/www.4h.se\/bjorklundshage\/?s={search_term_string}"},"query-input":{"@type":"PropertyValueSpecification","valueRequired":true,"valueName":"search_term_string"}}],"inLanguage":"sv-SE"}]}},"_links":{"self":[{"href":"https:\/\/www.4h.se\/bjorklundshage\/wp-json\/wp\/v2\/pages\/494","targetHints":{"allow":["GET"]}}],"collection":[{"href":"https:\/\/www.4h.se\/bjorklundshage\/wp-json\/wp\/v2\/pages"}],"about":[{"href":"https:\/\/www.4h.se\/bjorklundshage\/wp-json\/wp\/v2\/types\/page"}],"author":[{"embeddable":true,"href":"https:\/\/www.4h.se\/bjorklundshage\/wp-json\/wp\/v2\/users\/124"}],"replies":[{"embeddable":true,"href":"https:\/\/www.4h.se\/bjorklundshage\/wp-json\/wp\/v2\/comments?post=494"}],"version-history":[{"count":0,"href":"https:\/\/www.4h.se\/bjorklundshage\/wp-json\/wp\/v2\/pages\/494\/revisions"}],"wp:attachment":[{"href":"https:\/\/www.4h.se\/bjorklundshage\/wp-json\/wp\/v2\/media?parent=494"}],"curies":[{"name":"wp","href":"https:\/\/api.w.org\/{rel}","templated":true}]}}