



{"id":475,"date":"2018-06-01T22:02:45","date_gmt":"2018-06-01T20:02:45","guid":{"rendered":"http:\/\/www.4h.se\/bjorklundshage\/?page_id=475"},"modified":"2025-01-26T17:56:42","modified_gmt":"2025-01-26T16:56:42","slug":"styrelsen","status":"publish","type":"page","link":"https:\/\/www.4h.se\/bjorklundshage\/styrelsen\/","title":{"rendered":"Styrelsen"},"content":{"rendered":"<div class=\"wpb-content-wrapper\"><p>[vc_row][vc_column width=&#8221;1\/4&#8243;][vc_single_image image=&#8221;666&#8243; img_size=&#8221;full&#8221; alignment=&#8221;center&#8221; style=&#8221;vc_box_border&#8221;][\/vc_column][vc_column width=&#8221;1\/2&#8243;][vc_column_text css=&#8221;&#8221;]<\/p>\n<div id=\"block_container_73470293\" class=\"block_container h24_block_heading\">\n<div id=\"block_73470293\">\n<div class=\"small_heading_block\">\n<h1 id=\"block_73470293_text_content\" style=\"text-align: center;\"><span style=\"color: #006340;\">Styrelsen<\/span><\/h1>\n<div><\/div>\n<\/div>\n<\/div>\n<\/div>\n<div id=\"block_container_73470295\" class=\"block_container standard_text_block text_block\">\n<div id=\"block_73470295\">\n<div id=\"block_73470295_text_content\" class=\"text_content\">\n<div dir=\"auto\">4H \u00e4r en ideell barn- och ungdomsorganisation som drivs demokratiskt. V\u00e5r styrelse, best\u00e5ende av engagerade ungdomsledare, helgsk\u00f6tare och andra aktiva medlemmar, hj\u00e4lper till att driva g\u00e5rden. Styrelsen v\u00e4ljs \u00e5rligen p\u00e5 v\u00e5rt \u00e5rsm\u00f6te d\u00e4r alla medlemmar har r\u00f6str\u00e4tt och kan p\u00e5verka!<\/div>\n<h4><span style=\"color: #006340;\">Vi \u00e4r alltid i behov av fler engagerade!<\/span><\/h4>\n<p>Som styrelsemedlem p\u00e5 Bj\u00f6rklunds Hage 4H beh\u00f6ver du vilja utveckla g\u00e5rden och f\u00f6rst\u00e5 att arbetet \u00e4r helt ideellt. Du b\u00f6r ocks\u00e5 vara beredd att ing\u00e5 i en gemenskap d\u00e4r b\u00e5de vuxna och ungdomar jobbar tillsammans samt vara ett st\u00f6d f\u00f6r ungdomarna i styrelsen.<\/p>\n<p>Vill du veta mer om styrelsearbetet? Tveka inte att kontakta oss!<\/p>\n<p>Mail: <a href=\"mailto:bjorklundshage@4h.se\">bjorklundshage@4h.se<\/a><\/p>\n<\/div>\n<\/div>\n<\/div>\n<p>[\/vc_column_text][\/vc_column][vc_column width=&#8221;1\/4&#8243;][vc_single_image image=&#8221;596&#8243; img_size=&#8221;full&#8221; style=&#8221;vc_box_border&#8221;][\/vc_column][\/vc_row][vc_row][vc_column width=&#8221;1\/3&#8243;][vc_column_text]<\/p>\n<h3><span style=\"color: #006340;\">Viktiga dokument<\/span><\/h3>\n<p>Verksamhetsber\u00e4ttelse:<br \/>\n<a href=\"https:\/\/www.4h.se\/bjorklundshage\/wp-content\/uploads\/sites\/99\/2024\/03\/Verksamhetsberattelse-2023-Bjorklunds-Hage-signerat.pdf\">Verksamhetsber\u00e4ttelse 2023 Bj\u00f6rklunds Hage &#8211; signerat<\/a><\/p>\n<p><a href=\"https:\/\/www.4h.se\/bjorklundshage\/wp-content\/uploads\/sites\/99\/2023\/04\/Verksamhetsberattelse-B-2022.pdf\">Verksamhetsber\u00e4ttelse B 2022<\/a><\/p>\n<p>Verksamhetsplan:<br \/>\n<a href=\"https:\/\/www.4h.se\/bjorklundshage\/wp-content\/uploads\/sites\/99\/2024\/03\/Verksamhetsplan-2024.pdf\">Verksamhetsplan 2024<\/a><\/p>\n<p><a href=\"https:\/\/www.4h.se\/bjorklundshage\/wp-content\/uploads\/sites\/99\/2023\/04\/Verksamhetsplan-2023-Bjorkan.pdf\">Verksamhetsplan 2023 Bj\u00f6rkan<\/a>[\/vc_column_text][\/vc_column][vc_column width=&#8221;1\/3&#8243;][\/vc_column][vc_column width=&#8221;1\/3&#8243;][\/vc_column][\/vc_row]<\/p>\n<\/div>","protected":false},"excerpt":{"rendered":"<p>[vc_row][vc_column width=&#8221;1\/4&#8243;][vc_single_image image=&#8221;666&#8243; img_size=&#8221;full&#8221; alignment=&#8221;center&#8221; style=&#8221;vc_box_border&#8221;][\/vc_column][vc_column width=&#8221;1\/2&#8243;][vc_column_text css=&#8221;&#8221;] Styrelsen 4H \u00e4r en ideell barn- och ungdomsorganisation som drivs demokratiskt. V\u00e5r styrelse, best\u00e5ende av engagerade ungdomsledare, helgsk\u00f6tare och andra aktiva medlemmar, hj\u00e4lper till att driva g\u00e5rden. Styrelsen v\u00e4ljs \u00e5rligen p\u00e5 v\u00e5rt \u00e5rsm\u00f6te d\u00e4r alla medlemmar har r\u00f6str\u00e4tt och kan p\u00e5verka! Vi \u00e4r alltid i behov av&nbsp; <a href=\"https:\/\/www.4h.se\/bjorklundshage\/styrelsen\/\">&hellip; Read more <i class=\"glyphicon glyphicon-arrow-right\"><\/i><\/a><\/p>\n","protected":false},"author":121,"featured_media":0,"parent":0,"menu_order":0,"comment_status":"closed","ping_status":"closed","template":"","meta":{"_acf_changed":false,"footnotes":""},"class_list":["post-475","page","type-page","status-publish","hentry"],"acf":[],"yoast_head":"<!-- This site is optimized with the Yoast SEO plugin v27.5 - https:\/\/yoast.com\/product\/yoast-seo-wordpress\/ -->\n<title>Styrelsen - Bj\u00f6rklunds Hage 4H-g\u00e5rd<\/title>\n<meta name=\"robots\" content=\"index, follow, max-snippet:-1, max-image-preview:large, max-video-preview:-1\" \/>\n<link rel=\"canonical\" href=\"https:\/\/www.4h.se\/bjorklundshage\/styrelsen\/\" \/>\n<meta property=\"og:locale\" content=\"sv_SE\" \/>\n<meta property=\"og:type\" content=\"article\" \/>\n<meta property=\"og:title\" content=\"Styrelsen - Bj\u00f6rklunds Hage 4H-g\u00e5rd\" \/>\n<meta property=\"og:description\" content=\"[vc_row][vc_column width=&#8221;1\/4&#8243;][vc_single_image image=&#8221;666&#8243; img_size=&#8221;full&#8221; alignment=&#8221;center&#8221; style=&#8221;vc_box_border&#8221;][\/vc_column][vc_column width=&#8221;1\/2&#8243;][vc_column_text css=&#8221;&#8221;] Styrelsen 4H \u00e4r en ideell barn- och ungdomsorganisation som drivs demokratiskt. V\u00e5r styrelse, best\u00e5ende av engagerade ungdomsledare, helgsk\u00f6tare och andra aktiva medlemmar, hj\u00e4lper till att driva g\u00e5rden. Styrelsen v\u00e4ljs \u00e5rligen p\u00e5 v\u00e5rt \u00e5rsm\u00f6te d\u00e4r alla medlemmar har r\u00f6str\u00e4tt och kan p\u00e5verka! Vi \u00e4r alltid i behov av&nbsp; &hellip; Read more\" \/>\n<meta property=\"og:url\" content=\"https:\/\/www.4h.se\/bjorklundshage\/styrelsen\/\" \/>\n<meta property=\"og:site_name\" content=\"Bj\u00f6rklunds Hage 4H-g\u00e5rd\" \/>\n<meta property=\"article:modified_time\" content=\"2025-01-26T16:56:42+00:00\" \/>\n<meta name=\"twitter:card\" content=\"summary_large_image\" \/>\n<meta name=\"twitter:label1\" content=\"Ber\u00e4knad l\u00e4stid\" \/>\n\t<meta name=\"twitter:data1\" content=\"1 minut\" \/>\n<script type=\"application\/ld+json\" class=\"yoast-schema-graph\">{\"@context\":\"https:\\\/\\\/schema.org\",\"@graph\":[{\"@type\":\"WebPage\",\"@id\":\"https:\\\/\\\/www.4h.se\\\/bjorklundshage\\\/styrelsen\\\/\",\"url\":\"https:\\\/\\\/www.4h.se\\\/bjorklundshage\\\/styrelsen\\\/\",\"name\":\"Styrelsen - Bj\u00f6rklunds Hage 4H-g\u00e5rd\",\"isPartOf\":{\"@id\":\"https:\\\/\\\/www.4h.se\\\/bjorklundshage\\\/#website\"},\"datePublished\":\"2018-06-01T20:02:45+00:00\",\"dateModified\":\"2025-01-26T16:56:42+00:00\",\"breadcrumb\":{\"@id\":\"https:\\\/\\\/www.4h.se\\\/bjorklundshage\\\/styrelsen\\\/#breadcrumb\"},\"inLanguage\":\"sv-SE\",\"potentialAction\":[{\"@type\":\"ReadAction\",\"target\":[\"https:\\\/\\\/www.4h.se\\\/bjorklundshage\\\/styrelsen\\\/\"]}]},{\"@type\":\"BreadcrumbList\",\"@id\":\"https:\\\/\\\/www.4h.se\\\/bjorklundshage\\\/styrelsen\\\/#breadcrumb\",\"itemListElement\":[{\"@type\":\"ListItem\",\"position\":1,\"name\":\"Hem\",\"item\":\"https:\\\/\\\/www.4h.se\\\/bjorklundshage\\\/\"},{\"@type\":\"ListItem\",\"position\":2,\"name\":\"Styrelsen\"}]},{\"@type\":\"WebSite\",\"@id\":\"https:\\\/\\\/www.4h.se\\\/bjorklundshage\\\/#website\",\"url\":\"https:\\\/\\\/www.4h.se\\\/bjorklundshage\\\/\",\"name\":\"Bj\u00f6rklunds Hage 4H-g\u00e5rd\",\"description\":\"\",\"potentialAction\":[{\"@type\":\"SearchAction\",\"target\":{\"@type\":\"EntryPoint\",\"urlTemplate\":\"https:\\\/\\\/www.4h.se\\\/bjorklundshage\\\/?s={search_term_string}\"},\"query-input\":{\"@type\":\"PropertyValueSpecification\",\"valueRequired\":true,\"valueName\":\"search_term_string\"}}],\"inLanguage\":\"sv-SE\"}]}<\/script>\n<!-- \/ Yoast SEO plugin. -->","yoast_head_json":{"title":"Styrelsen - Bj\u00f6rklunds Hage 4H-g\u00e5rd","robots":{"index":"index","follow":"follow","max-snippet":"max-snippet:-1","max-image-preview":"max-image-preview:large","max-video-preview":"max-video-preview:-1"},"canonical":"https:\/\/www.4h.se\/bjorklundshage\/styrelsen\/","og_locale":"sv_SE","og_type":"article","og_title":"Styrelsen - Bj\u00f6rklunds Hage 4H-g\u00e5rd","og_description":"[vc_row][vc_column width=&#8221;1\/4&#8243;][vc_single_image image=&#8221;666&#8243; img_size=&#8221;full&#8221; alignment=&#8221;center&#8221; style=&#8221;vc_box_border&#8221;][\/vc_column][vc_column width=&#8221;1\/2&#8243;][vc_column_text css=&#8221;&#8221;] Styrelsen 4H \u00e4r en ideell barn- och ungdomsorganisation som drivs demokratiskt. V\u00e5r styrelse, best\u00e5ende av engagerade ungdomsledare, helgsk\u00f6tare och andra aktiva medlemmar, hj\u00e4lper till att driva g\u00e5rden. Styrelsen v\u00e4ljs \u00e5rligen p\u00e5 v\u00e5rt \u00e5rsm\u00f6te d\u00e4r alla medlemmar har r\u00f6str\u00e4tt och kan p\u00e5verka! Vi \u00e4r alltid i behov av&nbsp; &hellip; Read more","og_url":"https:\/\/www.4h.se\/bjorklundshage\/styrelsen\/","og_site_name":"Bj\u00f6rklunds Hage 4H-g\u00e5rd","article_modified_time":"2025-01-26T16:56:42+00:00","twitter_card":"summary_large_image","twitter_misc":{"Ber\u00e4knad l\u00e4stid":"1 minut"},"schema":{"@context":"https:\/\/schema.org","@graph":[{"@type":"WebPage","@id":"https:\/\/www.4h.se\/bjorklundshage\/styrelsen\/","url":"https:\/\/www.4h.se\/bjorklundshage\/styrelsen\/","name":"Styrelsen - Bj\u00f6rklunds Hage 4H-g\u00e5rd","isPartOf":{"@id":"https:\/\/www.4h.se\/bjorklundshage\/#website"},"datePublished":"2018-06-01T20:02:45+00:00","dateModified":"2025-01-26T16:56:42+00:00","breadcrumb":{"@id":"https:\/\/www.4h.se\/bjorklundshage\/styrelsen\/#breadcrumb"},"inLanguage":"sv-SE","potentialAction":[{"@type":"ReadAction","target":["https:\/\/www.4h.se\/bjorklundshage\/styrelsen\/"]}]},{"@type":"BreadcrumbList","@id":"https:\/\/www.4h.se\/bjorklundshage\/styrelsen\/#breadcrumb","itemListElement":[{"@type":"ListItem","position":1,"name":"Hem","item":"https:\/\/www.4h.se\/bjorklundshage\/"},{"@type":"ListItem","position":2,"name":"Styrelsen"}]},{"@type":"WebSite","@id":"https:\/\/www.4h.se\/bjorklundshage\/#website","url":"https:\/\/www.4h.se\/bjorklundshage\/","name":"Bj\u00f6rklunds Hage 4H-g\u00e5rd","description":"","potentialAction":[{"@type":"SearchAction","target":{"@type":"EntryPoint","urlTemplate":"https:\/\/www.4h.se\/bjorklundshage\/?s={search_term_string}"},"query-input":{"@type":"PropertyValueSpecification","valueRequired":true,"valueName":"search_term_string"}}],"inLanguage":"sv-SE"}]}},"_links":{"self":[{"href":"https:\/\/www.4h.se\/bjorklundshage\/wp-json\/wp\/v2\/pages\/475","targetHints":{"allow":["GET"]}}],"collection":[{"href":"https:\/\/www.4h.se\/bjorklundshage\/wp-json\/wp\/v2\/pages"}],"about":[{"href":"https:\/\/www.4h.se\/bjorklundshage\/wp-json\/wp\/v2\/types\/page"}],"author":[{"embeddable":true,"href":"https:\/\/www.4h.se\/bjorklundshage\/wp-json\/wp\/v2\/users\/121"}],"replies":[{"embeddable":true,"href":"https:\/\/www.4h.se\/bjorklundshage\/wp-json\/wp\/v2\/comments?post=475"}],"version-history":[{"count":0,"href":"https:\/\/www.4h.se\/bjorklundshage\/wp-json\/wp\/v2\/pages\/475\/revisions"}],"wp:attachment":[{"href":"https:\/\/www.4h.se\/bjorklundshage\/wp-json\/wp\/v2\/media?parent=475"}],"curies":[{"name":"wp","href":"https:\/\/api.w.org\/{rel}","templated":true}]}}