



{"id":474,"date":"2018-06-01T22:02:32","date_gmt":"2018-06-01T20:02:32","guid":{"rendered":"http:\/\/www.4h.se\/bjorklundshage\/?page_id=474"},"modified":"2026-01-13T13:27:55","modified_gmt":"2026-01-13T12:27:55","slug":"personal","status":"publish","type":"page","link":"https:\/\/www.4h.se\/bjorklundshage\/personal\/","title":{"rendered":"Personal"},"content":{"rendered":"<div class=\"wpb-content-wrapper\"><p>[vc_row][vc_column][vc_column_text]<\/p>\n<h1 style=\"text-align: center\"><span style=\"color: #006340\">Vi som jobbar h\u00e4r!<\/span><\/h1>\n<p>[\/vc_column_text][vc_empty_space height=&#8221;5px&#8221;][\/vc_column][\/vc_row][vc_row][vc_column width=&#8221;1\/3&#8243;][vc_single_image image=&#8221;691&#8243; img_size=&#8221;200&#215;200&#8243; alignment=&#8221;center&#8221; style=&#8221;vc_box_circle_2&#8243;][vc_column_text]<\/p>\n<h4 style=\"text-align: center\"><span style=\"color: #006340\">Tina Andersson <\/span><\/h4>\n<p style=\"text-align: center\"><em>Verksamhetschef<\/em><\/p>\n<p style=\"text-align: center\"><strong>Mail<\/strong>: <a href=\"mailto:Tina.Andersson@4h.se\">Tina.Andersson@4h.se<\/a><\/p>\n<p style=\"text-align: center\">Tina \u00e4r verksamhetschef p\u00e5 g\u00e5rden. Hon har l\u00e5ng erfarenhet av att arbeta med djur i olika former bland annat med rehab f\u00f6r h\u00e4star. Som verksamhetschef \u00e4r Tina ansvarig f\u00f6r verksamheten p\u00e5 g\u00e5rden och g\u00e5rdens personal. I arbetsuppgifterna ing\u00e5r allt pappersarbete vilket g\u00f6r att hon ofta sitter p\u00e5 kontoret.<\/p>\n<p>[\/vc_column_text][\/vc_column][vc_column width=&#8221;1\/3&#8243;][vc_single_image image=&#8221;940&#8243; img_size=&#8221;200&#215;200&#8243; alignment=&#8221;center&#8221; style=&#8221;vc_box_circle_2&#8243; css=&#8221;&#8221;][vc_column_text]<\/p>\n<h4 style=\"text-align: center;\"><span style=\"color: #006340;\">David Andersson<\/span><\/h4>\n<p style=\"text-align: center;\"><em>administrat\u00f6r<\/em><\/p>\n<p style=\"text-align: center;\"><strong>Mail<\/strong>: <a href=\"mailto:david.andersson@4h.se\">david.andersson@4h.se<\/a><\/p>\n<p style=\"text-align: center;\">Davids huvudsakliga uppgift p\u00e5 g\u00e5rden \u00e4r att sk\u00f6ta det administrativa. Men man kan \u00e4ven se honom i andra sammanhang som t.ex. i kaf\u00e9et eller snickrandes p\u00e5 g\u00e5rden.<\/p>\n<p style=\"text-align: center;\">David \u00e4r anst\u00e4lld p\u00e5 25% hos oss och 75% som driftansvarig p\u00e5 Stockholms l\u00e4ns 4H.<\/p>\n<p>[\/vc_column_text][\/vc_column][vc_column width=&#8221;1\/3&#8243;][vc_single_image image=&#8221;942&#8243; img_size=&#8221;200&#215;200&#8243; alignment=&#8221;center&#8221; style=&#8221;vc_box_circle_2&#8243; css=&#8221;&#8221;][vc_column_text css=&#8221;&#8221;]<\/p>\n<h4 style=\"text-align: center;\"><span style=\"color: #006340;\">Hanna&nbsp; Jarvie<\/span><\/h4>\n<p style=\"text-align: center;\"><em>4H-g\u00e5rdsassistent<\/em><\/p>\n<p style=\"text-align: center;\"><strong>Mail<\/strong>: <a href=\"hanna.jarvie@4h.se\">hanna.jarvie@4h.se<\/a><\/p>\n<p style=\"text-align: center;\">Hanna \u00e4r 4H-g\u00e5rdspedagog hos oss p\u00e5 g\u00e5rden. Hon \u00e4r oftast ute p\u00e5 g\u00e5rden d\u00e4r hon h\u00e5ller i barngrupper och skolbes\u00f6k.<\/p>\n<p>[\/vc_column_text][\/vc_column][\/vc_row]<\/p>\n<\/div>","protected":false},"excerpt":{"rendered":"<p>[vc_row][vc_column][vc_column_text] Vi som jobbar h\u00e4r! [\/vc_column_text][vc_empty_space height=&#8221;5px&#8221;][\/vc_column][\/vc_row][vc_row][vc_column width=&#8221;1\/3&#8243;][vc_single_image image=&#8221;691&#8243; img_size=&#8221;200&#215;200&#8243; alignment=&#8221;center&#8221; style=&#8221;vc_box_circle_2&#8243;][vc_column_text] Tina Andersson Verksamhetschef Mail: Tina.Andersson@4h.se Tina \u00e4r verksamhetschef p\u00e5 g\u00e5rden. Hon har l\u00e5ng erfarenhet av att arbeta med djur i olika former bland annat med rehab f\u00f6r h\u00e4star. Som verksamhetschef \u00e4r Tina ansvarig f\u00f6r verksamheten p\u00e5 g\u00e5rden och g\u00e5rdens personal. I arbetsuppgifterna ing\u00e5r&nbsp; <a href=\"https:\/\/www.4h.se\/bjorklundshage\/personal\/\">&hellip; Read more <i class=\"glyphicon glyphicon-arrow-right\"><\/i><\/a><\/p>\n","protected":false},"author":121,"featured_media":0,"parent":0,"menu_order":0,"comment_status":"closed","ping_status":"closed","template":"","meta":{"_acf_changed":false,"footnotes":""},"class_list":["post-474","page","type-page","status-publish","hentry"],"acf":[],"yoast_head":"<!-- This site is optimized with the Yoast SEO plugin v27.5 - https:\/\/yoast.com\/product\/yoast-seo-wordpress\/ -->\n<title>Personal - Bj\u00f6rklunds Hage 4H-g\u00e5rd<\/title>\n<meta name=\"robots\" content=\"index, follow, max-snippet:-1, max-image-preview:large, max-video-preview:-1\" \/>\n<link rel=\"canonical\" href=\"https:\/\/www.4h.se\/bjorklundshage\/personal\/\" \/>\n<meta property=\"og:locale\" content=\"sv_SE\" \/>\n<meta property=\"og:type\" content=\"article\" \/>\n<meta property=\"og:title\" content=\"Personal - Bj\u00f6rklunds Hage 4H-g\u00e5rd\" \/>\n<meta property=\"og:description\" content=\"[vc_row][vc_column][vc_column_text] Vi som jobbar h\u00e4r! [\/vc_column_text][vc_empty_space height=&#8221;5px&#8221;][\/vc_column][\/vc_row][vc_row][vc_column width=&#8221;1\/3&#8243;][vc_single_image image=&#8221;691&#8243; img_size=&#8221;200&#215;200&#8243; alignment=&#8221;center&#8221; style=&#8221;vc_box_circle_2&#8243;][vc_column_text] Tina Andersson Verksamhetschef Mail: Tina.Andersson@4h.se Tina \u00e4r verksamhetschef p\u00e5 g\u00e5rden. Hon har l\u00e5ng erfarenhet av att arbeta med djur i olika former bland annat med rehab f\u00f6r h\u00e4star. Som verksamhetschef \u00e4r Tina ansvarig f\u00f6r verksamheten p\u00e5 g\u00e5rden och g\u00e5rdens personal. I arbetsuppgifterna ing\u00e5r&nbsp; &hellip; Read more\" \/>\n<meta property=\"og:url\" content=\"https:\/\/www.4h.se\/bjorklundshage\/personal\/\" \/>\n<meta property=\"og:site_name\" content=\"Bj\u00f6rklunds Hage 4H-g\u00e5rd\" \/>\n<meta property=\"article:modified_time\" content=\"2026-01-13T12:27:55+00:00\" \/>\n<meta name=\"twitter:card\" content=\"summary_large_image\" \/>\n<meta name=\"twitter:label1\" content=\"Ber\u00e4knad l\u00e4stid\" \/>\n\t<meta name=\"twitter:data1\" content=\"1 minut\" \/>\n<script type=\"application\/ld+json\" class=\"yoast-schema-graph\">{\"@context\":\"https:\\\/\\\/schema.org\",\"@graph\":[{\"@type\":\"WebPage\",\"@id\":\"https:\\\/\\\/www.4h.se\\\/bjorklundshage\\\/personal\\\/\",\"url\":\"https:\\\/\\\/www.4h.se\\\/bjorklundshage\\\/personal\\\/\",\"name\":\"Personal - Bj\u00f6rklunds Hage 4H-g\u00e5rd\",\"isPartOf\":{\"@id\":\"https:\\\/\\\/www.4h.se\\\/bjorklundshage\\\/#website\"},\"datePublished\":\"2018-06-01T20:02:32+00:00\",\"dateModified\":\"2026-01-13T12:27:55+00:00\",\"breadcrumb\":{\"@id\":\"https:\\\/\\\/www.4h.se\\\/bjorklundshage\\\/personal\\\/#breadcrumb\"},\"inLanguage\":\"sv-SE\",\"potentialAction\":[{\"@type\":\"ReadAction\",\"target\":[\"https:\\\/\\\/www.4h.se\\\/bjorklundshage\\\/personal\\\/\"]}]},{\"@type\":\"BreadcrumbList\",\"@id\":\"https:\\\/\\\/www.4h.se\\\/bjorklundshage\\\/personal\\\/#breadcrumb\",\"itemListElement\":[{\"@type\":\"ListItem\",\"position\":1,\"name\":\"Hem\",\"item\":\"https:\\\/\\\/www.4h.se\\\/bjorklundshage\\\/\"},{\"@type\":\"ListItem\",\"position\":2,\"name\":\"Personal\"}]},{\"@type\":\"WebSite\",\"@id\":\"https:\\\/\\\/www.4h.se\\\/bjorklundshage\\\/#website\",\"url\":\"https:\\\/\\\/www.4h.se\\\/bjorklundshage\\\/\",\"name\":\"Bj\u00f6rklunds Hage 4H-g\u00e5rd\",\"description\":\"\",\"potentialAction\":[{\"@type\":\"SearchAction\",\"target\":{\"@type\":\"EntryPoint\",\"urlTemplate\":\"https:\\\/\\\/www.4h.se\\\/bjorklundshage\\\/?s={search_term_string}\"},\"query-input\":{\"@type\":\"PropertyValueSpecification\",\"valueRequired\":true,\"valueName\":\"search_term_string\"}}],\"inLanguage\":\"sv-SE\"}]}<\/script>\n<!-- \/ Yoast SEO plugin. -->","yoast_head_json":{"title":"Personal - Bj\u00f6rklunds Hage 4H-g\u00e5rd","robots":{"index":"index","follow":"follow","max-snippet":"max-snippet:-1","max-image-preview":"max-image-preview:large","max-video-preview":"max-video-preview:-1"},"canonical":"https:\/\/www.4h.se\/bjorklundshage\/personal\/","og_locale":"sv_SE","og_type":"article","og_title":"Personal - Bj\u00f6rklunds Hage 4H-g\u00e5rd","og_description":"[vc_row][vc_column][vc_column_text] Vi som jobbar h\u00e4r! [\/vc_column_text][vc_empty_space height=&#8221;5px&#8221;][\/vc_column][\/vc_row][vc_row][vc_column width=&#8221;1\/3&#8243;][vc_single_image image=&#8221;691&#8243; img_size=&#8221;200&#215;200&#8243; alignment=&#8221;center&#8221; style=&#8221;vc_box_circle_2&#8243;][vc_column_text] Tina Andersson Verksamhetschef Mail: Tina.Andersson@4h.se Tina \u00e4r verksamhetschef p\u00e5 g\u00e5rden. Hon har l\u00e5ng erfarenhet av att arbeta med djur i olika former bland annat med rehab f\u00f6r h\u00e4star. Som verksamhetschef \u00e4r Tina ansvarig f\u00f6r verksamheten p\u00e5 g\u00e5rden och g\u00e5rdens personal. I arbetsuppgifterna ing\u00e5r&nbsp; &hellip; Read more","og_url":"https:\/\/www.4h.se\/bjorklundshage\/personal\/","og_site_name":"Bj\u00f6rklunds Hage 4H-g\u00e5rd","article_modified_time":"2026-01-13T12:27:55+00:00","twitter_card":"summary_large_image","twitter_misc":{"Ber\u00e4knad l\u00e4stid":"1 minut"},"schema":{"@context":"https:\/\/schema.org","@graph":[{"@type":"WebPage","@id":"https:\/\/www.4h.se\/bjorklundshage\/personal\/","url":"https:\/\/www.4h.se\/bjorklundshage\/personal\/","name":"Personal - Bj\u00f6rklunds Hage 4H-g\u00e5rd","isPartOf":{"@id":"https:\/\/www.4h.se\/bjorklundshage\/#website"},"datePublished":"2018-06-01T20:02:32+00:00","dateModified":"2026-01-13T12:27:55+00:00","breadcrumb":{"@id":"https:\/\/www.4h.se\/bjorklundshage\/personal\/#breadcrumb"},"inLanguage":"sv-SE","potentialAction":[{"@type":"ReadAction","target":["https:\/\/www.4h.se\/bjorklundshage\/personal\/"]}]},{"@type":"BreadcrumbList","@id":"https:\/\/www.4h.se\/bjorklundshage\/personal\/#breadcrumb","itemListElement":[{"@type":"ListItem","position":1,"name":"Hem","item":"https:\/\/www.4h.se\/bjorklundshage\/"},{"@type":"ListItem","position":2,"name":"Personal"}]},{"@type":"WebSite","@id":"https:\/\/www.4h.se\/bjorklundshage\/#website","url":"https:\/\/www.4h.se\/bjorklundshage\/","name":"Bj\u00f6rklunds Hage 4H-g\u00e5rd","description":"","potentialAction":[{"@type":"SearchAction","target":{"@type":"EntryPoint","urlTemplate":"https:\/\/www.4h.se\/bjorklundshage\/?s={search_term_string}"},"query-input":{"@type":"PropertyValueSpecification","valueRequired":true,"valueName":"search_term_string"}}],"inLanguage":"sv-SE"}]}},"_links":{"self":[{"href":"https:\/\/www.4h.se\/bjorklundshage\/wp-json\/wp\/v2\/pages\/474","targetHints":{"allow":["GET"]}}],"collection":[{"href":"https:\/\/www.4h.se\/bjorklundshage\/wp-json\/wp\/v2\/pages"}],"about":[{"href":"https:\/\/www.4h.se\/bjorklundshage\/wp-json\/wp\/v2\/types\/page"}],"author":[{"embeddable":true,"href":"https:\/\/www.4h.se\/bjorklundshage\/wp-json\/wp\/v2\/users\/121"}],"replies":[{"embeddable":true,"href":"https:\/\/www.4h.se\/bjorklundshage\/wp-json\/wp\/v2\/comments?post=474"}],"version-history":[{"count":0,"href":"https:\/\/www.4h.se\/bjorklundshage\/wp-json\/wp\/v2\/pages\/474\/revisions"}],"wp:attachment":[{"href":"https:\/\/www.4h.se\/bjorklundshage\/wp-json\/wp\/v2\/media?parent=474"}],"curies":[{"name":"wp","href":"https:\/\/api.w.org\/{rel}","templated":true}]}}