



{"id":448,"date":"2018-05-31T21:43:12","date_gmt":"2018-05-31T19:43:12","guid":{"rendered":"http:\/\/www.4h.se\/bjorklundshage\/?page_id=448"},"modified":"2026-01-01T11:40:15","modified_gmt":"2026-01-01T10:40:15","slug":"kaninerna","status":"publish","type":"page","link":"https:\/\/www.4h.se\/bjorklundshage\/kaninerna\/","title":{"rendered":"Kaninerna"},"content":{"rendered":"<div class=\"wpb-content-wrapper\"><p>[vc_row][vc_column width=&#8221;2\/3&#8243;][vc_column_text css=&#8221;&#8221;]<\/p>\n<h1 style=\"text-align: center;\"><span style=\"color: #006340;\">Kaninerna<\/span><\/h1>\n<p style=\"text-align: center;\">V\u00e5ra kaniner \u00e4r av rasen Mellerudskanin. Just nu har vi fyra kaniner som permanent bor p\u00e5 v\u00e5r g\u00e5rd: Gloria, Holly, Indy och Mustaschen. Mellerudskaninen finns bara i tv\u00e5 f\u00e4rger: svartvitbrokig f\u00e4rg eller som albino (vit med r\u00f6da \u00f6gon).<\/p>\n<p>[\/vc_column_text][vc_column_text]<\/p>\n<h4 style=\"text-align: center\"><span style=\"color: #006340\">Genbankarbete<\/span><\/h4>\n<p style=\"text-align: center\">Mellerudskaninen \u00e4r en svensk lantras som st\u00e5r p\u00e5 Statens jordbruksverkets lista \u00f6ver utrotningshotade svenska husdjursraser. N\u00e4r man under senare delen av 1800-talet och b\u00f6rjan av 1900-talet b\u00f6rjade avla fram nya kaninraser med inriktning p\u00e5 k\u00f6tt, p\u00e4ls, skinn eller f\u00e4rg minskade lantraserna f\u00f6r att n\u00e4stan f\u00f6rsvinna helt. Hos Edith Johansson i Melleruds kommun fanns dock en bes\u00e4ttning lantraskaniner kvar, och dessa fick namnet Mellerudskanin. Djuren hade funnits d\u00e4r sen 1937, och den enda k\u00e4nda inblandningen av djur utifr\u00e5n var 1968 d\u00e5 det korsades in tv\u00e5 svart-vit-brokiga djur, en hona och en hane. Bevarandearbetet organiseras av f\u00f6reningen Gotlandskaninen.<\/p>\n<p style=\"text-align: center\">\u00c5r 2011 blev Mellerudskaninen officiellt en godk\u00e4nd svensk husdjursras.<\/p>\n<p>[\/vc_column_text][vc_column_text]<\/p>\n<h4 style=\"text-align: center\"><span style=\"color: #006340\">Kaninfamiljen<\/span><\/h4>\n<p style=\"text-align: center\">Kaniner \u00e4r flockdjur och trivs d\u00e4rf\u00f6r extra bra tillsammans med sina \u00e4gare eller bland andra kaninkompisar.<\/p>\n<p style=\"text-align: center\">Honan \u00e4r dr\u00e4ktig i cirka 30 dagar och kan f\u00e5 upp till 12 kaninungar per kull. N\u00e4r kaninungarna f\u00f6ds \u00e4r de blinda och p\u00e4lsl\u00f6sa. De diar mamman ett par g\u00e5nger om dagen. Kaninungarna klarar sig sj\u00e4lva\u00a0fr\u00e5n cirka\u00a0sex veckors \u00e5lder.<\/p>\n<p>[\/vc_column_text][vc_column_text]<\/p>\n<h4 style=\"text-align: center\"><span style=\"color: #006340\">F\u00f6da<\/span><\/h4>\n<p style=\"text-align: center\">Kaniner vill ha h\u00f6 i magen, i munnen och runt omkring sig f\u00f6r att trivas och m\u00e5 bra. Kaniner m\u00e5r b\u00e4st n\u00e4r de f\u00e5 \u00e4ta mycket h\u00f6, lite m\u00f6rkgr\u00f6na bladgr\u00f6nsaker (exempelvis maskrosblad, rucolasallad och romanssallad), en liten m\u00e4ngd \u00f6vriga gr\u00f6nsaker och eventuellt n\u00e5gra matskedar pellets.<\/p>\n<p>[\/vc_column_text][vc_column_text]<\/p>\n<h4 style=\"text-align: center\"><span style=\"color: #006340\">Kommunikation\u00a0<\/span><\/h4>\n<p style=\"text-align: center\">Kaniner \u00e4r generellt\u00a0 \u00e4r mycket tysta men de kommunicerar med varandra vokalt \u00e4nd\u00e5. Detta g\u00f6rs i f\u00f6rsta hand med hj\u00e4lp av sm\u00e5 surrljud. Kaniner kan ocks\u00e5 skrika h\u00f6gt om de blir r\u00e4dda eller k\u00e4nner sig hotade &#8211; det \u00e4r ingen tvekan om n\u00e4r de skriker! Kaniner st\u00e5r upp p\u00e5 bakbenen f\u00f6r att f\u00e5 en b\u00e4ttre bild n\u00e4r de letar efter rovdjur. De varnar andra kaniner genom att stampa med bakbenen<\/p>\n<p>[\/vc_column_text][vc_column_text]<\/p>\n<h4 style=\"text-align: center\"><span style=\"color: #006340\">Kaninens uppbyggnad<\/span><\/h4>\n<p style=\"text-align: center\">Mellerudskaninen har kort p\u00e4ls och uppr\u00e4ttst\u00e5ende \u00f6ron. En vuxen kanin v\u00e4ger runt 3 kg.<\/p>\n<p style=\"text-align: center\">Kaniner har ett utm\u00e4rkt luktsinne, h\u00f6rsel och syn. Eftersom deras \u00f6gon sitter lite p\u00e5 sidan av huvudet s\u00e5 kan de n\u00e4stan se 360 grader och har endast ett liten \u201dblint\u201d omr\u00e5de framf\u00f6r nosen. I m\u00e5nga fall g\u00e4ller det att desto l\u00e4ngre \u00f6ron en kanin har, desto b\u00e4ttre h\u00f6rsel.\u00a0Kaniner har extremt kraftiga bakben och kan hoppa 3 meter l\u00e5ngt och n\u00e4stan 1 meter upp i luften.<\/p>\n<p>[\/vc_column_text][\/vc_column][vc_column width=&#8221;1\/3&#8243;][vc_single_image image=&#8221;971&#8243; img_size=&#8221;220&#215;220&#8243; css=&#8221;&#8221; title=&#8221;Mustaschen&#8221;][vc_single_image image=&#8221;970&#8243; img_size=&#8221;220&#215;220&#8243; css=&#8221;&#8221; title=&#8221;KIWI&#8221;][\/vc_column][\/vc_row]<\/p>\n<\/div>","protected":false},"excerpt":{"rendered":"<p>[vc_row][vc_column width=&#8221;2\/3&#8243;][vc_column_text css=&#8221;&#8221;] Kaninerna V\u00e5ra kaniner \u00e4r av rasen Mellerudskanin. Just nu har vi fyra kaniner som permanent bor p\u00e5 v\u00e5r g\u00e5rd: Gloria, Holly, Indy och Mustaschen. Mellerudskaninen finns bara i tv\u00e5 f\u00e4rger: svartvitbrokig f\u00e4rg eller som albino (vit med r\u00f6da \u00f6gon). [\/vc_column_text][vc_column_text] Genbankarbete Mellerudskaninen \u00e4r en svensk lantras som st\u00e5r p\u00e5 Statens jordbruksverkets lista&nbsp; <a href=\"https:\/\/www.4h.se\/bjorklundshage\/kaninerna\/\">&hellip; Read more <i class=\"glyphicon glyphicon-arrow-right\"><\/i><\/a><\/p>\n","protected":false},"author":121,"featured_media":0,"parent":0,"menu_order":0,"comment_status":"closed","ping_status":"closed","template":"","meta":{"_acf_changed":false,"footnotes":""},"class_list":["post-448","page","type-page","status-publish","hentry"],"acf":[],"yoast_head":"<!-- This site is optimized with the Yoast SEO plugin v27.5 - https:\/\/yoast.com\/product\/yoast-seo-wordpress\/ -->\n<title>Kaninerna - Bj\u00f6rklunds Hage 4H-g\u00e5rd<\/title>\n<meta name=\"robots\" content=\"index, follow, max-snippet:-1, max-image-preview:large, max-video-preview:-1\" \/>\n<link rel=\"canonical\" href=\"https:\/\/www.4h.se\/bjorklundshage\/kaninerna\/\" \/>\n<meta property=\"og:locale\" content=\"sv_SE\" \/>\n<meta property=\"og:type\" content=\"article\" \/>\n<meta property=\"og:title\" content=\"Kaninerna - Bj\u00f6rklunds Hage 4H-g\u00e5rd\" \/>\n<meta property=\"og:description\" content=\"[vc_row][vc_column width=&#8221;2\/3&#8243;][vc_column_text css=&#8221;&#8221;] Kaninerna V\u00e5ra kaniner \u00e4r av rasen Mellerudskanin. Just nu har vi fyra kaniner som permanent bor p\u00e5 v\u00e5r g\u00e5rd: Gloria, Holly, Indy och Mustaschen. Mellerudskaninen finns bara i tv\u00e5 f\u00e4rger: svartvitbrokig f\u00e4rg eller som albino (vit med r\u00f6da \u00f6gon). [\/vc_column_text][vc_column_text] Genbankarbete Mellerudskaninen \u00e4r en svensk lantras som st\u00e5r p\u00e5 Statens jordbruksverkets lista&nbsp; &hellip; Read more\" \/>\n<meta property=\"og:url\" content=\"https:\/\/www.4h.se\/bjorklundshage\/kaninerna\/\" \/>\n<meta property=\"og:site_name\" content=\"Bj\u00f6rklunds Hage 4H-g\u00e5rd\" \/>\n<meta property=\"article:modified_time\" content=\"2026-01-01T10:40:15+00:00\" \/>\n<meta name=\"twitter:card\" content=\"summary_large_image\" \/>\n<meta name=\"twitter:label1\" content=\"Ber\u00e4knad l\u00e4stid\" \/>\n\t<meta name=\"twitter:data1\" content=\"3 minuter\" \/>\n<script type=\"application\/ld+json\" class=\"yoast-schema-graph\">{\"@context\":\"https:\\\/\\\/schema.org\",\"@graph\":[{\"@type\":\"WebPage\",\"@id\":\"https:\\\/\\\/www.4h.se\\\/bjorklundshage\\\/kaninerna\\\/\",\"url\":\"https:\\\/\\\/www.4h.se\\\/bjorklundshage\\\/kaninerna\\\/\",\"name\":\"Kaninerna - Bj\u00f6rklunds Hage 4H-g\u00e5rd\",\"isPartOf\":{\"@id\":\"https:\\\/\\\/www.4h.se\\\/bjorklundshage\\\/#website\"},\"datePublished\":\"2018-05-31T19:43:12+00:00\",\"dateModified\":\"2026-01-01T10:40:15+00:00\",\"breadcrumb\":{\"@id\":\"https:\\\/\\\/www.4h.se\\\/bjorklundshage\\\/kaninerna\\\/#breadcrumb\"},\"inLanguage\":\"sv-SE\",\"potentialAction\":[{\"@type\":\"ReadAction\",\"target\":[\"https:\\\/\\\/www.4h.se\\\/bjorklundshage\\\/kaninerna\\\/\"]}]},{\"@type\":\"BreadcrumbList\",\"@id\":\"https:\\\/\\\/www.4h.se\\\/bjorklundshage\\\/kaninerna\\\/#breadcrumb\",\"itemListElement\":[{\"@type\":\"ListItem\",\"position\":1,\"name\":\"Hem\",\"item\":\"https:\\\/\\\/www.4h.se\\\/bjorklundshage\\\/\"},{\"@type\":\"ListItem\",\"position\":2,\"name\":\"Kaninerna\"}]},{\"@type\":\"WebSite\",\"@id\":\"https:\\\/\\\/www.4h.se\\\/bjorklundshage\\\/#website\",\"url\":\"https:\\\/\\\/www.4h.se\\\/bjorklundshage\\\/\",\"name\":\"Bj\u00f6rklunds Hage 4H-g\u00e5rd\",\"description\":\"\",\"potentialAction\":[{\"@type\":\"SearchAction\",\"target\":{\"@type\":\"EntryPoint\",\"urlTemplate\":\"https:\\\/\\\/www.4h.se\\\/bjorklundshage\\\/?s={search_term_string}\"},\"query-input\":{\"@type\":\"PropertyValueSpecification\",\"valueRequired\":true,\"valueName\":\"search_term_string\"}}],\"inLanguage\":\"sv-SE\"}]}<\/script>\n<!-- \/ Yoast SEO plugin. -->","yoast_head_json":{"title":"Kaninerna - Bj\u00f6rklunds Hage 4H-g\u00e5rd","robots":{"index":"index","follow":"follow","max-snippet":"max-snippet:-1","max-image-preview":"max-image-preview:large","max-video-preview":"max-video-preview:-1"},"canonical":"https:\/\/www.4h.se\/bjorklundshage\/kaninerna\/","og_locale":"sv_SE","og_type":"article","og_title":"Kaninerna - Bj\u00f6rklunds Hage 4H-g\u00e5rd","og_description":"[vc_row][vc_column width=&#8221;2\/3&#8243;][vc_column_text css=&#8221;&#8221;] Kaninerna V\u00e5ra kaniner \u00e4r av rasen Mellerudskanin. Just nu har vi fyra kaniner som permanent bor p\u00e5 v\u00e5r g\u00e5rd: Gloria, Holly, Indy och Mustaschen. Mellerudskaninen finns bara i tv\u00e5 f\u00e4rger: svartvitbrokig f\u00e4rg eller som albino (vit med r\u00f6da \u00f6gon). [\/vc_column_text][vc_column_text] Genbankarbete Mellerudskaninen \u00e4r en svensk lantras som st\u00e5r p\u00e5 Statens jordbruksverkets lista&nbsp; &hellip; Read more","og_url":"https:\/\/www.4h.se\/bjorklundshage\/kaninerna\/","og_site_name":"Bj\u00f6rklunds Hage 4H-g\u00e5rd","article_modified_time":"2026-01-01T10:40:15+00:00","twitter_card":"summary_large_image","twitter_misc":{"Ber\u00e4knad l\u00e4stid":"3 minuter"},"schema":{"@context":"https:\/\/schema.org","@graph":[{"@type":"WebPage","@id":"https:\/\/www.4h.se\/bjorklundshage\/kaninerna\/","url":"https:\/\/www.4h.se\/bjorklundshage\/kaninerna\/","name":"Kaninerna - Bj\u00f6rklunds Hage 4H-g\u00e5rd","isPartOf":{"@id":"https:\/\/www.4h.se\/bjorklundshage\/#website"},"datePublished":"2018-05-31T19:43:12+00:00","dateModified":"2026-01-01T10:40:15+00:00","breadcrumb":{"@id":"https:\/\/www.4h.se\/bjorklundshage\/kaninerna\/#breadcrumb"},"inLanguage":"sv-SE","potentialAction":[{"@type":"ReadAction","target":["https:\/\/www.4h.se\/bjorklundshage\/kaninerna\/"]}]},{"@type":"BreadcrumbList","@id":"https:\/\/www.4h.se\/bjorklundshage\/kaninerna\/#breadcrumb","itemListElement":[{"@type":"ListItem","position":1,"name":"Hem","item":"https:\/\/www.4h.se\/bjorklundshage\/"},{"@type":"ListItem","position":2,"name":"Kaninerna"}]},{"@type":"WebSite","@id":"https:\/\/www.4h.se\/bjorklundshage\/#website","url":"https:\/\/www.4h.se\/bjorklundshage\/","name":"Bj\u00f6rklunds Hage 4H-g\u00e5rd","description":"","potentialAction":[{"@type":"SearchAction","target":{"@type":"EntryPoint","urlTemplate":"https:\/\/www.4h.se\/bjorklundshage\/?s={search_term_string}"},"query-input":{"@type":"PropertyValueSpecification","valueRequired":true,"valueName":"search_term_string"}}],"inLanguage":"sv-SE"}]}},"_links":{"self":[{"href":"https:\/\/www.4h.se\/bjorklundshage\/wp-json\/wp\/v2\/pages\/448","targetHints":{"allow":["GET"]}}],"collection":[{"href":"https:\/\/www.4h.se\/bjorklundshage\/wp-json\/wp\/v2\/pages"}],"about":[{"href":"https:\/\/www.4h.se\/bjorklundshage\/wp-json\/wp\/v2\/types\/page"}],"author":[{"embeddable":true,"href":"https:\/\/www.4h.se\/bjorklundshage\/wp-json\/wp\/v2\/users\/121"}],"replies":[{"embeddable":true,"href":"https:\/\/www.4h.se\/bjorklundshage\/wp-json\/wp\/v2\/comments?post=448"}],"version-history":[{"count":0,"href":"https:\/\/www.4h.se\/bjorklundshage\/wp-json\/wp\/v2\/pages\/448\/revisions"}],"wp:attachment":[{"href":"https:\/\/www.4h.se\/bjorklundshage\/wp-json\/wp\/v2\/media?parent=448"}],"curies":[{"name":"wp","href":"https:\/\/api.w.org\/{rel}","templated":true}]}}