



{"id":447,"date":"2018-05-31T21:43:03","date_gmt":"2018-05-31T19:43:03","guid":{"rendered":"http:\/\/www.4h.se\/bjorklundshage\/?page_id=447"},"modified":"2023-08-06T20:40:34","modified_gmt":"2023-08-06T18:40:34","slug":"honsen","status":"publish","type":"page","link":"https:\/\/www.4h.se\/bjorklundshage\/honsen\/","title":{"rendered":"H\u00f6nsen"},"content":{"rendered":"<div class=\"wpb-content-wrapper\"><p>[vc_row][vc_column width=&#8221;2\/3&#8243;][vc_column_text]<\/p>\n<h1 style=\"text-align: center;\"><span style=\"color: #006340;\">H\u00f6nsen<\/span><\/h1>\n<p style=\"text-align: center;\">P\u00e5 v\u00e5r g\u00e5rd bor tuppen Bertil med sina h\u00f6nor. De \u00e4r av rasen \u00f6l\u00e4ndska dv\u00e4rgh\u00f6ns, och m\u00e5nga av dem \u00e4r f\u00f6dda p\u00e5 g\u00e5rden. Mamma h\u00f6na kallas f\u00f6r h\u00f6na, pappa h\u00f6na kallas tupp och h\u00f6nsbarnet kallas f\u00f6r kyckling.<\/p>\n<p>[\/vc_column_text][vc_separator color=&#8221;green&#8221; style=&#8221;double&#8221;][vc_column_text]<\/p>\n<h4 style=\"text-align: center\"><span style=\"color: #006340\">H\u00f6nans historia<\/span><\/h4>\n<p style=\"text-align: center\">Det \u00e4ldsta fyndet som gjorts av tamh\u00f6ns h\u00e4rstammar fr\u00e5n Kina cirka 6000 f.kr men man vet inte exakt n\u00e4r de f\u00f6rsta h\u00f6nsen domesticerades. Fr\u00e5n b\u00f6rjan h\u00e4rstammar h\u00f6nan fr\u00e5n djungelh\u00f6nan, som \u00e4r en sentida dinosaurie. H\u00f6ns kan f\u00f6r det mesta inte flyga d\u00e5 den f\u00f6rm\u00e5gan f\u00f6rsvunnit med aveln, d\u00e4remot kan de med hj\u00e4lp av sina vingar hoppa v\u00e4ldigt h\u00f6gt. Det finns cirka 180 listade h\u00f6nsraser i Europa.<\/p>\n<p>[\/vc_column_text][vc_column_text]<\/p>\n<h4 style=\"text-align: center\"><span style=\"color: #006340\">Foder<\/span><\/h4>\n<p style=\"text-align: center\">Spannm\u00e5l s\u00e5som vete, r\u00e5g, havre och korn \u00e4r basf\u00f6da f\u00f6r h\u00f6nsen men man kan \u00e4ven l\u00e4gga till olika typer av proteintillskott exempelvis fiskmj\u00f6l, kalcium och sn\u00e4ckskal.<\/p>\n<p>[\/vc_column_text][vc_column_text]<\/p>\n<h4 style=\"text-align: center\"><span style=\"color: #006340\">H\u00f6nans uppbyggnad<\/span><\/h4>\n<p style=\"text-align: center\">Kroppen p\u00e5 \u00f6l\u00e4ndska dv\u00e4rgh\u00f6ns \u00e4r kort och kraftig med reslig h\u00e5llning. Fj\u00e4derdr\u00e4kten \u00e4r tref\u00e4rgad i olika nyanser av brunt\/vildf\u00e4rg, svart och vitt. Benen \u00e4r oftast glatta men en svag benbefj\u00e4dring kan f\u00f6rekomma. Kammen \u00e4r f\u00f6r det mesta enkel men roskam kan ocks\u00e5 f\u00f6rekomma. \u00d6ronskivorna \u00e4r r\u00f6da och oftast med en vit\/bl\u00e5 inblandning, allts\u00e5 alla tre f\u00e4rgerna tillsammans. Tupparna v\u00e4ger mellan 0,6 &#8211; 1,0 kg och h\u00f6norna 0,5 &#8211; 0,8 kg.<\/p>\n<p>[\/vc_column_text][vc_row_inner][vc_column_inner width=&#8221;1\/2&#8243;][vc_single_image image=&#8221;600&#8243; img_size=&#8221;full&#8221; style=&#8221;vc_box_rounded&#8221;][\/vc_column_inner][vc_column_inner width=&#8221;1\/2&#8243;][vc_single_image image=&#8221;582&#8243; img_size=&#8221;full&#8221; style=&#8221;vc_box_rounded&#8221;][\/vc_column_inner][\/vc_row_inner][\/vc_column][vc_column width=&#8221;1\/3&#8243;][vc_single_image image=&#8221;806&#8243; img_size=&#8221;full&#8221; add_caption=&#8221;yes&#8221; style=&#8221;vc_box_rounded&#8221;][vc_single_image image=&#8221;665&#8243; img_size=&#8221;400&#215;400&#8243; style=&#8221;vc_box_rounded&#8221;][\/vc_column][\/vc_row]<\/p>\n<\/div>","protected":false},"excerpt":{"rendered":"<p>[vc_row][vc_column width=&#8221;2\/3&#8243;][vc_column_text] H\u00f6nsen P\u00e5 v\u00e5r g\u00e5rd bor tuppen Bertil med sina h\u00f6nor. De \u00e4r av rasen \u00f6l\u00e4ndska dv\u00e4rgh\u00f6ns, och m\u00e5nga av dem \u00e4r f\u00f6dda p\u00e5 g\u00e5rden. Mamma h\u00f6na kallas f\u00f6r h\u00f6na, pappa h\u00f6na kallas tupp och h\u00f6nsbarnet kallas f\u00f6r kyckling. [\/vc_column_text][vc_separator color=&#8221;green&#8221; style=&#8221;double&#8221;][vc_column_text] H\u00f6nans historia Det \u00e4ldsta fyndet som gjorts av tamh\u00f6ns h\u00e4rstammar fr\u00e5n Kina&nbsp; <a href=\"https:\/\/www.4h.se\/bjorklundshage\/honsen\/\">&hellip; Read more <i class=\"glyphicon glyphicon-arrow-right\"><\/i><\/a><\/p>\n","protected":false},"author":121,"featured_media":0,"parent":0,"menu_order":0,"comment_status":"closed","ping_status":"closed","template":"","meta":{"_acf_changed":false,"footnotes":""},"class_list":["post-447","page","type-page","status-publish","hentry"],"acf":[],"yoast_head":"<!-- This site is optimized with the Yoast SEO plugin v27.5 - https:\/\/yoast.com\/product\/yoast-seo-wordpress\/ -->\n<title>H\u00f6nsen - Bj\u00f6rklunds Hage 4H-g\u00e5rd<\/title>\n<meta name=\"robots\" content=\"index, follow, max-snippet:-1, max-image-preview:large, max-video-preview:-1\" \/>\n<link rel=\"canonical\" href=\"https:\/\/www.4h.se\/bjorklundshage\/honsen\/\" \/>\n<meta property=\"og:locale\" content=\"sv_SE\" \/>\n<meta property=\"og:type\" content=\"article\" \/>\n<meta property=\"og:title\" content=\"H\u00f6nsen - Bj\u00f6rklunds Hage 4H-g\u00e5rd\" \/>\n<meta property=\"og:description\" content=\"[vc_row][vc_column width=&#8221;2\/3&#8243;][vc_column_text] H\u00f6nsen P\u00e5 v\u00e5r g\u00e5rd bor tuppen Bertil med sina h\u00f6nor. De \u00e4r av rasen \u00f6l\u00e4ndska dv\u00e4rgh\u00f6ns, och m\u00e5nga av dem \u00e4r f\u00f6dda p\u00e5 g\u00e5rden. Mamma h\u00f6na kallas f\u00f6r h\u00f6na, pappa h\u00f6na kallas tupp och h\u00f6nsbarnet kallas f\u00f6r kyckling. [\/vc_column_text][vc_separator color=&#8221;green&#8221; style=&#8221;double&#8221;][vc_column_text] H\u00f6nans historia Det \u00e4ldsta fyndet som gjorts av tamh\u00f6ns h\u00e4rstammar fr\u00e5n Kina&nbsp; &hellip; Read more\" \/>\n<meta property=\"og:url\" content=\"https:\/\/www.4h.se\/bjorklundshage\/honsen\/\" \/>\n<meta property=\"og:site_name\" content=\"Bj\u00f6rklunds Hage 4H-g\u00e5rd\" \/>\n<meta property=\"article:modified_time\" content=\"2023-08-06T18:40:34+00:00\" \/>\n<meta name=\"twitter:card\" content=\"summary_large_image\" \/>\n<meta name=\"twitter:label1\" content=\"Ber\u00e4knad l\u00e4stid\" \/>\n\t<meta name=\"twitter:data1\" content=\"2 minuter\" \/>\n<script type=\"application\/ld+json\" class=\"yoast-schema-graph\">{\"@context\":\"https:\\\/\\\/schema.org\",\"@graph\":[{\"@type\":\"WebPage\",\"@id\":\"https:\\\/\\\/www.4h.se\\\/bjorklundshage\\\/honsen\\\/\",\"url\":\"https:\\\/\\\/www.4h.se\\\/bjorklundshage\\\/honsen\\\/\",\"name\":\"H\u00f6nsen - Bj\u00f6rklunds Hage 4H-g\u00e5rd\",\"isPartOf\":{\"@id\":\"https:\\\/\\\/www.4h.se\\\/bjorklundshage\\\/#website\"},\"datePublished\":\"2018-05-31T19:43:03+00:00\",\"dateModified\":\"2023-08-06T18:40:34+00:00\",\"breadcrumb\":{\"@id\":\"https:\\\/\\\/www.4h.se\\\/bjorklundshage\\\/honsen\\\/#breadcrumb\"},\"inLanguage\":\"sv-SE\",\"potentialAction\":[{\"@type\":\"ReadAction\",\"target\":[\"https:\\\/\\\/www.4h.se\\\/bjorklundshage\\\/honsen\\\/\"]}]},{\"@type\":\"BreadcrumbList\",\"@id\":\"https:\\\/\\\/www.4h.se\\\/bjorklundshage\\\/honsen\\\/#breadcrumb\",\"itemListElement\":[{\"@type\":\"ListItem\",\"position\":1,\"name\":\"Hem\",\"item\":\"https:\\\/\\\/www.4h.se\\\/bjorklundshage\\\/\"},{\"@type\":\"ListItem\",\"position\":2,\"name\":\"H\u00f6nsen\"}]},{\"@type\":\"WebSite\",\"@id\":\"https:\\\/\\\/www.4h.se\\\/bjorklundshage\\\/#website\",\"url\":\"https:\\\/\\\/www.4h.se\\\/bjorklundshage\\\/\",\"name\":\"Bj\u00f6rklunds Hage 4H-g\u00e5rd\",\"description\":\"\",\"potentialAction\":[{\"@type\":\"SearchAction\",\"target\":{\"@type\":\"EntryPoint\",\"urlTemplate\":\"https:\\\/\\\/www.4h.se\\\/bjorklundshage\\\/?s={search_term_string}\"},\"query-input\":{\"@type\":\"PropertyValueSpecification\",\"valueRequired\":true,\"valueName\":\"search_term_string\"}}],\"inLanguage\":\"sv-SE\"}]}<\/script>\n<!-- \/ Yoast SEO plugin. -->","yoast_head_json":{"title":"H\u00f6nsen - Bj\u00f6rklunds Hage 4H-g\u00e5rd","robots":{"index":"index","follow":"follow","max-snippet":"max-snippet:-1","max-image-preview":"max-image-preview:large","max-video-preview":"max-video-preview:-1"},"canonical":"https:\/\/www.4h.se\/bjorklundshage\/honsen\/","og_locale":"sv_SE","og_type":"article","og_title":"H\u00f6nsen - Bj\u00f6rklunds Hage 4H-g\u00e5rd","og_description":"[vc_row][vc_column width=&#8221;2\/3&#8243;][vc_column_text] H\u00f6nsen P\u00e5 v\u00e5r g\u00e5rd bor tuppen Bertil med sina h\u00f6nor. De \u00e4r av rasen \u00f6l\u00e4ndska dv\u00e4rgh\u00f6ns, och m\u00e5nga av dem \u00e4r f\u00f6dda p\u00e5 g\u00e5rden. Mamma h\u00f6na kallas f\u00f6r h\u00f6na, pappa h\u00f6na kallas tupp och h\u00f6nsbarnet kallas f\u00f6r kyckling. [\/vc_column_text][vc_separator color=&#8221;green&#8221; style=&#8221;double&#8221;][vc_column_text] H\u00f6nans historia Det \u00e4ldsta fyndet som gjorts av tamh\u00f6ns h\u00e4rstammar fr\u00e5n Kina&nbsp; &hellip; Read more","og_url":"https:\/\/www.4h.se\/bjorklundshage\/honsen\/","og_site_name":"Bj\u00f6rklunds Hage 4H-g\u00e5rd","article_modified_time":"2023-08-06T18:40:34+00:00","twitter_card":"summary_large_image","twitter_misc":{"Ber\u00e4knad l\u00e4stid":"2 minuter"},"schema":{"@context":"https:\/\/schema.org","@graph":[{"@type":"WebPage","@id":"https:\/\/www.4h.se\/bjorklundshage\/honsen\/","url":"https:\/\/www.4h.se\/bjorklundshage\/honsen\/","name":"H\u00f6nsen - Bj\u00f6rklunds Hage 4H-g\u00e5rd","isPartOf":{"@id":"https:\/\/www.4h.se\/bjorklundshage\/#website"},"datePublished":"2018-05-31T19:43:03+00:00","dateModified":"2023-08-06T18:40:34+00:00","breadcrumb":{"@id":"https:\/\/www.4h.se\/bjorklundshage\/honsen\/#breadcrumb"},"inLanguage":"sv-SE","potentialAction":[{"@type":"ReadAction","target":["https:\/\/www.4h.se\/bjorklundshage\/honsen\/"]}]},{"@type":"BreadcrumbList","@id":"https:\/\/www.4h.se\/bjorklundshage\/honsen\/#breadcrumb","itemListElement":[{"@type":"ListItem","position":1,"name":"Hem","item":"https:\/\/www.4h.se\/bjorklundshage\/"},{"@type":"ListItem","position":2,"name":"H\u00f6nsen"}]},{"@type":"WebSite","@id":"https:\/\/www.4h.se\/bjorklundshage\/#website","url":"https:\/\/www.4h.se\/bjorklundshage\/","name":"Bj\u00f6rklunds Hage 4H-g\u00e5rd","description":"","potentialAction":[{"@type":"SearchAction","target":{"@type":"EntryPoint","urlTemplate":"https:\/\/www.4h.se\/bjorklundshage\/?s={search_term_string}"},"query-input":{"@type":"PropertyValueSpecification","valueRequired":true,"valueName":"search_term_string"}}],"inLanguage":"sv-SE"}]}},"_links":{"self":[{"href":"https:\/\/www.4h.se\/bjorklundshage\/wp-json\/wp\/v2\/pages\/447","targetHints":{"allow":["GET"]}}],"collection":[{"href":"https:\/\/www.4h.se\/bjorklundshage\/wp-json\/wp\/v2\/pages"}],"about":[{"href":"https:\/\/www.4h.se\/bjorklundshage\/wp-json\/wp\/v2\/types\/page"}],"author":[{"embeddable":true,"href":"https:\/\/www.4h.se\/bjorklundshage\/wp-json\/wp\/v2\/users\/121"}],"replies":[{"embeddable":true,"href":"https:\/\/www.4h.se\/bjorklundshage\/wp-json\/wp\/v2\/comments?post=447"}],"version-history":[{"count":0,"href":"https:\/\/www.4h.se\/bjorklundshage\/wp-json\/wp\/v2\/pages\/447\/revisions"}],"wp:attachment":[{"href":"https:\/\/www.4h.se\/bjorklundshage\/wp-json\/wp\/v2\/media?parent=447"}],"curies":[{"name":"wp","href":"https:\/\/api.w.org\/{rel}","templated":true}]}}