



{"id":443,"date":"2018-05-31T21:40:03","date_gmt":"2018-05-31T19:40:03","guid":{"rendered":"http:\/\/www.4h.se\/bjorklundshage\/?page_id=443"},"modified":"2022-12-22T09:05:26","modified_gmt":"2022-12-22T08:05:26","slug":"grisarna","status":"publish","type":"page","link":"https:\/\/www.4h.se\/bjorklundshage\/grisarna\/","title":{"rendered":"Grisarna"},"content":{"rendered":"<div class=\"wpb-content-wrapper\"><p>[vc_row][vc_column width=&#8221;1\/3&#8243;][vc_single_image image=&#8221;590&#8243; img_size=&#8221;full&#8221; style=&#8221;vc_box_shadow_circle_2&#8243;][vc_column_text]<\/p>\n<h4 style=\"text-align: center\"><span style=\"color: #006340\">Grisfamiljen:<\/span><\/h4>\n<p style=\"text-align: center\">Mamma: Sugga eller so<\/p>\n<p style=\"text-align: center\">Pappa: Galt eller orne<\/p>\n<p style=\"text-align: center\">Barn: Kulting<\/p>\n<p>[\/vc_column_text][\/vc_column][vc_column width=&#8221;1\/3&#8243;][vc_column_text]<\/p>\n<h1 style=\"text-align: center\"><span style=\"color: #006340\">Grisarna<\/span><\/h1>\n<p>[\/vc_column_text][vc_column_text]<\/p>\n<h4 style=\"text-align: center\"><span style=\"color: #006340\">Till v\u00e4nster\u00a0i bilderna finner ni Pricken, medans till\u00a0h\u00f6ger ser ni Douglas.<\/span><\/h4>\n<p>[\/vc_column_text][vc_column_text]<\/p>\n<p style=\"text-align: center\">P\u00e5 v\u00e5r g\u00e5rd bor minigrisarna Pricken och Douglas. Dem f\u00f6ddes p\u00e5 Skansen i Stockholm och har nu bott p\u00e5 v\u00e5r g\u00e5rd i m\u00e5nga \u00e5r.<\/p>\n<p style=\"text-align: center\">Grisarna kan man se ute i grishagen under dagtid (9:00-16:00)<\/p>\n<p>[\/vc_column_text][vc_single_image image=&#8221;575&#8243; img_size=&#8221;full&#8221; alignment=&#8221;center&#8221; style=&#8221;vc_box_shadow_circle_2&#8243;][\/vc_column][vc_column width=&#8221;1\/3&#8243;][vc_single_image image=&#8221;594&#8243; img_size=&#8221;full&#8221; style=&#8221;vc_box_shadow_circle_2&#8243;][vc_column_text]<\/p>\n<h4 style=\"text-align: center\"><span style=\"color: #006340\">&#8221;Smutsig som en gris&#8221; \u00e4r ett vanligt uttryck vilket kan st\u00e4mma till en viss del d\u00e5 grisar g\u00e4rna rullar sig i gyttja f\u00f6r att undvika att bli solbr\u00e4nda. Annars \u00e4r grisar \u00f6verlag ett\u00a0v\u00e4ldigt\u00a0renligt djur.<\/span><\/h4>\n<p>[\/vc_column_text][\/vc_column][\/vc_row][vc_row][vc_column][vc_column_text]<\/p>\n<h3 style=\"text-align: center\"><span style=\"color: #006340\">Mer om grisen:<\/span><\/h3>\n<p>[\/vc_column_text][\/vc_column][\/vc_row][vc_row][vc_column width=&#8221;1\/4&#8243;][vc_column_text]<\/p>\n<h4 style=\"text-align: center\"><span style=\"color: #006340\">Vad \u00e4ter grisen<\/span><\/h4>\n<p style=\"text-align: center\">Grisar \u00e4r all\u00e4tare och \u00e4ter allt man serverar dem. Dock betyder inte detta att man ska mata sin minigris med vad som helst. F\u00f6r att skydda de svenska grisarna mot mul- &amp; kl\u00f6vsjuka \u00e4r det f\u00f6rbjudet att utfodra med matavfall med animaliskt inneh\u00e5ll. Rester fr\u00e5n matbordet i form av pasta, gr\u00f6nsaker, frukt, br\u00f6d etc. g\u00e5r alldeles utm\u00e4rkt att servera sin gris. Men inte n\u00e5got animaliskt allts\u00e5.<\/p>\n<p>[\/vc_column_text][\/vc_column][vc_column width=&#8221;1\/4&#8243;][vc_column_text]<\/p>\n<h4 style=\"text-align: center\"><span style=\"color: #006340\">Vikt<\/span><\/h4>\n<p style=\"text-align: center\">Normalvikten \u00e4r 50-70 kg. Men det finns minigrisar som v\u00e4ger mindre och \u00e4ven mer. Sj\u00e4lvklart \u00e4r genetik, mat och motion viktiga faktorer f\u00f6r vikten.<\/p>\n<p>[\/vc_column_text][vc_column_text]<\/p>\n<h4 style=\"text-align: center\"><span style=\"color: #006340\">Mankh\u00f6jd<\/span><\/h4>\n<p style=\"text-align: center\">Mankh\u00f6jden \u00e4r ca 50 cm. Kroppsl\u00e4ngden \u00e4r 80-100 cm men m\u00e5nga minigrisar blir inte mer \u00e4n 60-70 cm l\u00e5nga.<\/p>\n<p>[\/vc_column_text][\/vc_column][vc_column width=&#8221;1\/4&#8243;][vc_column_text]<\/p>\n<h4 style=\"text-align: center\"><span style=\"color: #006340\">Familj<\/span><\/h4>\n<p style=\"text-align: center\">Grisar \u00e4r flockdjur och de m\u00e5ste ha s\u00e4llskap. De kan allts\u00e5 inte bo sj\u00e4lva ute i lag\u00e5rn eller uthus, utan m\u00e5ste ha en kompis.<\/p>\n<p>[\/vc_column_text][vc_column_text]<\/p>\n<h4 style=\"text-align: center\"><span style=\"color: #006340\">Dr\u00e4ktig<\/span><\/h4>\n<p style=\"text-align: center\">En gris \u00e4r dr\u00e4ktig i 106-116 dygn, man brukar \u00e4ven s\u00e4ga 3 m\u00e5nader, 3 veckor och 3 dagar. Kullstorlek 4-15 kultingar.<\/p>\n<p>[\/vc_column_text][\/vc_column][vc_column width=&#8221;1\/4&#8243;][vc_column_text]<\/p>\n<h4 style=\"text-align: center\"><span style=\"color: #006340\">Kroppstemperatur<\/span><\/h4>\n<p style=\"text-align: center\">Grisar av alla raser har en h\u00f6gre kroppstemperatur \u00e4n oss m\u00e4nniskor. D\u00e4rf\u00f6r kan man ofta uppleva grisen som v\u00e4ldigt varm utan att den \u00e4r sjuk. Temperaturen ligger mellan 38,3 \u2013 40 grader och \u00e4r \u00e5ldersrelaterad.<\/p>\n<p>[\/vc_column_text][vc_column_text]<\/p>\n<h4 style=\"text-align: center\"><span style=\"color: #006340\">Hj\u00e4rtat och andning<\/span><\/h4>\n<p style=\"text-align: center\">Hj\u00e4rtfrekvensen hos en minigris \u00e4r 70-110\/min. 20-30\/min \u00e4r normal puls, det \u00e4r detsamma som antal andetag i minuten, grisen andas allts\u00e5 ungef\u00e4r dubbelt s\u00e5 snabbt som vi.<\/p>\n<p>[\/vc_column_text][\/vc_column][\/vc_row]<\/p>\n<\/div>","protected":false},"excerpt":{"rendered":"<p>[vc_row][vc_column width=&#8221;1\/3&#8243;][vc_single_image image=&#8221;590&#8243; img_size=&#8221;full&#8221; style=&#8221;vc_box_shadow_circle_2&#8243;][vc_column_text] Grisfamiljen: Mamma: Sugga eller so Pappa: Galt eller orne Barn: Kulting [\/vc_column_text][\/vc_column][vc_column width=&#8221;1\/3&#8243;][vc_column_text] Grisarna [\/vc_column_text][vc_column_text] Till v\u00e4nster\u00a0i bilderna finner ni Pricken, medans till\u00a0h\u00f6ger ser ni Douglas. [\/vc_column_text][vc_column_text] P\u00e5 v\u00e5r g\u00e5rd bor minigrisarna Pricken och Douglas. Dem f\u00f6ddes p\u00e5 Skansen i Stockholm och har nu bott p\u00e5 v\u00e5r g\u00e5rd i m\u00e5nga&nbsp; <a href=\"https:\/\/www.4h.se\/bjorklundshage\/grisarna\/\">&hellip; Read more <i class=\"glyphicon glyphicon-arrow-right\"><\/i><\/a><\/p>\n","protected":false},"author":121,"featured_media":0,"parent":0,"menu_order":0,"comment_status":"closed","ping_status":"closed","template":"","meta":{"_acf_changed":false,"footnotes":""},"class_list":["post-443","page","type-page","status-publish","hentry"],"acf":[],"yoast_head":"<!-- This site is optimized with the Yoast SEO plugin v27.5 - https:\/\/yoast.com\/product\/yoast-seo-wordpress\/ -->\n<title>Grisarna - Bj\u00f6rklunds Hage 4H-g\u00e5rd<\/title>\n<meta name=\"robots\" content=\"index, follow, max-snippet:-1, max-image-preview:large, max-video-preview:-1\" \/>\n<link rel=\"canonical\" href=\"https:\/\/www.4h.se\/bjorklundshage\/grisarna\/\" \/>\n<meta property=\"og:locale\" content=\"sv_SE\" \/>\n<meta property=\"og:type\" content=\"article\" \/>\n<meta property=\"og:title\" content=\"Grisarna - Bj\u00f6rklunds Hage 4H-g\u00e5rd\" \/>\n<meta property=\"og:description\" content=\"[vc_row][vc_column width=&#8221;1\/3&#8243;][vc_single_image image=&#8221;590&#8243; img_size=&#8221;full&#8221; style=&#8221;vc_box_shadow_circle_2&#8243;][vc_column_text] Grisfamiljen: Mamma: Sugga eller so Pappa: Galt eller orne Barn: Kulting [\/vc_column_text][\/vc_column][vc_column width=&#8221;1\/3&#8243;][vc_column_text] Grisarna [\/vc_column_text][vc_column_text] Till v\u00e4nster\u00a0i bilderna finner ni Pricken, medans till\u00a0h\u00f6ger ser ni Douglas. [\/vc_column_text][vc_column_text] P\u00e5 v\u00e5r g\u00e5rd bor minigrisarna Pricken och Douglas. Dem f\u00f6ddes p\u00e5 Skansen i Stockholm och har nu bott p\u00e5 v\u00e5r g\u00e5rd i m\u00e5nga&nbsp; &hellip; Read more\" \/>\n<meta property=\"og:url\" content=\"https:\/\/www.4h.se\/bjorklundshage\/grisarna\/\" \/>\n<meta property=\"og:site_name\" content=\"Bj\u00f6rklunds Hage 4H-g\u00e5rd\" \/>\n<meta property=\"article:modified_time\" content=\"2022-12-22T08:05:26+00:00\" \/>\n<meta name=\"twitter:card\" content=\"summary_large_image\" \/>\n<meta name=\"twitter:label1\" content=\"Ber\u00e4knad l\u00e4stid\" \/>\n\t<meta name=\"twitter:data1\" content=\"3 minuter\" \/>\n<script type=\"application\/ld+json\" class=\"yoast-schema-graph\">{\"@context\":\"https:\\\/\\\/schema.org\",\"@graph\":[{\"@type\":\"WebPage\",\"@id\":\"https:\\\/\\\/www.4h.se\\\/bjorklundshage\\\/grisarna\\\/\",\"url\":\"https:\\\/\\\/www.4h.se\\\/bjorklundshage\\\/grisarna\\\/\",\"name\":\"Grisarna - Bj\u00f6rklunds Hage 4H-g\u00e5rd\",\"isPartOf\":{\"@id\":\"https:\\\/\\\/www.4h.se\\\/bjorklundshage\\\/#website\"},\"datePublished\":\"2018-05-31T19:40:03+00:00\",\"dateModified\":\"2022-12-22T08:05:26+00:00\",\"breadcrumb\":{\"@id\":\"https:\\\/\\\/www.4h.se\\\/bjorklundshage\\\/grisarna\\\/#breadcrumb\"},\"inLanguage\":\"sv-SE\",\"potentialAction\":[{\"@type\":\"ReadAction\",\"target\":[\"https:\\\/\\\/www.4h.se\\\/bjorklundshage\\\/grisarna\\\/\"]}]},{\"@type\":\"BreadcrumbList\",\"@id\":\"https:\\\/\\\/www.4h.se\\\/bjorklundshage\\\/grisarna\\\/#breadcrumb\",\"itemListElement\":[{\"@type\":\"ListItem\",\"position\":1,\"name\":\"Hem\",\"item\":\"https:\\\/\\\/www.4h.se\\\/bjorklundshage\\\/\"},{\"@type\":\"ListItem\",\"position\":2,\"name\":\"Grisarna\"}]},{\"@type\":\"WebSite\",\"@id\":\"https:\\\/\\\/www.4h.se\\\/bjorklundshage\\\/#website\",\"url\":\"https:\\\/\\\/www.4h.se\\\/bjorklundshage\\\/\",\"name\":\"Bj\u00f6rklunds Hage 4H-g\u00e5rd\",\"description\":\"\",\"potentialAction\":[{\"@type\":\"SearchAction\",\"target\":{\"@type\":\"EntryPoint\",\"urlTemplate\":\"https:\\\/\\\/www.4h.se\\\/bjorklundshage\\\/?s={search_term_string}\"},\"query-input\":{\"@type\":\"PropertyValueSpecification\",\"valueRequired\":true,\"valueName\":\"search_term_string\"}}],\"inLanguage\":\"sv-SE\"}]}<\/script>\n<!-- \/ Yoast SEO plugin. -->","yoast_head_json":{"title":"Grisarna - Bj\u00f6rklunds Hage 4H-g\u00e5rd","robots":{"index":"index","follow":"follow","max-snippet":"max-snippet:-1","max-image-preview":"max-image-preview:large","max-video-preview":"max-video-preview:-1"},"canonical":"https:\/\/www.4h.se\/bjorklundshage\/grisarna\/","og_locale":"sv_SE","og_type":"article","og_title":"Grisarna - Bj\u00f6rklunds Hage 4H-g\u00e5rd","og_description":"[vc_row][vc_column width=&#8221;1\/3&#8243;][vc_single_image image=&#8221;590&#8243; img_size=&#8221;full&#8221; style=&#8221;vc_box_shadow_circle_2&#8243;][vc_column_text] Grisfamiljen: Mamma: Sugga eller so Pappa: Galt eller orne Barn: Kulting [\/vc_column_text][\/vc_column][vc_column width=&#8221;1\/3&#8243;][vc_column_text] Grisarna [\/vc_column_text][vc_column_text] Till v\u00e4nster\u00a0i bilderna finner ni Pricken, medans till\u00a0h\u00f6ger ser ni Douglas. [\/vc_column_text][vc_column_text] P\u00e5 v\u00e5r g\u00e5rd bor minigrisarna Pricken och Douglas. Dem f\u00f6ddes p\u00e5 Skansen i Stockholm och har nu bott p\u00e5 v\u00e5r g\u00e5rd i m\u00e5nga&nbsp; &hellip; Read more","og_url":"https:\/\/www.4h.se\/bjorklundshage\/grisarna\/","og_site_name":"Bj\u00f6rklunds Hage 4H-g\u00e5rd","article_modified_time":"2022-12-22T08:05:26+00:00","twitter_card":"summary_large_image","twitter_misc":{"Ber\u00e4knad l\u00e4stid":"3 minuter"},"schema":{"@context":"https:\/\/schema.org","@graph":[{"@type":"WebPage","@id":"https:\/\/www.4h.se\/bjorklundshage\/grisarna\/","url":"https:\/\/www.4h.se\/bjorklundshage\/grisarna\/","name":"Grisarna - Bj\u00f6rklunds Hage 4H-g\u00e5rd","isPartOf":{"@id":"https:\/\/www.4h.se\/bjorklundshage\/#website"},"datePublished":"2018-05-31T19:40:03+00:00","dateModified":"2022-12-22T08:05:26+00:00","breadcrumb":{"@id":"https:\/\/www.4h.se\/bjorklundshage\/grisarna\/#breadcrumb"},"inLanguage":"sv-SE","potentialAction":[{"@type":"ReadAction","target":["https:\/\/www.4h.se\/bjorklundshage\/grisarna\/"]}]},{"@type":"BreadcrumbList","@id":"https:\/\/www.4h.se\/bjorklundshage\/grisarna\/#breadcrumb","itemListElement":[{"@type":"ListItem","position":1,"name":"Hem","item":"https:\/\/www.4h.se\/bjorklundshage\/"},{"@type":"ListItem","position":2,"name":"Grisarna"}]},{"@type":"WebSite","@id":"https:\/\/www.4h.se\/bjorklundshage\/#website","url":"https:\/\/www.4h.se\/bjorklundshage\/","name":"Bj\u00f6rklunds Hage 4H-g\u00e5rd","description":"","potentialAction":[{"@type":"SearchAction","target":{"@type":"EntryPoint","urlTemplate":"https:\/\/www.4h.se\/bjorklundshage\/?s={search_term_string}"},"query-input":{"@type":"PropertyValueSpecification","valueRequired":true,"valueName":"search_term_string"}}],"inLanguage":"sv-SE"}]}},"_links":{"self":[{"href":"https:\/\/www.4h.se\/bjorklundshage\/wp-json\/wp\/v2\/pages\/443","targetHints":{"allow":["GET"]}}],"collection":[{"href":"https:\/\/www.4h.se\/bjorklundshage\/wp-json\/wp\/v2\/pages"}],"about":[{"href":"https:\/\/www.4h.se\/bjorklundshage\/wp-json\/wp\/v2\/types\/page"}],"author":[{"embeddable":true,"href":"https:\/\/www.4h.se\/bjorklundshage\/wp-json\/wp\/v2\/users\/121"}],"replies":[{"embeddable":true,"href":"https:\/\/www.4h.se\/bjorklundshage\/wp-json\/wp\/v2\/comments?post=443"}],"version-history":[{"count":0,"href":"https:\/\/www.4h.se\/bjorklundshage\/wp-json\/wp\/v2\/pages\/443\/revisions"}],"wp:attachment":[{"href":"https:\/\/www.4h.se\/bjorklundshage\/wp-json\/wp\/v2\/media?parent=443"}],"curies":[{"name":"wp","href":"https:\/\/api.w.org\/{rel}","templated":true}]}}