



{"id":636,"date":"2026-04-14T13:04:20","date_gmt":"2026-04-14T11:04:20","guid":{"rendered":"https:\/\/www.4h.se\/augustendal\/?page_id=636"},"modified":"2026-04-14T13:56:22","modified_gmt":"2026-04-14T11:56:22","slug":"kurser","status":"publish","type":"page","link":"https:\/\/www.4h.se\/augustendal\/kurser\/","title":{"rendered":"Kurser"},"content":{"rendered":"<div class=\"wpb-content-wrapper\"><p>[vc_row][vc_column][vc_column_text css=&#8221;&#8221;]<\/p>\n<h1>Kurser<\/h1>\n<p>Vi har en m\u00e4ngd olika kurser p\u00e5 g\u00e5rden. V\u00e5ra kurser \u00e4r till f\u00f6r barn i \u00e5ldern 2-12 \u00e5r som vill utveckla sitt djurintresse, v\u00e4xa som personer och ha kul med kompisar. Nedan finns information om de kurser som vi erbjuder samt hur man anm\u00e4ler sig. F\u00f6r att delta vid kurs kr\u00e4vs ett medlemskap i Augustendals 4h. Mer information finns under anm\u00e4lan.[\/vc_column_text][\/vc_column][\/vc_row][vc_row][vc_column][vc_separator color=&#8221;green&#8221; style=&#8221;dotted&#8221; border_width=&#8221;4&#8243; css=&#8221;&#8221;][\/vc_column][\/vc_row][vc_row][vc_column width=&#8221;1\/2&#8243;][vc_column_text css=&#8221;&#8221;]<\/p>\n<h2>Djursk\u00f6tarkurs<\/h2>\n<p><em>En kurs d\u00e4r man l\u00e4r sig hur man sk\u00f6ter alla djuren p\u00e5 g\u00e5rden!<\/em><\/p>\n<p>Barnen kommer en g\u00e5ng i veckan och tar hand om g\u00e5rdens alla djur med undantag fr\u00e5n s\u00e4rskilda lovveckor och r\u00f6da dagar. Varje vecka g\u00f6r vi olika aktiviteter med djuren, tex tar promenader med f\u00e5r och getter, borstar h\u00e4starna, \u00e5ker h\u00e4st och vagn och massor av annat skoj. P\u00e5 g\u00e5rden har vi h\u00e4star, f\u00e5r, getter, h\u00f6ns, kaniner och en katt.<\/p>\n<p><em>Det kr\u00e4vs ingen tidigare erfarenhet av djur f\u00f6r att delta i kursen, bara ett djurintresse!<\/em><\/p>\n<p>M\u00e5let med kursen \u00e4r att barnen p\u00e5 ett avslappnat och roligt s\u00e4tt skall f\u00e5 k\u00e4nnedom om grunderna inom djurh\u00e5llning och naturbruk genom ett praktiskt och teoretiskt l\u00e4rande. Vi rekommenderar inte att barn med stor r\u00e4dsla f\u00f6r djur anm\u00e4ler sig till kursen.<\/p>\n<p>Gruppen h\u00e5lls av ungdomsledare med handledning av g\u00e5rdens personal. F\u00f6r\u00e4ldrar \u00e4r inte n\u00e4rvarande under kursen.[\/vc_column_text][\/vc_column][vc_column width=&#8221;1\/2&#8243;][vc_column_text css=&#8221;&#8221;]&nbsp;<\/p>\n<h4 style=\"text-align: center;\"><strong>\u00c5lder:<\/strong> 7-12 \u00e5r<br \/>\n<strong style=\"color: inherit;\">Kursavgift:<\/strong><span style=\"color: inherit;\">&nbsp;1400 kr \u2013 f\u00f6r en termin<br \/>\n<\/span><strong>Medlemsavgift:<\/strong>&nbsp;270 kr Obs! Det \u00e4r barnet som ska vara medlem<\/h4>\n<h4 style=\"text-align: center;\"><strong>Datum: <\/strong><span style=\"color: inherit;\">v.4 &#8211; v.23<\/span><\/h4>\n<p style=\"text-align: center;\"><strong>Anm\u00e4lan sker via l\u00e4nken nedan:<br \/>\n<a href=\"https:\/\/www.antribe.com\/org\/4h\/augustendals-4h\/event\" target=\"_blank\" rel=\"noopener\">Evenemang-Augustendals 4H-Antribe<\/a><\/strong>.<\/p>\n<p>[\/vc_column_text][vc_empty_space][\/vc_column][\/vc_row][vc_row][vc_column][vc_separator color=&#8221;green&#8221; css=&#8221;&#8221;][\/vc_column][\/vc_row][vc_row][vc_column width=&#8221;1\/2&#8243;][vc_column_text css=&#8221;&#8221;]<\/p>\n<h2>H\u00e4stkurs<\/h2>\n<p>H\u00e4stkursen \u00e4r en nyb\u00f6rjarkurs och riktar sig till barn mellan 4-6 \u00e5r gamla. M\u00e5let \u00e4r att deltagarna p\u00e5 ett roligt och avslappnat s\u00e4tt under kursens g\u00e5ng skall bli bekanta med grunderna inom h\u00e4st och stallsk\u00f6tsel p\u00e5 v\u00e5ra 3 shetlandsponny. Ingen ridning sker under kurstillf\u00e4llena. Barnen kommer att f\u00e5 bekanta sig med h\u00e4starna d\u00e4r vi l\u00e4r oss vad h\u00e4stens borstar heter, s\u00e4kerhet kring h\u00e4starna, hur man ryktar en h\u00e4st, barnen kommer ocks\u00e5 f\u00e5 l\u00e4ra sig hur man sk\u00f6ter om en h\u00e4st s\u00e5 som fodra och mocka samt f\u00e5 g\u00e5 p\u00e5 h\u00e4stpromenad. Ridhj\u00e4lm anv\u00e4nds alltid vid all h\u00e4sthantering, hj\u00e4lm finns att l\u00e5na hos oss.<\/p>\n<p>V\u00e4nligen notera att det inte \u00e4r till\u00e5tet f\u00f6r deltagaren att ta med kompisar eller syskon till kursen. F\u00f6r\u00e4ldrar deltar inte under kursen. F\u00f6rs\u00f6k att n\u00e4rvara alla g\u00e5nger d\u00e5 det inte finns n\u00e5gon m\u00f6jlighet att ta igen missade tillf\u00e4llen.<\/p>\n<p>Denna kurs \u00e4r uppdelad p\u00e5 4 g\u00e5nger och h\u00e5ller p\u00e5 i 60 minuter per tillf\u00e4lle.<\/p>\n<p>Vi m\u00f6ts alltid p\u00e5 Augustendals stallplan f\u00f6r upprop.[\/vc_column_text][\/vc_column][vc_column width=&#8221;1\/2&#8243;][vc_column_text css=&#8221;&#8221;]<\/p>\n<h4 style=\"text-align: center;\"><strong>\u00c5lder:<\/strong> 4-6 \u00e5r<br \/>\n<strong style=\"color: inherit;\">Kursavgift:<\/strong><span style=\"color: inherit;\"> 900 kr. \/4 g\u00e5nger<br \/>\n<\/span><strong style=\"color: inherit;\">Medlemsavgift:<\/strong><span style=\"color: inherit;\">&nbsp;270 kr Obs! Det \u00e4r barnet som ska vara medlem<\/span><\/h4>\n<h4 style=\"text-align: center;\"><strong>Datum: <\/strong>ej fastst\u00e4llt<\/h4>\n<p style=\"text-align: center;\"><strong>Anm\u00e4lan sker via l\u00e4nken nedan:<\/strong><br \/>\n<strong><a href=\"https:\/\/www.antribe.com\/org\/4h\/augustendals-4h\/event\" target=\"_blank\" rel=\"noopener\">Evenemang-Augustendals 4H-Antribe<\/a><\/strong><\/p>\n<p>[\/vc_column_text][\/vc_column][\/vc_row][vc_row][vc_column][vc_separator color=&#8221;green&#8221; css=&#8221;&#8221;][\/vc_column][\/vc_row][vc_row][vc_column width=&#8221;1\/2&#8243;][vc_column_text css=&#8221;&#8221;]<\/p>\n<div class=\"vc_row wpb_row vc_row-fluid\">\n<div class=\"wpb_column vc_column_container vc_col-sm-12\">\n<div class=\"vc_column-inner\">\n<div class=\"wpb_wrapper\">\n<div class=\"wpb_text_column wpb_content_element\">\n<div class=\"wpb_wrapper\">\n<h2>H\u00e4st vid hand<\/h2>\n<\/div>\n<\/div>\n<\/div>\n<\/div>\n<\/div>\n<\/div>\n<div class=\"vc_row wpb_row vc_row-fluid\">\n<div class=\"wpb_column vc_column_container vc_col-sm-12\">\n<div class=\"vc_column-inner\">\n<div class=\"wpb_wrapper\">\n<div class=\"vc_separator wpb_content_element vc_separator_align_center vc_sep_width_100 vc_sep_dotted vc_sep_border_width_3 vc_sep_pos_align_center vc_separator_no_text vc_sep_color_green wpb_content_element wpb_content_element\">\n<p>H\u00e4r f\u00e5r du l\u00e4ra dig att hantera h\u00e4starna fr\u00e5n marken. Ni kommer att leda h\u00e4starna och g\u00f6ra olika \u00f6vningar som att leda \u00f6ver bommar, runt koner, f\u00e5 h\u00e4starna att backa, stanna, sv\u00e4nga och trava. Ni kommer ocks\u00e5 f\u00e5 l\u00e4ra er att s\u00e4tta p\u00e5 grimma, tr\u00e4ns samt att borsta h\u00e4starna och annan h\u00e4stkunskap. Man kommer \u00e4ven f\u00e5 testa p\u00e5 t\u00f6mk\u00f6rning.<\/p>\n<\/div>\n<p>Ingen tidigare h\u00e4stvana kr\u00e4vs, vi anpassar efter varje deltagare s\u00e5 b\u00e5de ovana och lite mer h\u00e4stvana kan g\u00e5 samma kurs. En utm\u00e4rkt kurs att g\u00e5 innan man ska b\u00f6rja ridskola eller bara vill l\u00e4ra sig hantering av h\u00e4st!<\/p>\n<\/div>\n<\/div>\n<\/div>\n<\/div>\n<p>[\/vc_column_text][\/vc_column][vc_column width=&#8221;1\/2&#8243;][vc_column_text css=&#8221;&#8221;]<\/p>\n<h4 style=\"text-align: center;\"><strong>\u00c5lder:<\/strong> 7 \u00e5r och upp\u00e5t<br \/>\n<strong style=\"color: inherit;\">Kursavgift:<\/strong><span style=\"color: inherit;\">&nbsp;1000 kr. \/ 4 g\u00e5nger<br \/>\n<\/span><strong>Medlemsavgift:<\/strong>&nbsp;270 kr<\/h4>\n<h4 style=\"text-align: center;\"><strong>Datum: <\/strong><span style=\"color: inherit;\">ej fastst\u00e4llt<\/span><\/h4>\n<p style=\"text-align: center;\"><strong>Anm\u00e4lan sker via l\u00e4nken nedan:<br \/>\n<a href=\"https:\/\/www.antribe.com\/org\/4h\/augustendals-4h\/event\" target=\"_blank\" rel=\"noopener\">Evenemang-Augustendals 4H-Antribe<\/a><\/strong><\/p>\n<p>[\/vc_column_text][\/vc_column][\/vc_row][vc_row][vc_column][vc_separator color=&#8221;green&#8221; css=&#8221;&#8221;][\/vc_column][\/vc_row][vc_row][vc_column width=&#8221;1\/2&#8243;][vc_column_text css=&#8221;&#8221;]<\/p>\n<h2><strong>Mini 4H<\/strong><\/h2>\n<p>H\u00e4r f\u00e5r barnen sin f\u00f6rsta kontakt med djuren p\u00e5 g\u00e5rden. Vi h\u00e4lsar p\u00e5 alla djuren, klappar, borstar och matar dem tillsammans. Kanske tar vi en promenad med f\u00e5ren, plockar \u00e4gg fr\u00e5n h\u00f6nshuset eller provar p\u00e5 att borsta en h\u00e4st. Vi kommer ocks\u00e5 att titta n\u00e4rmare p\u00e5 stallet f\u00f6r att se var djuren sover och \u00e4ter.<\/p>\n<p>Vi har tv\u00e5 grupper. 2-3 samt 4-5 \u00e5r.<br \/>\nVid kursen f\u00f6r 2-3 \u00e5r skall deltagaren ha med sig en f\u00f6r\u00e4lder eller annan vuxen som ansvarar f\u00f6r barnet. Denna kurs \u00e4r 30 min l\u00e5ng.<br \/>\nF\u00f6r 4-5 \u00e5r n\u00e4rvarar inte anh\u00f6rig vuxen. Denna kurs \u00e4r 45 min l\u00e5ng.[\/vc_column_text][\/vc_column][vc_column width=&#8221;1\/2&#8243;][vc_column_text css=&#8221;&#8221;]<\/p>\n<h4 style=\"text-align: center;\"><strong>\u00c5lder:<\/strong> 2-3 <em>och<\/em> 4-5 \u00e5r<br \/>\n<strong>Kursavgift:<\/strong> 800kr f\u00f6r <strong>2-3\u00e5r<\/strong>. 900 kr f\u00f6r <strong>4-5 \u00e5r<\/strong>. \/ 4 g\u00e5nger<br \/>\n<strong>Medlemsavgift:<\/strong>&nbsp;270 kr Obs! Det \u00e4r barnet som ska vara medlem<\/h4>\n<h4 style=\"text-align: center;\"><strong>Datum: <\/strong><span style=\"color: inherit;\">v.5 &#8211; v.19<\/span><\/h4>\n<p style=\"text-align: center;\"><strong>Anm\u00e4lan sker via l\u00e4nken nedan:<br \/>\n<a href=\"https:\/\/www.antribe.com\/org\/4h\/augustendals-4h\/event\" target=\"_blank\" rel=\"noopener\">Evenemang-Augustendals 4H-Antribe<\/a><\/strong><\/p>\n<p>[\/vc_column_text][\/vc_column][\/vc_row][vc_row][vc_column][vc_separator color=&#8221;green&#8221; css=&#8221;&#8221;][\/vc_column][\/vc_row][vc_row][vc_column width=&#8221;1\/2&#8243;][vc_column_text css=&#8221;&#8221;]<\/p>\n<h2>Mellan 4H<\/h2>\n<div>Mellan-4H \u00e4r en kurs f\u00f6r sex\u00e5ringar som \u00e4r intresserade av djur och natur. Varje g\u00e5ng l\u00e4r vi oss om ett nytt djur p\u00e5 g\u00e5rden genom att borsta, klappa och hj\u00e4lpas \u00e5t att mata djuren. Vi kommer \u00e4ven prova p\u00e5 att g\u00e5 med f\u00e5r, borsta getter och mycket annat skoj. P\u00e5 g\u00e5rden bor olika djur s\u00e5 som helsinge f\u00e5r, j\u00e4mtgetter, \u00f6l\u00e4ndska dv\u00e4rgh\u00f6ns, kaniner, katt, shetlandsponnyer och en ardenner.<\/div>\n<div>F\u00f6r\u00e4ldrar deltar inte p\u00e5 kursen.<\/p>\n<p>Denna kurs \u00e4r uppdelad p\u00e5 fyra g\u00e5nger och h\u00e5ller p\u00e5 i 60 minuter per tillf\u00e4lle.<\/p>\n<\/div>\n<p>[\/vc_column_text][\/vc_column][vc_column width=&#8221;1\/2&#8243;][vc_column_text css=&#8221;&#8221;]<\/p>\n<h4 style=\"text-align: center;\"><strong>\u00c5lder:<\/strong>&nbsp;6 \u00e5r<br \/>\n<strong>Kursavgift:<\/strong>&nbsp;950 kr. \/ 4 g\u00e5nger<br \/>\n<strong>Medlemsavgift:<\/strong>&nbsp;270 kr Obs! Det \u00e4r barnet som ska vara medlem<\/h4>\n<h4 style=\"text-align: center;\"><strong>Datum: <\/strong><span style=\"color: inherit;\">v.5 &#8211; v.19<\/span><\/h4>\n<p style=\"text-align: center;\"><strong>Anm\u00e4lan sker via l\u00e4nken nedan:<br \/>\n<a href=\"https:\/\/www.antribe.com\/org\/4h\/augustendals-4h\/event\" target=\"_blank\" rel=\"noopener\">Evenemang-Augustendals 4H-Antribe<\/a><\/strong><\/p>\n<p>[\/vc_column_text][\/vc_column][\/vc_row][vc_row][vc_column][vc_separator color=&#8221;green&#8221; css=&#8221;&#8221;][\/vc_column][\/vc_row][vc_row][vc_column width=&#8221;1\/2&#8243;][vc_column_text css=&#8221;&#8221;]<\/p>\n<div class=\"wpb_text_column wpb_content_element\">\n<div class=\"wpb_wrapper\">\n<h1><strong>Anpassad 4H Grupp<\/strong><\/h1>\n<\/div>\n<\/div>\n<div class=\"vc_separator wpb_content_element vc_separator_align_center vc_sep_width_100 vc_sep_dotted vc_sep_border_width_4 vc_sep_pos_align_center vc_separator_no_text vc_sep_color_green wpb_content_element wpb_content_element\">\n<p>Under 4 g\u00e5nger, 1 dag i veckan ses vi och l\u00e4r oss att ta hand om g\u00e5rdens djur. Vi bekantar oss med djuren, provar p\u00e5 att g\u00f6ra praktiska sysslor i stallet samt g\u00f6r aktiviteter ihop med dem. Efter kursen kommer deltagaren ha l\u00e4rt sig om grundl\u00e4ggande sk\u00f6tsel utav de vanligaste g\u00e5rdsdjuren. Vi varvar teori och praktiskt l\u00e4rande f\u00f6r att alla deltagare ska ha en chans att l\u00e4ra sig p\u00e5 b\u00e4sta s\u00e4tt. P\u00e5 g\u00e5rden har vi h\u00e4star, f\u00e5r, getter, h\u00f6ns, kaniner och en katt. Vi anpassar aktiviteterna efter v\u00e4der och deltagare.<\/p>\n<\/div>\n<p>[\/vc_column_text][vc_column_text css=&#8221;&#8221;]<em>Kursen \u00e4r p\u00e5 grundl\u00e4ggande niv\u00e5 och det kr\u00e4vs ingen tidigare erfarenhet av djur f\u00f6r att delta i kursen, bara ett djurintresse!<\/p>\n<p><\/em>Det \u00e4r valfritt om ert barn \u00f6nskar en medf\u00f6ljande vuxen under kursens g\u00e5ng.<em><br \/>\n<\/em><\/p>\n<div class=\"wpb_text_column wpb_content_element\">\n<div class=\"wpb_wrapper\"><\/div>\n<\/div>\n<p>[\/vc_column_text][\/vc_column][vc_column width=&#8221;1\/2&#8243;][vc_column_text css=&#8221;&#8221;]<\/p>\n<h4 style=\"text-align: center;\"><strong>\u00c5lder:&nbsp;<\/strong>8-12 \u00e5r<br \/>\n<strong>Kursavgift:&nbsp;<\/strong>650 kr<strong><br \/>\n<\/strong><strong>Medlemsavgift<\/strong><strong>:&nbsp;<\/strong>270 kr Obs! Det \u00e4r barnet som ska vara medlem<\/h4>\n<h4 style=\"text-align: center;\"><strong>Datum: <\/strong><span style=\"color: inherit;\">\u00e4nnu ej fastst\u00e4llt<\/span><\/h4>\n<p style=\"text-align: center;\"><strong>Anm\u00e4lan sker via l\u00e4nken nedan:<br \/>\n<a href=\"https:\/\/www.antribe.com\/org\/4h\/augustendals-4h\/event\" target=\"_blank\" rel=\"noopener\">Evenemang-Augustendals 4H-Antribe<\/a><\/strong><\/p>\n<p>[\/vc_column_text][\/vc_column][\/vc_row]<\/p>\n<\/div>","protected":false},"excerpt":{"rendered":"<p>[vc_row][vc_column][vc_column_text css=&#8221;&#8221;] Kurser Vi har en m\u00e4ngd olika kurser p\u00e5 g\u00e5rden. V\u00e5ra kurser \u00e4r till f\u00f6r barn i \u00e5ldern 2-12 \u00e5r som vill utveckla sitt djurintresse, v\u00e4xa som personer och ha kul med kompisar. Nedan finns information om de kurser som vi erbjuder samt hur man anm\u00e4ler sig. F\u00f6r att delta vid kurs kr\u00e4vs ett&nbsp; <a href=\"https:\/\/www.4h.se\/augustendal\/kurser\/\">&hellip; Read more <i class=\"glyphicon glyphicon-arrow-right\"><\/i><\/a><\/p>\n","protected":false},"author":248,"featured_media":0,"parent":0,"menu_order":0,"comment_status":"closed","ping_status":"closed","template":"","meta":{"footnotes":""},"class_list":["post-636","page","type-page","status-publish","hentry"],"yoast_head":"<!-- This site is optimized with the Yoast SEO plugin v27.4 - https:\/\/yoast.com\/product\/yoast-seo-wordpress\/ -->\n<title>Kurser - Augustendals 4H-g\u00e5rd<\/title>\n<meta name=\"robots\" content=\"index, follow, max-snippet:-1, max-image-preview:large, max-video-preview:-1\" \/>\n<link rel=\"canonical\" href=\"https:\/\/www.4h.se\/augustendal\/kurser\/\" \/>\n<meta property=\"og:locale\" content=\"sv_SE\" \/>\n<meta property=\"og:type\" content=\"article\" \/>\n<meta property=\"og:title\" content=\"Kurser - Augustendals 4H-g\u00e5rd\" \/>\n<meta property=\"og:description\" content=\"[vc_row][vc_column][vc_column_text css=&#8221;&#8221;] Kurser Vi har en m\u00e4ngd olika kurser p\u00e5 g\u00e5rden. V\u00e5ra kurser \u00e4r till f\u00f6r barn i \u00e5ldern 2-12 \u00e5r som vill utveckla sitt djurintresse, v\u00e4xa som personer och ha kul med kompisar. Nedan finns information om de kurser som vi erbjuder samt hur man anm\u00e4ler sig. F\u00f6r att delta vid kurs kr\u00e4vs ett&nbsp; &hellip; Read more\" \/>\n<meta property=\"og:url\" content=\"https:\/\/www.4h.se\/augustendal\/kurser\/\" \/>\n<meta property=\"og:site_name\" content=\"Augustendals 4H-g\u00e5rd\" \/>\n<meta property=\"article:modified_time\" content=\"2026-04-14T11:56:22+00:00\" \/>\n<meta name=\"twitter:card\" content=\"summary_large_image\" \/>\n<meta name=\"twitter:label1\" content=\"Ber\u00e4knad l\u00e4stid\" \/>\n\t<meta name=\"twitter:data1\" content=\"7 minuter\" \/>\n<script type=\"application\/ld+json\" class=\"yoast-schema-graph\">{\"@context\":\"https:\\\/\\\/schema.org\",\"@graph\":[{\"@type\":\"WebPage\",\"@id\":\"https:\\\/\\\/www.4h.se\\\/augustendal\\\/kurser\\\/\",\"url\":\"https:\\\/\\\/www.4h.se\\\/augustendal\\\/kurser\\\/\",\"name\":\"Kurser - Augustendals 4H-g\u00e5rd\",\"isPartOf\":{\"@id\":\"https:\\\/\\\/www.4h.se\\\/augustendal\\\/#website\"},\"datePublished\":\"2026-04-14T11:04:20+00:00\",\"dateModified\":\"2026-04-14T11:56:22+00:00\",\"breadcrumb\":{\"@id\":\"https:\\\/\\\/www.4h.se\\\/augustendal\\\/kurser\\\/#breadcrumb\"},\"inLanguage\":\"sv-SE\",\"potentialAction\":[{\"@type\":\"ReadAction\",\"target\":[\"https:\\\/\\\/www.4h.se\\\/augustendal\\\/kurser\\\/\"]}]},{\"@type\":\"BreadcrumbList\",\"@id\":\"https:\\\/\\\/www.4h.se\\\/augustendal\\\/kurser\\\/#breadcrumb\",\"itemListElement\":[{\"@type\":\"ListItem\",\"position\":1,\"name\":\"Hem\",\"item\":\"https:\\\/\\\/www.4h.se\\\/augustendal\\\/\"},{\"@type\":\"ListItem\",\"position\":2,\"name\":\"Kurser\"}]},{\"@type\":\"WebSite\",\"@id\":\"https:\\\/\\\/www.4h.se\\\/augustendal\\\/#website\",\"url\":\"https:\\\/\\\/www.4h.se\\\/augustendal\\\/\",\"name\":\"Augustendals 4H-g\u00e5rd\",\"description\":\"\",\"potentialAction\":[{\"@type\":\"SearchAction\",\"target\":{\"@type\":\"EntryPoint\",\"urlTemplate\":\"https:\\\/\\\/www.4h.se\\\/augustendal\\\/?s={search_term_string}\"},\"query-input\":{\"@type\":\"PropertyValueSpecification\",\"valueRequired\":true,\"valueName\":\"search_term_string\"}}],\"inLanguage\":\"sv-SE\"}]}<\/script>\n<!-- \/ Yoast SEO plugin. -->","yoast_head_json":{"title":"Kurser - Augustendals 4H-g\u00e5rd","robots":{"index":"index","follow":"follow","max-snippet":"max-snippet:-1","max-image-preview":"max-image-preview:large","max-video-preview":"max-video-preview:-1"},"canonical":"https:\/\/www.4h.se\/augustendal\/kurser\/","og_locale":"sv_SE","og_type":"article","og_title":"Kurser - Augustendals 4H-g\u00e5rd","og_description":"[vc_row][vc_column][vc_column_text css=&#8221;&#8221;] Kurser Vi har en m\u00e4ngd olika kurser p\u00e5 g\u00e5rden. V\u00e5ra kurser \u00e4r till f\u00f6r barn i \u00e5ldern 2-12 \u00e5r som vill utveckla sitt djurintresse, v\u00e4xa som personer och ha kul med kompisar. Nedan finns information om de kurser som vi erbjuder samt hur man anm\u00e4ler sig. F\u00f6r att delta vid kurs kr\u00e4vs ett&nbsp; &hellip; Read more","og_url":"https:\/\/www.4h.se\/augustendal\/kurser\/","og_site_name":"Augustendals 4H-g\u00e5rd","article_modified_time":"2026-04-14T11:56:22+00:00","twitter_card":"summary_large_image","twitter_misc":{"Ber\u00e4knad l\u00e4stid":"7 minuter"},"schema":{"@context":"https:\/\/schema.org","@graph":[{"@type":"WebPage","@id":"https:\/\/www.4h.se\/augustendal\/kurser\/","url":"https:\/\/www.4h.se\/augustendal\/kurser\/","name":"Kurser - Augustendals 4H-g\u00e5rd","isPartOf":{"@id":"https:\/\/www.4h.se\/augustendal\/#website"},"datePublished":"2026-04-14T11:04:20+00:00","dateModified":"2026-04-14T11:56:22+00:00","breadcrumb":{"@id":"https:\/\/www.4h.se\/augustendal\/kurser\/#breadcrumb"},"inLanguage":"sv-SE","potentialAction":[{"@type":"ReadAction","target":["https:\/\/www.4h.se\/augustendal\/kurser\/"]}]},{"@type":"BreadcrumbList","@id":"https:\/\/www.4h.se\/augustendal\/kurser\/#breadcrumb","itemListElement":[{"@type":"ListItem","position":1,"name":"Hem","item":"https:\/\/www.4h.se\/augustendal\/"},{"@type":"ListItem","position":2,"name":"Kurser"}]},{"@type":"WebSite","@id":"https:\/\/www.4h.se\/augustendal\/#website","url":"https:\/\/www.4h.se\/augustendal\/","name":"Augustendals 4H-g\u00e5rd","description":"","potentialAction":[{"@type":"SearchAction","target":{"@type":"EntryPoint","urlTemplate":"https:\/\/www.4h.se\/augustendal\/?s={search_term_string}"},"query-input":{"@type":"PropertyValueSpecification","valueRequired":true,"valueName":"search_term_string"}}],"inLanguage":"sv-SE"}]}},"_links":{"self":[{"href":"https:\/\/www.4h.se\/augustendal\/wp-json\/wp\/v2\/pages\/636","targetHints":{"allow":["GET"]}}],"collection":[{"href":"https:\/\/www.4h.se\/augustendal\/wp-json\/wp\/v2\/pages"}],"about":[{"href":"https:\/\/www.4h.se\/augustendal\/wp-json\/wp\/v2\/types\/page"}],"author":[{"embeddable":true,"href":"https:\/\/www.4h.se\/augustendal\/wp-json\/wp\/v2\/users\/248"}],"replies":[{"embeddable":true,"href":"https:\/\/www.4h.se\/augustendal\/wp-json\/wp\/v2\/comments?post=636"}],"version-history":[{"count":0,"href":"https:\/\/www.4h.se\/augustendal\/wp-json\/wp\/v2\/pages\/636\/revisions"}],"wp:attachment":[{"href":"https:\/\/www.4h.se\/augustendal\/wp-json\/wp\/v2\/media?parent=636"}],"curies":[{"name":"wp","href":"https:\/\/api.w.org\/{rel}","templated":true}]}}