



{"id":621,"date":"2026-03-19T10:41:38","date_gmt":"2026-03-19T09:41:38","guid":{"rendered":"https:\/\/www.4h.se\/augustendal\/?page_id=621"},"modified":"2026-03-23T10:41:43","modified_gmt":"2026-03-23T09:41:43","slug":"anpassad-4h-grupp","status":"publish","type":"page","link":"https:\/\/www.4h.se\/augustendal\/aktiviteter\/anpassad-4h-grupp\/","title":{"rendered":"Anpassad 4H Grupp"},"content":{"rendered":"<div class=\"wpb-content-wrapper\"><p>[vc_row][vc_column][vc_column_text css=&#8221;&#8221;]<\/p>\n<h1 style=\"text-align: center;\"><strong>Anpassad 4H Grupp<\/strong><\/h1>\n<p>[\/vc_column_text][vc_separator color=&#8221;green&#8221; style=&#8221;dotted&#8221; border_width=&#8221;4&#8243; css=&#8221;&#8221;][vc_column_text css=&#8221;&#8221;][\/vc_column_text][\/vc_column][\/vc_row][vc_row][vc_column width=&#8221;1\/2&#8243;][vc_column_text css=&#8221;&#8221;]<b>Anpassad 4H-grupp f\u00f6r barn som \u00e4r i behov av extra st\u00f6d i mindre grupp.<\/b><\/p>\n<p>Under 4 g\u00e5nger, 1 dag i veckan ses vi och l\u00e4r oss att ta hand om g\u00e5rdens djur. Vi bekantar oss med djuren, provar p\u00e5 att g\u00f6ra praktiska sysslor i stallet samt g\u00f6r aktiviteter ihop med dem. Efter kursen kommer deltagaren ha l\u00e4rt sig om grundl\u00e4ggande sk\u00f6tsel utav de vanligaste g\u00e5rdsdjuren. Vi varvar teori och praktiskt l\u00e4rande f\u00f6r att alla deltagare ska ha en chans att l\u00e4ra sig p\u00e5 b\u00e4sta s\u00e4tt. P\u00e5 g\u00e5rden har vi h\u00e4star, f\u00e5r, getter, h\u00f6ns, kaniner och en katt. Vi anpassar aktiviteterna efter v\u00e4der och deltagare.<\/p>\n<p><em>Kursen \u00e4r p\u00e5 grundl\u00e4ggande niv\u00e5 och det kr\u00e4vs ingen tidigare erfarenhet av djur f\u00f6r att delta i kursen, bara ett djurintresse!<\/em><\/p>\n<p>Det \u00e4r valfritt om ert barn \u00f6nskar en medf\u00f6ljande vuxen under kursens g\u00e5ng.[\/vc_column_text][vc_column_text css=&#8221;&#8221;]<\/p>\n<p style=\"text-align: center;\"><strong>&nbsp;<\/strong><\/p>\n<p>[\/vc_column_text][\/vc_column][vc_column width=&#8221;1\/2&#8243;][vc_column_text css=&#8221;&#8221;]<\/p>\n<h4 style=\"text-align: left;\"><strong>\u00c5lder: <\/strong>8-12 \u00e5r<br \/>\n<strong>Kursdatum: <\/strong>16\/4, 23\/4, 7\/4, 21\/4<br \/>\n<strong>Kursavgift: <\/strong>650 kr<strong><br \/>\n<\/strong><strong>Medlemsavgift<\/strong><strong>: <\/strong>270 kr<\/h4>\n<p>[\/vc_column_text][\/vc_column][\/vc_row][vc_row][vc_column][vc_column_text css=&#8221;&#8221;]<\/p>\n<p style=\"text-align: center;\"><strong>Anm\u00e4lan sker via l\u00e4nken nedan:<br \/>\n<a href=\"https:\/\/www.antribe.com\/org\/4h\/augustendals-4h\/event\/anpassadgrupp-torsdagar-vt-2026\">https:\/\/www.antribe.com\/org\/4h\/augustendals-4h\/event\/anpassadgrupp-torsdagar-vt-2026<\/a><br \/>\n<\/strong><\/p>\n<p>[\/vc_column_text][\/vc_column][\/vc_row]<\/p>\n<\/div>","protected":false},"excerpt":{"rendered":"<p>[vc_row][vc_column][vc_column_text css=&#8221;&#8221;] Anpassad 4H Grupp [\/vc_column_text][vc_separator color=&#8221;green&#8221; style=&#8221;dotted&#8221; border_width=&#8221;4&#8243; css=&#8221;&#8221;][vc_column_text css=&#8221;&#8221;][\/vc_column_text][\/vc_column][\/vc_row][vc_row][vc_column width=&#8221;1\/2&#8243;][vc_column_text css=&#8221;&#8221;]Anpassad 4H-grupp f\u00f6r barn som \u00e4r i behov av extra st\u00f6d i mindre grupp. Under 4 g\u00e5nger, 1 dag i veckan ses vi och l\u00e4r oss att ta hand om g\u00e5rdens djur. Vi bekantar oss med djuren, provar p\u00e5 att g\u00f6ra praktiska sysslor&nbsp; <a href=\"https:\/\/www.4h.se\/augustendal\/aktiviteter\/anpassad-4h-grupp\/\">&hellip; Read more <i class=\"glyphicon glyphicon-arrow-right\"><\/i><\/a><\/p>\n","protected":false},"author":248,"featured_media":0,"parent":246,"menu_order":0,"comment_status":"closed","ping_status":"closed","template":"","meta":{"_acf_changed":false,"footnotes":""},"class_list":["post-621","page","type-page","status-publish","hentry"],"acf":[],"yoast_head":"<!-- This site is optimized with the Yoast SEO plugin v27.5 - https:\/\/yoast.com\/product\/yoast-seo-wordpress\/ -->\n<title>Anpassad 4H Grupp - Augustendals 4H-g\u00e5rd<\/title>\n<meta name=\"robots\" content=\"index, follow, max-snippet:-1, max-image-preview:large, max-video-preview:-1\" \/>\n<link rel=\"canonical\" href=\"https:\/\/www.4h.se\/augustendal\/aktiviteter\/anpassad-4h-grupp\/\" \/>\n<meta property=\"og:locale\" content=\"sv_SE\" \/>\n<meta property=\"og:type\" content=\"article\" \/>\n<meta property=\"og:title\" content=\"Anpassad 4H Grupp - Augustendals 4H-g\u00e5rd\" \/>\n<meta property=\"og:description\" content=\"[vc_row][vc_column][vc_column_text css=&#8221;&#8221;] Anpassad 4H Grupp [\/vc_column_text][vc_separator color=&#8221;green&#8221; style=&#8221;dotted&#8221; border_width=&#8221;4&#8243; css=&#8221;&#8221;][vc_column_text css=&#8221;&#8221;][\/vc_column_text][\/vc_column][\/vc_row][vc_row][vc_column width=&#8221;1\/2&#8243;][vc_column_text css=&#8221;&#8221;]Anpassad 4H-grupp f\u00f6r barn som \u00e4r i behov av extra st\u00f6d i mindre grupp. Under 4 g\u00e5nger, 1 dag i veckan ses vi och l\u00e4r oss att ta hand om g\u00e5rdens djur. Vi bekantar oss med djuren, provar p\u00e5 att g\u00f6ra praktiska sysslor&nbsp; &hellip; Read more\" \/>\n<meta property=\"og:url\" content=\"https:\/\/www.4h.se\/augustendal\/aktiviteter\/anpassad-4h-grupp\/\" \/>\n<meta property=\"og:site_name\" content=\"Augustendals 4H-g\u00e5rd\" \/>\n<meta property=\"article:modified_time\" content=\"2026-03-23T09:41:43+00:00\" \/>\n<meta name=\"twitter:card\" content=\"summary_large_image\" \/>\n<script type=\"application\/ld+json\" class=\"yoast-schema-graph\">{\"@context\":\"https:\\\/\\\/schema.org\",\"@graph\":[{\"@type\":\"WebPage\",\"@id\":\"https:\\\/\\\/www.4h.se\\\/augustendal\\\/aktiviteter\\\/anpassad-4h-grupp\\\/\",\"url\":\"https:\\\/\\\/www.4h.se\\\/augustendal\\\/aktiviteter\\\/anpassad-4h-grupp\\\/\",\"name\":\"Anpassad 4H Grupp - Augustendals 4H-g\u00e5rd\",\"isPartOf\":{\"@id\":\"https:\\\/\\\/www.4h.se\\\/augustendal\\\/#website\"},\"datePublished\":\"2026-03-19T09:41:38+00:00\",\"dateModified\":\"2026-03-23T09:41:43+00:00\",\"breadcrumb\":{\"@id\":\"https:\\\/\\\/www.4h.se\\\/augustendal\\\/aktiviteter\\\/anpassad-4h-grupp\\\/#breadcrumb\"},\"inLanguage\":\"sv-SE\",\"potentialAction\":[{\"@type\":\"ReadAction\",\"target\":[\"https:\\\/\\\/www.4h.se\\\/augustendal\\\/aktiviteter\\\/anpassad-4h-grupp\\\/\"]}]},{\"@type\":\"BreadcrumbList\",\"@id\":\"https:\\\/\\\/www.4h.se\\\/augustendal\\\/aktiviteter\\\/anpassad-4h-grupp\\\/#breadcrumb\",\"itemListElement\":[{\"@type\":\"ListItem\",\"position\":1,\"name\":\"Hem\",\"item\":\"https:\\\/\\\/www.4h.se\\\/augustendal\\\/\"},{\"@type\":\"ListItem\",\"position\":2,\"name\":\"Aktiviteter\",\"item\":\"https:\\\/\\\/www.4h.se\\\/augustendal\\\/aktiviteter\\\/\"},{\"@type\":\"ListItem\",\"position\":3,\"name\":\"Anpassad 4H Grupp\"}]},{\"@type\":\"WebSite\",\"@id\":\"https:\\\/\\\/www.4h.se\\\/augustendal\\\/#website\",\"url\":\"https:\\\/\\\/www.4h.se\\\/augustendal\\\/\",\"name\":\"Augustendals 4H-g\u00e5rd\",\"description\":\"\",\"potentialAction\":[{\"@type\":\"SearchAction\",\"target\":{\"@type\":\"EntryPoint\",\"urlTemplate\":\"https:\\\/\\\/www.4h.se\\\/augustendal\\\/?s={search_term_string}\"},\"query-input\":{\"@type\":\"PropertyValueSpecification\",\"valueRequired\":true,\"valueName\":\"search_term_string\"}}],\"inLanguage\":\"sv-SE\"}]}<\/script>\n<!-- \/ Yoast SEO plugin. -->","yoast_head_json":{"title":"Anpassad 4H Grupp - Augustendals 4H-g\u00e5rd","robots":{"index":"index","follow":"follow","max-snippet":"max-snippet:-1","max-image-preview":"max-image-preview:large","max-video-preview":"max-video-preview:-1"},"canonical":"https:\/\/www.4h.se\/augustendal\/aktiviteter\/anpassad-4h-grupp\/","og_locale":"sv_SE","og_type":"article","og_title":"Anpassad 4H Grupp - Augustendals 4H-g\u00e5rd","og_description":"[vc_row][vc_column][vc_column_text css=&#8221;&#8221;] Anpassad 4H Grupp [\/vc_column_text][vc_separator color=&#8221;green&#8221; style=&#8221;dotted&#8221; border_width=&#8221;4&#8243; css=&#8221;&#8221;][vc_column_text css=&#8221;&#8221;][\/vc_column_text][\/vc_column][\/vc_row][vc_row][vc_column width=&#8221;1\/2&#8243;][vc_column_text css=&#8221;&#8221;]Anpassad 4H-grupp f\u00f6r barn som \u00e4r i behov av extra st\u00f6d i mindre grupp. Under 4 g\u00e5nger, 1 dag i veckan ses vi och l\u00e4r oss att ta hand om g\u00e5rdens djur. Vi bekantar oss med djuren, provar p\u00e5 att g\u00f6ra praktiska sysslor&nbsp; &hellip; Read more","og_url":"https:\/\/www.4h.se\/augustendal\/aktiviteter\/anpassad-4h-grupp\/","og_site_name":"Augustendals 4H-g\u00e5rd","article_modified_time":"2026-03-23T09:41:43+00:00","twitter_card":"summary_large_image","schema":{"@context":"https:\/\/schema.org","@graph":[{"@type":"WebPage","@id":"https:\/\/www.4h.se\/augustendal\/aktiviteter\/anpassad-4h-grupp\/","url":"https:\/\/www.4h.se\/augustendal\/aktiviteter\/anpassad-4h-grupp\/","name":"Anpassad 4H Grupp - Augustendals 4H-g\u00e5rd","isPartOf":{"@id":"https:\/\/www.4h.se\/augustendal\/#website"},"datePublished":"2026-03-19T09:41:38+00:00","dateModified":"2026-03-23T09:41:43+00:00","breadcrumb":{"@id":"https:\/\/www.4h.se\/augustendal\/aktiviteter\/anpassad-4h-grupp\/#breadcrumb"},"inLanguage":"sv-SE","potentialAction":[{"@type":"ReadAction","target":["https:\/\/www.4h.se\/augustendal\/aktiviteter\/anpassad-4h-grupp\/"]}]},{"@type":"BreadcrumbList","@id":"https:\/\/www.4h.se\/augustendal\/aktiviteter\/anpassad-4h-grupp\/#breadcrumb","itemListElement":[{"@type":"ListItem","position":1,"name":"Hem","item":"https:\/\/www.4h.se\/augustendal\/"},{"@type":"ListItem","position":2,"name":"Aktiviteter","item":"https:\/\/www.4h.se\/augustendal\/aktiviteter\/"},{"@type":"ListItem","position":3,"name":"Anpassad 4H Grupp"}]},{"@type":"WebSite","@id":"https:\/\/www.4h.se\/augustendal\/#website","url":"https:\/\/www.4h.se\/augustendal\/","name":"Augustendals 4H-g\u00e5rd","description":"","potentialAction":[{"@type":"SearchAction","target":{"@type":"EntryPoint","urlTemplate":"https:\/\/www.4h.se\/augustendal\/?s={search_term_string}"},"query-input":{"@type":"PropertyValueSpecification","valueRequired":true,"valueName":"search_term_string"}}],"inLanguage":"sv-SE"}]}},"_links":{"self":[{"href":"https:\/\/www.4h.se\/augustendal\/wp-json\/wp\/v2\/pages\/621","targetHints":{"allow":["GET"]}}],"collection":[{"href":"https:\/\/www.4h.se\/augustendal\/wp-json\/wp\/v2\/pages"}],"about":[{"href":"https:\/\/www.4h.se\/augustendal\/wp-json\/wp\/v2\/types\/page"}],"author":[{"embeddable":true,"href":"https:\/\/www.4h.se\/augustendal\/wp-json\/wp\/v2\/users\/248"}],"replies":[{"embeddable":true,"href":"https:\/\/www.4h.se\/augustendal\/wp-json\/wp\/v2\/comments?post=621"}],"version-history":[{"count":0,"href":"https:\/\/www.4h.se\/augustendal\/wp-json\/wp\/v2\/pages\/621\/revisions"}],"up":[{"embeddable":true,"href":"https:\/\/www.4h.se\/augustendal\/wp-json\/wp\/v2\/pages\/246"}],"wp:attachment":[{"href":"https:\/\/www.4h.se\/augustendal\/wp-json\/wp\/v2\/media?parent=621"}],"curies":[{"name":"wp","href":"https:\/\/api.w.org\/{rel}","templated":true}]}}