



{"id":474,"date":"2025-09-10T13:17:40","date_gmt":"2025-09-10T11:17:40","guid":{"rendered":"https:\/\/www.4h.se\/augustendal\/?page_id=474"},"modified":"2026-01-13T12:50:26","modified_gmt":"2026-01-13T11:50:26","slug":"miniledarkurs","status":"publish","type":"page","link":"https:\/\/www.4h.se\/augustendal\/miniledarkurs\/","title":{"rendered":"Miniledarkurs"},"content":{"rendered":"<div class=\"wpb-content-wrapper\"><p>[vc_row][vc_column][vc_column_text css=&#8221;&#8221;]<\/p>\n<h2 style=\"text-align: center;\">Miniledarkurs<\/h2>\n<p>[\/vc_column_text][\/vc_column][\/vc_row][vc_row][vc_column][vc_separator color=&#8221;green&#8221; style=&#8221;dotted&#8221; border_width=&#8221;3&#8243; css=&#8221;&#8221;][\/vc_column][\/vc_row][vc_row][vc_column width=&#8221;2\/3&#8243;][vc_column_text css=&#8221;&#8221;]<strong>Denna kurs riktar sig till barn som \u00e4r fr\u00e5n 11 \u00e5r och upp\u00e5t. F\u00f6r att anm\u00e4la dig kr\u00e4vs det att du har fyllt eller ska fylla 11 \u00e5r i \u00e5r.<\/strong><\/p>\n<p>Har du g\u00e5tt minst en termin p\u00e5 djursk\u00f6tarkurs hos oss p\u00e5 Augustendals 4H-g\u00e5rd (alternativt flera dagl\u00e4ger), \u00e4r mogen f\u00f6r att kunna ta hand om olika barn, grupper, djur , skriva och h\u00e5lla i presentationer, vara aktiv med\/p\u00e5 g\u00e5rden under en l\u00e4ngre tid,&nbsp; s\u00e5 \u00e4r detta kursen f\u00f6r dig!<\/p>\n<p>Under kursen kommer vi g\u00e5 igenom allt du beh\u00f6ver kunna som miniledare. Vi avslutar kursen med ett skriftligt prov och ett praktiskt prov som man m\u00e5ste klara av f\u00f6r att kunna bli miniledare, samt att man \u00e4ven bed\u00f6ms praktisk under hela kursens g\u00e5ng.<br \/>\nMiniledare \u00e4r det f\u00f6rsta av tv\u00e5 steg. Du som miniledare ska kunna ta ansvar \u00f6ver mindre uppgifter och hj\u00e4lpa till med det som beh\u00f6vs som tex st\u00e4dning. Vi vill ocks\u00e5 se att du \u00e4r engagerad i verksamheten och att ditt m\u00e5l \u00e4r att om n\u00e5gra \u00e5r bli ledare hos oss. Din uppgift p\u00e5 djursk\u00f6tarkurserna och dagl\u00e4gren&nbsp;\u00e4r fr\u00e4mst att hj\u00e4lpa barnen. Du kan ocks\u00e5 f\u00e5 vissa uppgifter av ledarna.<\/p>\n<p>&nbsp;<\/p>\n<h4><u>Dessa krav st\u00e4ller vi p\u00e5 dig som miniledare:<\/u><\/h4>\n<ul>\n<li>Du \u00e4r med som miniledare p\u00e5 MINST en djursk\u00f6tarkurs i veckan<\/li>\n<li>\u00c4r med p\u00e5 alla v\u00e5ra g\u00e5rdsdagar ( infaller tv\u00e5 st\/\u00e5r, en p\u00e5 v\u00e5r och en p\u00e5 h\u00f6st termin)<\/li>\n<li>Minst tv\u00e5 stycken ledaraktiviteter som infaller d\u00e5 och d\u00e5<\/li>\n<\/ul>\n<p>K\u00e4nner du f\u00f6r att hj\u00e4lpa till mer \u00e4n s\u00e5 g\u00e5r det sj\u00e4lvklart ocks\u00e5 bra. Vi anordnar regelbundet ledaraktiviteter. Ledarna \u00e4r alltid v\u00e4lkomna att h\u00e4nga med oss p\u00e5 g\u00e5rden, de f\u00e5r g\u00e4rna komma f\u00f6rbi n\u00e4r det \u00e4r studiedagar i skolan.<br \/>\nH\u00e4r kan man bara vara, mysa med djuren eller hitta p\u00e5 egna projekt tillsammans med de andra ledarna.<\/p>\n<pre>Som miniledare f\u00e5r du tex:\n- G\u00e5 in till djuren vid \u00f6verenskommelse med personal.\n- Tillg\u00e5ng till klubbrummet.\n- Delta i ledaraktiviteter s\u00e5 som - \u00f6vernattning, l\u00e4ger, kurser, Horse Show mm.\n- G\u00e5 ut med f\u00e5r\/get och kanin med hj\u00e4lp av en ledare p\u00e5 g\u00e5rden.\n\nSom miniledare kan man sedan g\u00e5 flera andra ledarutbildningar och kurser \ni Stockholms l\u00e4ns 4H. Mer info i bilderna till h\u00f6ger.<\/pre>\n<p>[\/vc_column_text][vc_column_text css=&#8221;&#8221;]<\/p>\n<h4>Miniledarkurs H\u00f6sten 2026<\/h4>\n<p>&nbsp;<\/p>\n<p>&nbsp;<\/p>\n<pre><\/pre>\n<p>&nbsp;<\/p>\n<p><strong><span style=\"font-size: large;\">Anm\u00e4lan sker via l\u00e4nken nedan:<\/span><\/strong><br \/>\n<a href=\"https:\/\/antribe.com\/org\/4h\/augustendals-4h\/event\"><span style=\"color: #508d24; font-size: x-large;\">Evenemang &#8211; Augustendals 4H | Antribe<\/span><\/a>[\/vc_column_text][\/vc_column][vc_column width=&#8221;1\/3&#8243;][vc_single_image image=&#8221;514&#8243; img_size=&#8221;full&#8221; css=&#8221;&#8221;][vc_single_image image=&#8221;515&#8243; img_size=&#8221;large&#8221; css=&#8221;&#8221;][\/vc_column][\/vc_row]<\/p>\n<\/div>","protected":false},"excerpt":{"rendered":"<p>[vc_row][vc_column][vc_column_text css=&#8221;&#8221;] Miniledarkurs [\/vc_column_text][\/vc_column][\/vc_row][vc_row][vc_column][vc_separator color=&#8221;green&#8221; style=&#8221;dotted&#8221; border_width=&#8221;3&#8243; css=&#8221;&#8221;][\/vc_column][\/vc_row][vc_row][vc_column width=&#8221;2\/3&#8243;][vc_column_text css=&#8221;&#8221;]Denna kurs riktar sig till barn som \u00e4r fr\u00e5n 11 \u00e5r och upp\u00e5t. F\u00f6r att anm\u00e4la dig kr\u00e4vs det att du har fyllt eller ska fylla 11 \u00e5r i \u00e5r. Har du g\u00e5tt minst en termin p\u00e5 djursk\u00f6tarkurs hos oss p\u00e5 Augustendals 4H-g\u00e5rd (alternativt flera dagl\u00e4ger),&nbsp; <a href=\"https:\/\/www.4h.se\/augustendal\/miniledarkurs\/\">&hellip; Read more <i class=\"glyphicon glyphicon-arrow-right\"><\/i><\/a><\/p>\n","protected":false},"author":248,"featured_media":0,"parent":0,"menu_order":0,"comment_status":"closed","ping_status":"closed","template":"","meta":{"footnotes":""},"class_list":["post-474","page","type-page","status-publish","hentry"],"yoast_head":"<!-- This site is optimized with the Yoast SEO plugin v27.4 - https:\/\/yoast.com\/product\/yoast-seo-wordpress\/ -->\n<title>Miniledarkurs - Augustendals 4H-g\u00e5rd<\/title>\n<meta name=\"robots\" content=\"index, follow, max-snippet:-1, max-image-preview:large, max-video-preview:-1\" \/>\n<link rel=\"canonical\" href=\"https:\/\/www.4h.se\/augustendal\/miniledarkurs\/\" \/>\n<meta property=\"og:locale\" content=\"sv_SE\" \/>\n<meta property=\"og:type\" content=\"article\" \/>\n<meta property=\"og:title\" content=\"Miniledarkurs - Augustendals 4H-g\u00e5rd\" \/>\n<meta property=\"og:description\" content=\"[vc_row][vc_column][vc_column_text css=&#8221;&#8221;] Miniledarkurs [\/vc_column_text][\/vc_column][\/vc_row][vc_row][vc_column][vc_separator color=&#8221;green&#8221; style=&#8221;dotted&#8221; border_width=&#8221;3&#8243; css=&#8221;&#8221;][\/vc_column][\/vc_row][vc_row][vc_column width=&#8221;2\/3&#8243;][vc_column_text css=&#8221;&#8221;]Denna kurs riktar sig till barn som \u00e4r fr\u00e5n 11 \u00e5r och upp\u00e5t. F\u00f6r att anm\u00e4la dig kr\u00e4vs det att du har fyllt eller ska fylla 11 \u00e5r i \u00e5r. Har du g\u00e5tt minst en termin p\u00e5 djursk\u00f6tarkurs hos oss p\u00e5 Augustendals 4H-g\u00e5rd (alternativt flera dagl\u00e4ger),&nbsp; &hellip; Read more\" \/>\n<meta property=\"og:url\" content=\"https:\/\/www.4h.se\/augustendal\/miniledarkurs\/\" \/>\n<meta property=\"og:site_name\" content=\"Augustendals 4H-g\u00e5rd\" \/>\n<meta property=\"article:modified_time\" content=\"2026-01-13T11:50:26+00:00\" \/>\n<meta name=\"twitter:card\" content=\"summary_large_image\" \/>\n<meta name=\"twitter:label1\" content=\"Ber\u00e4knad l\u00e4stid\" \/>\n\t<meta name=\"twitter:data1\" content=\"3 minuter\" \/>\n<script type=\"application\/ld+json\" class=\"yoast-schema-graph\">{\"@context\":\"https:\\\/\\\/schema.org\",\"@graph\":[{\"@type\":\"WebPage\",\"@id\":\"https:\\\/\\\/www.4h.se\\\/augustendal\\\/miniledarkurs\\\/\",\"url\":\"https:\\\/\\\/www.4h.se\\\/augustendal\\\/miniledarkurs\\\/\",\"name\":\"Miniledarkurs - Augustendals 4H-g\u00e5rd\",\"isPartOf\":{\"@id\":\"https:\\\/\\\/www.4h.se\\\/augustendal\\\/#website\"},\"datePublished\":\"2025-09-10T11:17:40+00:00\",\"dateModified\":\"2026-01-13T11:50:26+00:00\",\"breadcrumb\":{\"@id\":\"https:\\\/\\\/www.4h.se\\\/augustendal\\\/miniledarkurs\\\/#breadcrumb\"},\"inLanguage\":\"sv-SE\",\"potentialAction\":[{\"@type\":\"ReadAction\",\"target\":[\"https:\\\/\\\/www.4h.se\\\/augustendal\\\/miniledarkurs\\\/\"]}]},{\"@type\":\"BreadcrumbList\",\"@id\":\"https:\\\/\\\/www.4h.se\\\/augustendal\\\/miniledarkurs\\\/#breadcrumb\",\"itemListElement\":[{\"@type\":\"ListItem\",\"position\":1,\"name\":\"Hem\",\"item\":\"https:\\\/\\\/www.4h.se\\\/augustendal\\\/\"},{\"@type\":\"ListItem\",\"position\":2,\"name\":\"Miniledarkurs\"}]},{\"@type\":\"WebSite\",\"@id\":\"https:\\\/\\\/www.4h.se\\\/augustendal\\\/#website\",\"url\":\"https:\\\/\\\/www.4h.se\\\/augustendal\\\/\",\"name\":\"Augustendals 4H-g\u00e5rd\",\"description\":\"\",\"potentialAction\":[{\"@type\":\"SearchAction\",\"target\":{\"@type\":\"EntryPoint\",\"urlTemplate\":\"https:\\\/\\\/www.4h.se\\\/augustendal\\\/?s={search_term_string}\"},\"query-input\":{\"@type\":\"PropertyValueSpecification\",\"valueRequired\":true,\"valueName\":\"search_term_string\"}}],\"inLanguage\":\"sv-SE\"}]}<\/script>\n<!-- \/ Yoast SEO plugin. -->","yoast_head_json":{"title":"Miniledarkurs - Augustendals 4H-g\u00e5rd","robots":{"index":"index","follow":"follow","max-snippet":"max-snippet:-1","max-image-preview":"max-image-preview:large","max-video-preview":"max-video-preview:-1"},"canonical":"https:\/\/www.4h.se\/augustendal\/miniledarkurs\/","og_locale":"sv_SE","og_type":"article","og_title":"Miniledarkurs - Augustendals 4H-g\u00e5rd","og_description":"[vc_row][vc_column][vc_column_text css=&#8221;&#8221;] Miniledarkurs [\/vc_column_text][\/vc_column][\/vc_row][vc_row][vc_column][vc_separator color=&#8221;green&#8221; style=&#8221;dotted&#8221; border_width=&#8221;3&#8243; css=&#8221;&#8221;][\/vc_column][\/vc_row][vc_row][vc_column width=&#8221;2\/3&#8243;][vc_column_text css=&#8221;&#8221;]Denna kurs riktar sig till barn som \u00e4r fr\u00e5n 11 \u00e5r och upp\u00e5t. F\u00f6r att anm\u00e4la dig kr\u00e4vs det att du har fyllt eller ska fylla 11 \u00e5r i \u00e5r. Har du g\u00e5tt minst en termin p\u00e5 djursk\u00f6tarkurs hos oss p\u00e5 Augustendals 4H-g\u00e5rd (alternativt flera dagl\u00e4ger),&nbsp; &hellip; Read more","og_url":"https:\/\/www.4h.se\/augustendal\/miniledarkurs\/","og_site_name":"Augustendals 4H-g\u00e5rd","article_modified_time":"2026-01-13T11:50:26+00:00","twitter_card":"summary_large_image","twitter_misc":{"Ber\u00e4knad l\u00e4stid":"3 minuter"},"schema":{"@context":"https:\/\/schema.org","@graph":[{"@type":"WebPage","@id":"https:\/\/www.4h.se\/augustendal\/miniledarkurs\/","url":"https:\/\/www.4h.se\/augustendal\/miniledarkurs\/","name":"Miniledarkurs - Augustendals 4H-g\u00e5rd","isPartOf":{"@id":"https:\/\/www.4h.se\/augustendal\/#website"},"datePublished":"2025-09-10T11:17:40+00:00","dateModified":"2026-01-13T11:50:26+00:00","breadcrumb":{"@id":"https:\/\/www.4h.se\/augustendal\/miniledarkurs\/#breadcrumb"},"inLanguage":"sv-SE","potentialAction":[{"@type":"ReadAction","target":["https:\/\/www.4h.se\/augustendal\/miniledarkurs\/"]}]},{"@type":"BreadcrumbList","@id":"https:\/\/www.4h.se\/augustendal\/miniledarkurs\/#breadcrumb","itemListElement":[{"@type":"ListItem","position":1,"name":"Hem","item":"https:\/\/www.4h.se\/augustendal\/"},{"@type":"ListItem","position":2,"name":"Miniledarkurs"}]},{"@type":"WebSite","@id":"https:\/\/www.4h.se\/augustendal\/#website","url":"https:\/\/www.4h.se\/augustendal\/","name":"Augustendals 4H-g\u00e5rd","description":"","potentialAction":[{"@type":"SearchAction","target":{"@type":"EntryPoint","urlTemplate":"https:\/\/www.4h.se\/augustendal\/?s={search_term_string}"},"query-input":{"@type":"PropertyValueSpecification","valueRequired":true,"valueName":"search_term_string"}}],"inLanguage":"sv-SE"}]}},"_links":{"self":[{"href":"https:\/\/www.4h.se\/augustendal\/wp-json\/wp\/v2\/pages\/474","targetHints":{"allow":["GET"]}}],"collection":[{"href":"https:\/\/www.4h.se\/augustendal\/wp-json\/wp\/v2\/pages"}],"about":[{"href":"https:\/\/www.4h.se\/augustendal\/wp-json\/wp\/v2\/types\/page"}],"author":[{"embeddable":true,"href":"https:\/\/www.4h.se\/augustendal\/wp-json\/wp\/v2\/users\/248"}],"replies":[{"embeddable":true,"href":"https:\/\/www.4h.se\/augustendal\/wp-json\/wp\/v2\/comments?post=474"}],"version-history":[{"count":0,"href":"https:\/\/www.4h.se\/augustendal\/wp-json\/wp\/v2\/pages\/474\/revisions"}],"wp:attachment":[{"href":"https:\/\/www.4h.se\/augustendal\/wp-json\/wp\/v2\/media?parent=474"}],"curies":[{"name":"wp","href":"https:\/\/api.w.org\/{rel}","templated":true}]}}