



{"id":470,"date":"2025-09-10T13:17:40","date_gmt":"2025-09-10T11:17:40","guid":{"rendered":"https:\/\/www.4h.se\/augustendal\/?page_id=470"},"modified":"2026-01-13T11:46:55","modified_gmt":"2026-01-13T10:46:55","slug":"hastkurs-4-6-ar","status":"publish","type":"page","link":"https:\/\/www.4h.se\/augustendal\/hastkurs-4-6-ar\/","title":{"rendered":"H\u00e4stkurs 4-6 \u00e5r"},"content":{"rendered":"<div class=\"wpb-content-wrapper\"><p>[vc_row][vc_column][vc_column_text css=&#8221;&#8221;]<\/p>\n<h2 style=\"text-align: center;\">H\u00e4stkurs 4 &#8211; 6 \u00e5r<\/h2>\n<p>[\/vc_column_text][\/vc_column][\/vc_row][vc_row][vc_column][vc_separator color=&#8221;green&#8221; style=&#8221;dotted&#8221; border_width=&#8221;3&#8243; css=&#8221;&#8221;][\/vc_column][\/vc_row][vc_row][vc_column width=&#8221;1\/2&#8243;][vc_column_text css=&#8221;&#8221;]Denna kurs \u00e4r uppdelad p\u00e5 4 g\u00e5nger och h\u00e5ller p\u00e5 i 60 minuter per tillf\u00e4lle.<\/p>\n<p>H\u00e4stkursen \u00e4r en nyb\u00f6rjarkurs och riktar sig till barn mellan 4-6 \u00e5r gamla. M\u00e5let \u00e4r att deltagarna p\u00e5 ett roligt och avslappnat s\u00e4tt under kursens g\u00e5ng skall bli bekanta med grunderna inom h\u00e4st och stallsk\u00f6tsel p\u00e5 v\u00e5ra 3 shetlandsponny. Ingen ridning sker under kurstillf\u00e4llena. Barnen kommer att f\u00e5 bekanta sig med h\u00e4starna d\u00e4r vi l\u00e4r oss vad h\u00e4stens borstar heter, s\u00e4kerhet kring h\u00e4starna, hur man ryktar en h\u00e4st, barnen kommer ocks\u00e5 f\u00e5 l\u00e4ra sig hur man sk\u00f6ter om en h\u00e4st s\u00e5 som fodra och mocka samt f\u00e5 g\u00e5 p\u00e5 h\u00e4stpromenad. Ridhj\u00e4lm anv\u00e4nds alltid vid all h\u00e4sthantering, hj\u00e4lm finns att l\u00e5na hos oss.<\/p>\n<p>V\u00e4nligen notera att det inte \u00e4r till\u00e5tet f\u00f6r deltagaren att ta med kompisar eller syskon till kursen. F\u00f6r\u00e4ldrar deltar inte under kursen. F\u00f6rs\u00f6k att n\u00e4rvara alla g\u00e5nger d\u00e5 det inte finns n\u00e5gon m\u00f6jlighet att ta igen missade tillf\u00e4llen.<\/p>\n<p><span style=\"color: #212529;\">Vi m\u00f6ts alltid p\u00e5 Augustendals stallplan f\u00f6r upprop.<\/span>[\/vc_column_text][\/vc_column][vc_column width=&#8221;1\/2&#8243;][vc_column_text css=&#8221;&#8221;]<\/p>\n<h4 style=\"text-align: center;\"><strong>\u00c5lder:<\/strong> 4-6 \u00e5r <strong>Kursavgift:<\/strong> 900 kr. \/4 g\u00e5nger<br \/>\n<strong>Medlemsavgift:<\/strong> 270 kr Obs! Det \u00e4r barnet som ska vara medlem<\/h4>\n<p>&nbsp;<\/p>\n<h4 style=\"text-align: center;\"><strong>V\u00e5rens kurser 2026<\/strong><\/h4>\n<p style=\"text-align: center;\">H\u00e4stkurs med start 1\/2 kl 13.45-14.45<\/p>\n<p style=\"text-align: center;\">H\u00e4stkurs med start 8\/3 kl 13.45-14.45<\/p>\n<p>[\/vc_column_text][\/vc_column][\/vc_row][vc_row][vc_column][vc_column_text css=&#8221;&#8221;]<\/p>\n<h4 style=\"text-align: center;\"><strong><em>Anm\u00e4lan till v\u00e5rens kurser \u00f6ppnar 29\/12 &#8211; 2025<\/em><\/strong><\/h4>\n<p style=\"text-align: center;\"><strong>Anm\u00e4lan sker via l\u00e4nken nedan:<br \/>\n<a href=\"https:\/\/www.antribe.com\/org\/4h\/augustendals-4h\/event\" target=\"_blank\" rel=\"noopener\">Evenemang-Augustendals 4H-Antribe<\/a><\/strong>[\/vc_column_text][\/vc_column][\/vc_row]<\/p>\n<\/div>","protected":false},"excerpt":{"rendered":"<p>[vc_row][vc_column][vc_column_text css=&#8221;&#8221;] H\u00e4stkurs 4 &#8211; 6 \u00e5r [\/vc_column_text][\/vc_column][\/vc_row][vc_row][vc_column][vc_separator color=&#8221;green&#8221; style=&#8221;dotted&#8221; border_width=&#8221;3&#8243; css=&#8221;&#8221;][\/vc_column][\/vc_row][vc_row][vc_column width=&#8221;1\/2&#8243;][vc_column_text css=&#8221;&#8221;]Denna kurs \u00e4r uppdelad p\u00e5 4 g\u00e5nger och h\u00e5ller p\u00e5 i 60 minuter per tillf\u00e4lle. H\u00e4stkursen \u00e4r en nyb\u00f6rjarkurs och riktar sig till barn mellan 4-6 \u00e5r gamla. M\u00e5let \u00e4r att deltagarna p\u00e5 ett roligt och avslappnat s\u00e4tt under kursens g\u00e5ng skall&nbsp; <a href=\"https:\/\/www.4h.se\/augustendal\/hastkurs-4-6-ar\/\">&hellip; Read more <i class=\"glyphicon glyphicon-arrow-right\"><\/i><\/a><\/p>\n","protected":false},"author":248,"featured_media":0,"parent":0,"menu_order":0,"comment_status":"closed","ping_status":"closed","template":"","meta":{"footnotes":""},"class_list":["post-470","page","type-page","status-publish","hentry"],"yoast_head":"<!-- This site is optimized with the Yoast SEO plugin v27.4 - https:\/\/yoast.com\/product\/yoast-seo-wordpress\/ -->\n<title>H\u00e4stkurs 4-6 \u00e5r - Augustendals 4H-g\u00e5rd<\/title>\n<meta name=\"robots\" content=\"index, follow, max-snippet:-1, max-image-preview:large, max-video-preview:-1\" \/>\n<link rel=\"canonical\" href=\"https:\/\/www.4h.se\/augustendal\/hastkurs-4-6-ar\/\" \/>\n<meta property=\"og:locale\" content=\"sv_SE\" \/>\n<meta property=\"og:type\" content=\"article\" \/>\n<meta property=\"og:title\" content=\"H\u00e4stkurs 4-6 \u00e5r - Augustendals 4H-g\u00e5rd\" \/>\n<meta property=\"og:description\" content=\"[vc_row][vc_column][vc_column_text css=&#8221;&#8221;] H\u00e4stkurs 4 &#8211; 6 \u00e5r [\/vc_column_text][\/vc_column][\/vc_row][vc_row][vc_column][vc_separator color=&#8221;green&#8221; style=&#8221;dotted&#8221; border_width=&#8221;3&#8243; css=&#8221;&#8221;][\/vc_column][\/vc_row][vc_row][vc_column width=&#8221;1\/2&#8243;][vc_column_text css=&#8221;&#8221;]Denna kurs \u00e4r uppdelad p\u00e5 4 g\u00e5nger och h\u00e5ller p\u00e5 i 60 minuter per tillf\u00e4lle. H\u00e4stkursen \u00e4r en nyb\u00f6rjarkurs och riktar sig till barn mellan 4-6 \u00e5r gamla. M\u00e5let \u00e4r att deltagarna p\u00e5 ett roligt och avslappnat s\u00e4tt under kursens g\u00e5ng skall&nbsp; &hellip; Read more\" \/>\n<meta property=\"og:url\" content=\"https:\/\/www.4h.se\/augustendal\/hastkurs-4-6-ar\/\" \/>\n<meta property=\"og:site_name\" content=\"Augustendals 4H-g\u00e5rd\" \/>\n<meta property=\"article:modified_time\" content=\"2026-01-13T10:46:55+00:00\" \/>\n<meta name=\"twitter:card\" content=\"summary_large_image\" \/>\n<meta name=\"twitter:label1\" content=\"Ber\u00e4knad l\u00e4stid\" \/>\n\t<meta name=\"twitter:data1\" content=\"2 minuter\" \/>\n<script type=\"application\/ld+json\" class=\"yoast-schema-graph\">{\"@context\":\"https:\\\/\\\/schema.org\",\"@graph\":[{\"@type\":\"WebPage\",\"@id\":\"https:\\\/\\\/www.4h.se\\\/augustendal\\\/hastkurs-4-6-ar\\\/\",\"url\":\"https:\\\/\\\/www.4h.se\\\/augustendal\\\/hastkurs-4-6-ar\\\/\",\"name\":\"H\u00e4stkurs 4-6 \u00e5r - Augustendals 4H-g\u00e5rd\",\"isPartOf\":{\"@id\":\"https:\\\/\\\/www.4h.se\\\/augustendal\\\/#website\"},\"datePublished\":\"2025-09-10T11:17:40+00:00\",\"dateModified\":\"2026-01-13T10:46:55+00:00\",\"breadcrumb\":{\"@id\":\"https:\\\/\\\/www.4h.se\\\/augustendal\\\/hastkurs-4-6-ar\\\/#breadcrumb\"},\"inLanguage\":\"sv-SE\",\"potentialAction\":[{\"@type\":\"ReadAction\",\"target\":[\"https:\\\/\\\/www.4h.se\\\/augustendal\\\/hastkurs-4-6-ar\\\/\"]}]},{\"@type\":\"BreadcrumbList\",\"@id\":\"https:\\\/\\\/www.4h.se\\\/augustendal\\\/hastkurs-4-6-ar\\\/#breadcrumb\",\"itemListElement\":[{\"@type\":\"ListItem\",\"position\":1,\"name\":\"Hem\",\"item\":\"https:\\\/\\\/www.4h.se\\\/augustendal\\\/\"},{\"@type\":\"ListItem\",\"position\":2,\"name\":\"H\u00e4stkurs 4-6 \u00e5r\"}]},{\"@type\":\"WebSite\",\"@id\":\"https:\\\/\\\/www.4h.se\\\/augustendal\\\/#website\",\"url\":\"https:\\\/\\\/www.4h.se\\\/augustendal\\\/\",\"name\":\"Augustendals 4H-g\u00e5rd\",\"description\":\"\",\"potentialAction\":[{\"@type\":\"SearchAction\",\"target\":{\"@type\":\"EntryPoint\",\"urlTemplate\":\"https:\\\/\\\/www.4h.se\\\/augustendal\\\/?s={search_term_string}\"},\"query-input\":{\"@type\":\"PropertyValueSpecification\",\"valueRequired\":true,\"valueName\":\"search_term_string\"}}],\"inLanguage\":\"sv-SE\"}]}<\/script>\n<!-- \/ Yoast SEO plugin. -->","yoast_head_json":{"title":"H\u00e4stkurs 4-6 \u00e5r - Augustendals 4H-g\u00e5rd","robots":{"index":"index","follow":"follow","max-snippet":"max-snippet:-1","max-image-preview":"max-image-preview:large","max-video-preview":"max-video-preview:-1"},"canonical":"https:\/\/www.4h.se\/augustendal\/hastkurs-4-6-ar\/","og_locale":"sv_SE","og_type":"article","og_title":"H\u00e4stkurs 4-6 \u00e5r - Augustendals 4H-g\u00e5rd","og_description":"[vc_row][vc_column][vc_column_text css=&#8221;&#8221;] H\u00e4stkurs 4 &#8211; 6 \u00e5r [\/vc_column_text][\/vc_column][\/vc_row][vc_row][vc_column][vc_separator color=&#8221;green&#8221; style=&#8221;dotted&#8221; border_width=&#8221;3&#8243; css=&#8221;&#8221;][\/vc_column][\/vc_row][vc_row][vc_column width=&#8221;1\/2&#8243;][vc_column_text css=&#8221;&#8221;]Denna kurs \u00e4r uppdelad p\u00e5 4 g\u00e5nger och h\u00e5ller p\u00e5 i 60 minuter per tillf\u00e4lle. H\u00e4stkursen \u00e4r en nyb\u00f6rjarkurs och riktar sig till barn mellan 4-6 \u00e5r gamla. M\u00e5let \u00e4r att deltagarna p\u00e5 ett roligt och avslappnat s\u00e4tt under kursens g\u00e5ng skall&nbsp; &hellip; Read more","og_url":"https:\/\/www.4h.se\/augustendal\/hastkurs-4-6-ar\/","og_site_name":"Augustendals 4H-g\u00e5rd","article_modified_time":"2026-01-13T10:46:55+00:00","twitter_card":"summary_large_image","twitter_misc":{"Ber\u00e4knad l\u00e4stid":"2 minuter"},"schema":{"@context":"https:\/\/schema.org","@graph":[{"@type":"WebPage","@id":"https:\/\/www.4h.se\/augustendal\/hastkurs-4-6-ar\/","url":"https:\/\/www.4h.se\/augustendal\/hastkurs-4-6-ar\/","name":"H\u00e4stkurs 4-6 \u00e5r - Augustendals 4H-g\u00e5rd","isPartOf":{"@id":"https:\/\/www.4h.se\/augustendal\/#website"},"datePublished":"2025-09-10T11:17:40+00:00","dateModified":"2026-01-13T10:46:55+00:00","breadcrumb":{"@id":"https:\/\/www.4h.se\/augustendal\/hastkurs-4-6-ar\/#breadcrumb"},"inLanguage":"sv-SE","potentialAction":[{"@type":"ReadAction","target":["https:\/\/www.4h.se\/augustendal\/hastkurs-4-6-ar\/"]}]},{"@type":"BreadcrumbList","@id":"https:\/\/www.4h.se\/augustendal\/hastkurs-4-6-ar\/#breadcrumb","itemListElement":[{"@type":"ListItem","position":1,"name":"Hem","item":"https:\/\/www.4h.se\/augustendal\/"},{"@type":"ListItem","position":2,"name":"H\u00e4stkurs 4-6 \u00e5r"}]},{"@type":"WebSite","@id":"https:\/\/www.4h.se\/augustendal\/#website","url":"https:\/\/www.4h.se\/augustendal\/","name":"Augustendals 4H-g\u00e5rd","description":"","potentialAction":[{"@type":"SearchAction","target":{"@type":"EntryPoint","urlTemplate":"https:\/\/www.4h.se\/augustendal\/?s={search_term_string}"},"query-input":{"@type":"PropertyValueSpecification","valueRequired":true,"valueName":"search_term_string"}}],"inLanguage":"sv-SE"}]}},"_links":{"self":[{"href":"https:\/\/www.4h.se\/augustendal\/wp-json\/wp\/v2\/pages\/470","targetHints":{"allow":["GET"]}}],"collection":[{"href":"https:\/\/www.4h.se\/augustendal\/wp-json\/wp\/v2\/pages"}],"about":[{"href":"https:\/\/www.4h.se\/augustendal\/wp-json\/wp\/v2\/types\/page"}],"author":[{"embeddable":true,"href":"https:\/\/www.4h.se\/augustendal\/wp-json\/wp\/v2\/users\/248"}],"replies":[{"embeddable":true,"href":"https:\/\/www.4h.se\/augustendal\/wp-json\/wp\/v2\/comments?post=470"}],"version-history":[{"count":0,"href":"https:\/\/www.4h.se\/augustendal\/wp-json\/wp\/v2\/pages\/470\/revisions"}],"wp:attachment":[{"href":"https:\/\/www.4h.se\/augustendal\/wp-json\/wp\/v2\/media?parent=470"}],"curies":[{"name":"wp","href":"https:\/\/api.w.org\/{rel}","templated":true}]}}