



{"id":121,"date":"2015-01-23T20:08:12","date_gmt":"2015-01-23T19:08:12","guid":{"rendered":"http:\/\/www.4h.se\/rix16\/?page_id=121"},"modified":"2025-11-20T15:57:53","modified_gmt":"2025-11-20T14:57:53","slug":"kontakta-oss","status":"publish","type":"page","link":"https:\/\/www.4h.se\/augustendal\/kontakta-oss\/","title":{"rendered":"Kontakta oss"},"content":{"rendered":"<div class=\"wpb-content-wrapper\"><p>[vc_row][vc_column width=&#8221;1\/2&#8243;][vc_column_text css=&#8221;&#8221;]<\/p>\n<h1>Kontakta oss<\/h1>\n<div class=\"frm_forms  with_frm_style frm_style_formidable-style\" id=\"frm_form_3_container\" >\n<form enctype=\"multipart\/form-data\" method=\"post\" class=\"frm-show-form \" id=\"form_bk9b02\" >\n<div class=\"frm_form_fields \">\n<fieldset>\n<legend class=\"frm_hidden\">Kontaktformul\u00e4r<\/legend>\r\n\r\n<div class=\"frm_fields_container\">\n<input type=\"hidden\" name=\"frm_action\" value=\"create\" \/>\n<input type=\"hidden\" name=\"form_id\" value=\"3\" \/>\n<input type=\"hidden\" name=\"frm_hide_fields_3\" id=\"frm_hide_fields_3\" value=\"\" \/>\n<input type=\"hidden\" name=\"form_key\" value=\"bk9b02\" \/>\n<input type=\"hidden\" name=\"item_meta[0]\" value=\"\" \/>\n<input type=\"hidden\" id=\"frm_submit_entry_3\" name=\"frm_submit_entry_3\" value=\"2e4ee4aa4f\" \/><input type=\"hidden\" name=\"_wp_http_referer\" value=\"\/augustendal\/wp-json\/wp\/v2\/pages\/121\" \/><div id=\"frm_field_17_container\" class=\"frm_form_field form-field  frm_required_field frm_top_container\">\r\n    <label for=\"field_rijy42\" class=\"frm_primary_label\">F\u00f6r och efternamn\r\n        <span class=\"frm_required\">*<\/span>\r\n    <\/label>\r\n    <input type=\"text\" id=\"field_rijy42\" name=\"item_meta[17]\" value=\"\"  data-reqmsg=\"F\u00f6r och efternamn\" aria-required=\"true\" data-invmsg=\"F\u00f6r och efternamn \u00e4r ogiltigt\" aria-invalid=\"false\"  \/>\r\n    \r\n    \r\n<\/div>\n<div id=\"frm_field_18_container\" class=\"frm_form_field form-field  frm_top_container frm6 frm_first\">\r\n    <label for=\"field_v8etj2\" class=\"frm_primary_label\">E-postadress\r\n        <span class=\"frm_required\"><\/span>\r\n    <\/label>\r\n    <input type=\"text\" id=\"field_v8etj2\" name=\"item_meta[18]\" value=\"\"  data-invmsg=\"E-postadress \u00e4r ogiltigt\" aria-invalid=\"false\"  \/>\r\n    \r\n    \r\n<\/div>\n<div id=\"frm_field_20_container\" class=\"frm_form_field form-field  frm_top_container frm6\">\r\n\t<label for=\"field_ggfu92\" id=\"field_ggfu92_label\" class=\"frm_primary_label\">Telefon\r\n\t\t<span class=\"frm_required\" aria-hidden=\"true\"><\/span>\r\n\t<\/label>\r\n\t<input type=\"tel\" id=\"field_ggfu92\" name=\"item_meta[20]\" value=\"\"  data-invmsg=\"Telefon \u00e4r ogiltigt\" aria-invalid=\"false\" pattern=\"((\\+\\d{1,3}(-|.| )?\\(?\\d\\)?(-| |.)?\\d{1,5})|(\\(?\\d{2,6}\\)?))(-|.| )?(\\d{3,4})(-|.| )?(\\d{4})(( x| ext)\\d{1,5}){0,1}$\"  \/>\r\n\t\r\n\t\r\n<\/div>\n<div id=\"frm_field_19_container\" class=\"frm_form_field form-field  frm_top_container\">\r\n    <label for=\"field_82mq82\" class=\"frm_primary_label\">Adress\r\n        <span class=\"frm_required\"><\/span>\r\n    <\/label>\r\n    <input type=\"text\" id=\"field_82mq82\" name=\"item_meta[19]\" value=\"\"  data-invmsg=\"Adress \u00e4r ogiltigt\" aria-invalid=\"false\"  \/>\r\n    \r\n    \r\n<\/div>\n<div id=\"frm_field_21_container\" class=\"frm_form_field form-field  frm_top_container frm12 frm_first\">\r\n    <label for=\"field_x6aq2\" class=\"frm_primary_label\">\u00d6vrigt\r\n        <span class=\"frm_required\"><\/span>\r\n    <\/label>\r\n    <textarea name=\"item_meta[21]\" id=\"field_x6aq2\" rows=\"5\"  data-invmsg=\"\u00d6vrigt \u00e4r ogiltigt\" aria-invalid=\"false\"  ><\/textarea>\r\n    \r\n    \r\n<\/div>\n<div id=\"frm_field_23_container\" class=\"frm_form_field form-field \">\r\n\t<div class=\"frm_submit\">\r\n\r\n<button class=\"frm_button_submit\" type=\"submit\" >Skicka<\/button>\r\n\r\n<\/div>\r\n<\/div>\n\t<input type=\"hidden\" name=\"item_key\" value=\"\" \/>\n\t\t\t<div id=\"frm_field_62_container\">\n\t\t\t<label for=\"field_uqltv\" >\n\t\t\t\tOm du \u00e4r m\u00e4nsklig, l\u00e4mna det h\u00e4r f\u00e4ltet tomt.\t\t\t<\/label>\n\t\t\t<input  id=\"field_uqltv\" type=\"text\" class=\"frm_form_field form-field frm_verify\" name=\"item_meta[62]\" value=\"\"  \/>\n\t\t<\/div>\n\t\t<input name=\"frm_state\" type=\"hidden\" value=\"+Tr5zXwtD2Ct1rZKslTuzlDO5vG45wpvSd50KtDznL0=\" \/><\/div>\n<\/fieldset>\n<\/div>\n\n<\/form>\n<\/div>\n[\/vc_column_text][\/vc_column][vc_column width=&#8221;1\/2&#8243;][vc_column_text css=&#8221;.vc_custom_1757580183688{background-color: #FFFFFF !important;}&#8221;]<\/p>\n<h2>V\u00e5ra \u00f6ppettider<\/h2>\n<p><span style=\"color: #508d24; font-size: x-large;\">\u00d6ppettider Caf\u00e9<\/span><br \/>\nM\u00e5ndag &#8211; Fredag 10.00 &#8211; 16.00<br \/>\nL\u00f6rdag ST\u00c4NGT<br \/>\nS\u00f6ndag ST\u00c4NGT<\/p>\n<p><span style=\"color: #508d24; font-size: x-large;\">\u00d6ppettider toaletter<\/span><br \/>\nM\u00e5ndag &#8211; torsdag kl. 10.00 &#8211; 17.30<br \/>\nFredag kl 10.00-16.00<br \/>\nL\u00f6rdag St\u00e4ngt<br \/>\nS\u00f6ndag St\u00e4ngt<br \/>\nUt\u00f6ver v\u00e5ra \u00f6ppettider finns \u00b4holken\u00b4 &#8211; v\u00e5r extra toalett &#8211; vid rutschkanan<\/p>\n<pre><strong>Djuren finns att se ute i hagarna varje dag mellan ca. 08.00-17.00\u200b <\/strong>\n\nMed undantag f\u00f6r juli m\u00e5nad d\u00e5 f\u00e5r, getter och h\u00e4star \u00e4r p\u00e5 sommarbete.<\/pre>\n<p>[\/vc_column_text][vc_column_text css=&#8221;&#8221;]Vi n\u00e5s l\u00e4ttast via mejl. Observera att vi inte svarar p\u00e5 samtal, sms eller mejl under helger.<\/p>\n<p><strong>Mailadress:<\/strong> augustendal@4h.se<\/p>\n<p><strong>Telefon:<\/strong> 070 &#8211; 019 43 75 (Maila i f\u00f6rsta hand)<\/p>\n<p>&nbsp;<\/p>\n<h3>Vanliga fr\u00e5gor<\/h3>\n<p>[\/vc_column_text][vc_toggle title=&#8221;Har ni grill?&#8221; css=&#8221;&#8221;]Vi har en grill p\u00e5 framsidan av caf\u00e9 huset som allm\u00e4nheten f\u00e5r grilla p\u00e5[\/vc_toggle][vc_toggle title=&#8221;Har ni ponnyridning?&#8221; css=&#8221;&#8221;]Vi har n\u00e5got som heter 15-minutersridning och 30-minuters ridning. Endast f\u00f6rbokning g\u00e4ller, se mer under fliken &#8221;ridning&#8221; h\u00e4r p\u00e5 hemsidan.[\/vc_toggle][vc_toggle title=&#8221;Kostar det att bes\u00f6ka er?&#8221; css=&#8221;&#8221;]Det kostar inget att bes\u00f6ka oss. V\u00e4lkomna under v\u00e5ra \u00f6ppettider![\/vc_toggle][vc_toggle title=&#8221;F\u00e5r man klappa djuren?&#8221; css=&#8221;&#8221;]Man f\u00e5r klappa djuren om de kommer fram till staketet. H\u00e4starna klappas alltid p\u00e5 egen risk, eftersom de kan bitas. Det \u00e4r inte till\u00e5tet att g\u00e5 in i hagarna.[\/vc_toggle][vc_toggle title=&#8221;Vart \u00e4r djuren p\u00e5 p\u00e5 sommaren?&#8221; css=&#8221;&#8221;]V\u00e5ra h\u00e4star, f\u00e5r och getter \u00e4r p\u00e5 sommarbete (deras semester fr\u00e5n g\u00e5rden) varje sommar. Infaller i slutet p\u00e5 juni &#8211; b\u00f6rjan av augusti m\u00e5nad. Under dessa veckor finns bara h\u00f6ns och kaniner p\u00e5 plats p\u00e5 g\u00e5rden.[\/vc_toggle][vc_toggle title=&#8221;Tar ni emot inackorderingar eller djur som beh\u00f6ver byta hem?&#8221; css=&#8221;&#8221;]Vi tar dessv\u00e4rre inte emot n\u00e5gra djur som beh\u00f6ver nytt hem. Vi tar ej emot sm\u00e5djur f\u00f6r inackordering\/hotell.[\/vc_toggle][vc_toggle title=&#8221;F\u00e5r man ta med sig hunden?&#8221; css=&#8221;&#8221;]Hundar \u00e4r v\u00e4lkomna s\u00e5 l\u00e4nge de \u00e4r kopplade och inte st\u00f6r g\u00e5rdens djur\/verksamhet. I v\u00e5rt caf\u00e9 f\u00e5r inte hundar vistas.[\/vc_toggle][vc_toggle title=&#8221;Tar ni emot praktikanter?&#8221; css=&#8221;&#8221;]Vi tar endast emot praktikantelever fr\u00e5n gymnasieskolor.[\/vc_toggle][vc_toggle title=&#8221;Betalat din faktura fr\u00e5n antribe, men den st\u00e5r som obetald?&#8221; css=&#8221;&#8221;]Vi g\u00e5r manuellt in och markerar fakturor som betalda. Detta betyder att det kan ta lite tid innan en faktura markeras som betald. Ni kan g\u00e4rna skicka en bild p\u00e5 betalningen av fakturan till oss p\u00e5 mailen s\u00e5 kan vi manuellt markera fakturan som betald s\u00e5 snart vi har m\u00f6jlighet.[\/vc_toggle][vc_toggle title=&#8221;Betalt medlemskap men den st\u00e5r som obetald?&#8221; css=&#8221;&#8221;]<em><u><span style=\"color: #508d24;\">Svar fr\u00e5n riksf\u00f6rbundet Sveriges 4h som har hand om medlemskapen<\/span>:<\/u><\/em>&nbsp;Om du har betalat din medlemsavgift till plusgiro 92 62 02-3 och angett det OCR-nummer som finns p\u00e5 fakturan i Antribe matchas din betalning automatiskt i v\u00e5rt system efter att personal l\u00e4st in bankinformationen. Det finns allts\u00e5 ett manuellt steg mellan att betalning g\u00f6rs och att betalstatus \u00e4ndras p\u00e5 din faktura i Antribe. D\u00e4rf\u00f6r kan en faktura st\u00e5 som obetald fast betalning dragits fr\u00e5n ditt konto. Normalt sett l\u00e4ses bankinformation in manuellt varje vardag.[\/vc_toggle][vc_toggle title=&#8221;Jag har inte f\u00e5tt n\u00e5gon information inf\u00f6r kommande kurs?&#8221; css=&#8221;&#8221;]Vi skickar inte ut n\u00e5gon bekr\u00e4ftelse eller liknande n\u00e4r man anm\u00e4lt sig till ett evenemang via antribe (<em>djursk\u00f6tarkurs, dagl\u00e4ger, mini 4h mm<\/em>). Har man f\u00e5tt en faktura p\u00e5 mailen fr\u00e5n antribe har man f\u00e5tt en plats p\u00e5 kursen\/dagl\u00e4gret. Kolla g\u00e4rna i skr\u00e4pposten p\u00e5 mailen d\u00e5 fakturan kan ha hamnat d\u00e4r.[\/vc_toggle][\/vc_column][\/vc_row]<\/p>\n<\/div>","protected":false},"excerpt":{"rendered":"<p>[vc_row][vc_column width=&#8221;1\/2&#8243;][vc_column_text css=&#8221;&#8221;] Kontakta oss [\/vc_column_text][\/vc_column][vc_column width=&#8221;1\/2&#8243;][vc_column_text css=&#8221;.vc_custom_1757580183688{background-color: #FFFFFF !important;}&#8221;] V\u00e5ra \u00f6ppettider \u00d6ppettider Caf\u00e9 M\u00e5ndag &#8211; Fredag 10.00 &#8211; 16.00 L\u00f6rdag ST\u00c4NGT S\u00f6ndag ST\u00c4NGT \u00d6ppettider toaletter M\u00e5ndag &#8211; torsdag kl. 10.00 &#8211; 17.30 Fredag kl 10.00-16.00 L\u00f6rdag St\u00e4ngt S\u00f6ndag St\u00e4ngt Ut\u00f6ver v\u00e5ra \u00f6ppettider finns \u00b4holken\u00b4 &#8211; v\u00e5r extra toalett &#8211; vid rutschkanan Djuren finns att&nbsp; <a href=\"https:\/\/www.4h.se\/augustendal\/kontakta-oss\/\">&hellip; Read more <i class=\"glyphicon glyphicon-arrow-right\"><\/i><\/a><\/p>\n","protected":false},"author":1,"featured_media":0,"parent":0,"menu_order":5,"comment_status":"closed","ping_status":"closed","template":"","meta":{"_acf_changed":false,"footnotes":""},"class_list":["post-121","page","type-page","status-publish","hentry"],"acf":[],"yoast_head":"<!-- This site is optimized with the Yoast SEO plugin v27.5 - https:\/\/yoast.com\/product\/yoast-seo-wordpress\/ -->\n<title>Kontakta oss - Augustendals 4H-g\u00e5rd<\/title>\n<meta name=\"robots\" content=\"index, follow, max-snippet:-1, max-image-preview:large, max-video-preview:-1\" \/>\n<link rel=\"canonical\" href=\"https:\/\/www.4h.se\/augustendal\/kontakta-oss\/\" \/>\n<meta property=\"og:locale\" content=\"sv_SE\" \/>\n<meta property=\"og:type\" content=\"article\" \/>\n<meta property=\"og:title\" content=\"Kontakta oss - Augustendals 4H-g\u00e5rd\" \/>\n<meta property=\"og:description\" content=\"[vc_row][vc_column width=&#8221;1\/2&#8243;][vc_column_text css=&#8221;&#8221;] Kontakta oss [\/vc_column_text][\/vc_column][vc_column width=&#8221;1\/2&#8243;][vc_column_text css=&#8221;.vc_custom_1757580183688{background-color: #FFFFFF !important;}&#8221;] V\u00e5ra \u00f6ppettider \u00d6ppettider Caf\u00e9 M\u00e5ndag &#8211; Fredag 10.00 &#8211; 16.00 L\u00f6rdag ST\u00c4NGT S\u00f6ndag ST\u00c4NGT \u00d6ppettider toaletter M\u00e5ndag &#8211; torsdag kl. 10.00 &#8211; 17.30 Fredag kl 10.00-16.00 L\u00f6rdag St\u00e4ngt S\u00f6ndag St\u00e4ngt Ut\u00f6ver v\u00e5ra \u00f6ppettider finns \u00b4holken\u00b4 &#8211; v\u00e5r extra toalett &#8211; vid rutschkanan Djuren finns att&nbsp; &hellip; Read more\" \/>\n<meta property=\"og:url\" content=\"https:\/\/www.4h.se\/augustendal\/kontakta-oss\/\" \/>\n<meta property=\"og:site_name\" content=\"Augustendals 4H-g\u00e5rd\" \/>\n<meta property=\"article:modified_time\" content=\"2025-11-20T14:57:53+00:00\" \/>\n<meta name=\"twitter:card\" content=\"summary_large_image\" \/>\n<meta name=\"twitter:label1\" content=\"Ber\u00e4knad l\u00e4stid\" \/>\n\t<meta name=\"twitter:data1\" content=\"4 minuter\" \/>\n<script type=\"application\/ld+json\" class=\"yoast-schema-graph\">{\"@context\":\"https:\\\/\\\/schema.org\",\"@graph\":[{\"@type\":\"WebPage\",\"@id\":\"https:\\\/\\\/www.4h.se\\\/augustendal\\\/kontakta-oss\\\/\",\"url\":\"https:\\\/\\\/www.4h.se\\\/augustendal\\\/kontakta-oss\\\/\",\"name\":\"Kontakta oss - Augustendals 4H-g\u00e5rd\",\"isPartOf\":{\"@id\":\"https:\\\/\\\/www.4h.se\\\/augustendal\\\/#website\"},\"datePublished\":\"2015-01-23T19:08:12+00:00\",\"dateModified\":\"2025-11-20T14:57:53+00:00\",\"breadcrumb\":{\"@id\":\"https:\\\/\\\/www.4h.se\\\/augustendal\\\/kontakta-oss\\\/#breadcrumb\"},\"inLanguage\":\"sv-SE\",\"potentialAction\":[{\"@type\":\"ReadAction\",\"target\":[\"https:\\\/\\\/www.4h.se\\\/augustendal\\\/kontakta-oss\\\/\"]}]},{\"@type\":\"BreadcrumbList\",\"@id\":\"https:\\\/\\\/www.4h.se\\\/augustendal\\\/kontakta-oss\\\/#breadcrumb\",\"itemListElement\":[{\"@type\":\"ListItem\",\"position\":1,\"name\":\"Hem\",\"item\":\"https:\\\/\\\/www.4h.se\\\/augustendal\\\/\"},{\"@type\":\"ListItem\",\"position\":2,\"name\":\"Kontakta oss\"}]},{\"@type\":\"WebSite\",\"@id\":\"https:\\\/\\\/www.4h.se\\\/augustendal\\\/#website\",\"url\":\"https:\\\/\\\/www.4h.se\\\/augustendal\\\/\",\"name\":\"Augustendals 4H-g\u00e5rd\",\"description\":\"\",\"potentialAction\":[{\"@type\":\"SearchAction\",\"target\":{\"@type\":\"EntryPoint\",\"urlTemplate\":\"https:\\\/\\\/www.4h.se\\\/augustendal\\\/?s={search_term_string}\"},\"query-input\":{\"@type\":\"PropertyValueSpecification\",\"valueRequired\":true,\"valueName\":\"search_term_string\"}}],\"inLanguage\":\"sv-SE\"}]}<\/script>\n<!-- \/ Yoast SEO plugin. -->","yoast_head_json":{"title":"Kontakta oss - Augustendals 4H-g\u00e5rd","robots":{"index":"index","follow":"follow","max-snippet":"max-snippet:-1","max-image-preview":"max-image-preview:large","max-video-preview":"max-video-preview:-1"},"canonical":"https:\/\/www.4h.se\/augustendal\/kontakta-oss\/","og_locale":"sv_SE","og_type":"article","og_title":"Kontakta oss - Augustendals 4H-g\u00e5rd","og_description":"[vc_row][vc_column width=&#8221;1\/2&#8243;][vc_column_text css=&#8221;&#8221;] Kontakta oss [\/vc_column_text][\/vc_column][vc_column width=&#8221;1\/2&#8243;][vc_column_text css=&#8221;.vc_custom_1757580183688{background-color: #FFFFFF !important;}&#8221;] V\u00e5ra \u00f6ppettider \u00d6ppettider Caf\u00e9 M\u00e5ndag &#8211; Fredag 10.00 &#8211; 16.00 L\u00f6rdag ST\u00c4NGT S\u00f6ndag ST\u00c4NGT \u00d6ppettider toaletter M\u00e5ndag &#8211; torsdag kl. 10.00 &#8211; 17.30 Fredag kl 10.00-16.00 L\u00f6rdag St\u00e4ngt S\u00f6ndag St\u00e4ngt Ut\u00f6ver v\u00e5ra \u00f6ppettider finns \u00b4holken\u00b4 &#8211; v\u00e5r extra toalett &#8211; vid rutschkanan Djuren finns att&nbsp; &hellip; Read more","og_url":"https:\/\/www.4h.se\/augustendal\/kontakta-oss\/","og_site_name":"Augustendals 4H-g\u00e5rd","article_modified_time":"2025-11-20T14:57:53+00:00","twitter_card":"summary_large_image","twitter_misc":{"Ber\u00e4knad l\u00e4stid":"4 minuter"},"schema":{"@context":"https:\/\/schema.org","@graph":[{"@type":"WebPage","@id":"https:\/\/www.4h.se\/augustendal\/kontakta-oss\/","url":"https:\/\/www.4h.se\/augustendal\/kontakta-oss\/","name":"Kontakta oss - Augustendals 4H-g\u00e5rd","isPartOf":{"@id":"https:\/\/www.4h.se\/augustendal\/#website"},"datePublished":"2015-01-23T19:08:12+00:00","dateModified":"2025-11-20T14:57:53+00:00","breadcrumb":{"@id":"https:\/\/www.4h.se\/augustendal\/kontakta-oss\/#breadcrumb"},"inLanguage":"sv-SE","potentialAction":[{"@type":"ReadAction","target":["https:\/\/www.4h.se\/augustendal\/kontakta-oss\/"]}]},{"@type":"BreadcrumbList","@id":"https:\/\/www.4h.se\/augustendal\/kontakta-oss\/#breadcrumb","itemListElement":[{"@type":"ListItem","position":1,"name":"Hem","item":"https:\/\/www.4h.se\/augustendal\/"},{"@type":"ListItem","position":2,"name":"Kontakta oss"}]},{"@type":"WebSite","@id":"https:\/\/www.4h.se\/augustendal\/#website","url":"https:\/\/www.4h.se\/augustendal\/","name":"Augustendals 4H-g\u00e5rd","description":"","potentialAction":[{"@type":"SearchAction","target":{"@type":"EntryPoint","urlTemplate":"https:\/\/www.4h.se\/augustendal\/?s={search_term_string}"},"query-input":{"@type":"PropertyValueSpecification","valueRequired":true,"valueName":"search_term_string"}}],"inLanguage":"sv-SE"}]}},"_links":{"self":[{"href":"https:\/\/www.4h.se\/augustendal\/wp-json\/wp\/v2\/pages\/121","targetHints":{"allow":["GET"]}}],"collection":[{"href":"https:\/\/www.4h.se\/augustendal\/wp-json\/wp\/v2\/pages"}],"about":[{"href":"https:\/\/www.4h.se\/augustendal\/wp-json\/wp\/v2\/types\/page"}],"author":[{"embeddable":true,"href":"https:\/\/www.4h.se\/augustendal\/wp-json\/wp\/v2\/users\/1"}],"replies":[{"embeddable":true,"href":"https:\/\/www.4h.se\/augustendal\/wp-json\/wp\/v2\/comments?post=121"}],"version-history":[{"count":0,"href":"https:\/\/www.4h.se\/augustendal\/wp-json\/wp\/v2\/pages\/121\/revisions"}],"wp:attachment":[{"href":"https:\/\/www.4h.se\/augustendal\/wp-json\/wp\/v2\/media?parent=121"}],"curies":[{"name":"wp","href":"https:\/\/api.w.org\/{rel}","templated":true}]}}