



{"id":394,"date":"2016-10-31T10:17:11","date_gmt":"2016-10-31T09:17:11","guid":{"rendered":"http:\/\/www.4h.se\/astad\/?page_id=394"},"modified":"2021-03-04T09:00:54","modified_gmt":"2021-03-04T08:00:54","slug":"utomhus","status":"publish","type":"page","link":"https:\/\/www.4h.se\/astad\/utomhus\/","title":{"rendered":"Utomhus"},"content":{"rendered":"<div class=\"wpb-content-wrapper\"><p>[vc_row][vc_column][vc_row_inner][vc_column_inner width=&#8221;1\/2&#8243;][vc_column_text]<a href=\"https:\/\/www.4h.se\/astad\/wp-content\/uploads\/sites\/64\/2016\/10\/File1.jpg\"><img loading=\"lazy\" decoding=\"async\" class=\"alignnone size-medium wp-image-413\" src=\"https:\/\/www.4h.se\/astad\/wp-content\/uploads\/sites\/64\/2016\/10\/File1-450x300.jpg\" alt=\"file1\" width=\"450\" height=\"300\" srcset=\"https:\/\/www.4h.se\/astad\/wp-content\/uploads\/sites\/64\/2016\/10\/File1-450x300.jpg 450w, https:\/\/www.4h.se\/astad\/wp-content\/uploads\/sites\/64\/2016\/10\/File1-170x113.jpg 170w, https:\/\/www.4h.se\/astad\/wp-content\/uploads\/sites\/64\/2016\/10\/File1-970x647.jpg 970w, https:\/\/www.4h.se\/astad\/wp-content\/uploads\/sites\/64\/2016\/10\/File1.jpg 1000w\" sizes=\"auto, (max-width: 450px) 100vw, 450px\" \/><\/a>[\/vc_column_text][\/vc_column_inner][vc_column_inner width=&#8221;1\/2&#8243;][vc_column_text]<\/p>\n<h1 class=\"head1\"><strong>Utomhus<\/strong><\/h1>\n<p>&nbsp;<\/p>\n<p style=\"text-align: left\" align=\"left\">\u00c4stad 4H-g\u00e5rd omges inte bara av storslagen natur utan ocks\u00e5 av en stor tr\u00e4dg\u00e5rd. H\u00e4r finns bra ytor f\u00f6r aktiviteter \u00e5ret runt och uteplats med m\u00f6jlighet till grillning \u00f6ver \u00f6ppen eld. Det finns \u00e4ven en k\u00f6kstr\u00e4dg\u00e5rd med b\u00e4r, kryddor och sallad.<\/p>\n<p style=\"text-align: left\">Under sommarens l\u00e4gerverksamhet finns det djur p\u00e5 g\u00e5rden, och d\u00e4rf\u00f6r \u00e4ven djurhagar och ett mindre stall.<\/p>\n<div align=\"center\">\n<div style=\"text-align: left\" align=\"left\">I anslutning till 4H-g\u00e5rden ligger L\u00e5nganskogen. Naturreservatet \u00e4r l\u00e4nets st\u00f6rsta sammanh\u00e4ngande alsumpskog. I den t\u00e4ta, dunkla och fuktiga skogen lever m\u00e5nga s\u00e4llsynta arter. L\u00e4s mer om reservatet p\u00e5\u00a0<a href=\"https:\/\/www.lansstyrelsen.se\/halland\/besoksmal\/naturreservat\/varberg\/langanskogen.html\">L\u00e4nsstyrelsens hemsida<\/a><\/div>\n<\/div>\n<p>[\/vc_column_text][\/vc_column_inner][\/vc_row_inner][vc_separator style=&#8221;dotted&#8221; border_width=&#8221;5&#8243;][vc_row_inner][vc_column_inner width=&#8221;1\/3&#8243;][vc_column_text]<\/p>\n<div align=\"left\"><a href=\"https:\/\/www.4h.se\/astad\/wp-content\/uploads\/sites\/64\/2016\/10\/File2.jpg\"><img loading=\"lazy\" decoding=\"async\" class=\"alignnone size-medium wp-image-414\" src=\"https:\/\/www.4h.se\/astad\/wp-content\/uploads\/sites\/64\/2016\/10\/File2-450x300.jpg\" alt=\"file2\" width=\"450\" height=\"300\" srcset=\"https:\/\/www.4h.se\/astad\/wp-content\/uploads\/sites\/64\/2016\/10\/File2-450x300.jpg 450w, https:\/\/www.4h.se\/astad\/wp-content\/uploads\/sites\/64\/2016\/10\/File2-170x113.jpg 170w, https:\/\/www.4h.se\/astad\/wp-content\/uploads\/sites\/64\/2016\/10\/File2-970x647.jpg 970w, https:\/\/www.4h.se\/astad\/wp-content\/uploads\/sites\/64\/2016\/10\/File2.jpg 1000w\" sizes=\"auto, (max-width: 450px) 100vw, 450px\" \/><\/a><\/div>\n<div align=\"left\">\n<p>Balkong p\u00e5 andra v\u00e5ning<\/p>\n<p>&nbsp;<\/p>\n<\/div>\n<div align=\"left\">\n<div align=\"left\"><a href=\"https:\/\/www.4h.se\/astad\/wp-content\/uploads\/sites\/64\/2016\/10\/File3.jpg\"><img loading=\"lazy\" decoding=\"async\" class=\"alignnone size-medium wp-image-415\" src=\"https:\/\/www.4h.se\/astad\/wp-content\/uploads\/sites\/64\/2016\/10\/File3-450x300.jpg\" alt=\"file3\" width=\"450\" height=\"300\" srcset=\"https:\/\/www.4h.se\/astad\/wp-content\/uploads\/sites\/64\/2016\/10\/File3-450x300.jpg 450w, https:\/\/www.4h.se\/astad\/wp-content\/uploads\/sites\/64\/2016\/10\/File3-170x113.jpg 170w, https:\/\/www.4h.se\/astad\/wp-content\/uploads\/sites\/64\/2016\/10\/File3-970x647.jpg 970w, https:\/\/www.4h.se\/astad\/wp-content\/uploads\/sites\/64\/2016\/10\/File3.jpg 1000w\" sizes=\"auto, (max-width: 450px) 100vw, 450px\" \/><\/a><\/div>\n<div align=\"left\">\n<p>De finns flera bord ute i tr\u00e4dg\u00e5rden att sitta och \u00e4ta vid<\/p>\n<p>&nbsp;<\/p>\n<\/div>\n<\/div>\n<p>[\/vc_column_text][\/vc_column_inner][vc_column_inner width=&#8221;1\/3&#8243;][vc_column_text]<\/p>\n<div align=\"left\"><a href=\"https:\/\/www.4h.se\/astad\/wp-content\/uploads\/sites\/64\/2016\/10\/File5.jpg\"><img loading=\"lazy\" decoding=\"async\" class=\"alignnone size-medium wp-image-417\" src=\"https:\/\/www.4h.se\/astad\/wp-content\/uploads\/sites\/64\/2016\/10\/File5-450x300.jpg\" alt=\"file5\" width=\"450\" height=\"300\" srcset=\"https:\/\/www.4h.se\/astad\/wp-content\/uploads\/sites\/64\/2016\/10\/File5-450x300.jpg 450w, https:\/\/www.4h.se\/astad\/wp-content\/uploads\/sites\/64\/2016\/10\/File5-170x113.jpg 170w, https:\/\/www.4h.se\/astad\/wp-content\/uploads\/sites\/64\/2016\/10\/File5-970x647.jpg 970w, https:\/\/www.4h.se\/astad\/wp-content\/uploads\/sites\/64\/2016\/10\/File5.jpg 1000w\" sizes=\"auto, (max-width: 450px) 100vw, 450px\" \/><\/a><\/div>\n<div align=\"left\">\n<p>Stor gr\u00e4smatta bra f\u00f6r aktiviteter<\/p>\n<p>&nbsp;<\/p>\n<\/div>\n<div align=\"left\">\n<div align=\"left\"><a href=\"https:\/\/www.4h.se\/astad\/wp-content\/uploads\/sites\/64\/2016\/10\/File4.jpg\"><img loading=\"lazy\" decoding=\"async\" class=\"alignnone size-medium wp-image-416\" src=\"https:\/\/www.4h.se\/astad\/wp-content\/uploads\/sites\/64\/2016\/10\/File4-450x300.jpg\" alt=\"file4\" width=\"450\" height=\"300\" srcset=\"https:\/\/www.4h.se\/astad\/wp-content\/uploads\/sites\/64\/2016\/10\/File4-450x300.jpg 450w, https:\/\/www.4h.se\/astad\/wp-content\/uploads\/sites\/64\/2016\/10\/File4-170x113.jpg 170w, https:\/\/www.4h.se\/astad\/wp-content\/uploads\/sites\/64\/2016\/10\/File4-970x647.jpg 970w, https:\/\/www.4h.se\/astad\/wp-content\/uploads\/sites\/64\/2016\/10\/File4.jpg 1000w\" sizes=\"auto, (max-width: 450px) 100vw, 450px\" \/><\/a><\/div>\n<div align=\"left\">\n<p>Gr\u00f6nsaker, \u00f6rter och b\u00e4r v\u00e4xer i tr\u00e4dg\u00e5rden<\/p>\n<p>&nbsp;<\/p>\n<\/div>\n<\/div>\n<p>[\/vc_column_text][\/vc_column_inner][vc_column_inner width=&#8221;1\/3&#8243;][vc_column_text]<\/p>\n<div align=\"left\"><a href=\"https:\/\/www.4h.se\/astad\/wp-content\/uploads\/sites\/64\/2016\/10\/File6.jpg\"><img loading=\"lazy\" decoding=\"async\" class=\"alignnone size-medium wp-image-418\" src=\"https:\/\/www.4h.se\/astad\/wp-content\/uploads\/sites\/64\/2016\/10\/File6-450x300.jpg\" alt=\"file6\" width=\"450\" height=\"300\" srcset=\"https:\/\/www.4h.se\/astad\/wp-content\/uploads\/sites\/64\/2016\/10\/File6-450x300.jpg 450w, https:\/\/www.4h.se\/astad\/wp-content\/uploads\/sites\/64\/2016\/10\/File6-170x113.jpg 170w, https:\/\/www.4h.se\/astad\/wp-content\/uploads\/sites\/64\/2016\/10\/File6-970x647.jpg 970w, https:\/\/www.4h.se\/astad\/wp-content\/uploads\/sites\/64\/2016\/10\/File6.jpg 1000w\" sizes=\"auto, (max-width: 450px) 100vw, 450px\" \/><\/a><\/div>\n<div align=\"left\">\n<p>Grillplats i tr\u00e4dg\u00e5rden<\/p>\n<p>&nbsp;<\/p>\n<\/div>\n<div align=\"left\"><a href=\"https:\/\/www.4h.se\/astad\/wp-content\/uploads\/sites\/64\/2016\/10\/File7.jpg\"><img loading=\"lazy\" decoding=\"async\" class=\"alignnone size-medium wp-image-419\" src=\"https:\/\/www.4h.se\/astad\/wp-content\/uploads\/sites\/64\/2016\/10\/File7-450x300.jpg\" alt=\"file7\" width=\"450\" height=\"300\" srcset=\"https:\/\/www.4h.se\/astad\/wp-content\/uploads\/sites\/64\/2016\/10\/File7-450x300.jpg 450w, https:\/\/www.4h.se\/astad\/wp-content\/uploads\/sites\/64\/2016\/10\/File7-170x113.jpg 170w, https:\/\/www.4h.se\/astad\/wp-content\/uploads\/sites\/64\/2016\/10\/File7-970x647.jpg 970w, https:\/\/www.4h.se\/astad\/wp-content\/uploads\/sites\/64\/2016\/10\/File7.jpg 1000w\" sizes=\"auto, (max-width: 450px) 100vw, 450px\" \/><\/a><\/div>\n<div align=\"left\">\n<p>Charlie h\u00e4lsar er v\u00e4lkomna till \u00c4stad 4H-g\u00e5rd<\/p>\n<p>&nbsp;<\/p>\n<\/div>\n<p>[\/vc_column_text][\/vc_column_inner][\/vc_row_inner][\/vc_column][\/vc_row][vc_row][vc_column][vc_separator style=&#8221;dotted&#8221; border_width=&#8221;5&#8243;][\/vc_column][\/vc_row][vc_row][vc_column][vc_column_text]<\/p>\n<p style=\"text-align: center\"><span style=\"font-size: xx-small\">Foton p\u00e5 denna sidan: Hampus Brink<\/span><\/p>\n<p>[\/vc_column_text][\/vc_column][\/vc_row]<\/p>\n<\/div>","protected":false},"excerpt":{"rendered":"<p>[vc_row][vc_column][vc_row_inner][vc_column_inner width=&#8221;1\/2&#8243;][vc_column_text][\/vc_column_text][\/vc_column_inner][vc_column_inner width=&#8221;1\/2&#8243;][vc_column_text] Utomhus &nbsp; \u00c4stad 4H-g\u00e5rd omges inte bara av storslagen natur utan ocks\u00e5 av en stor tr\u00e4dg\u00e5rd. H\u00e4r finns bra ytor f\u00f6r aktiviteter \u00e5ret runt och uteplats med m\u00f6jlighet till grillning \u00f6ver \u00f6ppen eld. Det finns \u00e4ven en k\u00f6kstr\u00e4dg\u00e5rd med b\u00e4r, kryddor och sallad. Under sommarens l\u00e4gerverksamhet finns det djur p\u00e5 g\u00e5rden, och&nbsp; <a href=\"https:\/\/www.4h.se\/astad\/utomhus\/\">&hellip; Read more <i class=\"glyphicon glyphicon-arrow-right\"><\/i><\/a><\/p>\n","protected":false},"author":67,"featured_media":0,"parent":0,"menu_order":0,"comment_status":"closed","ping_status":"closed","template":"","meta":{"_acf_changed":false,"footnotes":""},"class_list":["post-394","page","type-page","status-publish","hentry"],"acf":[],"yoast_head":"<!-- This site is optimized with the Yoast SEO plugin v27.4 - https:\/\/yoast.com\/product\/yoast-seo-wordpress\/ -->\n<title>Utomhus - \u00c4stad 4H<\/title>\n<meta name=\"robots\" content=\"index, follow, max-snippet:-1, max-image-preview:large, max-video-preview:-1\" \/>\n<link rel=\"canonical\" href=\"https:\/\/www.4h.se\/astad\/utomhus\/\" \/>\n<meta property=\"og:locale\" content=\"sv_SE\" \/>\n<meta property=\"og:type\" content=\"article\" \/>\n<meta property=\"og:title\" content=\"Utomhus - \u00c4stad 4H\" \/>\n<meta property=\"og:description\" content=\"[vc_row][vc_column][vc_row_inner][vc_column_inner width=&#8221;1\/2&#8243;][vc_column_text][\/vc_column_text][\/vc_column_inner][vc_column_inner width=&#8221;1\/2&#8243;][vc_column_text] Utomhus &nbsp; \u00c4stad 4H-g\u00e5rd omges inte bara av storslagen natur utan ocks\u00e5 av en stor tr\u00e4dg\u00e5rd. H\u00e4r finns bra ytor f\u00f6r aktiviteter \u00e5ret runt och uteplats med m\u00f6jlighet till grillning \u00f6ver \u00f6ppen eld. Det finns \u00e4ven en k\u00f6kstr\u00e4dg\u00e5rd med b\u00e4r, kryddor och sallad. Under sommarens l\u00e4gerverksamhet finns det djur p\u00e5 g\u00e5rden, och&nbsp; &hellip; Read more\" \/>\n<meta property=\"og:url\" content=\"https:\/\/www.4h.se\/astad\/utomhus\/\" \/>\n<meta property=\"og:site_name\" content=\"\u00c4stad 4H\" \/>\n<meta property=\"article:modified_time\" content=\"2021-03-04T08:00:54+00:00\" \/>\n<meta property=\"og:image\" content=\"https:\/\/www.4h.se\/astad\/wp-content\/uploads\/sites\/64\/2016\/10\/File1-450x300.jpg\" \/>\n<meta name=\"twitter:card\" content=\"summary_large_image\" \/>\n<meta name=\"twitter:label1\" content=\"Ber\u00e4knad l\u00e4stid\" \/>\n\t<meta name=\"twitter:data1\" content=\"1 minut\" \/>\n<script type=\"application\/ld+json\" class=\"yoast-schema-graph\">{\"@context\":\"https:\\\/\\\/schema.org\",\"@graph\":[{\"@type\":\"WebPage\",\"@id\":\"https:\\\/\\\/www.4h.se\\\/astad\\\/utomhus\\\/\",\"url\":\"https:\\\/\\\/www.4h.se\\\/astad\\\/utomhus\\\/\",\"name\":\"Utomhus - \u00c4stad 4H\",\"isPartOf\":{\"@id\":\"https:\\\/\\\/www.4h.se\\\/astad\\\/#website\"},\"primaryImageOfPage\":{\"@id\":\"https:\\\/\\\/www.4h.se\\\/astad\\\/utomhus\\\/#primaryimage\"},\"image\":{\"@id\":\"https:\\\/\\\/www.4h.se\\\/astad\\\/utomhus\\\/#primaryimage\"},\"thumbnailUrl\":\"https:\\\/\\\/www.4h.se\\\/astad\\\/wp-content\\\/uploads\\\/sites\\\/64\\\/2016\\\/10\\\/File1-450x300.jpg\",\"datePublished\":\"2016-10-31T09:17:11+00:00\",\"dateModified\":\"2021-03-04T08:00:54+00:00\",\"breadcrumb\":{\"@id\":\"https:\\\/\\\/www.4h.se\\\/astad\\\/utomhus\\\/#breadcrumb\"},\"inLanguage\":\"sv-SE\",\"potentialAction\":[{\"@type\":\"ReadAction\",\"target\":[\"https:\\\/\\\/www.4h.se\\\/astad\\\/utomhus\\\/\"]}]},{\"@type\":\"ImageObject\",\"inLanguage\":\"sv-SE\",\"@id\":\"https:\\\/\\\/www.4h.se\\\/astad\\\/utomhus\\\/#primaryimage\",\"url\":\"https:\\\/\\\/www.4h.se\\\/astad\\\/wp-content\\\/uploads\\\/sites\\\/64\\\/2016\\\/10\\\/File1.jpg\",\"contentUrl\":\"https:\\\/\\\/www.4h.se\\\/astad\\\/wp-content\\\/uploads\\\/sites\\\/64\\\/2016\\\/10\\\/File1.jpg\",\"width\":1000,\"height\":667},{\"@type\":\"BreadcrumbList\",\"@id\":\"https:\\\/\\\/www.4h.se\\\/astad\\\/utomhus\\\/#breadcrumb\",\"itemListElement\":[{\"@type\":\"ListItem\",\"position\":1,\"name\":\"Hem\",\"item\":\"https:\\\/\\\/www.4h.se\\\/astad\\\/\"},{\"@type\":\"ListItem\",\"position\":2,\"name\":\"Utomhus\"}]},{\"@type\":\"WebSite\",\"@id\":\"https:\\\/\\\/www.4h.se\\\/astad\\\/#website\",\"url\":\"https:\\\/\\\/www.4h.se\\\/astad\\\/\",\"name\":\"\u00c4stad 4H\",\"description\":\"\",\"potentialAction\":[{\"@type\":\"SearchAction\",\"target\":{\"@type\":\"EntryPoint\",\"urlTemplate\":\"https:\\\/\\\/www.4h.se\\\/astad\\\/?s={search_term_string}\"},\"query-input\":{\"@type\":\"PropertyValueSpecification\",\"valueRequired\":true,\"valueName\":\"search_term_string\"}}],\"inLanguage\":\"sv-SE\"}]}<\/script>\n<!-- \/ Yoast SEO plugin. -->","yoast_head_json":{"title":"Utomhus - \u00c4stad 4H","robots":{"index":"index","follow":"follow","max-snippet":"max-snippet:-1","max-image-preview":"max-image-preview:large","max-video-preview":"max-video-preview:-1"},"canonical":"https:\/\/www.4h.se\/astad\/utomhus\/","og_locale":"sv_SE","og_type":"article","og_title":"Utomhus - \u00c4stad 4H","og_description":"[vc_row][vc_column][vc_row_inner][vc_column_inner width=&#8221;1\/2&#8243;][vc_column_text][\/vc_column_text][\/vc_column_inner][vc_column_inner width=&#8221;1\/2&#8243;][vc_column_text] Utomhus &nbsp; \u00c4stad 4H-g\u00e5rd omges inte bara av storslagen natur utan ocks\u00e5 av en stor tr\u00e4dg\u00e5rd. H\u00e4r finns bra ytor f\u00f6r aktiviteter \u00e5ret runt och uteplats med m\u00f6jlighet till grillning \u00f6ver \u00f6ppen eld. Det finns \u00e4ven en k\u00f6kstr\u00e4dg\u00e5rd med b\u00e4r, kryddor och sallad. Under sommarens l\u00e4gerverksamhet finns det djur p\u00e5 g\u00e5rden, och&nbsp; &hellip; Read more","og_url":"https:\/\/www.4h.se\/astad\/utomhus\/","og_site_name":"\u00c4stad 4H","article_modified_time":"2021-03-04T08:00:54+00:00","og_image":[{"url":"https:\/\/www.4h.se\/astad\/wp-content\/uploads\/sites\/64\/2016\/10\/File1-450x300.jpg","type":"","width":"","height":""}],"twitter_card":"summary_large_image","twitter_misc":{"Ber\u00e4knad l\u00e4stid":"1 minut"},"schema":{"@context":"https:\/\/schema.org","@graph":[{"@type":"WebPage","@id":"https:\/\/www.4h.se\/astad\/utomhus\/","url":"https:\/\/www.4h.se\/astad\/utomhus\/","name":"Utomhus - \u00c4stad 4H","isPartOf":{"@id":"https:\/\/www.4h.se\/astad\/#website"},"primaryImageOfPage":{"@id":"https:\/\/www.4h.se\/astad\/utomhus\/#primaryimage"},"image":{"@id":"https:\/\/www.4h.se\/astad\/utomhus\/#primaryimage"},"thumbnailUrl":"https:\/\/www.4h.se\/astad\/wp-content\/uploads\/sites\/64\/2016\/10\/File1-450x300.jpg","datePublished":"2016-10-31T09:17:11+00:00","dateModified":"2021-03-04T08:00:54+00:00","breadcrumb":{"@id":"https:\/\/www.4h.se\/astad\/utomhus\/#breadcrumb"},"inLanguage":"sv-SE","potentialAction":[{"@type":"ReadAction","target":["https:\/\/www.4h.se\/astad\/utomhus\/"]}]},{"@type":"ImageObject","inLanguage":"sv-SE","@id":"https:\/\/www.4h.se\/astad\/utomhus\/#primaryimage","url":"https:\/\/www.4h.se\/astad\/wp-content\/uploads\/sites\/64\/2016\/10\/File1.jpg","contentUrl":"https:\/\/www.4h.se\/astad\/wp-content\/uploads\/sites\/64\/2016\/10\/File1.jpg","width":1000,"height":667},{"@type":"BreadcrumbList","@id":"https:\/\/www.4h.se\/astad\/utomhus\/#breadcrumb","itemListElement":[{"@type":"ListItem","position":1,"name":"Hem","item":"https:\/\/www.4h.se\/astad\/"},{"@type":"ListItem","position":2,"name":"Utomhus"}]},{"@type":"WebSite","@id":"https:\/\/www.4h.se\/astad\/#website","url":"https:\/\/www.4h.se\/astad\/","name":"\u00c4stad 4H","description":"","potentialAction":[{"@type":"SearchAction","target":{"@type":"EntryPoint","urlTemplate":"https:\/\/www.4h.se\/astad\/?s={search_term_string}"},"query-input":{"@type":"PropertyValueSpecification","valueRequired":true,"valueName":"search_term_string"}}],"inLanguage":"sv-SE"}]}},"_links":{"self":[{"href":"https:\/\/www.4h.se\/astad\/wp-json\/wp\/v2\/pages\/394","targetHints":{"allow":["GET"]}}],"collection":[{"href":"https:\/\/www.4h.se\/astad\/wp-json\/wp\/v2\/pages"}],"about":[{"href":"https:\/\/www.4h.se\/astad\/wp-json\/wp\/v2\/types\/page"}],"author":[{"embeddable":true,"href":"https:\/\/www.4h.se\/astad\/wp-json\/wp\/v2\/users\/67"}],"replies":[{"embeddable":true,"href":"https:\/\/www.4h.se\/astad\/wp-json\/wp\/v2\/comments?post=394"}],"version-history":[{"count":0,"href":"https:\/\/www.4h.se\/astad\/wp-json\/wp\/v2\/pages\/394\/revisions"}],"wp:attachment":[{"href":"https:\/\/www.4h.se\/astad\/wp-json\/wp\/v2\/media?parent=394"}],"curies":[{"name":"wp","href":"https:\/\/api.w.org\/{rel}","templated":true}]}}