



{"id":390,"date":"2016-04-03T13:37:45","date_gmt":"2016-04-03T11:37:45","guid":{"rendered":"http:\/\/www.4h.se\/astad\/?page_id=390"},"modified":"2016-04-03T13:59:47","modified_gmt":"2016-04-03T11:59:47","slug":"testsida","status":"publish","type":"page","link":"https:\/\/www.4h.se\/astad\/testsida\/","title":{"rendered":"Testsida"},"content":{"rendered":"<div class=\"wpb-content-wrapper\"><p>[vc_row][vc_column][vc_column_text]Testl\u00e4ger[\/vc_column_text][\/vc_column][\/vc_row][vc_row][vc_column width=&#8221;1\/6&#8243;][vc_icon icon_fontawesome=&#8221;fa fa-paw&#8221; color=&#8221;green&#8221; background_style=&#8221;rounded&#8221; size=&#8221;xl&#8221;][vc_icon icon_fontawesome=&#8221;fa fa-binoculars&#8221; color=&#8221;green&#8221; background_style=&#8221;rounded&#8221; size=&#8221;xl&#8221;][\/vc_column][vc_column width=&#8221;5\/6&#8243;][vc_column_text]Jag \u00e4r textblocket . Klicka p\u00e5 Redigera f\u00f6r att \u00e4ndra denna text. Lorem ipsum dolor sit amet, consectetur adipiscing elit. Ut elit tellus, Lectus NEC ullamcorper Mattis, pulvinar dapibus leo.[\/vc_column_text][vc_column_text]&nbsp;<\/p>\n<p>&nbsp;<\/p>\n<p>&nbsp;<\/p>\n<p>Jag \u00e4r textblocket . Klicka p\u00e5 Redigera f\u00f6r att \u00e4ndra denna text. Lorem ipsum dolor sit amet, consectetur adipiscing elit. Ut elit tellus, Lectus NEC ullamcorper Mattis, pulvinar dapibus leo.[\/vc_column_text][\/vc_column][\/vc_row]<\/p>\n<\/div>","protected":false},"excerpt":{"rendered":"<p>[vc_row][vc_column][vc_column_text]Testl\u00e4ger[\/vc_column_text][\/vc_column][\/vc_row][vc_row][vc_column width=&#8221;1\/6&#8243;][vc_icon icon_fontawesome=&#8221;fa fa-paw&#8221; color=&#8221;green&#8221; background_style=&#8221;rounded&#8221; size=&#8221;xl&#8221;][vc_icon icon_fontawesome=&#8221;fa fa-binoculars&#8221; color=&#8221;green&#8221; background_style=&#8221;rounded&#8221; size=&#8221;xl&#8221;][\/vc_column][vc_column width=&#8221;5\/6&#8243;][vc_column_text]Jag \u00e4r textblocket . Klicka p\u00e5 Redigera f\u00f6r att \u00e4ndra denna text. Lorem ipsum dolor sit amet, consectetur adipiscing elit. Ut elit tellus, Lectus NEC ullamcorper Mattis, pulvinar dapibus leo.[\/vc_column_text][vc_column_text]&nbsp; &nbsp; &nbsp; Jag \u00e4r textblocket . Klicka p\u00e5 Redigera f\u00f6r att \u00e4ndra denna&nbsp; <a href=\"https:\/\/www.4h.se\/astad\/testsida\/\">&hellip; Read more <i class=\"glyphicon glyphicon-arrow-right\"><\/i><\/a><\/p>\n","protected":false},"author":38,"featured_media":0,"parent":0,"menu_order":0,"comment_status":"closed","ping_status":"closed","template":"","meta":{"_acf_changed":false,"footnotes":""},"class_list":["post-390","page","type-page","status-publish","hentry"],"acf":[],"yoast_head":"<!-- This site is optimized with the Yoast SEO plugin v27.4 - https:\/\/yoast.com\/product\/yoast-seo-wordpress\/ -->\n<title>Testsida - \u00c4stad 4H<\/title>\n<meta name=\"robots\" content=\"index, follow, max-snippet:-1, max-image-preview:large, max-video-preview:-1\" \/>\n<link rel=\"canonical\" href=\"https:\/\/www.4h.se\/astad\/testsida\/\" \/>\n<meta property=\"og:locale\" content=\"sv_SE\" \/>\n<meta property=\"og:type\" content=\"article\" \/>\n<meta property=\"og:title\" content=\"Testsida - \u00c4stad 4H\" \/>\n<meta property=\"og:description\" content=\"[vc_row][vc_column][vc_column_text]Testl\u00e4ger[\/vc_column_text][\/vc_column][\/vc_row][vc_row][vc_column width=&#8221;1\/6&#8243;][vc_icon icon_fontawesome=&#8221;fa fa-paw&#8221; color=&#8221;green&#8221; background_style=&#8221;rounded&#8221; size=&#8221;xl&#8221;][vc_icon icon_fontawesome=&#8221;fa fa-binoculars&#8221; color=&#8221;green&#8221; background_style=&#8221;rounded&#8221; size=&#8221;xl&#8221;][\/vc_column][vc_column width=&#8221;5\/6&#8243;][vc_column_text]Jag \u00e4r textblocket . Klicka p\u00e5 Redigera f\u00f6r att \u00e4ndra denna text. Lorem ipsum dolor sit amet, consectetur adipiscing elit. Ut elit tellus, Lectus NEC ullamcorper Mattis, pulvinar dapibus leo.[\/vc_column_text][vc_column_text]&nbsp; &nbsp; &nbsp; Jag \u00e4r textblocket . Klicka p\u00e5 Redigera f\u00f6r att \u00e4ndra denna&nbsp; &hellip; Read more\" \/>\n<meta property=\"og:url\" content=\"https:\/\/www.4h.se\/astad\/testsida\/\" \/>\n<meta property=\"og:site_name\" content=\"\u00c4stad 4H\" \/>\n<meta property=\"article:modified_time\" content=\"2016-04-03T11:59:47+00:00\" \/>\n<meta name=\"twitter:card\" content=\"summary_large_image\" \/>\n<meta name=\"twitter:label1\" content=\"Ber\u00e4knad l\u00e4stid\" \/>\n\t<meta name=\"twitter:data1\" content=\"1 minut\" \/>\n<script type=\"application\/ld+json\" class=\"yoast-schema-graph\">{\"@context\":\"https:\\\/\\\/schema.org\",\"@graph\":[{\"@type\":\"WebPage\",\"@id\":\"https:\\\/\\\/www.4h.se\\\/astad\\\/testsida\\\/\",\"url\":\"https:\\\/\\\/www.4h.se\\\/astad\\\/testsida\\\/\",\"name\":\"Testsida - \u00c4stad 4H\",\"isPartOf\":{\"@id\":\"https:\\\/\\\/www.4h.se\\\/astad\\\/#website\"},\"datePublished\":\"2016-04-03T11:37:45+00:00\",\"dateModified\":\"2016-04-03T11:59:47+00:00\",\"breadcrumb\":{\"@id\":\"https:\\\/\\\/www.4h.se\\\/astad\\\/testsida\\\/#breadcrumb\"},\"inLanguage\":\"sv-SE\",\"potentialAction\":[{\"@type\":\"ReadAction\",\"target\":[\"https:\\\/\\\/www.4h.se\\\/astad\\\/testsida\\\/\"]}]},{\"@type\":\"BreadcrumbList\",\"@id\":\"https:\\\/\\\/www.4h.se\\\/astad\\\/testsida\\\/#breadcrumb\",\"itemListElement\":[{\"@type\":\"ListItem\",\"position\":1,\"name\":\"Hem\",\"item\":\"https:\\\/\\\/www.4h.se\\\/astad\\\/\"},{\"@type\":\"ListItem\",\"position\":2,\"name\":\"Testsida\"}]},{\"@type\":\"WebSite\",\"@id\":\"https:\\\/\\\/www.4h.se\\\/astad\\\/#website\",\"url\":\"https:\\\/\\\/www.4h.se\\\/astad\\\/\",\"name\":\"\u00c4stad 4H\",\"description\":\"\",\"potentialAction\":[{\"@type\":\"SearchAction\",\"target\":{\"@type\":\"EntryPoint\",\"urlTemplate\":\"https:\\\/\\\/www.4h.se\\\/astad\\\/?s={search_term_string}\"},\"query-input\":{\"@type\":\"PropertyValueSpecification\",\"valueRequired\":true,\"valueName\":\"search_term_string\"}}],\"inLanguage\":\"sv-SE\"}]}<\/script>\n<!-- \/ Yoast SEO plugin. -->","yoast_head_json":{"title":"Testsida - \u00c4stad 4H","robots":{"index":"index","follow":"follow","max-snippet":"max-snippet:-1","max-image-preview":"max-image-preview:large","max-video-preview":"max-video-preview:-1"},"canonical":"https:\/\/www.4h.se\/astad\/testsida\/","og_locale":"sv_SE","og_type":"article","og_title":"Testsida - \u00c4stad 4H","og_description":"[vc_row][vc_column][vc_column_text]Testl\u00e4ger[\/vc_column_text][\/vc_column][\/vc_row][vc_row][vc_column width=&#8221;1\/6&#8243;][vc_icon icon_fontawesome=&#8221;fa fa-paw&#8221; color=&#8221;green&#8221; background_style=&#8221;rounded&#8221; size=&#8221;xl&#8221;][vc_icon icon_fontawesome=&#8221;fa fa-binoculars&#8221; color=&#8221;green&#8221; background_style=&#8221;rounded&#8221; size=&#8221;xl&#8221;][\/vc_column][vc_column width=&#8221;5\/6&#8243;][vc_column_text]Jag \u00e4r textblocket . Klicka p\u00e5 Redigera f\u00f6r att \u00e4ndra denna text. Lorem ipsum dolor sit amet, consectetur adipiscing elit. Ut elit tellus, Lectus NEC ullamcorper Mattis, pulvinar dapibus leo.[\/vc_column_text][vc_column_text]&nbsp; &nbsp; &nbsp; Jag \u00e4r textblocket . Klicka p\u00e5 Redigera f\u00f6r att \u00e4ndra denna&nbsp; &hellip; Read more","og_url":"https:\/\/www.4h.se\/astad\/testsida\/","og_site_name":"\u00c4stad 4H","article_modified_time":"2016-04-03T11:59:47+00:00","twitter_card":"summary_large_image","twitter_misc":{"Ber\u00e4knad l\u00e4stid":"1 minut"},"schema":{"@context":"https:\/\/schema.org","@graph":[{"@type":"WebPage","@id":"https:\/\/www.4h.se\/astad\/testsida\/","url":"https:\/\/www.4h.se\/astad\/testsida\/","name":"Testsida - \u00c4stad 4H","isPartOf":{"@id":"https:\/\/www.4h.se\/astad\/#website"},"datePublished":"2016-04-03T11:37:45+00:00","dateModified":"2016-04-03T11:59:47+00:00","breadcrumb":{"@id":"https:\/\/www.4h.se\/astad\/testsida\/#breadcrumb"},"inLanguage":"sv-SE","potentialAction":[{"@type":"ReadAction","target":["https:\/\/www.4h.se\/astad\/testsida\/"]}]},{"@type":"BreadcrumbList","@id":"https:\/\/www.4h.se\/astad\/testsida\/#breadcrumb","itemListElement":[{"@type":"ListItem","position":1,"name":"Hem","item":"https:\/\/www.4h.se\/astad\/"},{"@type":"ListItem","position":2,"name":"Testsida"}]},{"@type":"WebSite","@id":"https:\/\/www.4h.se\/astad\/#website","url":"https:\/\/www.4h.se\/astad\/","name":"\u00c4stad 4H","description":"","potentialAction":[{"@type":"SearchAction","target":{"@type":"EntryPoint","urlTemplate":"https:\/\/www.4h.se\/astad\/?s={search_term_string}"},"query-input":{"@type":"PropertyValueSpecification","valueRequired":true,"valueName":"search_term_string"}}],"inLanguage":"sv-SE"}]}},"_links":{"self":[{"href":"https:\/\/www.4h.se\/astad\/wp-json\/wp\/v2\/pages\/390","targetHints":{"allow":["GET"]}}],"collection":[{"href":"https:\/\/www.4h.se\/astad\/wp-json\/wp\/v2\/pages"}],"about":[{"href":"https:\/\/www.4h.se\/astad\/wp-json\/wp\/v2\/types\/page"}],"author":[{"embeddable":true,"href":"https:\/\/www.4h.se\/astad\/wp-json\/wp\/v2\/users\/38"}],"replies":[{"embeddable":true,"href":"https:\/\/www.4h.se\/astad\/wp-json\/wp\/v2\/comments?post=390"}],"version-history":[{"count":0,"href":"https:\/\/www.4h.se\/astad\/wp-json\/wp\/v2\/pages\/390\/revisions"}],"wp:attachment":[{"href":"https:\/\/www.4h.se\/astad\/wp-json\/wp\/v2\/media?parent=390"}],"curies":[{"name":"wp","href":"https:\/\/api.w.org\/{rel}","templated":true}]}}