



{"id":358,"date":"2015-12-16T23:15:21","date_gmt":"2015-12-16T22:15:21","guid":{"rendered":"http:\/\/www.4h.se\/astad\/?page_id=358"},"modified":"2026-02-23T21:04:18","modified_gmt":"2026-02-23T20:04:18","slug":"styrelse","status":"publish","type":"page","link":"https:\/\/www.4h.se\/astad\/styrelse\/","title":{"rendered":"Styrelsen"},"content":{"rendered":"<div class=\"wpb-content-wrapper\"><p>[vc_row][vc_column width=&#8221;1\/3&#8243;][vc_column_text css=&#8221;&#8221;]<\/p>\n<h1>Styrelsen<\/h1>\n<p>Styrelsen f\u00f6r \u00c4stad 4H-klubb ansvarar f\u00f6r drift och sk\u00f6tsel av l\u00e4gerg\u00e5rden. \u00c5sikter fr\u00e5n medlemmar och g\u00e4ster \u00e4r en viktig del f\u00f6r l\u00e4gerg\u00e5rdens fortsatta utveckling.<\/p>\n<p>&nbsp;[\/vc_column_text][\/vc_column][\/vc_row][vc_row][vc_column][vc_separator style=&#8221;dotted&#8221; border_width=&#8221;5&#8243;][\/vc_column][\/vc_row][vc_row][vc_column width=&#8221;1\/4&#8243;][vc_column_text css=&#8221;&#8221;]<\/p>\n<h2 style=\"text-align: center;\">Lisa<\/h2>\n<h2 style=\"text-align: center;\">Aldenklint<\/h2>\n<p style=\"text-align: center;\">Ordf\u00f6rande<\/p>\n<p style=\"text-align: center;\"><a href=\"mailto:lisa.aldenklint@4h.se\">lisa.aldenklint@4h.se<\/a><\/p>\n<p>[\/vc_column_text][\/vc_column][vc_column width=&#8221;1\/4&#8243;][vc_column_text css=&#8221;&#8221;]<\/p>\n<h2 style=\"text-align: center;\">Jenny<\/h2>\n<h2 style=\"text-align: center;\">J\u00f6nsson<\/h2>\n<p style=\"text-align: center;\">Vice Ordf\u00f6rande<\/p>\n<p>[\/vc_column_text][\/vc_column][vc_column width=&#8221;1\/4&#8243;][vc_column_text css=&#8221;&#8221;]<\/p>\n<h2 style=\"text-align: center;\">Henric<\/h2>\n<h2 style=\"text-align: center;\">Nilsson<\/h2>\n<p style=\"text-align: center;\">Kass\u00f6r<\/p>\n<p>[\/vc_column_text][\/vc_column][vc_column width=&#8221;1\/4&#8243;][vc_column_text css=&#8221;&#8221;]<\/p>\n<h2 style=\"text-align: center;\">sAndra<\/h2>\n<h2 style=\"text-align: center;\">Andersson<\/h2>\n<p style=\"text-align: center;\">Sekreterare<\/p>\n<p>[\/vc_column_text][\/vc_column][\/vc_row][vc_row][vc_column width=&#8221;1\/4&#8243;][vc_column_text css=&#8221;&#8221;]<\/p>\n<h2 style=\"text-align: center;\">tomas<\/h2>\n<h2 style=\"text-align: center;\">gunnarsson<\/h2>\n<p style=\"text-align: center;\">Ledamot<\/p>\n<p>[\/vc_column_text][\/vc_column][vc_column width=&#8221;1\/4&#8243;][vc_column_text css=&#8221;&#8221;]<\/p>\n<h2 style=\"text-align: center;\">Carl<\/h2>\n<h2 style=\"text-align: center;\">Holm\u00e9n<\/h2>\n<p style=\"text-align: center;\">Ledamot<\/p>\n<p>[\/vc_column_text][\/vc_column][vc_column width=&#8221;1\/4&#8243;][vc_column_text css=&#8221;&#8221;]<\/p>\n<h2 style=\"text-align: center;\">anna<\/h2>\n<h2 style=\"text-align: center;\">davidsson<\/h2>\n<p style=\"text-align: center;\">Suppleant<\/p>\n<p>[\/vc_column_text][\/vc_column][\/vc_row][vc_row][vc_column][vc_column_text css=&#8221;&#8221;]<\/p>\n<h2 style=\"text-align: center;\">Vill du engagera dig?<\/h2>\n<p style=\"text-align: center;\">H\u00f6r av dig till oss!<\/p>\n<p style=\"text-align: center;\"><a href=\"mailto:lisa.aldenklint@4h.se\">lisa.aldenklint@4h.se<\/a><\/p>\n<p>[\/vc_column_text][vc_separator style=&#8221;dotted&#8221; border_width=&#8221;5&#8243;][\/vc_column][\/vc_row][vc_row][vc_column][vc_column_text][\/vc_column_text][\/vc_column][\/vc_row]<\/p>\n<\/div>","protected":false},"excerpt":{"rendered":"<p>[vc_row][vc_column width=&#8221;1\/3&#8243;][vc_column_text css=&#8221;&#8221;] Styrelsen Styrelsen f\u00f6r \u00c4stad 4H-klubb ansvarar f\u00f6r drift och sk\u00f6tsel av l\u00e4gerg\u00e5rden. \u00c5sikter fr\u00e5n medlemmar och g\u00e4ster \u00e4r en viktig del f\u00f6r l\u00e4gerg\u00e5rdens fortsatta utveckling. &nbsp;[\/vc_column_text][\/vc_column][\/vc_row][vc_row][vc_column][vc_separator style=&#8221;dotted&#8221; border_width=&#8221;5&#8243;][\/vc_column][\/vc_row][vc_row][vc_column width=&#8221;1\/4&#8243;][vc_column_text css=&#8221;&#8221;] Lisa Aldenklint Ordf\u00f6rande lisa.aldenklint@4h.se [\/vc_column_text][\/vc_column][vc_column width=&#8221;1\/4&#8243;][vc_column_text css=&#8221;&#8221;] Jenny J\u00f6nsson Vice Ordf\u00f6rande [\/vc_column_text][\/vc_column][vc_column width=&#8221;1\/4&#8243;][vc_column_text css=&#8221;&#8221;] Henric Nilsson Kass\u00f6r [\/vc_column_text][\/vc_column][vc_column width=&#8221;1\/4&#8243;][vc_column_text css=&#8221;&#8221;] sAndra Andersson&nbsp; <a href=\"https:\/\/www.4h.se\/astad\/styrelse\/\">&hellip; Read more <i class=\"glyphicon glyphicon-arrow-right\"><\/i><\/a><\/p>\n","protected":false},"author":36,"featured_media":0,"parent":0,"menu_order":0,"comment_status":"closed","ping_status":"closed","template":"","meta":{"_acf_changed":false,"footnotes":""},"class_list":["post-358","page","type-page","status-publish","hentry"],"acf":[],"yoast_head":"<!-- This site is optimized with the Yoast SEO plugin v27.4 - https:\/\/yoast.com\/product\/yoast-seo-wordpress\/ -->\n<title>Styrelsen - \u00c4stad 4H<\/title>\n<meta name=\"robots\" content=\"index, follow, max-snippet:-1, max-image-preview:large, max-video-preview:-1\" \/>\n<link rel=\"canonical\" href=\"https:\/\/www.4h.se\/astad\/styrelse\/\" \/>\n<meta property=\"og:locale\" content=\"sv_SE\" \/>\n<meta property=\"og:type\" content=\"article\" \/>\n<meta property=\"og:title\" content=\"Styrelsen - \u00c4stad 4H\" \/>\n<meta property=\"og:description\" content=\"[vc_row][vc_column width=&#8221;1\/3&#8243;][vc_column_text css=&#8221;&#8221;] Styrelsen Styrelsen f\u00f6r \u00c4stad 4H-klubb ansvarar f\u00f6r drift och sk\u00f6tsel av l\u00e4gerg\u00e5rden. \u00c5sikter fr\u00e5n medlemmar och g\u00e4ster \u00e4r en viktig del f\u00f6r l\u00e4gerg\u00e5rdens fortsatta utveckling. &nbsp;[\/vc_column_text][\/vc_column][\/vc_row][vc_row][vc_column][vc_separator style=&#8221;dotted&#8221; border_width=&#8221;5&#8243;][\/vc_column][\/vc_row][vc_row][vc_column width=&#8221;1\/4&#8243;][vc_column_text css=&#8221;&#8221;] Lisa Aldenklint Ordf\u00f6rande lisa.aldenklint@4h.se [\/vc_column_text][\/vc_column][vc_column width=&#8221;1\/4&#8243;][vc_column_text css=&#8221;&#8221;] Jenny J\u00f6nsson Vice Ordf\u00f6rande [\/vc_column_text][\/vc_column][vc_column width=&#8221;1\/4&#8243;][vc_column_text css=&#8221;&#8221;] Henric Nilsson Kass\u00f6r [\/vc_column_text][\/vc_column][vc_column width=&#8221;1\/4&#8243;][vc_column_text css=&#8221;&#8221;] sAndra Andersson&nbsp; &hellip; Read more\" \/>\n<meta property=\"og:url\" content=\"https:\/\/www.4h.se\/astad\/styrelse\/\" \/>\n<meta property=\"og:site_name\" content=\"\u00c4stad 4H\" \/>\n<meta property=\"article:modified_time\" content=\"2026-02-23T20:04:18+00:00\" \/>\n<meta name=\"twitter:card\" content=\"summary_large_image\" \/>\n<meta name=\"twitter:label1\" content=\"Ber\u00e4knad l\u00e4stid\" \/>\n\t<meta name=\"twitter:data1\" content=\"1 minut\" \/>\n<script type=\"application\/ld+json\" class=\"yoast-schema-graph\">{\"@context\":\"https:\\\/\\\/schema.org\",\"@graph\":[{\"@type\":\"WebPage\",\"@id\":\"https:\\\/\\\/www.4h.se\\\/astad\\\/styrelse\\\/\",\"url\":\"https:\\\/\\\/www.4h.se\\\/astad\\\/styrelse\\\/\",\"name\":\"Styrelsen - \u00c4stad 4H\",\"isPartOf\":{\"@id\":\"https:\\\/\\\/www.4h.se\\\/astad\\\/#website\"},\"datePublished\":\"2015-12-16T22:15:21+00:00\",\"dateModified\":\"2026-02-23T20:04:18+00:00\",\"breadcrumb\":{\"@id\":\"https:\\\/\\\/www.4h.se\\\/astad\\\/styrelse\\\/#breadcrumb\"},\"inLanguage\":\"sv-SE\",\"potentialAction\":[{\"@type\":\"ReadAction\",\"target\":[\"https:\\\/\\\/www.4h.se\\\/astad\\\/styrelse\\\/\"]}]},{\"@type\":\"BreadcrumbList\",\"@id\":\"https:\\\/\\\/www.4h.se\\\/astad\\\/styrelse\\\/#breadcrumb\",\"itemListElement\":[{\"@type\":\"ListItem\",\"position\":1,\"name\":\"Hem\",\"item\":\"https:\\\/\\\/www.4h.se\\\/astad\\\/\"},{\"@type\":\"ListItem\",\"position\":2,\"name\":\"Styrelsen\"}]},{\"@type\":\"WebSite\",\"@id\":\"https:\\\/\\\/www.4h.se\\\/astad\\\/#website\",\"url\":\"https:\\\/\\\/www.4h.se\\\/astad\\\/\",\"name\":\"\u00c4stad 4H\",\"description\":\"\",\"potentialAction\":[{\"@type\":\"SearchAction\",\"target\":{\"@type\":\"EntryPoint\",\"urlTemplate\":\"https:\\\/\\\/www.4h.se\\\/astad\\\/?s={search_term_string}\"},\"query-input\":{\"@type\":\"PropertyValueSpecification\",\"valueRequired\":true,\"valueName\":\"search_term_string\"}}],\"inLanguage\":\"sv-SE\"}]}<\/script>\n<!-- \/ Yoast SEO plugin. -->","yoast_head_json":{"title":"Styrelsen - \u00c4stad 4H","robots":{"index":"index","follow":"follow","max-snippet":"max-snippet:-1","max-image-preview":"max-image-preview:large","max-video-preview":"max-video-preview:-1"},"canonical":"https:\/\/www.4h.se\/astad\/styrelse\/","og_locale":"sv_SE","og_type":"article","og_title":"Styrelsen - \u00c4stad 4H","og_description":"[vc_row][vc_column width=&#8221;1\/3&#8243;][vc_column_text css=&#8221;&#8221;] Styrelsen Styrelsen f\u00f6r \u00c4stad 4H-klubb ansvarar f\u00f6r drift och sk\u00f6tsel av l\u00e4gerg\u00e5rden. \u00c5sikter fr\u00e5n medlemmar och g\u00e4ster \u00e4r en viktig del f\u00f6r l\u00e4gerg\u00e5rdens fortsatta utveckling. &nbsp;[\/vc_column_text][\/vc_column][\/vc_row][vc_row][vc_column][vc_separator style=&#8221;dotted&#8221; border_width=&#8221;5&#8243;][\/vc_column][\/vc_row][vc_row][vc_column width=&#8221;1\/4&#8243;][vc_column_text css=&#8221;&#8221;] Lisa Aldenklint Ordf\u00f6rande lisa.aldenklint@4h.se [\/vc_column_text][\/vc_column][vc_column width=&#8221;1\/4&#8243;][vc_column_text css=&#8221;&#8221;] Jenny J\u00f6nsson Vice Ordf\u00f6rande [\/vc_column_text][\/vc_column][vc_column width=&#8221;1\/4&#8243;][vc_column_text css=&#8221;&#8221;] Henric Nilsson Kass\u00f6r [\/vc_column_text][\/vc_column][vc_column width=&#8221;1\/4&#8243;][vc_column_text css=&#8221;&#8221;] sAndra Andersson&nbsp; &hellip; Read more","og_url":"https:\/\/www.4h.se\/astad\/styrelse\/","og_site_name":"\u00c4stad 4H","article_modified_time":"2026-02-23T20:04:18+00:00","twitter_card":"summary_large_image","twitter_misc":{"Ber\u00e4knad l\u00e4stid":"1 minut"},"schema":{"@context":"https:\/\/schema.org","@graph":[{"@type":"WebPage","@id":"https:\/\/www.4h.se\/astad\/styrelse\/","url":"https:\/\/www.4h.se\/astad\/styrelse\/","name":"Styrelsen - \u00c4stad 4H","isPartOf":{"@id":"https:\/\/www.4h.se\/astad\/#website"},"datePublished":"2015-12-16T22:15:21+00:00","dateModified":"2026-02-23T20:04:18+00:00","breadcrumb":{"@id":"https:\/\/www.4h.se\/astad\/styrelse\/#breadcrumb"},"inLanguage":"sv-SE","potentialAction":[{"@type":"ReadAction","target":["https:\/\/www.4h.se\/astad\/styrelse\/"]}]},{"@type":"BreadcrumbList","@id":"https:\/\/www.4h.se\/astad\/styrelse\/#breadcrumb","itemListElement":[{"@type":"ListItem","position":1,"name":"Hem","item":"https:\/\/www.4h.se\/astad\/"},{"@type":"ListItem","position":2,"name":"Styrelsen"}]},{"@type":"WebSite","@id":"https:\/\/www.4h.se\/astad\/#website","url":"https:\/\/www.4h.se\/astad\/","name":"\u00c4stad 4H","description":"","potentialAction":[{"@type":"SearchAction","target":{"@type":"EntryPoint","urlTemplate":"https:\/\/www.4h.se\/astad\/?s={search_term_string}"},"query-input":{"@type":"PropertyValueSpecification","valueRequired":true,"valueName":"search_term_string"}}],"inLanguage":"sv-SE"}]}},"_links":{"self":[{"href":"https:\/\/www.4h.se\/astad\/wp-json\/wp\/v2\/pages\/358","targetHints":{"allow":["GET"]}}],"collection":[{"href":"https:\/\/www.4h.se\/astad\/wp-json\/wp\/v2\/pages"}],"about":[{"href":"https:\/\/www.4h.se\/astad\/wp-json\/wp\/v2\/types\/page"}],"author":[{"embeddable":true,"href":"https:\/\/www.4h.se\/astad\/wp-json\/wp\/v2\/users\/36"}],"replies":[{"embeddable":true,"href":"https:\/\/www.4h.se\/astad\/wp-json\/wp\/v2\/comments?post=358"}],"version-history":[{"count":0,"href":"https:\/\/www.4h.se\/astad\/wp-json\/wp\/v2\/pages\/358\/revisions"}],"wp:attachment":[{"href":"https:\/\/www.4h.se\/astad\/wp-json\/wp\/v2\/media?parent=358"}],"curies":[{"name":"wp","href":"https:\/\/api.w.org\/{rel}","templated":true}]}}