



{"id":355,"date":"2015-12-16T23:13:52","date_gmt":"2015-12-16T22:13:52","guid":{"rendered":"http:\/\/www.4h.se\/astad\/?page_id=355"},"modified":"2024-01-21T10:27:18","modified_gmt":"2024-01-21T09:27:18","slug":"hitta-hit","status":"publish","type":"page","link":"https:\/\/www.4h.se\/astad\/hitta-hit\/","title":{"rendered":"Hitta hit"},"content":{"rendered":"<div class=\"wpb-content-wrapper\"><p>[vc_row][vc_column][vc_column_text]<\/p>\n<h1><strong>Hitta till \u00c4stad 4H<\/strong><\/h1>\n<p>[\/vc_column_text][\/vc_column][\/vc_row][vc_row][vc_column width=&#8221;1\/2&#8243;][vc_column_text]<\/p>\n<h3><strong>V\u00e4gbeskrivning till \u00c4stad 4H-g\u00e5rd<\/strong><\/h3>\n<div class=\"txFixP\">\n<p>&nbsp;<\/p>\n<p>G\u00e5rden ligger 20 min bilf\u00e4rd fr\u00e5n Falkenberg och Varberg, ca 25 km.<\/p>\n<p><strong>Fr\u00e5n E6:<\/strong><\/p>\n<p>Tag avfart Varberg S, Tv\u00e5\u00e5ker.<\/p>\n<p>Efter ca 2,2 km tag av mot Dags\u00e5s i rondellen (inne i samh\u00e4llet).<\/p>\n<p>Tag v\u00e4nster efter ca 1,5 km mot Dags\u00e5s.<\/p>\n<p>Tag h\u00f6ger efter 4 km vid skylt H\u00f6gryd 4.<\/p>\n<p>Tag v\u00e4nster efter ca 4 km d\u00e4r denna krokiga v\u00e4g tar slut.<\/p>\n<p>Efter 1,5 km \u00e4r du framme vid \u00c4stad g\u00e5rd<\/p>\n<p>K\u00f6r mellan g\u00e5rdsbyggnaderna och tar v\u00e4nster vid skylt 4H-g\u00e5rd.<\/p>\n<p>4H-g\u00e5rden ligger p\u00e5 h\u00f6ger sida, ca 500 m in p\u00e5 denna v\u00e4g.<\/p><\/div>\n<p>[\/vc_column_text][\/vc_column][vc_column width=&#8221;1\/2&#8243;][vc_column_text]<\/p>\n<div class=\"txFixP\">\n<p style=\"text-align: center\"><span style=\"font-size: small\">Klicka p\u00e5 bilden f\u00f6r f\u00f6rstoring<\/span><\/p>\n<p><a href=\"https:\/\/www.4h.se\/astad\/wp-content\/uploads\/sites\/64\/2015\/12\/V-ae-gbeskrivning.png\"><img loading=\"lazy\" decoding=\"async\" class=\"alignnone size-medium wp-image-428\" src=\"https:\/\/www.4h.se\/astad\/wp-content\/uploads\/sites\/64\/2015\/12\/V-ae-gbeskrivning-388x300.png\" alt=\"v-ae-gbeskrivning\" width=\"388\" height=\"300\" srcset=\"https:\/\/www.4h.se\/astad\/wp-content\/uploads\/sites\/64\/2015\/12\/V-ae-gbeskrivning-388x300.png 388w, https:\/\/www.4h.se\/astad\/wp-content\/uploads\/sites\/64\/2015\/12\/V-ae-gbeskrivning-170x132.png 170w, https:\/\/www.4h.se\/astad\/wp-content\/uploads\/sites\/64\/2015\/12\/V-ae-gbeskrivning.png 800w\" sizes=\"auto, (max-width: 388px) 100vw, 388px\" \/><\/a><\/p>\n<p>Nedanf\u00f6r finns en v\u00e4gbeskrivning i PDF-format f\u00f6r utskrift.<\/p>\n<p><a href=\"https:\/\/www.4h.se\/astad\/wp-content\/uploads\/sites\/64\/2015\/12\/vagbeskrivAstad.pdf\">v\u00e4gbeskrivning \u00c4stad<\/a><\/div>\n<p>[\/vc_column_text][\/vc_column][\/vc_row][vc_row][vc_column][vc_separator style=&#8221;dotted&#8221; border_width=&#8221;5&#8243;][\/vc_column][\/vc_row][vc_row][vc_column][vc_column_text]<\/p>\n<div class=\"txFixP\">\n<h2 style=\"text-align: center;\">Ta bussen till bokskogen p\u00e5 sommaren &#8211; \u00c5kturen rullar vidare<\/h2>\n<div id=\"svid12_539c5d9216156c568f2314bc\" class=\"sv-text-portlet sv-use-margins\">\n<div id=\"Text\"><\/div>\n<div class=\"sv-text-portlet-content\">\n<p class=\"font-description\">N\u00e4r du bes\u00f6ker Varberg ska du absolut inte missa v\u00e5r underbara landsbygd! Vi rekommenderar hop on hop of-bussen \u00c5kturen som tar dig till smultronst\u00e4llena p\u00e5 landsbygden runt \u00c5kulla. Under sommaren g\u00e5r busslinjen som knyter ihop Varbergs innerstad med Grimetons Radiostation och \u00c5kulla bokskogar. Under l\u00e5gs\u00e4song g\u00e5r turen endast helger men under sommaren \u00e4r det dagliga avg\u00e5ngar fr\u00e5n Varbergs bussterminal. L\u00e4s mer <a href=\"https:\/\/visitvarberg.se\/akturen\">h\u00e4r<\/a>!<\/p>\n<\/div>\n<\/div>\n<\/div>\n<p>[\/vc_column_text][vc_separator style=&#8221;dotted&#8221; border_width=&#8221;5&#8243;][\/vc_column][\/vc_row]<\/p>\n<\/div>","protected":false},"excerpt":{"rendered":"<p>[vc_row][vc_column][vc_column_text] Hitta till \u00c4stad 4H [\/vc_column_text][\/vc_column][\/vc_row][vc_row][vc_column width=&#8221;1\/2&#8243;][vc_column_text] V\u00e4gbeskrivning till \u00c4stad 4H-g\u00e5rd &nbsp; G\u00e5rden ligger 20 min bilf\u00e4rd fr\u00e5n Falkenberg och Varberg, ca 25 km. Fr\u00e5n E6: Tag avfart Varberg S, Tv\u00e5\u00e5ker. Efter ca 2,2 km tag av mot Dags\u00e5s i rondellen (inne i samh\u00e4llet). Tag v\u00e4nster efter ca 1,5 km mot Dags\u00e5s. Tag h\u00f6ger efter&nbsp; <a href=\"https:\/\/www.4h.se\/astad\/hitta-hit\/\">&hellip; Read more <i class=\"glyphicon glyphicon-arrow-right\"><\/i><\/a><\/p>\n","protected":false},"author":36,"featured_media":0,"parent":0,"menu_order":0,"comment_status":"closed","ping_status":"closed","template":"","meta":{"_acf_changed":false,"footnotes":""},"class_list":["post-355","page","type-page","status-publish","hentry"],"acf":[],"yoast_head":"<!-- This site is optimized with the Yoast SEO plugin v27.5 - https:\/\/yoast.com\/product\/yoast-seo-wordpress\/ -->\n<title>Hitta hit - \u00c4stad 4H<\/title>\n<meta name=\"robots\" content=\"index, follow, max-snippet:-1, max-image-preview:large, max-video-preview:-1\" \/>\n<link rel=\"canonical\" href=\"https:\/\/www.4h.se\/astad\/hitta-hit\/\" \/>\n<meta property=\"og:locale\" content=\"sv_SE\" \/>\n<meta property=\"og:type\" content=\"article\" \/>\n<meta property=\"og:title\" content=\"Hitta hit - \u00c4stad 4H\" \/>\n<meta property=\"og:description\" content=\"[vc_row][vc_column][vc_column_text] Hitta till \u00c4stad 4H [\/vc_column_text][\/vc_column][\/vc_row][vc_row][vc_column width=&#8221;1\/2&#8243;][vc_column_text] V\u00e4gbeskrivning till \u00c4stad 4H-g\u00e5rd &nbsp; G\u00e5rden ligger 20 min bilf\u00e4rd fr\u00e5n Falkenberg och Varberg, ca 25 km. Fr\u00e5n E6: Tag avfart Varberg S, Tv\u00e5\u00e5ker. Efter ca 2,2 km tag av mot Dags\u00e5s i rondellen (inne i samh\u00e4llet). Tag v\u00e4nster efter ca 1,5 km mot Dags\u00e5s. Tag h\u00f6ger efter&nbsp; &hellip; Read more\" \/>\n<meta property=\"og:url\" content=\"https:\/\/www.4h.se\/astad\/hitta-hit\/\" \/>\n<meta property=\"og:site_name\" content=\"\u00c4stad 4H\" \/>\n<meta property=\"article:modified_time\" content=\"2024-01-21T09:27:18+00:00\" \/>\n<meta property=\"og:image\" content=\"https:\/\/www.4h.se\/astad\/wp-content\/uploads\/sites\/64\/2015\/12\/V-ae-gbeskrivning-388x300.png\" \/>\n<meta name=\"twitter:card\" content=\"summary_large_image\" \/>\n<meta name=\"twitter:label1\" content=\"Ber\u00e4knad l\u00e4stid\" \/>\n\t<meta name=\"twitter:data1\" content=\"1 minut\" \/>\n<script type=\"application\/ld+json\" class=\"yoast-schema-graph\">{\"@context\":\"https:\\\/\\\/schema.org\",\"@graph\":[{\"@type\":\"WebPage\",\"@id\":\"https:\\\/\\\/www.4h.se\\\/astad\\\/hitta-hit\\\/\",\"url\":\"https:\\\/\\\/www.4h.se\\\/astad\\\/hitta-hit\\\/\",\"name\":\"Hitta hit - \u00c4stad 4H\",\"isPartOf\":{\"@id\":\"https:\\\/\\\/www.4h.se\\\/astad\\\/#website\"},\"primaryImageOfPage\":{\"@id\":\"https:\\\/\\\/www.4h.se\\\/astad\\\/hitta-hit\\\/#primaryimage\"},\"image\":{\"@id\":\"https:\\\/\\\/www.4h.se\\\/astad\\\/hitta-hit\\\/#primaryimage\"},\"thumbnailUrl\":\"https:\\\/\\\/www.4h.se\\\/astad\\\/wp-content\\\/uploads\\\/sites\\\/64\\\/2015\\\/12\\\/V-ae-gbeskrivning-388x300.png\",\"datePublished\":\"2015-12-16T22:13:52+00:00\",\"dateModified\":\"2024-01-21T09:27:18+00:00\",\"breadcrumb\":{\"@id\":\"https:\\\/\\\/www.4h.se\\\/astad\\\/hitta-hit\\\/#breadcrumb\"},\"inLanguage\":\"sv-SE\",\"potentialAction\":[{\"@type\":\"ReadAction\",\"target\":[\"https:\\\/\\\/www.4h.se\\\/astad\\\/hitta-hit\\\/\"]}]},{\"@type\":\"ImageObject\",\"inLanguage\":\"sv-SE\",\"@id\":\"https:\\\/\\\/www.4h.se\\\/astad\\\/hitta-hit\\\/#primaryimage\",\"url\":\"https:\\\/\\\/www.4h.se\\\/astad\\\/wp-content\\\/uploads\\\/sites\\\/64\\\/2015\\\/12\\\/V-ae-gbeskrivning.png\",\"contentUrl\":\"https:\\\/\\\/www.4h.se\\\/astad\\\/wp-content\\\/uploads\\\/sites\\\/64\\\/2015\\\/12\\\/V-ae-gbeskrivning.png\",\"width\":800,\"height\":619},{\"@type\":\"BreadcrumbList\",\"@id\":\"https:\\\/\\\/www.4h.se\\\/astad\\\/hitta-hit\\\/#breadcrumb\",\"itemListElement\":[{\"@type\":\"ListItem\",\"position\":1,\"name\":\"Hem\",\"item\":\"https:\\\/\\\/www.4h.se\\\/astad\\\/\"},{\"@type\":\"ListItem\",\"position\":2,\"name\":\"Hitta hit\"}]},{\"@type\":\"WebSite\",\"@id\":\"https:\\\/\\\/www.4h.se\\\/astad\\\/#website\",\"url\":\"https:\\\/\\\/www.4h.se\\\/astad\\\/\",\"name\":\"\u00c4stad 4H\",\"description\":\"\",\"potentialAction\":[{\"@type\":\"SearchAction\",\"target\":{\"@type\":\"EntryPoint\",\"urlTemplate\":\"https:\\\/\\\/www.4h.se\\\/astad\\\/?s={search_term_string}\"},\"query-input\":{\"@type\":\"PropertyValueSpecification\",\"valueRequired\":true,\"valueName\":\"search_term_string\"}}],\"inLanguage\":\"sv-SE\"}]}<\/script>\n<!-- \/ Yoast SEO plugin. -->","yoast_head_json":{"title":"Hitta hit - \u00c4stad 4H","robots":{"index":"index","follow":"follow","max-snippet":"max-snippet:-1","max-image-preview":"max-image-preview:large","max-video-preview":"max-video-preview:-1"},"canonical":"https:\/\/www.4h.se\/astad\/hitta-hit\/","og_locale":"sv_SE","og_type":"article","og_title":"Hitta hit - \u00c4stad 4H","og_description":"[vc_row][vc_column][vc_column_text] Hitta till \u00c4stad 4H [\/vc_column_text][\/vc_column][\/vc_row][vc_row][vc_column width=&#8221;1\/2&#8243;][vc_column_text] V\u00e4gbeskrivning till \u00c4stad 4H-g\u00e5rd &nbsp; G\u00e5rden ligger 20 min bilf\u00e4rd fr\u00e5n Falkenberg och Varberg, ca 25 km. Fr\u00e5n E6: Tag avfart Varberg S, Tv\u00e5\u00e5ker. Efter ca 2,2 km tag av mot Dags\u00e5s i rondellen (inne i samh\u00e4llet). Tag v\u00e4nster efter ca 1,5 km mot Dags\u00e5s. Tag h\u00f6ger efter&nbsp; &hellip; Read more","og_url":"https:\/\/www.4h.se\/astad\/hitta-hit\/","og_site_name":"\u00c4stad 4H","article_modified_time":"2024-01-21T09:27:18+00:00","og_image":[{"url":"https:\/\/www.4h.se\/astad\/wp-content\/uploads\/sites\/64\/2015\/12\/V-ae-gbeskrivning-388x300.png","type":"","width":"","height":""}],"twitter_card":"summary_large_image","twitter_misc":{"Ber\u00e4knad l\u00e4stid":"1 minut"},"schema":{"@context":"https:\/\/schema.org","@graph":[{"@type":"WebPage","@id":"https:\/\/www.4h.se\/astad\/hitta-hit\/","url":"https:\/\/www.4h.se\/astad\/hitta-hit\/","name":"Hitta hit - \u00c4stad 4H","isPartOf":{"@id":"https:\/\/www.4h.se\/astad\/#website"},"primaryImageOfPage":{"@id":"https:\/\/www.4h.se\/astad\/hitta-hit\/#primaryimage"},"image":{"@id":"https:\/\/www.4h.se\/astad\/hitta-hit\/#primaryimage"},"thumbnailUrl":"https:\/\/www.4h.se\/astad\/wp-content\/uploads\/sites\/64\/2015\/12\/V-ae-gbeskrivning-388x300.png","datePublished":"2015-12-16T22:13:52+00:00","dateModified":"2024-01-21T09:27:18+00:00","breadcrumb":{"@id":"https:\/\/www.4h.se\/astad\/hitta-hit\/#breadcrumb"},"inLanguage":"sv-SE","potentialAction":[{"@type":"ReadAction","target":["https:\/\/www.4h.se\/astad\/hitta-hit\/"]}]},{"@type":"ImageObject","inLanguage":"sv-SE","@id":"https:\/\/www.4h.se\/astad\/hitta-hit\/#primaryimage","url":"https:\/\/www.4h.se\/astad\/wp-content\/uploads\/sites\/64\/2015\/12\/V-ae-gbeskrivning.png","contentUrl":"https:\/\/www.4h.se\/astad\/wp-content\/uploads\/sites\/64\/2015\/12\/V-ae-gbeskrivning.png","width":800,"height":619},{"@type":"BreadcrumbList","@id":"https:\/\/www.4h.se\/astad\/hitta-hit\/#breadcrumb","itemListElement":[{"@type":"ListItem","position":1,"name":"Hem","item":"https:\/\/www.4h.se\/astad\/"},{"@type":"ListItem","position":2,"name":"Hitta hit"}]},{"@type":"WebSite","@id":"https:\/\/www.4h.se\/astad\/#website","url":"https:\/\/www.4h.se\/astad\/","name":"\u00c4stad 4H","description":"","potentialAction":[{"@type":"SearchAction","target":{"@type":"EntryPoint","urlTemplate":"https:\/\/www.4h.se\/astad\/?s={search_term_string}"},"query-input":{"@type":"PropertyValueSpecification","valueRequired":true,"valueName":"search_term_string"}}],"inLanguage":"sv-SE"}]}},"_links":{"self":[{"href":"https:\/\/www.4h.se\/astad\/wp-json\/wp\/v2\/pages\/355","targetHints":{"allow":["GET"]}}],"collection":[{"href":"https:\/\/www.4h.se\/astad\/wp-json\/wp\/v2\/pages"}],"about":[{"href":"https:\/\/www.4h.se\/astad\/wp-json\/wp\/v2\/types\/page"}],"author":[{"embeddable":true,"href":"https:\/\/www.4h.se\/astad\/wp-json\/wp\/v2\/users\/36"}],"replies":[{"embeddable":true,"href":"https:\/\/www.4h.se\/astad\/wp-json\/wp\/v2\/comments?post=355"}],"version-history":[{"count":0,"href":"https:\/\/www.4h.se\/astad\/wp-json\/wp\/v2\/pages\/355\/revisions"}],"wp:attachment":[{"href":"https:\/\/www.4h.se\/astad\/wp-json\/wp\/v2\/media?parent=355"}],"curies":[{"name":"wp","href":"https:\/\/api.w.org\/{rel}","templated":true}]}}