



{"id":285,"date":"2015-10-07T09:13:53","date_gmt":"2015-10-07T07:13:53","guid":{"rendered":"http:\/\/www.4h.se\/astad\/?page_id=285"},"modified":"2022-03-15T17:48:21","modified_gmt":"2022-03-15T16:48:21","slug":"bli-medlem","status":"publish","type":"page","link":"https:\/\/www.4h.se\/astad\/bli-medlem\/","title":{"rendered":"Bli medlem"},"content":{"rendered":"<div class=\"wpb-content-wrapper\"><p>[vc_row][vc_column][vc_column_text]<\/p>\n<h1>Bli medlem i 4H och v\u00e5r klubb<\/h1>\n<p>[\/vc_column_text][\/vc_column][\/vc_row][vc_row][vc_column width=&#8221;1\/2&#8243;][vc_column_text]<\/p>\n<h3><strong>Bli medlem i \u00c4stad 4H-klubb<\/strong><\/h3>\n<div class=\"txFixP\">\n<div class=\"embedContainer\">\n<p>I 4H blir man medlem i en 4H-klubb. Klubben arrangerar vanligtvis egna aktiviteter som man som klubbmedlem kan delta p\u00e5. Som medlem i \u00c4stad 4H \u00e4r det l\u00e4ger som det \u00e4r st\u00f6rst fokus p\u00e5 just nu.<\/p>\n<p>Organisationsledet ovanf\u00f6r klubb \u00e4r krets, d\u00e4r Varbergs 4H-krets som vi tillh\u00f6r, arrangerar aktiviteter f\u00f6r kretsens klubbar och dess medlemmar. L\u00e4nsf\u00f6rbundet Hallands 4H \u00e4r v\u00e5rt n\u00e4sta paraply som i sin tur arrangerar aktiviteter f\u00f6r alla Hallands 4H-klubbar. Det h\u00f6gsta organisationsledet \u00e4r\u00a0Sveriges Riksf\u00f6rbund av 4H. Som medlem hos oss kan du delta p\u00e5 aktiviteter arrangerade av alla ovan.<\/p>\n<p>\u00c4r du redan medlem i en annan klubb? Men vill delta p\u00e5 aktiviteter hos oss eller st\u00f6tta l\u00e4gerg\u00e5rden kan du bli g\u00e4stmedlem i klubben. Varmt v\u00e4lkommen \u00f6nskar vi i styrelsen!<\/p>\n<p>F\u00f6r att komma direkt till\u00a0Antribe.com\u00a0och sidan f\u00f6r att bli medlem hos oss, <a href=\"https:\/\/www.antribe.com\/org\/4h\/astads-4h\/bli-medlem\">klicka h\u00e4r!\u00a0<\/a><\/p>\n<p>&nbsp;<\/p>\n<h3>Vad inneb\u00e4r det att vara medlem?<\/h3>\n<p>Sveriges 4H har sammanst\u00e4llt en sida med vad det inneb\u00e4r att bli medlem, vanliga fr\u00e5gor och svar samt medlemsvillkor.<\/p>\n<p><a href=\"https:\/\/www.4h.se\/bli-medlem\/\" target=\"_blank\">Bli medlem &#8211; Sveriges 4H<\/a><\/p>\n<p>&nbsp;<\/p>\n<\/div>\n<\/div>\n<p>[\/vc_column_text][\/vc_column][vc_column width=&#8221;1\/2&#8243;][vc_column_text]<div id=\"attachment_489\" style=\"width: 460px\" class=\"wp-caption aligncenter\"><a href=\"https:\/\/www.4h.se\/astad\/wp-content\/uploads\/sites\/64\/2021\/03\/La\u0308ger_A\u0308stad_Halland_Alma_Bengtsson_MG_6946_web.jpg\"><img loading=\"lazy\" decoding=\"async\" aria-describedby=\"caption-attachment-489\" class=\"size-medium wp-image-489\" src=\"https:\/\/www.4h.se\/astad\/wp-content\/uploads\/sites\/64\/2021\/03\/La\u0308ger_A\u0308stad_Halland_Alma_Bengtsson_MG_6946_web-450x300.jpg\" alt=\"Foto: Alma Bengtsson\" width=\"450\" height=\"300\" srcset=\"https:\/\/www.4h.se\/astad\/wp-content\/uploads\/sites\/64\/2021\/03\/La\u0308ger_A\u0308stad_Halland_Alma_Bengtsson_MG_6946_web-450x300.jpg 450w, https:\/\/www.4h.se\/astad\/wp-content\/uploads\/sites\/64\/2021\/03\/La\u0308ger_A\u0308stad_Halland_Alma_Bengtsson_MG_6946_web-170x113.jpg 170w, https:\/\/www.4h.se\/astad\/wp-content\/uploads\/sites\/64\/2021\/03\/La\u0308ger_A\u0308stad_Halland_Alma_Bengtsson_MG_6946_web-970x647.jpg 970w\" sizes=\"auto, (max-width: 450px) 100vw, 450px\" \/><\/a><p id=\"caption-attachment-489\" class=\"wp-caption-text\">Foto: Alma Bengtsson<\/p><\/div>[\/vc_column_text][\/vc_column][\/vc_row][vc_row][vc_column][vc_separator style=&#8221;dotted&#8221; border_width=&#8221;5&#8243;][\/vc_column][\/vc_row][vc_row][vc_column][vc_column_text][\/vc_column_text][\/vc_column][\/vc_row]<\/p>\n<\/div>","protected":false},"excerpt":{"rendered":"<p>[vc_row][vc_column][vc_column_text] Bli medlem i 4H och v\u00e5r klubb [\/vc_column_text][\/vc_column][\/vc_row][vc_row][vc_column width=&#8221;1\/2&#8243;][vc_column_text] Bli medlem i \u00c4stad 4H-klubb I 4H blir man medlem i en 4H-klubb. Klubben arrangerar vanligtvis egna aktiviteter som man som klubbmedlem kan delta p\u00e5. Som medlem i \u00c4stad 4H \u00e4r det l\u00e4ger som det \u00e4r st\u00f6rst fokus p\u00e5 just nu. Organisationsledet ovanf\u00f6r klubb \u00e4r&nbsp; <a href=\"https:\/\/www.4h.se\/astad\/bli-medlem\/\">&hellip; Read more <i class=\"glyphicon glyphicon-arrow-right\"><\/i><\/a><\/p>\n","protected":false},"author":1,"featured_media":0,"parent":0,"menu_order":0,"comment_status":"closed","ping_status":"closed","template":"","meta":{"_acf_changed":false,"footnotes":""},"class_list":["post-285","page","type-page","status-publish","hentry"],"acf":[],"yoast_head":"<!-- This site is optimized with the Yoast SEO plugin v27.4 - https:\/\/yoast.com\/product\/yoast-seo-wordpress\/ -->\n<title>Bli medlem - \u00c4stad 4H<\/title>\n<meta name=\"robots\" content=\"index, follow, max-snippet:-1, max-image-preview:large, max-video-preview:-1\" \/>\n<link rel=\"canonical\" href=\"https:\/\/www.4h.se\/astad\/bli-medlem\/\" \/>\n<meta property=\"og:locale\" content=\"sv_SE\" \/>\n<meta property=\"og:type\" content=\"article\" \/>\n<meta property=\"og:title\" content=\"Bli medlem - \u00c4stad 4H\" \/>\n<meta property=\"og:description\" content=\"[vc_row][vc_column][vc_column_text] Bli medlem i 4H och v\u00e5r klubb [\/vc_column_text][\/vc_column][\/vc_row][vc_row][vc_column width=&#8221;1\/2&#8243;][vc_column_text] Bli medlem i \u00c4stad 4H-klubb I 4H blir man medlem i en 4H-klubb. Klubben arrangerar vanligtvis egna aktiviteter som man som klubbmedlem kan delta p\u00e5. Som medlem i \u00c4stad 4H \u00e4r det l\u00e4ger som det \u00e4r st\u00f6rst fokus p\u00e5 just nu. Organisationsledet ovanf\u00f6r klubb \u00e4r&nbsp; &hellip; Read more\" \/>\n<meta property=\"og:url\" content=\"https:\/\/www.4h.se\/astad\/bli-medlem\/\" \/>\n<meta property=\"og:site_name\" content=\"\u00c4stad 4H\" \/>\n<meta property=\"article:modified_time\" content=\"2022-03-15T16:48:21+00:00\" \/>\n<meta name=\"twitter:card\" content=\"summary_large_image\" \/>\n<meta name=\"twitter:label1\" content=\"Ber\u00e4knad l\u00e4stid\" \/>\n\t<meta name=\"twitter:data1\" content=\"1 minut\" \/>\n<script type=\"application\/ld+json\" class=\"yoast-schema-graph\">{\"@context\":\"https:\\\/\\\/schema.org\",\"@graph\":[{\"@type\":\"WebPage\",\"@id\":\"https:\\\/\\\/www.4h.se\\\/astad\\\/bli-medlem\\\/\",\"url\":\"https:\\\/\\\/www.4h.se\\\/astad\\\/bli-medlem\\\/\",\"name\":\"Bli medlem - \u00c4stad 4H\",\"isPartOf\":{\"@id\":\"https:\\\/\\\/www.4h.se\\\/astad\\\/#website\"},\"datePublished\":\"2015-10-07T07:13:53+00:00\",\"dateModified\":\"2022-03-15T16:48:21+00:00\",\"breadcrumb\":{\"@id\":\"https:\\\/\\\/www.4h.se\\\/astad\\\/bli-medlem\\\/#breadcrumb\"},\"inLanguage\":\"sv-SE\",\"potentialAction\":[{\"@type\":\"ReadAction\",\"target\":[\"https:\\\/\\\/www.4h.se\\\/astad\\\/bli-medlem\\\/\"]}]},{\"@type\":\"BreadcrumbList\",\"@id\":\"https:\\\/\\\/www.4h.se\\\/astad\\\/bli-medlem\\\/#breadcrumb\",\"itemListElement\":[{\"@type\":\"ListItem\",\"position\":1,\"name\":\"Hem\",\"item\":\"https:\\\/\\\/www.4h.se\\\/astad\\\/\"},{\"@type\":\"ListItem\",\"position\":2,\"name\":\"Bli medlem\"}]},{\"@type\":\"WebSite\",\"@id\":\"https:\\\/\\\/www.4h.se\\\/astad\\\/#website\",\"url\":\"https:\\\/\\\/www.4h.se\\\/astad\\\/\",\"name\":\"\u00c4stad 4H\",\"description\":\"\",\"potentialAction\":[{\"@type\":\"SearchAction\",\"target\":{\"@type\":\"EntryPoint\",\"urlTemplate\":\"https:\\\/\\\/www.4h.se\\\/astad\\\/?s={search_term_string}\"},\"query-input\":{\"@type\":\"PropertyValueSpecification\",\"valueRequired\":true,\"valueName\":\"search_term_string\"}}],\"inLanguage\":\"sv-SE\"}]}<\/script>\n<!-- \/ Yoast SEO plugin. -->","yoast_head_json":{"title":"Bli medlem - \u00c4stad 4H","robots":{"index":"index","follow":"follow","max-snippet":"max-snippet:-1","max-image-preview":"max-image-preview:large","max-video-preview":"max-video-preview:-1"},"canonical":"https:\/\/www.4h.se\/astad\/bli-medlem\/","og_locale":"sv_SE","og_type":"article","og_title":"Bli medlem - \u00c4stad 4H","og_description":"[vc_row][vc_column][vc_column_text] Bli medlem i 4H och v\u00e5r klubb [\/vc_column_text][\/vc_column][\/vc_row][vc_row][vc_column width=&#8221;1\/2&#8243;][vc_column_text] Bli medlem i \u00c4stad 4H-klubb I 4H blir man medlem i en 4H-klubb. Klubben arrangerar vanligtvis egna aktiviteter som man som klubbmedlem kan delta p\u00e5. Som medlem i \u00c4stad 4H \u00e4r det l\u00e4ger som det \u00e4r st\u00f6rst fokus p\u00e5 just nu. Organisationsledet ovanf\u00f6r klubb \u00e4r&nbsp; &hellip; Read more","og_url":"https:\/\/www.4h.se\/astad\/bli-medlem\/","og_site_name":"\u00c4stad 4H","article_modified_time":"2022-03-15T16:48:21+00:00","twitter_card":"summary_large_image","twitter_misc":{"Ber\u00e4knad l\u00e4stid":"1 minut"},"schema":{"@context":"https:\/\/schema.org","@graph":[{"@type":"WebPage","@id":"https:\/\/www.4h.se\/astad\/bli-medlem\/","url":"https:\/\/www.4h.se\/astad\/bli-medlem\/","name":"Bli medlem - \u00c4stad 4H","isPartOf":{"@id":"https:\/\/www.4h.se\/astad\/#website"},"datePublished":"2015-10-07T07:13:53+00:00","dateModified":"2022-03-15T16:48:21+00:00","breadcrumb":{"@id":"https:\/\/www.4h.se\/astad\/bli-medlem\/#breadcrumb"},"inLanguage":"sv-SE","potentialAction":[{"@type":"ReadAction","target":["https:\/\/www.4h.se\/astad\/bli-medlem\/"]}]},{"@type":"BreadcrumbList","@id":"https:\/\/www.4h.se\/astad\/bli-medlem\/#breadcrumb","itemListElement":[{"@type":"ListItem","position":1,"name":"Hem","item":"https:\/\/www.4h.se\/astad\/"},{"@type":"ListItem","position":2,"name":"Bli medlem"}]},{"@type":"WebSite","@id":"https:\/\/www.4h.se\/astad\/#website","url":"https:\/\/www.4h.se\/astad\/","name":"\u00c4stad 4H","description":"","potentialAction":[{"@type":"SearchAction","target":{"@type":"EntryPoint","urlTemplate":"https:\/\/www.4h.se\/astad\/?s={search_term_string}"},"query-input":{"@type":"PropertyValueSpecification","valueRequired":true,"valueName":"search_term_string"}}],"inLanguage":"sv-SE"}]}},"_links":{"self":[{"href":"https:\/\/www.4h.se\/astad\/wp-json\/wp\/v2\/pages\/285","targetHints":{"allow":["GET"]}}],"collection":[{"href":"https:\/\/www.4h.se\/astad\/wp-json\/wp\/v2\/pages"}],"about":[{"href":"https:\/\/www.4h.se\/astad\/wp-json\/wp\/v2\/types\/page"}],"author":[{"embeddable":true,"href":"https:\/\/www.4h.se\/astad\/wp-json\/wp\/v2\/users\/1"}],"replies":[{"embeddable":true,"href":"https:\/\/www.4h.se\/astad\/wp-json\/wp\/v2\/comments?post=285"}],"version-history":[{"count":0,"href":"https:\/\/www.4h.se\/astad\/wp-json\/wp\/v2\/pages\/285\/revisions"}],"wp:attachment":[{"href":"https:\/\/www.4h.se\/astad\/wp-json\/wp\/v2\/media?parent=285"}],"curies":[{"name":"wp","href":"https:\/\/api.w.org\/{rel}","templated":true}]}}