



{"id":246,"date":"2015-05-15T20:17:33","date_gmt":"2015-05-15T18:17:33","guid":{"rendered":"http:\/\/www.4h.se\/rix16\/?page_id=246"},"modified":"2021-03-02T11:33:24","modified_gmt":"2021-03-02T10:33:24","slug":"4h","status":"publish","type":"page","link":"https:\/\/www.4h.se\/astad\/4h\/","title":{"rendered":"Vad \u00e4r 4H?"},"content":{"rendered":"<div class=\"wpb-content-wrapper\"><p>[vc_row][vc_column][vc_column_text]<\/p>\n<h1>Vad \u00e4r 4H?<\/h1>\n<p>Denna sida \u00e4r under uppbyggnad.[\/vc_column_text][\/vc_column][\/vc_row]<\/p>\n<\/div>","protected":false},"excerpt":{"rendered":"<p>[vc_row][vc_column][vc_column_text] Vad \u00e4r 4H? Denna sida \u00e4r under uppbyggnad.[\/vc_column_text][\/vc_column][\/vc_row]<\/p>\n","protected":false},"author":1,"featured_media":0,"parent":0,"menu_order":1,"comment_status":"closed","ping_status":"closed","template":"","meta":{"_acf_changed":false,"footnotes":""},"class_list":["post-246","page","type-page","status-publish","hentry"],"acf":[],"yoast_head":"<!-- This site is optimized with the Yoast SEO plugin v27.4 - https:\/\/yoast.com\/product\/yoast-seo-wordpress\/ -->\n<title>Vad \u00e4r 4H? - \u00c4stad 4H<\/title>\n<meta name=\"robots\" content=\"index, follow, max-snippet:-1, max-image-preview:large, max-video-preview:-1\" \/>\n<link rel=\"canonical\" href=\"https:\/\/www.4h.se\/astad\/4h\/\" \/>\n<meta property=\"og:locale\" content=\"sv_SE\" \/>\n<meta property=\"og:type\" content=\"article\" \/>\n<meta property=\"og:title\" content=\"Vad \u00e4r 4H? - \u00c4stad 4H\" \/>\n<meta property=\"og:description\" content=\"[vc_row][vc_column][vc_column_text] Vad \u00e4r 4H? Denna sida \u00e4r under uppbyggnad.[\/vc_column_text][\/vc_column][\/vc_row]\" \/>\n<meta property=\"og:url\" content=\"https:\/\/www.4h.se\/astad\/4h\/\" \/>\n<meta property=\"og:site_name\" content=\"\u00c4stad 4H\" \/>\n<meta property=\"article:modified_time\" content=\"2021-03-02T10:33:24+00:00\" \/>\n<meta name=\"twitter:card\" content=\"summary_large_image\" \/>\n<script type=\"application\/ld+json\" class=\"yoast-schema-graph\">{\"@context\":\"https:\\\/\\\/schema.org\",\"@graph\":[{\"@type\":\"WebPage\",\"@id\":\"https:\\\/\\\/www.4h.se\\\/astad\\\/4h\\\/\",\"url\":\"https:\\\/\\\/www.4h.se\\\/astad\\\/4h\\\/\",\"name\":\"Vad \u00e4r 4H? - \u00c4stad 4H\",\"isPartOf\":{\"@id\":\"https:\\\/\\\/www.4h.se\\\/astad\\\/#website\"},\"datePublished\":\"2015-05-15T18:17:33+00:00\",\"dateModified\":\"2021-03-02T10:33:24+00:00\",\"breadcrumb\":{\"@id\":\"https:\\\/\\\/www.4h.se\\\/astad\\\/4h\\\/#breadcrumb\"},\"inLanguage\":\"sv-SE\",\"potentialAction\":[{\"@type\":\"ReadAction\",\"target\":[\"https:\\\/\\\/www.4h.se\\\/astad\\\/4h\\\/\"]}]},{\"@type\":\"BreadcrumbList\",\"@id\":\"https:\\\/\\\/www.4h.se\\\/astad\\\/4h\\\/#breadcrumb\",\"itemListElement\":[{\"@type\":\"ListItem\",\"position\":1,\"name\":\"Hem\",\"item\":\"https:\\\/\\\/www.4h.se\\\/astad\\\/\"},{\"@type\":\"ListItem\",\"position\":2,\"name\":\"Vad \u00e4r 4H?\"}]},{\"@type\":\"WebSite\",\"@id\":\"https:\\\/\\\/www.4h.se\\\/astad\\\/#website\",\"url\":\"https:\\\/\\\/www.4h.se\\\/astad\\\/\",\"name\":\"\u00c4stad 4H\",\"description\":\"\",\"potentialAction\":[{\"@type\":\"SearchAction\",\"target\":{\"@type\":\"EntryPoint\",\"urlTemplate\":\"https:\\\/\\\/www.4h.se\\\/astad\\\/?s={search_term_string}\"},\"query-input\":{\"@type\":\"PropertyValueSpecification\",\"valueRequired\":true,\"valueName\":\"search_term_string\"}}],\"inLanguage\":\"sv-SE\"}]}<\/script>\n<!-- \/ Yoast SEO plugin. -->","yoast_head_json":{"title":"Vad \u00e4r 4H? - \u00c4stad 4H","robots":{"index":"index","follow":"follow","max-snippet":"max-snippet:-1","max-image-preview":"max-image-preview:large","max-video-preview":"max-video-preview:-1"},"canonical":"https:\/\/www.4h.se\/astad\/4h\/","og_locale":"sv_SE","og_type":"article","og_title":"Vad \u00e4r 4H? - \u00c4stad 4H","og_description":"[vc_row][vc_column][vc_column_text] Vad \u00e4r 4H? Denna sida \u00e4r under uppbyggnad.[\/vc_column_text][\/vc_column][\/vc_row]","og_url":"https:\/\/www.4h.se\/astad\/4h\/","og_site_name":"\u00c4stad 4H","article_modified_time":"2021-03-02T10:33:24+00:00","twitter_card":"summary_large_image","schema":{"@context":"https:\/\/schema.org","@graph":[{"@type":"WebPage","@id":"https:\/\/www.4h.se\/astad\/4h\/","url":"https:\/\/www.4h.se\/astad\/4h\/","name":"Vad \u00e4r 4H? - \u00c4stad 4H","isPartOf":{"@id":"https:\/\/www.4h.se\/astad\/#website"},"datePublished":"2015-05-15T18:17:33+00:00","dateModified":"2021-03-02T10:33:24+00:00","breadcrumb":{"@id":"https:\/\/www.4h.se\/astad\/4h\/#breadcrumb"},"inLanguage":"sv-SE","potentialAction":[{"@type":"ReadAction","target":["https:\/\/www.4h.se\/astad\/4h\/"]}]},{"@type":"BreadcrumbList","@id":"https:\/\/www.4h.se\/astad\/4h\/#breadcrumb","itemListElement":[{"@type":"ListItem","position":1,"name":"Hem","item":"https:\/\/www.4h.se\/astad\/"},{"@type":"ListItem","position":2,"name":"Vad \u00e4r 4H?"}]},{"@type":"WebSite","@id":"https:\/\/www.4h.se\/astad\/#website","url":"https:\/\/www.4h.se\/astad\/","name":"\u00c4stad 4H","description":"","potentialAction":[{"@type":"SearchAction","target":{"@type":"EntryPoint","urlTemplate":"https:\/\/www.4h.se\/astad\/?s={search_term_string}"},"query-input":{"@type":"PropertyValueSpecification","valueRequired":true,"valueName":"search_term_string"}}],"inLanguage":"sv-SE"}]}},"_links":{"self":[{"href":"https:\/\/www.4h.se\/astad\/wp-json\/wp\/v2\/pages\/246","targetHints":{"allow":["GET"]}}],"collection":[{"href":"https:\/\/www.4h.se\/astad\/wp-json\/wp\/v2\/pages"}],"about":[{"href":"https:\/\/www.4h.se\/astad\/wp-json\/wp\/v2\/types\/page"}],"author":[{"embeddable":true,"href":"https:\/\/www.4h.se\/astad\/wp-json\/wp\/v2\/users\/1"}],"replies":[{"embeddable":true,"href":"https:\/\/www.4h.se\/astad\/wp-json\/wp\/v2\/comments?post=246"}],"version-history":[{"count":0,"href":"https:\/\/www.4h.se\/astad\/wp-json\/wp\/v2\/pages\/246\/revisions"}],"wp:attachment":[{"href":"https:\/\/www.4h.se\/astad\/wp-json\/wp\/v2\/media?parent=246"}],"curies":[{"name":"wp","href":"https:\/\/api.w.org\/{rel}","templated":true}]}}