



{"id":482,"date":"2017-02-02T23:05:04","date_gmt":"2017-02-02T22:05:04","guid":{"rendered":"http:\/\/www.4h.se\/arsta\/?page_id=482"},"modified":"2025-10-14T14:46:57","modified_gmt":"2025-10-14T12:46:57","slug":"hastar","status":"publish","type":"page","link":"https:\/\/www.4h.se\/arsta\/hastar\/","title":{"rendered":"H\u00e4star"},"content":{"rendered":"<div class=\"wpb-content-wrapper\"><p>[vc_row][vc_column][vc_single_image image=&#8221;660&#8243; img_size=&#8221;1110&#215;300&#8243; style=&#8221;vc_box_rounded&#8221; css=&#8221;&#8221;][vc_column_text css=&#8221;&#8221;]<\/p>\n<h1>H\u00e4star<\/h1>\n<p>[\/vc_column_text][\/vc_column][\/vc_row][vc_row][vc_column width=&#8221;1\/2&#8243;][vc_column_text css=&#8221;&#8221;]H\u00e4r kan du l\u00e4sa mer om h\u00e4starna p\u00e5 \u00c5rsta 4H-g\u00e5rd.[\/vc_column_text][vc_row_inner][vc_column_inner width=&#8221;1\/2&#8243;][vc_column_text css=&#8221;&#8221;]<\/p>\n<h3>Fakta om h\u00e4star<\/h3>\n<p>[\/vc_column_text][vc_toggle title=&#8221;Namn&#8221; style=&#8221;rounded&#8221; color=&#8221;peacoc&#8221; css_animation=&#8221;bounceIn&#8221; css=&#8221;&#8221;]<\/p>\n<ul>\n<li><strong>Hona:<\/strong> Sto<\/li>\n<\/ul>\n<p>&nbsp;<\/p>\n<ul>\n<li><strong>Hane:<\/strong> Hingst<br \/>\n<strong>Kastrerad hingst:<\/strong> Valack<\/li>\n<\/ul>\n<p>&nbsp;<\/p>\n<ul>\n<li><strong>Unge:<\/strong> F\u00f6l<\/li>\n<\/ul>\n<p>[\/vc_toggle][vc_toggle title=&#8221;L\u00e4te&#8221; style=&#8221;rounded&#8221; color=&#8221;peacoc&#8221; css_animation=&#8221;bounceIn&#8221; css=&#8221;&#8221;]Vi s\u00e4ger att h\u00e4starna\u00a0<strong>gn\u00e4ggar<\/strong>.[\/vc_toggle][\/vc_column_inner][vc_column_inner width=&#8221;1\/2&#8243;][vc_column_text css=&#8221;&#8221;]<\/p>\n<h3>H\u00e4starna p\u00e5 g\u00e5rden<\/h3>\n<p>[\/vc_column_text][vc_column_text css=&#8221;&#8221;]L\u00e4s mer om alla h\u00e4star l\u00e4ngre ned p\u00e5 den h\u00e4r sidan. Klicka p\u00e5 den bild av h\u00e4sten som du vill veta mer om.[\/vc_column_text][\/vc_column_inner][\/vc_row_inner][\/vc_column][vc_column width=&#8221;1\/2&#8243;][vc_single_image image=&#8221;795&#8243; img_size=&#8221;550&#215;300&#8243; alignment=&#8221;center&#8221; style=&#8221;vc_box_rounded&#8221; css=&#8221;&#8221;][\/vc_column][\/vc_row][vc_row][vc_column width=&#8221;1\/4&#8243;][vc_single_image image=&#8221;1955&#8243; img_size=&#8221;full&#8221; alignment=&#8221;center&#8221; style=&#8221;vc_box_circle_2&#8243; onclick=&#8221;custom_link&#8221; css=&#8221;&#8221; title=&#8221;BELINDA&#8221; link=&#8221;https:\/\/www.4h.se\/arsta\/hastar-belinda\/&#8221;][\/vc_column][vc_column width=&#8221;1\/4&#8243;][vc_single_image image=&#8221;1956&#8243; img_size=&#8221;full&#8221; alignment=&#8221;center&#8221; style=&#8221;vc_box_circle_2&#8243; onclick=&#8221;custom_link&#8221; css=&#8221;&#8221; title=&#8221;PIMPIM&#8221; link=&#8221;http:\/\/www.4h.se\/arsta\/hastar-pimpim\/&#8221;][\/vc_column][vc_column width=&#8221;1\/4&#8243;][vc_single_image image=&#8221;1957&#8243; img_size=&#8221;full&#8221; alignment=&#8221;center&#8221; style=&#8221;vc_box_circle_2&#8243; onclick=&#8221;custom_link&#8221; css=&#8221;&#8221; title=&#8221;SAGA&#8221; link=&#8221;http:\/\/www.4h.se\/arsta\/hastar-saga\/&#8221;][\/vc_column][vc_column width=&#8221;1\/4&#8243;][vc_single_image image=&#8221;1958&#8243; img_size=&#8221;full&#8221; alignment=&#8221;center&#8221; style=&#8221;vc_box_circle_2&#8243; onclick=&#8221;custom_link&#8221; css=&#8221;&#8221; link=&#8221;https:\/\/www.4h.se\/arsta\/hastar-stella\/&#8221; title=&#8221;STELLA&#8221;][\/vc_column][\/vc_row]<\/p>\n<\/div>","protected":false},"excerpt":{"rendered":"<p>[vc_row][vc_column][vc_single_image image=&#8221;660&#8243; img_size=&#8221;1110&#215;300&#8243; style=&#8221;vc_box_rounded&#8221; css=&#8221;&#8221;][vc_column_text css=&#8221;&#8221;] H\u00e4star [\/vc_column_text][\/vc_column][\/vc_row][vc_row][vc_column width=&#8221;1\/2&#8243;][vc_column_text css=&#8221;&#8221;]H\u00e4r kan du l\u00e4sa mer om h\u00e4starna p\u00e5 \u00c5rsta 4H-g\u00e5rd.[\/vc_column_text][vc_row_inner][vc_column_inner width=&#8221;1\/2&#8243;][vc_column_text css=&#8221;&#8221;] Fakta om h\u00e4star [\/vc_column_text][vc_toggle title=&#8221;Namn&#8221; style=&#8221;rounded&#8221; color=&#8221;peacoc&#8221; css_animation=&#8221;bounceIn&#8221; css=&#8221;&#8221;] Hona: Sto &nbsp; Hane: Hingst Kastrerad hingst: Valack &nbsp; Unge: F\u00f6l [\/vc_toggle][vc_toggle title=&#8221;L\u00e4te&#8221; style=&#8221;rounded&#8221; color=&#8221;peacoc&#8221; css_animation=&#8221;bounceIn&#8221; css=&#8221;&#8221;]Vi s\u00e4ger att h\u00e4starna\u00a0gn\u00e4ggar.[\/vc_toggle][\/vc_column_inner][vc_column_inner width=&#8221;1\/2&#8243;][vc_column_text css=&#8221;&#8221;] H\u00e4starna p\u00e5 g\u00e5rden&nbsp; <a href=\"https:\/\/www.4h.se\/arsta\/hastar\/\">&hellip; Read more <i class=\"glyphicon glyphicon-arrow-right\"><\/i><\/a><\/p>\n","protected":false},"author":83,"featured_media":0,"parent":0,"menu_order":0,"comment_status":"closed","ping_status":"closed","template":"","meta":{"_acf_changed":false,"footnotes":""},"class_list":["post-482","page","type-page","status-publish","hentry"],"acf":[],"yoast_head":"<!-- This site is optimized with the Yoast SEO plugin v27.5 - https:\/\/yoast.com\/product\/yoast-seo-wordpress\/ -->\n<title>H\u00e4star - \u00c5rsta 4H-g\u00e5rd<\/title>\n<meta name=\"robots\" content=\"index, follow, max-snippet:-1, max-image-preview:large, max-video-preview:-1\" \/>\n<link rel=\"canonical\" href=\"https:\/\/www.4h.se\/arsta\/hastar\/\" \/>\n<meta property=\"og:locale\" content=\"sv_SE\" \/>\n<meta property=\"og:type\" content=\"article\" \/>\n<meta property=\"og:title\" content=\"H\u00e4star - \u00c5rsta 4H-g\u00e5rd\" \/>\n<meta property=\"og:description\" content=\"[vc_row][vc_column][vc_single_image image=&#8221;660&#8243; img_size=&#8221;1110&#215;300&#8243; style=&#8221;vc_box_rounded&#8221; css=&#8221;&#8221;][vc_column_text css=&#8221;&#8221;] H\u00e4star [\/vc_column_text][\/vc_column][\/vc_row][vc_row][vc_column width=&#8221;1\/2&#8243;][vc_column_text css=&#8221;&#8221;]H\u00e4r kan du l\u00e4sa mer om h\u00e4starna p\u00e5 \u00c5rsta 4H-g\u00e5rd.[\/vc_column_text][vc_row_inner][vc_column_inner width=&#8221;1\/2&#8243;][vc_column_text css=&#8221;&#8221;] Fakta om h\u00e4star [\/vc_column_text][vc_toggle title=&#8221;Namn&#8221; style=&#8221;rounded&#8221; color=&#8221;peacoc&#8221; css_animation=&#8221;bounceIn&#8221; css=&#8221;&#8221;] Hona: Sto &nbsp; Hane: Hingst Kastrerad hingst: Valack &nbsp; Unge: F\u00f6l [\/vc_toggle][vc_toggle title=&#8221;L\u00e4te&#8221; style=&#8221;rounded&#8221; color=&#8221;peacoc&#8221; css_animation=&#8221;bounceIn&#8221; css=&#8221;&#8221;]Vi s\u00e4ger att h\u00e4starna\u00a0gn\u00e4ggar.[\/vc_toggle][\/vc_column_inner][vc_column_inner width=&#8221;1\/2&#8243;][vc_column_text css=&#8221;&#8221;] H\u00e4starna p\u00e5 g\u00e5rden&nbsp; &hellip; Read more\" \/>\n<meta property=\"og:url\" content=\"https:\/\/www.4h.se\/arsta\/hastar\/\" \/>\n<meta property=\"og:site_name\" content=\"\u00c5rsta 4H-g\u00e5rd\" \/>\n<meta property=\"article:publisher\" content=\"https:\/\/www.facebook.com\/arsta4H\/\" \/>\n<meta property=\"article:modified_time\" content=\"2025-10-14T12:46:57+00:00\" \/>\n<meta name=\"twitter:card\" content=\"summary_large_image\" \/>\n<meta name=\"twitter:label1\" content=\"Ber\u00e4knad l\u00e4stid\" \/>\n\t<meta name=\"twitter:data1\" content=\"2 minuter\" \/>\n<script type=\"application\/ld+json\" class=\"yoast-schema-graph\">{\"@context\":\"https:\\\/\\\/schema.org\",\"@graph\":[{\"@type\":\"WebPage\",\"@id\":\"https:\\\/\\\/www.4h.se\\\/arsta\\\/hastar\\\/\",\"url\":\"https:\\\/\\\/www.4h.se\\\/arsta\\\/hastar\\\/\",\"name\":\"H\u00e4star - \u00c5rsta 4H-g\u00e5rd\",\"isPartOf\":{\"@id\":\"https:\\\/\\\/www.4h.se\\\/arsta\\\/#website\"},\"datePublished\":\"2017-02-02T22:05:04+00:00\",\"dateModified\":\"2025-10-14T12:46:57+00:00\",\"breadcrumb\":{\"@id\":\"https:\\\/\\\/www.4h.se\\\/arsta\\\/hastar\\\/#breadcrumb\"},\"inLanguage\":\"sv-SE\",\"potentialAction\":[{\"@type\":\"ReadAction\",\"target\":[\"https:\\\/\\\/www.4h.se\\\/arsta\\\/hastar\\\/\"]}]},{\"@type\":\"BreadcrumbList\",\"@id\":\"https:\\\/\\\/www.4h.se\\\/arsta\\\/hastar\\\/#breadcrumb\",\"itemListElement\":[{\"@type\":\"ListItem\",\"position\":1,\"name\":\"Hem\",\"item\":\"https:\\\/\\\/www.4h.se\\\/arsta\\\/\"},{\"@type\":\"ListItem\",\"position\":2,\"name\":\"H\u00e4star\"}]},{\"@type\":\"WebSite\",\"@id\":\"https:\\\/\\\/www.4h.se\\\/arsta\\\/#website\",\"url\":\"https:\\\/\\\/www.4h.se\\\/arsta\\\/\",\"name\":\"\u00c5rsta 4H-g\u00e5rd\",\"description\":\"L\u00e4ra genom att g\u00f6ra\",\"potentialAction\":[{\"@type\":\"SearchAction\",\"target\":{\"@type\":\"EntryPoint\",\"urlTemplate\":\"https:\\\/\\\/www.4h.se\\\/arsta\\\/?s={search_term_string}\"},\"query-input\":{\"@type\":\"PropertyValueSpecification\",\"valueRequired\":true,\"valueName\":\"search_term_string\"}}],\"inLanguage\":\"sv-SE\"}]}<\/script>\n<!-- \/ Yoast SEO plugin. -->","yoast_head_json":{"title":"H\u00e4star - \u00c5rsta 4H-g\u00e5rd","robots":{"index":"index","follow":"follow","max-snippet":"max-snippet:-1","max-image-preview":"max-image-preview:large","max-video-preview":"max-video-preview:-1"},"canonical":"https:\/\/www.4h.se\/arsta\/hastar\/","og_locale":"sv_SE","og_type":"article","og_title":"H\u00e4star - \u00c5rsta 4H-g\u00e5rd","og_description":"[vc_row][vc_column][vc_single_image image=&#8221;660&#8243; img_size=&#8221;1110&#215;300&#8243; style=&#8221;vc_box_rounded&#8221; css=&#8221;&#8221;][vc_column_text css=&#8221;&#8221;] H\u00e4star [\/vc_column_text][\/vc_column][\/vc_row][vc_row][vc_column width=&#8221;1\/2&#8243;][vc_column_text css=&#8221;&#8221;]H\u00e4r kan du l\u00e4sa mer om h\u00e4starna p\u00e5 \u00c5rsta 4H-g\u00e5rd.[\/vc_column_text][vc_row_inner][vc_column_inner width=&#8221;1\/2&#8243;][vc_column_text css=&#8221;&#8221;] Fakta om h\u00e4star [\/vc_column_text][vc_toggle title=&#8221;Namn&#8221; style=&#8221;rounded&#8221; color=&#8221;peacoc&#8221; css_animation=&#8221;bounceIn&#8221; css=&#8221;&#8221;] Hona: Sto &nbsp; Hane: Hingst Kastrerad hingst: Valack &nbsp; Unge: F\u00f6l [\/vc_toggle][vc_toggle title=&#8221;L\u00e4te&#8221; style=&#8221;rounded&#8221; color=&#8221;peacoc&#8221; css_animation=&#8221;bounceIn&#8221; css=&#8221;&#8221;]Vi s\u00e4ger att h\u00e4starna\u00a0gn\u00e4ggar.[\/vc_toggle][\/vc_column_inner][vc_column_inner width=&#8221;1\/2&#8243;][vc_column_text css=&#8221;&#8221;] H\u00e4starna p\u00e5 g\u00e5rden&nbsp; &hellip; Read more","og_url":"https:\/\/www.4h.se\/arsta\/hastar\/","og_site_name":"\u00c5rsta 4H-g\u00e5rd","article_publisher":"https:\/\/www.facebook.com\/arsta4H\/","article_modified_time":"2025-10-14T12:46:57+00:00","twitter_card":"summary_large_image","twitter_misc":{"Ber\u00e4knad l\u00e4stid":"2 minuter"},"schema":{"@context":"https:\/\/schema.org","@graph":[{"@type":"WebPage","@id":"https:\/\/www.4h.se\/arsta\/hastar\/","url":"https:\/\/www.4h.se\/arsta\/hastar\/","name":"H\u00e4star - \u00c5rsta 4H-g\u00e5rd","isPartOf":{"@id":"https:\/\/www.4h.se\/arsta\/#website"},"datePublished":"2017-02-02T22:05:04+00:00","dateModified":"2025-10-14T12:46:57+00:00","breadcrumb":{"@id":"https:\/\/www.4h.se\/arsta\/hastar\/#breadcrumb"},"inLanguage":"sv-SE","potentialAction":[{"@type":"ReadAction","target":["https:\/\/www.4h.se\/arsta\/hastar\/"]}]},{"@type":"BreadcrumbList","@id":"https:\/\/www.4h.se\/arsta\/hastar\/#breadcrumb","itemListElement":[{"@type":"ListItem","position":1,"name":"Hem","item":"https:\/\/www.4h.se\/arsta\/"},{"@type":"ListItem","position":2,"name":"H\u00e4star"}]},{"@type":"WebSite","@id":"https:\/\/www.4h.se\/arsta\/#website","url":"https:\/\/www.4h.se\/arsta\/","name":"\u00c5rsta 4H-g\u00e5rd","description":"L\u00e4ra genom att g\u00f6ra","potentialAction":[{"@type":"SearchAction","target":{"@type":"EntryPoint","urlTemplate":"https:\/\/www.4h.se\/arsta\/?s={search_term_string}"},"query-input":{"@type":"PropertyValueSpecification","valueRequired":true,"valueName":"search_term_string"}}],"inLanguage":"sv-SE"}]}},"_links":{"self":[{"href":"https:\/\/www.4h.se\/arsta\/wp-json\/wp\/v2\/pages\/482","targetHints":{"allow":["GET"]}}],"collection":[{"href":"https:\/\/www.4h.se\/arsta\/wp-json\/wp\/v2\/pages"}],"about":[{"href":"https:\/\/www.4h.se\/arsta\/wp-json\/wp\/v2\/types\/page"}],"author":[{"embeddable":true,"href":"https:\/\/www.4h.se\/arsta\/wp-json\/wp\/v2\/users\/83"}],"replies":[{"embeddable":true,"href":"https:\/\/www.4h.se\/arsta\/wp-json\/wp\/v2\/comments?post=482"}],"version-history":[{"count":0,"href":"https:\/\/www.4h.se\/arsta\/wp-json\/wp\/v2\/pages\/482\/revisions"}],"wp:attachment":[{"href":"https:\/\/www.4h.se\/arsta\/wp-json\/wp\/v2\/media?parent=482"}],"curies":[{"name":"wp","href":"https:\/\/api.w.org\/{rel}","templated":true}]}}