



{"id":1527,"date":"2024-09-05T13:52:19","date_gmt":"2024-09-05T11:52:19","guid":{"rendered":"https:\/\/www.4h.se\/arsta\/?page_id=1527"},"modified":"2026-03-03T15:53:06","modified_gmt":"2026-03-03T14:53:06","slug":"kontakta-oss","status":"publish","type":"page","link":"https:\/\/www.4h.se\/arsta\/kontakta-oss\/","title":{"rendered":"Kontakta oss"},"content":{"rendered":"<div class=\"wpb-content-wrapper\"><p>[vc_row][vc_column][vc_single_image image=&#8221;1495&#8243; img_size=&#8221;1110&#215;300&#8243; style=&#8221;vc_box_rounded&#8221; css=&#8221;&#8221;][vc_row_inner][vc_column_inner width=&#8221;1\/2&#8243;][vc_column_text css=&#8221;&#8221;]<\/p>\n<h1>Kontakta oss<\/h1>\n<p>[\/vc_column_text][vc_column_text css=&#8221;&#8221;]H\u00e4r hittar du kontaktuppgifter till personalen p\u00e5 \u00c5rsta 4H-g\u00e5rd.<\/p>\n<p>Det \u00e4r m\u00e5nga som h\u00f6r av sig till oss med fr\u00e5gor, s\u00e5 kika g\u00e4rna ifall du hittar ditt svar p\u00e5 v\u00e5r sida d\u00e4r vi har samlat de vanligaste fr\u00e5gorna. Om inte, \u00e4r du sj\u00e4lvklart varmt v\u00e4lkommen att h\u00f6ra av dig till oss, s\u00e5 hanterar vi \u00e4rendet s\u00e5 snabbt som m\u00f6jligt.[\/vc_column_text][vc_btn title=&#8221;Vanliga fr\u00e5gor &amp; svar&#8221; style=&#8221;3d&#8221; color=&#8221;success&#8221; align=&#8221;center&#8221; i_icon_fontawesome=&#8221;far fa-comments&#8221; css=&#8221;&#8221; button_block=&#8221;true&#8221; add_icon=&#8221;true&#8221; link=&#8221;url:https%3A%2F%2Fwww.4h.se%2Farsta%2Fvanliga-fragor-svar%2F&#8221;][\/vc_column_inner][vc_column_inner width=&#8221;1\/2&#8243;][vc_single_image image=&#8221;1528&#8243; img_size=&#8221;550&#215;280&#8243; style=&#8221;vc_box_rounded&#8221; css=&#8221;&#8221;][\/vc_column_inner][\/vc_row_inner][\/vc_column][\/vc_row][vc_row][vc_column width=&#8221;1\/2&#8243;][vc_column_text css=&#8221;&#8221;]<\/p>\n<h3 style=\"text-align: center\">Allm\u00e4n kontakt<\/h3>\n<p>[\/vc_column_text][vc_row_inner][vc_column_inner][vc_column_text css=&#8221;&#8221;]<\/p>\n<h4><strong>Allm\u00e4n kontakt:<\/strong><\/h4>\n<p><strong>E-post: <\/strong>arsta@4h.se<\/p>\n<p><strong>Telefon: <\/strong>070-240 24 76<\/p>\n<p>Vid fr\u00e5gor om verksamheten, aktiviteter eller djuren, v\u00e4nligen kontakta oss via ovanst\u00e5ende e-postadress.[\/vc_column_text][\/vc_column_inner][\/vc_row_inner][\/vc_column][vc_column width=&#8221;1\/2&#8243;][vc_column_text css=&#8221;&#8221;]<\/p>\n<h3 style=\"text-align: center;\">Personal<\/h3>\n<p>[\/vc_column_text][vc_row_inner][vc_column_inner width=&#8221;1\/3&#8243;][vc_column_text css=&#8221;&#8221;]<\/p>\n<h4><strong>Emelie Ahlberg<\/strong><\/h4>\n<h4>Verksamhetsledare<\/h4>\n<p><strong>E-post<\/strong><br \/>\nemelie.ahlberg@4h.se<\/p>\n<p><strong>Telefon<br \/>\n<\/strong>070-054 04 51[\/vc_column_text][\/vc_column_inner][vc_column_inner width=&#8221;1\/3&#8243;][vc_column_text css=&#8221;&#8221;]<\/p>\n<h4><strong>Maja Hardenborg<\/strong><\/h4>\n<h4>Verksamhetsutvecklare<\/h4>\n<p><strong>E-post<br \/>\n<\/strong>maja.hardenborg@4h.se<\/p>\n<p><strong>Telefon<br \/>\n<\/strong>070-240 24 76[\/vc_column_text][\/vc_column_inner][vc_column_inner width=&#8221;1\/3&#8243;][vc_column_text css=&#8221;&#8221;]<\/p>\n<h4><strong>Amanda Gretener<\/strong><\/h4>\n<h4>Verksamhetsutvecklare<\/h4>\n<p><strong>E-post<br \/>\n<\/strong>amanda.gretener@4h.se<\/p>\n<p><strong>Telefon<br \/>\n<\/strong>070-240 24 76[\/vc_column_text][\/vc_column_inner][\/vc_row_inner][\/vc_column][\/vc_row][vc_row][vc_column][vc_message message_box_color=&#8221;peacoc&#8221; icon_fontawesome=&#8221;fas fa-exclamation-circle&#8221; css=&#8221;&#8221;]<\/p>\n<h3>Akut kontakt<\/h3>\n<p>Kontakt vid akuta h\u00e4ndelser som inte kan v\u00e4nta till n\u00e4stkommande vardag, t.ex <strong>olycksfall<\/strong> med djur, <strong>brand<\/strong> eller liknande <strong>incidenter<\/strong>.<br \/>\nDu kan\u00a0<strong>inte<\/strong> ringa detta nummer f\u00f6r att st\u00e4lla fr\u00e5gor om bokningar av aktiviteter eller liknande &#8211; v\u00e4nd dig d\u00e5 ist\u00e4llet till de andra numren p\u00e5 den h\u00e4r sidan.<\/p>\n<p><strong>Linn Henningson, ordf\u00f6rande Uppsala 4H<\/strong><\/p>\n<p>Telefon: 070-534 76 12[\/vc_message][\/vc_column][\/vc_row]<\/p>\n<\/div>","protected":false},"excerpt":{"rendered":"<p>[vc_row][vc_column][vc_single_image image=&#8221;1495&#8243; img_size=&#8221;1110&#215;300&#8243; style=&#8221;vc_box_rounded&#8221; css=&#8221;&#8221;][vc_row_inner][vc_column_inner width=&#8221;1\/2&#8243;][vc_column_text css=&#8221;&#8221;] Kontakta oss [\/vc_column_text][vc_column_text css=&#8221;&#8221;]H\u00e4r hittar du kontaktuppgifter till personalen p\u00e5 \u00c5rsta 4H-g\u00e5rd. Det \u00e4r m\u00e5nga som h\u00f6r av sig till oss med fr\u00e5gor, s\u00e5 kika g\u00e4rna ifall du hittar ditt svar p\u00e5 v\u00e5r sida d\u00e4r vi har samlat de vanligaste fr\u00e5gorna. Om inte, \u00e4r du sj\u00e4lvklart varmt v\u00e4lkommen&nbsp; <a href=\"https:\/\/www.4h.se\/arsta\/kontakta-oss\/\">&hellip; Read more <i class=\"glyphicon glyphicon-arrow-right\"><\/i><\/a><\/p>\n","protected":false},"author":211,"featured_media":0,"parent":0,"menu_order":0,"comment_status":"closed","ping_status":"closed","template":"","meta":{"footnotes":""},"class_list":["post-1527","page","type-page","status-publish","hentry"],"yoast_head":"<!-- This site is optimized with the Yoast SEO plugin v27.4 - https:\/\/yoast.com\/product\/yoast-seo-wordpress\/ -->\n<title>Kontakta oss - \u00c5rsta 4H-g\u00e5rd<\/title>\n<meta name=\"robots\" content=\"index, follow, max-snippet:-1, max-image-preview:large, max-video-preview:-1\" \/>\n<link rel=\"canonical\" href=\"https:\/\/www.4h.se\/arsta\/kontakta-oss\/\" \/>\n<meta property=\"og:locale\" content=\"sv_SE\" \/>\n<meta property=\"og:type\" content=\"article\" \/>\n<meta property=\"og:title\" content=\"Kontakta oss - \u00c5rsta 4H-g\u00e5rd\" \/>\n<meta property=\"og:description\" content=\"[vc_row][vc_column][vc_single_image image=&#8221;1495&#8243; img_size=&#8221;1110&#215;300&#8243; style=&#8221;vc_box_rounded&#8221; css=&#8221;&#8221;][vc_row_inner][vc_column_inner width=&#8221;1\/2&#8243;][vc_column_text css=&#8221;&#8221;] Kontakta oss [\/vc_column_text][vc_column_text css=&#8221;&#8221;]H\u00e4r hittar du kontaktuppgifter till personalen p\u00e5 \u00c5rsta 4H-g\u00e5rd. Det \u00e4r m\u00e5nga som h\u00f6r av sig till oss med fr\u00e5gor, s\u00e5 kika g\u00e4rna ifall du hittar ditt svar p\u00e5 v\u00e5r sida d\u00e4r vi har samlat de vanligaste fr\u00e5gorna. Om inte, \u00e4r du sj\u00e4lvklart varmt v\u00e4lkommen&nbsp; &hellip; Read more\" \/>\n<meta property=\"og:url\" content=\"https:\/\/www.4h.se\/arsta\/kontakta-oss\/\" \/>\n<meta property=\"og:site_name\" content=\"\u00c5rsta 4H-g\u00e5rd\" \/>\n<meta property=\"article:publisher\" content=\"https:\/\/www.facebook.com\/arsta4H\/\" \/>\n<meta property=\"article:modified_time\" content=\"2026-03-03T14:53:06+00:00\" \/>\n<meta name=\"twitter:card\" content=\"summary_large_image\" \/>\n<script type=\"application\/ld+json\" class=\"yoast-schema-graph\">{\"@context\":\"https:\\\/\\\/schema.org\",\"@graph\":[{\"@type\":\"WebPage\",\"@id\":\"https:\\\/\\\/www.4h.se\\\/arsta\\\/kontakta-oss\\\/\",\"url\":\"https:\\\/\\\/www.4h.se\\\/arsta\\\/kontakta-oss\\\/\",\"name\":\"Kontakta oss - \u00c5rsta 4H-g\u00e5rd\",\"isPartOf\":{\"@id\":\"https:\\\/\\\/www.4h.se\\\/arsta\\\/#website\"},\"datePublished\":\"2024-09-05T11:52:19+00:00\",\"dateModified\":\"2026-03-03T14:53:06+00:00\",\"breadcrumb\":{\"@id\":\"https:\\\/\\\/www.4h.se\\\/arsta\\\/kontakta-oss\\\/#breadcrumb\"},\"inLanguage\":\"sv-SE\",\"potentialAction\":[{\"@type\":\"ReadAction\",\"target\":[\"https:\\\/\\\/www.4h.se\\\/arsta\\\/kontakta-oss\\\/\"]}]},{\"@type\":\"BreadcrumbList\",\"@id\":\"https:\\\/\\\/www.4h.se\\\/arsta\\\/kontakta-oss\\\/#breadcrumb\",\"itemListElement\":[{\"@type\":\"ListItem\",\"position\":1,\"name\":\"Hem\",\"item\":\"https:\\\/\\\/www.4h.se\\\/arsta\\\/\"},{\"@type\":\"ListItem\",\"position\":2,\"name\":\"Kontakta oss\"}]},{\"@type\":\"WebSite\",\"@id\":\"https:\\\/\\\/www.4h.se\\\/arsta\\\/#website\",\"url\":\"https:\\\/\\\/www.4h.se\\\/arsta\\\/\",\"name\":\"\u00c5rsta 4H-g\u00e5rd\",\"description\":\"L\u00e4ra genom att g\u00f6ra\",\"potentialAction\":[{\"@type\":\"SearchAction\",\"target\":{\"@type\":\"EntryPoint\",\"urlTemplate\":\"https:\\\/\\\/www.4h.se\\\/arsta\\\/?s={search_term_string}\"},\"query-input\":{\"@type\":\"PropertyValueSpecification\",\"valueRequired\":true,\"valueName\":\"search_term_string\"}}],\"inLanguage\":\"sv-SE\"}]}<\/script>\n<!-- \/ Yoast SEO plugin. -->","yoast_head_json":{"title":"Kontakta oss - \u00c5rsta 4H-g\u00e5rd","robots":{"index":"index","follow":"follow","max-snippet":"max-snippet:-1","max-image-preview":"max-image-preview:large","max-video-preview":"max-video-preview:-1"},"canonical":"https:\/\/www.4h.se\/arsta\/kontakta-oss\/","og_locale":"sv_SE","og_type":"article","og_title":"Kontakta oss - \u00c5rsta 4H-g\u00e5rd","og_description":"[vc_row][vc_column][vc_single_image image=&#8221;1495&#8243; img_size=&#8221;1110&#215;300&#8243; style=&#8221;vc_box_rounded&#8221; css=&#8221;&#8221;][vc_row_inner][vc_column_inner width=&#8221;1\/2&#8243;][vc_column_text css=&#8221;&#8221;] Kontakta oss [\/vc_column_text][vc_column_text css=&#8221;&#8221;]H\u00e4r hittar du kontaktuppgifter till personalen p\u00e5 \u00c5rsta 4H-g\u00e5rd. Det \u00e4r m\u00e5nga som h\u00f6r av sig till oss med fr\u00e5gor, s\u00e5 kika g\u00e4rna ifall du hittar ditt svar p\u00e5 v\u00e5r sida d\u00e4r vi har samlat de vanligaste fr\u00e5gorna. Om inte, \u00e4r du sj\u00e4lvklart varmt v\u00e4lkommen&nbsp; &hellip; Read more","og_url":"https:\/\/www.4h.se\/arsta\/kontakta-oss\/","og_site_name":"\u00c5rsta 4H-g\u00e5rd","article_publisher":"https:\/\/www.facebook.com\/arsta4H\/","article_modified_time":"2026-03-03T14:53:06+00:00","twitter_card":"summary_large_image","schema":{"@context":"https:\/\/schema.org","@graph":[{"@type":"WebPage","@id":"https:\/\/www.4h.se\/arsta\/kontakta-oss\/","url":"https:\/\/www.4h.se\/arsta\/kontakta-oss\/","name":"Kontakta oss - \u00c5rsta 4H-g\u00e5rd","isPartOf":{"@id":"https:\/\/www.4h.se\/arsta\/#website"},"datePublished":"2024-09-05T11:52:19+00:00","dateModified":"2026-03-03T14:53:06+00:00","breadcrumb":{"@id":"https:\/\/www.4h.se\/arsta\/kontakta-oss\/#breadcrumb"},"inLanguage":"sv-SE","potentialAction":[{"@type":"ReadAction","target":["https:\/\/www.4h.se\/arsta\/kontakta-oss\/"]}]},{"@type":"BreadcrumbList","@id":"https:\/\/www.4h.se\/arsta\/kontakta-oss\/#breadcrumb","itemListElement":[{"@type":"ListItem","position":1,"name":"Hem","item":"https:\/\/www.4h.se\/arsta\/"},{"@type":"ListItem","position":2,"name":"Kontakta oss"}]},{"@type":"WebSite","@id":"https:\/\/www.4h.se\/arsta\/#website","url":"https:\/\/www.4h.se\/arsta\/","name":"\u00c5rsta 4H-g\u00e5rd","description":"L\u00e4ra genom att g\u00f6ra","potentialAction":[{"@type":"SearchAction","target":{"@type":"EntryPoint","urlTemplate":"https:\/\/www.4h.se\/arsta\/?s={search_term_string}"},"query-input":{"@type":"PropertyValueSpecification","valueRequired":true,"valueName":"search_term_string"}}],"inLanguage":"sv-SE"}]}},"_links":{"self":[{"href":"https:\/\/www.4h.se\/arsta\/wp-json\/wp\/v2\/pages\/1527","targetHints":{"allow":["GET"]}}],"collection":[{"href":"https:\/\/www.4h.se\/arsta\/wp-json\/wp\/v2\/pages"}],"about":[{"href":"https:\/\/www.4h.se\/arsta\/wp-json\/wp\/v2\/types\/page"}],"author":[{"embeddable":true,"href":"https:\/\/www.4h.se\/arsta\/wp-json\/wp\/v2\/users\/211"}],"replies":[{"embeddable":true,"href":"https:\/\/www.4h.se\/arsta\/wp-json\/wp\/v2\/comments?post=1527"}],"version-history":[{"count":0,"href":"https:\/\/www.4h.se\/arsta\/wp-json\/wp\/v2\/pages\/1527\/revisions"}],"wp:attachment":[{"href":"https:\/\/www.4h.se\/arsta\/wp-json\/wp\/v2\/media?parent=1527"}],"curies":[{"name":"wp","href":"https:\/\/api.w.org\/{rel}","templated":true}]}}