



{"id":1513,"date":"2024-09-05T11:42:42","date_gmt":"2024-09-05T09:42:42","guid":{"rendered":"https:\/\/www.4h.se\/arsta\/?page_id=1513"},"modified":"2025-08-13T09:33:11","modified_gmt":"2025-08-13T07:33:11","slug":"4h-garden","status":"publish","type":"page","link":"https:\/\/www.4h.se\/arsta\/4h-garden\/","title":{"rendered":"4H-g\u00e5rden"},"content":{"rendered":"<div class=\"wpb-content-wrapper\"><p>[vc_row][vc_column][vc_single_image image=&#8221;1517&#8243; img_size=&#8221;1110&#215;300&#8243; style=&#8221;vc_box_rounded&#8221; css=&#8221;&#8221;][vc_column_text css=&#8221;&#8221;]<\/p>\n<h1>4H-g\u00e5rden, en gr\u00f6n oas i staden<\/h1>\n<p>[\/vc_column_text][\/vc_column][\/vc_row][vc_row][vc_column width=&#8221;1\/2&#8243;][vc_column_text css=&#8221;&#8221;]En 4H-g\u00e5rd \u00e4r en gr\u00f6n oas mitt i staden d\u00e4r djur, natur och m\u00e4nniskor m\u00f6ts. H\u00e4r skapar vi en trygg m\u00f6tesplats f\u00f6r barn och unga, d\u00e4r alla \u00e4r v\u00e4lkomna att delta i v\u00e5ra aktiviteter och uppleva lantbrukets vardag p\u00e5 n\u00e4ra h\u00e5ll. 4H-g\u00e5rden fungerar som en levande arena f\u00f6r praktiskt l\u00e4rande, d\u00e4r barn och unga f\u00e5r m\u00f6jlighet att utvecklas genom att ta ansvar, samarbeta och l\u00e4ra sig om djur, milj\u00f6 och h\u00e5llbarhet. Genom mottot \u201dl\u00e4ra genom att g\u00f6ra\u201d f\u00e5r bes\u00f6kare en unik chans att l\u00e4ra sig om djur och natur p\u00e5 ett praktiskt och engagerande s\u00e4tt.<\/p>\n<p>Vi vet idag att m\u00e4nniskor, djur och natur utg\u00f6r ett oerh\u00f6rt viktigt samspel f\u00f6r den egna h\u00e4lsan. 4H-g\u00e5rden drivs med full medvetenhet om detta, och vi str\u00e4var efter att g\u00f6ra skillnad i samh\u00e4llet genom att erbjuda en plats d\u00e4r barn och unga kan komma n\u00e4ra naturen och djuren. Det finns barri\u00e4rer f\u00f6r m\u00e5nga barn och unga som g\u00f6r att detta inte \u00e4r m\u00f6jligt, och d\u00e4rf\u00f6r vill vi finnas d\u00e4r barnen finns och d\u00e4r bristen p\u00e5 dessa upplevelser \u00e4r som mest p\u00e5taglig.<\/p>\n<p>Som stadsn\u00e4ra 4H-g\u00e5rd tillg\u00e4ngligg\u00f6r vi v\u00e5r verksamhet f\u00f6r fler och spelar en stor roll i att fr\u00e4mja h\u00e4lsa och v\u00e4lm\u00e5ende bland barn och unga. 4H-g\u00e5rden \u00e4r en \u00f6ppen bes\u00f6ksverksamhet som h\u00e5ller \u00f6ppet varje dag, \u00e5ret om, f\u00f6r att s\u00e4kerst\u00e4lla att alla har m\u00f6jlighet att ta del av de l\u00e4rorika och meningsfulla upplevelser som 4H-g\u00e5rden har att erbjuda.<\/p>\n<p>F\u00f6rutom att vara en plats f\u00f6r utbildning och rekreation, \u00e4r 4H-g\u00e5rden ocks\u00e5 en viktig social knutpunkt. H\u00e4r kan barn och ungdomar k\u00e4nna sig hemma, knyta nya v\u00e4nskapsband och hitta en meningsfull fritidssyssels\u00e4ttning. Vi erbjuder en trygg milj\u00f6 d\u00e4r alla kan inspireras och v\u00e4xa, och d\u00e4r hela familjen enkelt kan komma i kontakt med lantbrukets sp\u00e4nnande v\u00e4rld. Bes\u00f6karna f\u00e5r tr\u00e4ffa v\u00e5ra lantbruksdjur, l\u00e4ra sig om deras sk\u00f6tsel och f\u00e5 en djupare f\u00f6rst\u00e5else f\u00f6r naturens kretslopp.[\/vc_column_text][vc_btn title=&#8221;Inf\u00f6r ditt bes\u00f6k p\u00e5 4H-g\u00e5rden&#8221; style=&#8221;3d&#8221; color=&#8221;success&#8221; align=&#8221;center&#8221; i_icon_fontawesome=&#8221;fas fa-home&#8221; css=&#8221;&#8221; button_block=&#8221;true&#8221; add_icon=&#8221;true&#8221; link=&#8221;url:https%3A%2F%2Fwww.4h.se%2Farsta%2Finfor-besok-pa-4h-garden%2F&#8221;][vc_btn title=&#8221;V\u00e5ra djur&#8221; style=&#8221;3d&#8221; color=&#8221;peacoc&#8221; align=&#8221;center&#8221; i_icon_fontawesome=&#8221;&#8221; css=&#8221;&#8221; button_block=&#8221;true&#8221; add_icon=&#8221;true&#8221; link=&#8221;url:https%3A%2F%2Fwww.4h.se%2Farsta%2Fdjuren%2F|title:V%C3%A5ra%20djur&#8221;][\/vc_column][vc_column width=&#8221;1\/2&#8243;][vc_single_image image=&#8221;1512&#8243; img_size=&#8221;550&#215;677&#8243; style=&#8221;vc_box_rounded&#8221; css=&#8221;&#8221;][\/vc_column][\/vc_row]<\/p>\n<\/div>","protected":false},"excerpt":{"rendered":"<p>[vc_row][vc_column][vc_single_image image=&#8221;1517&#8243; img_size=&#8221;1110&#215;300&#8243; style=&#8221;vc_box_rounded&#8221; css=&#8221;&#8221;][vc_column_text css=&#8221;&#8221;] 4H-g\u00e5rden, en gr\u00f6n oas i staden [\/vc_column_text][\/vc_column][\/vc_row][vc_row][vc_column width=&#8221;1\/2&#8243;][vc_column_text css=&#8221;&#8221;]En 4H-g\u00e5rd \u00e4r en gr\u00f6n oas mitt i staden d\u00e4r djur, natur och m\u00e4nniskor m\u00f6ts. H\u00e4r skapar vi en trygg m\u00f6tesplats f\u00f6r barn och unga, d\u00e4r alla \u00e4r v\u00e4lkomna att delta i v\u00e5ra aktiviteter och uppleva lantbrukets vardag p\u00e5 n\u00e4ra h\u00e5ll.&nbsp; <a href=\"https:\/\/www.4h.se\/arsta\/4h-garden\/\">&hellip; Read more <i class=\"glyphicon glyphicon-arrow-right\"><\/i><\/a><\/p>\n","protected":false},"author":211,"featured_media":0,"parent":0,"menu_order":0,"comment_status":"closed","ping_status":"closed","template":"","meta":{"_acf_changed":false,"footnotes":""},"class_list":["post-1513","page","type-page","status-publish","hentry"],"acf":[],"yoast_head":"<!-- This site is optimized with the Yoast SEO plugin v27.5 - https:\/\/yoast.com\/product\/yoast-seo-wordpress\/ -->\n<title>4H-g\u00e5rden - \u00c5rsta 4H-g\u00e5rd<\/title>\n<meta name=\"robots\" content=\"index, follow, max-snippet:-1, max-image-preview:large, max-video-preview:-1\" \/>\n<link rel=\"canonical\" href=\"https:\/\/www.4h.se\/arsta\/4h-garden\/\" \/>\n<meta property=\"og:locale\" content=\"sv_SE\" \/>\n<meta property=\"og:type\" content=\"article\" \/>\n<meta property=\"og:title\" content=\"4H-g\u00e5rden - \u00c5rsta 4H-g\u00e5rd\" \/>\n<meta property=\"og:description\" content=\"[vc_row][vc_column][vc_single_image image=&#8221;1517&#8243; img_size=&#8221;1110&#215;300&#8243; style=&#8221;vc_box_rounded&#8221; css=&#8221;&#8221;][vc_column_text css=&#8221;&#8221;] 4H-g\u00e5rden, en gr\u00f6n oas i staden [\/vc_column_text][\/vc_column][\/vc_row][vc_row][vc_column width=&#8221;1\/2&#8243;][vc_column_text css=&#8221;&#8221;]En 4H-g\u00e5rd \u00e4r en gr\u00f6n oas mitt i staden d\u00e4r djur, natur och m\u00e4nniskor m\u00f6ts. H\u00e4r skapar vi en trygg m\u00f6tesplats f\u00f6r barn och unga, d\u00e4r alla \u00e4r v\u00e4lkomna att delta i v\u00e5ra aktiviteter och uppleva lantbrukets vardag p\u00e5 n\u00e4ra h\u00e5ll.&nbsp; &hellip; Read more\" \/>\n<meta property=\"og:url\" content=\"https:\/\/www.4h.se\/arsta\/4h-garden\/\" \/>\n<meta property=\"og:site_name\" content=\"\u00c5rsta 4H-g\u00e5rd\" \/>\n<meta property=\"article:publisher\" content=\"https:\/\/www.facebook.com\/arsta4H\/\" \/>\n<meta property=\"article:modified_time\" content=\"2025-08-13T07:33:11+00:00\" \/>\n<meta name=\"twitter:card\" content=\"summary_large_image\" \/>\n<script type=\"application\/ld+json\" class=\"yoast-schema-graph\">{\"@context\":\"https:\\\/\\\/schema.org\",\"@graph\":[{\"@type\":\"WebPage\",\"@id\":\"https:\\\/\\\/www.4h.se\\\/arsta\\\/4h-garden\\\/\",\"url\":\"https:\\\/\\\/www.4h.se\\\/arsta\\\/4h-garden\\\/\",\"name\":\"4H-g\u00e5rden - \u00c5rsta 4H-g\u00e5rd\",\"isPartOf\":{\"@id\":\"https:\\\/\\\/www.4h.se\\\/arsta\\\/#website\"},\"datePublished\":\"2024-09-05T09:42:42+00:00\",\"dateModified\":\"2025-08-13T07:33:11+00:00\",\"breadcrumb\":{\"@id\":\"https:\\\/\\\/www.4h.se\\\/arsta\\\/4h-garden\\\/#breadcrumb\"},\"inLanguage\":\"sv-SE\",\"potentialAction\":[{\"@type\":\"ReadAction\",\"target\":[\"https:\\\/\\\/www.4h.se\\\/arsta\\\/4h-garden\\\/\"]}]},{\"@type\":\"BreadcrumbList\",\"@id\":\"https:\\\/\\\/www.4h.se\\\/arsta\\\/4h-garden\\\/#breadcrumb\",\"itemListElement\":[{\"@type\":\"ListItem\",\"position\":1,\"name\":\"Hem\",\"item\":\"https:\\\/\\\/www.4h.se\\\/arsta\\\/\"},{\"@type\":\"ListItem\",\"position\":2,\"name\":\"4H-g\u00e5rden\"}]},{\"@type\":\"WebSite\",\"@id\":\"https:\\\/\\\/www.4h.se\\\/arsta\\\/#website\",\"url\":\"https:\\\/\\\/www.4h.se\\\/arsta\\\/\",\"name\":\"\u00c5rsta 4H-g\u00e5rd\",\"description\":\"L\u00e4ra genom att g\u00f6ra\",\"potentialAction\":[{\"@type\":\"SearchAction\",\"target\":{\"@type\":\"EntryPoint\",\"urlTemplate\":\"https:\\\/\\\/www.4h.se\\\/arsta\\\/?s={search_term_string}\"},\"query-input\":{\"@type\":\"PropertyValueSpecification\",\"valueRequired\":true,\"valueName\":\"search_term_string\"}}],\"inLanguage\":\"sv-SE\"}]}<\/script>\n<!-- \/ Yoast SEO plugin. -->","yoast_head_json":{"title":"4H-g\u00e5rden - \u00c5rsta 4H-g\u00e5rd","robots":{"index":"index","follow":"follow","max-snippet":"max-snippet:-1","max-image-preview":"max-image-preview:large","max-video-preview":"max-video-preview:-1"},"canonical":"https:\/\/www.4h.se\/arsta\/4h-garden\/","og_locale":"sv_SE","og_type":"article","og_title":"4H-g\u00e5rden - \u00c5rsta 4H-g\u00e5rd","og_description":"[vc_row][vc_column][vc_single_image image=&#8221;1517&#8243; img_size=&#8221;1110&#215;300&#8243; style=&#8221;vc_box_rounded&#8221; css=&#8221;&#8221;][vc_column_text css=&#8221;&#8221;] 4H-g\u00e5rden, en gr\u00f6n oas i staden [\/vc_column_text][\/vc_column][\/vc_row][vc_row][vc_column width=&#8221;1\/2&#8243;][vc_column_text css=&#8221;&#8221;]En 4H-g\u00e5rd \u00e4r en gr\u00f6n oas mitt i staden d\u00e4r djur, natur och m\u00e4nniskor m\u00f6ts. H\u00e4r skapar vi en trygg m\u00f6tesplats f\u00f6r barn och unga, d\u00e4r alla \u00e4r v\u00e4lkomna att delta i v\u00e5ra aktiviteter och uppleva lantbrukets vardag p\u00e5 n\u00e4ra h\u00e5ll.&nbsp; &hellip; Read more","og_url":"https:\/\/www.4h.se\/arsta\/4h-garden\/","og_site_name":"\u00c5rsta 4H-g\u00e5rd","article_publisher":"https:\/\/www.facebook.com\/arsta4H\/","article_modified_time":"2025-08-13T07:33:11+00:00","twitter_card":"summary_large_image","schema":{"@context":"https:\/\/schema.org","@graph":[{"@type":"WebPage","@id":"https:\/\/www.4h.se\/arsta\/4h-garden\/","url":"https:\/\/www.4h.se\/arsta\/4h-garden\/","name":"4H-g\u00e5rden - \u00c5rsta 4H-g\u00e5rd","isPartOf":{"@id":"https:\/\/www.4h.se\/arsta\/#website"},"datePublished":"2024-09-05T09:42:42+00:00","dateModified":"2025-08-13T07:33:11+00:00","breadcrumb":{"@id":"https:\/\/www.4h.se\/arsta\/4h-garden\/#breadcrumb"},"inLanguage":"sv-SE","potentialAction":[{"@type":"ReadAction","target":["https:\/\/www.4h.se\/arsta\/4h-garden\/"]}]},{"@type":"BreadcrumbList","@id":"https:\/\/www.4h.se\/arsta\/4h-garden\/#breadcrumb","itemListElement":[{"@type":"ListItem","position":1,"name":"Hem","item":"https:\/\/www.4h.se\/arsta\/"},{"@type":"ListItem","position":2,"name":"4H-g\u00e5rden"}]},{"@type":"WebSite","@id":"https:\/\/www.4h.se\/arsta\/#website","url":"https:\/\/www.4h.se\/arsta\/","name":"\u00c5rsta 4H-g\u00e5rd","description":"L\u00e4ra genom att g\u00f6ra","potentialAction":[{"@type":"SearchAction","target":{"@type":"EntryPoint","urlTemplate":"https:\/\/www.4h.se\/arsta\/?s={search_term_string}"},"query-input":{"@type":"PropertyValueSpecification","valueRequired":true,"valueName":"search_term_string"}}],"inLanguage":"sv-SE"}]}},"_links":{"self":[{"href":"https:\/\/www.4h.se\/arsta\/wp-json\/wp\/v2\/pages\/1513","targetHints":{"allow":["GET"]}}],"collection":[{"href":"https:\/\/www.4h.se\/arsta\/wp-json\/wp\/v2\/pages"}],"about":[{"href":"https:\/\/www.4h.se\/arsta\/wp-json\/wp\/v2\/types\/page"}],"author":[{"embeddable":true,"href":"https:\/\/www.4h.se\/arsta\/wp-json\/wp\/v2\/users\/211"}],"replies":[{"embeddable":true,"href":"https:\/\/www.4h.se\/arsta\/wp-json\/wp\/v2\/comments?post=1513"}],"version-history":[{"count":0,"href":"https:\/\/www.4h.se\/arsta\/wp-json\/wp\/v2\/pages\/1513\/revisions"}],"wp:attachment":[{"href":"https:\/\/www.4h.se\/arsta\/wp-json\/wp\/v2\/media?parent=1513"}],"curies":[{"name":"wp","href":"https:\/\/api.w.org\/{rel}","templated":true}]}}