



{"id":1358,"date":"2023-10-04T09:59:22","date_gmt":"2023-10-04T07:59:22","guid":{"rendered":"https:\/\/www.4h.se\/arsta\/?page_id=1358"},"modified":"2025-03-25T15:48:19","modified_gmt":"2025-03-25T14:48:19","slug":"vanliga-fragor-svar","status":"publish","type":"page","link":"https:\/\/www.4h.se\/arsta\/vanliga-fragor-svar\/","title":{"rendered":"Vanliga fr\u00e5gor &#038; svar"},"content":{"rendered":"<div class=\"wpb-content-wrapper\"><p>[vc_row][vc_column][vc_single_image image=&#8221;1566&#8243; img_size=&#8221;1110&#215;300&#8243; style=&#8221;vc_box_rounded&#8221; css=&#8221;&#8221;][vc_column_text css=&#8221;&#8221;]<\/p>\n<h1>Vanliga fr\u00e5gor &amp; svar<\/h1>\n<p>[\/vc_column_text][\/vc_column][\/vc_row][vc_row][vc_column width=&#8221;1\/2&#8243;][vc_column_text css=&#8221;&#8221;]Har du en fundering? H\u00e4r har vi samlat svar p\u00e5 de vanligaste fr\u00e5gorna vi brukar f\u00e5.[\/vc_column_text][vc_empty_space height=&#8221;28px&#8221;][vc_message message_box_color=&#8221;peacoc&#8221; icon_fontawesome=&#8221;far fa-comments&#8221; css=&#8221;&#8221;]Vi f\u00e5r m\u00e5nga fr\u00e5gor per dag och g\u00f6r v\u00e5rt b\u00e4sta f\u00f6r att besvara alla s\u00e5 snabbt som m\u00f6jligt. Det skulle d\u00e4rf\u00f6r underl\u00e4tta ifall du tittar in svaren nedan, kanske blir just din fundering besvarad. Om du inte f\u00e5r ditt svar fr\u00e5n den h\u00e4r sidan \u00e4r du varmt v\u00e4lkommen att kontakta oss![\/vc_message][vc_row_inner][vc_column_inner width=&#8221;1\/2&#8243;][vc_toggle title=&#8221;Var ligger \u00c5rsta 4H-g\u00e5rd?&#8221; style=&#8221;rounded&#8221; color=&#8221;peacoc&#8221; css_animation=&#8221;bounceIn&#8221; css=&#8221;&#8221;]G\u00e5rden ligger i stadsdelen \u00c5rsta i Uppsala.[\/vc_toggle][vc_toggle title=&#8221;N\u00e4r har ni \u00f6ppet?&#8221; style=&#8221;rounded&#8221; color=&#8221;peacoc&#8221; css_animation=&#8221;bounceIn&#8221; css=&#8221;&#8221;]G\u00e5rden har \u00f6ppet vardagar kl. 09:00 &#8211; 16:00 samt helger och helgdagar kl. 09:00 &#8211; 15:00<\/p>\n<p>Vi har \u00f6ppet alla dagar \u00e5ret om, \u00e4ven r\u00f6da dagar.[\/vc_toggle][vc_toggle title=&#8221;Vad kostar det att bes\u00f6ka er?&#8221; style=&#8221;rounded&#8221; color=&#8221;peacoc&#8221; css_animation=&#8221;bounceIn&#8221; css=&#8221;&#8221;]Det \u00e4r helt kostnadsfritt att bes\u00f6ka g\u00e5rden.[\/vc_toggle][vc_toggle title=&#8221;F\u00e5r jag klappa djuren?&#8221; style=&#8221;rounded&#8221; color=&#8221;peacoc&#8221; css_animation=&#8221;bounceIn&#8221; css=&#8221;&#8221;]Ja, om du har tv\u00e4ttat h\u00e4nderna \u00e4r det till\u00e5tet att klappa de djur som kommer fram vid staketet.<\/p>\n<p>Respektera att alla djur inte vill bli klappade &#8211; l\u00e5t dem d\u00e5 vara ifred.<\/p>\n<p>Kom ih\u00e5g att h\u00e4nderna ska tv\u00e4ttas mellan varje djurslag, f\u00f6r att minska risk f\u00f6r smittspridning.[\/vc_toggle][vc_toggle title=&#8221;F\u00e5r jag mata djuren?&#8221; style=&#8221;rounded&#8221; color=&#8221;peacoc&#8221; css_animation=&#8221;bounceIn&#8221; css=&#8221;&#8221;]Nej, som bes\u00f6kare \u00e4r det inte till\u00e5tet att mata djuren.<\/p>\n<p>Personalen ger alla djur den mat de beh\u00f6ver, varje dag. P\u00e5 s\u00e5 s\u00e4tt s\u00e4kerst\u00e4ller vi att varje individ f\u00e5r r\u00e4tt ranson och sort av foder, annars \u00e4r risken att de blir sjuka eller drabbade p\u00e5 annat s\u00e4tt.[\/vc_toggle][\/vc_column_inner][vc_column_inner width=&#8221;1\/2&#8243;][vc_toggle title=&#8221;Kan jag \u00e4ta mats\u00e4ck hos er?&#8221; style=&#8221;rounded&#8221; color=&#8221;peacoc&#8221; css_animation=&#8221;bounceIn&#8221; css=&#8221;&#8221;]Absolut!<\/p>\n<p>Om inte v\u00e4dret till\u00e5ter att fika utomhus finns det m\u00f6jlighet att sitta i \u00f6vre klubbhuset under g\u00e5rdens \u00f6ppettider.<\/p>\n<p>Var noga med att inte ge djuren n\u00e5gon medhavd mat. All mat de t\u00e5l och beh\u00f6ver f\u00e5r de av personalen p\u00e5 g\u00e5rden.[\/vc_toggle][vc_toggle title=&#8221;Finns det toalett p\u00e5 g\u00e5rden?&#8221; style=&#8221;rounded&#8221; color=&#8221;peacoc&#8221; css_animation=&#8221;bounceIn&#8221; css=&#8221;&#8221;]Ja. Det finns toalett f\u00f6r bes\u00f6kare i \u00f6vre delen av klubbhuset.<\/p>\n<p>Vi har ingen godk\u00e4nd R-WC, men f\u00f6r den som beh\u00f6ver tillg\u00e5ng till toalett och har sv\u00e5rt att ta sig upp f\u00f6r trappan till \u00f6vre klubbhuset finns toalett \u00e4ven i nedre klubbhuset. D\u00f6rren dit \u00e4r vanligtvis l\u00e5st, men fr\u00e5ga personalen s\u00e5 \u00f6ppnar vi.[\/vc_toggle][vc_toggle title=&#8221;F\u00e5r jag ta med mig hunden?&#8221; style=&#8221;rounded&#8221; color=&#8221;peacoc&#8221; css_animation=&#8221;bounceIn&#8221; css=&#8221;&#8221;]Hundar \u00e4r v\u00e4lkomna p\u00e5 g\u00e5rden s\u00e5 l\u00e4nge de h\u00e5lls kopplade.<\/p>\n<p>T\u00e4nk p\u00e5 att visa h\u00e4nsyn till djuren genom att inte g\u00e5 f\u00f6r n\u00e4ra deras inh\u00e4gnad och h\u00e5ll l\u00e4ngre avst\u00e5nd ifall hunden sk\u00e4ller eller p\u00e5 annat s\u00e4tt riskerar att stressa upp djuren.<\/p>\n<p>In till kaninerna i magasinet f\u00e5r hundar inte f\u00f6lja med.<\/p>\n<p>Rastning av hundar i v\u00e5ra hagar \u00e4r inte till\u00e5tet.[\/vc_toggle][vc_toggle title=&#8221;Kan jag grilla p\u00e5 g\u00e5rden?&#8221; style=&#8221;rounded&#8221; color=&#8221;peacoc&#8221; css_animation=&#8221;bounceIn&#8221; css=&#8221;&#8221;]Det finns grillplats p\u00e5 g\u00e5rden.<\/p>\n<p>Grillplatsen p\u00e5 g\u00e5rden f\u00e5r nyttjas av bes\u00f6kare under v\u00e5ra \u00f6ppettider. Vi har d\u00e4remot inte ved eller kol.[\/vc_toggle][vc_toggle title=&#8221;Hur blir jag medlem?&#8221; style=&#8221;rounded&#8221; color=&#8221;peacoc&#8221; css_animation=&#8221;bounceIn&#8221; css=&#8221;&#8221;]Vad roligt att du vill bli medlem!<\/p>\n<p><span style=\"color: #00693f;\"><strong><a style=\"color: #00693f;\" href=\"https:\/\/www.4h.se\/arsta\/bli-medlem\/\">Klicka h\u00e4r f\u00f6r att f\u00e5 instruktioner.<\/a><\/strong><\/span>[\/vc_toggle][\/vc_column_inner][\/vc_row_inner][vc_btn title=&#8221;Kontakta oss&#8221; style=&#8221;3d&#8221; color=&#8221;success&#8221; align=&#8221;center&#8221; i_icon_fontawesome=&#8221;far fa-comments&#8221; css=&#8221;&#8221; button_block=&#8221;true&#8221; add_icon=&#8221;true&#8221; link=&#8221;url:https%3A%2F%2Fwww.4h.se%2Farsta%2Fkontakta-oss%2F|title:Kontakta%20oss&#8221;][\/vc_column][vc_column width=&#8221;1\/2&#8243;][vc_single_image image=&#8221;1528&#8243; img_size=&#8221;550&#215;505&#8243; style=&#8221;vc_box_rounded&#8221; css=&#8221;&#8221;][\/vc_column][\/vc_row]<\/p>\n<\/div>","protected":false},"excerpt":{"rendered":"<p>[vc_row][vc_column][vc_single_image image=&#8221;1566&#8243; img_size=&#8221;1110&#215;300&#8243; style=&#8221;vc_box_rounded&#8221; css=&#8221;&#8221;][vc_column_text css=&#8221;&#8221;] Vanliga fr\u00e5gor &amp; svar [\/vc_column_text][\/vc_column][\/vc_row][vc_row][vc_column width=&#8221;1\/2&#8243;][vc_column_text css=&#8221;&#8221;]Har du en fundering? H\u00e4r har vi samlat svar p\u00e5 de vanligaste fr\u00e5gorna vi brukar f\u00e5.[\/vc_column_text][vc_empty_space height=&#8221;28px&#8221;][vc_message message_box_color=&#8221;peacoc&#8221; icon_fontawesome=&#8221;far fa-comments&#8221; css=&#8221;&#8221;]Vi f\u00e5r m\u00e5nga fr\u00e5gor per dag och g\u00f6r v\u00e5rt b\u00e4sta f\u00f6r att besvara alla s\u00e5 snabbt som m\u00f6jligt. Det skulle d\u00e4rf\u00f6r underl\u00e4tta ifall&nbsp; <a href=\"https:\/\/www.4h.se\/arsta\/vanliga-fragor-svar\/\">&hellip; Read more <i class=\"glyphicon glyphicon-arrow-right\"><\/i><\/a><\/p>\n","protected":false},"author":83,"featured_media":0,"parent":0,"menu_order":0,"comment_status":"closed","ping_status":"closed","template":"","meta":{"_acf_changed":false,"footnotes":""},"class_list":["post-1358","page","type-page","status-publish","hentry"],"acf":[],"yoast_head":"<!-- This site is optimized with the Yoast SEO plugin v27.5 - https:\/\/yoast.com\/product\/yoast-seo-wordpress\/ -->\n<title>Vanliga fr\u00e5gor &amp; svar - \u00c5rsta 4H-g\u00e5rd<\/title>\n<meta name=\"robots\" content=\"index, follow, max-snippet:-1, max-image-preview:large, max-video-preview:-1\" \/>\n<link rel=\"canonical\" href=\"https:\/\/www.4h.se\/arsta\/vanliga-fragor-svar\/\" \/>\n<meta property=\"og:locale\" content=\"sv_SE\" \/>\n<meta property=\"og:type\" content=\"article\" \/>\n<meta property=\"og:title\" content=\"Vanliga fr\u00e5gor &amp; svar - \u00c5rsta 4H-g\u00e5rd\" \/>\n<meta property=\"og:description\" content=\"[vc_row][vc_column][vc_single_image image=&#8221;1566&#8243; img_size=&#8221;1110&#215;300&#8243; style=&#8221;vc_box_rounded&#8221; css=&#8221;&#8221;][vc_column_text css=&#8221;&#8221;] Vanliga fr\u00e5gor &amp; svar [\/vc_column_text][\/vc_column][\/vc_row][vc_row][vc_column width=&#8221;1\/2&#8243;][vc_column_text css=&#8221;&#8221;]Har du en fundering? H\u00e4r har vi samlat svar p\u00e5 de vanligaste fr\u00e5gorna vi brukar f\u00e5.[\/vc_column_text][vc_empty_space height=&#8221;28px&#8221;][vc_message message_box_color=&#8221;peacoc&#8221; icon_fontawesome=&#8221;far fa-comments&#8221; css=&#8221;&#8221;]Vi f\u00e5r m\u00e5nga fr\u00e5gor per dag och g\u00f6r v\u00e5rt b\u00e4sta f\u00f6r att besvara alla s\u00e5 snabbt som m\u00f6jligt. Det skulle d\u00e4rf\u00f6r underl\u00e4tta ifall&nbsp; &hellip; Read more\" \/>\n<meta property=\"og:url\" content=\"https:\/\/www.4h.se\/arsta\/vanliga-fragor-svar\/\" \/>\n<meta property=\"og:site_name\" content=\"\u00c5rsta 4H-g\u00e5rd\" \/>\n<meta property=\"article:publisher\" content=\"https:\/\/www.facebook.com\/arsta4H\/\" \/>\n<meta property=\"article:modified_time\" content=\"2025-03-25T14:48:19+00:00\" \/>\n<meta name=\"twitter:card\" content=\"summary_large_image\" \/>\n<script type=\"application\/ld+json\" class=\"yoast-schema-graph\">{\"@context\":\"https:\\\/\\\/schema.org\",\"@graph\":[{\"@type\":\"WebPage\",\"@id\":\"https:\\\/\\\/www.4h.se\\\/arsta\\\/vanliga-fragor-svar\\\/\",\"url\":\"https:\\\/\\\/www.4h.se\\\/arsta\\\/vanliga-fragor-svar\\\/\",\"name\":\"Vanliga fr\u00e5gor & svar - \u00c5rsta 4H-g\u00e5rd\",\"isPartOf\":{\"@id\":\"https:\\\/\\\/www.4h.se\\\/arsta\\\/#website\"},\"datePublished\":\"2023-10-04T07:59:22+00:00\",\"dateModified\":\"2025-03-25T14:48:19+00:00\",\"breadcrumb\":{\"@id\":\"https:\\\/\\\/www.4h.se\\\/arsta\\\/vanliga-fragor-svar\\\/#breadcrumb\"},\"inLanguage\":\"sv-SE\",\"potentialAction\":[{\"@type\":\"ReadAction\",\"target\":[\"https:\\\/\\\/www.4h.se\\\/arsta\\\/vanliga-fragor-svar\\\/\"]}]},{\"@type\":\"BreadcrumbList\",\"@id\":\"https:\\\/\\\/www.4h.se\\\/arsta\\\/vanliga-fragor-svar\\\/#breadcrumb\",\"itemListElement\":[{\"@type\":\"ListItem\",\"position\":1,\"name\":\"Hem\",\"item\":\"https:\\\/\\\/www.4h.se\\\/arsta\\\/\"},{\"@type\":\"ListItem\",\"position\":2,\"name\":\"Vanliga fr\u00e5gor &#038; svar\"}]},{\"@type\":\"WebSite\",\"@id\":\"https:\\\/\\\/www.4h.se\\\/arsta\\\/#website\",\"url\":\"https:\\\/\\\/www.4h.se\\\/arsta\\\/\",\"name\":\"\u00c5rsta 4H-g\u00e5rd\",\"description\":\"L\u00e4ra genom att g\u00f6ra\",\"potentialAction\":[{\"@type\":\"SearchAction\",\"target\":{\"@type\":\"EntryPoint\",\"urlTemplate\":\"https:\\\/\\\/www.4h.se\\\/arsta\\\/?s={search_term_string}\"},\"query-input\":{\"@type\":\"PropertyValueSpecification\",\"valueRequired\":true,\"valueName\":\"search_term_string\"}}],\"inLanguage\":\"sv-SE\"}]}<\/script>\n<!-- \/ Yoast SEO plugin. -->","yoast_head_json":{"title":"Vanliga fr\u00e5gor & svar - \u00c5rsta 4H-g\u00e5rd","robots":{"index":"index","follow":"follow","max-snippet":"max-snippet:-1","max-image-preview":"max-image-preview:large","max-video-preview":"max-video-preview:-1"},"canonical":"https:\/\/www.4h.se\/arsta\/vanliga-fragor-svar\/","og_locale":"sv_SE","og_type":"article","og_title":"Vanliga fr\u00e5gor & svar - \u00c5rsta 4H-g\u00e5rd","og_description":"[vc_row][vc_column][vc_single_image image=&#8221;1566&#8243; img_size=&#8221;1110&#215;300&#8243; style=&#8221;vc_box_rounded&#8221; css=&#8221;&#8221;][vc_column_text css=&#8221;&#8221;] Vanliga fr\u00e5gor &amp; svar [\/vc_column_text][\/vc_column][\/vc_row][vc_row][vc_column width=&#8221;1\/2&#8243;][vc_column_text css=&#8221;&#8221;]Har du en fundering? H\u00e4r har vi samlat svar p\u00e5 de vanligaste fr\u00e5gorna vi brukar f\u00e5.[\/vc_column_text][vc_empty_space height=&#8221;28px&#8221;][vc_message message_box_color=&#8221;peacoc&#8221; icon_fontawesome=&#8221;far fa-comments&#8221; css=&#8221;&#8221;]Vi f\u00e5r m\u00e5nga fr\u00e5gor per dag och g\u00f6r v\u00e5rt b\u00e4sta f\u00f6r att besvara alla s\u00e5 snabbt som m\u00f6jligt. Det skulle d\u00e4rf\u00f6r underl\u00e4tta ifall&nbsp; &hellip; Read more","og_url":"https:\/\/www.4h.se\/arsta\/vanliga-fragor-svar\/","og_site_name":"\u00c5rsta 4H-g\u00e5rd","article_publisher":"https:\/\/www.facebook.com\/arsta4H\/","article_modified_time":"2025-03-25T14:48:19+00:00","twitter_card":"summary_large_image","schema":{"@context":"https:\/\/schema.org","@graph":[{"@type":"WebPage","@id":"https:\/\/www.4h.se\/arsta\/vanliga-fragor-svar\/","url":"https:\/\/www.4h.se\/arsta\/vanliga-fragor-svar\/","name":"Vanliga fr\u00e5gor & svar - \u00c5rsta 4H-g\u00e5rd","isPartOf":{"@id":"https:\/\/www.4h.se\/arsta\/#website"},"datePublished":"2023-10-04T07:59:22+00:00","dateModified":"2025-03-25T14:48:19+00:00","breadcrumb":{"@id":"https:\/\/www.4h.se\/arsta\/vanliga-fragor-svar\/#breadcrumb"},"inLanguage":"sv-SE","potentialAction":[{"@type":"ReadAction","target":["https:\/\/www.4h.se\/arsta\/vanliga-fragor-svar\/"]}]},{"@type":"BreadcrumbList","@id":"https:\/\/www.4h.se\/arsta\/vanliga-fragor-svar\/#breadcrumb","itemListElement":[{"@type":"ListItem","position":1,"name":"Hem","item":"https:\/\/www.4h.se\/arsta\/"},{"@type":"ListItem","position":2,"name":"Vanliga fr\u00e5gor &#038; svar"}]},{"@type":"WebSite","@id":"https:\/\/www.4h.se\/arsta\/#website","url":"https:\/\/www.4h.se\/arsta\/","name":"\u00c5rsta 4H-g\u00e5rd","description":"L\u00e4ra genom att g\u00f6ra","potentialAction":[{"@type":"SearchAction","target":{"@type":"EntryPoint","urlTemplate":"https:\/\/www.4h.se\/arsta\/?s={search_term_string}"},"query-input":{"@type":"PropertyValueSpecification","valueRequired":true,"valueName":"search_term_string"}}],"inLanguage":"sv-SE"}]}},"_links":{"self":[{"href":"https:\/\/www.4h.se\/arsta\/wp-json\/wp\/v2\/pages\/1358","targetHints":{"allow":["GET"]}}],"collection":[{"href":"https:\/\/www.4h.se\/arsta\/wp-json\/wp\/v2\/pages"}],"about":[{"href":"https:\/\/www.4h.se\/arsta\/wp-json\/wp\/v2\/types\/page"}],"author":[{"embeddable":true,"href":"https:\/\/www.4h.se\/arsta\/wp-json\/wp\/v2\/users\/83"}],"replies":[{"embeddable":true,"href":"https:\/\/www.4h.se\/arsta\/wp-json\/wp\/v2\/comments?post=1358"}],"version-history":[{"count":0,"href":"https:\/\/www.4h.se\/arsta\/wp-json\/wp\/v2\/pages\/1358\/revisions"}],"wp:attachment":[{"href":"https:\/\/www.4h.se\/arsta\/wp-json\/wp\/v2\/media?parent=1358"}],"curies":[{"name":"wp","href":"https:\/\/api.w.org\/{rel}","templated":true}]}}