



{"id":1224,"date":"2022-09-02T10:57:19","date_gmt":"2022-09-02T08:57:19","guid":{"rendered":"https:\/\/www.4h.se\/arsta\/?page_id=1224"},"modified":"2025-10-14T14:46:21","modified_gmt":"2025-10-14T12:46:21","slug":"hastar-belinda","status":"publish","type":"page","link":"https:\/\/www.4h.se\/arsta\/hastar-belinda\/","title":{"rendered":"H\u00e4star &#8211; Belinda"},"content":{"rendered":"<div class=\"wpb-content-wrapper\"><p>[vc_row][vc_column width=&#8221;1\/2&#8243;][vc_column_text css=&#8221;&#8221;]<\/p>\n<h1>Belinda<\/h1>\n<p>[\/vc_column_text][vc_row_inner][vc_column_inner width=&#8221;1\/2&#8243;][vc_toggle title=&#8221;Namn&#8221; style=&#8221;rounded&#8221; color=&#8221;green&#8221; open=&#8221;true&#8221; css_animation=&#8221;bounceIn&#8221; css=&#8221;&#8221;]Belinda[\/vc_toggle][vc_toggle title=&#8221;Ras&#8221; style=&#8221;rounded&#8221; color=&#8221;peacoc&#8221; open=&#8221;true&#8221; css_animation=&#8221;bounceIn&#8221; css=&#8221;&#8221;]Norsk fjordh\u00e4st[\/vc_toggle][vc_toggle title=&#8221;K\u00f6n&#8221; style=&#8221;rounded&#8221; color=&#8221;orange&#8221; open=&#8221;true&#8221; css_animation=&#8221;bounceIn&#8221; css=&#8221;&#8221;]Sto[\/vc_toggle][\/vc_column_inner][vc_column_inner width=&#8221;1\/2&#8243;][vc_toggle title=&#8221;F\u00e4rg&#8221; style=&#8221;rounded&#8221; color=&#8221;green&#8221; open=&#8221;true&#8221; css_animation=&#8221;bounceIn&#8221; css=&#8221;&#8221;]Ljusbrunblack[\/vc_toggle][vc_toggle title=&#8221;F\u00f6delse\u00e5r&#8221; style=&#8221;rounded&#8221; color=&#8221;peacoc&#8221; open=&#8221;true&#8221; css_animation=&#8221;bounceIn&#8221; css=&#8221;&#8221;]2008[\/vc_toggle][vc_toggle title=&#8221;Mankh\u00f6jd&#8221; style=&#8221;rounded&#8221; color=&#8221;orange&#8221; open=&#8221;true&#8221; css_animation=&#8221;bounceIn&#8221; css=&#8221;&#8221;]138 cm[\/vc_toggle][\/vc_column_inner][\/vc_row_inner][\/vc_column][vc_column width=&#8221;1\/2&#8243;][vc_single_image image=&#8221;1955&#8243; img_size=&#8221;550&#215;550&#8243; style=&#8221;vc_box_rounded&#8221; css=&#8221;&#8221;][\/vc_column][\/vc_row]<\/p>\n<\/div>","protected":false},"excerpt":{"rendered":"<p>[vc_row][vc_column width=&#8221;1\/2&#8243;][vc_column_text css=&#8221;&#8221;] Belinda [\/vc_column_text][vc_row_inner][vc_column_inner width=&#8221;1\/2&#8243;][vc_toggle title=&#8221;Namn&#8221; style=&#8221;rounded&#8221; color=&#8221;green&#8221; open=&#8221;true&#8221; css_animation=&#8221;bounceIn&#8221; css=&#8221;&#8221;]Belinda[\/vc_toggle][vc_toggle title=&#8221;Ras&#8221; style=&#8221;rounded&#8221; color=&#8221;peacoc&#8221; open=&#8221;true&#8221; css_animation=&#8221;bounceIn&#8221; css=&#8221;&#8221;]Norsk fjordh\u00e4st[\/vc_toggle][vc_toggle title=&#8221;K\u00f6n&#8221; style=&#8221;rounded&#8221; color=&#8221;orange&#8221; open=&#8221;true&#8221; css_animation=&#8221;bounceIn&#8221; css=&#8221;&#8221;]Sto[\/vc_toggle][\/vc_column_inner][vc_column_inner width=&#8221;1\/2&#8243;][vc_toggle title=&#8221;F\u00e4rg&#8221; style=&#8221;rounded&#8221; color=&#8221;green&#8221; open=&#8221;true&#8221; css_animation=&#8221;bounceIn&#8221; css=&#8221;&#8221;]Ljusbrunblack[\/vc_toggle][vc_toggle title=&#8221;F\u00f6delse\u00e5r&#8221; style=&#8221;rounded&#8221; color=&#8221;peacoc&#8221; open=&#8221;true&#8221; css_animation=&#8221;bounceIn&#8221; css=&#8221;&#8221;]2008[\/vc_toggle][vc_toggle title=&#8221;Mankh\u00f6jd&#8221; style=&#8221;rounded&#8221; color=&#8221;orange&#8221; open=&#8221;true&#8221; css_animation=&#8221;bounceIn&#8221; css=&#8221;&#8221;]138 cm[\/vc_toggle][\/vc_column_inner][\/vc_row_inner][\/vc_column][vc_column width=&#8221;1\/2&#8243;][vc_single_image image=&#8221;1955&#8243; img_size=&#8221;550&#215;550&#8243; style=&#8221;vc_box_rounded&#8221; css=&#8221;&#8221;][\/vc_column][\/vc_row]<\/p>\n","protected":false},"author":83,"featured_media":0,"parent":0,"menu_order":0,"comment_status":"closed","ping_status":"closed","template":"","meta":{"_acf_changed":false,"footnotes":""},"class_list":["post-1224","page","type-page","status-publish","hentry"],"acf":[],"yoast_head":"<!-- This site is optimized with the Yoast SEO plugin v27.5 - https:\/\/yoast.com\/product\/yoast-seo-wordpress\/ -->\n<title>H\u00e4star - Belinda - \u00c5rsta 4H-g\u00e5rd<\/title>\n<meta name=\"robots\" content=\"index, follow, max-snippet:-1, max-image-preview:large, max-video-preview:-1\" \/>\n<link rel=\"canonical\" href=\"https:\/\/www.4h.se\/arsta\/hastar-belinda\/\" \/>\n<meta property=\"og:locale\" content=\"sv_SE\" \/>\n<meta property=\"og:type\" content=\"article\" \/>\n<meta property=\"og:title\" content=\"H\u00e4star - Belinda - \u00c5rsta 4H-g\u00e5rd\" \/>\n<meta property=\"og:description\" content=\"[vc_row][vc_column width=&#8221;1\/2&#8243;][vc_column_text css=&#8221;&#8221;] Belinda [\/vc_column_text][vc_row_inner][vc_column_inner width=&#8221;1\/2&#8243;][vc_toggle title=&#8221;Namn&#8221; style=&#8221;rounded&#8221; color=&#8221;green&#8221; open=&#8221;true&#8221; css_animation=&#8221;bounceIn&#8221; css=&#8221;&#8221;]Belinda[\/vc_toggle][vc_toggle title=&#8221;Ras&#8221; style=&#8221;rounded&#8221; color=&#8221;peacoc&#8221; open=&#8221;true&#8221; css_animation=&#8221;bounceIn&#8221; css=&#8221;&#8221;]Norsk fjordh\u00e4st[\/vc_toggle][vc_toggle title=&#8221;K\u00f6n&#8221; style=&#8221;rounded&#8221; color=&#8221;orange&#8221; open=&#8221;true&#8221; css_animation=&#8221;bounceIn&#8221; css=&#8221;&#8221;]Sto[\/vc_toggle][\/vc_column_inner][vc_column_inner width=&#8221;1\/2&#8243;][vc_toggle title=&#8221;F\u00e4rg&#8221; style=&#8221;rounded&#8221; color=&#8221;green&#8221; open=&#8221;true&#8221; css_animation=&#8221;bounceIn&#8221; css=&#8221;&#8221;]Ljusbrunblack[\/vc_toggle][vc_toggle title=&#8221;F\u00f6delse\u00e5r&#8221; style=&#8221;rounded&#8221; color=&#8221;peacoc&#8221; open=&#8221;true&#8221; css_animation=&#8221;bounceIn&#8221; css=&#8221;&#8221;]2008[\/vc_toggle][vc_toggle title=&#8221;Mankh\u00f6jd&#8221; style=&#8221;rounded&#8221; color=&#8221;orange&#8221; open=&#8221;true&#8221; css_animation=&#8221;bounceIn&#8221; css=&#8221;&#8221;]138 cm[\/vc_toggle][\/vc_column_inner][\/vc_row_inner][\/vc_column][vc_column width=&#8221;1\/2&#8243;][vc_single_image image=&#8221;1955&#8243; img_size=&#8221;550&#215;550&#8243; style=&#8221;vc_box_rounded&#8221; css=&#8221;&#8221;][\/vc_column][\/vc_row]\" \/>\n<meta property=\"og:url\" content=\"https:\/\/www.4h.se\/arsta\/hastar-belinda\/\" \/>\n<meta property=\"og:site_name\" content=\"\u00c5rsta 4H-g\u00e5rd\" \/>\n<meta property=\"article:publisher\" content=\"https:\/\/www.facebook.com\/arsta4H\/\" \/>\n<meta property=\"article:modified_time\" content=\"2025-10-14T12:46:21+00:00\" \/>\n<meta name=\"twitter:card\" content=\"summary_large_image\" \/>\n<script type=\"application\/ld+json\" class=\"yoast-schema-graph\">{\"@context\":\"https:\\\/\\\/schema.org\",\"@graph\":[{\"@type\":\"WebPage\",\"@id\":\"https:\\\/\\\/www.4h.se\\\/arsta\\\/hastar-belinda\\\/\",\"url\":\"https:\\\/\\\/www.4h.se\\\/arsta\\\/hastar-belinda\\\/\",\"name\":\"H\u00e4star - Belinda - \u00c5rsta 4H-g\u00e5rd\",\"isPartOf\":{\"@id\":\"https:\\\/\\\/www.4h.se\\\/arsta\\\/#website\"},\"datePublished\":\"2022-09-02T08:57:19+00:00\",\"dateModified\":\"2025-10-14T12:46:21+00:00\",\"breadcrumb\":{\"@id\":\"https:\\\/\\\/www.4h.se\\\/arsta\\\/hastar-belinda\\\/#breadcrumb\"},\"inLanguage\":\"sv-SE\",\"potentialAction\":[{\"@type\":\"ReadAction\",\"target\":[\"https:\\\/\\\/www.4h.se\\\/arsta\\\/hastar-belinda\\\/\"]}]},{\"@type\":\"BreadcrumbList\",\"@id\":\"https:\\\/\\\/www.4h.se\\\/arsta\\\/hastar-belinda\\\/#breadcrumb\",\"itemListElement\":[{\"@type\":\"ListItem\",\"position\":1,\"name\":\"Hem\",\"item\":\"https:\\\/\\\/www.4h.se\\\/arsta\\\/\"},{\"@type\":\"ListItem\",\"position\":2,\"name\":\"H\u00e4star &#8211; Belinda\"}]},{\"@type\":\"WebSite\",\"@id\":\"https:\\\/\\\/www.4h.se\\\/arsta\\\/#website\",\"url\":\"https:\\\/\\\/www.4h.se\\\/arsta\\\/\",\"name\":\"\u00c5rsta 4H-g\u00e5rd\",\"description\":\"L\u00e4ra genom att g\u00f6ra\",\"potentialAction\":[{\"@type\":\"SearchAction\",\"target\":{\"@type\":\"EntryPoint\",\"urlTemplate\":\"https:\\\/\\\/www.4h.se\\\/arsta\\\/?s={search_term_string}\"},\"query-input\":{\"@type\":\"PropertyValueSpecification\",\"valueRequired\":true,\"valueName\":\"search_term_string\"}}],\"inLanguage\":\"sv-SE\"}]}<\/script>\n<!-- \/ Yoast SEO plugin. -->","yoast_head_json":{"title":"H\u00e4star - Belinda - \u00c5rsta 4H-g\u00e5rd","robots":{"index":"index","follow":"follow","max-snippet":"max-snippet:-1","max-image-preview":"max-image-preview:large","max-video-preview":"max-video-preview:-1"},"canonical":"https:\/\/www.4h.se\/arsta\/hastar-belinda\/","og_locale":"sv_SE","og_type":"article","og_title":"H\u00e4star - Belinda - \u00c5rsta 4H-g\u00e5rd","og_description":"[vc_row][vc_column width=&#8221;1\/2&#8243;][vc_column_text css=&#8221;&#8221;] Belinda [\/vc_column_text][vc_row_inner][vc_column_inner width=&#8221;1\/2&#8243;][vc_toggle title=&#8221;Namn&#8221; style=&#8221;rounded&#8221; color=&#8221;green&#8221; open=&#8221;true&#8221; css_animation=&#8221;bounceIn&#8221; css=&#8221;&#8221;]Belinda[\/vc_toggle][vc_toggle title=&#8221;Ras&#8221; style=&#8221;rounded&#8221; color=&#8221;peacoc&#8221; open=&#8221;true&#8221; css_animation=&#8221;bounceIn&#8221; css=&#8221;&#8221;]Norsk fjordh\u00e4st[\/vc_toggle][vc_toggle title=&#8221;K\u00f6n&#8221; style=&#8221;rounded&#8221; color=&#8221;orange&#8221; open=&#8221;true&#8221; css_animation=&#8221;bounceIn&#8221; css=&#8221;&#8221;]Sto[\/vc_toggle][\/vc_column_inner][vc_column_inner width=&#8221;1\/2&#8243;][vc_toggle title=&#8221;F\u00e4rg&#8221; style=&#8221;rounded&#8221; color=&#8221;green&#8221; open=&#8221;true&#8221; css_animation=&#8221;bounceIn&#8221; css=&#8221;&#8221;]Ljusbrunblack[\/vc_toggle][vc_toggle title=&#8221;F\u00f6delse\u00e5r&#8221; style=&#8221;rounded&#8221; color=&#8221;peacoc&#8221; open=&#8221;true&#8221; css_animation=&#8221;bounceIn&#8221; css=&#8221;&#8221;]2008[\/vc_toggle][vc_toggle title=&#8221;Mankh\u00f6jd&#8221; style=&#8221;rounded&#8221; color=&#8221;orange&#8221; open=&#8221;true&#8221; css_animation=&#8221;bounceIn&#8221; css=&#8221;&#8221;]138 cm[\/vc_toggle][\/vc_column_inner][\/vc_row_inner][\/vc_column][vc_column width=&#8221;1\/2&#8243;][vc_single_image image=&#8221;1955&#8243; img_size=&#8221;550&#215;550&#8243; style=&#8221;vc_box_rounded&#8221; css=&#8221;&#8221;][\/vc_column][\/vc_row]","og_url":"https:\/\/www.4h.se\/arsta\/hastar-belinda\/","og_site_name":"\u00c5rsta 4H-g\u00e5rd","article_publisher":"https:\/\/www.facebook.com\/arsta4H\/","article_modified_time":"2025-10-14T12:46:21+00:00","twitter_card":"summary_large_image","schema":{"@context":"https:\/\/schema.org","@graph":[{"@type":"WebPage","@id":"https:\/\/www.4h.se\/arsta\/hastar-belinda\/","url":"https:\/\/www.4h.se\/arsta\/hastar-belinda\/","name":"H\u00e4star - Belinda - \u00c5rsta 4H-g\u00e5rd","isPartOf":{"@id":"https:\/\/www.4h.se\/arsta\/#website"},"datePublished":"2022-09-02T08:57:19+00:00","dateModified":"2025-10-14T12:46:21+00:00","breadcrumb":{"@id":"https:\/\/www.4h.se\/arsta\/hastar-belinda\/#breadcrumb"},"inLanguage":"sv-SE","potentialAction":[{"@type":"ReadAction","target":["https:\/\/www.4h.se\/arsta\/hastar-belinda\/"]}]},{"@type":"BreadcrumbList","@id":"https:\/\/www.4h.se\/arsta\/hastar-belinda\/#breadcrumb","itemListElement":[{"@type":"ListItem","position":1,"name":"Hem","item":"https:\/\/www.4h.se\/arsta\/"},{"@type":"ListItem","position":2,"name":"H\u00e4star &#8211; Belinda"}]},{"@type":"WebSite","@id":"https:\/\/www.4h.se\/arsta\/#website","url":"https:\/\/www.4h.se\/arsta\/","name":"\u00c5rsta 4H-g\u00e5rd","description":"L\u00e4ra genom att g\u00f6ra","potentialAction":[{"@type":"SearchAction","target":{"@type":"EntryPoint","urlTemplate":"https:\/\/www.4h.se\/arsta\/?s={search_term_string}"},"query-input":{"@type":"PropertyValueSpecification","valueRequired":true,"valueName":"search_term_string"}}],"inLanguage":"sv-SE"}]}},"_links":{"self":[{"href":"https:\/\/www.4h.se\/arsta\/wp-json\/wp\/v2\/pages\/1224","targetHints":{"allow":["GET"]}}],"collection":[{"href":"https:\/\/www.4h.se\/arsta\/wp-json\/wp\/v2\/pages"}],"about":[{"href":"https:\/\/www.4h.se\/arsta\/wp-json\/wp\/v2\/types\/page"}],"author":[{"embeddable":true,"href":"https:\/\/www.4h.se\/arsta\/wp-json\/wp\/v2\/users\/83"}],"replies":[{"embeddable":true,"href":"https:\/\/www.4h.se\/arsta\/wp-json\/wp\/v2\/comments?post=1224"}],"version-history":[{"count":0,"href":"https:\/\/www.4h.se\/arsta\/wp-json\/wp\/v2\/pages\/1224\/revisions"}],"wp:attachment":[{"href":"https:\/\/www.4h.se\/arsta\/wp-json\/wp\/v2\/media?parent=1224"}],"curies":[{"name":"wp","href":"https:\/\/api.w.org\/{rel}","templated":true}]}}