



{"id":358,"date":"2015-12-16T23:15:21","date_gmt":"2015-12-16T22:15:21","guid":{"rendered":"http:\/\/www.4h.se\/mall\/?page_id=358"},"modified":"2022-01-21T18:31:44","modified_gmt":"2022-01-21T17:31:44","slug":"styrelsemedlemmar","status":"publish","type":"page","link":"https:\/\/www.4h.se\/angsklockan\/styrelsemedlemmar\/","title":{"rendered":"Styrelsemedlemmar"},"content":{"rendered":"<div class=\"wpb-content-wrapper\"><p>[vc_row][vc_column][vc_column_text]<span style=\"color: #000000\"><span style=\"font-family: -webkit-standard, serif\"><span style=\"font-size: large\"><b>\u00c4ngsklockans 4Hs styrelse<\/b><\/span><\/span><\/span><\/p>\n<p><span style=\"color: #000000;font-family: -webkit-standard, serif;font-size: large\"><b>Ordf\u00f6rande<\/b><\/span><\/p>\n<p><span style=\"color: #000000\"><span style=\"font-family: -webkit-standard, serif\"><span style=\"font-size: large\">Pia Webb<\/span><\/span><\/span><\/p>\n<p>Telefon: 0720-413684<\/p>\n<p>E-post: pia@piawebb.com[\/vc_column_text][\/vc_column][\/vc_row]<\/p>\n<\/div>","protected":false},"excerpt":{"rendered":"<p>[vc_row][vc_column][vc_column_text]\u00c4ngsklockans 4Hs styrelse Ordf\u00f6rande Pia Webb Telefon: 0720-413684 E-post: pia@piawebb.com[\/vc_column_text][\/vc_column][\/vc_row]<\/p>\n","protected":false},"author":36,"featured_media":0,"parent":0,"menu_order":0,"comment_status":"closed","ping_status":"closed","template":"","meta":{"_acf_changed":false,"footnotes":""},"class_list":["post-358","page","type-page","status-publish","hentry"],"acf":[],"yoast_head":"<!-- This site is optimized with the Yoast SEO plugin v27.5 - https:\/\/yoast.com\/product\/yoast-seo-wordpress\/ -->\n<title>Styrelsemedlemmar - \u00c4ngsklockans 4H-klubb<\/title>\n<meta name=\"robots\" content=\"index, follow, max-snippet:-1, max-image-preview:large, max-video-preview:-1\" \/>\n<link rel=\"canonical\" href=\"https:\/\/www.4h.se\/angsklockan\/styrelsemedlemmar\/\" \/>\n<meta property=\"og:locale\" content=\"sv_SE\" \/>\n<meta property=\"og:type\" content=\"article\" \/>\n<meta property=\"og:title\" content=\"Styrelsemedlemmar - \u00c4ngsklockans 4H-klubb\" \/>\n<meta property=\"og:description\" content=\"[vc_row][vc_column][vc_column_text]\u00c4ngsklockans 4Hs styrelse Ordf\u00f6rande Pia Webb Telefon: 0720-413684 E-post: pia@piawebb.com[\/vc_column_text][\/vc_column][\/vc_row]\" \/>\n<meta property=\"og:url\" content=\"https:\/\/www.4h.se\/angsklockan\/styrelsemedlemmar\/\" \/>\n<meta property=\"og:site_name\" content=\"\u00c4ngsklockans 4H-klubb\" \/>\n<meta property=\"article:modified_time\" content=\"2022-01-21T17:31:44+00:00\" \/>\n<meta name=\"twitter:card\" content=\"summary_large_image\" \/>\n<script type=\"application\/ld+json\" class=\"yoast-schema-graph\">{\"@context\":\"https:\\\/\\\/schema.org\",\"@graph\":[{\"@type\":\"WebPage\",\"@id\":\"https:\\\/\\\/www.4h.se\\\/angsklockan\\\/styrelsemedlemmar\\\/\",\"url\":\"https:\\\/\\\/www.4h.se\\\/angsklockan\\\/styrelsemedlemmar\\\/\",\"name\":\"Styrelsemedlemmar - \u00c4ngsklockans 4H-klubb\",\"isPartOf\":{\"@id\":\"https:\\\/\\\/www.4h.se\\\/angsklockan\\\/#website\"},\"datePublished\":\"2015-12-16T22:15:21+00:00\",\"dateModified\":\"2022-01-21T17:31:44+00:00\",\"breadcrumb\":{\"@id\":\"https:\\\/\\\/www.4h.se\\\/angsklockan\\\/styrelsemedlemmar\\\/#breadcrumb\"},\"inLanguage\":\"sv-SE\",\"potentialAction\":[{\"@type\":\"ReadAction\",\"target\":[\"https:\\\/\\\/www.4h.se\\\/angsklockan\\\/styrelsemedlemmar\\\/\"]}]},{\"@type\":\"BreadcrumbList\",\"@id\":\"https:\\\/\\\/www.4h.se\\\/angsklockan\\\/styrelsemedlemmar\\\/#breadcrumb\",\"itemListElement\":[{\"@type\":\"ListItem\",\"position\":1,\"name\":\"Hem\",\"item\":\"https:\\\/\\\/www.4h.se\\\/angsklockan\\\/\"},{\"@type\":\"ListItem\",\"position\":2,\"name\":\"Styrelsemedlemmar\"}]},{\"@type\":\"WebSite\",\"@id\":\"https:\\\/\\\/www.4h.se\\\/angsklockan\\\/#website\",\"url\":\"https:\\\/\\\/www.4h.se\\\/angsklockan\\\/\",\"name\":\"\u00c4ngsklockans 4H-klubb\",\"description\":\"Motto: L\u00e4ra genom att g\u00f6ra\",\"potentialAction\":[{\"@type\":\"SearchAction\",\"target\":{\"@type\":\"EntryPoint\",\"urlTemplate\":\"https:\\\/\\\/www.4h.se\\\/angsklockan\\\/?s={search_term_string}\"},\"query-input\":{\"@type\":\"PropertyValueSpecification\",\"valueRequired\":true,\"valueName\":\"search_term_string\"}}],\"inLanguage\":\"sv-SE\"}]}<\/script>\n<!-- \/ Yoast SEO plugin. -->","yoast_head_json":{"title":"Styrelsemedlemmar - \u00c4ngsklockans 4H-klubb","robots":{"index":"index","follow":"follow","max-snippet":"max-snippet:-1","max-image-preview":"max-image-preview:large","max-video-preview":"max-video-preview:-1"},"canonical":"https:\/\/www.4h.se\/angsklockan\/styrelsemedlemmar\/","og_locale":"sv_SE","og_type":"article","og_title":"Styrelsemedlemmar - \u00c4ngsklockans 4H-klubb","og_description":"[vc_row][vc_column][vc_column_text]\u00c4ngsklockans 4Hs styrelse Ordf\u00f6rande Pia Webb Telefon: 0720-413684 E-post: pia@piawebb.com[\/vc_column_text][\/vc_column][\/vc_row]","og_url":"https:\/\/www.4h.se\/angsklockan\/styrelsemedlemmar\/","og_site_name":"\u00c4ngsklockans 4H-klubb","article_modified_time":"2022-01-21T17:31:44+00:00","twitter_card":"summary_large_image","schema":{"@context":"https:\/\/schema.org","@graph":[{"@type":"WebPage","@id":"https:\/\/www.4h.se\/angsklockan\/styrelsemedlemmar\/","url":"https:\/\/www.4h.se\/angsklockan\/styrelsemedlemmar\/","name":"Styrelsemedlemmar - \u00c4ngsklockans 4H-klubb","isPartOf":{"@id":"https:\/\/www.4h.se\/angsklockan\/#website"},"datePublished":"2015-12-16T22:15:21+00:00","dateModified":"2022-01-21T17:31:44+00:00","breadcrumb":{"@id":"https:\/\/www.4h.se\/angsklockan\/styrelsemedlemmar\/#breadcrumb"},"inLanguage":"sv-SE","potentialAction":[{"@type":"ReadAction","target":["https:\/\/www.4h.se\/angsklockan\/styrelsemedlemmar\/"]}]},{"@type":"BreadcrumbList","@id":"https:\/\/www.4h.se\/angsklockan\/styrelsemedlemmar\/#breadcrumb","itemListElement":[{"@type":"ListItem","position":1,"name":"Hem","item":"https:\/\/www.4h.se\/angsklockan\/"},{"@type":"ListItem","position":2,"name":"Styrelsemedlemmar"}]},{"@type":"WebSite","@id":"https:\/\/www.4h.se\/angsklockan\/#website","url":"https:\/\/www.4h.se\/angsklockan\/","name":"\u00c4ngsklockans 4H-klubb","description":"Motto: L\u00e4ra genom att g\u00f6ra","potentialAction":[{"@type":"SearchAction","target":{"@type":"EntryPoint","urlTemplate":"https:\/\/www.4h.se\/angsklockan\/?s={search_term_string}"},"query-input":{"@type":"PropertyValueSpecification","valueRequired":true,"valueName":"search_term_string"}}],"inLanguage":"sv-SE"}]}},"_links":{"self":[{"href":"https:\/\/www.4h.se\/angsklockan\/wp-json\/wp\/v2\/pages\/358","targetHints":{"allow":["GET"]}}],"collection":[{"href":"https:\/\/www.4h.se\/angsklockan\/wp-json\/wp\/v2\/pages"}],"about":[{"href":"https:\/\/www.4h.se\/angsklockan\/wp-json\/wp\/v2\/types\/page"}],"author":[{"embeddable":true,"href":"https:\/\/www.4h.se\/angsklockan\/wp-json\/wp\/v2\/users\/36"}],"replies":[{"embeddable":true,"href":"https:\/\/www.4h.se\/angsklockan\/wp-json\/wp\/v2\/comments?post=358"}],"version-history":[{"count":0,"href":"https:\/\/www.4h.se\/angsklockan\/wp-json\/wp\/v2\/pages\/358\/revisions"}],"wp:attachment":[{"href":"https:\/\/www.4h.se\/angsklockan\/wp-json\/wp\/v2\/media?parent=358"}],"curies":[{"name":"wp","href":"https:\/\/api.w.org\/{rel}","templated":true}]}}