



{"id":701,"date":"2017-01-10T16:14:55","date_gmt":"2017-01-10T15:14:55","guid":{"rendered":"http:\/\/www.4h.se\/almvik\/?page_id=701"},"modified":"2025-07-19T18:58:49","modified_gmt":"2025-07-19T16:58:49","slug":"kvallsoppet-2","status":"publish","type":"page","link":"https:\/\/www.4h.se\/almvik\/kvallsoppet-2\/","title":{"rendered":"Kv\u00e4lls\u00f6ppet"},"content":{"rendered":"<div class=\"wpb-content-wrapper\"><p>[vc_row][vc_column][vc_column_text css=&#8221;&#8221;]<\/p>\n<h2 align=\"center\"><span style=\"color: #008000;\"><strong>KV\u00c4LLS\u00d6PPET Ht-25<\/strong><\/span><\/h2>\n<p>&nbsp;<\/p>\n<h3><span style=\"color: #008000;\"><strong>F\u00f6r medlemmar i Almviks 4H-klubb som fyller 7 \u00e5r och upp\u00e5t under innevarande \u00e5r.<\/strong><\/span><\/h3>\n<p>&nbsp;<\/p>\n<h4><strong><span style=\"color: #008000;\">Anm\u00e4lan till Kv\u00e4lls\u00f6ppet g\u00f6rs via<\/span> <a href=\"https:\/\/www.antribe.com\/org\/4h\/almviks-4h\/event\" target=\"_blank\" rel=\"noopener\">Antribe<\/a>.&nbsp;<\/strong><\/h4>\n<p>&nbsp;<\/p>\n<p>&nbsp;<\/p>\n<p><b>KV\u00c4LLS\u00d6PPET &#8211; grupp 1&nbsp;<\/b>\ud83c\udf19<\/p>\n<p>Denna aktivitet \u00e4r f\u00f6r medlemmar. Man f\u00e5r endast vara med p\u00e5 ett \u201dKv\u00e4lls\u00f6ppet\u201d per termin.<\/p>\n<p>Denna termin vill vi g\u00e4rna ha hj\u00e4lp av f\u00f6r\u00e4ldrarna. Fyll i alla datum ni kan n\u00e4rvara. En f\u00f6r\u00e4lder per barn f\u00e5r 1 dag.<\/p>\n<p><b>DAG:<\/b>&nbsp;7 x M\u00e5ndagar kl 17:00-19:45, 1 sep &#8211; 13 okt<\/p>\n<p><b>PLATS:<\/b>&nbsp;I 4H-ladan<\/p>\n<p><b>\u00c5LDER:<\/b>&nbsp;7 \u00e5r (f\u00f6dd 2018) och upp\u00e5t<\/p>\n<p><b>PRIS:&nbsp;<\/b>250 kr<\/p>\n<p><i>(Om du inte redan \u00e4r medlem tillkommer kostnad p\u00e5 350 kr f\u00f6r medlemskap 2025. Separat faktura mailas ut<\/i><i>&nbsp;vid anm\u00e4lan.)<\/i><\/p>\n<p><b>LEDARE:&nbsp;<\/b>Joakim + f\u00f6r\u00e4ldrar<\/p>\n<p><b>TEL.NR:<\/b>&nbsp;0732-75 11 25 (Detta nummer g\u00e4ller enbart under aktivitetstiden.)<\/p>\n<p>Vi uppskattar att man ringer och meddelar om inte barnet\/barnen kommer, senast samma dag kl 12:00 p\u00e5 tel. nr. 040-19 00 00 eller via mail; almvik@4h.se.<\/p>\n<p><b>Aktivitetsinneh\u00e5ll:<\/b><br \/>\n\ud83c\udf19 Kv\u00e4lls\u00f6ppet \u00e4r en kreativ och rolig kv\u00e4llsgrupp d\u00e4r medlemmar f\u00e5r tr\u00e4ffas efter skolan, umg\u00e5s och g\u00f6ra sp\u00e4nnande saker tillsammans.<\/p>\n<p>\ud83c\udf7d Vi b\u00f6rjar alltid kv\u00e4llen med att \u00e4ta tillsammans, vilket ger en sk\u00f6n stund att landa och l\u00e4ra k\u00e4nna varandra b\u00e4ttre.&nbsp;<i>(Egen mats\u00e4ck tas med, f\u00f6rutom den 6 okt d\u00e5 vi lagar mat tillsammans.)<\/i><\/p>\n<p>\ud83c\udf4f H i 4H st\u00e5r f\u00f6r H\u00c4LSA. S\u00e5 undvik att ta med&nbsp;l\u00e4sk, kakor och annat s\u00f6tt.<\/p>\n<p>\ud83c\udfe0 M\u00e5nga av kv\u00e4llens aktiviteter sker i Ladan \u2013 ett mysigt hus bredvid stallet d\u00e4r vi kan pyssla, skapa, spela spel och ha kul! Genom varierade aktiviteter f\u00e5r alla m\u00f6jlighet att prova p\u00e5 olika s\u00e4tt att uttrycka sig, samarbeta, ta ansvar och skapa nya v\u00e4nskaper. N\u00e4r det blir tid \u00f6ver myser vi med g\u00e5rdens djur i stallet.<\/p>\n<p><b>Aktivitetsm\u00e5l:<\/b><\/p>\n<p>Att skapa en trygg och peppande plats d\u00e4r barn och ungdomar kan utvecklas, ha kul, tr\u00e4ffa nya v\u00e4nner och f\u00e5 m\u00f6jlighet att prova nya saker \u2013 allt i en varm och respektfull milj\u00f6.<\/p>\n<p><b>Schema f\u00f6r ht-25<\/b><\/p>\n<p>1 sept: T\u00e5rtbakart\u00e4vling och djurmys<\/p>\n<p>8 sept: Spelkv\u00e4ll<\/p>\n<p>15 sept: Fix inf\u00f6r 4H-dagen<\/p>\n<p>22 sept: Pyssel<\/p>\n<p>29 sept: Filmkv\u00e4ll<\/p>\n<p>6 okt: Matlagning (ta inte med egen mats\u00e4ck)<\/p>\n<p>13 okt: Avslutning med eget upptr\u00e4de<\/p>\n<p>&nbsp;<\/p>\n<p>&nbsp;<\/p>\n<p><b>KV\u00c4LLS\u00d6PPET &#8211; grupp 2&nbsp;<\/b>\ud83c\udf19<\/p>\n<p>Denna aktivitet \u00e4r f\u00f6r medlemmar. Man f\u00e5r endast vara med p\u00e5 ett \u201dKv\u00e4lls\u00f6ppet\u201d per termin.<\/p>\n<p>Denna termin vill vi g\u00e4rna ha hj\u00e4lp av f\u00f6r\u00e4ldrarna. Fyll i alla datum ni kan n\u00e4rvara. En f\u00f6r\u00e4lder per barn f\u00e5r 1 dag.<\/p>\n<p><b>DAG:<\/b>&nbsp;7 x M\u00e5ndagar kl 17:00-19:45, 20 okt &#8211; 8 dec (ej 27 okt)<\/p>\n<p><b>PLATS:<\/b>&nbsp;I 4H-ladan<\/p>\n<p><b>\u00c5LDER:<\/b>&nbsp;7 \u00e5r (f\u00f6dd 2018) och upp\u00e5t<\/p>\n<p><b>PRIS:&nbsp;<\/b>250 kr<\/p>\n<p><i>(Om du inte redan \u00e4r medlem tillkommer kostnad p\u00e5 350 kr f\u00f6r medlemskap 2025. Separat faktura mailas ut vid anm\u00e4lan.)<\/i><\/p>\n<p><b>LEDARE:&nbsp;<\/b>Joakim + f\u00f6r\u00e4ldrar<\/p>\n<p><b>TEL.NR:<\/b>&nbsp;0732-75 11 25 (Detta nummer g\u00e4ller enbart under aktivitetstiden.)<\/p>\n<p>Vi uppskattar att man ringer och meddelar om inte barnet\/barnen kommer, senast samma dag kl 12:00 p\u00e5 tel. nr. 040-19 00 00 eller via mail; almvik@4h.se.<\/p>\n<p><b>Aktivitetsinneh\u00e5ll:<\/b><br \/>\n\ud83c\udf19 Kv\u00e4lls\u00f6ppet \u00e4r en kreativ och rolig kv\u00e4llsgrupp d\u00e4r medlemmar f\u00e5r tr\u00e4ffas efter skolan, umg\u00e5s och g\u00f6ra sp\u00e4nnande saker tillsammans.<\/p>\n<p>\ud83c\udf7d Vi b\u00f6rjar alltid kv\u00e4llen med att \u00e4ta tillsammans, vilket ger en sk\u00f6n stund att landa och l\u00e4ra k\u00e4nna varandra b\u00e4ttre.&nbsp;<i>(Egen mats\u00e4ck tas med, f\u00f6rutom den 1 dec d\u00e5 vi lagar mat tillsammans.)<\/i><\/p>\n<p>\ud83c\udf4f H i 4H st\u00e5r f\u00f6r H\u00c4LSA. S\u00e5 undvik att ta med&nbsp;l\u00e4sk, kakor och annat s\u00f6tt.<\/p>\n<p>\ud83c\udfe0 M\u00e5nga av kv\u00e4llens aktiviteter sker i Ladan \u2013 ett mysigt hus bredvid stallet d\u00e4r vi kan pyssla, skapa, spela spel och ha kul! Genom varierade aktiviteter f\u00e5r alla m\u00f6jlighet att prova p\u00e5 olika s\u00e4tt att uttrycka sig, samarbeta, ta ansvar och skapa nya v\u00e4nskaper. N\u00e4r det blir tid \u00f6ver myser vi med g\u00e5rdens djur i stallet.<\/p>\n<p><b>Aktivitetsm\u00e5l:<\/b><br \/>\nAtt skapa en trygg och peppande plats d\u00e4r barn och ungdomar kan utvecklas, ha kul, tr\u00e4ffa nya v\u00e4nner och f\u00e5 m\u00f6jlighet att prova nya saker \u2013 allt i en varm och respektfull milj\u00f6.<\/p>\n<p><b>Schema f\u00f6r ht-25<\/b><\/p>\n<p>20 okt: T\u00e5rtbakart\u00e4vling och djurmys<\/p>\n<p>27 okt: H\u00d6STLOV, inget kv\u00e4lls\u00f6ppet<\/p>\n<p>3 nov: Spelkv\u00e4ll<\/p>\n<p>10 nov: Fix hos djuren<\/p>\n<p>17 nov: Pyssel<\/p>\n<p>24 nov: Filmkv\u00e4ll<\/p>\n<p>1 dec: Matlagning (ta inte med egen mats\u00e4ck)<\/p>\n<p>8 dec: Avslutning med eget upptr\u00e4de[\/vc_column_text][\/vc_column][\/vc_row]<\/p>\n<\/div>","protected":false},"excerpt":{"rendered":"<p>[vc_row][vc_column][vc_column_text css=&#8221;&#8221;] KV\u00c4LLS\u00d6PPET Ht-25 &nbsp; F\u00f6r medlemmar i Almviks 4H-klubb som fyller 7 \u00e5r och upp\u00e5t under innevarande \u00e5r. &nbsp; Anm\u00e4lan till Kv\u00e4lls\u00f6ppet g\u00f6rs via Antribe.&nbsp; &nbsp; &nbsp; KV\u00c4LLS\u00d6PPET &#8211; grupp 1&nbsp;\ud83c\udf19 Denna aktivitet \u00e4r f\u00f6r medlemmar. Man f\u00e5r endast vara med p\u00e5 ett \u201dKv\u00e4lls\u00f6ppet\u201d per termin. Denna termin vill vi g\u00e4rna ha hj\u00e4lp av&nbsp; <a href=\"https:\/\/www.4h.se\/almvik\/kvallsoppet-2\/\">&hellip; Read more <i class=\"glyphicon glyphicon-arrow-right\"><\/i><\/a><\/p>\n","protected":false},"author":62,"featured_media":0,"parent":0,"menu_order":1,"comment_status":"closed","ping_status":"closed","template":"","meta":{"footnotes":""},"class_list":["post-701","page","type-page","status-publish","hentry"],"yoast_head":"<!-- This site is optimized with the Yoast SEO plugin v27.4 - https:\/\/yoast.com\/product\/yoast-seo-wordpress\/ -->\n<title>Kv\u00e4lls\u00f6ppet - Almviks 4H-g\u00e5rd<\/title>\n<meta name=\"robots\" content=\"index, follow, max-snippet:-1, max-image-preview:large, max-video-preview:-1\" \/>\n<link rel=\"canonical\" href=\"https:\/\/www.4h.se\/almvik\/kvallsoppet-2\/\" \/>\n<meta property=\"og:locale\" content=\"sv_SE\" \/>\n<meta property=\"og:type\" content=\"article\" \/>\n<meta property=\"og:title\" content=\"Kv\u00e4lls\u00f6ppet - Almviks 4H-g\u00e5rd\" \/>\n<meta property=\"og:description\" content=\"[vc_row][vc_column][vc_column_text css=&#8221;&#8221;] KV\u00c4LLS\u00d6PPET Ht-25 &nbsp; F\u00f6r medlemmar i Almviks 4H-klubb som fyller 7 \u00e5r och upp\u00e5t under innevarande \u00e5r. &nbsp; Anm\u00e4lan till Kv\u00e4lls\u00f6ppet g\u00f6rs via Antribe.&nbsp; &nbsp; &nbsp; KV\u00c4LLS\u00d6PPET &#8211; grupp 1&nbsp;\ud83c\udf19 Denna aktivitet \u00e4r f\u00f6r medlemmar. Man f\u00e5r endast vara med p\u00e5 ett \u201dKv\u00e4lls\u00f6ppet\u201d per termin. Denna termin vill vi g\u00e4rna ha hj\u00e4lp av&nbsp; &hellip; Read more\" \/>\n<meta property=\"og:url\" content=\"https:\/\/www.4h.se\/almvik\/kvallsoppet-2\/\" \/>\n<meta property=\"og:site_name\" content=\"Almviks 4H-g\u00e5rd\" \/>\n<meta property=\"article:publisher\" content=\"https:\/\/www.facebook.com\/Almviks4Hgard\/\" \/>\n<meta property=\"article:modified_time\" content=\"2025-07-19T16:58:49+00:00\" \/>\n<meta name=\"twitter:card\" content=\"summary_large_image\" \/>\n<meta name=\"twitter:label1\" content=\"Ber\u00e4knad l\u00e4stid\" \/>\n\t<meta name=\"twitter:data1\" content=\"4 minuter\" \/>\n<script type=\"application\/ld+json\" class=\"yoast-schema-graph\">{\"@context\":\"https:\\\/\\\/schema.org\",\"@graph\":[{\"@type\":\"WebPage\",\"@id\":\"https:\\\/\\\/www.4h.se\\\/almvik\\\/kvallsoppet-2\\\/\",\"url\":\"https:\\\/\\\/www.4h.se\\\/almvik\\\/kvallsoppet-2\\\/\",\"name\":\"Kv\u00e4lls\u00f6ppet - Almviks 4H-g\u00e5rd\",\"isPartOf\":{\"@id\":\"https:\\\/\\\/www.4h.se\\\/almvik\\\/#website\"},\"datePublished\":\"2017-01-10T15:14:55+00:00\",\"dateModified\":\"2025-07-19T16:58:49+00:00\",\"breadcrumb\":{\"@id\":\"https:\\\/\\\/www.4h.se\\\/almvik\\\/kvallsoppet-2\\\/#breadcrumb\"},\"inLanguage\":\"sv-SE\",\"potentialAction\":[{\"@type\":\"ReadAction\",\"target\":[\"https:\\\/\\\/www.4h.se\\\/almvik\\\/kvallsoppet-2\\\/\"]}]},{\"@type\":\"BreadcrumbList\",\"@id\":\"https:\\\/\\\/www.4h.se\\\/almvik\\\/kvallsoppet-2\\\/#breadcrumb\",\"itemListElement\":[{\"@type\":\"ListItem\",\"position\":1,\"name\":\"Hem\",\"item\":\"https:\\\/\\\/www.4h.se\\\/almvik\\\/\"},{\"@type\":\"ListItem\",\"position\":2,\"name\":\"Kv\u00e4lls\u00f6ppet\"}]},{\"@type\":\"WebSite\",\"@id\":\"https:\\\/\\\/www.4h.se\\\/almvik\\\/#website\",\"url\":\"https:\\\/\\\/www.4h.se\\\/almvik\\\/\",\"name\":\"Almviks 4H-g\u00e5rd\",\"description\":\"\",\"potentialAction\":[{\"@type\":\"SearchAction\",\"target\":{\"@type\":\"EntryPoint\",\"urlTemplate\":\"https:\\\/\\\/www.4h.se\\\/almvik\\\/?s={search_term_string}\"},\"query-input\":{\"@type\":\"PropertyValueSpecification\",\"valueRequired\":true,\"valueName\":\"search_term_string\"}}],\"inLanguage\":\"sv-SE\"}]}<\/script>\n<!-- \/ Yoast SEO plugin. -->","yoast_head_json":{"title":"Kv\u00e4lls\u00f6ppet - Almviks 4H-g\u00e5rd","robots":{"index":"index","follow":"follow","max-snippet":"max-snippet:-1","max-image-preview":"max-image-preview:large","max-video-preview":"max-video-preview:-1"},"canonical":"https:\/\/www.4h.se\/almvik\/kvallsoppet-2\/","og_locale":"sv_SE","og_type":"article","og_title":"Kv\u00e4lls\u00f6ppet - Almviks 4H-g\u00e5rd","og_description":"[vc_row][vc_column][vc_column_text css=&#8221;&#8221;] KV\u00c4LLS\u00d6PPET Ht-25 &nbsp; F\u00f6r medlemmar i Almviks 4H-klubb som fyller 7 \u00e5r och upp\u00e5t under innevarande \u00e5r. &nbsp; Anm\u00e4lan till Kv\u00e4lls\u00f6ppet g\u00f6rs via Antribe.&nbsp; &nbsp; &nbsp; KV\u00c4LLS\u00d6PPET &#8211; grupp 1&nbsp;\ud83c\udf19 Denna aktivitet \u00e4r f\u00f6r medlemmar. Man f\u00e5r endast vara med p\u00e5 ett \u201dKv\u00e4lls\u00f6ppet\u201d per termin. Denna termin vill vi g\u00e4rna ha hj\u00e4lp av&nbsp; &hellip; Read more","og_url":"https:\/\/www.4h.se\/almvik\/kvallsoppet-2\/","og_site_name":"Almviks 4H-g\u00e5rd","article_publisher":"https:\/\/www.facebook.com\/Almviks4Hgard\/","article_modified_time":"2025-07-19T16:58:49+00:00","twitter_card":"summary_large_image","twitter_misc":{"Ber\u00e4knad l\u00e4stid":"4 minuter"},"schema":{"@context":"https:\/\/schema.org","@graph":[{"@type":"WebPage","@id":"https:\/\/www.4h.se\/almvik\/kvallsoppet-2\/","url":"https:\/\/www.4h.se\/almvik\/kvallsoppet-2\/","name":"Kv\u00e4lls\u00f6ppet - Almviks 4H-g\u00e5rd","isPartOf":{"@id":"https:\/\/www.4h.se\/almvik\/#website"},"datePublished":"2017-01-10T15:14:55+00:00","dateModified":"2025-07-19T16:58:49+00:00","breadcrumb":{"@id":"https:\/\/www.4h.se\/almvik\/kvallsoppet-2\/#breadcrumb"},"inLanguage":"sv-SE","potentialAction":[{"@type":"ReadAction","target":["https:\/\/www.4h.se\/almvik\/kvallsoppet-2\/"]}]},{"@type":"BreadcrumbList","@id":"https:\/\/www.4h.se\/almvik\/kvallsoppet-2\/#breadcrumb","itemListElement":[{"@type":"ListItem","position":1,"name":"Hem","item":"https:\/\/www.4h.se\/almvik\/"},{"@type":"ListItem","position":2,"name":"Kv\u00e4lls\u00f6ppet"}]},{"@type":"WebSite","@id":"https:\/\/www.4h.se\/almvik\/#website","url":"https:\/\/www.4h.se\/almvik\/","name":"Almviks 4H-g\u00e5rd","description":"","potentialAction":[{"@type":"SearchAction","target":{"@type":"EntryPoint","urlTemplate":"https:\/\/www.4h.se\/almvik\/?s={search_term_string}"},"query-input":{"@type":"PropertyValueSpecification","valueRequired":true,"valueName":"search_term_string"}}],"inLanguage":"sv-SE"}]}},"_links":{"self":[{"href":"https:\/\/www.4h.se\/almvik\/wp-json\/wp\/v2\/pages\/701","targetHints":{"allow":["GET"]}}],"collection":[{"href":"https:\/\/www.4h.se\/almvik\/wp-json\/wp\/v2\/pages"}],"about":[{"href":"https:\/\/www.4h.se\/almvik\/wp-json\/wp\/v2\/types\/page"}],"author":[{"embeddable":true,"href":"https:\/\/www.4h.se\/almvik\/wp-json\/wp\/v2\/users\/62"}],"replies":[{"embeddable":true,"href":"https:\/\/www.4h.se\/almvik\/wp-json\/wp\/v2\/comments?post=701"}],"version-history":[{"count":0,"href":"https:\/\/www.4h.se\/almvik\/wp-json\/wp\/v2\/pages\/701\/revisions"}],"wp:attachment":[{"href":"https:\/\/www.4h.se\/almvik\/wp-json\/wp\/v2\/media?parent=701"}],"curies":[{"name":"wp","href":"https:\/\/api.w.org\/{rel}","templated":true}]}}