



{"id":409,"date":"2016-06-06T13:55:58","date_gmt":"2016-06-06T11:55:58","guid":{"rendered":"http:\/\/www.4h.se\/almvik\/?page_id=409"},"modified":"2025-04-01T10:45:15","modified_gmt":"2025-04-01T08:45:15","slug":"almviks-4h-klubb","status":"publish","type":"page","link":"https:\/\/www.4h.se\/almvik\/almviks-4h-klubb\/","title":{"rendered":"Almviks 4H-klubb"},"content":{"rendered":"<div class=\"wpb-content-wrapper\"><p>[vc_row][vc_column width=&#8221;2\/3&#8243;][vc_column_text css=&#8221;&#8221;]<\/p>\n<h2 align=\"center\"><strong><span style=\"color: #008000;\">ALMVIKS 4H-KLUBB<\/span><\/strong><\/h2>\n<p>&nbsp;<\/p>\n<h3><span style=\"color: #008000;\">KLUBBRUM<\/span><\/h3>\n<p>Du som \u00e4r medlem i Almviks 4H-klubb har tillg\u00e5ng till ett klubbrum, d\u00e4r man kan s\u00e4tta sig ner och \u00e4ta sin medhavda mats\u00e4ck.<br \/>\nI klubbrummet finns, f\u00f6rutom sittm\u00f6jligheter, ett kylsk\u00e5p d\u00e4r medlemmarna kan f\u00f6rvara sin mat och dryck. Det finns \u00e4ven en micro, samt 2 toaletter, som \u00e4ven bes\u00f6kare har tillg\u00e5ng till.<br \/>\nI klubbrummet tar alla av sig skorna och plockar undan sina grejer efter sig.<\/p>\n<h3><span style=\"color: #008000;\">4H-F\u00d6RETAG<\/span><\/h3>\n<p>N\u00e4r man har blivit medlem och kommit in i verksamheten, kan man f\u00e5 starta &#8221;eget f\u00f6retag&#8221; genom att t.ex. v\u00e4lja n\u00e5got djur som man vill l\u00e4ra sig lite mer om.<br \/>\nEfter varje g\u00e5ng man har sk\u00f6tt om &#8221;sitt&#8221; djur, skriver man dagbok p\u00e5 det man har gjort och vad man har l\u00e4rt sig. De \u00e4ldre barnen ska \u00e4ven skriva in om man har k\u00f6pt eller s\u00e5lt n\u00e5got, g\u00e4llande djuret. P\u00e5 s\u00e5 s\u00e4tt f\u00e5r barnen och ungdomarna l\u00e4ra sig lite om inkomster och utgifter. Det g\u00e5r \u00e4ven bra att v\u00e4lja ett djur hemifr\u00e5n.<br \/>\nEtt 4H-f\u00f6retag kan ocks\u00e5 handla om hur man odlar fram en viss produkt eller kommer p\u00e5 n\u00e5got festligt pyssel som man kan s\u00e4lja.<br \/>\nP\u00e5 v\u00e5rt \u00d6ppet Hus i September, 4H-dagen, \u00e4r det t\u00e4nkt att man ska st\u00e4lla ut sitt 4H-f\u00f6retag och visa vad man har l\u00e4rt sig under \u00e5ret.<\/p>\n<p>&nbsp;<\/p>\n<p>&nbsp;[\/vc_column_text][\/vc_column][vc_column width=&#8221;1\/3&#8243;][vc_wp_posts number=&#8221;5&#8243;][\/vc_column][\/vc_row]<\/p>\n<\/div>","protected":false},"excerpt":{"rendered":"<p>[vc_row][vc_column width=&#8221;2\/3&#8243;][vc_column_text css=&#8221;&#8221;] ALMVIKS 4H-KLUBB &nbsp; KLUBBRUM Du som \u00e4r medlem i Almviks 4H-klubb har tillg\u00e5ng till ett klubbrum, d\u00e4r man kan s\u00e4tta sig ner och \u00e4ta sin medhavda mats\u00e4ck. I klubbrummet finns, f\u00f6rutom sittm\u00f6jligheter, ett kylsk\u00e5p d\u00e4r medlemmarna kan f\u00f6rvara sin mat och dryck. Det finns \u00e4ven en micro, samt 2 toaletter, som \u00e4ven&nbsp; <a href=\"https:\/\/www.4h.se\/almvik\/almviks-4h-klubb\/\">&hellip; Read more <i class=\"glyphicon glyphicon-arrow-right\"><\/i><\/a><\/p>\n","protected":false},"author":52,"featured_media":0,"parent":0,"menu_order":13,"comment_status":"closed","ping_status":"closed","template":"","meta":{"_acf_changed":false,"footnotes":""},"class_list":["post-409","page","type-page","status-publish","hentry"],"acf":[],"yoast_head":"<!-- This site is optimized with the Yoast SEO plugin v27.5 - https:\/\/yoast.com\/product\/yoast-seo-wordpress\/ -->\n<title>Almviks 4H-klubb - Almviks 4H-g\u00e5rd<\/title>\n<meta name=\"robots\" content=\"index, follow, max-snippet:-1, max-image-preview:large, max-video-preview:-1\" \/>\n<link rel=\"canonical\" href=\"https:\/\/www.4h.se\/almvik\/almviks-4h-klubb\/\" \/>\n<meta property=\"og:locale\" content=\"sv_SE\" \/>\n<meta property=\"og:type\" content=\"article\" \/>\n<meta property=\"og:title\" content=\"Almviks 4H-klubb - Almviks 4H-g\u00e5rd\" \/>\n<meta property=\"og:description\" content=\"[vc_row][vc_column width=&#8221;2\/3&#8243;][vc_column_text css=&#8221;&#8221;] ALMVIKS 4H-KLUBB &nbsp; KLUBBRUM Du som \u00e4r medlem i Almviks 4H-klubb har tillg\u00e5ng till ett klubbrum, d\u00e4r man kan s\u00e4tta sig ner och \u00e4ta sin medhavda mats\u00e4ck. I klubbrummet finns, f\u00f6rutom sittm\u00f6jligheter, ett kylsk\u00e5p d\u00e4r medlemmarna kan f\u00f6rvara sin mat och dryck. Det finns \u00e4ven en micro, samt 2 toaletter, som \u00e4ven&nbsp; &hellip; Read more\" \/>\n<meta property=\"og:url\" content=\"https:\/\/www.4h.se\/almvik\/almviks-4h-klubb\/\" \/>\n<meta property=\"og:site_name\" content=\"Almviks 4H-g\u00e5rd\" \/>\n<meta property=\"article:publisher\" content=\"https:\/\/www.facebook.com\/Almviks4Hgard\/\" \/>\n<meta property=\"article:modified_time\" content=\"2025-04-01T08:45:15+00:00\" \/>\n<meta name=\"twitter:card\" content=\"summary_large_image\" \/>\n<meta name=\"twitter:label1\" content=\"Ber\u00e4knad l\u00e4stid\" \/>\n\t<meta name=\"twitter:data1\" content=\"1 minut\" \/>\n<script type=\"application\/ld+json\" class=\"yoast-schema-graph\">{\"@context\":\"https:\\\/\\\/schema.org\",\"@graph\":[{\"@type\":\"WebPage\",\"@id\":\"https:\\\/\\\/www.4h.se\\\/almvik\\\/almviks-4h-klubb\\\/\",\"url\":\"https:\\\/\\\/www.4h.se\\\/almvik\\\/almviks-4h-klubb\\\/\",\"name\":\"Almviks 4H-klubb - Almviks 4H-g\u00e5rd\",\"isPartOf\":{\"@id\":\"https:\\\/\\\/www.4h.se\\\/almvik\\\/#website\"},\"datePublished\":\"2016-06-06T11:55:58+00:00\",\"dateModified\":\"2025-04-01T08:45:15+00:00\",\"breadcrumb\":{\"@id\":\"https:\\\/\\\/www.4h.se\\\/almvik\\\/almviks-4h-klubb\\\/#breadcrumb\"},\"inLanguage\":\"sv-SE\",\"potentialAction\":[{\"@type\":\"ReadAction\",\"target\":[\"https:\\\/\\\/www.4h.se\\\/almvik\\\/almviks-4h-klubb\\\/\"]}]},{\"@type\":\"BreadcrumbList\",\"@id\":\"https:\\\/\\\/www.4h.se\\\/almvik\\\/almviks-4h-klubb\\\/#breadcrumb\",\"itemListElement\":[{\"@type\":\"ListItem\",\"position\":1,\"name\":\"Hem\",\"item\":\"https:\\\/\\\/www.4h.se\\\/almvik\\\/\"},{\"@type\":\"ListItem\",\"position\":2,\"name\":\"Almviks 4H-klubb\"}]},{\"@type\":\"WebSite\",\"@id\":\"https:\\\/\\\/www.4h.se\\\/almvik\\\/#website\",\"url\":\"https:\\\/\\\/www.4h.se\\\/almvik\\\/\",\"name\":\"Almviks 4H-g\u00e5rd\",\"description\":\"\",\"potentialAction\":[{\"@type\":\"SearchAction\",\"target\":{\"@type\":\"EntryPoint\",\"urlTemplate\":\"https:\\\/\\\/www.4h.se\\\/almvik\\\/?s={search_term_string}\"},\"query-input\":{\"@type\":\"PropertyValueSpecification\",\"valueRequired\":true,\"valueName\":\"search_term_string\"}}],\"inLanguage\":\"sv-SE\"}]}<\/script>\n<!-- \/ Yoast SEO plugin. -->","yoast_head_json":{"title":"Almviks 4H-klubb - Almviks 4H-g\u00e5rd","robots":{"index":"index","follow":"follow","max-snippet":"max-snippet:-1","max-image-preview":"max-image-preview:large","max-video-preview":"max-video-preview:-1"},"canonical":"https:\/\/www.4h.se\/almvik\/almviks-4h-klubb\/","og_locale":"sv_SE","og_type":"article","og_title":"Almviks 4H-klubb - Almviks 4H-g\u00e5rd","og_description":"[vc_row][vc_column width=&#8221;2\/3&#8243;][vc_column_text css=&#8221;&#8221;] ALMVIKS 4H-KLUBB &nbsp; KLUBBRUM Du som \u00e4r medlem i Almviks 4H-klubb har tillg\u00e5ng till ett klubbrum, d\u00e4r man kan s\u00e4tta sig ner och \u00e4ta sin medhavda mats\u00e4ck. I klubbrummet finns, f\u00f6rutom sittm\u00f6jligheter, ett kylsk\u00e5p d\u00e4r medlemmarna kan f\u00f6rvara sin mat och dryck. Det finns \u00e4ven en micro, samt 2 toaletter, som \u00e4ven&nbsp; &hellip; Read more","og_url":"https:\/\/www.4h.se\/almvik\/almviks-4h-klubb\/","og_site_name":"Almviks 4H-g\u00e5rd","article_publisher":"https:\/\/www.facebook.com\/Almviks4Hgard\/","article_modified_time":"2025-04-01T08:45:15+00:00","twitter_card":"summary_large_image","twitter_misc":{"Ber\u00e4knad l\u00e4stid":"1 minut"},"schema":{"@context":"https:\/\/schema.org","@graph":[{"@type":"WebPage","@id":"https:\/\/www.4h.se\/almvik\/almviks-4h-klubb\/","url":"https:\/\/www.4h.se\/almvik\/almviks-4h-klubb\/","name":"Almviks 4H-klubb - Almviks 4H-g\u00e5rd","isPartOf":{"@id":"https:\/\/www.4h.se\/almvik\/#website"},"datePublished":"2016-06-06T11:55:58+00:00","dateModified":"2025-04-01T08:45:15+00:00","breadcrumb":{"@id":"https:\/\/www.4h.se\/almvik\/almviks-4h-klubb\/#breadcrumb"},"inLanguage":"sv-SE","potentialAction":[{"@type":"ReadAction","target":["https:\/\/www.4h.se\/almvik\/almviks-4h-klubb\/"]}]},{"@type":"BreadcrumbList","@id":"https:\/\/www.4h.se\/almvik\/almviks-4h-klubb\/#breadcrumb","itemListElement":[{"@type":"ListItem","position":1,"name":"Hem","item":"https:\/\/www.4h.se\/almvik\/"},{"@type":"ListItem","position":2,"name":"Almviks 4H-klubb"}]},{"@type":"WebSite","@id":"https:\/\/www.4h.se\/almvik\/#website","url":"https:\/\/www.4h.se\/almvik\/","name":"Almviks 4H-g\u00e5rd","description":"","potentialAction":[{"@type":"SearchAction","target":{"@type":"EntryPoint","urlTemplate":"https:\/\/www.4h.se\/almvik\/?s={search_term_string}"},"query-input":{"@type":"PropertyValueSpecification","valueRequired":true,"valueName":"search_term_string"}}],"inLanguage":"sv-SE"}]}},"_links":{"self":[{"href":"https:\/\/www.4h.se\/almvik\/wp-json\/wp\/v2\/pages\/409","targetHints":{"allow":["GET"]}}],"collection":[{"href":"https:\/\/www.4h.se\/almvik\/wp-json\/wp\/v2\/pages"}],"about":[{"href":"https:\/\/www.4h.se\/almvik\/wp-json\/wp\/v2\/types\/page"}],"author":[{"embeddable":true,"href":"https:\/\/www.4h.se\/almvik\/wp-json\/wp\/v2\/users\/52"}],"replies":[{"embeddable":true,"href":"https:\/\/www.4h.se\/almvik\/wp-json\/wp\/v2\/comments?post=409"}],"version-history":[{"count":0,"href":"https:\/\/www.4h.se\/almvik\/wp-json\/wp\/v2\/pages\/409\/revisions"}],"wp:attachment":[{"href":"https:\/\/www.4h.se\/almvik\/wp-json\/wp\/v2\/media?parent=409"}],"curies":[{"name":"wp","href":"https:\/\/api.w.org\/{rel}","templated":true}]}}