



{"id":39,"date":"2014-12-09T20:10:35","date_gmt":"2014-12-09T19:10:35","guid":{"rendered":"http:\/\/www.4h.se\/rix16\/?page_id=39"},"modified":"2023-04-18T15:07:35","modified_gmt":"2023-04-18T13:07:35","slug":"hem","status":"publish","type":"page","link":"https:\/\/www.4h.se\/almhult\/","title":{"rendered":"Startsida"},"content":{"rendered":"<div class=\"wpb-content-wrapper\"><p>[vc_row][vc_column width=&#8221;2\/3&#8243;][vc_column_text]<\/p>\n<h1>V\u00e4lkommen till \u00c4lmhults 4H-g\u00e5rd<\/h1>\n<p>[\/vc_column_text][vc_row_inner][vc_column_inner][vc_column_text]<strong>Sommaren 2019 \u00f6ppnade \u00c4lmhults 4H-g\u00e5rd p\u00e5 Ormakulla. G\u00e5rden \u00e4r endast \u00f6ppen under sommaren men d\u00e5 \u00e4r alla v\u00e4lkomna att h\u00e4lsa p\u00e5 v\u00e5ra f\u00e5r, kaniner, grisar och h\u00f6ns.\u00a0\u00a0<\/strong><\/p>\n<p>Under n\u00e5gra sommarveckor arrangeras 4H-g\u00e5rdsl\u00e4ger. tTill h\u00f6ger h\u00e4r p\u00e5 startsidan finns l\u00e4nk till anm\u00e4lan f\u00f6r \u00e5rets sommarl\u00e4ger.<\/p>\n<p>F\u00f6r fr\u00e5gor, kontakta almhult@4h.se<\/p>\n<p><em>Leader Linn\u00e9, \u00c4lmhults kommun och \u00c4lmhults hembygdsf\u00f6rening st\u00f6djer den nya 4H-g\u00e5rden.<\/em>[\/vc_column_text][vc_gallery interval=&#8221;3&#8243; images=&#8221;422,423,427&#8243; img_size=&#8221;600&#215;500&#8243;][vc_column_text]<\/p>\n<h3><strong>G\u00e5rden finansieras av:<\/strong><\/h3>\n<p>[\/vc_column_text][vc_single_image image=&#8221;440&#8243; img_size=&#8221;450*70&#8243;][vc_single_image image=&#8221;441&#8243; img_size=&#8221;200*50&#8243;][\/vc_column_inner][\/vc_row_inner][\/vc_column][vc_column width=&#8221;1\/3&#8243;][vc_column_text]<\/p>\n<h2>Sommarl\u00e4ger 2023<\/h2>\n<p>V 26: <a href=\"https:\/\/antribe.com\/org\/4h\/4h-i-kronoberg\/event\/sommarlager-pa-almhults-4h-gard\">L\u00e4s mer och anm\u00e4l h\u00e4r<\/a><\/p>\n<p>V 27: <a href=\"https:\/\/antribe.com\/org\/4h\/4h-i-kronoberg\/event\/sommarlager-pa-almhults-4h-gard-v-27\">L\u00e4s mer och anm\u00e4l h\u00e4r<\/a>[\/vc_column_text][\/vc_column][\/vc_row]<\/p>\n<\/div>","protected":false},"excerpt":{"rendered":"<p>[vc_row][vc_column width=&#8221;2\/3&#8243;][vc_column_text] V\u00e4lkommen till \u00c4lmhults 4H-g\u00e5rd [\/vc_column_text][vc_row_inner][vc_column_inner][vc_column_text]Sommaren 2019 \u00f6ppnade \u00c4lmhults 4H-g\u00e5rd p\u00e5 Ormakulla. G\u00e5rden \u00e4r endast \u00f6ppen under sommaren men d\u00e5 \u00e4r alla v\u00e4lkomna att h\u00e4lsa p\u00e5 v\u00e5ra f\u00e5r, kaniner, grisar och h\u00f6ns.\u00a0\u00a0 Under n\u00e5gra sommarveckor arrangeras 4H-g\u00e5rdsl\u00e4ger. tTill h\u00f6ger h\u00e4r p\u00e5 startsidan finns l\u00e4nk till anm\u00e4lan f\u00f6r \u00e5rets sommarl\u00e4ger. F\u00f6r fr\u00e5gor, kontakta almhult@4h.se Leader&nbsp; <a href=\"https:\/\/www.4h.se\/almhult\/\">&hellip; Read more <i class=\"glyphicon glyphicon-arrow-right\"><\/i><\/a><\/p>\n","protected":false},"author":1,"featured_media":0,"parent":0,"menu_order":10,"comment_status":"closed","ping_status":"closed","template":"","meta":{"footnotes":""},"class_list":["post-39","page","type-page","status-publish","hentry"],"yoast_head":"<!-- This site is optimized with the Yoast SEO plugin v27.4 - https:\/\/yoast.com\/product\/yoast-seo-wordpress\/ -->\n<title>Startsida - \u00c4lmhults 4H-g\u00e5rd<\/title>\n<meta name=\"robots\" content=\"index, follow, max-snippet:-1, max-image-preview:large, max-video-preview:-1\" \/>\n<link rel=\"canonical\" href=\"https:\/\/www.4h.se\/almhult\/\" \/>\n<meta property=\"og:locale\" content=\"sv_SE\" \/>\n<meta property=\"og:type\" content=\"article\" \/>\n<meta property=\"og:title\" content=\"Startsida - \u00c4lmhults 4H-g\u00e5rd\" \/>\n<meta property=\"og:description\" content=\"[vc_row][vc_column width=&#8221;2\/3&#8243;][vc_column_text] V\u00e4lkommen till \u00c4lmhults 4H-g\u00e5rd [\/vc_column_text][vc_row_inner][vc_column_inner][vc_column_text]Sommaren 2019 \u00f6ppnade \u00c4lmhults 4H-g\u00e5rd p\u00e5 Ormakulla. G\u00e5rden \u00e4r endast \u00f6ppen under sommaren men d\u00e5 \u00e4r alla v\u00e4lkomna att h\u00e4lsa p\u00e5 v\u00e5ra f\u00e5r, kaniner, grisar och h\u00f6ns.\u00a0\u00a0 Under n\u00e5gra sommarveckor arrangeras 4H-g\u00e5rdsl\u00e4ger. tTill h\u00f6ger h\u00e4r p\u00e5 startsidan finns l\u00e4nk till anm\u00e4lan f\u00f6r \u00e5rets sommarl\u00e4ger. F\u00f6r fr\u00e5gor, kontakta almhult@4h.se Leader&nbsp; &hellip; Read more\" \/>\n<meta property=\"og:url\" content=\"https:\/\/www.4h.se\/almhult\/\" \/>\n<meta property=\"og:site_name\" content=\"\u00c4lmhults 4H-g\u00e5rd\" \/>\n<meta property=\"article:modified_time\" content=\"2023-04-18T13:07:35+00:00\" \/>\n<meta name=\"twitter:card\" content=\"summary_large_image\" \/>\n<meta name=\"twitter:label1\" content=\"Ber\u00e4knad l\u00e4stid\" \/>\n\t<meta name=\"twitter:data1\" content=\"1 minut\" \/>\n<script type=\"application\/ld+json\" class=\"yoast-schema-graph\">{\"@context\":\"https:\\\/\\\/schema.org\",\"@graph\":[{\"@type\":\"WebPage\",\"@id\":\"https:\\\/\\\/www.4h.se\\\/almhult\\\/\",\"url\":\"https:\\\/\\\/www.4h.se\\\/almhult\\\/\",\"name\":\"Startsida - \u00c4lmhults 4H-g\u00e5rd\",\"isPartOf\":{\"@id\":\"https:\\\/\\\/www.4h.se\\\/almhult\\\/#website\"},\"datePublished\":\"2014-12-09T19:10:35+00:00\",\"dateModified\":\"2023-04-18T13:07:35+00:00\",\"breadcrumb\":{\"@id\":\"https:\\\/\\\/www.4h.se\\\/almhult\\\/#breadcrumb\"},\"inLanguage\":\"sv-SE\",\"potentialAction\":[{\"@type\":\"ReadAction\",\"target\":[\"https:\\\/\\\/www.4h.se\\\/almhult\\\/\"]}]},{\"@type\":\"BreadcrumbList\",\"@id\":\"https:\\\/\\\/www.4h.se\\\/almhult\\\/#breadcrumb\",\"itemListElement\":[{\"@type\":\"ListItem\",\"position\":1,\"name\":\"Hem\",\"item\":\"https:\\\/\\\/www.4h.se\\\/almhult\\\/\"},{\"@type\":\"ListItem\",\"position\":2,\"name\":\"Startsida\"}]},{\"@type\":\"WebSite\",\"@id\":\"https:\\\/\\\/www.4h.se\\\/almhult\\\/#website\",\"url\":\"https:\\\/\\\/www.4h.se\\\/almhult\\\/\",\"name\":\"\u00c4lmhults 4H-g\u00e5rd\",\"description\":\"\",\"potentialAction\":[{\"@type\":\"SearchAction\",\"target\":{\"@type\":\"EntryPoint\",\"urlTemplate\":\"https:\\\/\\\/www.4h.se\\\/almhult\\\/?s={search_term_string}\"},\"query-input\":{\"@type\":\"PropertyValueSpecification\",\"valueRequired\":true,\"valueName\":\"search_term_string\"}}],\"inLanguage\":\"sv-SE\"}]}<\/script>\n<!-- \/ Yoast SEO plugin. -->","yoast_head_json":{"title":"Startsida - \u00c4lmhults 4H-g\u00e5rd","robots":{"index":"index","follow":"follow","max-snippet":"max-snippet:-1","max-image-preview":"max-image-preview:large","max-video-preview":"max-video-preview:-1"},"canonical":"https:\/\/www.4h.se\/almhult\/","og_locale":"sv_SE","og_type":"article","og_title":"Startsida - \u00c4lmhults 4H-g\u00e5rd","og_description":"[vc_row][vc_column width=&#8221;2\/3&#8243;][vc_column_text] V\u00e4lkommen till \u00c4lmhults 4H-g\u00e5rd [\/vc_column_text][vc_row_inner][vc_column_inner][vc_column_text]Sommaren 2019 \u00f6ppnade \u00c4lmhults 4H-g\u00e5rd p\u00e5 Ormakulla. G\u00e5rden \u00e4r endast \u00f6ppen under sommaren men d\u00e5 \u00e4r alla v\u00e4lkomna att h\u00e4lsa p\u00e5 v\u00e5ra f\u00e5r, kaniner, grisar och h\u00f6ns.\u00a0\u00a0 Under n\u00e5gra sommarveckor arrangeras 4H-g\u00e5rdsl\u00e4ger. tTill h\u00f6ger h\u00e4r p\u00e5 startsidan finns l\u00e4nk till anm\u00e4lan f\u00f6r \u00e5rets sommarl\u00e4ger. F\u00f6r fr\u00e5gor, kontakta almhult@4h.se Leader&nbsp; &hellip; Read more","og_url":"https:\/\/www.4h.se\/almhult\/","og_site_name":"\u00c4lmhults 4H-g\u00e5rd","article_modified_time":"2023-04-18T13:07:35+00:00","twitter_card":"summary_large_image","twitter_misc":{"Ber\u00e4knad l\u00e4stid":"1 minut"},"schema":{"@context":"https:\/\/schema.org","@graph":[{"@type":"WebPage","@id":"https:\/\/www.4h.se\/almhult\/","url":"https:\/\/www.4h.se\/almhult\/","name":"Startsida - \u00c4lmhults 4H-g\u00e5rd","isPartOf":{"@id":"https:\/\/www.4h.se\/almhult\/#website"},"datePublished":"2014-12-09T19:10:35+00:00","dateModified":"2023-04-18T13:07:35+00:00","breadcrumb":{"@id":"https:\/\/www.4h.se\/almhult\/#breadcrumb"},"inLanguage":"sv-SE","potentialAction":[{"@type":"ReadAction","target":["https:\/\/www.4h.se\/almhult\/"]}]},{"@type":"BreadcrumbList","@id":"https:\/\/www.4h.se\/almhult\/#breadcrumb","itemListElement":[{"@type":"ListItem","position":1,"name":"Hem","item":"https:\/\/www.4h.se\/almhult\/"},{"@type":"ListItem","position":2,"name":"Startsida"}]},{"@type":"WebSite","@id":"https:\/\/www.4h.se\/almhult\/#website","url":"https:\/\/www.4h.se\/almhult\/","name":"\u00c4lmhults 4H-g\u00e5rd","description":"","potentialAction":[{"@type":"SearchAction","target":{"@type":"EntryPoint","urlTemplate":"https:\/\/www.4h.se\/almhult\/?s={search_term_string}"},"query-input":{"@type":"PropertyValueSpecification","valueRequired":true,"valueName":"search_term_string"}}],"inLanguage":"sv-SE"}]}},"_links":{"self":[{"href":"https:\/\/www.4h.se\/almhult\/wp-json\/wp\/v2\/pages\/39","targetHints":{"allow":["GET"]}}],"collection":[{"href":"https:\/\/www.4h.se\/almhult\/wp-json\/wp\/v2\/pages"}],"about":[{"href":"https:\/\/www.4h.se\/almhult\/wp-json\/wp\/v2\/types\/page"}],"author":[{"embeddable":true,"href":"https:\/\/www.4h.se\/almhult\/wp-json\/wp\/v2\/users\/1"}],"replies":[{"embeddable":true,"href":"https:\/\/www.4h.se\/almhult\/wp-json\/wp\/v2\/comments?post=39"}],"version-history":[{"count":0,"href":"https:\/\/www.4h.se\/almhult\/wp-json\/wp\/v2\/pages\/39\/revisions"}],"wp:attachment":[{"href":"https:\/\/www.4h.se\/almhult\/wp-json\/wp\/v2\/media?parent=39"}],"curies":[{"name":"wp","href":"https:\/\/api.w.org\/{rel}","templated":true}]}}