



{"id":285,"date":"2015-10-07T09:13:53","date_gmt":"2015-10-07T07:13:53","guid":{"rendered":"http:\/\/www.4h.se\/alekulla\/?page_id=285"},"modified":"2025-08-28T10:57:53","modified_gmt":"2025-08-28T08:57:53","slug":"bli-medlem","status":"publish","type":"page","link":"https:\/\/www.4h.se\/alekulla\/bli-medlem\/","title":{"rendered":"Bli medlem"},"content":{"rendered":"<div class=\"wpb-content-wrapper\"><p>[vc_row][vc_column][vc_column_text]<\/p>\n<h3>Bli medlem i 4H och v\u00e5r klubb<\/h3>\n<p>[\/vc_column_text][\/vc_column][\/vc_row][vc_row][vc_column width=&#8221;1\/2&#8243;][vc_column_text]<a href=\"https:\/\/membersky.com\/org\/4h\/alekulla-4h\">Bli medlem i Sveriges 4H och \u00c4lekulla 4H-klubb via\u00a0Membersky.<\/a><\/p>\n<p>D\u00e4r kan du \u00e4ven hantera ditt medlemskap och som f\u00f6r\u00e4lder hantera ditt barns medlemskap. Du hanterar fakturor f\u00f6r medlemskapet.<\/p>\n<p>Som medlem i 4H \u00e4r du v\u00e4lkommen att delta p\u00e5 organisationens alla arrangemang. Du omfattas ocks\u00e5 av en kollektiv olycksfallsf\u00f6rs\u00e4kring som g\u00e4ller p\u00e5 4H:s samtliga aktiviteter.<\/p>\n<p>&nbsp;<\/p>\n<p>Medlemsavgiften f\u00f6r barn och unga upp till 26 \u00e5r \u00e4r 200 kronor<\/p>\n<p>F\u00f6r vuxna \u00f6ver 26 \u00e5r \u00e4r medlemsavgiften 380 kronor<\/p>\n<p>&nbsp;<\/p>\n<p>Fr\u00e5gor och svar om att bli medlem finns p\u00e5 <a href=\"https:\/\/www.4h.se\/bli-medlem\/\" target=\"_blank\">Sveriges 4Hs hemsida<\/a>[\/vc_column_text][\/vc_column][vc_column width=&#8221;1\/2&#8243;][vc_column_text css=&#8221;&#8221;]<\/p>\n<div id=\"embedded-root\"><\/div>\n<p><script>\n  (function () {\n    window.ANTRIBE_EMBED = {\n      organizationSlug: '4h',\n    };\n  })();\n<\/script><br \/>\n<script src=\"https:\/\/antribe.com\/embed\/app.js\"><\/script><br \/>\n                    [\/vc_column_text][\/vc_column][\/vc_row]<\/p>\n<\/div>","protected":false},"excerpt":{"rendered":"<p>[vc_row][vc_column][vc_column_text] Bli medlem i 4H och v\u00e5r klubb [\/vc_column_text][\/vc_column][\/vc_row][vc_row][vc_column width=&#8221;1\/2&#8243;][vc_column_text]Bli medlem i Sveriges 4H och \u00c4lekulla 4H-klubb via\u00a0Membersky. D\u00e4r kan du \u00e4ven hantera ditt medlemskap och som f\u00f6r\u00e4lder hantera ditt barns medlemskap. Du hanterar fakturor f\u00f6r medlemskapet. Som medlem i 4H \u00e4r du v\u00e4lkommen att delta p\u00e5 organisationens alla arrangemang. Du omfattas ocks\u00e5 av en&nbsp; <a href=\"https:\/\/www.4h.se\/alekulla\/bli-medlem\/\">&hellip; Read more <i class=\"glyphicon glyphicon-arrow-right\"><\/i><\/a><\/p>\n","protected":false},"author":1,"featured_media":0,"parent":0,"menu_order":0,"comment_status":"closed","ping_status":"closed","template":"","meta":{"_acf_changed":false,"footnotes":""},"class_list":["post-285","page","type-page","status-publish","hentry"],"acf":[],"yoast_head":"<!-- This site is optimized with the Yoast SEO plugin v27.4 - https:\/\/yoast.com\/product\/yoast-seo-wordpress\/ -->\n<title>Bli medlem - \u00c4lekulla 4H-klubb<\/title>\n<meta name=\"robots\" content=\"index, follow, max-snippet:-1, max-image-preview:large, max-video-preview:-1\" \/>\n<link rel=\"canonical\" href=\"https:\/\/www.4h.se\/alekulla\/bli-medlem\/\" \/>\n<meta property=\"og:locale\" content=\"sv_SE\" \/>\n<meta property=\"og:type\" content=\"article\" \/>\n<meta property=\"og:title\" content=\"Bli medlem - \u00c4lekulla 4H-klubb\" \/>\n<meta property=\"og:description\" content=\"[vc_row][vc_column][vc_column_text] Bli medlem i 4H och v\u00e5r klubb [\/vc_column_text][\/vc_column][\/vc_row][vc_row][vc_column width=&#8221;1\/2&#8243;][vc_column_text]Bli medlem i Sveriges 4H och \u00c4lekulla 4H-klubb via\u00a0Membersky. D\u00e4r kan du \u00e4ven hantera ditt medlemskap och som f\u00f6r\u00e4lder hantera ditt barns medlemskap. Du hanterar fakturor f\u00f6r medlemskapet. Som medlem i 4H \u00e4r du v\u00e4lkommen att delta p\u00e5 organisationens alla arrangemang. Du omfattas ocks\u00e5 av en&nbsp; &hellip; Read more\" \/>\n<meta property=\"og:url\" content=\"https:\/\/www.4h.se\/alekulla\/bli-medlem\/\" \/>\n<meta property=\"og:site_name\" content=\"\u00c4lekulla 4H-klubb\" \/>\n<meta property=\"article:modified_time\" content=\"2025-08-28T08:57:53+00:00\" \/>\n<meta name=\"twitter:card\" content=\"summary_large_image\" \/>\n<meta name=\"twitter:label1\" content=\"Ber\u00e4knad l\u00e4stid\" \/>\n\t<meta name=\"twitter:data1\" content=\"1 minut\" \/>\n<script type=\"application\/ld+json\" class=\"yoast-schema-graph\">{\"@context\":\"https:\\\/\\\/schema.org\",\"@graph\":[{\"@type\":\"WebPage\",\"@id\":\"https:\\\/\\\/www.4h.se\\\/alekulla\\\/bli-medlem\\\/\",\"url\":\"https:\\\/\\\/www.4h.se\\\/alekulla\\\/bli-medlem\\\/\",\"name\":\"Bli medlem - \u00c4lekulla 4H-klubb\",\"isPartOf\":{\"@id\":\"https:\\\/\\\/www.4h.se\\\/alekulla\\\/#website\"},\"datePublished\":\"2015-10-07T07:13:53+00:00\",\"dateModified\":\"2025-08-28T08:57:53+00:00\",\"breadcrumb\":{\"@id\":\"https:\\\/\\\/www.4h.se\\\/alekulla\\\/bli-medlem\\\/#breadcrumb\"},\"inLanguage\":\"sv-SE\",\"potentialAction\":[{\"@type\":\"ReadAction\",\"target\":[\"https:\\\/\\\/www.4h.se\\\/alekulla\\\/bli-medlem\\\/\"]}]},{\"@type\":\"BreadcrumbList\",\"@id\":\"https:\\\/\\\/www.4h.se\\\/alekulla\\\/bli-medlem\\\/#breadcrumb\",\"itemListElement\":[{\"@type\":\"ListItem\",\"position\":1,\"name\":\"Hem\",\"item\":\"https:\\\/\\\/www.4h.se\\\/alekulla\\\/\"},{\"@type\":\"ListItem\",\"position\":2,\"name\":\"Bli medlem\"}]},{\"@type\":\"WebSite\",\"@id\":\"https:\\\/\\\/www.4h.se\\\/alekulla\\\/#website\",\"url\":\"https:\\\/\\\/www.4h.se\\\/alekulla\\\/\",\"name\":\"\u00c4lekulla 4H-klubb\",\"description\":\"\",\"potentialAction\":[{\"@type\":\"SearchAction\",\"target\":{\"@type\":\"EntryPoint\",\"urlTemplate\":\"https:\\\/\\\/www.4h.se\\\/alekulla\\\/?s={search_term_string}\"},\"query-input\":{\"@type\":\"PropertyValueSpecification\",\"valueRequired\":true,\"valueName\":\"search_term_string\"}}],\"inLanguage\":\"sv-SE\"}]}<\/script>\n<!-- \/ Yoast SEO plugin. -->","yoast_head_json":{"title":"Bli medlem - \u00c4lekulla 4H-klubb","robots":{"index":"index","follow":"follow","max-snippet":"max-snippet:-1","max-image-preview":"max-image-preview:large","max-video-preview":"max-video-preview:-1"},"canonical":"https:\/\/www.4h.se\/alekulla\/bli-medlem\/","og_locale":"sv_SE","og_type":"article","og_title":"Bli medlem - \u00c4lekulla 4H-klubb","og_description":"[vc_row][vc_column][vc_column_text] Bli medlem i 4H och v\u00e5r klubb [\/vc_column_text][\/vc_column][\/vc_row][vc_row][vc_column width=&#8221;1\/2&#8243;][vc_column_text]Bli medlem i Sveriges 4H och \u00c4lekulla 4H-klubb via\u00a0Membersky. D\u00e4r kan du \u00e4ven hantera ditt medlemskap och som f\u00f6r\u00e4lder hantera ditt barns medlemskap. Du hanterar fakturor f\u00f6r medlemskapet. Som medlem i 4H \u00e4r du v\u00e4lkommen att delta p\u00e5 organisationens alla arrangemang. Du omfattas ocks\u00e5 av en&nbsp; &hellip; Read more","og_url":"https:\/\/www.4h.se\/alekulla\/bli-medlem\/","og_site_name":"\u00c4lekulla 4H-klubb","article_modified_time":"2025-08-28T08:57:53+00:00","twitter_card":"summary_large_image","twitter_misc":{"Ber\u00e4knad l\u00e4stid":"1 minut"},"schema":{"@context":"https:\/\/schema.org","@graph":[{"@type":"WebPage","@id":"https:\/\/www.4h.se\/alekulla\/bli-medlem\/","url":"https:\/\/www.4h.se\/alekulla\/bli-medlem\/","name":"Bli medlem - \u00c4lekulla 4H-klubb","isPartOf":{"@id":"https:\/\/www.4h.se\/alekulla\/#website"},"datePublished":"2015-10-07T07:13:53+00:00","dateModified":"2025-08-28T08:57:53+00:00","breadcrumb":{"@id":"https:\/\/www.4h.se\/alekulla\/bli-medlem\/#breadcrumb"},"inLanguage":"sv-SE","potentialAction":[{"@type":"ReadAction","target":["https:\/\/www.4h.se\/alekulla\/bli-medlem\/"]}]},{"@type":"BreadcrumbList","@id":"https:\/\/www.4h.se\/alekulla\/bli-medlem\/#breadcrumb","itemListElement":[{"@type":"ListItem","position":1,"name":"Hem","item":"https:\/\/www.4h.se\/alekulla\/"},{"@type":"ListItem","position":2,"name":"Bli medlem"}]},{"@type":"WebSite","@id":"https:\/\/www.4h.se\/alekulla\/#website","url":"https:\/\/www.4h.se\/alekulla\/","name":"\u00c4lekulla 4H-klubb","description":"","potentialAction":[{"@type":"SearchAction","target":{"@type":"EntryPoint","urlTemplate":"https:\/\/www.4h.se\/alekulla\/?s={search_term_string}"},"query-input":{"@type":"PropertyValueSpecification","valueRequired":true,"valueName":"search_term_string"}}],"inLanguage":"sv-SE"}]}},"_links":{"self":[{"href":"https:\/\/www.4h.se\/alekulla\/wp-json\/wp\/v2\/pages\/285","targetHints":{"allow":["GET"]}}],"collection":[{"href":"https:\/\/www.4h.se\/alekulla\/wp-json\/wp\/v2\/pages"}],"about":[{"href":"https:\/\/www.4h.se\/alekulla\/wp-json\/wp\/v2\/types\/page"}],"author":[{"embeddable":true,"href":"https:\/\/www.4h.se\/alekulla\/wp-json\/wp\/v2\/users\/1"}],"replies":[{"embeddable":true,"href":"https:\/\/www.4h.se\/alekulla\/wp-json\/wp\/v2\/comments?post=285"}],"version-history":[{"count":0,"href":"https:\/\/www.4h.se\/alekulla\/wp-json\/wp\/v2\/pages\/285\/revisions"}],"wp:attachment":[{"href":"https:\/\/www.4h.se\/alekulla\/wp-json\/wp\/v2\/media?parent=285"}],"curies":[{"name":"wp","href":"https:\/\/api.w.org\/{rel}","templated":true}]}}