



{"id":121,"date":"2015-01-23T20:08:12","date_gmt":"2015-01-23T19:08:12","guid":{"rendered":"http:\/\/www.4h.se\/rix16\/?page_id=121"},"modified":"2022-01-09T14:49:45","modified_gmt":"2022-01-09T13:49:45","slug":"kontakta-oss","status":"publish","type":"page","link":"https:\/\/www.4h.se\/alekulla\/kontakta-oss\/","title":{"rendered":"Kontakta oss"},"content":{"rendered":"<div class=\"wpb-content-wrapper\"><p>[vc_row][vc_column][vc_column_text]<\/p>\n<h1>Kontakta oss<\/h1>\n<p>Mycket av informationen om klubbtr\u00e4ffar sker p\u00e5 facebook: s\u00f6k p\u00e5 \u00c4lekulla 4H och be om att g\u00e5 med i gruppen!<\/p>\n<p>Du kan \u00e4ven maila <a href=\"mailto:alekulla@4h.se\">alekulla@4h.se<\/a><\/p>\n<h2><\/h2>\n<p>[\/vc_column_text][\/vc_column][\/vc_row]<\/p>\n<\/div>","protected":false},"excerpt":{"rendered":"<p>[vc_row][vc_column][vc_column_text] Kontakta oss Mycket av informationen om klubbtr\u00e4ffar sker p\u00e5 facebook: s\u00f6k p\u00e5 \u00c4lekulla 4H och be om att g\u00e5 med i gruppen! Du kan \u00e4ven maila alekulla@4h.se [\/vc_column_text][\/vc_column][\/vc_row]<\/p>\n","protected":false},"author":1,"featured_media":0,"parent":0,"menu_order":5,"comment_status":"closed","ping_status":"closed","template":"","meta":{"_acf_changed":false,"footnotes":""},"class_list":["post-121","page","type-page","status-publish","hentry"],"acf":[],"yoast_head":"<!-- This site is optimized with the Yoast SEO plugin v27.4 - https:\/\/yoast.com\/product\/yoast-seo-wordpress\/ -->\n<title>Kontakta oss - \u00c4lekulla 4H-klubb<\/title>\n<meta name=\"robots\" content=\"index, follow, max-snippet:-1, max-image-preview:large, max-video-preview:-1\" \/>\n<link rel=\"canonical\" href=\"https:\/\/www.4h.se\/alekulla\/kontakta-oss\/\" \/>\n<meta property=\"og:locale\" content=\"sv_SE\" \/>\n<meta property=\"og:type\" content=\"article\" \/>\n<meta property=\"og:title\" content=\"Kontakta oss - \u00c4lekulla 4H-klubb\" \/>\n<meta property=\"og:description\" content=\"[vc_row][vc_column][vc_column_text] Kontakta oss Mycket av informationen om klubbtr\u00e4ffar sker p\u00e5 facebook: s\u00f6k p\u00e5 \u00c4lekulla 4H och be om att g\u00e5 med i gruppen! Du kan \u00e4ven maila alekulla@4h.se [\/vc_column_text][\/vc_column][\/vc_row]\" \/>\n<meta property=\"og:url\" content=\"https:\/\/www.4h.se\/alekulla\/kontakta-oss\/\" \/>\n<meta property=\"og:site_name\" content=\"\u00c4lekulla 4H-klubb\" \/>\n<meta property=\"article:modified_time\" content=\"2022-01-09T13:49:45+00:00\" \/>\n<meta name=\"twitter:card\" content=\"summary_large_image\" \/>\n<script type=\"application\/ld+json\" class=\"yoast-schema-graph\">{\"@context\":\"https:\\\/\\\/schema.org\",\"@graph\":[{\"@type\":\"WebPage\",\"@id\":\"https:\\\/\\\/www.4h.se\\\/alekulla\\\/kontakta-oss\\\/\",\"url\":\"https:\\\/\\\/www.4h.se\\\/alekulla\\\/kontakta-oss\\\/\",\"name\":\"Kontakta oss - \u00c4lekulla 4H-klubb\",\"isPartOf\":{\"@id\":\"https:\\\/\\\/www.4h.se\\\/alekulla\\\/#website\"},\"datePublished\":\"2015-01-23T19:08:12+00:00\",\"dateModified\":\"2022-01-09T13:49:45+00:00\",\"breadcrumb\":{\"@id\":\"https:\\\/\\\/www.4h.se\\\/alekulla\\\/kontakta-oss\\\/#breadcrumb\"},\"inLanguage\":\"sv-SE\",\"potentialAction\":[{\"@type\":\"ReadAction\",\"target\":[\"https:\\\/\\\/www.4h.se\\\/alekulla\\\/kontakta-oss\\\/\"]}]},{\"@type\":\"BreadcrumbList\",\"@id\":\"https:\\\/\\\/www.4h.se\\\/alekulla\\\/kontakta-oss\\\/#breadcrumb\",\"itemListElement\":[{\"@type\":\"ListItem\",\"position\":1,\"name\":\"Hem\",\"item\":\"https:\\\/\\\/www.4h.se\\\/alekulla\\\/\"},{\"@type\":\"ListItem\",\"position\":2,\"name\":\"Kontakta oss\"}]},{\"@type\":\"WebSite\",\"@id\":\"https:\\\/\\\/www.4h.se\\\/alekulla\\\/#website\",\"url\":\"https:\\\/\\\/www.4h.se\\\/alekulla\\\/\",\"name\":\"\u00c4lekulla 4H-klubb\",\"description\":\"\",\"potentialAction\":[{\"@type\":\"SearchAction\",\"target\":{\"@type\":\"EntryPoint\",\"urlTemplate\":\"https:\\\/\\\/www.4h.se\\\/alekulla\\\/?s={search_term_string}\"},\"query-input\":{\"@type\":\"PropertyValueSpecification\",\"valueRequired\":true,\"valueName\":\"search_term_string\"}}],\"inLanguage\":\"sv-SE\"}]}<\/script>\n<!-- \/ Yoast SEO plugin. -->","yoast_head_json":{"title":"Kontakta oss - \u00c4lekulla 4H-klubb","robots":{"index":"index","follow":"follow","max-snippet":"max-snippet:-1","max-image-preview":"max-image-preview:large","max-video-preview":"max-video-preview:-1"},"canonical":"https:\/\/www.4h.se\/alekulla\/kontakta-oss\/","og_locale":"sv_SE","og_type":"article","og_title":"Kontakta oss - \u00c4lekulla 4H-klubb","og_description":"[vc_row][vc_column][vc_column_text] Kontakta oss Mycket av informationen om klubbtr\u00e4ffar sker p\u00e5 facebook: s\u00f6k p\u00e5 \u00c4lekulla 4H och be om att g\u00e5 med i gruppen! Du kan \u00e4ven maila alekulla@4h.se [\/vc_column_text][\/vc_column][\/vc_row]","og_url":"https:\/\/www.4h.se\/alekulla\/kontakta-oss\/","og_site_name":"\u00c4lekulla 4H-klubb","article_modified_time":"2022-01-09T13:49:45+00:00","twitter_card":"summary_large_image","schema":{"@context":"https:\/\/schema.org","@graph":[{"@type":"WebPage","@id":"https:\/\/www.4h.se\/alekulla\/kontakta-oss\/","url":"https:\/\/www.4h.se\/alekulla\/kontakta-oss\/","name":"Kontakta oss - \u00c4lekulla 4H-klubb","isPartOf":{"@id":"https:\/\/www.4h.se\/alekulla\/#website"},"datePublished":"2015-01-23T19:08:12+00:00","dateModified":"2022-01-09T13:49:45+00:00","breadcrumb":{"@id":"https:\/\/www.4h.se\/alekulla\/kontakta-oss\/#breadcrumb"},"inLanguage":"sv-SE","potentialAction":[{"@type":"ReadAction","target":["https:\/\/www.4h.se\/alekulla\/kontakta-oss\/"]}]},{"@type":"BreadcrumbList","@id":"https:\/\/www.4h.se\/alekulla\/kontakta-oss\/#breadcrumb","itemListElement":[{"@type":"ListItem","position":1,"name":"Hem","item":"https:\/\/www.4h.se\/alekulla\/"},{"@type":"ListItem","position":2,"name":"Kontakta oss"}]},{"@type":"WebSite","@id":"https:\/\/www.4h.se\/alekulla\/#website","url":"https:\/\/www.4h.se\/alekulla\/","name":"\u00c4lekulla 4H-klubb","description":"","potentialAction":[{"@type":"SearchAction","target":{"@type":"EntryPoint","urlTemplate":"https:\/\/www.4h.se\/alekulla\/?s={search_term_string}"},"query-input":{"@type":"PropertyValueSpecification","valueRequired":true,"valueName":"search_term_string"}}],"inLanguage":"sv-SE"}]}},"_links":{"self":[{"href":"https:\/\/www.4h.se\/alekulla\/wp-json\/wp\/v2\/pages\/121","targetHints":{"allow":["GET"]}}],"collection":[{"href":"https:\/\/www.4h.se\/alekulla\/wp-json\/wp\/v2\/pages"}],"about":[{"href":"https:\/\/www.4h.se\/alekulla\/wp-json\/wp\/v2\/types\/page"}],"author":[{"embeddable":true,"href":"https:\/\/www.4h.se\/alekulla\/wp-json\/wp\/v2\/users\/1"}],"replies":[{"embeddable":true,"href":"https:\/\/www.4h.se\/alekulla\/wp-json\/wp\/v2\/comments?post=121"}],"version-history":[{"count":0,"href":"https:\/\/www.4h.se\/alekulla\/wp-json\/wp\/v2\/pages\/121\/revisions"}],"wp:attachment":[{"href":"https:\/\/www.4h.se\/alekulla\/wp-json\/wp\/v2\/media?parent=121"}],"curies":[{"name":"wp","href":"https:\/\/api.w.org\/{rel}","templated":true}]}}