



{"id":700,"date":"2024-09-25T13:11:50","date_gmt":"2024-09-25T11:11:50","guid":{"rendered":"https:\/\/www.4h.se\/akalla\/?page_id=700"},"modified":"2025-09-12T13:18:11","modified_gmt":"2025-09-12T11:18:11","slug":"spokjakt","status":"publish","type":"page","link":"https:\/\/www.4h.se\/akalla\/spokjakt\/","title":{"rendered":"Sp\u00f6kjakt"},"content":{"rendered":"<div class=\"wpb-content-wrapper\"><p>[vc_row][vc_column][vc_column_text css=&#8221;&#8221;]<\/p>\n<h1>Sp\u00f6kjakt 2025<\/h1>\n<p>[\/vc_column_text][vc_column_text css=&#8221;&#8221;]<\/p>\n<h4>V\u00e4lkommen till \u00e5rets sp\u00f6kjakt!<\/h4>\n<h4>Tillsammans \u00e5ker vi h\u00e4st och vagn till sp\u00f6kskogen och letar efter sp\u00f6ken.<\/h4>\n<p><strong>Dag<\/strong>: 25\/10<\/p>\n<p><strong>Tid:<\/strong> 17.30-20:00 Under f\u00f6rsta halvtimmen \u00e4r det fortfarande ljust ute s\u00e5 om man har sm\u00e5 barn rekommenderas den. Alla som bokar sp\u00f6kjakt blir tilldelad en tid d\u00e4r dom ska vara h\u00e4r f\u00f6r att de inte ska bli k\u00f6bildning d\u00e5 det \u00e4r m\u00e5nga som kommer p\u00e5 sp\u00f6kjakten<\/p>\n<p><strong>Pris:<\/strong> 100 kr\/biljett. Vi rekommenderar att barn under 10 \u00e5r g\u00e5r i vuxet s\u00e4llskap, <strong>ALLA<\/strong> som deltar m\u00e5ste l\u00f6sa biljett.<\/p>\n<p>&nbsp;<\/p>\n<h3><a href=\"https:\/\/billetto.se\/e\/spokjakt-biljetter-1666083\">Boka dina biljetter h\u00e4r<\/a><\/h3>\n<p>Anm\u00e4lan \u00e4r bindande<\/p>\n<p>&nbsp;<\/p>\n<p>&nbsp;[\/vc_column_text][\/vc_column][\/vc_row][vc_row][vc_column width=&#8221;1\/2&#8243;][vc_column_text css=&#8221;&#8221;]<img loading=\"lazy\" decoding=\"async\" class=\"alignnone wp-image-651\" src=\"https:\/\/www.4h.se\/akalla\/wp-content\/uploads\/sites\/109\/2023\/10\/FB_IMG_1696241539645.jpg\" alt=\"\" width=\"245\" height=\"327\" srcset=\"https:\/\/www.4h.se\/akalla\/wp-content\/uploads\/sites\/109\/2023\/10\/FB_IMG_1696241539645.jpg 768w, https:\/\/www.4h.se\/akalla\/wp-content\/uploads\/sites\/109\/2023\/10\/FB_IMG_1696241539645-225x300.jpg 225w, https:\/\/www.4h.se\/akalla\/wp-content\/uploads\/sites\/109\/2023\/10\/FB_IMG_1696241539645-113x150.jpg 113w\" sizes=\"auto, (max-width: 245px) 100vw, 245px\" \/>\u00a0 \u00a0<img loading=\"lazy\" decoding=\"async\" class=\"alignnone wp-image-650\" src=\"https:\/\/www.4h.se\/akalla\/wp-content\/uploads\/sites\/109\/2023\/10\/FB_IMG_1696241534456.jpg\" alt=\"\" width=\"243\" height=\"324\" srcset=\"https:\/\/www.4h.se\/akalla\/wp-content\/uploads\/sites\/109\/2023\/10\/FB_IMG_1696241534456.jpg 720w, https:\/\/www.4h.se\/akalla\/wp-content\/uploads\/sites\/109\/2023\/10\/FB_IMG_1696241534456-225x300.jpg 225w, https:\/\/www.4h.se\/akalla\/wp-content\/uploads\/sites\/109\/2023\/10\/FB_IMG_1696241534456-113x150.jpg 113w\" sizes=\"auto, (max-width: 243px) 100vw, 243px\" \/>[\/vc_column_text][\/vc_column][vc_column width=&#8221;1\/2&#8243;][\/vc_column][\/vc_row]<\/p>\n<\/div>","protected":false},"excerpt":{"rendered":"<p>[vc_row][vc_column][vc_column_text css=&#8221;&#8221;] Sp\u00f6kjakt 2025 [\/vc_column_text][vc_column_text css=&#8221;&#8221;] V\u00e4lkommen till \u00e5rets sp\u00f6kjakt! Tillsammans \u00e5ker vi h\u00e4st och vagn till sp\u00f6kskogen och letar efter sp\u00f6ken. Dag: 25\/10 Tid: 17.30-20:00 Under f\u00f6rsta halvtimmen \u00e4r det fortfarande ljust ute s\u00e5 om man har sm\u00e5 barn rekommenderas den. Alla som bokar sp\u00f6kjakt blir tilldelad en tid d\u00e4r dom ska vara h\u00e4r&nbsp; <a href=\"https:\/\/www.4h.se\/akalla\/spokjakt\/\">&hellip; Read more <i class=\"glyphicon glyphicon-arrow-right\"><\/i><\/a><\/p>\n","protected":false},"author":158,"featured_media":0,"parent":0,"menu_order":0,"comment_status":"closed","ping_status":"closed","template":"","meta":{"_acf_changed":false,"footnotes":""},"class_list":["post-700","page","type-page","status-publish","hentry"],"acf":[],"yoast_head":"<!-- This site is optimized with the Yoast SEO plugin v27.4 - https:\/\/yoast.com\/product\/yoast-seo-wordpress\/ -->\n<title>Sp\u00f6kjakt - Akalla 4H-g\u00e5rd<\/title>\n<meta name=\"robots\" content=\"index, follow, max-snippet:-1, max-image-preview:large, max-video-preview:-1\" \/>\n<link rel=\"canonical\" href=\"https:\/\/www.4h.se\/akalla\/spokjakt\/\" \/>\n<meta property=\"og:locale\" content=\"sv_SE\" \/>\n<meta property=\"og:type\" content=\"article\" \/>\n<meta property=\"og:title\" content=\"Sp\u00f6kjakt - Akalla 4H-g\u00e5rd\" \/>\n<meta property=\"og:description\" content=\"[vc_row][vc_column][vc_column_text css=&#8221;&#8221;] Sp\u00f6kjakt 2025 [\/vc_column_text][vc_column_text css=&#8221;&#8221;] V\u00e4lkommen till \u00e5rets sp\u00f6kjakt! Tillsammans \u00e5ker vi h\u00e4st och vagn till sp\u00f6kskogen och letar efter sp\u00f6ken. Dag: 25\/10 Tid: 17.30-20:00 Under f\u00f6rsta halvtimmen \u00e4r det fortfarande ljust ute s\u00e5 om man har sm\u00e5 barn rekommenderas den. Alla som bokar sp\u00f6kjakt blir tilldelad en tid d\u00e4r dom ska vara h\u00e4r&nbsp; &hellip; Read more\" \/>\n<meta property=\"og:url\" content=\"https:\/\/www.4h.se\/akalla\/spokjakt\/\" \/>\n<meta property=\"og:site_name\" content=\"Akalla 4H-g\u00e5rd\" \/>\n<meta property=\"article:modified_time\" content=\"2025-09-12T11:18:11+00:00\" \/>\n<meta property=\"og:image\" content=\"https:\/\/www.4h.se\/akalla\/wp-content\/uploads\/sites\/109\/2023\/10\/FB_IMG_1696241539645.jpg\" \/>\n\t<meta property=\"og:image:width\" content=\"768\" \/>\n\t<meta property=\"og:image:height\" content=\"1024\" \/>\n\t<meta property=\"og:image:type\" content=\"image\/jpeg\" \/>\n<meta name=\"twitter:card\" content=\"summary_large_image\" \/>\n<script type=\"application\/ld+json\" class=\"yoast-schema-graph\">{\"@context\":\"https:\\\/\\\/schema.org\",\"@graph\":[{\"@type\":\"WebPage\",\"@id\":\"https:\\\/\\\/www.4h.se\\\/akalla\\\/spokjakt\\\/\",\"url\":\"https:\\\/\\\/www.4h.se\\\/akalla\\\/spokjakt\\\/\",\"name\":\"Sp\u00f6kjakt - Akalla 4H-g\u00e5rd\",\"isPartOf\":{\"@id\":\"https:\\\/\\\/www.4h.se\\\/akalla\\\/#website\"},\"primaryImageOfPage\":{\"@id\":\"https:\\\/\\\/www.4h.se\\\/akalla\\\/spokjakt\\\/#primaryimage\"},\"image\":{\"@id\":\"https:\\\/\\\/www.4h.se\\\/akalla\\\/spokjakt\\\/#primaryimage\"},\"thumbnailUrl\":\"https:\\\/\\\/www.4h.se\\\/akalla\\\/wp-content\\\/uploads\\\/sites\\\/109\\\/2023\\\/10\\\/FB_IMG_1696241539645.jpg\",\"datePublished\":\"2024-09-25T11:11:50+00:00\",\"dateModified\":\"2025-09-12T11:18:11+00:00\",\"breadcrumb\":{\"@id\":\"https:\\\/\\\/www.4h.se\\\/akalla\\\/spokjakt\\\/#breadcrumb\"},\"inLanguage\":\"sv-SE\",\"potentialAction\":[{\"@type\":\"ReadAction\",\"target\":[\"https:\\\/\\\/www.4h.se\\\/akalla\\\/spokjakt\\\/\"]}]},{\"@type\":\"ImageObject\",\"inLanguage\":\"sv-SE\",\"@id\":\"https:\\\/\\\/www.4h.se\\\/akalla\\\/spokjakt\\\/#primaryimage\",\"url\":\"https:\\\/\\\/www.4h.se\\\/akalla\\\/wp-content\\\/uploads\\\/sites\\\/109\\\/2023\\\/10\\\/FB_IMG_1696241539645.jpg\",\"contentUrl\":\"https:\\\/\\\/www.4h.se\\\/akalla\\\/wp-content\\\/uploads\\\/sites\\\/109\\\/2023\\\/10\\\/FB_IMG_1696241539645.jpg\",\"width\":768,\"height\":1024},{\"@type\":\"BreadcrumbList\",\"@id\":\"https:\\\/\\\/www.4h.se\\\/akalla\\\/spokjakt\\\/#breadcrumb\",\"itemListElement\":[{\"@type\":\"ListItem\",\"position\":1,\"name\":\"Hem\",\"item\":\"https:\\\/\\\/www.4h.se\\\/akalla\\\/\"},{\"@type\":\"ListItem\",\"position\":2,\"name\":\"Sp\u00f6kjakt\"}]},{\"@type\":\"WebSite\",\"@id\":\"https:\\\/\\\/www.4h.se\\\/akalla\\\/#website\",\"url\":\"https:\\\/\\\/www.4h.se\\\/akalla\\\/\",\"name\":\"Akalla 4H-g\u00e5rd\",\"description\":\"L\u00e4ra genom att g\u00f6ra\",\"potentialAction\":[{\"@type\":\"SearchAction\",\"target\":{\"@type\":\"EntryPoint\",\"urlTemplate\":\"https:\\\/\\\/www.4h.se\\\/akalla\\\/?s={search_term_string}\"},\"query-input\":{\"@type\":\"PropertyValueSpecification\",\"valueRequired\":true,\"valueName\":\"search_term_string\"}}],\"inLanguage\":\"sv-SE\"}]}<\/script>\n<!-- \/ Yoast SEO plugin. -->","yoast_head_json":{"title":"Sp\u00f6kjakt - Akalla 4H-g\u00e5rd","robots":{"index":"index","follow":"follow","max-snippet":"max-snippet:-1","max-image-preview":"max-image-preview:large","max-video-preview":"max-video-preview:-1"},"canonical":"https:\/\/www.4h.se\/akalla\/spokjakt\/","og_locale":"sv_SE","og_type":"article","og_title":"Sp\u00f6kjakt - Akalla 4H-g\u00e5rd","og_description":"[vc_row][vc_column][vc_column_text css=&#8221;&#8221;] Sp\u00f6kjakt 2025 [\/vc_column_text][vc_column_text css=&#8221;&#8221;] V\u00e4lkommen till \u00e5rets sp\u00f6kjakt! Tillsammans \u00e5ker vi h\u00e4st och vagn till sp\u00f6kskogen och letar efter sp\u00f6ken. Dag: 25\/10 Tid: 17.30-20:00 Under f\u00f6rsta halvtimmen \u00e4r det fortfarande ljust ute s\u00e5 om man har sm\u00e5 barn rekommenderas den. Alla som bokar sp\u00f6kjakt blir tilldelad en tid d\u00e4r dom ska vara h\u00e4r&nbsp; &hellip; Read more","og_url":"https:\/\/www.4h.se\/akalla\/spokjakt\/","og_site_name":"Akalla 4H-g\u00e5rd","article_modified_time":"2025-09-12T11:18:11+00:00","og_image":[{"width":768,"height":1024,"url":"https:\/\/www.4h.se\/akalla\/wp-content\/uploads\/sites\/109\/2023\/10\/FB_IMG_1696241539645.jpg","type":"image\/jpeg"}],"twitter_card":"summary_large_image","schema":{"@context":"https:\/\/schema.org","@graph":[{"@type":"WebPage","@id":"https:\/\/www.4h.se\/akalla\/spokjakt\/","url":"https:\/\/www.4h.se\/akalla\/spokjakt\/","name":"Sp\u00f6kjakt - Akalla 4H-g\u00e5rd","isPartOf":{"@id":"https:\/\/www.4h.se\/akalla\/#website"},"primaryImageOfPage":{"@id":"https:\/\/www.4h.se\/akalla\/spokjakt\/#primaryimage"},"image":{"@id":"https:\/\/www.4h.se\/akalla\/spokjakt\/#primaryimage"},"thumbnailUrl":"https:\/\/www.4h.se\/akalla\/wp-content\/uploads\/sites\/109\/2023\/10\/FB_IMG_1696241539645.jpg","datePublished":"2024-09-25T11:11:50+00:00","dateModified":"2025-09-12T11:18:11+00:00","breadcrumb":{"@id":"https:\/\/www.4h.se\/akalla\/spokjakt\/#breadcrumb"},"inLanguage":"sv-SE","potentialAction":[{"@type":"ReadAction","target":["https:\/\/www.4h.se\/akalla\/spokjakt\/"]}]},{"@type":"ImageObject","inLanguage":"sv-SE","@id":"https:\/\/www.4h.se\/akalla\/spokjakt\/#primaryimage","url":"https:\/\/www.4h.se\/akalla\/wp-content\/uploads\/sites\/109\/2023\/10\/FB_IMG_1696241539645.jpg","contentUrl":"https:\/\/www.4h.se\/akalla\/wp-content\/uploads\/sites\/109\/2023\/10\/FB_IMG_1696241539645.jpg","width":768,"height":1024},{"@type":"BreadcrumbList","@id":"https:\/\/www.4h.se\/akalla\/spokjakt\/#breadcrumb","itemListElement":[{"@type":"ListItem","position":1,"name":"Hem","item":"https:\/\/www.4h.se\/akalla\/"},{"@type":"ListItem","position":2,"name":"Sp\u00f6kjakt"}]},{"@type":"WebSite","@id":"https:\/\/www.4h.se\/akalla\/#website","url":"https:\/\/www.4h.se\/akalla\/","name":"Akalla 4H-g\u00e5rd","description":"L\u00e4ra genom att g\u00f6ra","potentialAction":[{"@type":"SearchAction","target":{"@type":"EntryPoint","urlTemplate":"https:\/\/www.4h.se\/akalla\/?s={search_term_string}"},"query-input":{"@type":"PropertyValueSpecification","valueRequired":true,"valueName":"search_term_string"}}],"inLanguage":"sv-SE"}]}},"_links":{"self":[{"href":"https:\/\/www.4h.se\/akalla\/wp-json\/wp\/v2\/pages\/700","targetHints":{"allow":["GET"]}}],"collection":[{"href":"https:\/\/www.4h.se\/akalla\/wp-json\/wp\/v2\/pages"}],"about":[{"href":"https:\/\/www.4h.se\/akalla\/wp-json\/wp\/v2\/types\/page"}],"author":[{"embeddable":true,"href":"https:\/\/www.4h.se\/akalla\/wp-json\/wp\/v2\/users\/158"}],"replies":[{"embeddable":true,"href":"https:\/\/www.4h.se\/akalla\/wp-json\/wp\/v2\/comments?post=700"}],"version-history":[{"count":0,"href":"https:\/\/www.4h.se\/akalla\/wp-json\/wp\/v2\/pages\/700\/revisions"}],"wp:attachment":[{"href":"https:\/\/www.4h.se\/akalla\/wp-json\/wp\/v2\/media?parent=700"}],"curies":[{"name":"wp","href":"https:\/\/api.w.org\/{rel}","templated":true}]}}