



{"id":683,"date":"2024-09-04T10:20:55","date_gmt":"2024-09-04T08:20:55","guid":{"rendered":"https:\/\/www.4h.se\/akalla\/?page_id=683"},"modified":"2024-09-04T10:29:38","modified_gmt":"2024-09-04T08:29:38","slug":"kretsloppsbesok","status":"publish","type":"page","link":"https:\/\/www.4h.se\/akalla\/kretsloppsbesok\/","title":{"rendered":"Kretsloppsbes\u00f6k f\u00f6r J\u00e4rva"},"content":{"rendered":"<div class=\"wpb-content-wrapper\"><p>[vc_row][vc_column width=&#8221;1\/2&#8243;][vc_row_inner][vc_column_inner][vc_column_text css=&#8221;&#8221;]<\/p>\n<h2>Boka kretsloppsbes\u00f6k<\/h2>\n<p>[\/vc_column_text][\/vc_column_inner][\/vc_row_inner][vc_column_text css=&#8221;&#8221;]<div class=\"frm_forms  with_frm_style frm_style_formidable-style\" id=\"frm_form_17_container\" data-token=\"88d9f02926d0b339857eebfa90df9a30\">\n<form enctype=\"multipart\/form-data\" method=\"post\" class=\"frm-show-form \" id=\"form_kretslopp\" data-token=\"88d9f02926d0b339857eebfa90df9a30\">\n<div class=\"frm_form_fields \">\n<fieldset>\n<legend class=\"frm_screen_reader\">Kretslopp<\/legend>\r\n\r\n<div class=\"frm_fields_container\">\n<input type=\"hidden\" name=\"frm_action\" value=\"create\" \/>\n<input type=\"hidden\" name=\"form_id\" value=\"17\" \/>\n<input type=\"hidden\" name=\"frm_hide_fields_17\" id=\"frm_hide_fields_17\" value=\"\" \/>\n<input type=\"hidden\" name=\"form_key\" value=\"kretslopp\" \/>\n<input type=\"hidden\" name=\"item_meta[0]\" value=\"\" \/>\n<input type=\"hidden\" id=\"frm_submit_entry_17\" name=\"frm_submit_entry_17\" value=\"6c37f3d68b\" \/><input type=\"hidden\" name=\"_wp_http_referer\" value=\"\/akalla\/wp-json\/wp\/v2\/pages\/683\" \/><div id=\"frm_field_140_container\" class=\"frm_form_field form-field  frm_required_field frm_top_container\">\r\n\t<label for=\"field_xnb4j\" id=\"field_xnb4j_label\" class=\"frm_primary_label\">F\u00f6rskolansnamn\r\n\t\t<span class=\"frm_required\" aria-hidden=\"true\">*<\/span>\r\n\t<\/label>\r\n\t<input type=\"text\" id=\"field_xnb4j\" name=\"item_meta[140]\" value=\"\"  data-reqmsg=\"F\u00f6rskolansnamn kan inte vara tom.\" aria-required=\"true\" data-invmsg=\"F\u00f6rskolansnamn \u00e4r ogiltigt\" aria-invalid=\"false\"  \/>\r\n\t\r\n\t\r\n<\/div>\n<div id=\"frm_field_144_container\" class=\"frm_form_field form-field  frm_top_container\">\r\n\t<label for=\"field_7jg1f\" id=\"field_7jg1f_label\" class=\"frm_primary_label\">Avdelning\r\n\t\t<span class=\"frm_required\" aria-hidden=\"true\"><\/span>\r\n\t<\/label>\r\n\t<input type=\"text\" id=\"field_7jg1f\" name=\"item_meta[144]\" value=\"\"  data-invmsg=\"Avdelning \u00e4r ogiltigt\" aria-invalid=\"false\"  \/>\r\n\t\r\n\t\r\n<\/div>\n<div id=\"frm_field_142_container\" class=\"frm_form_field form-field  frm_required_field frm_top_container vertical_radio\">\r\n\t<div id=\"field_xlca2_label\" class=\"frm_primary_label\">Enhet\r\n\t\t<span class=\"frm_required\" aria-hidden=\"true\">*<\/span>\r\n\t<\/div>\r\n\t<div class=\"frm_opt_container\" role=\"group\">\t\t<div class=\"frm_checkbox\" id=\"frm_checkbox_142-0\">\t\t\t<label  for=\"field_xlca2-0\">\n\t\t\t<input type=\"checkbox\" name=\"item_meta[142][]\" id=\"field_xlca2-0\" value=\"Akalla F\u00f6rskolor\"  data-reqmsg=\"Enhet kan inte vara tom.\" data-invmsg=\"Enhet \u00e4r ogiltigt\"   aria-required=\"true\"  \/> Akalla F\u00f6rskolor<\/label><\/div>\n\t\t<div class=\"frm_checkbox\" id=\"frm_checkbox_142-1\">\t\t\t<label  for=\"field_xlca2-1\">\n\t\t\t<input type=\"checkbox\" name=\"item_meta[142][]\" id=\"field_xlca2-1\" value=\"Husby F\u00f6rskolor\"  data-reqmsg=\"Enhet kan inte vara tom.\" data-invmsg=\"Enhet \u00e4r ogiltigt\"   \/> Husby F\u00f6rskolor<\/label><\/div>\n\t\t<div class=\"frm_checkbox\" id=\"frm_checkbox_142-2\">\t\t\t<label  for=\"field_xlca2-2\">\n\t\t\t<input type=\"checkbox\" name=\"item_meta[142][]\" id=\"field_xlca2-2\" value=\"Kista s\u00f6dra F\u00f6rskolor\"  data-reqmsg=\"Enhet kan inte vara tom.\" data-invmsg=\"Enhet \u00e4r ogiltigt\"   \/> Kista s\u00f6dra F\u00f6rskolor<\/label><\/div>\n\t\t<div class=\"frm_checkbox\" id=\"frm_checkbox_142-3\">\t\t\t<label  for=\"field_xlca2-3\">\n\t\t\t<input type=\"checkbox\" name=\"item_meta[142][]\" id=\"field_xlca2-3\" value=\"Kista norra F\u00f6rskolor\"  data-reqmsg=\"Enhet kan inte vara tom.\" data-invmsg=\"Enhet \u00e4r ogiltigt\"   \/> Kista norra F\u00f6rskolor<\/label><\/div>\n\t\t<div class=\"frm_checkbox\" id=\"frm_checkbox_142-4\">\t\t\t<label  for=\"field_xlca2-4\">\n\t\t\t<input type=\"checkbox\" name=\"item_meta[142][]\" id=\"field_xlca2-4\" value=\"Rinkeby \u00d6stra F\u00f6rskolor\"  data-reqmsg=\"Enhet kan inte vara tom.\" data-invmsg=\"Enhet \u00e4r ogiltigt\"   \/> Rinkeby \u00d6stra F\u00f6rskolor<\/label><\/div>\n\t\t<div class=\"frm_checkbox\" id=\"frm_checkbox_142-5\">\t\t\t<label  for=\"field_xlca2-5\">\n\t\t\t<input type=\"checkbox\" name=\"item_meta[142][]\" id=\"field_xlca2-5\" value=\"Rinkeby V\u00e4stra F\u00f6rskolor\"  data-reqmsg=\"Enhet kan inte vara tom.\" data-invmsg=\"Enhet \u00e4r ogiltigt\"   \/> Rinkeby V\u00e4stra F\u00f6rskolor<\/label><\/div>\n\t\t<div class=\"frm_checkbox\" id=\"frm_checkbox_142-6\">\t\t\t<label  for=\"field_xlca2-6\">\n\t\t\t<input type=\"checkbox\" name=\"item_meta[142][]\" id=\"field_xlca2-6\" value=\"Solhem-Flysta F\u00f6rskolor\"  data-reqmsg=\"Enhet kan inte vara tom.\" data-invmsg=\"Enhet \u00e4r ogiltigt\"   \/> Solhem-Flysta F\u00f6rskolor<\/label><\/div>\n\t\t<div class=\"frm_checkbox\" id=\"frm_checkbox_142-7\">\t\t\t<label  for=\"field_xlca2-7\">\n\t\t\t<input type=\"checkbox\" name=\"item_meta[142][]\" id=\"field_xlca2-7\" value=\"Centrala Sp\u00e5nga-Tensta F\u00f6rskolor\"  data-reqmsg=\"Enhet kan inte vara tom.\" data-invmsg=\"Enhet \u00e4r ogiltigt\"   \/> Centrala Sp\u00e5nga-Tensta F\u00f6rskolor<\/label><\/div>\n\t\t<div class=\"frm_checkbox\" id=\"frm_checkbox_142-8\">\t\t\t<label  for=\"field_xlca2-8\">\n\t\t\t<input type=\"checkbox\" name=\"item_meta[142][]\" id=\"field_xlca2-8\" value=\"\u00d6stra Tensta F\u00f6rskolor\"  data-reqmsg=\"Enhet kan inte vara tom.\" data-invmsg=\"Enhet \u00e4r ogiltigt\"   \/> \u00d6stra Tensta F\u00f6rskolor<\/label><\/div>\n\t\t<div class=\"frm_checkbox\" id=\"frm_checkbox_142-9\">\t\t\t<label  for=\"field_xlca2-9\">\n\t\t\t<input type=\"checkbox\" name=\"item_meta[142][]\" id=\"field_xlca2-9\" value=\"Sundby-Bromsten F\u00f6rskolor\"  data-reqmsg=\"Enhet kan inte vara tom.\" data-invmsg=\"Enhet \u00e4r ogiltigt\"   \/> Sundby-Bromsten F\u00f6rskolor<\/label><\/div>\n\t\t<div class=\"frm_checkbox\" id=\"frm_checkbox_142-10\">\t\t\t<label  for=\"field_xlca2-10\">\n\t\t\t<input type=\"checkbox\" name=\"item_meta[142][]\" id=\"field_xlca2-10\" value=\"Privat f\u00f6rskola eller Kooperativ\"  data-reqmsg=\"Enhet kan inte vara tom.\" data-invmsg=\"Enhet \u00e4r ogiltigt\"   \/> Privat f\u00f6rskola eller Kooperativ<\/label><\/div>\n<\/div>\r\n\t\r\n\t\r\n<\/div>\n<div id=\"frm_field_145_container\" class=\"frm_form_field form-field  frm_required_field frm_top_container\">\r\n\t<label for=\"field_pqvyl\" id=\"field_pqvyl_label\" class=\"frm_primary_label\">Kontaktperson\r\n\t\t<span class=\"frm_required\" aria-hidden=\"true\">*<\/span>\r\n\t<\/label>\r\n\t<input type=\"text\" id=\"field_pqvyl\" name=\"item_meta[145]\" value=\"\"  data-reqmsg=\"Kontaktperson kan inte vara tom.\" aria-required=\"true\" data-invmsg=\"Kontaktperson \u00e4r ogiltigt\" aria-invalid=\"false\"  \/>\r\n\t\r\n\t\r\n<\/div>\n<div id=\"frm_field_149_container\" class=\"frm_form_field form-field  frm_required_field frm_top_container\">\r\n\t<label for=\"field_bjjol\" id=\"field_bjjol_label\" class=\"frm_primary_label\">E-post\r\n\t\t<span class=\"frm_required\" aria-hidden=\"true\">*<\/span>\r\n\t<\/label>\r\n\t<input type=\"email\" id=\"field_bjjol\" name=\"item_meta[149]\" value=\"\"  data-reqmsg=\"E-post kan inte vara tom.\" aria-required=\"true\" data-invmsg=\"E-post \u00e4r ogiltigt\" aria-invalid=\"false\"  \/>\r\n\t\r\n\t\r\n<\/div>\n<div id=\"frm_field_148_container\" class=\"frm_form_field form-field  frm_required_field frm_top_container\">\r\n\t<label for=\"field_ldimc\" id=\"field_ldimc_label\" class=\"frm_primary_label\">Telefon\r\n\t\t<span class=\"frm_required\" aria-hidden=\"true\">*<\/span>\r\n\t<\/label>\r\n\t<input type=\"tel\" id=\"field_ldimc\" name=\"item_meta[148]\" value=\"\"  data-reqmsg=\"Telefon kan inte vara tom.\" aria-required=\"true\" data-invmsg=\"Telefon \u00e4r ogiltigt\" aria-invalid=\"false\" pattern=\"((\\+\\d{1,3}(-|.| )?\\(?\\d\\)?(-| |.)?\\d{1,5})|(\\(?\\d{2,6}\\)?))(-|.| )?(\\d{3,4})(-|.| )?(\\d{4})(( x| ext)\\d{1,5}){0,1}$\"  \/>\r\n\t\r\n\t\r\n<\/div>\n<div id=\"frm_field_146_container\" class=\"frm_form_field form-field  frm_top_container frm6\">\r\n\t<label for=\"field_ih2d1\" id=\"field_ih2d1_label\" class=\"frm_primary_label\">F\u00f6rslag p\u00e5 datum\r\n\t\t<span class=\"frm_required\" aria-hidden=\"true\"><\/span>\r\n\t<\/label>\r\n\t<input type=\"text\" id=\"field_ih2d1\" name=\"item_meta[146]\" value=\"\"  data-invmsg=\"F\u00f6rslag p\u00e5 datum \u00e4r ogiltigt\" aria-invalid=\"false\"  \/>\r\n\t\r\n\t\r\n<\/div>\n<div id=\"frm_field_150_container\" class=\"frm_form_field form-field  frm_required_field frm_top_container\">\r\n\t<label for=\"field_jdmof\" id=\"field_jdmof_label\" class=\"frm_primary_label\">Antal barn\r\n\t\t<span class=\"frm_required\" aria-hidden=\"true\">*<\/span>\r\n\t<\/label>\r\n\t<input type=\"text\" id=\"field_jdmof\" name=\"item_meta[150]\" value=\"\"  data-reqmsg=\"Antal barn kan inte vara tom.\" aria-required=\"true\" data-invmsg=\"Antal barn \u00e4r ogiltigt\" aria-invalid=\"false\"   aria-describedby=\"frm_desc_field_jdmof\"\/>\r\n\t<div class=\"frm_description\" id=\"frm_desc_field_jdmof\">Vi tar emot max 10 barn per kretsloppsbes\u00f6k. Vid fler \u00e4n 10 barn bokas tv\u00e5 bes\u00f6k<\/div>\r\n\t\r\n<\/div>\n<div id=\"frm_field_152_container\" class=\"frm_form_field form-field  frm_top_container\">\r\n\t<label for=\"field_k5zf2\" id=\"field_k5zf2_label\" class=\"frm_primary_label\">\u00d6vriga fr\u00e5gor\r\n\t\t<span class=\"frm_required\" aria-hidden=\"true\"><\/span>\r\n\t<\/label>\r\n\t<textarea name=\"item_meta[152]\" id=\"field_k5zf2\" rows=\"5\"  data-invmsg=\"\u00d6vriga fr\u00e5gor \u00e4r ogiltigt\" aria-invalid=\"false\"  ><\/textarea>\r\n\t\r\n\t\r\n<\/div>\n<div id=\"frm_field_139_container\" class=\"frm_form_field form-field \">\r\n\t<div class=\"frm_submit frm_flex\">\r\n<button class=\"frm_button_submit\" type=\"submit\" >Skicka<\/button>\r\n\r\n\r\n\r\n<\/div>\r\n<\/div>\n\t<input type=\"hidden\" name=\"item_key\" value=\"\" \/>\n\t\t\t<div id=\"frm_field_201_container\">\n\t\t\t<label for=\"field_btgyh\" >\n\t\t\t\tOm du \u00e4r m\u00e4nsklig, l\u00e4mna det h\u00e4r f\u00e4ltet tomt.\t\t\t<\/label>\n\t\t\t<input  id=\"field_btgyh\" type=\"text\" class=\"frm_form_field form-field frm_verify\" name=\"item_meta[201]\" value=\"\"  \/>\n\t\t<\/div>\n\t\t<input name=\"frm_state\" type=\"hidden\" value=\"Wut2xnMqxSN0ij7rSERy8mMdUfUFcZHTdg\/3zTCjtbw=\" \/><\/div>\n<\/fieldset>\n<\/div>\n\n<\/form>\n<\/div>\n[\/vc_column_text][\/vc_column][vc_column width=&#8221;1\/2&#8243;][vc_column_text css=&#8221;&#8221;]<img loading=\"lazy\" decoding=\"async\" class=\"alignnone wp-image-686\" src=\"https:\/\/www.4h.se\/akalla\/wp-content\/uploads\/sites\/109\/2024\/09\/kretsloppssamling-576x1024.jpg\" alt=\"\" width=\"269\" height=\"478\" srcset=\"https:\/\/www.4h.se\/akalla\/wp-content\/uploads\/sites\/109\/2024\/09\/kretsloppssamling-576x1024.jpg 576w, https:\/\/www.4h.se\/akalla\/wp-content\/uploads\/sites\/109\/2024\/09\/kretsloppssamling-169x300.jpg 169w, https:\/\/www.4h.se\/akalla\/wp-content\/uploads\/sites\/109\/2024\/09\/kretsloppssamling-84x150.jpg 84w, https:\/\/www.4h.se\/akalla\/wp-content\/uploads\/sites\/109\/2024\/09\/kretsloppssamling-768x1365.jpg 768w, https:\/\/www.4h.se\/akalla\/wp-content\/uploads\/sites\/109\/2024\/09\/kretsloppssamling-864x1536.jpg 864w, https:\/\/www.4h.se\/akalla\/wp-content\/uploads\/sites\/109\/2024\/09\/kretsloppssamling-1152x2048.jpg 1152w, https:\/\/www.4h.se\/akalla\/wp-content\/uploads\/sites\/109\/2024\/09\/kretsloppssamling-scaled.jpg 1440w\" sizes=\"auto, (max-width: 269px) 100vw, 269px\" \/>[\/vc_column_text][\/vc_column][\/vc_row]<\/p>\n<\/div>","protected":false},"excerpt":{"rendered":"<p>[vc_row][vc_column width=&#8221;1\/2&#8243;][vc_row_inner][vc_column_inner][vc_column_text css=&#8221;&#8221;] Boka kretsloppsbes\u00f6k [\/vc_column_text][\/vc_column_inner][\/vc_row_inner][vc_column_text css=&#8221;&#8221;][\/vc_column_text][\/vc_column][vc_column width=&#8221;1\/2&#8243;][vc_column_text css=&#8221;&#8221;][\/vc_column_text][\/vc_column][\/vc_row]<\/p>\n","protected":false},"author":158,"featured_media":0,"parent":0,"menu_order":0,"comment_status":"closed","ping_status":"closed","template":"","meta":{"footnotes":""},"class_list":["post-683","page","type-page","status-publish","hentry"],"yoast_head":"<!-- This site is optimized with the Yoast SEO plugin v27.4 - https:\/\/yoast.com\/product\/yoast-seo-wordpress\/ -->\n<title>Kretsloppsbes\u00f6k f\u00f6r J\u00e4rva - Akalla 4H-g\u00e5rd<\/title>\n<meta name=\"robots\" content=\"index, follow, max-snippet:-1, max-image-preview:large, max-video-preview:-1\" \/>\n<link rel=\"canonical\" href=\"https:\/\/www.4h.se\/akalla\/kretsloppsbesok\/\" \/>\n<meta property=\"og:locale\" content=\"sv_SE\" \/>\n<meta property=\"og:type\" content=\"article\" \/>\n<meta property=\"og:title\" content=\"Kretsloppsbes\u00f6k f\u00f6r J\u00e4rva - Akalla 4H-g\u00e5rd\" \/>\n<meta property=\"og:description\" content=\"[vc_row][vc_column width=&#8221;1\/2&#8243;][vc_row_inner][vc_column_inner][vc_column_text css=&#8221;&#8221;] Boka kretsloppsbes\u00f6k [\/vc_column_text][\/vc_column_inner][\/vc_row_inner][vc_column_text css=&#8221;&#8221;][\/vc_column_text][\/vc_column][vc_column width=&#8221;1\/2&#8243;][vc_column_text css=&#8221;&#8221;][\/vc_column_text][\/vc_column][\/vc_row]\" \/>\n<meta property=\"og:url\" content=\"https:\/\/www.4h.se\/akalla\/kretsloppsbesok\/\" \/>\n<meta property=\"og:site_name\" content=\"Akalla 4H-g\u00e5rd\" \/>\n<meta property=\"article:modified_time\" content=\"2024-09-04T08:29:38+00:00\" \/>\n<meta property=\"og:image\" content=\"https:\/\/www.4h.se\/akalla\/wp-content\/uploads\/sites\/109\/2024\/09\/kretsloppssamling-576x1024.jpg\" \/>\n<meta name=\"twitter:card\" content=\"summary_large_image\" \/>\n<script type=\"application\/ld+json\" class=\"yoast-schema-graph\">{\"@context\":\"https:\\\/\\\/schema.org\",\"@graph\":[{\"@type\":\"WebPage\",\"@id\":\"https:\\\/\\\/www.4h.se\\\/akalla\\\/kretsloppsbesok\\\/\",\"url\":\"https:\\\/\\\/www.4h.se\\\/akalla\\\/kretsloppsbesok\\\/\",\"name\":\"Kretsloppsbes\u00f6k f\u00f6r J\u00e4rva - Akalla 4H-g\u00e5rd\",\"isPartOf\":{\"@id\":\"https:\\\/\\\/www.4h.se\\\/akalla\\\/#website\"},\"primaryImageOfPage\":{\"@id\":\"https:\\\/\\\/www.4h.se\\\/akalla\\\/kretsloppsbesok\\\/#primaryimage\"},\"image\":{\"@id\":\"https:\\\/\\\/www.4h.se\\\/akalla\\\/kretsloppsbesok\\\/#primaryimage\"},\"thumbnailUrl\":\"https:\\\/\\\/www.4h.se\\\/akalla\\\/wp-content\\\/uploads\\\/sites\\\/109\\\/2024\\\/09\\\/kretsloppssamling-576x1024.jpg\",\"datePublished\":\"2024-09-04T08:20:55+00:00\",\"dateModified\":\"2024-09-04T08:29:38+00:00\",\"breadcrumb\":{\"@id\":\"https:\\\/\\\/www.4h.se\\\/akalla\\\/kretsloppsbesok\\\/#breadcrumb\"},\"inLanguage\":\"sv-SE\",\"potentialAction\":[{\"@type\":\"ReadAction\",\"target\":[\"https:\\\/\\\/www.4h.se\\\/akalla\\\/kretsloppsbesok\\\/\"]}]},{\"@type\":\"ImageObject\",\"inLanguage\":\"sv-SE\",\"@id\":\"https:\\\/\\\/www.4h.se\\\/akalla\\\/kretsloppsbesok\\\/#primaryimage\",\"url\":\"https:\\\/\\\/www.4h.se\\\/akalla\\\/wp-content\\\/uploads\\\/sites\\\/109\\\/2024\\\/09\\\/kretsloppssamling-scaled.jpg\",\"contentUrl\":\"https:\\\/\\\/www.4h.se\\\/akalla\\\/wp-content\\\/uploads\\\/sites\\\/109\\\/2024\\\/09\\\/kretsloppssamling-scaled.jpg\",\"width\":1440,\"height\":2560},{\"@type\":\"BreadcrumbList\",\"@id\":\"https:\\\/\\\/www.4h.se\\\/akalla\\\/kretsloppsbesok\\\/#breadcrumb\",\"itemListElement\":[{\"@type\":\"ListItem\",\"position\":1,\"name\":\"Hem\",\"item\":\"https:\\\/\\\/www.4h.se\\\/akalla\\\/\"},{\"@type\":\"ListItem\",\"position\":2,\"name\":\"Kretsloppsbes\u00f6k f\u00f6r J\u00e4rva\"}]},{\"@type\":\"WebSite\",\"@id\":\"https:\\\/\\\/www.4h.se\\\/akalla\\\/#website\",\"url\":\"https:\\\/\\\/www.4h.se\\\/akalla\\\/\",\"name\":\"Akalla 4H-g\u00e5rd\",\"description\":\"L\u00e4ra genom att g\u00f6ra\",\"potentialAction\":[{\"@type\":\"SearchAction\",\"target\":{\"@type\":\"EntryPoint\",\"urlTemplate\":\"https:\\\/\\\/www.4h.se\\\/akalla\\\/?s={search_term_string}\"},\"query-input\":{\"@type\":\"PropertyValueSpecification\",\"valueRequired\":true,\"valueName\":\"search_term_string\"}}],\"inLanguage\":\"sv-SE\"}]}<\/script>\n<!-- \/ Yoast SEO plugin. -->","yoast_head_json":{"title":"Kretsloppsbes\u00f6k f\u00f6r J\u00e4rva - Akalla 4H-g\u00e5rd","robots":{"index":"index","follow":"follow","max-snippet":"max-snippet:-1","max-image-preview":"max-image-preview:large","max-video-preview":"max-video-preview:-1"},"canonical":"https:\/\/www.4h.se\/akalla\/kretsloppsbesok\/","og_locale":"sv_SE","og_type":"article","og_title":"Kretsloppsbes\u00f6k f\u00f6r J\u00e4rva - Akalla 4H-g\u00e5rd","og_description":"[vc_row][vc_column width=&#8221;1\/2&#8243;][vc_row_inner][vc_column_inner][vc_column_text css=&#8221;&#8221;] Boka kretsloppsbes\u00f6k [\/vc_column_text][\/vc_column_inner][\/vc_row_inner][vc_column_text css=&#8221;&#8221;][\/vc_column_text][\/vc_column][vc_column width=&#8221;1\/2&#8243;][vc_column_text css=&#8221;&#8221;][\/vc_column_text][\/vc_column][\/vc_row]","og_url":"https:\/\/www.4h.se\/akalla\/kretsloppsbesok\/","og_site_name":"Akalla 4H-g\u00e5rd","article_modified_time":"2024-09-04T08:29:38+00:00","og_image":[{"url":"https:\/\/www.4h.se\/akalla\/wp-content\/uploads\/sites\/109\/2024\/09\/kretsloppssamling-576x1024.jpg","type":"","width":"","height":""}],"twitter_card":"summary_large_image","schema":{"@context":"https:\/\/schema.org","@graph":[{"@type":"WebPage","@id":"https:\/\/www.4h.se\/akalla\/kretsloppsbesok\/","url":"https:\/\/www.4h.se\/akalla\/kretsloppsbesok\/","name":"Kretsloppsbes\u00f6k f\u00f6r J\u00e4rva - Akalla 4H-g\u00e5rd","isPartOf":{"@id":"https:\/\/www.4h.se\/akalla\/#website"},"primaryImageOfPage":{"@id":"https:\/\/www.4h.se\/akalla\/kretsloppsbesok\/#primaryimage"},"image":{"@id":"https:\/\/www.4h.se\/akalla\/kretsloppsbesok\/#primaryimage"},"thumbnailUrl":"https:\/\/www.4h.se\/akalla\/wp-content\/uploads\/sites\/109\/2024\/09\/kretsloppssamling-576x1024.jpg","datePublished":"2024-09-04T08:20:55+00:00","dateModified":"2024-09-04T08:29:38+00:00","breadcrumb":{"@id":"https:\/\/www.4h.se\/akalla\/kretsloppsbesok\/#breadcrumb"},"inLanguage":"sv-SE","potentialAction":[{"@type":"ReadAction","target":["https:\/\/www.4h.se\/akalla\/kretsloppsbesok\/"]}]},{"@type":"ImageObject","inLanguage":"sv-SE","@id":"https:\/\/www.4h.se\/akalla\/kretsloppsbesok\/#primaryimage","url":"https:\/\/www.4h.se\/akalla\/wp-content\/uploads\/sites\/109\/2024\/09\/kretsloppssamling-scaled.jpg","contentUrl":"https:\/\/www.4h.se\/akalla\/wp-content\/uploads\/sites\/109\/2024\/09\/kretsloppssamling-scaled.jpg","width":1440,"height":2560},{"@type":"BreadcrumbList","@id":"https:\/\/www.4h.se\/akalla\/kretsloppsbesok\/#breadcrumb","itemListElement":[{"@type":"ListItem","position":1,"name":"Hem","item":"https:\/\/www.4h.se\/akalla\/"},{"@type":"ListItem","position":2,"name":"Kretsloppsbes\u00f6k f\u00f6r J\u00e4rva"}]},{"@type":"WebSite","@id":"https:\/\/www.4h.se\/akalla\/#website","url":"https:\/\/www.4h.se\/akalla\/","name":"Akalla 4H-g\u00e5rd","description":"L\u00e4ra genom att g\u00f6ra","potentialAction":[{"@type":"SearchAction","target":{"@type":"EntryPoint","urlTemplate":"https:\/\/www.4h.se\/akalla\/?s={search_term_string}"},"query-input":{"@type":"PropertyValueSpecification","valueRequired":true,"valueName":"search_term_string"}}],"inLanguage":"sv-SE"}]}},"_links":{"self":[{"href":"https:\/\/www.4h.se\/akalla\/wp-json\/wp\/v2\/pages\/683","targetHints":{"allow":["GET"]}}],"collection":[{"href":"https:\/\/www.4h.se\/akalla\/wp-json\/wp\/v2\/pages"}],"about":[{"href":"https:\/\/www.4h.se\/akalla\/wp-json\/wp\/v2\/types\/page"}],"author":[{"embeddable":true,"href":"https:\/\/www.4h.se\/akalla\/wp-json\/wp\/v2\/users\/158"}],"replies":[{"embeddable":true,"href":"https:\/\/www.4h.se\/akalla\/wp-json\/wp\/v2\/comments?post=683"}],"version-history":[{"count":0,"href":"https:\/\/www.4h.se\/akalla\/wp-json\/wp\/v2\/pages\/683\/revisions"}],"wp:attachment":[{"href":"https:\/\/www.4h.se\/akalla\/wp-json\/wp\/v2\/media?parent=683"}],"curies":[{"name":"wp","href":"https:\/\/api.w.org\/{rel}","templated":true}]}}