



{"id":662,"date":"2024-01-23T11:11:36","date_gmt":"2024-01-23T10:11:36","guid":{"rendered":"https:\/\/www.4h.se\/akalla\/?page_id=662"},"modified":"2025-02-04T10:25:34","modified_gmt":"2025-02-04T09:25:34","slug":"arrangemangsgruppen","status":"publish","type":"page","link":"https:\/\/www.4h.se\/akalla\/arrangemangsgruppen\/","title":{"rendered":"Arrangemangsgruppen"},"content":{"rendered":"<div class=\"wpb-content-wrapper\"><p>[vc_row][vc_column width=&#8221;1\/2&#8243;][vc_column_text css=&#8221;&#8221;]<\/p>\n<h3>ST\u00d6D ARRANGEMANGEN I AKALLA BY!<\/h3>\n<p><strong>Bli medlem i Arrangemangsgruppen Akalla By och betala in 100 kr f\u00f6r enskild person eller 100 kr f\u00f6r familj eller f\u00f6rening.<\/strong><br \/>\n<strong>P\u00e5 plusgiro: Nr 832 56 89-1<\/strong><br \/>\n<strong>GL\u00d6M EJ ATT MEDDELA NAMN OCH ADRES SAMT G\u00c4RNA E-MAIL-ADRESS!<\/strong><\/p>\n<p>Arrangemangsgruppen Akalla By har nu de senaste 24 \u00e5ren medverkat till att genomf\u00f6ra de traditionella arrangemangen i Akalla by.<\/p>\n<p>De arrangemang som Arrangemangsgruppen ansvarar f\u00f6r \u00e4r:<br \/>\nMidsommarfirande, H\u00f6stmarknad (H\u00f6stloppis) och Julmarknad.<br \/>\nDet mesta ekonomiska st\u00f6det f\u00e5r vi genom bidrag fr\u00e5n olika bostadsr\u00e4tts &amp; samf\u00e4llighetsf\u00f6reningar i Akalla, f\u00f6reningsbidrag fr\u00e5n Stadsdelsn\u00e4mnden och medlemsavgifter fr\u00e5n er.<br \/>\nUnder 2024 kunde vi arrangera Midsommarfirande, H\u00f6stloppis och Julmarknad samt Kista SC arrangerade Valborg och Nationaldagen.<\/p>\n<p>Vi beh\u00f6ver \u00e4ven ert fortsatta st\u00f6d och support!<br \/>\nVisa att ni tycker att arrangemangen p\u00e5 Akalla By \u00e4r viktiga.<\/p>\n<p>Vi \u00e4r en ideell f\u00f6rening , org. nr 802412-1355, som g\u00e4rna ser fler som vill engagera och hj\u00e4lpa till, n\u00e4r det \u00e4r stora arrangemang i Akalla By. Vill ni vara med, fyll i formul\u00e4ret.<\/p>\n<p>Akalla 2024-01-10<br \/>\nJanne Bergman, Ordf.<br \/>\nArrangemangsgruppen Akalla By[\/vc_column_text][vc_column_text css=&#8221;&#8221;][\/vc_column_text][\/vc_column][vc_column width=&#8221;1\/2&#8243;][vc_column_text]<\/p>\n<h3>Anm\u00e4lnings formul\u00e4r:<\/h3>\n<div class=\"frm_forms  with_frm_style frm_style_formidable-style\" id=\"frm_form_16_container\" data-token=\"29d50503a7ce03aac7279c44ba34778a\">\n<form enctype=\"multipart\/form-data\" method=\"post\" class=\"frm-show-form \" id=\"form_arrangemangsgruppen\" data-token=\"29d50503a7ce03aac7279c44ba34778a\">\n<div class=\"frm_form_fields \">\n<fieldset>\n<legend class=\"frm_screen_reader\">Arrangemangsgruppen<\/legend>\r\n\r\n<div class=\"frm_fields_container\">\n<input type=\"hidden\" name=\"frm_action\" value=\"create\" \/>\n<input type=\"hidden\" name=\"form_id\" value=\"16\" \/>\n<input type=\"hidden\" name=\"frm_hide_fields_16\" id=\"frm_hide_fields_16\" value=\"\" \/>\n<input type=\"hidden\" name=\"form_key\" value=\"arrangemangsgruppen\" \/>\n<input type=\"hidden\" name=\"item_meta[0]\" value=\"\" \/>\n<input type=\"hidden\" id=\"frm_submit_entry_16\" name=\"frm_submit_entry_16\" value=\"52f5dbe88d\" \/><input type=\"hidden\" name=\"_wp_http_referer\" value=\"\/akalla\/wp-json\/wp\/v2\/pages\/662\" \/><div id=\"frm_field_131_container\" class=\"frm_form_field form-field  frm_required_field frm_top_container\">\r\n    <label for=\"field_i21ar\" id=\"field_i21ar_label\" class=\"frm_primary_label\">Namn\r\n        <span class=\"frm_required\" aria-hidden=\"true\">*<\/span>\r\n    <\/label>\r\n    <input type=\"text\" id=\"field_i21ar\" name=\"item_meta[131]\" value=\"\"  data-reqmsg=\"Namn kan inte vara tom.\" aria-required=\"true\" data-invmsg=\"Text \u00e4r ogiltigt\" aria-invalid=\"false\"  \/>\r\n    \r\n    \r\n<\/div>\n<div id=\"frm_field_130_container\" class=\"frm_form_field form-field  frm_required_field frm_top_container\">\r\n    <label for=\"field_5rq3e\" id=\"field_5rq3e_label\" class=\"frm_primary_label\">E-post\r\n        <span class=\"frm_required\" aria-hidden=\"true\">*<\/span>\r\n    <\/label>\r\n    <input type=\"email\" id=\"field_5rq3e\" name=\"item_meta[130]\" value=\"\"  data-reqmsg=\"E-post kan inte vara tom.\" aria-required=\"true\" data-invmsg=\"E-post \u00e4r ogiltigt\" aria-invalid=\"false\"  \/>\r\n    \r\n    \r\n<\/div>\n<div id=\"frm_field_133_container\" class=\"frm_form_field form-field  frm_top_container vertical_radio\">\r\n    <div id=\"field_nn2ag_label\" class=\"frm_primary_label\">Vilka\/vilket evenemang kan du hj\u00e4lpa till p\u00e5:\r\n        <span class=\"frm_required\" aria-hidden=\"true\"><\/span>\r\n    <\/div>\r\n    <div class=\"frm_opt_container\" role=\"group\">\t\t<div class=\"frm_checkbox\" id=\"frm_checkbox_133-0\">\t\t\t<label  for=\"field_nn2ag-0\">\n\t\t\t<input type=\"checkbox\" name=\"item_meta[133][]\" id=\"field_nn2ag-0\" value=\"Midsommar\"  data-invmsg=\"Vilka\/vilket evenemang kan du hj\u00e4lpa till p\u00e5: \u00e4r ogiltigt\"   \/> Midsommar<\/label><\/div>\n\t\t<div class=\"frm_checkbox\" id=\"frm_checkbox_133-1\">\t\t\t<label  for=\"field_nn2ag-1\">\n\t\t\t<input type=\"checkbox\" name=\"item_meta[133][]\" id=\"field_nn2ag-1\" value=\"H\u00f6stmarknad\"  data-invmsg=\"Vilka\/vilket evenemang kan du hj\u00e4lpa till p\u00e5: \u00e4r ogiltigt\"   \/> H\u00f6stmarknad<\/label><\/div>\n\t\t<div class=\"frm_checkbox\" id=\"frm_checkbox_133-2\">\t\t\t<label  for=\"field_nn2ag-2\">\n\t\t\t<input type=\"checkbox\" name=\"item_meta[133][]\" id=\"field_nn2ag-2\" value=\"Julmarknad\"  data-invmsg=\"Vilka\/vilket evenemang kan du hj\u00e4lpa till p\u00e5: \u00e4r ogiltigt\"   \/> Julmarknad<\/label><\/div>\n<\/div>\r\n    \r\n    \r\n<\/div>\n<div id=\"frm_field_134_container\" class=\"frm_form_field form-field  frm_top_container vertical_radio\">\r\n    <div id=\"field_pn3mr_label\" class=\"frm_primary_label\">Har du erfarenhet att sk\u00f6ta ljudanl\u00e4ggning?\r\n        <span class=\"frm_required\" aria-hidden=\"true\"><\/span>\r\n    <\/div>\r\n    <div class=\"frm_opt_container\" role=\"group\">\t\t<div class=\"frm_checkbox\" id=\"frm_checkbox_134-0\">\t\t\t<label  for=\"field_pn3mr-0\">\n\t\t\t<input type=\"checkbox\" name=\"item_meta[134][]\" id=\"field_pn3mr-0\" value=\"Ja\"  data-invmsg=\"Har du erfarenhet att sk\u00f6ta ljudanl\u00e4ggning? \u00e4r ogiltigt\"   \/> Ja<\/label><\/div>\n\t\t<div class=\"frm_checkbox\" id=\"frm_checkbox_134-1\">\t\t\t<label  for=\"field_pn3mr-1\">\n\t\t\t<input type=\"checkbox\" name=\"item_meta[134][]\" id=\"field_pn3mr-1\" value=\"Nej\"  data-invmsg=\"Har du erfarenhet att sk\u00f6ta ljudanl\u00e4ggning? \u00e4r ogiltigt\"   \/> Nej<\/label><\/div>\n<\/div>\r\n    \r\n    \r\n<\/div>\n<div id=\"frm_field_135_container\" class=\"frm_form_field form-field  frm_top_container\">\r\n    <label for=\"field_hdxjp\" id=\"field_hdxjp_label\" class=\"frm_primary_label\">Fr\u00e5gor\r\n        <span class=\"frm_required\" aria-hidden=\"true\"><\/span>\r\n    <\/label>\r\n    <input type=\"text\" id=\"field_hdxjp\" name=\"item_meta[135]\" value=\"\"  data-invmsg=\"Text \u00e4r ogiltigt\" aria-invalid=\"false\"  \/>\r\n    \r\n    \r\n<\/div>\n\t<input type=\"hidden\" name=\"item_key\" value=\"\" \/>\n\t\t\t<div id=\"frm_field_201_container\">\n\t\t\t<label for=\"field_4yypv\" >\n\t\t\t\tOm du \u00e4r m\u00e4nsklig, l\u00e4mna det h\u00e4r f\u00e4ltet tomt.\t\t\t<\/label>\n\t\t\t<input  id=\"field_4yypv\" type=\"text\" class=\"frm_form_field form-field frm_verify\" name=\"item_meta[201]\" value=\"\"  \/>\n\t\t<\/div>\n\t\t<input name=\"frm_state\" type=\"hidden\" value=\"Wut2xnMqxSN0ij7rSERy8mMdUfUFcZHTdg\/3zTCjtbw=\" \/><div class=\"frm_submit frm_flex\">\r\n<button class=\"frm_button_submit\" type=\"submit\" >Skicka<\/button>\r\n\r\n\r\n\r\n<\/div><\/div>\n<\/fieldset>\n<\/div>\n\n<\/form>\n<\/div>\n[\/vc_column_text][\/vc_column][\/vc_row]<\/p>\n<\/div>","protected":false},"excerpt":{"rendered":"<p>[vc_row][vc_column width=&#8221;1\/2&#8243;][vc_column_text css=&#8221;&#8221;] ST\u00d6D ARRANGEMANGEN I AKALLA BY! Bli medlem i Arrangemangsgruppen Akalla By och betala in 100 kr f\u00f6r enskild person eller 100 kr f\u00f6r familj eller f\u00f6rening. P\u00e5 plusgiro: Nr 832 56 89-1 GL\u00d6M EJ ATT MEDDELA NAMN OCH ADRES SAMT G\u00c4RNA E-MAIL-ADRESS! Arrangemangsgruppen Akalla By har nu de senaste 24 \u00e5ren medverkat&nbsp; <a href=\"https:\/\/www.4h.se\/akalla\/arrangemangsgruppen\/\">&hellip; Read more <i class=\"glyphicon glyphicon-arrow-right\"><\/i><\/a><\/p>\n","protected":false},"author":158,"featured_media":0,"parent":0,"menu_order":0,"comment_status":"closed","ping_status":"closed","template":"","meta":{"footnotes":""},"class_list":["post-662","page","type-page","status-publish","hentry"],"yoast_head":"<!-- This site is optimized with the Yoast SEO plugin v27.4 - https:\/\/yoast.com\/product\/yoast-seo-wordpress\/ -->\n<title>Arrangemangsgruppen - Akalla 4H-g\u00e5rd<\/title>\n<meta name=\"robots\" content=\"index, follow, max-snippet:-1, max-image-preview:large, max-video-preview:-1\" \/>\n<link rel=\"canonical\" href=\"https:\/\/www.4h.se\/akalla\/arrangemangsgruppen\/\" \/>\n<meta property=\"og:locale\" content=\"sv_SE\" \/>\n<meta property=\"og:type\" content=\"article\" \/>\n<meta property=\"og:title\" content=\"Arrangemangsgruppen - Akalla 4H-g\u00e5rd\" \/>\n<meta property=\"og:description\" content=\"[vc_row][vc_column width=&#8221;1\/2&#8243;][vc_column_text css=&#8221;&#8221;] ST\u00d6D ARRANGEMANGEN I AKALLA BY! Bli medlem i Arrangemangsgruppen Akalla By och betala in 100 kr f\u00f6r enskild person eller 100 kr f\u00f6r familj eller f\u00f6rening. P\u00e5 plusgiro: Nr 832 56 89-1 GL\u00d6M EJ ATT MEDDELA NAMN OCH ADRES SAMT G\u00c4RNA E-MAIL-ADRESS! Arrangemangsgruppen Akalla By har nu de senaste 24 \u00e5ren medverkat&nbsp; &hellip; Read more\" \/>\n<meta property=\"og:url\" content=\"https:\/\/www.4h.se\/akalla\/arrangemangsgruppen\/\" \/>\n<meta property=\"og:site_name\" content=\"Akalla 4H-g\u00e5rd\" \/>\n<meta property=\"article:modified_time\" content=\"2025-02-04T09:25:34+00:00\" \/>\n<meta name=\"twitter:card\" content=\"summary_large_image\" \/>\n<script type=\"application\/ld+json\" class=\"yoast-schema-graph\">{\"@context\":\"https:\\\/\\\/schema.org\",\"@graph\":[{\"@type\":\"WebPage\",\"@id\":\"https:\\\/\\\/www.4h.se\\\/akalla\\\/arrangemangsgruppen\\\/\",\"url\":\"https:\\\/\\\/www.4h.se\\\/akalla\\\/arrangemangsgruppen\\\/\",\"name\":\"Arrangemangsgruppen - Akalla 4H-g\u00e5rd\",\"isPartOf\":{\"@id\":\"https:\\\/\\\/www.4h.se\\\/akalla\\\/#website\"},\"datePublished\":\"2024-01-23T10:11:36+00:00\",\"dateModified\":\"2025-02-04T09:25:34+00:00\",\"breadcrumb\":{\"@id\":\"https:\\\/\\\/www.4h.se\\\/akalla\\\/arrangemangsgruppen\\\/#breadcrumb\"},\"inLanguage\":\"sv-SE\",\"potentialAction\":[{\"@type\":\"ReadAction\",\"target\":[\"https:\\\/\\\/www.4h.se\\\/akalla\\\/arrangemangsgruppen\\\/\"]}]},{\"@type\":\"BreadcrumbList\",\"@id\":\"https:\\\/\\\/www.4h.se\\\/akalla\\\/arrangemangsgruppen\\\/#breadcrumb\",\"itemListElement\":[{\"@type\":\"ListItem\",\"position\":1,\"name\":\"Hem\",\"item\":\"https:\\\/\\\/www.4h.se\\\/akalla\\\/\"},{\"@type\":\"ListItem\",\"position\":2,\"name\":\"Arrangemangsgruppen\"}]},{\"@type\":\"WebSite\",\"@id\":\"https:\\\/\\\/www.4h.se\\\/akalla\\\/#website\",\"url\":\"https:\\\/\\\/www.4h.se\\\/akalla\\\/\",\"name\":\"Akalla 4H-g\u00e5rd\",\"description\":\"L\u00e4ra genom att g\u00f6ra\",\"potentialAction\":[{\"@type\":\"SearchAction\",\"target\":{\"@type\":\"EntryPoint\",\"urlTemplate\":\"https:\\\/\\\/www.4h.se\\\/akalla\\\/?s={search_term_string}\"},\"query-input\":{\"@type\":\"PropertyValueSpecification\",\"valueRequired\":true,\"valueName\":\"search_term_string\"}}],\"inLanguage\":\"sv-SE\"}]}<\/script>\n<!-- \/ Yoast SEO plugin. -->","yoast_head_json":{"title":"Arrangemangsgruppen - Akalla 4H-g\u00e5rd","robots":{"index":"index","follow":"follow","max-snippet":"max-snippet:-1","max-image-preview":"max-image-preview:large","max-video-preview":"max-video-preview:-1"},"canonical":"https:\/\/www.4h.se\/akalla\/arrangemangsgruppen\/","og_locale":"sv_SE","og_type":"article","og_title":"Arrangemangsgruppen - Akalla 4H-g\u00e5rd","og_description":"[vc_row][vc_column width=&#8221;1\/2&#8243;][vc_column_text css=&#8221;&#8221;] ST\u00d6D ARRANGEMANGEN I AKALLA BY! Bli medlem i Arrangemangsgruppen Akalla By och betala in 100 kr f\u00f6r enskild person eller 100 kr f\u00f6r familj eller f\u00f6rening. P\u00e5 plusgiro: Nr 832 56 89-1 GL\u00d6M EJ ATT MEDDELA NAMN OCH ADRES SAMT G\u00c4RNA E-MAIL-ADRESS! Arrangemangsgruppen Akalla By har nu de senaste 24 \u00e5ren medverkat&nbsp; &hellip; Read more","og_url":"https:\/\/www.4h.se\/akalla\/arrangemangsgruppen\/","og_site_name":"Akalla 4H-g\u00e5rd","article_modified_time":"2025-02-04T09:25:34+00:00","twitter_card":"summary_large_image","schema":{"@context":"https:\/\/schema.org","@graph":[{"@type":"WebPage","@id":"https:\/\/www.4h.se\/akalla\/arrangemangsgruppen\/","url":"https:\/\/www.4h.se\/akalla\/arrangemangsgruppen\/","name":"Arrangemangsgruppen - Akalla 4H-g\u00e5rd","isPartOf":{"@id":"https:\/\/www.4h.se\/akalla\/#website"},"datePublished":"2024-01-23T10:11:36+00:00","dateModified":"2025-02-04T09:25:34+00:00","breadcrumb":{"@id":"https:\/\/www.4h.se\/akalla\/arrangemangsgruppen\/#breadcrumb"},"inLanguage":"sv-SE","potentialAction":[{"@type":"ReadAction","target":["https:\/\/www.4h.se\/akalla\/arrangemangsgruppen\/"]}]},{"@type":"BreadcrumbList","@id":"https:\/\/www.4h.se\/akalla\/arrangemangsgruppen\/#breadcrumb","itemListElement":[{"@type":"ListItem","position":1,"name":"Hem","item":"https:\/\/www.4h.se\/akalla\/"},{"@type":"ListItem","position":2,"name":"Arrangemangsgruppen"}]},{"@type":"WebSite","@id":"https:\/\/www.4h.se\/akalla\/#website","url":"https:\/\/www.4h.se\/akalla\/","name":"Akalla 4H-g\u00e5rd","description":"L\u00e4ra genom att g\u00f6ra","potentialAction":[{"@type":"SearchAction","target":{"@type":"EntryPoint","urlTemplate":"https:\/\/www.4h.se\/akalla\/?s={search_term_string}"},"query-input":{"@type":"PropertyValueSpecification","valueRequired":true,"valueName":"search_term_string"}}],"inLanguage":"sv-SE"}]}},"_links":{"self":[{"href":"https:\/\/www.4h.se\/akalla\/wp-json\/wp\/v2\/pages\/662","targetHints":{"allow":["GET"]}}],"collection":[{"href":"https:\/\/www.4h.se\/akalla\/wp-json\/wp\/v2\/pages"}],"about":[{"href":"https:\/\/www.4h.se\/akalla\/wp-json\/wp\/v2\/types\/page"}],"author":[{"embeddable":true,"href":"https:\/\/www.4h.se\/akalla\/wp-json\/wp\/v2\/users\/158"}],"replies":[{"embeddable":true,"href":"https:\/\/www.4h.se\/akalla\/wp-json\/wp\/v2\/comments?post=662"}],"version-history":[{"count":0,"href":"https:\/\/www.4h.se\/akalla\/wp-json\/wp\/v2\/pages\/662\/revisions"}],"wp:attachment":[{"href":"https:\/\/www.4h.se\/akalla\/wp-json\/wp\/v2\/media?parent=662"}],"curies":[{"name":"wp","href":"https:\/\/api.w.org\/{rel}","templated":true}]}}